{"id":100010,"date":"2019-01-30T11:31:27","date_gmt":"2019-01-30T11:31:27","guid":{"rendered":"https:\/\/dev.tg4.ie\/?page_id=100010"},"modified":"2019-06-25T14:46:56","modified_gmt":"2019-06-25T13:46:56","slug":"evanne-ni-chuilinn-launches-ar-gclub","status":"publish","type":"page","link":"https:\/\/dev.tg4.ie\/en\/information\/press\/press-releases\/2019-2\/evanne-ni-chuilinn-launches-ar-gclub\/","title":{"rendered":"Evanne N\u00ed Chuilinn launches &#8216;\u00c1r gCLUB&#8217;"},"content":{"rendered":"<p>Last night in the Kilmacud-Crokes Clubhouse in Dublin, well known sports presenter, Evanne N\u00ed Chuilinn, launched a new 7-part TV series that gives a unique insight into the families and communities involved in four very different GAA clubs as they\u00a0battle for honours and strive to survive the 2018 season. The series called <strong>&#8216;\u00c1r gClub&#8217;<\/strong> (Our Club), produced by <strong>Aniar<\/strong> for <strong>TG4<\/strong> will be broadcast from the 7th February. The clubs in question are:\u00a0<strong>Na Piarsaigh <\/strong>(Co. Galway)<strong>, Na D\u00fanaibh <\/strong>(Co. Donegal)<strong>, Cumann Caide na Gaeltachta <\/strong>(Co. Kerry) &amp;<strong> Kilmacud &#8211; Crokes <\/strong>(Dublin).<\/p>\n<p><strong>Begins:<\/strong> 07\/02\/19 @ 8pm<\/p>\n<p>#ClubTG4 @AniarTV<\/p>\n<p>Produced by Aniar for TG4<\/p>\n<p><strong>Watch a promo here:<\/strong>\u00a0<a href=\"https:\/\/grabyo.com\/g\/v\/H3Rnd0Fiqyc\" target=\"_blank\" rel=\"noopener noreferrer\">https:\/\/grabyo.com\/g\/v\/H3Rnd0Fiqyc<\/a><\/p>\n<p><strong><u>Overview of the series:<\/u><\/strong><\/p>\n<p><strong>With 2,500 clubs across Ireland, the GAA is the biggest, and perhaps the most important sports and cultural institution in the country. With a club in every parish the local club is the corner stone of the GAA and local communities. In this new series we tell the stories of four very different GAA clubs as they compete, battle for honours, and strive to survive the 2018 season. We join the communities and families of An Ghaeltacht in Kerry, Na Piarsaigh in Galway, Na D\u00fanaibh in Donegal agus Kilmacud Crokes in Dublin for the joys and the heartbreaks involved in supporting their home club.<\/strong><\/p>\n<p><strong>Programme 1:<\/strong> January 2018 and we follow the supporters of Cumann Caide na Gaeltachta to their All Ireland semi-final match against Moy T\u00edr na n\u00d3g from Tyrone, both clubs battling for a place in the final and to play in Croke Park. Back in Conamara the Liam McCarthy Cup arrives at na Piarsaigh clubhouse as the under 8 team begin their first training session of the season. At CLG Na nD\u00fanaibh preparations begin on and off the field as they will host the Com\u00f3rtas Peile na Gaeltachta finals in June. In Dublin a lack of playing pitches is proving to be a real problem for the Kilmacud Crokes GAA club.<\/p>\n<p><strong>Programme 2:<\/strong> In West Kerry teams from across the country arrive for the weekend to play in the annual Com\u00f3rtas Caide P\u00e1id\u00ed U\u00ed Sh\u00e9 which is organised by CLG na Gaeltachta and the \u00d3 S\u00e9 family. In Dublin we see the how the Kilmacud Crokes GAA club are promoting camogie in the area, the girls and parents of the u12 camogie team must manage rush hour traffic to make training.\u00a0 In Donegal, due to costs the members of CLG na nD\u00fanaibh take control of the construction of their new stand. In Connemara the manager of Na Piarsaigh ladies football team fears they may not be able to field a team, can the club survive?<\/p>\n<p><strong>Programme 3:<\/strong> The supporters of newly promoted &#8216;An Ghaeltacht&#8217; enjoy the build up to their first round senior championship match against county champions Dr. Crokes of Killarney. In Conamara, Na Piarsaigh ladies football team manage to field a team for their first match, but will it be enough to beat their local rivals. Kilmacud Crokes &amp; Dublin intercounty hurler Fergal Whitely discusses the &#8216;club versus county&#8217; debate as he does linesman for his club at a senior league match. As the Com\u00f3rtas Peile na Gaeltachta nears, hosts Na D\u00fanaibh welcome its returning emigrants as they come for the club\u2019s biggest day.<\/p>\n<p><strong>Programme 4:<\/strong> The Com\u00f3rtas Peile na Gaeltachta weekend has finally arrived for CLG na nD\u00fanaibh with club players, officials and supporters both excited and nervous in anticipation for the competition. With large numbers of visitors expected to arrive, the whole community takes huge pride in the improvement works which have been just completed on time. On the field both the men\u2019s and ladies teams begin to feel the local pressure to win the Com\u00f3rtas on their home pitch. The men\u2019s team have not won the competition since 1982 and the newly formed ladies team face an uphill battle if they are to upset the odds.<\/p>\n<p><strong>Programme 5:<\/strong> Late Summer in west Kerry and local farmers are busy harvesting before a vital championship match for An Ghaeltacht. A win for An Ghaeltacht will ensure their position in the senior ranks of Kerry football. In Dublin Fergal Whitely &amp; the hurlers of Kilmacud Crokes face the mighty task of having to defeat All Ireland champions Cuala if they are to book their spot in the county final for a 3rd year in a row. In Connemara we see how the underage teams of Na Piarsaigh are doing in their club\u2019s amalgamation with their neighbouring club and the ladies team look to win their first game of the season.<\/p>\n<p><strong>Programme 6:<\/strong> For the third year in a row the hurlers of Kilmacud Crokes have reached the Dublin senior county final. Having lost the two previous finals, they are determined not to lose. In West Kerry, and on the back of local fundraising An Ghaeltacht begin preparations for the 2019 Com\u00f3rtas Peile na Gaeltachta competition with the construction of a new football pitch. In Galway, Na Piarsaigh play an important underage final where they are hoping that this young crop of players can bolster their adult junior team which has been decimated by emigration.<\/p>\n<p><strong>Programme 7:<\/strong> In the final episode of the series we are with the clubs in the final weeks of the 2018 season. The hurlers and supporters of Kilmacud Crokes are nervously anticipating their Dublin senior county final replay. In West Kerry the supporters of An Ghaeltacht are also feeling the pressure as they play their Senior relegation final. After only one year back in the senior ranks they face relegation back to intermediate if they fail to win. In Galway, Na Piarsaigh ladies football team face a difficult choice as they battle to save their club, might this be their last year?<\/p>\n","protected":false},"excerpt":{"rendered":"<p>Last night in the Kilmacud-Crokes Clubhouse in Dublin, well known sports presenter, Evanne N\u00ed Chuilinn, launched a new 7-part TV series that gives a unique insight into the families and communities involved in four very different GAA clubs as they\u00a0battle for honours and strive to survive the 2018 season. The series called &#8216;\u00c1r gClub&#8217; (Our [&hellip;]<\/p>\n","protected":false},"author":876,"featured_media":100006,"parent":98832,"menu_order":5,"comment_status":"closed","ping_status":"closed","template":"page-templates\/template-pr.php","meta":{"_acf_changed":false,"footnotes":""},"acf":[],"yoast_head":"<!-- This site is optimized with the Yoast SEO plugin v22.6 - https:\/\/yoast.com\/wordpress\/plugins\/seo\/ -->\n<title>Evanne N\u00ed Chuilinn launches &#039;\u00c1r gCLUB&#039; - TG4<\/title>\n<meta name=\"robots\" content=\"index, follow, max-snippet:-1, max-image-preview:large, max-video-preview:-1\" \/>\n<meta property=\"og:locale\" content=\"en_US\" \/>\n<meta property=\"og:type\" content=\"article\" \/>\n<meta property=\"og:title\" content=\"Evanne N\u00ed Chuilinn launches &#039;\u00c1r gCLUB&#039; - TG4\" \/>\n<meta property=\"og:description\" content=\"Last night in the Kilmacud-Crokes Clubhouse in Dublin, well known sports presenter, Evanne N\u00ed Chuilinn, launched a new 7-part TV series that gives a unique insight into the families and communities involved in four very different GAA clubs as they\u00a0battle for honours and strive to survive the 2018 season. The series called &#8216;\u00c1r gClub&#8217; (Our [&hellip;]\" \/>\n<meta property=\"og:url\" content=\"https:\/\/dev.tg4.ie\/en\/information\/press\/press-releases\/2019-2\/evanne-ni-chuilinn-launches-ar-gclub\/\" \/>\n<meta property=\"og:site_name\" content=\"TG4\" \/>\n<meta property=\"article:publisher\" content=\"https:\/\/www.facebook.com\/TG4TV\" \/>\n<meta property=\"article:modified_time\" content=\"2019-06-25T13:46:56+00:00\" \/>\n<meta property=\"og:image\" content=\"https:\/\/tg4-docs.s3.amazonaws.com\/tg4-redesign-2015\/wp-content\/uploads\/2019\/01\/%C3%81r_gClub_Seoladh_1_1920x1080.jpg\" \/>\n\t<meta property=\"og:image:width\" content=\"1920\" \/>\n\t<meta property=\"og:image:height\" content=\"1080\" \/>\n\t<meta property=\"og:image:type\" content=\"image\/jpeg\" \/>\n<meta name=\"twitter:card\" content=\"summary_large_image\" \/>\n<meta name=\"twitter:site\" content=\"@TG4TV\" \/>\n<meta name=\"twitter:label1\" content=\"Est. reading time\" \/>\n\t<meta name=\"twitter:data1\" content=\"5 minutes\" \/>\n<script type=\"application\/ld+json\" class=\"yoast-schema-graph\">{\"@context\":\"https:\/\/schema.org\",\"@graph\":[{\"@type\":\"WebPage\",\"@id\":\"https:\/\/dev.tg4.ie\/en\/information\/press\/press-releases\/2019-2\/evanne-ni-chuilinn-launches-ar-gclub\/\",\"url\":\"https:\/\/dev.tg4.ie\/en\/information\/press\/press-releases\/2019-2\/evanne-ni-chuilinn-launches-ar-gclub\/\",\"name\":\"Evanne N\u00ed Chuilinn launches '\u00c1r gCLUB' - TG4\",\"isPartOf\":{\"@id\":\"https:\/\/dev.tg4.ie\/en\/#website\"},\"primaryImageOfPage\":{\"@id\":\"https:\/\/dev.tg4.ie\/en\/information\/press\/press-releases\/2019-2\/evanne-ni-chuilinn-launches-ar-gclub\/#primaryimage\"},\"image\":{\"@id\":\"https:\/\/dev.tg4.ie\/en\/information\/press\/press-releases\/2019-2\/evanne-ni-chuilinn-launches-ar-gclub\/#primaryimage\"},\"thumbnailUrl\":\"https:\/\/tg4-docs.s3.amazonaws.com\/tg4-redesign-2015\/wp-content\/uploads\/2019\/01\/%C3%81r_gClub_Seoladh_1_1920x1080.jpg\",\"datePublished\":\"2019-01-30T11:31:27+00:00\",\"dateModified\":\"2019-06-25T13:46:56+00:00\",\"breadcrumb\":{\"@id\":\"https:\/\/dev.tg4.ie\/en\/information\/press\/press-releases\/2019-2\/evanne-ni-chuilinn-launches-ar-gclub\/#breadcrumb\"},\"inLanguage\":\"en-ie\",\"potentialAction\":[{\"@type\":\"ReadAction\",\"target\":[\"https:\/\/dev.tg4.ie\/en\/information\/press\/press-releases\/2019-2\/evanne-ni-chuilinn-launches-ar-gclub\/\"]}]},{\"@type\":\"ImageObject\",\"inLanguage\":\"en-ie\",\"@id\":\"https:\/\/dev.tg4.ie\/en\/information\/press\/press-releases\/2019-2\/evanne-ni-chuilinn-launches-ar-gclub\/#primaryimage\",\"url\":\"https:\/\/tg4-docs.s3.amazonaws.com\/tg4-redesign-2015\/wp-content\/uploads\/2019\/01\/%C3%81r_gClub_Seoladh_1_1920x1080.jpg\",\"contentUrl\":\"https:\/\/tg4-docs.s3.amazonaws.com\/tg4-redesign-2015\/wp-content\/uploads\/2019\/01\/%C3%81r_gClub_Seoladh_1_1920x1080.jpg\",\"width\":1920,\"height\":1080},{\"@type\":\"BreadcrumbList\",\"@id\":\"https:\/\/dev.tg4.ie\/en\/information\/press\/press-releases\/2019-2\/evanne-ni-chuilinn-launches-ar-gclub\/#breadcrumb\",\"itemListElement\":[{\"@type\":\"ListItem\",\"position\":1,\"name\":\"Home\",\"item\":\"https:\/\/dev.tg4.ie\/en\/\"},{\"@type\":\"ListItem\",\"position\":2,\"name\":\"Information\",\"item\":\"https:\/\/dev.tg4.ie\/en\/information\/\"},{\"@type\":\"ListItem\",\"position\":3,\"name\":\"Press\",\"item\":\"https:\/\/dev.tg4.ie\/en\/information\/press\/\"},{\"@type\":\"ListItem\",\"position\":4,\"name\":\"Press Releases\",\"item\":\"https:\/\/dev.tg4.ie\/en\/information\/press\/press-releases\/\"},{\"@type\":\"ListItem\",\"position\":5,\"name\":\"2019\",\"item\":\"https:\/\/dev.tg4.ie\/en\/information\/press\/press-releases\/2019-2\/\"},{\"@type\":\"ListItem\",\"position\":6,\"name\":\"Evanne N\u00ed Chuilinn launches &#8216;\u00c1r gCLUB&#8217;\"}]},{\"@type\":\"WebSite\",\"@id\":\"https:\/\/dev.tg4.ie\/en\/#website\",\"url\":\"https:\/\/dev.tg4.ie\/en\/\",\"name\":\"TG4\",\"description\":\"S\u00fail Eile\",\"potentialAction\":[{\"@type\":\"SearchAction\",\"target\":{\"@type\":\"EntryPoint\",\"urlTemplate\":\"https:\/\/dev.tg4.ie\/en\/?s={search_term_string}\"},\"query-input\":\"required name=search_term_string\"}],\"inLanguage\":\"en-ie\"}]}<\/script>\n<!-- \/ Yoast SEO plugin. -->","yoast_head_json":{"title":"Evanne N\u00ed Chuilinn launches '\u00c1r gCLUB' - TG4","robots":{"index":"index","follow":"follow","max-snippet":"max-snippet:-1","max-image-preview":"max-image-preview:large","max-video-preview":"max-video-preview:-1"},"og_locale":"en_US","og_type":"article","og_title":"Evanne N\u00ed Chuilinn launches '\u00c1r gCLUB' - TG4","og_description":"Last night in the Kilmacud-Crokes Clubhouse in Dublin, well known sports presenter, Evanne N\u00ed Chuilinn, launched a new 7-part TV series that gives a unique insight into the families and communities involved in four very different GAA clubs as they\u00a0battle for honours and strive to survive the 2018 season. The series called &#8216;\u00c1r gClub&#8217; (Our [&hellip;]","og_url":"https:\/\/dev.tg4.ie\/en\/information\/press\/press-releases\/2019-2\/evanne-ni-chuilinn-launches-ar-gclub\/","og_site_name":"TG4","article_publisher":"https:\/\/www.facebook.com\/TG4TV","article_modified_time":"2019-06-25T13:46:56+00:00","og_image":[{"width":1920,"height":1080,"url":"https:\/\/tg4-docs.s3.amazonaws.com\/tg4-redesign-2015\/wp-content\/uploads\/2019\/01\/%C3%81r_gClub_Seoladh_1_1920x1080.jpg","type":"image\/jpeg"}],"twitter_card":"summary_large_image","twitter_site":"@TG4TV","twitter_misc":{"Est. reading time":"5 minutes"},"schema":{"@context":"https:\/\/schema.org","@graph":[{"@type":"WebPage","@id":"https:\/\/dev.tg4.ie\/en\/information\/press\/press-releases\/2019-2\/evanne-ni-chuilinn-launches-ar-gclub\/","url":"https:\/\/dev.tg4.ie\/en\/information\/press\/press-releases\/2019-2\/evanne-ni-chuilinn-launches-ar-gclub\/","name":"Evanne N\u00ed Chuilinn launches '\u00c1r gCLUB' - TG4","isPartOf":{"@id":"https:\/\/dev.tg4.ie\/en\/#website"},"primaryImageOfPage":{"@id":"https:\/\/dev.tg4.ie\/en\/information\/press\/press-releases\/2019-2\/evanne-ni-chuilinn-launches-ar-gclub\/#primaryimage"},"image":{"@id":"https:\/\/dev.tg4.ie\/en\/information\/press\/press-releases\/2019-2\/evanne-ni-chuilinn-launches-ar-gclub\/#primaryimage"},"thumbnailUrl":"https:\/\/tg4-docs.s3.amazonaws.com\/tg4-redesign-2015\/wp-content\/uploads\/2019\/01\/%C3%81r_gClub_Seoladh_1_1920x1080.jpg","datePublished":"2019-01-30T11:31:27+00:00","dateModified":"2019-06-25T13:46:56+00:00","breadcrumb":{"@id":"https:\/\/dev.tg4.ie\/en\/information\/press\/press-releases\/2019-2\/evanne-ni-chuilinn-launches-ar-gclub\/#breadcrumb"},"inLanguage":"en-ie","potentialAction":[{"@type":"ReadAction","target":["https:\/\/dev.tg4.ie\/en\/information\/press\/press-releases\/2019-2\/evanne-ni-chuilinn-launches-ar-gclub\/"]}]},{"@type":"ImageObject","inLanguage":"en-ie","@id":"https:\/\/dev.tg4.ie\/en\/information\/press\/press-releases\/2019-2\/evanne-ni-chuilinn-launches-ar-gclub\/#primaryimage","url":"https:\/\/tg4-docs.s3.amazonaws.com\/tg4-redesign-2015\/wp-content\/uploads\/2019\/01\/%C3%81r_gClub_Seoladh_1_1920x1080.jpg","contentUrl":"https:\/\/tg4-docs.s3.amazonaws.com\/tg4-redesign-2015\/wp-content\/uploads\/2019\/01\/%C3%81r_gClub_Seoladh_1_1920x1080.jpg","width":1920,"height":1080},{"@type":"BreadcrumbList","@id":"https:\/\/dev.tg4.ie\/en\/information\/press\/press-releases\/2019-2\/evanne-ni-chuilinn-launches-ar-gclub\/#breadcrumb","itemListElement":[{"@type":"ListItem","position":1,"name":"Home","item":"https:\/\/dev.tg4.ie\/en\/"},{"@type":"ListItem","position":2,"name":"Information","item":"https:\/\/dev.tg4.ie\/en\/information\/"},{"@type":"ListItem","position":3,"name":"Press","item":"https:\/\/dev.tg4.ie\/en\/information\/press\/"},{"@type":"ListItem","position":4,"name":"Press Releases","item":"https:\/\/dev.tg4.ie\/en\/information\/press\/press-releases\/"},{"@type":"ListItem","position":5,"name":"2019","item":"https:\/\/dev.tg4.ie\/en\/information\/press\/press-releases\/2019-2\/"},{"@type":"ListItem","position":6,"name":"Evanne N\u00ed Chuilinn launches &#8216;\u00c1r gCLUB&#8217;"}]},{"@type":"WebSite","@id":"https:\/\/dev.tg4.ie\/en\/#website","url":"https:\/\/dev.tg4.ie\/en\/","name":"TG4","description":"S\u00fail Eile","potentialAction":[{"@type":"SearchAction","target":{"@type":"EntryPoint","urlTemplate":"https:\/\/dev.tg4.ie\/en\/?s={search_term_string}"},"query-input":"required name=search_term_string"}],"inLanguage":"en-ie"}]}},"_links":{"self":[{"href":"https:\/\/dev.tg4.ie\/en\/wp-json\/wp\/v2\/pages\/100010"}],"collection":[{"href":"https:\/\/dev.tg4.ie\/en\/wp-json\/wp\/v2\/pages"}],"about":[{"href":"https:\/\/dev.tg4.ie\/en\/wp-json\/wp\/v2\/types\/page"}],"author":[{"embeddable":true,"href":"https:\/\/dev.tg4.ie\/en\/wp-json\/wp\/v2\/users\/876"}],"replies":[{"embeddable":true,"href":"https:\/\/dev.tg4.ie\/en\/wp-json\/wp\/v2\/comments?post=100010"}],"version-history":[{"count":0,"href":"https:\/\/dev.tg4.ie\/en\/wp-json\/wp\/v2\/pages\/100010\/revisions"}],"up":[{"embeddable":true,"href":"https:\/\/dev.tg4.ie\/en\/wp-json\/wp\/v2\/pages\/98832"}],"wp:featuredmedia":[{"embeddable":true,"href":"https:\/\/dev.tg4.ie\/en\/wp-json\/wp\/v2\/media\/100006"}],"wp:attachment":[{"href":"https:\/\/dev.tg4.ie\/en\/wp-json\/wp\/v2\/media?parent=100010"}],"curies":[{"name":"wp","href":"https:\/\/api.w.org\/{rel}","templated":true}]}}