{"id":101051,"date":"2019-02-20T16:36:34","date_gmt":"2019-02-20T16:36:34","guid":{"rendered":"https:\/\/dev.tg4.ie\/?page_id=101051"},"modified":"2019-06-25T14:54:26","modified_gmt":"2019-06-25T13:54:26","slug":"sraith-nua-laochra-gael-seolta-ag-uachtaran-clg-2","status":"publish","type":"page","link":"https:\/\/dev.tg4.ie\/en\/information\/press\/press-releases\/2019-2\/sraith-nua-laochra-gael-seolta-ag-uachtaran-clg-2\/","title":{"rendered":"TG4 to broadcast the IABA Irish National Senior Elite Boxing Finals"},"content":{"rendered":"<p><strong>All 18 Fights will be broadcast Live on YouTube while TG4\u2019s main channel will have live coverage from 8:45pm to 11:05pm<\/strong><\/p>\n<p>TG4 will provide extensive coverage of next Saturday evenings IABA Irish National Senior Elite Boxing Finals from the National Stadium in Dublin. All eighteen fights will be broadcast on TG4\u2019s YouTube site to viewers in Ireland and all over the world. Coverage of the Finals will also be available on TG4\u2019s main linear channel from 8:45pm onwards.\u00a0 The live coverage of the IABA Irish National Senior Elite Boxing Finals will be presented by Miche\u00e1l \u00d3 Domhnaill with commentary and analysis by Andy Lee, Kenneth Egan, Darren O\u2019Neill and Se\u00e1n B\u00e1n Breathnach.\u00a0 TG4\u2019s live YouTube commentary will be provided by C\u00e1rthach Ban Breathnach. The live coverage will be produced by Waterford based company Nemeton TV.<\/p>\n<p>Ireland finest will go head-to-head for Elite gold on Saturday in this special year which celebrates the 80th anniversary of the official opening of the National Stadium in 1939.\u00a0 AIBA World Elite champion Kellie Harrington, who won a gold medal at the <a href=\"https:\/\/en.wikipedia.org\/wiki\/2018_AIBA_Women%27s_World_Boxing_Championships\">2018 Women&#8217;s World Boxing Championships<\/a> will also fight on Saturday evening when she meets Jelena Jelic from Sweden in an international bout.<\/p>\n<p>TG4\u2019s Head of Sport, R\u00f3n\u00e1n \u00d3 Coisdealbha said:\u00a0 \u201cTG4 are very pleased to be broadcasting the IABA National Senior Elite Finals from the National Stadium. It is important to give the free-to-air television audience an opportunity to see some of the best boxers from all over Ireland. It is a privilege to be working closely with the IABA to provide live coverage of this event which has such national sporting importance.\u201d<\/p>\n<p><strong><u>TG4 Coverage &#8211; Saturday 23 February<\/u><\/strong><\/p>\n<ul>\n<li>Live on YouTube from <strong>5:45pm<\/strong> onwards\u00a0 &#8211;\u00a0 all 18 fights will be broadcast live on the <em>Sp\u00f3rt TG4<\/em> YouTube site\u00a0 &#8211;\u00a0 <a href=\"http:\/\/www.youtube.com\/sporttg4\">www.youtube.com\/sporttg4<\/a><\/li>\n<li>Live on TG4\u2019s main channel from 8:45pm to 11:05pm<br \/>\n(TG4 is available on all platforms \u2013 Saorview, Sky, Virgin Media, Eircom TV)<\/li>\n<\/ul>\n<p>TG4 is also available worldwide on <a href=\"https:\/\/dev.tg4.ie\">www.tg4.ie<\/a> and via the <em>TG4 Player <\/em>on the iOS App for iPhone and iPad and on the Smart TV App.<\/p>\n<p><strong>LIFFEY CRANE NATIONAL MEN\u2019S AND WOMEN\u2019S SENIOR ELITE CHAMPIONSHIPS 2019\u00a0 &#8211;\u00a0 <\/strong>NATIONAL STADIUM DUBLIN &#8211;\u00a0 SATURDAY 23rd FEBRUARY<\/p>\n<ul>\n<li>5.45pm\u00a0 <span>Par\u00e1id F\u00e1inne &amp; Amhr\u00e1n na bhFiann<\/span><\/li>\n<li><strong>48kg \u2013 Light flyweight<\/strong> \u2013 Chloe Fleck (Canal) V Donna Barr (Iliies Golden Gloves)<\/li>\n<li><strong>49kg \u2013 Light flyweight<\/strong> &#8211; Regan Buckley (St Teresa\u2019s) V Sean Mari (Monkstown Dublin)<\/li>\n<li><strong>75kg \u2013 Middleweight <\/strong>\u2013 Aoife O\u2019Rourke (Castlerea) V Cheyanne O\u2019Neill (Athlone)<\/li>\n<li><strong>57kg \u2013 Featherweight <\/strong>\u2013 Michaela Walsh (Monkstown Antrim) V Dearbhla Duffy (Crumlin)<\/li>\n<li><strong>57kg \u2013 Featherweight <\/strong>\u2013 Christian Cekiso (Portlaoise) V Patryk Adamus (Drimnagh)<\/li>\n<li><strong>60kg \u2013 Lightweight<\/strong>\u2013 Dominic Bradley (Errigal) V David Oliver Joyce (Ballymun)<\/li>\n<li><strong>64kg \u2013 Light welterweight<\/strong> \u2013 Moira McElligot (St Michaels Athy) V Amy Broadhurst (Dealgan)<\/li>\n<li><strong>52kg \u2013 Flyweight<\/strong> \u2013 Evan Metcalf (Hyland BA) V Adam Hession (Monivea)<\/li>\n<li><strong>75kg \u2013 Middleweight<\/strong> &#8211; Gabriel &#8211; Dossen (Olympic Galway) V Emmett Brennan (Glasnevin)<\/li>\n<li><strong>80kg \u2013 Light heavyweight<\/strong> \u2013 Leona Houlihan (Crumlin) V Lisa Browne (Aglish)<\/li>\n<li><strong>91kg \u2013 Heavyweight<\/strong> \u2013 Anthony Browne (St Michaels Dublin) V Kenneth Okungbowa Athlone)<\/li>\n<li><strong>51kg \u2013 Flyweight <\/strong>\u2013 Carly McNaul (Holy Family Golden Gloves) V Niamh Early (Ryston)<\/li>\n<li><strong>63kg \u2013 Light welterweight<\/strong> \u2013\u00a0 James McGivern (St Georges) V George Bates (St Marys Dublin)<\/li>\n<li><strong>69kg \u2013 Welterweight<\/strong> \u2013 Christina Desmond (Fr Horgans) V Grainne Walsh (Spartacus)<\/li>\n<li><strong>81kg \u2013 Light heavyweight<\/strong> \u2013 Thomas O\u2019Toole (Celtic Eagles) V Tommy Hyde (Mayfield)<\/li>\n<li><strong>69kg \u2013 Welterweight<\/strong> \u2013\u00a0 Kieran Molloy (Ougterard) V Patrick Donovan (Our Lady of Lourdes)<\/li>\n<li><strong>60kg \u2013 Lightweight<\/strong> \u2013 Kelly Harrington (St Mary\u2019s) V Jelena Jelic (Sweden)\u00a0 (International bout)<\/li>\n<li><strong>91+kg \u2013 Super heavyweight<\/strong> \u2013 Dean Gardiner (Clonmel) V Martin Keenan (Rathkeale)<\/li>\n<\/ul>\n","protected":false},"excerpt":{"rendered":"<p>All 18 Fights will be broadcast Live on YouTube while TG4\u2019s main channel will have live coverage from 8:45pm to 11:05pm TG4 will provide extensive coverage of next Saturday evenings IABA Irish National Senior Elite Boxing Finals from the National Stadium in Dublin. All eighteen fights will be broadcast on TG4\u2019s YouTube site to viewers [&hellip;]<\/p>\n","protected":false},"author":999,"featured_media":101045,"parent":98832,"menu_order":7,"comment_status":"closed","ping_status":"closed","template":"page-templates\/template-pr.php","meta":{"_acf_changed":false,"footnotes":""},"acf":[],"yoast_head":"<!-- This site is optimized with the Yoast SEO plugin v22.6 - https:\/\/yoast.com\/wordpress\/plugins\/seo\/ -->\n<title>TG4 to broadcast the IABA Irish National Senior Elite Boxing Finals - TG4<\/title>\n<meta name=\"robots\" content=\"index, follow, max-snippet:-1, max-image-preview:large, max-video-preview:-1\" \/>\n<meta property=\"og:locale\" content=\"en_US\" \/>\n<meta property=\"og:type\" content=\"article\" \/>\n<meta property=\"og:title\" content=\"TG4 to broadcast the IABA Irish National Senior Elite Boxing Finals - TG4\" \/>\n<meta property=\"og:description\" content=\"All 18 Fights will be broadcast Live on YouTube while TG4\u2019s main channel will have live coverage from 8:45pm to 11:05pm TG4 will provide extensive coverage of next Saturday evenings IABA Irish National Senior Elite Boxing Finals from the National Stadium in Dublin. All eighteen fights will be broadcast on TG4\u2019s YouTube site to viewers [&hellip;]\" \/>\n<meta property=\"og:url\" content=\"https:\/\/dev.tg4.ie\/en\/information\/press\/press-releases\/2019-2\/sraith-nua-laochra-gael-seolta-ag-uachtaran-clg-2\/\" \/>\n<meta property=\"og:site_name\" content=\"TG4\" \/>\n<meta property=\"article:publisher\" content=\"https:\/\/www.facebook.com\/TG4TV\" \/>\n<meta property=\"article:modified_time\" content=\"2019-06-25T13:54:26+00:00\" \/>\n<meta property=\"og:image\" content=\"https:\/\/tg4-docs.s3.amazonaws.com\/tg4-redesign-2015\/wp-content\/uploads\/2019\/02\/Dorn.jpg\" \/>\n\t<meta property=\"og:image:width\" content=\"1920\" \/>\n\t<meta property=\"og:image:height\" content=\"961\" \/>\n\t<meta property=\"og:image:type\" content=\"image\/jpeg\" \/>\n<meta name=\"twitter:card\" content=\"summary_large_image\" \/>\n<meta name=\"twitter:site\" content=\"@TG4TV\" \/>\n<meta name=\"twitter:label1\" content=\"Est. reading time\" \/>\n\t<meta name=\"twitter:data1\" content=\"3 minutes\" \/>\n<script type=\"application\/ld+json\" class=\"yoast-schema-graph\">{\"@context\":\"https:\/\/schema.org\",\"@graph\":[{\"@type\":\"WebPage\",\"@id\":\"https:\/\/dev.tg4.ie\/en\/information\/press\/press-releases\/2019-2\/sraith-nua-laochra-gael-seolta-ag-uachtaran-clg-2\/\",\"url\":\"https:\/\/dev.tg4.ie\/en\/information\/press\/press-releases\/2019-2\/sraith-nua-laochra-gael-seolta-ag-uachtaran-clg-2\/\",\"name\":\"TG4 to broadcast the IABA Irish National Senior Elite Boxing Finals - TG4\",\"isPartOf\":{\"@id\":\"https:\/\/dev.tg4.ie\/en\/#website\"},\"primaryImageOfPage\":{\"@id\":\"https:\/\/dev.tg4.ie\/en\/information\/press\/press-releases\/2019-2\/sraith-nua-laochra-gael-seolta-ag-uachtaran-clg-2\/#primaryimage\"},\"image\":{\"@id\":\"https:\/\/dev.tg4.ie\/en\/information\/press\/press-releases\/2019-2\/sraith-nua-laochra-gael-seolta-ag-uachtaran-clg-2\/#primaryimage\"},\"thumbnailUrl\":\"https:\/\/tg4-docs.s3.amazonaws.com\/tg4-redesign-2015\/wp-content\/uploads\/2019\/02\/Dorn.jpg\",\"datePublished\":\"2019-02-20T16:36:34+00:00\",\"dateModified\":\"2019-06-25T13:54:26+00:00\",\"breadcrumb\":{\"@id\":\"https:\/\/dev.tg4.ie\/en\/information\/press\/press-releases\/2019-2\/sraith-nua-laochra-gael-seolta-ag-uachtaran-clg-2\/#breadcrumb\"},\"inLanguage\":\"en-ie\",\"potentialAction\":[{\"@type\":\"ReadAction\",\"target\":[\"https:\/\/dev.tg4.ie\/en\/information\/press\/press-releases\/2019-2\/sraith-nua-laochra-gael-seolta-ag-uachtaran-clg-2\/\"]}]},{\"@type\":\"ImageObject\",\"inLanguage\":\"en-ie\",\"@id\":\"https:\/\/dev.tg4.ie\/en\/information\/press\/press-releases\/2019-2\/sraith-nua-laochra-gael-seolta-ag-uachtaran-clg-2\/#primaryimage\",\"url\":\"https:\/\/tg4-docs.s3.amazonaws.com\/tg4-redesign-2015\/wp-content\/uploads\/2019\/02\/Dorn.jpg\",\"contentUrl\":\"https:\/\/tg4-docs.s3.amazonaws.com\/tg4-redesign-2015\/wp-content\/uploads\/2019\/02\/Dorn.jpg\",\"width\":1920,\"height\":961},{\"@type\":\"BreadcrumbList\",\"@id\":\"https:\/\/dev.tg4.ie\/en\/information\/press\/press-releases\/2019-2\/sraith-nua-laochra-gael-seolta-ag-uachtaran-clg-2\/#breadcrumb\",\"itemListElement\":[{\"@type\":\"ListItem\",\"position\":1,\"name\":\"Home\",\"item\":\"https:\/\/dev.tg4.ie\/en\/\"},{\"@type\":\"ListItem\",\"position\":2,\"name\":\"Information\",\"item\":\"https:\/\/dev.tg4.ie\/en\/information\/\"},{\"@type\":\"ListItem\",\"position\":3,\"name\":\"Press\",\"item\":\"https:\/\/dev.tg4.ie\/en\/information\/press\/\"},{\"@type\":\"ListItem\",\"position\":4,\"name\":\"Press Releases\",\"item\":\"https:\/\/dev.tg4.ie\/en\/information\/press\/press-releases\/\"},{\"@type\":\"ListItem\",\"position\":5,\"name\":\"2019\",\"item\":\"https:\/\/dev.tg4.ie\/en\/information\/press\/press-releases\/2019-2\/\"},{\"@type\":\"ListItem\",\"position\":6,\"name\":\"TG4 to broadcast the IABA Irish National Senior Elite Boxing Finals\"}]},{\"@type\":\"WebSite\",\"@id\":\"https:\/\/dev.tg4.ie\/en\/#website\",\"url\":\"https:\/\/dev.tg4.ie\/en\/\",\"name\":\"TG4\",\"description\":\"S\u00fail Eile\",\"potentialAction\":[{\"@type\":\"SearchAction\",\"target\":{\"@type\":\"EntryPoint\",\"urlTemplate\":\"https:\/\/dev.tg4.ie\/en\/?s={search_term_string}\"},\"query-input\":\"required name=search_term_string\"}],\"inLanguage\":\"en-ie\"}]}<\/script>\n<!-- \/ Yoast SEO plugin. -->","yoast_head_json":{"title":"TG4 to broadcast the IABA Irish National Senior Elite Boxing Finals - TG4","robots":{"index":"index","follow":"follow","max-snippet":"max-snippet:-1","max-image-preview":"max-image-preview:large","max-video-preview":"max-video-preview:-1"},"og_locale":"en_US","og_type":"article","og_title":"TG4 to broadcast the IABA Irish National Senior Elite Boxing Finals - TG4","og_description":"All 18 Fights will be broadcast Live on YouTube while TG4\u2019s main channel will have live coverage from 8:45pm to 11:05pm TG4 will provide extensive coverage of next Saturday evenings IABA Irish National Senior Elite Boxing Finals from the National Stadium in Dublin. All eighteen fights will be broadcast on TG4\u2019s YouTube site to viewers [&hellip;]","og_url":"https:\/\/dev.tg4.ie\/en\/information\/press\/press-releases\/2019-2\/sraith-nua-laochra-gael-seolta-ag-uachtaran-clg-2\/","og_site_name":"TG4","article_publisher":"https:\/\/www.facebook.com\/TG4TV","article_modified_time":"2019-06-25T13:54:26+00:00","og_image":[{"width":1920,"height":961,"url":"https:\/\/tg4-docs.s3.amazonaws.com\/tg4-redesign-2015\/wp-content\/uploads\/2019\/02\/Dorn.jpg","type":"image\/jpeg"}],"twitter_card":"summary_large_image","twitter_site":"@TG4TV","twitter_misc":{"Est. reading time":"3 minutes"},"schema":{"@context":"https:\/\/schema.org","@graph":[{"@type":"WebPage","@id":"https:\/\/dev.tg4.ie\/en\/information\/press\/press-releases\/2019-2\/sraith-nua-laochra-gael-seolta-ag-uachtaran-clg-2\/","url":"https:\/\/dev.tg4.ie\/en\/information\/press\/press-releases\/2019-2\/sraith-nua-laochra-gael-seolta-ag-uachtaran-clg-2\/","name":"TG4 to broadcast the IABA Irish National Senior Elite Boxing Finals - TG4","isPartOf":{"@id":"https:\/\/dev.tg4.ie\/en\/#website"},"primaryImageOfPage":{"@id":"https:\/\/dev.tg4.ie\/en\/information\/press\/press-releases\/2019-2\/sraith-nua-laochra-gael-seolta-ag-uachtaran-clg-2\/#primaryimage"},"image":{"@id":"https:\/\/dev.tg4.ie\/en\/information\/press\/press-releases\/2019-2\/sraith-nua-laochra-gael-seolta-ag-uachtaran-clg-2\/#primaryimage"},"thumbnailUrl":"https:\/\/tg4-docs.s3.amazonaws.com\/tg4-redesign-2015\/wp-content\/uploads\/2019\/02\/Dorn.jpg","datePublished":"2019-02-20T16:36:34+00:00","dateModified":"2019-06-25T13:54:26+00:00","breadcrumb":{"@id":"https:\/\/dev.tg4.ie\/en\/information\/press\/press-releases\/2019-2\/sraith-nua-laochra-gael-seolta-ag-uachtaran-clg-2\/#breadcrumb"},"inLanguage":"en-ie","potentialAction":[{"@type":"ReadAction","target":["https:\/\/dev.tg4.ie\/en\/information\/press\/press-releases\/2019-2\/sraith-nua-laochra-gael-seolta-ag-uachtaran-clg-2\/"]}]},{"@type":"ImageObject","inLanguage":"en-ie","@id":"https:\/\/dev.tg4.ie\/en\/information\/press\/press-releases\/2019-2\/sraith-nua-laochra-gael-seolta-ag-uachtaran-clg-2\/#primaryimage","url":"https:\/\/tg4-docs.s3.amazonaws.com\/tg4-redesign-2015\/wp-content\/uploads\/2019\/02\/Dorn.jpg","contentUrl":"https:\/\/tg4-docs.s3.amazonaws.com\/tg4-redesign-2015\/wp-content\/uploads\/2019\/02\/Dorn.jpg","width":1920,"height":961},{"@type":"BreadcrumbList","@id":"https:\/\/dev.tg4.ie\/en\/information\/press\/press-releases\/2019-2\/sraith-nua-laochra-gael-seolta-ag-uachtaran-clg-2\/#breadcrumb","itemListElement":[{"@type":"ListItem","position":1,"name":"Home","item":"https:\/\/dev.tg4.ie\/en\/"},{"@type":"ListItem","position":2,"name":"Information","item":"https:\/\/dev.tg4.ie\/en\/information\/"},{"@type":"ListItem","position":3,"name":"Press","item":"https:\/\/dev.tg4.ie\/en\/information\/press\/"},{"@type":"ListItem","position":4,"name":"Press Releases","item":"https:\/\/dev.tg4.ie\/en\/information\/press\/press-releases\/"},{"@type":"ListItem","position":5,"name":"2019","item":"https:\/\/dev.tg4.ie\/en\/information\/press\/press-releases\/2019-2\/"},{"@type":"ListItem","position":6,"name":"TG4 to broadcast the IABA Irish National Senior Elite Boxing Finals"}]},{"@type":"WebSite","@id":"https:\/\/dev.tg4.ie\/en\/#website","url":"https:\/\/dev.tg4.ie\/en\/","name":"TG4","description":"S\u00fail Eile","potentialAction":[{"@type":"SearchAction","target":{"@type":"EntryPoint","urlTemplate":"https:\/\/dev.tg4.ie\/en\/?s={search_term_string}"},"query-input":"required name=search_term_string"}],"inLanguage":"en-ie"}]}},"_links":{"self":[{"href":"https:\/\/dev.tg4.ie\/en\/wp-json\/wp\/v2\/pages\/101051"}],"collection":[{"href":"https:\/\/dev.tg4.ie\/en\/wp-json\/wp\/v2\/pages"}],"about":[{"href":"https:\/\/dev.tg4.ie\/en\/wp-json\/wp\/v2\/types\/page"}],"author":[{"embeddable":true,"href":"https:\/\/dev.tg4.ie\/en\/wp-json\/wp\/v2\/users\/999"}],"replies":[{"embeddable":true,"href":"https:\/\/dev.tg4.ie\/en\/wp-json\/wp\/v2\/comments?post=101051"}],"version-history":[{"count":0,"href":"https:\/\/dev.tg4.ie\/en\/wp-json\/wp\/v2\/pages\/101051\/revisions"}],"up":[{"embeddable":true,"href":"https:\/\/dev.tg4.ie\/en\/wp-json\/wp\/v2\/pages\/98832"}],"wp:featuredmedia":[{"embeddable":true,"href":"https:\/\/dev.tg4.ie\/en\/wp-json\/wp\/v2\/media\/101045"}],"wp:attachment":[{"href":"https:\/\/dev.tg4.ie\/en\/wp-json\/wp\/v2\/media?parent=101051"}],"curies":[{"name":"wp","href":"https:\/\/api.w.org\/{rel}","templated":true}]}}