{"id":101891,"date":"2019-03-12T16:03:13","date_gmt":"2019-03-12T16:03:13","guid":{"rendered":"https:\/\/dev.tg4.ie\/?page_id=101891"},"modified":"2019-11-12T10:44:20","modified_gmt":"2019-11-12T10:44:20","slug":"a-paddys-day-full-of-legends-on-tg4","status":"publish","type":"page","link":"https:\/\/dev.tg4.ie\/en\/information\/press\/press-releases\/2019-2\/a-paddys-day-full-of-legends-on-tg4\/","title":{"rendered":"A Paddy\u2019s Day full of \u2018Legends\u2019 on TG4"},"content":{"rendered":"<p><strong>St. Patrick\u2019s Day<\/strong> on <strong>TG4<\/strong> will be the place where legends are made and celebrated this year. (see promo <a href=\"http:\/\/mhq70911clink.tg4.ie\/wf\/click?upn=W5Rx-2FuuWIgIeTyBWLgBwTzHCsaiTqQOPpMtjG46U2ORoedtY0DCioCj0EYPF-2B-2Bk5_yUrNv0m9Bc6zuTNIEQaYQyGAZ1vuPSi-2Fwm5UhxvlykZyvj6yJsif52hA5L5sD75hSGL3UAHSoYLSL9Q-2Ff74aMY1uip7dJsutL8oUO-2FmtS0wR-2FiKWVFrCPQ7-2BXa-2Ffn5yGQ06oos-2F8TUCeIjO8GGE6q-2FFOaFO3fH84f9XlRtJYjt6XaTy7vdF3nRxd-2BldP7msOA5zKSy1-2Fp0FPU1gJaYmfXmxxbGJIXhe1KO7AL7mcfYS8-2BFSPPh70oZ3pNaOylAhUH5SSFTs9nwWCETurD9SJcQ-3D-3D\">here<\/a>)<\/p>\n<p>Heroes will be saluted and hearts will be broken on and off the field in Croke Park, with live exclusive, free to air coverage of the highly anticipated <strong>AIB All-Ireland Hurling Club Final<\/strong> meeting of\u00a0 <strong>St Thomas<\/strong> (Galway) v <strong>Ballyhale Shamrocks<\/strong> (Kilkenny).\u00a0 (@1.30pm)<\/p>\n<p>That will be followed by another epic encounter in the <strong>AIB All-Ireland Football Club Final<\/strong> as <strong>Corofin<\/strong> (Galway) defend their title against <strong>Dr Crokes <\/strong>of Kerry. (3.35pm)<\/p>\n<p>(More information <a href=\"https:\/\/dev.tg4.ie\/en\/live-sport\/gaa-beo\/\" target=\"_blank\" rel=\"noopener noreferrer\">here<\/a>)<\/p>\n<hr \/>\n<p>One man who has skin in that particular game is <strong>Colm \u2018The Gooch\u2019 Cooper<\/strong>, who is featured in <strong>TG4<\/strong>\u2019s Paddy\u2019s Day episode of <a href=\"http:\/\/mhq70911clink.tg4.ie\/wf\/click?upn=5sszgHI9SyT0iDE9djdwTrD1SXhLaO-2FWnq9-2F4NLT-2BsoNRkq0Yiv7KjemXzprZh4-2FnoPB2KC9qaiC56J34a-2FKEA-3D-3D_yUrNv0m9Bc6zuTNIEQaYQyGAZ1vuPSi-2Fwm5UhxvlykZyvj6yJsif52hA5L5sD75hSGL3UAHSoYLSL9Q-2Ff74aMY1uip7dJsutL8oUO-2FmtS0wR-2FiKWVFrCPQ7-2BXa-2Ffn5yGiwBMTlL-2FDy9gZ9bCXVMFZngHrtMSu6M-2BaNiOCe-2FWyPfW3AASjJhnG0qpjSsEKm7HMPjrmSJN-2FksotGCCOELc1ujIwXQVIP1jQEOYTZn0jgn6r-2FwGr0cklk1IlmbQ270YwTn4iNwkf3Fj-2FfI5fDybwg-3D-3D\"><strong>\u2018Laochra Gael\u2019<\/strong><\/a>. A once-in-a-generation talent who defied convention by showing that Gaelic Football does not have to be a big man&#8217;s game.\u00a0\u00a0 This episode delves behind the 5 All Irelands and 8 All Stars and reveals the origins of an extraordinary talent in an ordinary Killarney housing estate.\u00a0 The documentary also explores the personal pain away from the pitch during the years of dealing with his father&#8217;s death, as well as looking back on the testimonial controversy. (@5.40pm)<\/p>\n<p>Later, an extended <strong>Nuacht TG4<\/strong> will bring you news and highlights from parades and special events the length and breadth of Ireland. (@7pm)<\/p>\n<hr \/>\n<p><a href=\"http:\/\/mhq70911clink.tg4.ie\/wf\/click?upn=5sszgHI9SyT0iDE9djdwTrD1SXhLaO-2FWnq9-2F4NLT-2BspoXDNHP-2BoSA5bofRomaWRxuvgo16SVhcEYvprxBGQ4Vg-3D-3D_yUrNv0m9Bc6zuTNIEQaYQyGAZ1vuPSi-2Fwm5UhxvlykZyvj6yJsif52hA5L5sD75hSGL3UAHSoYLSL9Q-2Ff74aMY1uip7dJsutL8oUO-2FmtS0wR-2FiKWVFrCPQ7-2BXa-2Ffn5yGlDUjX6l397K6hiIiq3-2BIo54qtduxPkqxDldQPBAHUXj6GbgGQBo56siWjZQI90utRDGQ3cHEDAOfMoN3LtjLHdDVjUirh4mawzO37xr-2FFas5qBay3ybSda07iqUF0s14Qth2qv3h50RRbBCuNCbegA-3D-3D\"><strong>\u2018Ceili\u00faradh na F\u00e9ile P\u00e1draig\u2019<\/strong><\/a> features another living Irish legend. In this special programme we&#8217;re celebrating St. Patrick&#8217;s Day in the company of <strong>Daniel O&#8217;Donnell<\/strong> in the Market Place Theatre and adjoining Georgian Square in <strong>Armagh<\/strong>. With a strong connection between St. Patrick and Armagh there&#8217;s no better place to have this annual celebration. On stage we have wonderful Irish musical partnerships such as <strong>Celticanto<\/strong>, <strong>Lemoncello<\/strong>, <strong>Rioghnach Connolly<\/strong>, <strong>Se\u00e1n Keane<\/strong>, <strong>Colin Foley<\/strong> and <strong>Clancy\/Holden\/Dunphy<\/strong>. Also celebrating with us is the wonderful choir from the Dundalk IT,\u00a0 dancers <strong>&#8216;Jig Jazz&#8217;<\/strong> and <strong>Dylan Millar<\/strong>, <strong>Extreme Rhythm<\/strong>, <strong>Fusion Trio<\/strong> and the <strong>Armagh Pipers Club<\/strong>. (@9.30pm)<\/p>\n<hr \/>\n<p>We also remember musical legends who are sadly no longer with us. <a href=\"http:\/\/mhq70911clink.tg4.ie\/wf\/click?upn=5sszgHI9SyT0iDE9djdwTrD1SXhLaO-2FWnq9-2F4NLT-2BsoK3wPp9ocnnAbGv8XhCBjC_yUrNv0m9Bc6zuTNIEQaYQyGAZ1vuPSi-2Fwm5UhxvlykZyvj6yJsif52hA5L5sD75hSGL3UAHSoYLSL9Q-2Ff74aMY1uip7dJsutL8oUO-2FmtS0wR-2FiKWVFrCPQ7-2BXa-2Ffn5yGdHY-2FzFbQq4lyqznCcoPlwf-2FvEOFm7MY7LFqEt9CLPA1xqzR8dEfHJMsBrnibrn4gY9JfrzlqZ5lfHS8mcgKqaNlLMcQXW4XgDpQyo58xJP2X1IMRMofpznjbCBz2k9jQKxdk0NuSh3Tip9uBXxbcEQ-3D-3D\"><strong>\u2018S\u00e9 Mo Laoch\u2019<\/strong><\/a>, tells the story of the late <strong>Alec Finn<\/strong> who passed away earlier this year. A trained artist and a Yorkshire man with a background in the blues, he came to Ireland in the 60&#8217;s and was also the co-founder of <strong>De Danann<\/strong>. He embraced traditional Irish music and created sounds and rhythms that had never been heard before. He made Ireland his home and left an indelible mark on the tradition with his extraordinary and original talent. (@8.30pm)<\/p>\n<hr \/>\n<p>Another inimitable musical talent was <strong>Rory Gallagher<\/strong>, the People&#8217;s Guitarist, who can be seen live in concert on St. Patrick\u2019s night on <strong>TG4<\/strong>. Unassuming but tenacious, the Irish blues man devoted his life to touring and playing his beloved Fender Strat to adoring audiences. He never stopped working, and could always command a crowd. During the heightened periods of heavy violence and political unrest in Ireland, when other artists dared not come near the place, Gallagher was resolute about touring Ireland winning him the dedication of thousands of fans, and in the process, becoming a role model for other aspiring young Irish musicians such as U2. (@11.10pm)<\/p>\n<p>We also delve into the archives to bring you a classic <strong>\u2018Green Linnet\u2019<\/strong> episode, featuring the late <strong>Barney McKenna <\/strong>from <strong>The Dubliners<\/strong> and accordion player <strong>Tony McMahon<\/strong>, reunited with <strong>Seamus Deasy<\/strong>, their cameraman, to launch the series of six restored programmes. They recall their adventures during their travels and how music brought them together. This series was first shown on RT\u00c9 in 1975. (@10.40pm)<\/p>\n<hr \/>\n<p>And, to top it all off we also have a drama filled omnibus edition of <a href=\"http:\/\/mhq70911clink.tg4.ie\/wf\/click?upn=5sszgHI9SyT0iDE9djdwTrD1SXhLaO-2FWnq9-2F4NLT-2Bso4rrKuLz97eWzlqPo3mWNh_yUrNv0m9Bc6zuTNIEQaYQyGAZ1vuPSi-2Fwm5UhxvlykZyvj6yJsif52hA5L5sD75hSGL3UAHSoYLSL9Q-2Ff74aMY1uip7dJsutL8oUO-2FmtS0wR-2FiKWVFrCPQ7-2BXa-2Ffn5yGGMq8QdPAT7lChXjBuuqdvUa3sYJEHQHGQgbPT2CxcOVO3I0qTH-2FMDhTpe1nCoPPCMlY7bkhGFGR6N6fts6ViUymHUgTffPDhxZK5B7Z-2B-2BewjPyTkKM6Bg4vWMImvIxBYCDx83Sql0OraJJLVC5PJqA-3D-3D\"><strong>\u2018Ros na R\u00fan\u2019<\/strong><\/a> for you to enjoy. C\u00f3il\u00ed Jackie, believing that David has paid for his cattle feed, agrees to sell them a site. Gr\u00e1inne and David are over the moon. Bobbi Lee is not too impressed with the sleeping arrangements in the B&amp;B, but having nowhere else to go, knows she needs to keep schtum. Berni is relieved that her mother is not badly injured but is eager to bring her home until the doctor delivers some devastating news. Tadhg wants to include lines of poetry on Maggie&#8217;s gravestone for her first year anniversary. (@7.30pm)<\/p>\n<p>So the only place you need to go this Paddy\u2019s Day is to <strong>TG4<\/strong>, for a magical mixture of Irish myth and legends to feast upon.<\/p>\n","protected":false},"excerpt":{"rendered":"<p>St. Patrick\u2019s Day on TG4 will be the place where legends are made and celebrated this year. (see promo here) Heroes will be saluted and hearts will be broken on and off the field in Croke Park, with live exclusive, free to air coverage of the highly anticipated AIB All-Ireland Hurling Club Final meeting of\u00a0 [&hellip;]<\/p>\n","protected":false},"author":876,"featured_media":101714,"parent":98832,"menu_order":10,"comment_status":"closed","ping_status":"closed","template":"page-templates\/template-pr.php","meta":{"_acf_changed":false,"footnotes":""},"acf":[],"yoast_head":"<!-- This site is optimized with the Yoast SEO plugin v22.6 - https:\/\/yoast.com\/wordpress\/plugins\/seo\/ -->\n<title>Is Mise | Cula4 | TG4 |<\/title>\n<meta name=\"robots\" content=\"index, follow, max-snippet:-1, max-image-preview:large, max-video-preview:-1\" \/>\n<meta property=\"og:locale\" content=\"en_US\" \/>\n<meta property=\"og:type\" content=\"article\" \/>\n<meta property=\"og:title\" content=\"Is Mise | Cula4 | TG4 |\" \/>\n<meta property=\"og:description\" content=\"St. Patrick\u2019s Day on TG4 will be the place where legends are made and celebrated this year. (see promo here) Heroes will be saluted and hearts will be broken on and off the field in Croke Park, with live exclusive, free to air coverage of the highly anticipated AIB All-Ireland Hurling Club Final meeting of\u00a0 [&hellip;]\" \/>\n<meta property=\"og:url\" content=\"https:\/\/dev.tg4.ie\/en\/information\/press\/press-releases\/2019-2\/a-paddys-day-full-of-legends-on-tg4\/\" \/>\n<meta property=\"og:site_name\" content=\"TG4\" \/>\n<meta property=\"article:publisher\" content=\"https:\/\/www.facebook.com\/TG4TV\" \/>\n<meta property=\"article:modified_time\" content=\"2019-11-12T10:44:20+00:00\" \/>\n<meta property=\"og:image\" content=\"https:\/\/tg4-docs.s3.amazonaws.com\/wp-content\/uploads\/2024\/11\/18151812\/TG4_2024_corcra_teal_1-1920x1080-1.jpg\" \/>\n\t<meta property=\"og:image:width\" content=\"1920\" \/>\n\t<meta property=\"og:image:height\" content=\"1080\" \/>\n\t<meta property=\"og:image:type\" content=\"image\/jpeg\" \/>\n<meta name=\"twitter:card\" content=\"summary_large_image\" \/>\n<meta name=\"twitter:site\" content=\"@TG4TV\" \/>\n<meta name=\"twitter:label1\" content=\"Est. reading time\" \/>\n\t<meta name=\"twitter:data1\" content=\"4 minutes\" \/>\n<script type=\"application\/ld+json\" class=\"yoast-schema-graph\">{\"@context\":\"https:\/\/schema.org\",\"@graph\":[{\"@type\":\"WebPage\",\"@id\":\"https:\/\/dev.tg4.ie\/en\/information\/press\/press-releases\/2019-2\/a-paddys-day-full-of-legends-on-tg4\/\",\"url\":\"https:\/\/dev.tg4.ie\/en\/information\/press\/press-releases\/2019-2\/a-paddys-day-full-of-legends-on-tg4\/\",\"name\":\"Is Mise | Cula4 | TG4 |\",\"isPartOf\":{\"@id\":\"https:\/\/dev.tg4.ie\/en\/#website\"},\"primaryImageOfPage\":{\"@id\":\"https:\/\/dev.tg4.ie\/en\/information\/press\/press-releases\/2019-2\/a-paddys-day-full-of-legends-on-tg4\/#primaryimage\"},\"image\":{\"@id\":\"https:\/\/dev.tg4.ie\/en\/information\/press\/press-releases\/2019-2\/a-paddys-day-full-of-legends-on-tg4\/#primaryimage\"},\"thumbnailUrl\":\"\",\"datePublished\":\"2019-03-12T16:03:13+00:00\",\"dateModified\":\"2019-11-12T10:44:20+00:00\",\"breadcrumb\":{\"@id\":\"https:\/\/dev.tg4.ie\/en\/information\/press\/press-releases\/2019-2\/a-paddys-day-full-of-legends-on-tg4\/#breadcrumb\"},\"inLanguage\":\"en-ie\",\"potentialAction\":[{\"@type\":\"ReadAction\",\"target\":[\"https:\/\/dev.tg4.ie\/en\/information\/press\/press-releases\/2019-2\/a-paddys-day-full-of-legends-on-tg4\/\"]}]},{\"@type\":\"ImageObject\",\"inLanguage\":\"en-ie\",\"@id\":\"https:\/\/dev.tg4.ie\/en\/information\/press\/press-releases\/2019-2\/a-paddys-day-full-of-legends-on-tg4\/#primaryimage\",\"url\":\"\",\"contentUrl\":\"\"},{\"@type\":\"BreadcrumbList\",\"@id\":\"https:\/\/dev.tg4.ie\/en\/information\/press\/press-releases\/2019-2\/a-paddys-day-full-of-legends-on-tg4\/#breadcrumb\",\"itemListElement\":[{\"@type\":\"ListItem\",\"position\":1,\"name\":\"Home\",\"item\":\"https:\/\/dev.tg4.ie\/en\/\"},{\"@type\":\"ListItem\",\"position\":2,\"name\":\"Information\",\"item\":\"https:\/\/dev.tg4.ie\/en\/information\/\"},{\"@type\":\"ListItem\",\"position\":3,\"name\":\"Press\",\"item\":\"https:\/\/dev.tg4.ie\/en\/information\/press\/\"},{\"@type\":\"ListItem\",\"position\":4,\"name\":\"Press Releases\",\"item\":\"https:\/\/dev.tg4.ie\/en\/information\/press\/press-releases\/\"},{\"@type\":\"ListItem\",\"position\":5,\"name\":\"2019\",\"item\":\"https:\/\/dev.tg4.ie\/en\/information\/press\/press-releases\/2019-2\/\"},{\"@type\":\"ListItem\",\"position\":6,\"name\":\"A Paddy\u2019s Day full of \u2018Legends\u2019 on TG4\"}]},{\"@type\":\"WebSite\",\"@id\":\"https:\/\/dev.tg4.ie\/en\/#website\",\"url\":\"https:\/\/dev.tg4.ie\/en\/\",\"name\":\"TG4\",\"description\":\"S\u00fail Eile\",\"potentialAction\":[{\"@type\":\"SearchAction\",\"target\":{\"@type\":\"EntryPoint\",\"urlTemplate\":\"https:\/\/dev.tg4.ie\/en\/?s={search_term_string}\"},\"query-input\":\"required name=search_term_string\"}],\"inLanguage\":\"en-ie\"}]}<\/script>\n<!-- \/ Yoast SEO plugin. -->","yoast_head_json":{"title":"Is Mise | Cula4 | TG4 |","robots":{"index":"index","follow":"follow","max-snippet":"max-snippet:-1","max-image-preview":"max-image-preview:large","max-video-preview":"max-video-preview:-1"},"og_locale":"en_US","og_type":"article","og_title":"Is Mise | Cula4 | TG4 |","og_description":"St. Patrick\u2019s Day on TG4 will be the place where legends are made and celebrated this year. (see promo here) Heroes will be saluted and hearts will be broken on and off the field in Croke Park, with live exclusive, free to air coverage of the highly anticipated AIB All-Ireland Hurling Club Final meeting of\u00a0 [&hellip;]","og_url":"https:\/\/dev.tg4.ie\/en\/information\/press\/press-releases\/2019-2\/a-paddys-day-full-of-legends-on-tg4\/","og_site_name":"TG4","article_publisher":"https:\/\/www.facebook.com\/TG4TV","article_modified_time":"2019-11-12T10:44:20+00:00","og_image":[{"width":1920,"height":1080,"url":"https:\/\/tg4-docs.s3.amazonaws.com\/wp-content\/uploads\/2024\/11\/18151812\/TG4_2024_corcra_teal_1-1920x1080-1.jpg","type":"image\/jpeg"}],"twitter_card":"summary_large_image","twitter_site":"@TG4TV","twitter_misc":{"Est. reading time":"4 minutes"},"schema":{"@context":"https:\/\/schema.org","@graph":[{"@type":"WebPage","@id":"https:\/\/dev.tg4.ie\/en\/information\/press\/press-releases\/2019-2\/a-paddys-day-full-of-legends-on-tg4\/","url":"https:\/\/dev.tg4.ie\/en\/information\/press\/press-releases\/2019-2\/a-paddys-day-full-of-legends-on-tg4\/","name":"Is Mise | Cula4 | TG4 |","isPartOf":{"@id":"https:\/\/dev.tg4.ie\/en\/#website"},"primaryImageOfPage":{"@id":"https:\/\/dev.tg4.ie\/en\/information\/press\/press-releases\/2019-2\/a-paddys-day-full-of-legends-on-tg4\/#primaryimage"},"image":{"@id":"https:\/\/dev.tg4.ie\/en\/information\/press\/press-releases\/2019-2\/a-paddys-day-full-of-legends-on-tg4\/#primaryimage"},"thumbnailUrl":"","datePublished":"2019-03-12T16:03:13+00:00","dateModified":"2019-11-12T10:44:20+00:00","breadcrumb":{"@id":"https:\/\/dev.tg4.ie\/en\/information\/press\/press-releases\/2019-2\/a-paddys-day-full-of-legends-on-tg4\/#breadcrumb"},"inLanguage":"en-ie","potentialAction":[{"@type":"ReadAction","target":["https:\/\/dev.tg4.ie\/en\/information\/press\/press-releases\/2019-2\/a-paddys-day-full-of-legends-on-tg4\/"]}]},{"@type":"ImageObject","inLanguage":"en-ie","@id":"https:\/\/dev.tg4.ie\/en\/information\/press\/press-releases\/2019-2\/a-paddys-day-full-of-legends-on-tg4\/#primaryimage","url":"","contentUrl":""},{"@type":"BreadcrumbList","@id":"https:\/\/dev.tg4.ie\/en\/information\/press\/press-releases\/2019-2\/a-paddys-day-full-of-legends-on-tg4\/#breadcrumb","itemListElement":[{"@type":"ListItem","position":1,"name":"Home","item":"https:\/\/dev.tg4.ie\/en\/"},{"@type":"ListItem","position":2,"name":"Information","item":"https:\/\/dev.tg4.ie\/en\/information\/"},{"@type":"ListItem","position":3,"name":"Press","item":"https:\/\/dev.tg4.ie\/en\/information\/press\/"},{"@type":"ListItem","position":4,"name":"Press Releases","item":"https:\/\/dev.tg4.ie\/en\/information\/press\/press-releases\/"},{"@type":"ListItem","position":5,"name":"2019","item":"https:\/\/dev.tg4.ie\/en\/information\/press\/press-releases\/2019-2\/"},{"@type":"ListItem","position":6,"name":"A Paddy\u2019s Day full of \u2018Legends\u2019 on TG4"}]},{"@type":"WebSite","@id":"https:\/\/dev.tg4.ie\/en\/#website","url":"https:\/\/dev.tg4.ie\/en\/","name":"TG4","description":"S\u00fail Eile","potentialAction":[{"@type":"SearchAction","target":{"@type":"EntryPoint","urlTemplate":"https:\/\/dev.tg4.ie\/en\/?s={search_term_string}"},"query-input":"required name=search_term_string"}],"inLanguage":"en-ie"}]}},"_links":{"self":[{"href":"https:\/\/dev.tg4.ie\/en\/wp-json\/wp\/v2\/pages\/101891"}],"collection":[{"href":"https:\/\/dev.tg4.ie\/en\/wp-json\/wp\/v2\/pages"}],"about":[{"href":"https:\/\/dev.tg4.ie\/en\/wp-json\/wp\/v2\/types\/page"}],"author":[{"embeddable":true,"href":"https:\/\/dev.tg4.ie\/en\/wp-json\/wp\/v2\/users\/876"}],"replies":[{"embeddable":true,"href":"https:\/\/dev.tg4.ie\/en\/wp-json\/wp\/v2\/comments?post=101891"}],"version-history":[{"count":0,"href":"https:\/\/dev.tg4.ie\/en\/wp-json\/wp\/v2\/pages\/101891\/revisions"}],"up":[{"embeddable":true,"href":"https:\/\/dev.tg4.ie\/en\/wp-json\/wp\/v2\/pages\/98832"}],"wp:featuredmedia":[{"embeddable":true,"href":"https:\/\/dev.tg4.ie\/en\/wp-json\/"}],"wp:attachment":[{"href":"https:\/\/dev.tg4.ie\/en\/wp-json\/wp\/v2\/media?parent=101891"}],"curies":[{"name":"wp","href":"https:\/\/api.w.org\/{rel}","templated":true}]}}