{"id":102504,"date":"2019-03-27T10:57:38","date_gmt":"2019-03-27T10:57:38","guid":{"rendered":"https:\/\/dev.tg4.ie\/?page_id=102504"},"modified":"2019-11-12T10:44:21","modified_gmt":"2019-11-12T10:44:21","slug":"john-rafferty-from-belfast-crowned-glor-tire-champion-2019","status":"publish","type":"page","link":"https:\/\/dev.tg4.ie\/en\/information\/press\/press-releases\/2019-2\/john-rafferty-from-belfast-crowned-glor-tire-champion-2019\/","title":{"rendered":"John Rafferty from Belfast crowned &#8216;Gl\u00f3r T\u00edre&#8217; champion 2019"},"content":{"rendered":"<p><strong>John Rafferty<\/strong> from Belfast was crowned <strong>TG4 &#8216;Gl\u00f3r T\u00edre&#8217;<\/strong> champion for 2019, live in The Quays in Galway last night.<\/p>\n<p>In a highly contested final, <strong>John Rafferty<\/strong> took the majority of the public votes to beat <strong>Damien Davis<\/strong> from Monaghan &amp;\u00a0<strong>Noreen Rabbette<\/strong> from Offaly, to take the coveted title of\u00a0<strong>&#8216;Gl\u00f3r T\u00edre&#8217;<\/strong> champion for 2019 and win the cash prize of \u20ac5000.<\/p>\n<p><strong>John Rafferty<\/strong> was mentored by country star <strong>Johnny Brady.<\/strong><\/p>\n<p>Speaking after winning,\u00a0<strong>John Rafferty<\/strong> said :<\/p>\n<p>&#8220;It means the absolute world to me. I&#8217;d like to thank <strong>TG4<\/strong> and the whole &#8216;<strong>Gl\u00f3r T\u00edre<\/strong>&#8216; team. Everyone has made us so welcome and everything was spot on. I&#8217;m still up on cloud nine at the minute so we&#8217;ll see how long it takes to come down again. But it&#8217;ll be a great road ahead I think. Fingers crossed!&#8221;<\/p>\n<p><strong>&#8216;Gl\u00f3r T\u00edre&#8217;,<\/strong> produced by <strong>Gaelmedia,<\/strong> was presented by <strong>Aoife Ni Thuairisg<\/strong> and <strong>S\u00e9amus \u00d3 Scanl\u00e1in<\/strong>, with help from the judges <strong>John Creedon<\/strong>, <strong>Caitr\u00edona N\u00ed Sh\u00failleabh\u00e1in<\/strong> and <strong>Jo N\u00ed Ch\u00e9ide<\/strong> who ably guided the contestants. The winner was decided by a public vote.<\/p>\n<p>After the announcement of the winner, judge <strong>John Creedon<\/strong> said:<\/p>\n<p>&#8220;If ever there was a year to win, this was the year to win because the bar was the highest yet. What we had was a humdinger of a contest.\u00a0 Brilliant. And the other two contestants were brilliant as well.&#8221;<\/p>\n<p>You can catch up with all of the action from this year&#8217;s <strong>&#8216;Gl\u00f3r T\u00edre&#8217;<\/strong> on the TG4 Player <a href=\"http:\/\/mhq70911clink.tg4.ie\/wf\/click?upn=5sszgHI9SyT0iDE9djdwTrD1SXhLaO-2FWnq9-2F4NLT-2BsoFFfx2blOlbsZQQwyb2mo7bxABvR0uRdJP3fbjJNrMcw-3D-3D_yUrNv0m9Bc6zuTNIEQaYQyGAZ1vuPSi-2Fwm5UhxvlykZyvj6yJsif52hA5L5sD75hSGL3UAHSoYLSL9Q-2Ff74aMSwtXfWmH6Uoz7YDWi183XrK62bFQGGcgpkcFQSyJTHyK7OmIuyuUdjM3wUg6KfMMLdj0P4L8NMx9HipjqBxrscGVZPlXvFI-2BuiAtnSmZThfBIChBsoDiG1qRfF1ZsDPjEN-2F2CGAOZmitzbUgQ6wWKcFvKbHGneg0LxlQ53gqPDu5biAQS72Odujrk0Rswg9NA-3D-3D\">here<\/a>.<\/p>\n","protected":false},"excerpt":{"rendered":"<p>John Rafferty from Belfast was crowned TG4 &#8216;Gl\u00f3r T\u00edre&#8217; champion for 2019, live in The Quays in Galway last night. In a highly contested final, John Rafferty took the majority of the public votes to beat Damien Davis from Monaghan &amp;\u00a0Noreen Rabbette from Offaly, to take the coveted title of\u00a0&#8216;Gl\u00f3r T\u00edre&#8217; champion for 2019 and [&hellip;]<\/p>\n","protected":false},"author":876,"featured_media":102501,"parent":98832,"menu_order":12,"comment_status":"closed","ping_status":"closed","template":"page-templates\/template-pr.php","meta":{"_acf_changed":false,"footnotes":""},"acf":[],"yoast_head":"<!-- This site is optimized with the Yoast SEO plugin v22.6 - https:\/\/yoast.com\/wordpress\/plugins\/seo\/ -->\n<title>John Rafferty from Belfast crowned &#039;Gl\u00f3r T\u00edre&#039; champion 2019| TG4<\/title>\n<meta name=\"robots\" content=\"index, follow, max-snippet:-1, max-image-preview:large, max-video-preview:-1\" \/>\n<meta property=\"og:locale\" content=\"en_US\" \/>\n<meta property=\"og:type\" content=\"article\" \/>\n<meta property=\"og:title\" content=\"John Rafferty from Belfast crowned &#039;Gl\u00f3r T\u00edre&#039; champion 2019| TG4\" \/>\n<meta property=\"og:description\" content=\"John Rafferty from Belfast was crowned TG4 &#8216;Gl\u00f3r T\u00edre&#8217; champion for 2019, live in The Quays in Galway last night. In a highly contested final, John Rafferty took the majority of the public votes to beat Damien Davis from Monaghan &amp;\u00a0Noreen Rabbette from Offaly, to take the coveted title of\u00a0&#8216;Gl\u00f3r T\u00edre&#8217; champion for 2019 and [&hellip;]\" \/>\n<meta property=\"og:url\" content=\"https:\/\/dev.tg4.ie\/en\/information\/press\/press-releases\/2019-2\/john-rafferty-from-belfast-crowned-glor-tire-champion-2019\/\" \/>\n<meta property=\"og:site_name\" content=\"TG4\" \/>\n<meta property=\"article:publisher\" content=\"https:\/\/www.facebook.com\/TG4TV\" \/>\n<meta property=\"article:modified_time\" content=\"2019-11-12T10:44:21+00:00\" \/>\n<meta property=\"og:image\" content=\"https:\/\/tg4-docs.s3.amazonaws.com\/wp-content\/uploads\/2024\/11\/18151812\/TG4_2024_corcra_teal_1-1920x1080-1.jpg\" \/>\n\t<meta property=\"og:image:width\" content=\"1920\" \/>\n\t<meta property=\"og:image:height\" content=\"1080\" \/>\n\t<meta property=\"og:image:type\" content=\"image\/jpeg\" \/>\n<meta name=\"twitter:card\" content=\"summary_large_image\" \/>\n<meta name=\"twitter:site\" content=\"@TG4TV\" \/>\n<meta name=\"twitter:label1\" content=\"Est. reading time\" \/>\n\t<meta name=\"twitter:data1\" content=\"1 minute\" \/>\n<script type=\"application\/ld+json\" class=\"yoast-schema-graph\">{\"@context\":\"https:\/\/schema.org\",\"@graph\":[{\"@type\":\"WebPage\",\"@id\":\"https:\/\/dev.tg4.ie\/en\/information\/press\/press-releases\/2019-2\/john-rafferty-from-belfast-crowned-glor-tire-champion-2019\/\",\"url\":\"https:\/\/dev.tg4.ie\/en\/information\/press\/press-releases\/2019-2\/john-rafferty-from-belfast-crowned-glor-tire-champion-2019\/\",\"name\":\"John Rafferty from Belfast crowned 'Gl\u00f3r T\u00edre' champion 2019| TG4\",\"isPartOf\":{\"@id\":\"https:\/\/dev.tg4.ie\/en\/#website\"},\"primaryImageOfPage\":{\"@id\":\"https:\/\/dev.tg4.ie\/en\/information\/press\/press-releases\/2019-2\/john-rafferty-from-belfast-crowned-glor-tire-champion-2019\/#primaryimage\"},\"image\":{\"@id\":\"https:\/\/dev.tg4.ie\/en\/information\/press\/press-releases\/2019-2\/john-rafferty-from-belfast-crowned-glor-tire-champion-2019\/#primaryimage\"},\"thumbnailUrl\":\"\",\"datePublished\":\"2019-03-27T10:57:38+00:00\",\"dateModified\":\"2019-11-12T10:44:21+00:00\",\"breadcrumb\":{\"@id\":\"https:\/\/dev.tg4.ie\/en\/information\/press\/press-releases\/2019-2\/john-rafferty-from-belfast-crowned-glor-tire-champion-2019\/#breadcrumb\"},\"inLanguage\":\"en-ie\",\"potentialAction\":[{\"@type\":\"ReadAction\",\"target\":[\"https:\/\/dev.tg4.ie\/en\/information\/press\/press-releases\/2019-2\/john-rafferty-from-belfast-crowned-glor-tire-champion-2019\/\"]}]},{\"@type\":\"ImageObject\",\"inLanguage\":\"en-ie\",\"@id\":\"https:\/\/dev.tg4.ie\/en\/information\/press\/press-releases\/2019-2\/john-rafferty-from-belfast-crowned-glor-tire-champion-2019\/#primaryimage\",\"url\":\"\",\"contentUrl\":\"\"},{\"@type\":\"BreadcrumbList\",\"@id\":\"https:\/\/dev.tg4.ie\/en\/information\/press\/press-releases\/2019-2\/john-rafferty-from-belfast-crowned-glor-tire-champion-2019\/#breadcrumb\",\"itemListElement\":[{\"@type\":\"ListItem\",\"position\":1,\"name\":\"Home\",\"item\":\"https:\/\/dev.tg4.ie\/en\/\"},{\"@type\":\"ListItem\",\"position\":2,\"name\":\"Information\",\"item\":\"https:\/\/dev.tg4.ie\/en\/information\/\"},{\"@type\":\"ListItem\",\"position\":3,\"name\":\"Press\",\"item\":\"https:\/\/dev.tg4.ie\/en\/information\/press\/\"},{\"@type\":\"ListItem\",\"position\":4,\"name\":\"Press Releases\",\"item\":\"https:\/\/dev.tg4.ie\/en\/information\/press\/press-releases\/\"},{\"@type\":\"ListItem\",\"position\":5,\"name\":\"2019\",\"item\":\"https:\/\/dev.tg4.ie\/en\/information\/press\/press-releases\/2019-2\/\"},{\"@type\":\"ListItem\",\"position\":6,\"name\":\"John Rafferty from Belfast crowned &#8216;Gl\u00f3r T\u00edre&#8217; champion 2019\"}]},{\"@type\":\"WebSite\",\"@id\":\"https:\/\/dev.tg4.ie\/en\/#website\",\"url\":\"https:\/\/dev.tg4.ie\/en\/\",\"name\":\"TG4\",\"description\":\"S\u00fail Eile\",\"potentialAction\":[{\"@type\":\"SearchAction\",\"target\":{\"@type\":\"EntryPoint\",\"urlTemplate\":\"https:\/\/dev.tg4.ie\/en\/?s={search_term_string}\"},\"query-input\":\"required name=search_term_string\"}],\"inLanguage\":\"en-ie\"}]}<\/script>\n<!-- \/ Yoast SEO plugin. -->","yoast_head_json":{"title":"John Rafferty from Belfast crowned 'Gl\u00f3r T\u00edre' champion 2019| TG4","robots":{"index":"index","follow":"follow","max-snippet":"max-snippet:-1","max-image-preview":"max-image-preview:large","max-video-preview":"max-video-preview:-1"},"og_locale":"en_US","og_type":"article","og_title":"John Rafferty from Belfast crowned 'Gl\u00f3r T\u00edre' champion 2019| TG4","og_description":"John Rafferty from Belfast was crowned TG4 &#8216;Gl\u00f3r T\u00edre&#8217; champion for 2019, live in The Quays in Galway last night. In a highly contested final, John Rafferty took the majority of the public votes to beat Damien Davis from Monaghan &amp;\u00a0Noreen Rabbette from Offaly, to take the coveted title of\u00a0&#8216;Gl\u00f3r T\u00edre&#8217; champion for 2019 and [&hellip;]","og_url":"https:\/\/dev.tg4.ie\/en\/information\/press\/press-releases\/2019-2\/john-rafferty-from-belfast-crowned-glor-tire-champion-2019\/","og_site_name":"TG4","article_publisher":"https:\/\/www.facebook.com\/TG4TV","article_modified_time":"2019-11-12T10:44:21+00:00","og_image":[{"width":1920,"height":1080,"url":"https:\/\/tg4-docs.s3.amazonaws.com\/wp-content\/uploads\/2024\/11\/18151812\/TG4_2024_corcra_teal_1-1920x1080-1.jpg","type":"image\/jpeg"}],"twitter_card":"summary_large_image","twitter_site":"@TG4TV","twitter_misc":{"Est. reading time":"1 minute"},"schema":{"@context":"https:\/\/schema.org","@graph":[{"@type":"WebPage","@id":"https:\/\/dev.tg4.ie\/en\/information\/press\/press-releases\/2019-2\/john-rafferty-from-belfast-crowned-glor-tire-champion-2019\/","url":"https:\/\/dev.tg4.ie\/en\/information\/press\/press-releases\/2019-2\/john-rafferty-from-belfast-crowned-glor-tire-champion-2019\/","name":"John Rafferty from Belfast crowned 'Gl\u00f3r T\u00edre' champion 2019| TG4","isPartOf":{"@id":"https:\/\/dev.tg4.ie\/en\/#website"},"primaryImageOfPage":{"@id":"https:\/\/dev.tg4.ie\/en\/information\/press\/press-releases\/2019-2\/john-rafferty-from-belfast-crowned-glor-tire-champion-2019\/#primaryimage"},"image":{"@id":"https:\/\/dev.tg4.ie\/en\/information\/press\/press-releases\/2019-2\/john-rafferty-from-belfast-crowned-glor-tire-champion-2019\/#primaryimage"},"thumbnailUrl":"","datePublished":"2019-03-27T10:57:38+00:00","dateModified":"2019-11-12T10:44:21+00:00","breadcrumb":{"@id":"https:\/\/dev.tg4.ie\/en\/information\/press\/press-releases\/2019-2\/john-rafferty-from-belfast-crowned-glor-tire-champion-2019\/#breadcrumb"},"inLanguage":"en-ie","potentialAction":[{"@type":"ReadAction","target":["https:\/\/dev.tg4.ie\/en\/information\/press\/press-releases\/2019-2\/john-rafferty-from-belfast-crowned-glor-tire-champion-2019\/"]}]},{"@type":"ImageObject","inLanguage":"en-ie","@id":"https:\/\/dev.tg4.ie\/en\/information\/press\/press-releases\/2019-2\/john-rafferty-from-belfast-crowned-glor-tire-champion-2019\/#primaryimage","url":"","contentUrl":""},{"@type":"BreadcrumbList","@id":"https:\/\/dev.tg4.ie\/en\/information\/press\/press-releases\/2019-2\/john-rafferty-from-belfast-crowned-glor-tire-champion-2019\/#breadcrumb","itemListElement":[{"@type":"ListItem","position":1,"name":"Home","item":"https:\/\/dev.tg4.ie\/en\/"},{"@type":"ListItem","position":2,"name":"Information","item":"https:\/\/dev.tg4.ie\/en\/information\/"},{"@type":"ListItem","position":3,"name":"Press","item":"https:\/\/dev.tg4.ie\/en\/information\/press\/"},{"@type":"ListItem","position":4,"name":"Press Releases","item":"https:\/\/dev.tg4.ie\/en\/information\/press\/press-releases\/"},{"@type":"ListItem","position":5,"name":"2019","item":"https:\/\/dev.tg4.ie\/en\/information\/press\/press-releases\/2019-2\/"},{"@type":"ListItem","position":6,"name":"John Rafferty from Belfast crowned &#8216;Gl\u00f3r T\u00edre&#8217; champion 2019"}]},{"@type":"WebSite","@id":"https:\/\/dev.tg4.ie\/en\/#website","url":"https:\/\/dev.tg4.ie\/en\/","name":"TG4","description":"S\u00fail Eile","potentialAction":[{"@type":"SearchAction","target":{"@type":"EntryPoint","urlTemplate":"https:\/\/dev.tg4.ie\/en\/?s={search_term_string}"},"query-input":"required name=search_term_string"}],"inLanguage":"en-ie"}]}},"_links":{"self":[{"href":"https:\/\/dev.tg4.ie\/en\/wp-json\/wp\/v2\/pages\/102504"}],"collection":[{"href":"https:\/\/dev.tg4.ie\/en\/wp-json\/wp\/v2\/pages"}],"about":[{"href":"https:\/\/dev.tg4.ie\/en\/wp-json\/wp\/v2\/types\/page"}],"author":[{"embeddable":true,"href":"https:\/\/dev.tg4.ie\/en\/wp-json\/wp\/v2\/users\/876"}],"replies":[{"embeddable":true,"href":"https:\/\/dev.tg4.ie\/en\/wp-json\/wp\/v2\/comments?post=102504"}],"version-history":[{"count":0,"href":"https:\/\/dev.tg4.ie\/en\/wp-json\/wp\/v2\/pages\/102504\/revisions"}],"up":[{"embeddable":true,"href":"https:\/\/dev.tg4.ie\/en\/wp-json\/wp\/v2\/pages\/98832"}],"wp:featuredmedia":[{"embeddable":true,"href":"https:\/\/dev.tg4.ie\/en\/wp-json\/"}],"wp:attachment":[{"href":"https:\/\/dev.tg4.ie\/en\/wp-json\/wp\/v2\/media?parent=102504"}],"curies":[{"name":"wp","href":"https:\/\/api.w.org\/{rel}","templated":true}]}}