{"id":102848,"date":"2019-07-01T15:01:42","date_gmt":"2019-07-01T14:01:42","guid":{"rendered":"https:\/\/nua.tg4.ie\/corporate\/press\/press-releases\/2019-2\/is-mise\/"},"modified":"2019-07-01T15:12:04","modified_gmt":"2019-07-01T14:12:04","slug":"is-mise","status":"publish","type":"page","link":"https:\/\/dev.tg4.ie\/en\/information\/press\/press-releases\/2019-2\/is-mise\/","title":{"rendered":"Is Mise"},"content":{"rendered":"<p>This new and original Irish language live action pre-school series produced by Meangadh F\u00edb\u00edn for TG4 was officially launched today Thursday 7<sup>th<\/sup> March in Galway\u2019s P\u00e1l\u00e1s Cinema at 4pm where the young presenters took to the red carpet in an Oscars themed event for a special screening. Nationwide screenings will also take place in centres throughout the country and more details to be announced on that very soon.<\/p>\n<p><strong>Is Mise&#8230;<\/strong> (52eps x 11\u2019) teaches children that they are young explorers and encourages young viewers to discover and experiment different experiences and it reflects TG4&#8217;s commitment to producing indigenous content for its Young People\u2019s schedule.<\/p>\n<p>This ambitious series follows four young presenters, as they discover the world from their own perspective.\u00a0 We follow R\u00edona, R\u00f3is\u00edn, Joey and C\u00f3il on various adventures as they learn and explore with activities ranging from a visit to the fire brigade team to flower making, from farming to a hip-hop dance lesson and from kayaking to riding horses. Each episode introduces a new experience relating to what children within this age group are interested in.<\/p>\n<p>With fluent Irish speaking presenters from the Donegal, Connemara and Kerry Gaeltachts, each presenter brings their very own unique personality to the series as we follow them on their adventures as we reveal true reflective views from the contemporary child.<\/p>\n<p>Mary Bailey, producer with Meangadh F\u00edb\u00edn said <em>\u201cWe are extremely proud of this series for C\u00fala4 na n\u00d3g and for the first time the channel will have a live action series presented by young presenters themselves as part of its schedule. It was our intention to produce entertaining content for a young audience and allow them to see their fellow peers as Irish speaking presenters. We thoroughly enjoyed making this series and we hope the young audience will enjoy it as much as we did. We are honoured and proud that TG4 will be doing a special broadcast of this series in its primetime schedule on the 18<sup>th<\/sup> of March as it will reflect the richness of the Irish language that is so evidently fastened in our young presenters.&#8221;<\/em><\/p>\n<p><strong>Is Mise&#8230; <\/strong>is full of warmth, curiosity and above all, full of authenticity and fun.<\/p>\n<p><u>Is Mise was commissioned by TG4 with the generous help of the Section 481 film relief fund.<\/u><\/p>\n<p><u>Is Mise will air every Monday and Wednesday from Monday 11<sup>th<\/sup> March on C\u00fala4 na n\u00d3g at 3pm. A special broadcast, an episode featuring each young presenter will air on Monday 18<sup>th<\/sup> March during TG4\u2019s primetime schedule after the evening Nuacht, starting at 7:15pm.<\/u><\/p>\n","protected":false},"excerpt":{"rendered":"<p>This new and original Irish language live action pre-school series produced by Meangadh F\u00edb\u00edn for TG4 was officially launched today Thursday 7th March in Galway\u2019s P\u00e1l\u00e1s Cinema at 4pm where the young presenters took to the red carpet in an Oscars themed event for a special screening. Nationwide screenings will also take place in centres [&hellip;]<\/p>\n","protected":false},"author":999,"featured_media":102846,"parent":98832,"menu_order":9,"comment_status":"closed","ping_status":"closed","template":"page-templates\/template-pr.php","meta":{"_acf_changed":false,"footnotes":""},"acf":[],"yoast_head":"<!-- This site is optimized with the Yoast SEO plugin v22.6 - https:\/\/yoast.com\/wordpress\/plugins\/seo\/ -->\n<title>Is Mise - TG4<\/title>\n<meta name=\"robots\" content=\"index, follow, max-snippet:-1, max-image-preview:large, max-video-preview:-1\" \/>\n<meta property=\"og:locale\" content=\"en_US\" \/>\n<meta property=\"og:type\" content=\"article\" \/>\n<meta property=\"og:title\" content=\"Is Mise - TG4\" \/>\n<meta property=\"og:description\" content=\"This new and original Irish language live action pre-school series produced by Meangadh F\u00edb\u00edn for TG4 was officially launched today Thursday 7th March in Galway\u2019s P\u00e1l\u00e1s Cinema at 4pm where the young presenters took to the red carpet in an Oscars themed event for a special screening. Nationwide screenings will also take place in centres [&hellip;]\" \/>\n<meta property=\"og:url\" content=\"https:\/\/dev.tg4.ie\/en\/information\/press\/press-releases\/2019-2\/is-mise\/\" \/>\n<meta property=\"og:site_name\" content=\"TG4\" \/>\n<meta property=\"article:publisher\" content=\"https:\/\/www.facebook.com\/TG4TV\" \/>\n<meta property=\"article:modified_time\" content=\"2019-07-01T14:12:04+00:00\" \/>\n<meta property=\"og:image\" content=\"https:\/\/tg4-docs.s3.amazonaws.com\/tg4-redesign-2015\/wp-content\/uploads\/2019\/07\/Is_Mise_1.jpg\" \/>\n\t<meta property=\"og:image:width\" content=\"1920\" \/>\n\t<meta property=\"og:image:height\" content=\"1080\" \/>\n\t<meta property=\"og:image:type\" content=\"image\/jpeg\" \/>\n<meta name=\"twitter:card\" content=\"summary_large_image\" \/>\n<meta name=\"twitter:site\" content=\"@TG4TV\" \/>\n<meta name=\"twitter:label1\" content=\"Est. reading time\" \/>\n\t<meta name=\"twitter:data1\" content=\"2 minutes\" \/>\n<script type=\"application\/ld+json\" class=\"yoast-schema-graph\">{\"@context\":\"https:\/\/schema.org\",\"@graph\":[{\"@type\":\"WebPage\",\"@id\":\"https:\/\/dev.tg4.ie\/en\/information\/press\/press-releases\/2019-2\/is-mise\/\",\"url\":\"https:\/\/dev.tg4.ie\/en\/information\/press\/press-releases\/2019-2\/is-mise\/\",\"name\":\"Is Mise - TG4\",\"isPartOf\":{\"@id\":\"https:\/\/dev.tg4.ie\/en\/#website\"},\"primaryImageOfPage\":{\"@id\":\"https:\/\/dev.tg4.ie\/en\/information\/press\/press-releases\/2019-2\/is-mise\/#primaryimage\"},\"image\":{\"@id\":\"https:\/\/dev.tg4.ie\/en\/information\/press\/press-releases\/2019-2\/is-mise\/#primaryimage\"},\"thumbnailUrl\":\"https:\/\/tg4-docs.s3.amazonaws.com\/tg4-redesign-2015\/wp-content\/uploads\/2019\/07\/Is_Mise_1.jpg\",\"datePublished\":\"2019-07-01T14:01:42+00:00\",\"dateModified\":\"2019-07-01T14:12:04+00:00\",\"breadcrumb\":{\"@id\":\"https:\/\/dev.tg4.ie\/en\/information\/press\/press-releases\/2019-2\/is-mise\/#breadcrumb\"},\"inLanguage\":\"en-ie\",\"potentialAction\":[{\"@type\":\"ReadAction\",\"target\":[\"https:\/\/dev.tg4.ie\/en\/information\/press\/press-releases\/2019-2\/is-mise\/\"]}]},{\"@type\":\"ImageObject\",\"inLanguage\":\"en-ie\",\"@id\":\"https:\/\/dev.tg4.ie\/en\/information\/press\/press-releases\/2019-2\/is-mise\/#primaryimage\",\"url\":\"https:\/\/tg4-docs.s3.amazonaws.com\/tg4-redesign-2015\/wp-content\/uploads\/2019\/07\/Is_Mise_1.jpg\",\"contentUrl\":\"https:\/\/tg4-docs.s3.amazonaws.com\/tg4-redesign-2015\/wp-content\/uploads\/2019\/07\/Is_Mise_1.jpg\",\"width\":1920,\"height\":1080,\"caption\":\"Is Mise - Joey, R\u00edona, R\u00f3is\u00edn agus C\u00f3il\"},{\"@type\":\"BreadcrumbList\",\"@id\":\"https:\/\/dev.tg4.ie\/en\/information\/press\/press-releases\/2019-2\/is-mise\/#breadcrumb\",\"itemListElement\":[{\"@type\":\"ListItem\",\"position\":1,\"name\":\"Home\",\"item\":\"https:\/\/dev.tg4.ie\/en\/\"},{\"@type\":\"ListItem\",\"position\":2,\"name\":\"Information\",\"item\":\"https:\/\/dev.tg4.ie\/en\/information\/\"},{\"@type\":\"ListItem\",\"position\":3,\"name\":\"Press\",\"item\":\"https:\/\/dev.tg4.ie\/en\/information\/press\/\"},{\"@type\":\"ListItem\",\"position\":4,\"name\":\"Press Releases\",\"item\":\"https:\/\/dev.tg4.ie\/en\/information\/press\/press-releases\/\"},{\"@type\":\"ListItem\",\"position\":5,\"name\":\"2019\",\"item\":\"https:\/\/dev.tg4.ie\/en\/information\/press\/press-releases\/2019-2\/\"},{\"@type\":\"ListItem\",\"position\":6,\"name\":\"Is Mise\"}]},{\"@type\":\"WebSite\",\"@id\":\"https:\/\/dev.tg4.ie\/en\/#website\",\"url\":\"https:\/\/dev.tg4.ie\/en\/\",\"name\":\"TG4\",\"description\":\"S\u00fail Eile\",\"potentialAction\":[{\"@type\":\"SearchAction\",\"target\":{\"@type\":\"EntryPoint\",\"urlTemplate\":\"https:\/\/dev.tg4.ie\/en\/?s={search_term_string}\"},\"query-input\":\"required name=search_term_string\"}],\"inLanguage\":\"en-ie\"}]}<\/script>\n<!-- \/ Yoast SEO plugin. -->","yoast_head_json":{"title":"Is Mise - TG4","robots":{"index":"index","follow":"follow","max-snippet":"max-snippet:-1","max-image-preview":"max-image-preview:large","max-video-preview":"max-video-preview:-1"},"og_locale":"en_US","og_type":"article","og_title":"Is Mise - TG4","og_description":"This new and original Irish language live action pre-school series produced by Meangadh F\u00edb\u00edn for TG4 was officially launched today Thursday 7th March in Galway\u2019s P\u00e1l\u00e1s Cinema at 4pm where the young presenters took to the red carpet in an Oscars themed event for a special screening. Nationwide screenings will also take place in centres [&hellip;]","og_url":"https:\/\/dev.tg4.ie\/en\/information\/press\/press-releases\/2019-2\/is-mise\/","og_site_name":"TG4","article_publisher":"https:\/\/www.facebook.com\/TG4TV","article_modified_time":"2019-07-01T14:12:04+00:00","og_image":[{"width":1920,"height":1080,"url":"https:\/\/tg4-docs.s3.amazonaws.com\/tg4-redesign-2015\/wp-content\/uploads\/2019\/07\/Is_Mise_1.jpg","type":"image\/jpeg"}],"twitter_card":"summary_large_image","twitter_site":"@TG4TV","twitter_misc":{"Est. reading time":"2 minutes"},"schema":{"@context":"https:\/\/schema.org","@graph":[{"@type":"WebPage","@id":"https:\/\/dev.tg4.ie\/en\/information\/press\/press-releases\/2019-2\/is-mise\/","url":"https:\/\/dev.tg4.ie\/en\/information\/press\/press-releases\/2019-2\/is-mise\/","name":"Is Mise - TG4","isPartOf":{"@id":"https:\/\/dev.tg4.ie\/en\/#website"},"primaryImageOfPage":{"@id":"https:\/\/dev.tg4.ie\/en\/information\/press\/press-releases\/2019-2\/is-mise\/#primaryimage"},"image":{"@id":"https:\/\/dev.tg4.ie\/en\/information\/press\/press-releases\/2019-2\/is-mise\/#primaryimage"},"thumbnailUrl":"https:\/\/tg4-docs.s3.amazonaws.com\/tg4-redesign-2015\/wp-content\/uploads\/2019\/07\/Is_Mise_1.jpg","datePublished":"2019-07-01T14:01:42+00:00","dateModified":"2019-07-01T14:12:04+00:00","breadcrumb":{"@id":"https:\/\/dev.tg4.ie\/en\/information\/press\/press-releases\/2019-2\/is-mise\/#breadcrumb"},"inLanguage":"en-ie","potentialAction":[{"@type":"ReadAction","target":["https:\/\/dev.tg4.ie\/en\/information\/press\/press-releases\/2019-2\/is-mise\/"]}]},{"@type":"ImageObject","inLanguage":"en-ie","@id":"https:\/\/dev.tg4.ie\/en\/information\/press\/press-releases\/2019-2\/is-mise\/#primaryimage","url":"https:\/\/tg4-docs.s3.amazonaws.com\/tg4-redesign-2015\/wp-content\/uploads\/2019\/07\/Is_Mise_1.jpg","contentUrl":"https:\/\/tg4-docs.s3.amazonaws.com\/tg4-redesign-2015\/wp-content\/uploads\/2019\/07\/Is_Mise_1.jpg","width":1920,"height":1080,"caption":"Is Mise - Joey, R\u00edona, R\u00f3is\u00edn agus C\u00f3il"},{"@type":"BreadcrumbList","@id":"https:\/\/dev.tg4.ie\/en\/information\/press\/press-releases\/2019-2\/is-mise\/#breadcrumb","itemListElement":[{"@type":"ListItem","position":1,"name":"Home","item":"https:\/\/dev.tg4.ie\/en\/"},{"@type":"ListItem","position":2,"name":"Information","item":"https:\/\/dev.tg4.ie\/en\/information\/"},{"@type":"ListItem","position":3,"name":"Press","item":"https:\/\/dev.tg4.ie\/en\/information\/press\/"},{"@type":"ListItem","position":4,"name":"Press Releases","item":"https:\/\/dev.tg4.ie\/en\/information\/press\/press-releases\/"},{"@type":"ListItem","position":5,"name":"2019","item":"https:\/\/dev.tg4.ie\/en\/information\/press\/press-releases\/2019-2\/"},{"@type":"ListItem","position":6,"name":"Is Mise"}]},{"@type":"WebSite","@id":"https:\/\/dev.tg4.ie\/en\/#website","url":"https:\/\/dev.tg4.ie\/en\/","name":"TG4","description":"S\u00fail Eile","potentialAction":[{"@type":"SearchAction","target":{"@type":"EntryPoint","urlTemplate":"https:\/\/dev.tg4.ie\/en\/?s={search_term_string}"},"query-input":"required name=search_term_string"}],"inLanguage":"en-ie"}]}},"_links":{"self":[{"href":"https:\/\/dev.tg4.ie\/en\/wp-json\/wp\/v2\/pages\/102848"}],"collection":[{"href":"https:\/\/dev.tg4.ie\/en\/wp-json\/wp\/v2\/pages"}],"about":[{"href":"https:\/\/dev.tg4.ie\/en\/wp-json\/wp\/v2\/types\/page"}],"author":[{"embeddable":true,"href":"https:\/\/dev.tg4.ie\/en\/wp-json\/wp\/v2\/users\/999"}],"replies":[{"embeddable":true,"href":"https:\/\/dev.tg4.ie\/en\/wp-json\/wp\/v2\/comments?post=102848"}],"version-history":[{"count":0,"href":"https:\/\/dev.tg4.ie\/en\/wp-json\/wp\/v2\/pages\/102848\/revisions"}],"up":[{"embeddable":true,"href":"https:\/\/dev.tg4.ie\/en\/wp-json\/wp\/v2\/pages\/98832"}],"wp:featuredmedia":[{"embeddable":true,"href":"https:\/\/dev.tg4.ie\/en\/wp-json\/wp\/v2\/media\/102846"}],"wp:attachment":[{"href":"https:\/\/dev.tg4.ie\/en\/wp-json\/wp\/v2\/media?parent=102848"}],"curies":[{"name":"wp","href":"https:\/\/api.w.org\/{rel}","templated":true}]}}