{"id":104498,"date":"2019-05-23T10:37:41","date_gmt":"2019-05-23T09:37:41","guid":{"rendered":"https:\/\/dev.tg4.ie\/?page_id=104498"},"modified":"2019-11-12T10:44:22","modified_gmt":"2019-11-12T10:44:22","slug":"rte-tg4-exclusive-red-c-election-exit-poll","status":"publish","type":"page","link":"https:\/\/dev.tg4.ie\/en\/information\/press\/press-releases\/2019-2\/rte-tg4-exclusive-red-c-election-exit-poll\/","title":{"rendered":"RT\u00c9\/TG4 Exclusive Red C Election Exit Poll"},"content":{"rendered":"<div>\n<div>An Exit Poll specially commissioned by<span>\u00a0<\/span><strong>RT\u00c9<\/strong><span>\u00a0<\/span>and<span>\u00a0<\/span><strong>TG4<\/strong><span>\u00a0<\/span>from independent research company<span>\u00a0<\/span><strong>Red C<\/strong><span>\u00a0<\/span>will give a unique insight into voters opinions on the local and European elections, the referendum and a number of other relevant issues.<\/div>\n<div><\/div>\n<div>\n<p>The poll will give a comprehensive view of voting patterns, as 3,000 people will be interviewed immediately after they have exited the polling stations on the 24th May.<\/p>\n<\/div>\n<div>\n<p>The<span>\u00a0<\/span><strong>RT\u00c9\/TG4<\/strong><span>\u00a0<\/span>Exit Poll result will be announced\u00a0on Friday night, following the close of polls,\u00a0by\u00a0<strong>David McCullagh<\/strong><span>\u00a0<\/span>and\u00a0<strong>P\u00e1id\u00ed \u00d3 Lionaird<\/strong>\u00a0on\u00a0<em><strong>The Late Late Show<\/strong>\u00a0<\/em>.\u00a0Further results\u00a0and breakdown\u00a0will be\u00a0released on\u00a0<strong><em>V\u00f3ta 2019<\/em>\u00a0<\/strong>on<span>\u00a0<\/span><strong>TG4<\/strong>.<\/p>\n<\/div>\n<div>\n<p><strong><em>V\u00f3ta 2019<\/em>\u00a0<\/strong>on<span>\u00a0<\/span><strong>TG4<\/strong><span>\u00a0<\/span>will feature all the latest news and analysis on the European and Local Elections, the Referendum and Plebiscites. Presented by<span>\u00a0<\/span><strong>P\u00e1id\u00ed \u00d3 Lionaird<\/strong><span>\u00a0<\/span>and<span>\u00a0<\/span><strong>Eimear N\u00ed Chonaola <\/strong>the programmes will bring live updates from the count centres as well as analysis from studio panels including former Fine Gael leader Alan Dukes and former T\u00e1naiste Mary Coughlan.<\/p>\n<\/div>\n<div>\n<p><strong><em>V\u00f3ta 2019<\/em><\/strong><span>\u00a0<\/span>will be broadcast over four programmes &#8211; Saturday 11:30am-1:30pm and 5.00pm-6.00pm and Sunday 11.00am-1.00pm and 7.00pm-8.00pm.<\/p>\n<\/div>\n<div>You can also follow all the news from<span>\u00a0<\/span><strong>Nuacht TG4<\/strong><span>\u00a0<\/span>on our social media platforms<span>\u00a0<\/span><a href=\"https:\/\/twitter.com\/NuachtTG4\" target=\"_blank\" rel=\"noopener noreferrer\"><strong>@NuachtTG4<\/strong><\/a><span>\u00a0<\/span>and by following<span>\u00a0<\/span><a href=\"https:\/\/twitter.com\/search?f=tweets&amp;vertical=default&amp;q=%23v%C3%B3ta2019&amp;src=typd&amp;lang=en\" target=\"_blank\" rel=\"noopener noreferrer\"><strong>#V\u00f3ta2019<\/strong><\/a><span>\u00a0<\/span>and on<span>\u00a0<\/span><strong><a href=\"https:\/\/dev.tg4.ie\/nuacht\/\" target=\"_blank\" rel=\"noopener noreferrer\" data-auth=\"NotApplicable\">www.TG4.ie\/nuacht<\/a><\/strong>.<\/div>\n<\/div>\n<p>&nbsp;<\/p>\n<hr \/>\n<p>&nbsp;<\/p>\n<p><span>Full RT\u00c9 Press Release<\/span>:<\/p>\n<p>&nbsp;<\/p>\n<p><strong>RT\u00c9 and TG4\u00a0Commission Election Exit Poll As Part of Dedicated Election Results Coverage<\/strong><\/p>\n<p>&nbsp;<\/p>\n<p>RT\u00c9 has joined with TG4 to\u00a0commission an Election Exit Poll among its comprehensive elections results coverage across television, radio, digital platforms.\u00a0The RT\u00c9 \/ TG4 Exit Poll, conducted by independent research company Red C, will look to reflect voting patterns in the European and Local Elections\u00a0nationwide, and the referendum,\u00a0interviewing over 3,000 people across Ireland immediately\u00a0after they have voted on Friday 24 May.<\/p>\n<p>The RT\u00c9 \/ TG4 Exit Poll result will be announced\u00a0on Friday night, following the close of polls,\u00a0by\u00a0David McCullagh and\u00a0P\u00e1id\u00ed \u00d3 Lionaird\u00a0on\u00a0<em>The Late Late Show\u00a0<\/em>and published simultaneously\u00a0on RT\u00c9.ie.\u00a0Further results\u00a0and breakdown\u00a0will be\u00a0released simultaneously\u00a0on\u00a0RT\u00c9.ie and\u00a0RT\u00c9 Radio 1&#8217;s\u00a0<em>Vote 2019<\/em>\u00a0\u00a0from 9.00am on Saturday and on\u00a0<em>V\u00f3ta 2019<\/em>\u00a0on TG4.<\/p>\n<p>Online and mobile coverage will run on RT\u00c9.ie, the RT\u00c9 News Now app and RT\u00c9 Player\u00a0from the opening of boxes right through to the completion of\u00a0counts and the final declarations.\u00a0Throughout the weekend, wherever you are, you can follow the results via the RT\u00c9\u00a0News Now app.\u00a0RT\u00c9.ie will run a live blog covering every detail as the count unfolds with the latest results and analysis\u00a0on\u00a0European and Local Elections, Divorce\u00a0Referendum and\u00a0Plebiscites\u00a0with\u00a0coverage also carried\u00a0across RT\u00c9 accounts on\u00a0Facebook, Twitter and Instagram.<\/p>\n<p>&nbsp;<\/p>\n<p>As\u00a0counting begins on Saturday 25 May,\u00a0RT\u00c9 Radio 1&#8217;s coverage will\u00a0feature a\u00a0special\u00a0<em>Vote 2019<\/em>\u00a0programme\u00a0at 9.00am, presented by Sean O&#8217;Rourke and\u00a0Rachael English,\u00a0and will continue\u00a0through the day with discussion, debate and analysis on\u00a0<em>The\u00a0Marian Finucane\u00a0Show\u00a0<\/em>from 11.00am<em>.\u00a0<\/em>Katie Hannon\u00a0will then continue presenting the latest election results radio coverage from 1.00pm &#8211; 3.00pm\u00a0when she will be joined by a panel of guests for opinion and analysis along with updates from across the regions.<\/p>\n<p>RT\u00c9 One television\u2019s\u00a0<em>Election \u00a02019\u00a0<\/em>live coverage begins at 11.00am &#8211; 1.00pm as\u00a0Bryan Dobson, Claire Byrne and David McCullagh\u00a0host studio discussion and reaction, including\u00a0analysis of\u00a0the exclusive\u00a0RT\u00c9\/ TG4 Exit Poll\u00a0and\u00a0the latest reports from count centres across the country.\u00a0<em>Elections 2019<\/em>\u00a0continues on RT\u00c9 One television at\u00a03.00pm with comprehensive coverage of results from the Local Elections and the Divorce\u00a0Referendum, with live count updates from around the country\u00a0and tally indications from the European Elections\u00a0leading up to the\u00a0<em>Six One News<\/em>.<\/p>\n<p><em>V\u00f3ta 2019<\/em>\u00a0on TG4 will feature all the latest news and analysis on the European and Local Elections, the Referendum and Plebiscites. Presented by P\u00e1id\u00ed \u00d3 Lionaird and Eimear N\u00ed Chonaola the programmes will bring live updates from the count centres as well as analysis from studio panels including former Fine Gael leader Alan Dukes and former T\u00e1naiste Mary Coughlan. With four programmes (Saturday 11:30am-1:30pm and 5.00-6.00pm, Sunday 11.00am-1.00pm and 7.00pm-8.00pm), this RT\u00c9 Nuacht production for TG4 promises a lively mix of information and analysis. As well as updates on RT\u00c9 One, Nuacht RT\u00c9\/TG4 will be providing coverage across the weekend online and on social media.<\/p>\n<p>RT\u00c9\u2019s elections results coverage on Sunday 26\u00a0May will begin with a special two\u00a0hour-long\u00a0<em>Vote 2019<\/em>\u00a0broadcast with Rachael English and Mary Wilson from\u00a09.00am on RT\u00c9 Radio 1. This will be followed by a\u00a0<em>Marian Finucane Election Special<\/em>\u00a0at 11.00am, while Gavin Jennings\u00a0and Justin McCarthy\u00a0will\u00a0be at the helm for\u00a0an extended\u00a0<em>This Week<\/em>\u00a0programme\u00a0at 1.00pm with further elections discussion and analysis. A special\u00a0<em>Late Debate\u00a0<\/em>with Sarah\u00a0McInerney will\u00a0report and reflect on the results of the European Elections from 10.00pm.<\/p>\n<p>From\u00a011.00am\u00a0on Sunday on RT\u00c9 One television,\u00a0Aine Lawlor, Miriam O\u2019Callaghan\u00a0and David McCullagh will present\u00a0results, analysis and comment on the Local Elections\u00a0and the Divorce\u00a0Referendum,\u00a0along with live reports from around the country on the progress of the European Election count. As the final\u00a0polls close\u00a0across\u00a0Europe at 10.00pm,\u00a0Bryan Dobson, Miriam O&#8217;Callaghan and David McCullagh return with comprehensive live coverage of the European Elections, with result\u00a0and reports from the three count centres around Ireland, updates from Brussels and London\u00a0on the progress of the international counts, along with studio discussion and reaction.<\/p>\n<p>RT\u00c9 Raidi\u00f3 na Gaeltachta will have comprehensive coverage of the results of the Local and European Elections, and the Referendum on Divorce, throughout the weekend, starting at 10.15 am on Saturday morning with\u00a0<em>L\u00e1 an Chomhairimh<\/em>, and continuing throughout the day, with coverage on Sunday from 9.30 am.\u00a0There will be reporters in count centres across the country, and panelists in studio to analyse the results.\u00a0Panelists will include\u00a0former MEP\u00a0Se\u00e1n \u00d3 Neachtain, journalists\u00a0\u00c1ine N\u00ed Chiar\u00e1in and Cathal Mac Coille, statistics expert\u00a0Donncha \u00d3 h\u00c9allaithe, former Minister for Finance\u00a0Alan Dukes, Aoife N\u00ed Sh\u00failleabh\u00e1in from SIPTU, historian\u00a0Cormac \u00d3 Comhra\u00ed, History\u00a0Professor\u00a0Emeritus Gear\u00f3id \u00d3 Tuathaigh, and\u00a0Eoin \u00d3 Cath\u00e1in, commentator on European matters.\u00a0 The coverage will be presented by Gormfhlaith N\u00ed Thuairisg and M\u00e1ir\u00edn N\u00ed Ghadhra.<\/p>\n<p>Coverage will also continue on programmes on the station on Monday and includes\u00a0a special\u00a0<em>Late Debate<\/em>\u00a0with\u00a0Sarah McInerney on RT\u00c9 Radio 1 at 10.00pm.<\/p>\n<p><strong>&#8211;\u00a0 Ends \u00a0&#8211;<\/strong><\/p>\n<p>&nbsp;<\/p>\n","protected":false},"excerpt":{"rendered":"<p>An Exit Poll specially commissioned by\u00a0RT\u00c9\u00a0and\u00a0TG4\u00a0from independent research company\u00a0Red C\u00a0will give a unique insight into voters opinions on the local and European elections, the referendum and a number of other relevant issues. The poll will give a comprehensive view of voting patterns, as 3,000 people will be interviewed immediately after they have exited the polling [&hellip;]<\/p>\n","protected":false},"author":876,"featured_media":104503,"parent":98832,"menu_order":18,"comment_status":"closed","ping_status":"closed","template":"page-templates\/template-pr.php","meta":{"_acf_changed":false,"footnotes":""},"acf":[],"yoast_head":"<!-- This site is optimized with the Yoast SEO plugin v22.6 - https:\/\/yoast.com\/wordpress\/plugins\/seo\/ -->\n<title>RT\u00c9\/TG4 Exclusive Red C Election Exit Poll - TG4<\/title>\n<meta name=\"robots\" content=\"index, follow, max-snippet:-1, max-image-preview:large, max-video-preview:-1\" \/>\n<meta property=\"og:locale\" content=\"en_US\" \/>\n<meta property=\"og:type\" content=\"article\" \/>\n<meta property=\"og:title\" content=\"RT\u00c9\/TG4 Exclusive Red C Election Exit Poll - TG4\" \/>\n<meta property=\"og:description\" content=\"An Exit Poll specially commissioned by\u00a0RT\u00c9\u00a0and\u00a0TG4\u00a0from independent research company\u00a0Red C\u00a0will give a unique insight into voters opinions on the local and European elections, the referendum and a number of other relevant issues. The poll will give a comprehensive view of voting patterns, as 3,000 people will be interviewed immediately after they have exited the polling [&hellip;]\" \/>\n<meta property=\"og:url\" content=\"https:\/\/dev.tg4.ie\/en\/information\/press\/press-releases\/2019-2\/rte-tg4-exclusive-red-c-election-exit-poll\/\" \/>\n<meta property=\"og:site_name\" content=\"TG4\" \/>\n<meta property=\"article:publisher\" content=\"https:\/\/www.facebook.com\/TG4TV\" \/>\n<meta property=\"article:modified_time\" content=\"2019-11-12T10:44:22+00:00\" \/>\n<meta property=\"og:image\" content=\"https:\/\/tg4-docs.s3.amazonaws.com\/wp-content\/uploads\/2024\/11\/18151812\/TG4_2024_corcra_teal_1-1920x1080-1.jpg\" \/>\n\t<meta property=\"og:image:width\" content=\"1920\" \/>\n\t<meta property=\"og:image:height\" content=\"1080\" \/>\n\t<meta property=\"og:image:type\" content=\"image\/jpeg\" \/>\n<meta name=\"twitter:card\" content=\"summary_large_image\" \/>\n<meta name=\"twitter:site\" content=\"@TG4TV\" \/>\n<meta name=\"twitter:label1\" content=\"Est. reading time\" \/>\n\t<meta name=\"twitter:data1\" content=\"5 minutes\" \/>\n<script type=\"application\/ld+json\" class=\"yoast-schema-graph\">{\"@context\":\"https:\/\/schema.org\",\"@graph\":[{\"@type\":\"WebPage\",\"@id\":\"https:\/\/dev.tg4.ie\/en\/information\/press\/press-releases\/2019-2\/rte-tg4-exclusive-red-c-election-exit-poll\/\",\"url\":\"https:\/\/dev.tg4.ie\/en\/information\/press\/press-releases\/2019-2\/rte-tg4-exclusive-red-c-election-exit-poll\/\",\"name\":\"RT\u00c9\/TG4 Exclusive Red C Election Exit Poll - TG4\",\"isPartOf\":{\"@id\":\"https:\/\/dev.tg4.ie\/en\/#website\"},\"primaryImageOfPage\":{\"@id\":\"https:\/\/dev.tg4.ie\/en\/information\/press\/press-releases\/2019-2\/rte-tg4-exclusive-red-c-election-exit-poll\/#primaryimage\"},\"image\":{\"@id\":\"https:\/\/dev.tg4.ie\/en\/information\/press\/press-releases\/2019-2\/rte-tg4-exclusive-red-c-election-exit-poll\/#primaryimage\"},\"thumbnailUrl\":\"\",\"datePublished\":\"2019-05-23T09:37:41+00:00\",\"dateModified\":\"2019-11-12T10:44:22+00:00\",\"breadcrumb\":{\"@id\":\"https:\/\/dev.tg4.ie\/en\/information\/press\/press-releases\/2019-2\/rte-tg4-exclusive-red-c-election-exit-poll\/#breadcrumb\"},\"inLanguage\":\"en-ie\",\"potentialAction\":[{\"@type\":\"ReadAction\",\"target\":[\"https:\/\/dev.tg4.ie\/en\/information\/press\/press-releases\/2019-2\/rte-tg4-exclusive-red-c-election-exit-poll\/\"]}]},{\"@type\":\"ImageObject\",\"inLanguage\":\"en-ie\",\"@id\":\"https:\/\/dev.tg4.ie\/en\/information\/press\/press-releases\/2019-2\/rte-tg4-exclusive-red-c-election-exit-poll\/#primaryimage\",\"url\":\"\",\"contentUrl\":\"\"},{\"@type\":\"BreadcrumbList\",\"@id\":\"https:\/\/dev.tg4.ie\/en\/information\/press\/press-releases\/2019-2\/rte-tg4-exclusive-red-c-election-exit-poll\/#breadcrumb\",\"itemListElement\":[{\"@type\":\"ListItem\",\"position\":1,\"name\":\"Home\",\"item\":\"https:\/\/dev.tg4.ie\/en\/\"},{\"@type\":\"ListItem\",\"position\":2,\"name\":\"Information\",\"item\":\"https:\/\/dev.tg4.ie\/en\/information\/\"},{\"@type\":\"ListItem\",\"position\":3,\"name\":\"Press\",\"item\":\"https:\/\/dev.tg4.ie\/en\/information\/press\/\"},{\"@type\":\"ListItem\",\"position\":4,\"name\":\"Press Releases\",\"item\":\"https:\/\/dev.tg4.ie\/en\/information\/press\/press-releases\/\"},{\"@type\":\"ListItem\",\"position\":5,\"name\":\"2019\",\"item\":\"https:\/\/dev.tg4.ie\/en\/information\/press\/press-releases\/2019-2\/\"},{\"@type\":\"ListItem\",\"position\":6,\"name\":\"RT\u00c9\/TG4 Exclusive Red C Election Exit Poll\"}]},{\"@type\":\"WebSite\",\"@id\":\"https:\/\/dev.tg4.ie\/en\/#website\",\"url\":\"https:\/\/dev.tg4.ie\/en\/\",\"name\":\"TG4\",\"description\":\"S\u00fail Eile\",\"potentialAction\":[{\"@type\":\"SearchAction\",\"target\":{\"@type\":\"EntryPoint\",\"urlTemplate\":\"https:\/\/dev.tg4.ie\/en\/?s={search_term_string}\"},\"query-input\":\"required name=search_term_string\"}],\"inLanguage\":\"en-ie\"}]}<\/script>\n<!-- \/ Yoast SEO plugin. -->","yoast_head_json":{"title":"RT\u00c9\/TG4 Exclusive Red C Election Exit Poll - TG4","robots":{"index":"index","follow":"follow","max-snippet":"max-snippet:-1","max-image-preview":"max-image-preview:large","max-video-preview":"max-video-preview:-1"},"og_locale":"en_US","og_type":"article","og_title":"RT\u00c9\/TG4 Exclusive Red C Election Exit Poll - TG4","og_description":"An Exit Poll specially commissioned by\u00a0RT\u00c9\u00a0and\u00a0TG4\u00a0from independent research company\u00a0Red C\u00a0will give a unique insight into voters opinions on the local and European elections, the referendum and a number of other relevant issues. The poll will give a comprehensive view of voting patterns, as 3,000 people will be interviewed immediately after they have exited the polling [&hellip;]","og_url":"https:\/\/dev.tg4.ie\/en\/information\/press\/press-releases\/2019-2\/rte-tg4-exclusive-red-c-election-exit-poll\/","og_site_name":"TG4","article_publisher":"https:\/\/www.facebook.com\/TG4TV","article_modified_time":"2019-11-12T10:44:22+00:00","og_image":[{"width":1920,"height":1080,"url":"https:\/\/tg4-docs.s3.amazonaws.com\/wp-content\/uploads\/2024\/11\/18151812\/TG4_2024_corcra_teal_1-1920x1080-1.jpg","type":"image\/jpeg"}],"twitter_card":"summary_large_image","twitter_site":"@TG4TV","twitter_misc":{"Est. reading time":"5 minutes"},"schema":{"@context":"https:\/\/schema.org","@graph":[{"@type":"WebPage","@id":"https:\/\/dev.tg4.ie\/en\/information\/press\/press-releases\/2019-2\/rte-tg4-exclusive-red-c-election-exit-poll\/","url":"https:\/\/dev.tg4.ie\/en\/information\/press\/press-releases\/2019-2\/rte-tg4-exclusive-red-c-election-exit-poll\/","name":"RT\u00c9\/TG4 Exclusive Red C Election Exit Poll - TG4","isPartOf":{"@id":"https:\/\/dev.tg4.ie\/en\/#website"},"primaryImageOfPage":{"@id":"https:\/\/dev.tg4.ie\/en\/information\/press\/press-releases\/2019-2\/rte-tg4-exclusive-red-c-election-exit-poll\/#primaryimage"},"image":{"@id":"https:\/\/dev.tg4.ie\/en\/information\/press\/press-releases\/2019-2\/rte-tg4-exclusive-red-c-election-exit-poll\/#primaryimage"},"thumbnailUrl":"","datePublished":"2019-05-23T09:37:41+00:00","dateModified":"2019-11-12T10:44:22+00:00","breadcrumb":{"@id":"https:\/\/dev.tg4.ie\/en\/information\/press\/press-releases\/2019-2\/rte-tg4-exclusive-red-c-election-exit-poll\/#breadcrumb"},"inLanguage":"en-ie","potentialAction":[{"@type":"ReadAction","target":["https:\/\/dev.tg4.ie\/en\/information\/press\/press-releases\/2019-2\/rte-tg4-exclusive-red-c-election-exit-poll\/"]}]},{"@type":"ImageObject","inLanguage":"en-ie","@id":"https:\/\/dev.tg4.ie\/en\/information\/press\/press-releases\/2019-2\/rte-tg4-exclusive-red-c-election-exit-poll\/#primaryimage","url":"","contentUrl":""},{"@type":"BreadcrumbList","@id":"https:\/\/dev.tg4.ie\/en\/information\/press\/press-releases\/2019-2\/rte-tg4-exclusive-red-c-election-exit-poll\/#breadcrumb","itemListElement":[{"@type":"ListItem","position":1,"name":"Home","item":"https:\/\/dev.tg4.ie\/en\/"},{"@type":"ListItem","position":2,"name":"Information","item":"https:\/\/dev.tg4.ie\/en\/information\/"},{"@type":"ListItem","position":3,"name":"Press","item":"https:\/\/dev.tg4.ie\/en\/information\/press\/"},{"@type":"ListItem","position":4,"name":"Press Releases","item":"https:\/\/dev.tg4.ie\/en\/information\/press\/press-releases\/"},{"@type":"ListItem","position":5,"name":"2019","item":"https:\/\/dev.tg4.ie\/en\/information\/press\/press-releases\/2019-2\/"},{"@type":"ListItem","position":6,"name":"RT\u00c9\/TG4 Exclusive Red C Election Exit Poll"}]},{"@type":"WebSite","@id":"https:\/\/dev.tg4.ie\/en\/#website","url":"https:\/\/dev.tg4.ie\/en\/","name":"TG4","description":"S\u00fail Eile","potentialAction":[{"@type":"SearchAction","target":{"@type":"EntryPoint","urlTemplate":"https:\/\/dev.tg4.ie\/en\/?s={search_term_string}"},"query-input":"required name=search_term_string"}],"inLanguage":"en-ie"}]}},"_links":{"self":[{"href":"https:\/\/dev.tg4.ie\/en\/wp-json\/wp\/v2\/pages\/104498"}],"collection":[{"href":"https:\/\/dev.tg4.ie\/en\/wp-json\/wp\/v2\/pages"}],"about":[{"href":"https:\/\/dev.tg4.ie\/en\/wp-json\/wp\/v2\/types\/page"}],"author":[{"embeddable":true,"href":"https:\/\/dev.tg4.ie\/en\/wp-json\/wp\/v2\/users\/876"}],"replies":[{"embeddable":true,"href":"https:\/\/dev.tg4.ie\/en\/wp-json\/wp\/v2\/comments?post=104498"}],"version-history":[{"count":0,"href":"https:\/\/dev.tg4.ie\/en\/wp-json\/wp\/v2\/pages\/104498\/revisions"}],"up":[{"embeddable":true,"href":"https:\/\/dev.tg4.ie\/en\/wp-json\/wp\/v2\/pages\/98832"}],"wp:featuredmedia":[{"embeddable":true,"href":"https:\/\/dev.tg4.ie\/en\/wp-json\/"}],"wp:attachment":[{"href":"https:\/\/dev.tg4.ie\/en\/wp-json\/wp\/v2\/media?parent=104498"}],"curies":[{"name":"wp","href":"https:\/\/api.w.org\/{rel}","templated":true}]}}