{"id":107463,"date":"2019-07-16T14:39:00","date_gmt":"2019-07-16T13:39:16","guid":{"rendered":"https:\/\/dev.tg4.ie\/?page_id=107463"},"modified":"2019-11-12T10:44:24","modified_gmt":"2019-11-12T10:44:24","slug":"deirdre-ni-choistin-appointed-tg4-communications-manager","status":"publish","type":"page","link":"https:\/\/dev.tg4.ie\/en\/information\/press\/press-releases\/2019-2\/deirdre-ni-choistin-appointed-tg4-communications-manager\/","title":{"rendered":"Deirdre N\u00ed Choist\u00edn appointed  TG4 Communications Manager"},"content":{"rendered":"<p style=\"margin-bottom: 12.0pt;\">Deirdre N\u00ed Choist\u00edn is currently Editor of <strong>TG4<\/strong>\u2019s online video hub <a href=\"http:\/\/mhq70911clink.tg4.ie\/wf\/click?upn=DMnoIDgvXpndRAgorK-2BFv7U-2BMpHNoAM40r4dSaUsWyw-3D_Q7QzZ7iXo-2FBXM79C9lXioB92AeZYLSCGbU1-2B3jBWG7UyYzRcdsm2FqyHe1gWJ96e-2Beuqp-2BjE0M4Me-2FeJUZ-2BEznO2AgumoRcR0-2FaLr9qn1hhFxyL-2FLeP7JABoU4ohsAPjTNzIyYFYNzik5HKUN4ongzPtiHQvORbDf28Gi-2F1tYDSARiAgr3iBdAsvIKZeRVl09CvQ66okCFK4PCd11roHhW7SAKglylQMC0r-2F6xiHjARWzWJoFTKe7P-2FkKVOlhQNoEA1SS-2B2pBNFnsYv1oU03DA-3D-3D\">MOLSC\u00c9AL<\/a>. Molsc\u00e9al was established in 2017, led by Deirdre, to create online short-form video content for <strong>TG4<\/strong>\u2019s core audience.<\/p>\n<p style=\"margin-bottom: 12.0pt;\">Deirdre was also editor of online marketing campaigns for programmes such as <em>\u2018B\u00e1d\u00f3ir\u00ed\u2019, \u2018Bailte\u2019, \u2018Gl\u00f3r T\u00edre\u2019<\/em> and <em>\u2018Opry le Daniel\u2019.<\/em><\/p>\n<p style=\"margin-bottom: 12.0pt;\">Deirdre has broad experience in <strong>TG4<\/strong>, beginning her career there aged 22 after graduating from NUIG\u2019s Irish Language Higher Diploma in Media. She spent 14 years as a producer &amp; director of <strong>TG4<\/strong>\u2019s current affairs series \u2018<em>7 L<\/em>\u00e1\u2019, as well as on programmes such as \u2018<em>Comhr\u00e1\u2019<\/em>, \u2018<em>R\u00f3is\u00edn\u2019<\/em> and \u2018<em>L\u00e9irmheas Leabhar\u2019<\/em>.<\/p>\n<p>Deirdre had a central role in all of <strong>TG4<\/strong>\u2019s election programmes since 2002, working alongside P\u00e1id\u00ed \u00d3 Lion\u00e1ird, Breand\u00e1n Delap and the <em>Nuacht TG4<\/em> and <em>7 L\u00e1<\/em> production teams.<\/p>\n<p>Speaking after today\u2019s announcement, <strong>TG4\u2019s Director of Marketing, Development and Partnerships, Lis N\u00ed Dh\u00e1laigh<\/strong>, says:<\/p>\n<p>\u201cWe welcome Deirdre N\u00ed Choist\u00edn\u2019s appointment to this role. Deirdre has extensive experience in many aspects of broadcasting and an in-depth understanding of <strong>TG4<\/strong>\u2019s strategy and audience. She has worked as a Producer \/ Editor on both current affairs and entertainment programmes and has developed her skills in Content Marketing and Digital Communications through her work with both Molsc\u00e9al and <strong>TG4<\/strong>.\u00a0 I have no doubt that she will take on her new responsibilities with energy and commitment to ensure audience awareness \u00a0and engagement with <strong>TG4<\/strong>\u2019s content and services.\u201d<\/p>\n<p style=\"margin-bottom: 12.0pt;\">Deirdre grew up in Kilcock, Co. Kildare. Her father is from An Rinn, Co Waterford and her mother is from Borris, Co. Carlow. \u00a0She attended one of the country\u2019s first Gaelscoil\u2019s, Scoil Chearbhaill U\u00ed Dh\u00e1laigh in Leixlip and went on to study Irish and French in Trinity College Dublin.<\/p>\n<p>She is married to Breand\u00e1n \u00d3 Conl\u00e1in from An Spid\u00e9al, where they now live with their four boys, Finian, Fiachra, Darach and \u00c9anna.<\/p>\n<p style=\"margin-bottom: 12.0pt;\">Deirdre N\u00ed Choist\u00edn takes up her new position in the middle of August.<\/p>\n","protected":false},"excerpt":{"rendered":"<p>Deirdre N\u00ed Choist\u00edn is currently Editor of TG4\u2019s online video hub MOLSC\u00c9AL. Molsc\u00e9al was established in 2017, led by Deirdre, to create online short-form video content for TG4\u2019s core audience. Deirdre was also editor of online marketing campaigns for programmes such as \u2018B\u00e1d\u00f3ir\u00ed\u2019, \u2018Bailte\u2019, \u2018Gl\u00f3r T\u00edre\u2019 and \u2018Opry le Daniel\u2019. Deirdre has broad experience in [&hellip;]<\/p>\n","protected":false},"author":876,"featured_media":107466,"parent":98832,"menu_order":26,"comment_status":"closed","ping_status":"closed","template":"page-templates\/template-pr.php","meta":{"_acf_changed":false,"footnotes":""},"acf":[],"yoast_head":"<!-- This site is optimized with the Yoast SEO plugin v22.6 - https:\/\/yoast.com\/wordpress\/plugins\/seo\/ -->\n<title>Deirdre N\u00ed Choist\u00edn appointed TG4 Communications Manager - TG4<\/title>\n<meta name=\"robots\" content=\"index, follow, max-snippet:-1, max-image-preview:large, max-video-preview:-1\" \/>\n<meta property=\"og:locale\" content=\"en_US\" \/>\n<meta property=\"og:type\" content=\"article\" \/>\n<meta property=\"og:title\" content=\"Deirdre N\u00ed Choist\u00edn appointed TG4 Communications Manager - TG4\" \/>\n<meta property=\"og:description\" content=\"Deirdre N\u00ed Choist\u00edn is currently Editor of TG4\u2019s online video hub MOLSC\u00c9AL. Molsc\u00e9al was established in 2017, led by Deirdre, to create online short-form video content for TG4\u2019s core audience. Deirdre was also editor of online marketing campaigns for programmes such as \u2018B\u00e1d\u00f3ir\u00ed\u2019, \u2018Bailte\u2019, \u2018Gl\u00f3r T\u00edre\u2019 and \u2018Opry le Daniel\u2019. Deirdre has broad experience in [&hellip;]\" \/>\n<meta property=\"og:url\" content=\"https:\/\/dev.tg4.ie\/en\/information\/press\/press-releases\/2019-2\/deirdre-ni-choistin-appointed-tg4-communications-manager\/\" \/>\n<meta property=\"og:site_name\" content=\"TG4\" \/>\n<meta property=\"article:publisher\" content=\"https:\/\/www.facebook.com\/TG4TV\" \/>\n<meta property=\"article:modified_time\" content=\"2019-11-12T10:44:24+00:00\" \/>\n<meta property=\"og:image\" content=\"https:\/\/tg4-docs.s3.amazonaws.com\/wp-content\/uploads\/2024\/11\/18151812\/TG4_2024_corcra_teal_1-1920x1080-1.jpg\" \/>\n\t<meta property=\"og:image:width\" content=\"1920\" \/>\n\t<meta property=\"og:image:height\" content=\"1080\" \/>\n\t<meta property=\"og:image:type\" content=\"image\/jpeg\" \/>\n<meta name=\"twitter:card\" content=\"summary_large_image\" \/>\n<meta name=\"twitter:site\" content=\"@TG4TV\" \/>\n<meta name=\"twitter:label1\" content=\"Est. reading time\" \/>\n\t<meta name=\"twitter:data1\" content=\"2 minutes\" \/>\n<script type=\"application\/ld+json\" class=\"yoast-schema-graph\">{\"@context\":\"https:\/\/schema.org\",\"@graph\":[{\"@type\":\"WebPage\",\"@id\":\"https:\/\/dev.tg4.ie\/en\/information\/press\/press-releases\/2019-2\/deirdre-ni-choistin-appointed-tg4-communications-manager\/\",\"url\":\"https:\/\/dev.tg4.ie\/en\/information\/press\/press-releases\/2019-2\/deirdre-ni-choistin-appointed-tg4-communications-manager\/\",\"name\":\"Deirdre N\u00ed Choist\u00edn appointed TG4 Communications Manager - TG4\",\"isPartOf\":{\"@id\":\"https:\/\/dev.tg4.ie\/en\/#website\"},\"primaryImageOfPage\":{\"@id\":\"https:\/\/dev.tg4.ie\/en\/information\/press\/press-releases\/2019-2\/deirdre-ni-choistin-appointed-tg4-communications-manager\/#primaryimage\"},\"image\":{\"@id\":\"https:\/\/dev.tg4.ie\/en\/information\/press\/press-releases\/2019-2\/deirdre-ni-choistin-appointed-tg4-communications-manager\/#primaryimage\"},\"thumbnailUrl\":\"\",\"datePublished\":\"2019-07-16T13:39:16+00:00\",\"dateModified\":\"2019-11-12T10:44:24+00:00\",\"breadcrumb\":{\"@id\":\"https:\/\/dev.tg4.ie\/en\/information\/press\/press-releases\/2019-2\/deirdre-ni-choistin-appointed-tg4-communications-manager\/#breadcrumb\"},\"inLanguage\":\"en-ie\",\"potentialAction\":[{\"@type\":\"ReadAction\",\"target\":[\"https:\/\/dev.tg4.ie\/en\/information\/press\/press-releases\/2019-2\/deirdre-ni-choistin-appointed-tg4-communications-manager\/\"]}]},{\"@type\":\"ImageObject\",\"inLanguage\":\"en-ie\",\"@id\":\"https:\/\/dev.tg4.ie\/en\/information\/press\/press-releases\/2019-2\/deirdre-ni-choistin-appointed-tg4-communications-manager\/#primaryimage\",\"url\":\"\",\"contentUrl\":\"\"},{\"@type\":\"BreadcrumbList\",\"@id\":\"https:\/\/dev.tg4.ie\/en\/information\/press\/press-releases\/2019-2\/deirdre-ni-choistin-appointed-tg4-communications-manager\/#breadcrumb\",\"itemListElement\":[{\"@type\":\"ListItem\",\"position\":1,\"name\":\"Home\",\"item\":\"https:\/\/dev.tg4.ie\/en\/\"},{\"@type\":\"ListItem\",\"position\":2,\"name\":\"Information\",\"item\":\"https:\/\/dev.tg4.ie\/en\/information\/\"},{\"@type\":\"ListItem\",\"position\":3,\"name\":\"Press\",\"item\":\"https:\/\/dev.tg4.ie\/en\/information\/press\/\"},{\"@type\":\"ListItem\",\"position\":4,\"name\":\"Press Releases\",\"item\":\"https:\/\/dev.tg4.ie\/en\/information\/press\/press-releases\/\"},{\"@type\":\"ListItem\",\"position\":5,\"name\":\"2019\",\"item\":\"https:\/\/dev.tg4.ie\/en\/information\/press\/press-releases\/2019-2\/\"},{\"@type\":\"ListItem\",\"position\":6,\"name\":\"Deirdre N\u00ed Choist\u00edn appointed TG4 Communications Manager\"}]},{\"@type\":\"WebSite\",\"@id\":\"https:\/\/dev.tg4.ie\/en\/#website\",\"url\":\"https:\/\/dev.tg4.ie\/en\/\",\"name\":\"TG4\",\"description\":\"S\u00fail Eile\",\"potentialAction\":[{\"@type\":\"SearchAction\",\"target\":{\"@type\":\"EntryPoint\",\"urlTemplate\":\"https:\/\/dev.tg4.ie\/en\/?s={search_term_string}\"},\"query-input\":\"required name=search_term_string\"}],\"inLanguage\":\"en-ie\"}]}<\/script>\n<!-- \/ Yoast SEO plugin. -->","yoast_head_json":{"title":"Deirdre N\u00ed Choist\u00edn appointed TG4 Communications Manager - TG4","robots":{"index":"index","follow":"follow","max-snippet":"max-snippet:-1","max-image-preview":"max-image-preview:large","max-video-preview":"max-video-preview:-1"},"og_locale":"en_US","og_type":"article","og_title":"Deirdre N\u00ed Choist\u00edn appointed TG4 Communications Manager - TG4","og_description":"Deirdre N\u00ed Choist\u00edn is currently Editor of TG4\u2019s online video hub MOLSC\u00c9AL. Molsc\u00e9al was established in 2017, led by Deirdre, to create online short-form video content for TG4\u2019s core audience. Deirdre was also editor of online marketing campaigns for programmes such as \u2018B\u00e1d\u00f3ir\u00ed\u2019, \u2018Bailte\u2019, \u2018Gl\u00f3r T\u00edre\u2019 and \u2018Opry le Daniel\u2019. Deirdre has broad experience in [&hellip;]","og_url":"https:\/\/dev.tg4.ie\/en\/information\/press\/press-releases\/2019-2\/deirdre-ni-choistin-appointed-tg4-communications-manager\/","og_site_name":"TG4","article_publisher":"https:\/\/www.facebook.com\/TG4TV","article_modified_time":"2019-11-12T10:44:24+00:00","og_image":[{"width":1920,"height":1080,"url":"https:\/\/tg4-docs.s3.amazonaws.com\/wp-content\/uploads\/2024\/11\/18151812\/TG4_2024_corcra_teal_1-1920x1080-1.jpg","type":"image\/jpeg"}],"twitter_card":"summary_large_image","twitter_site":"@TG4TV","twitter_misc":{"Est. reading time":"2 minutes"},"schema":{"@context":"https:\/\/schema.org","@graph":[{"@type":"WebPage","@id":"https:\/\/dev.tg4.ie\/en\/information\/press\/press-releases\/2019-2\/deirdre-ni-choistin-appointed-tg4-communications-manager\/","url":"https:\/\/dev.tg4.ie\/en\/information\/press\/press-releases\/2019-2\/deirdre-ni-choistin-appointed-tg4-communications-manager\/","name":"Deirdre N\u00ed Choist\u00edn appointed TG4 Communications Manager - TG4","isPartOf":{"@id":"https:\/\/dev.tg4.ie\/en\/#website"},"primaryImageOfPage":{"@id":"https:\/\/dev.tg4.ie\/en\/information\/press\/press-releases\/2019-2\/deirdre-ni-choistin-appointed-tg4-communications-manager\/#primaryimage"},"image":{"@id":"https:\/\/dev.tg4.ie\/en\/information\/press\/press-releases\/2019-2\/deirdre-ni-choistin-appointed-tg4-communications-manager\/#primaryimage"},"thumbnailUrl":"","datePublished":"2019-07-16T13:39:16+00:00","dateModified":"2019-11-12T10:44:24+00:00","breadcrumb":{"@id":"https:\/\/dev.tg4.ie\/en\/information\/press\/press-releases\/2019-2\/deirdre-ni-choistin-appointed-tg4-communications-manager\/#breadcrumb"},"inLanguage":"en-ie","potentialAction":[{"@type":"ReadAction","target":["https:\/\/dev.tg4.ie\/en\/information\/press\/press-releases\/2019-2\/deirdre-ni-choistin-appointed-tg4-communications-manager\/"]}]},{"@type":"ImageObject","inLanguage":"en-ie","@id":"https:\/\/dev.tg4.ie\/en\/information\/press\/press-releases\/2019-2\/deirdre-ni-choistin-appointed-tg4-communications-manager\/#primaryimage","url":"","contentUrl":""},{"@type":"BreadcrumbList","@id":"https:\/\/dev.tg4.ie\/en\/information\/press\/press-releases\/2019-2\/deirdre-ni-choistin-appointed-tg4-communications-manager\/#breadcrumb","itemListElement":[{"@type":"ListItem","position":1,"name":"Home","item":"https:\/\/dev.tg4.ie\/en\/"},{"@type":"ListItem","position":2,"name":"Information","item":"https:\/\/dev.tg4.ie\/en\/information\/"},{"@type":"ListItem","position":3,"name":"Press","item":"https:\/\/dev.tg4.ie\/en\/information\/press\/"},{"@type":"ListItem","position":4,"name":"Press Releases","item":"https:\/\/dev.tg4.ie\/en\/information\/press\/press-releases\/"},{"@type":"ListItem","position":5,"name":"2019","item":"https:\/\/dev.tg4.ie\/en\/information\/press\/press-releases\/2019-2\/"},{"@type":"ListItem","position":6,"name":"Deirdre N\u00ed Choist\u00edn appointed TG4 Communications Manager"}]},{"@type":"WebSite","@id":"https:\/\/dev.tg4.ie\/en\/#website","url":"https:\/\/dev.tg4.ie\/en\/","name":"TG4","description":"S\u00fail Eile","potentialAction":[{"@type":"SearchAction","target":{"@type":"EntryPoint","urlTemplate":"https:\/\/dev.tg4.ie\/en\/?s={search_term_string}"},"query-input":"required name=search_term_string"}],"inLanguage":"en-ie"}]}},"_links":{"self":[{"href":"https:\/\/dev.tg4.ie\/en\/wp-json\/wp\/v2\/pages\/107463"}],"collection":[{"href":"https:\/\/dev.tg4.ie\/en\/wp-json\/wp\/v2\/pages"}],"about":[{"href":"https:\/\/dev.tg4.ie\/en\/wp-json\/wp\/v2\/types\/page"}],"author":[{"embeddable":true,"href":"https:\/\/dev.tg4.ie\/en\/wp-json\/wp\/v2\/users\/876"}],"replies":[{"embeddable":true,"href":"https:\/\/dev.tg4.ie\/en\/wp-json\/wp\/v2\/comments?post=107463"}],"version-history":[{"count":0,"href":"https:\/\/dev.tg4.ie\/en\/wp-json\/wp\/v2\/pages\/107463\/revisions"}],"up":[{"embeddable":true,"href":"https:\/\/dev.tg4.ie\/en\/wp-json\/wp\/v2\/pages\/98832"}],"wp:featuredmedia":[{"embeddable":true,"href":"https:\/\/dev.tg4.ie\/en\/wp-json\/"}],"wp:attachment":[{"href":"https:\/\/dev.tg4.ie\/en\/wp-json\/wp\/v2\/media?parent=107463"}],"curies":[{"name":"wp","href":"https:\/\/api.w.org\/{rel}","templated":true}]}}