{"id":108599,"date":"2019-08-22T10:02:28","date_gmt":"2019-08-22T09:02:28","guid":{"rendered":"https:\/\/dev.tg4.ie\/?page_id=108599"},"modified":"2019-11-12T10:44:25","modified_gmt":"2019-11-12T10:44:25","slug":"turnupturnon","status":"publish","type":"page","link":"https:\/\/dev.tg4.ie\/en\/information\/press\/press-releases\/2019-2\/turnupturnon\/","title":{"rendered":"An Feachtas #TurnUpTurnOn seolta ag TG4 agus ag an LGFA in am do Chluich\u00ed Leathcheannais Chraobhchom\u00f3rtas Sinsear na h\u00c9ireann"},"content":{"rendered":"<p>T\u00e1 an LGFA agus TG4 &#8211; urraitheoir\u00ed an Chraobhchom\u00f3rtais, ag iarraidh lucht taca\u00edochta Pheil na mBan &#8211; chomh maith le lucht sp\u00e9ise nua &#8211; a ghr\u00edosadh le bheith i l\u00e1thair ag cluich\u00ed leathcheannais Chraobhchom\u00f3rtas na Sinsear i bP\u00e1irc an Chr\u00f3caigh D\u00e9 Domhnaigh seo chugainn, n\u00f3 mura f\u00e9idir a bheith i l\u00e1thair a bheith ag f\u00e9achaint ar na cluich\u00ed ar TG4.<\/p>\n<p>Mura mbeidh t\u00fa \u00e1balta a bheith i l\u00e1thair ag na cluich\u00ed D\u00e9 Domhnaigh, t\u00e1 an LGFA agus TG4 ag iarraidh ar an lucht taca\u00edochta \u00f3 cheann ceann na t\u00edre TG4 a chasadh air agus f\u00e9achaint ar na cluich\u00ed BEO ar an teilif\u00eds agus muid ag seoladh an fheachtais <strong>#TurnUpTurnOn. <\/strong><\/p>\n<p>Den ch\u00e9ad uair riamh, beidh cluich\u00ed leathcheannais Chraobhchom\u00f3rtas Sinsear na h\u00c9ireann TG4 ar si\u00fal i bP\u00e1irc an Chr\u00f3caigh, agus beidh dh\u00e1 chluiche den scoth ar si\u00fal san ionad m\u00f3r le r\u00e1.<\/p>\n<p>Tabharfaidh c\u00e9il\u00ed comhraic m\u00f3ra Chonnacht, Gaillimh agus Maigh Eo, aghaidh ar a ch\u00e9ile ag an 2 pm chun \u00e1it a bhaint amach sa Chluiche Ceannais a bheidh ar si\u00fal D\u00e9 Domhnaigh an 15 Me\u00e1n F\u00f3mhair, agus i ndiaidh an chluiche sin, beidh \u00c1th Cliath, Curaidh reatha Sinsear na h\u00c9ireann TG4, le Corcaigh, seaimp\u00edn\u00ed reatha Roinn 1 i Sraith N\u00e1isi\u00fanta Lidl.<\/p>\n<p>Beidh Gaillimh le Maigh Eo ar\u00eds c\u00e9 nach bhfuil s\u00e9 i bhfad \u00f3 thug an d\u00e1 fhoireann aghaidh ar a ch\u00e9ile in athimirt Chluiche Ceannais na gC\u00faig\u00ed. Bh\u00ed an l\u00e1 le Gaillimh an uair sin.<\/p>\n<p>Tabharfaidh \u00c1th Cliath agus Corcaigh aghaidh ar a ch\u00e9ile ar\u00eds den ch\u00e9ad uair \u00f3 imr\u00edodh cluiche leathcheannais Roinn 1 Shraith N\u00e1isi\u00fanta Peile Lidl ar Ph\u00e1irc U\u00ed Nuall\u00e1in. Bh\u00ed an d\u00e1 fhoireann ar chomhsc\u00f3r ag l\u00e1n-am ach fuair Corcaigh an ceann is fearr ar \u00c1th Cliath i ndiaidh am breise.<\/p>\n<p>Is iad an d\u00e1 fhoireann ch\u00e9anna a bh\u00ed i gCluiche Ceannais Sinsear na h\u00c9ireann TG4 2018 a imr\u00edodh os comhair an slua is m\u00f3 riamh &#8211; <strong>50,141<\/strong> duine a bh\u00ed i bP\u00e1irc an Chr\u00f3caigh do chluich\u00ed ceannais Pheil na mBan.<\/p>\n<p>T\u00e1imid ag iarraidh go gcasfaidh tithe t\u00e1bhairne, cumainn, bialanna, \u00f3st\u00e1in, gn\u00f3tha\u00ed \u00e1iti\u00fala eile chomh maith le h\u00fain\u00e9ir\u00ed t\u00ed ar fud na h\u00c9ireann agus thar lear ar TG4, agus f\u00e9achaint ar TG4, nuair a thabharfaidh na foirne den scoth seo aghaidh ar a ch\u00e9ile chun \u00e1it a bhaint amach sa Chluiche Ceannais.<\/p>\n<p>Tarraing\u00edonn cl\u00fadach TG4 lucht f\u00e9achana suntasach in \u00c9irinn agus ar fud an domhain ar Sheinnteoir TG4 <span><a href=\"http:\/\/www.tg4.tv\">www.tg4.tv<\/a><\/span>.<\/p>\n<p>D\u00fairt Alan Esslemont, Ard-Sti\u00farth\u00f3ir TG4, thar ceann TG4<strong>: <em>&#8220;D\u00e9anaim comhghairdeas leis an LGFA as an \u00f3c\u00e1id stairi\u00fail seo &#8211; cluich\u00ed leathcheannais na bliana seo a bheith \u00e1 n-imirt den ch\u00e9ad uair ar Ph\u00e1irc an Chr\u00f3caigh. Tabharfar ard\u00e1n cu\u00ed anois do na himreoir\u00ed agus do na foirne\u00a0 agus is cinnte go mbeidh ioma\u00edocht mh\u00f3r sa d\u00e1 chluiche.<\/em><\/strong><strong><em>\u00a0 <\/em><\/strong><strong><em>T\u00e1 sp\u00f3rt na mban i gcro\u00edl\u00e1r strait\u00e9is cl\u00e1r TG4 agus t\u00e1 r\u00edm\u00e9ad orainn tac\u00fa leis an bhfeachtas #TurnUpTurnOn.\u00a0 Tr\u00ed chur le lucht taca\u00edochta agus lucht f\u00e9achana Pheil na mBan, leagtar b\u00e9im ar an sp\u00f3rt is m\u00f3 a bhfuil t\u00f3ir air in \u00c9irinn do mhn\u00e1 agus t\u00e1 s\u00fail againn go r\u00e9iteoidh sin an bealach do l\u00fathchleasaithe mn\u00e1 eile in \u00c9irinn at\u00e1 ag iarraidh amhlaidh a dh\u00e9anamh. Mar sin b\u00edg\u00ed i bP\u00e1irc an Chr\u00f3caigh D\u00e9 Domhnaigh n\u00f3 b\u00edg\u00ed ag f\u00e9achaint ar na cluich\u00ed ar TG4.\u00a0 Caillfidh sibh \u00f3c\u00e1id thar a bheith speisialta mura nd\u00e9anfaidh sibh amhlaidh!&#8221;<\/em><\/strong><\/p>\n<p>D\u00fairt Marie Hickey, Uachtar\u00e1n Chumann Pheil na mBan: <em>&#8220;<strong>T\u00e1imid thar a bheith s\u00e1sta go mbeidh cluich\u00ed ceannais Chraobhchom\u00f3rtas Sinsear na h\u00c9ireann TG4 2019 ar si\u00fal i bP\u00e1irc an Chr\u00f3caigh. <\/strong><\/em><\/p>\n<p><strong><em>Bh\u00ed an l\u00edon is m\u00f3 daoine f\u00f3s i l\u00e1thair ag Cluich\u00ed Ceannais 2018 agus t\u00e1imid ag s\u00fail le slua m\u00f3r eile i mbliana nuair a bheidh Gaillimh, Maigh Eo, \u00c1th Cliath agus Corcaigh ag f\u00e1il faoi r\u00e9ir d\u00e1 gcuid cluich\u00ed leathcheannais. <\/em><\/strong><\/p>\n<p><strong><em>T\u00e1 go leor i gceist do bhuaiteoir\u00ed na gcluich\u00ed seo &#8211; deis dul chun p\u00e1irce ag 4pm D\u00e9 Domhnaigh an 15 Me\u00e1n F\u00f3mhair i gCluiche Ceannais Sinsear na h\u00c9ireann TG4.<\/em><\/strong><strong>\u00a0 <\/strong><\/p>\n<p><strong><em>Ba bhre\u00e1 linn slua m\u00f3r a fheice\u00e1il D\u00e9 Domhnaigh seo chugainn agus t\u00e1imid ag iarraidh go dtiocfaidh an oiread daoine agus is f\u00e9idir chuig P\u00e1irc an Chr\u00f3caigh. <\/em><\/strong><\/p>\n<p><strong><em>Ach mura mbeidh t\u00fa \u00e1balta a bheith i l\u00e1thair ag na cluich\u00ed, t\u00e1imid ag iarraidh go gcasfaidh an oiread daoine agus is f\u00e9idir ar TG4 le f\u00e9achaint ar dh\u00e1 chluiche den scoth de Pheil na mBan. <\/em><\/strong><\/p>\n<p><strong><em>T\u00e1 an-\u00e1thas orm an feachtas seo #TurnUpTurnOn a fh\u00f3gairt agus t\u00e1im ag moladh do dhaoine ar fud na h\u00c9ireann agus thar lear an haischlib #TurnUpTurnOn a \u00fas\u00e1id ar a gcuid picti\u00far agus f\u00edse\u00e1n d\u00edobh f\u00e9in agus iad ag faire ar na cluich\u00ed.&#8221; <\/em><\/strong><\/p>\n<p>Beidh deis ag gach duine a bhainfidh \u00fas\u00e1id as an haischlib <strong>#TurnUpTurnOn <\/strong>sna laethanta roimh chluich\u00ed an Domhnaigh, agus ar an Domhnach freisin, tic\u00e9id chuig Cluich\u00ed Ceannais Chraobhchom\u00f3rtas Sinsear na h\u00c9ireann TG4 D\u00e9 Domhnaigh an 15 Me\u00e1n F\u00f3mhair a bhuachan.<\/p>\n<p>Is cuma cib\u00e9 m\u00e1 t\u00e1 s\u00e9 i gceist agat a bheith i bP\u00e1irc an Chr\u00f3caigh n\u00f3 f\u00e9achaint orthu ar an teilif\u00eds &#8211; beidh t\u00fa f\u00f3s inch\u00e1ilithe le cur isteach ar an gcom\u00f3rtas tr\u00ed do chuid picti\u00far agus teachtaireachta\u00ed a chlibe\u00e1il leis an haischlib <strong>#TurnUpTurnOn<\/strong>.<\/p>\n<p>&nbsp;<\/p>\n<p>Cluich\u00ed Leathcheannais Chraobhchom\u00f3rtas Sinsear Pheil na mBan TG4<\/p>\n<p><strong>D\u00e9 Domhnaigh an 25 L\u00fanasa<\/strong><\/p>\n<p>Gaillimh v Maigh Eo; P\u00e1irc an Chr\u00f3caigh, 2pm (BEO, TG4 <span><a href=\"https:\/\/bit.ly\/2PRgom8\">https:\/\/bit.ly\/2PRgom8<\/a><\/span>)<\/p>\n<p>\u00c1th Cliath v Corcaigh; P\u00e1irc an Chr\u00f3caigh, 3.35pm (BEO, TG4 <span><a href=\"https:\/\/bit.ly\/2PRgom8\">https:\/\/bit.ly\/2PRgom8<\/a><\/span>)<\/p>\n<p>&nbsp;<\/p>\n","protected":false},"excerpt":{"rendered":"<p>T\u00e1 an LGFA agus TG4 &#8211; urraitheoir\u00ed an Chraobhchom\u00f3rtais, ag iarraidh lucht taca\u00edochta Pheil na mBan &#8211; chomh maith le lucht sp\u00e9ise nua &#8211; a ghr\u00edosadh le bheith i l\u00e1thair ag cluich\u00ed leathcheannais Chraobhchom\u00f3rtas na Sinsear i bP\u00e1irc an Chr\u00f3caigh D\u00e9 Domhnaigh seo chugainn, n\u00f3 mura f\u00e9idir a bheith i l\u00e1thair a bheith ag f\u00e9achaint [&hellip;]<\/p>\n","protected":false},"author":876,"featured_media":108316,"parent":98832,"menu_order":29,"comment_status":"closed","ping_status":"closed","template":"page-templates\/template-pr.php","meta":{"_acf_changed":false,"footnotes":""},"acf":[],"yoast_head":"<!-- This site is optimized with the Yoast SEO plugin v22.6 - https:\/\/yoast.com\/wordpress\/plugins\/seo\/ -->\n<title>#TurnUpTurnOn | Peil na mBan | LGFA | Sp\u00f3rt TG4<\/title>\n<meta name=\"description\" content=\"An Feachtas #TurnUpTurnOn seolta ag TG4 agus ag an LGFA in am do Chluich\u00ed Leathcheannais Chraobhchom\u00f3rtas Sinsear na h\u00c9ireann\" \/>\n<meta name=\"robots\" content=\"index, follow, max-snippet:-1, max-image-preview:large, max-video-preview:-1\" \/>\n<meta property=\"og:locale\" content=\"en_US\" \/>\n<meta property=\"og:type\" content=\"article\" \/>\n<meta property=\"og:title\" content=\"#TurnUpTurnOn | Peil na mBan | LGFA | Sp\u00f3rt TG4\" \/>\n<meta property=\"og:description\" content=\"An Feachtas #TurnUpTurnOn seolta ag TG4 agus ag an LGFA in am do Chluich\u00ed Leathcheannais Chraobhchom\u00f3rtas Sinsear na h\u00c9ireann\" \/>\n<meta property=\"og:url\" content=\"https:\/\/dev.tg4.ie\/en\/information\/press\/press-releases\/2019-2\/turnupturnon\/\" \/>\n<meta property=\"og:site_name\" content=\"TG4\" \/>\n<meta property=\"article:publisher\" content=\"https:\/\/www.facebook.com\/TG4TV\" \/>\n<meta property=\"article:modified_time\" content=\"2019-11-12T10:44:25+00:00\" \/>\n<meta property=\"og:image\" content=\"https:\/\/tg4-docs.s3.amazonaws.com\/wp-content\/uploads\/2024\/11\/18151812\/TG4_2024_corcra_teal_1-1920x1080-1.jpg\" \/>\n\t<meta property=\"og:image:width\" content=\"1920\" \/>\n\t<meta property=\"og:image:height\" content=\"1080\" \/>\n\t<meta property=\"og:image:type\" content=\"image\/jpeg\" \/>\n<meta name=\"twitter:card\" content=\"summary_large_image\" \/>\n<meta name=\"twitter:site\" content=\"@TG4TV\" \/>\n<meta name=\"twitter:label1\" content=\"Est. reading time\" \/>\n\t<meta name=\"twitter:data1\" content=\"5 minutes\" \/>\n<script type=\"application\/ld+json\" class=\"yoast-schema-graph\">{\"@context\":\"https:\/\/schema.org\",\"@graph\":[{\"@type\":\"WebPage\",\"@id\":\"https:\/\/dev.tg4.ie\/en\/information\/press\/press-releases\/2019-2\/turnupturnon\/\",\"url\":\"https:\/\/dev.tg4.ie\/en\/information\/press\/press-releases\/2019-2\/turnupturnon\/\",\"name\":\"#TurnUpTurnOn | Peil na mBan | LGFA | Sp\u00f3rt TG4\",\"isPartOf\":{\"@id\":\"https:\/\/dev.tg4.ie\/en\/#website\"},\"primaryImageOfPage\":{\"@id\":\"https:\/\/dev.tg4.ie\/en\/information\/press\/press-releases\/2019-2\/turnupturnon\/#primaryimage\"},\"image\":{\"@id\":\"https:\/\/dev.tg4.ie\/en\/information\/press\/press-releases\/2019-2\/turnupturnon\/#primaryimage\"},\"thumbnailUrl\":\"\",\"datePublished\":\"2019-08-22T09:02:28+00:00\",\"dateModified\":\"2019-11-12T10:44:25+00:00\",\"description\":\"An Feachtas #TurnUpTurnOn seolta ag TG4 agus ag an LGFA in am do Chluich\u00ed Leathcheannais Chraobhchom\u00f3rtas Sinsear na h\u00c9ireann\",\"breadcrumb\":{\"@id\":\"https:\/\/dev.tg4.ie\/en\/information\/press\/press-releases\/2019-2\/turnupturnon\/#breadcrumb\"},\"inLanguage\":\"en-ie\",\"potentialAction\":[{\"@type\":\"ReadAction\",\"target\":[\"https:\/\/dev.tg4.ie\/en\/information\/press\/press-releases\/2019-2\/turnupturnon\/\"]}]},{\"@type\":\"ImageObject\",\"inLanguage\":\"en-ie\",\"@id\":\"https:\/\/dev.tg4.ie\/en\/information\/press\/press-releases\/2019-2\/turnupturnon\/#primaryimage\",\"url\":\"\",\"contentUrl\":\"\"},{\"@type\":\"BreadcrumbList\",\"@id\":\"https:\/\/dev.tg4.ie\/en\/information\/press\/press-releases\/2019-2\/turnupturnon\/#breadcrumb\",\"itemListElement\":[{\"@type\":\"ListItem\",\"position\":1,\"name\":\"Home\",\"item\":\"https:\/\/dev.tg4.ie\/en\/\"},{\"@type\":\"ListItem\",\"position\":2,\"name\":\"Information\",\"item\":\"https:\/\/dev.tg4.ie\/en\/information\/\"},{\"@type\":\"ListItem\",\"position\":3,\"name\":\"Press\",\"item\":\"https:\/\/dev.tg4.ie\/en\/information\/press\/\"},{\"@type\":\"ListItem\",\"position\":4,\"name\":\"Press Releases\",\"item\":\"https:\/\/dev.tg4.ie\/en\/information\/press\/press-releases\/\"},{\"@type\":\"ListItem\",\"position\":5,\"name\":\"2019\",\"item\":\"https:\/\/dev.tg4.ie\/en\/information\/press\/press-releases\/2019-2\/\"},{\"@type\":\"ListItem\",\"position\":6,\"name\":\"An Feachtas #TurnUpTurnOn seolta ag TG4 agus ag an LGFA in am do Chluich\u00ed Leathcheannais Chraobhchom\u00f3rtas Sinsear na h\u00c9ireann\"}]},{\"@type\":\"WebSite\",\"@id\":\"https:\/\/dev.tg4.ie\/en\/#website\",\"url\":\"https:\/\/dev.tg4.ie\/en\/\",\"name\":\"TG4\",\"description\":\"S\u00fail Eile\",\"potentialAction\":[{\"@type\":\"SearchAction\",\"target\":{\"@type\":\"EntryPoint\",\"urlTemplate\":\"https:\/\/dev.tg4.ie\/en\/?s={search_term_string}\"},\"query-input\":\"required name=search_term_string\"}],\"inLanguage\":\"en-ie\"}]}<\/script>\n<!-- \/ Yoast SEO plugin. -->","yoast_head_json":{"title":"#TurnUpTurnOn | Peil na mBan | LGFA | Sp\u00f3rt TG4","description":"An Feachtas #TurnUpTurnOn seolta ag TG4 agus ag an LGFA in am do Chluich\u00ed Leathcheannais Chraobhchom\u00f3rtas Sinsear na h\u00c9ireann","robots":{"index":"index","follow":"follow","max-snippet":"max-snippet:-1","max-image-preview":"max-image-preview:large","max-video-preview":"max-video-preview:-1"},"og_locale":"en_US","og_type":"article","og_title":"#TurnUpTurnOn | Peil na mBan | LGFA | Sp\u00f3rt TG4","og_description":"An Feachtas #TurnUpTurnOn seolta ag TG4 agus ag an LGFA in am do Chluich\u00ed Leathcheannais Chraobhchom\u00f3rtas Sinsear na h\u00c9ireann","og_url":"https:\/\/dev.tg4.ie\/en\/information\/press\/press-releases\/2019-2\/turnupturnon\/","og_site_name":"TG4","article_publisher":"https:\/\/www.facebook.com\/TG4TV","article_modified_time":"2019-11-12T10:44:25+00:00","og_image":[{"width":1920,"height":1080,"url":"https:\/\/tg4-docs.s3.amazonaws.com\/wp-content\/uploads\/2024\/11\/18151812\/TG4_2024_corcra_teal_1-1920x1080-1.jpg","type":"image\/jpeg"}],"twitter_card":"summary_large_image","twitter_site":"@TG4TV","twitter_misc":{"Est. reading time":"5 minutes"},"schema":{"@context":"https:\/\/schema.org","@graph":[{"@type":"WebPage","@id":"https:\/\/dev.tg4.ie\/en\/information\/press\/press-releases\/2019-2\/turnupturnon\/","url":"https:\/\/dev.tg4.ie\/en\/information\/press\/press-releases\/2019-2\/turnupturnon\/","name":"#TurnUpTurnOn | Peil na mBan | LGFA | Sp\u00f3rt TG4","isPartOf":{"@id":"https:\/\/dev.tg4.ie\/en\/#website"},"primaryImageOfPage":{"@id":"https:\/\/dev.tg4.ie\/en\/information\/press\/press-releases\/2019-2\/turnupturnon\/#primaryimage"},"image":{"@id":"https:\/\/dev.tg4.ie\/en\/information\/press\/press-releases\/2019-2\/turnupturnon\/#primaryimage"},"thumbnailUrl":"","datePublished":"2019-08-22T09:02:28+00:00","dateModified":"2019-11-12T10:44:25+00:00","description":"An Feachtas #TurnUpTurnOn seolta ag TG4 agus ag an LGFA in am do Chluich\u00ed Leathcheannais Chraobhchom\u00f3rtas Sinsear na h\u00c9ireann","breadcrumb":{"@id":"https:\/\/dev.tg4.ie\/en\/information\/press\/press-releases\/2019-2\/turnupturnon\/#breadcrumb"},"inLanguage":"en-ie","potentialAction":[{"@type":"ReadAction","target":["https:\/\/dev.tg4.ie\/en\/information\/press\/press-releases\/2019-2\/turnupturnon\/"]}]},{"@type":"ImageObject","inLanguage":"en-ie","@id":"https:\/\/dev.tg4.ie\/en\/information\/press\/press-releases\/2019-2\/turnupturnon\/#primaryimage","url":"","contentUrl":""},{"@type":"BreadcrumbList","@id":"https:\/\/dev.tg4.ie\/en\/information\/press\/press-releases\/2019-2\/turnupturnon\/#breadcrumb","itemListElement":[{"@type":"ListItem","position":1,"name":"Home","item":"https:\/\/dev.tg4.ie\/en\/"},{"@type":"ListItem","position":2,"name":"Information","item":"https:\/\/dev.tg4.ie\/en\/information\/"},{"@type":"ListItem","position":3,"name":"Press","item":"https:\/\/dev.tg4.ie\/en\/information\/press\/"},{"@type":"ListItem","position":4,"name":"Press Releases","item":"https:\/\/dev.tg4.ie\/en\/information\/press\/press-releases\/"},{"@type":"ListItem","position":5,"name":"2019","item":"https:\/\/dev.tg4.ie\/en\/information\/press\/press-releases\/2019-2\/"},{"@type":"ListItem","position":6,"name":"An Feachtas #TurnUpTurnOn seolta ag TG4 agus ag an LGFA in am do Chluich\u00ed Leathcheannais Chraobhchom\u00f3rtas Sinsear na h\u00c9ireann"}]},{"@type":"WebSite","@id":"https:\/\/dev.tg4.ie\/en\/#website","url":"https:\/\/dev.tg4.ie\/en\/","name":"TG4","description":"S\u00fail Eile","potentialAction":[{"@type":"SearchAction","target":{"@type":"EntryPoint","urlTemplate":"https:\/\/dev.tg4.ie\/en\/?s={search_term_string}"},"query-input":"required name=search_term_string"}],"inLanguage":"en-ie"}]}},"_links":{"self":[{"href":"https:\/\/dev.tg4.ie\/en\/wp-json\/wp\/v2\/pages\/108599"}],"collection":[{"href":"https:\/\/dev.tg4.ie\/en\/wp-json\/wp\/v2\/pages"}],"about":[{"href":"https:\/\/dev.tg4.ie\/en\/wp-json\/wp\/v2\/types\/page"}],"author":[{"embeddable":true,"href":"https:\/\/dev.tg4.ie\/en\/wp-json\/wp\/v2\/users\/876"}],"replies":[{"embeddable":true,"href":"https:\/\/dev.tg4.ie\/en\/wp-json\/wp\/v2\/comments?post=108599"}],"version-history":[{"count":0,"href":"https:\/\/dev.tg4.ie\/en\/wp-json\/wp\/v2\/pages\/108599\/revisions"}],"up":[{"embeddable":true,"href":"https:\/\/dev.tg4.ie\/en\/wp-json\/wp\/v2\/pages\/98832"}],"wp:featuredmedia":[{"embeddable":true,"href":"https:\/\/dev.tg4.ie\/en\/wp-json\/"}],"wp:attachment":[{"href":"https:\/\/dev.tg4.ie\/en\/wp-json\/wp\/v2\/media?parent=108599"}],"curies":[{"name":"wp","href":"https:\/\/api.w.org\/{rel}","templated":true}]}}