{"id":108774,"date":"2019-08-26T14:48:23","date_gmt":"2019-08-26T13:48:23","guid":{"rendered":"https:\/\/dev.tg4.ie\/?page_id=108774"},"modified":"2019-11-12T10:44:25","modified_gmt":"2019-11-12T10:44:25","slug":"the-irish-derby-nios-mo-na-rasa","status":"publish","type":"page","link":"https:\/\/dev.tg4.ie\/en\/information\/press\/press-releases\/2019-2\/the-irish-derby-nios-mo-na-rasa\/","title":{"rendered":"THE IRISH DERBY &#8211; N\u00edos M\u00f3 N\u00e1 R\u00e1sa"},"content":{"rendered":"<p>Set against the backdrop of relevant historical events in Ireland<strong> \u201cTHE IRISH DERBY\u2013 N\u00edos M\u00f3 N\u00e1 R\u00e1sa\u201d<\/strong> (More Than a Race) captures the essence of one of Ireland\u2019s greatest sporting traditions, the Irish Derby, from its humble beginnings in 1866 to becoming a top international race and attracting some of the leading racehorse owners in the world. With unique access to the Curragh racecourse, training yards, stud farms and rare archive footage the fascinating one-hour documentary merges its colourful and inspirational past with its exciting future, through the new multi-million-euro redevelopment.<\/p>\n<p>The programme explores the big turning points in the history of this iconic race including the great Orby, the first horse to win both the Epsom and the Irish Derby in 1907 and Joe McGrath\u2019s influence in the revitalisation of the race in 1962, when it became the richest race in the world. It also showcases other giants of the turf that came and conquered such as Galileo, Nijinsky, Shergar, Windsor Slipper and some not as fortunate like Sir Ivor in 1968 but that defeat proved \u2018an ill wind can blow some good\u2019.<\/p>\n<p>Revealing accounts come from trainers Aidan O\u2019 Brien, Charles O\u2019 Brien, Dermot Weld, Jim Bolger, John Gosden, John Oxx, Joseph O\u2019 Brien and Michael Stoute, jockeys Frankie Dettori and Seamie Heffernan, former jockeys Lester Piggott, Michael Kinane and Pat Smullen and John Magnier Coolmore Stud to name but a few.<\/p>\n<p><span style=\"font-size: 10.5pt; font-family: 'Arial','sans-serif'; color: black; background: white;\">Here&#8217;s a taste of the documentary to whet the appetite-\u00a0 <a href=\"https:\/\/youtu.be\/aoe97r05xNE\">https:\/\/youtu.be\/aoe97r05xNE<\/a><\/span><\/p>\n<p>There are also significant sound bites from Vincent O\u2019 Brien. Renowned for its characters and celebrities, including show business legend Bing Crosby, this big day out at the historic Curragh racecourse is one of the most important dates on the social calendar. Former top fashion designer Ib Jorgensen played his part in the glamour stakes, by making sure his clients didn\u2019t turn up in the same outfit.<\/p>\n<p><strong>Made with the support of the Broadcasting Authority of Ireland.<\/strong><\/p>\n<p><strong>Director:<\/strong> Evan Chamberlain<\/p>\n<p><strong>Voice Over Artist<\/strong>: Actress Fionnula Flanagan<\/p>\n<p><strong>Producer:<\/strong> Bankos Tales Productions<br \/>\nIf you would like a link to preview the documentary contact Linda N\u00ed Ghr\u00edofa, Communications Editor TG4 <a href=\"mailto:linda.ni.ghriofa@dev.tg4.ie\">linda.ni.ghriofa@dev.tg4.ie<\/a> 0879172864<\/p>\n","protected":false},"excerpt":{"rendered":"<p>Set against the backdrop of relevant historical events in Ireland \u201cTHE IRISH DERBY\u2013 N\u00edos M\u00f3 N\u00e1 R\u00e1sa\u201d (More Than a Race) captures the essence of one of Ireland\u2019s greatest sporting traditions, the Irish Derby, from its humble beginnings in 1866 to becoming a top international race and attracting some of the leading racehorse owners in [&hellip;]<\/p>\n","protected":false},"author":876,"featured_media":108542,"parent":98832,"menu_order":30,"comment_status":"closed","ping_status":"closed","template":"page-templates\/template-pr.php","meta":{"_acf_changed":false,"footnotes":""},"acf":[],"yoast_head":"<!-- This site is optimized with the Yoast SEO plugin v22.6 - https:\/\/yoast.com\/wordpress\/plugins\/seo\/ -->\n<title>THE IRISH DERBY - N\u00edos M\u00f3 N\u00e1 R\u00e1sa<\/title>\n<meta name=\"robots\" content=\"index, follow, max-snippet:-1, max-image-preview:large, max-video-preview:-1\" \/>\n<meta property=\"og:locale\" content=\"en_US\" \/>\n<meta property=\"og:type\" content=\"article\" \/>\n<meta property=\"og:title\" content=\"THE IRISH DERBY - N\u00edos M\u00f3 N\u00e1 R\u00e1sa\" \/>\n<meta property=\"og:description\" content=\"Set against the backdrop of relevant historical events in Ireland \u201cTHE IRISH DERBY\u2013 N\u00edos M\u00f3 N\u00e1 R\u00e1sa\u201d (More Than a Race) captures the essence of one of Ireland\u2019s greatest sporting traditions, the Irish Derby, from its humble beginnings in 1866 to becoming a top international race and attracting some of the leading racehorse owners in [&hellip;]\" \/>\n<meta property=\"og:url\" content=\"https:\/\/dev.tg4.ie\/en\/information\/press\/press-releases\/2019-2\/the-irish-derby-nios-mo-na-rasa\/\" \/>\n<meta property=\"og:site_name\" content=\"TG4\" \/>\n<meta property=\"article:publisher\" content=\"https:\/\/www.facebook.com\/TG4TV\" \/>\n<meta property=\"article:modified_time\" content=\"2019-11-12T10:44:25+00:00\" \/>\n<meta property=\"og:image\" content=\"https:\/\/tg4-docs.s3.amazonaws.com\/wp-content\/uploads\/2024\/11\/18151812\/TG4_2024_corcra_teal_1-1920x1080-1.jpg\" \/>\n\t<meta property=\"og:image:width\" content=\"1920\" \/>\n\t<meta property=\"og:image:height\" content=\"1080\" \/>\n\t<meta property=\"og:image:type\" content=\"image\/jpeg\" \/>\n<meta name=\"twitter:card\" content=\"summary_large_image\" \/>\n<meta name=\"twitter:site\" content=\"@TG4TV\" \/>\n<meta name=\"twitter:label1\" content=\"Est. reading time\" \/>\n\t<meta name=\"twitter:data1\" content=\"2 minutes\" \/>\n<script type=\"application\/ld+json\" class=\"yoast-schema-graph\">{\"@context\":\"https:\/\/schema.org\",\"@graph\":[{\"@type\":\"WebPage\",\"@id\":\"https:\/\/dev.tg4.ie\/en\/information\/press\/press-releases\/2019-2\/the-irish-derby-nios-mo-na-rasa\/\",\"url\":\"https:\/\/dev.tg4.ie\/en\/information\/press\/press-releases\/2019-2\/the-irish-derby-nios-mo-na-rasa\/\",\"name\":\"THE IRISH DERBY - N\u00edos M\u00f3 N\u00e1 R\u00e1sa\",\"isPartOf\":{\"@id\":\"https:\/\/dev.tg4.ie\/en\/#website\"},\"primaryImageOfPage\":{\"@id\":\"https:\/\/dev.tg4.ie\/en\/information\/press\/press-releases\/2019-2\/the-irish-derby-nios-mo-na-rasa\/#primaryimage\"},\"image\":{\"@id\":\"https:\/\/dev.tg4.ie\/en\/information\/press\/press-releases\/2019-2\/the-irish-derby-nios-mo-na-rasa\/#primaryimage\"},\"thumbnailUrl\":\"\",\"datePublished\":\"2019-08-26T13:48:23+00:00\",\"dateModified\":\"2019-11-12T10:44:25+00:00\",\"breadcrumb\":{\"@id\":\"https:\/\/dev.tg4.ie\/en\/information\/press\/press-releases\/2019-2\/the-irish-derby-nios-mo-na-rasa\/#breadcrumb\"},\"inLanguage\":\"en-ie\",\"potentialAction\":[{\"@type\":\"ReadAction\",\"target\":[\"https:\/\/dev.tg4.ie\/en\/information\/press\/press-releases\/2019-2\/the-irish-derby-nios-mo-na-rasa\/\"]}]},{\"@type\":\"ImageObject\",\"inLanguage\":\"en-ie\",\"@id\":\"https:\/\/dev.tg4.ie\/en\/information\/press\/press-releases\/2019-2\/the-irish-derby-nios-mo-na-rasa\/#primaryimage\",\"url\":\"\",\"contentUrl\":\"\"},{\"@type\":\"BreadcrumbList\",\"@id\":\"https:\/\/dev.tg4.ie\/en\/information\/press\/press-releases\/2019-2\/the-irish-derby-nios-mo-na-rasa\/#breadcrumb\",\"itemListElement\":[{\"@type\":\"ListItem\",\"position\":1,\"name\":\"Home\",\"item\":\"https:\/\/dev.tg4.ie\/en\/\"},{\"@type\":\"ListItem\",\"position\":2,\"name\":\"Information\",\"item\":\"https:\/\/dev.tg4.ie\/en\/information\/\"},{\"@type\":\"ListItem\",\"position\":3,\"name\":\"Press\",\"item\":\"https:\/\/dev.tg4.ie\/en\/information\/press\/\"},{\"@type\":\"ListItem\",\"position\":4,\"name\":\"Press Releases\",\"item\":\"https:\/\/dev.tg4.ie\/en\/information\/press\/press-releases\/\"},{\"@type\":\"ListItem\",\"position\":5,\"name\":\"2019\",\"item\":\"https:\/\/dev.tg4.ie\/en\/information\/press\/press-releases\/2019-2\/\"},{\"@type\":\"ListItem\",\"position\":6,\"name\":\"THE IRISH DERBY &#8211; N\u00edos M\u00f3 N\u00e1 R\u00e1sa\"}]},{\"@type\":\"WebSite\",\"@id\":\"https:\/\/dev.tg4.ie\/en\/#website\",\"url\":\"https:\/\/dev.tg4.ie\/en\/\",\"name\":\"TG4\",\"description\":\"S\u00fail Eile\",\"potentialAction\":[{\"@type\":\"SearchAction\",\"target\":{\"@type\":\"EntryPoint\",\"urlTemplate\":\"https:\/\/dev.tg4.ie\/en\/?s={search_term_string}\"},\"query-input\":\"required name=search_term_string\"}],\"inLanguage\":\"en-ie\"}]}<\/script>\n<!-- \/ Yoast SEO plugin. -->","yoast_head_json":{"title":"THE IRISH DERBY - N\u00edos M\u00f3 N\u00e1 R\u00e1sa","robots":{"index":"index","follow":"follow","max-snippet":"max-snippet:-1","max-image-preview":"max-image-preview:large","max-video-preview":"max-video-preview:-1"},"og_locale":"en_US","og_type":"article","og_title":"THE IRISH DERBY - N\u00edos M\u00f3 N\u00e1 R\u00e1sa","og_description":"Set against the backdrop of relevant historical events in Ireland \u201cTHE IRISH DERBY\u2013 N\u00edos M\u00f3 N\u00e1 R\u00e1sa\u201d (More Than a Race) captures the essence of one of Ireland\u2019s greatest sporting traditions, the Irish Derby, from its humble beginnings in 1866 to becoming a top international race and attracting some of the leading racehorse owners in [&hellip;]","og_url":"https:\/\/dev.tg4.ie\/en\/information\/press\/press-releases\/2019-2\/the-irish-derby-nios-mo-na-rasa\/","og_site_name":"TG4","article_publisher":"https:\/\/www.facebook.com\/TG4TV","article_modified_time":"2019-11-12T10:44:25+00:00","og_image":[{"width":1920,"height":1080,"url":"https:\/\/tg4-docs.s3.amazonaws.com\/wp-content\/uploads\/2024\/11\/18151812\/TG4_2024_corcra_teal_1-1920x1080-1.jpg","type":"image\/jpeg"}],"twitter_card":"summary_large_image","twitter_site":"@TG4TV","twitter_misc":{"Est. reading time":"2 minutes"},"schema":{"@context":"https:\/\/schema.org","@graph":[{"@type":"WebPage","@id":"https:\/\/dev.tg4.ie\/en\/information\/press\/press-releases\/2019-2\/the-irish-derby-nios-mo-na-rasa\/","url":"https:\/\/dev.tg4.ie\/en\/information\/press\/press-releases\/2019-2\/the-irish-derby-nios-mo-na-rasa\/","name":"THE IRISH DERBY - N\u00edos M\u00f3 N\u00e1 R\u00e1sa","isPartOf":{"@id":"https:\/\/dev.tg4.ie\/en\/#website"},"primaryImageOfPage":{"@id":"https:\/\/dev.tg4.ie\/en\/information\/press\/press-releases\/2019-2\/the-irish-derby-nios-mo-na-rasa\/#primaryimage"},"image":{"@id":"https:\/\/dev.tg4.ie\/en\/information\/press\/press-releases\/2019-2\/the-irish-derby-nios-mo-na-rasa\/#primaryimage"},"thumbnailUrl":"","datePublished":"2019-08-26T13:48:23+00:00","dateModified":"2019-11-12T10:44:25+00:00","breadcrumb":{"@id":"https:\/\/dev.tg4.ie\/en\/information\/press\/press-releases\/2019-2\/the-irish-derby-nios-mo-na-rasa\/#breadcrumb"},"inLanguage":"en-ie","potentialAction":[{"@type":"ReadAction","target":["https:\/\/dev.tg4.ie\/en\/information\/press\/press-releases\/2019-2\/the-irish-derby-nios-mo-na-rasa\/"]}]},{"@type":"ImageObject","inLanguage":"en-ie","@id":"https:\/\/dev.tg4.ie\/en\/information\/press\/press-releases\/2019-2\/the-irish-derby-nios-mo-na-rasa\/#primaryimage","url":"","contentUrl":""},{"@type":"BreadcrumbList","@id":"https:\/\/dev.tg4.ie\/en\/information\/press\/press-releases\/2019-2\/the-irish-derby-nios-mo-na-rasa\/#breadcrumb","itemListElement":[{"@type":"ListItem","position":1,"name":"Home","item":"https:\/\/dev.tg4.ie\/en\/"},{"@type":"ListItem","position":2,"name":"Information","item":"https:\/\/dev.tg4.ie\/en\/information\/"},{"@type":"ListItem","position":3,"name":"Press","item":"https:\/\/dev.tg4.ie\/en\/information\/press\/"},{"@type":"ListItem","position":4,"name":"Press Releases","item":"https:\/\/dev.tg4.ie\/en\/information\/press\/press-releases\/"},{"@type":"ListItem","position":5,"name":"2019","item":"https:\/\/dev.tg4.ie\/en\/information\/press\/press-releases\/2019-2\/"},{"@type":"ListItem","position":6,"name":"THE IRISH DERBY &#8211; N\u00edos M\u00f3 N\u00e1 R\u00e1sa"}]},{"@type":"WebSite","@id":"https:\/\/dev.tg4.ie\/en\/#website","url":"https:\/\/dev.tg4.ie\/en\/","name":"TG4","description":"S\u00fail Eile","potentialAction":[{"@type":"SearchAction","target":{"@type":"EntryPoint","urlTemplate":"https:\/\/dev.tg4.ie\/en\/?s={search_term_string}"},"query-input":"required name=search_term_string"}],"inLanguage":"en-ie"}]}},"_links":{"self":[{"href":"https:\/\/dev.tg4.ie\/en\/wp-json\/wp\/v2\/pages\/108774"}],"collection":[{"href":"https:\/\/dev.tg4.ie\/en\/wp-json\/wp\/v2\/pages"}],"about":[{"href":"https:\/\/dev.tg4.ie\/en\/wp-json\/wp\/v2\/types\/page"}],"author":[{"embeddable":true,"href":"https:\/\/dev.tg4.ie\/en\/wp-json\/wp\/v2\/users\/876"}],"replies":[{"embeddable":true,"href":"https:\/\/dev.tg4.ie\/en\/wp-json\/wp\/v2\/comments?post=108774"}],"version-history":[{"count":0,"href":"https:\/\/dev.tg4.ie\/en\/wp-json\/wp\/v2\/pages\/108774\/revisions"}],"up":[{"embeddable":true,"href":"https:\/\/dev.tg4.ie\/en\/wp-json\/wp\/v2\/pages\/98832"}],"wp:featuredmedia":[{"embeddable":true,"href":"https:\/\/dev.tg4.ie\/en\/wp-json\/"}],"wp:attachment":[{"href":"https:\/\/dev.tg4.ie\/en\/wp-json\/wp\/v2\/media?parent=108774"}],"curies":[{"name":"wp","href":"https:\/\/api.w.org\/{rel}","templated":true}]}}