{"id":109209,"date":"2019-09-13T14:50:05","date_gmt":"2019-09-13T13:50:05","guid":{"rendered":"https:\/\/dev.tg4.ie\/?page_id=109209"},"modified":"2019-11-12T10:44:26","modified_gmt":"2019-11-12T10:44:26","slug":"tg4-in-conjunction-with-subaru-will-be-at-the-national-ploughing-championships-2019","status":"publish","type":"page","link":"https:\/\/dev.tg4.ie\/en\/information\/press\/press-releases\/2019-2\/tg4-in-conjunction-with-subaru-will-be-at-the-national-ploughing-championships-2019\/","title":{"rendered":"TG4 in conjunction with Subaru will be at the National Ploughing Championships 2019"},"content":{"rendered":"<p>A musical feast of song, dance and country music will be performed each day at the <strong>Subaru Stand Block 2, Row 23, Stand 528<\/strong> welcomed daily by TG4&#8217;s Caitl\u00edn Nic Aoidh.<\/p>\n<p>&nbsp;<\/p>\n<p>On <strong>Tuesday 17th September<\/strong>, Gradam Ceoil TG4 Young Traditional Musician of the Year 2017, Liam O&#8217;Brien and friends, Derek Hickey and Kate McHugh will perform at 11:30 am and again at 2:30pm. &#8216;Gl\u00f3r T\u00edre&#8217; mentor, and country music star Trudi Lalor will sing country favourites a lunchtime gig at 1pm and again at 4pm.<\/p>\n<p>&nbsp;<\/p>\n<p><strong>Wednesday 18th September<\/strong>, &#8216;Gl\u00f3r T\u00edre&#8217; mentor Ciar\u00e1n Rosney will perform at 11:30am and again at 2:30pm, a chance to see Connemara sean-n\u00f3s dancer extraordinaire R\u00f3n\u00e1n \u00d3 Conghaile will dance and also sing and play live traditional music at lunchtime 1pm and again at 4pm Mike Denver will also perform at the Subaru stand.<\/p>\n<p>&nbsp;<\/p>\n<p>On the final day of the 89th Ploughing Championships, <strong>Thursday 19th September<\/strong>, country fans are in for a real treat, with live performances from country music queen Susan McCann at 2:30pm and again at 3:30pm, Jim Devine will also perform at 11am and again at 1:30pm. R\u00e1th Chairn sisters and winners of this year&#8217;s TG4 &#8216;R\u00e9alta and Gaolta&#8217; series, \u00c9t\u00e1in and M\u00e1ire N\u00ed Churraoin duet will perform at 12pm and again at 3pm.<\/p>\n<p>&nbsp;<\/p>\n<p>Visit us at the <strong>Subaru Stand Block 2, Row 23, Stand 528<\/strong><\/p>\n<p>&nbsp;<\/p>\n","protected":false},"excerpt":{"rendered":"<p>A musical feast of song, dance and country music will be performed each day at the Subaru Stand Block 2, Row 23, Stand 528 welcomed daily by TG4&#8217;s Caitl\u00edn Nic Aoidh. &nbsp; On Tuesday 17th September, Gradam Ceoil TG4 Young Traditional Musician of the Year 2017, Liam O&#8217;Brien and friends, Derek Hickey and Kate McHugh [&hellip;]<\/p>\n","protected":false},"author":876,"featured_media":3360,"parent":98832,"menu_order":35,"comment_status":"closed","ping_status":"closed","template":"page-templates\/template-pr.php","meta":{"_acf_changed":false,"footnotes":""},"acf":[],"yoast_head":"<!-- This site is optimized with the Yoast SEO plugin v22.6 - https:\/\/yoast.com\/wordpress\/plugins\/seo\/ -->\n<title>TG4 in conjunction with Subaru will be at the National Ploughing Championships 2019 - TG4<\/title>\n<meta name=\"robots\" content=\"index, follow, max-snippet:-1, max-image-preview:large, max-video-preview:-1\" \/>\n<meta property=\"og:locale\" content=\"en_US\" \/>\n<meta property=\"og:type\" content=\"article\" \/>\n<meta property=\"og:title\" content=\"TG4 in conjunction with Subaru will be at the National Ploughing Championships 2019 - TG4\" \/>\n<meta property=\"og:description\" content=\"A musical feast of song, dance and country music will be performed each day at the Subaru Stand Block 2, Row 23, Stand 528 welcomed daily by TG4&#8217;s Caitl\u00edn Nic Aoidh. &nbsp; On Tuesday 17th September, Gradam Ceoil TG4 Young Traditional Musician of the Year 2017, Liam O&#8217;Brien and friends, Derek Hickey and Kate McHugh [&hellip;]\" \/>\n<meta property=\"og:url\" content=\"https:\/\/dev.tg4.ie\/en\/information\/press\/press-releases\/2019-2\/tg4-in-conjunction-with-subaru-will-be-at-the-national-ploughing-championships-2019\/\" \/>\n<meta property=\"og:site_name\" content=\"TG4\" \/>\n<meta property=\"article:publisher\" content=\"https:\/\/www.facebook.com\/TG4TV\" \/>\n<meta property=\"article:modified_time\" content=\"2019-11-12T10:44:26+00:00\" \/>\n<meta property=\"og:image\" content=\"https:\/\/tg4-docs.s3.amazonaws.com\/tg4-redesign-2015\/wp-content\/uploads\/2015\/09\/Ploughing.jpg\" \/>\n\t<meta property=\"og:image:width\" content=\"1920\" \/>\n\t<meta property=\"og:image:height\" content=\"1278\" \/>\n\t<meta property=\"og:image:type\" content=\"image\/jpeg\" \/>\n<meta name=\"twitter:card\" content=\"summary_large_image\" \/>\n<meta name=\"twitter:site\" content=\"@TG4TV\" \/>\n<meta name=\"twitter:label1\" content=\"Est. reading time\" \/>\n\t<meta name=\"twitter:data1\" content=\"1 minute\" \/>\n<script type=\"application\/ld+json\" class=\"yoast-schema-graph\">{\"@context\":\"https:\/\/schema.org\",\"@graph\":[{\"@type\":\"WebPage\",\"@id\":\"https:\/\/dev.tg4.ie\/en\/information\/press\/press-releases\/2019-2\/tg4-in-conjunction-with-subaru-will-be-at-the-national-ploughing-championships-2019\/\",\"url\":\"https:\/\/dev.tg4.ie\/en\/information\/press\/press-releases\/2019-2\/tg4-in-conjunction-with-subaru-will-be-at-the-national-ploughing-championships-2019\/\",\"name\":\"TG4 in conjunction with Subaru will be at the National Ploughing Championships 2019 - TG4\",\"isPartOf\":{\"@id\":\"https:\/\/dev.tg4.ie\/en\/#website\"},\"primaryImageOfPage\":{\"@id\":\"https:\/\/dev.tg4.ie\/en\/information\/press\/press-releases\/2019-2\/tg4-in-conjunction-with-subaru-will-be-at-the-national-ploughing-championships-2019\/#primaryimage\"},\"image\":{\"@id\":\"https:\/\/dev.tg4.ie\/en\/information\/press\/press-releases\/2019-2\/tg4-in-conjunction-with-subaru-will-be-at-the-national-ploughing-championships-2019\/#primaryimage\"},\"thumbnailUrl\":\"https:\/\/tg4-docs.s3.amazonaws.com\/tg4-redesign-2015\/wp-content\/uploads\/2015\/09\/Ploughing.jpg\",\"datePublished\":\"2019-09-13T13:50:05+00:00\",\"dateModified\":\"2019-11-12T10:44:26+00:00\",\"breadcrumb\":{\"@id\":\"https:\/\/dev.tg4.ie\/en\/information\/press\/press-releases\/2019-2\/tg4-in-conjunction-with-subaru-will-be-at-the-national-ploughing-championships-2019\/#breadcrumb\"},\"inLanguage\":\"en-ie\",\"potentialAction\":[{\"@type\":\"ReadAction\",\"target\":[\"https:\/\/dev.tg4.ie\/en\/information\/press\/press-releases\/2019-2\/tg4-in-conjunction-with-subaru-will-be-at-the-national-ploughing-championships-2019\/\"]}]},{\"@type\":\"ImageObject\",\"inLanguage\":\"en-ie\",\"@id\":\"https:\/\/dev.tg4.ie\/en\/information\/press\/press-releases\/2019-2\/tg4-in-conjunction-with-subaru-will-be-at-the-national-ploughing-championships-2019\/#primaryimage\",\"url\":\"https:\/\/tg4-docs.s3.amazonaws.com\/tg4-redesign-2015\/wp-content\/uploads\/2015\/09\/Ploughing.jpg\",\"contentUrl\":\"https:\/\/tg4-docs.s3.amazonaws.com\/tg4-redesign-2015\/wp-content\/uploads\/2015\/09\/Ploughing.jpg\",\"width\":1920,\"height\":1278},{\"@type\":\"BreadcrumbList\",\"@id\":\"https:\/\/dev.tg4.ie\/en\/information\/press\/press-releases\/2019-2\/tg4-in-conjunction-with-subaru-will-be-at-the-national-ploughing-championships-2019\/#breadcrumb\",\"itemListElement\":[{\"@type\":\"ListItem\",\"position\":1,\"name\":\"Home\",\"item\":\"https:\/\/dev.tg4.ie\/en\/\"},{\"@type\":\"ListItem\",\"position\":2,\"name\":\"Information\",\"item\":\"https:\/\/dev.tg4.ie\/en\/information\/\"},{\"@type\":\"ListItem\",\"position\":3,\"name\":\"Press\",\"item\":\"https:\/\/dev.tg4.ie\/en\/information\/press\/\"},{\"@type\":\"ListItem\",\"position\":4,\"name\":\"Press Releases\",\"item\":\"https:\/\/dev.tg4.ie\/en\/information\/press\/press-releases\/\"},{\"@type\":\"ListItem\",\"position\":5,\"name\":\"2019\",\"item\":\"https:\/\/dev.tg4.ie\/en\/information\/press\/press-releases\/2019-2\/\"},{\"@type\":\"ListItem\",\"position\":6,\"name\":\"TG4 in conjunction with Subaru will be at the National Ploughing Championships 2019\"}]},{\"@type\":\"WebSite\",\"@id\":\"https:\/\/dev.tg4.ie\/en\/#website\",\"url\":\"https:\/\/dev.tg4.ie\/en\/\",\"name\":\"TG4\",\"description\":\"S\u00fail Eile\",\"potentialAction\":[{\"@type\":\"SearchAction\",\"target\":{\"@type\":\"EntryPoint\",\"urlTemplate\":\"https:\/\/dev.tg4.ie\/en\/?s={search_term_string}\"},\"query-input\":\"required name=search_term_string\"}],\"inLanguage\":\"en-ie\"}]}<\/script>\n<!-- \/ Yoast SEO plugin. -->","yoast_head_json":{"title":"TG4 in conjunction with Subaru will be at the National Ploughing Championships 2019 - TG4","robots":{"index":"index","follow":"follow","max-snippet":"max-snippet:-1","max-image-preview":"max-image-preview:large","max-video-preview":"max-video-preview:-1"},"og_locale":"en_US","og_type":"article","og_title":"TG4 in conjunction with Subaru will be at the National Ploughing Championships 2019 - TG4","og_description":"A musical feast of song, dance and country music will be performed each day at the Subaru Stand Block 2, Row 23, Stand 528 welcomed daily by TG4&#8217;s Caitl\u00edn Nic Aoidh. &nbsp; On Tuesday 17th September, Gradam Ceoil TG4 Young Traditional Musician of the Year 2017, Liam O&#8217;Brien and friends, Derek Hickey and Kate McHugh [&hellip;]","og_url":"https:\/\/dev.tg4.ie\/en\/information\/press\/press-releases\/2019-2\/tg4-in-conjunction-with-subaru-will-be-at-the-national-ploughing-championships-2019\/","og_site_name":"TG4","article_publisher":"https:\/\/www.facebook.com\/TG4TV","article_modified_time":"2019-11-12T10:44:26+00:00","og_image":[{"width":1920,"height":1278,"url":"https:\/\/tg4-docs.s3.amazonaws.com\/tg4-redesign-2015\/wp-content\/uploads\/2015\/09\/Ploughing.jpg","type":"image\/jpeg"}],"twitter_card":"summary_large_image","twitter_site":"@TG4TV","twitter_misc":{"Est. reading time":"1 minute"},"schema":{"@context":"https:\/\/schema.org","@graph":[{"@type":"WebPage","@id":"https:\/\/dev.tg4.ie\/en\/information\/press\/press-releases\/2019-2\/tg4-in-conjunction-with-subaru-will-be-at-the-national-ploughing-championships-2019\/","url":"https:\/\/dev.tg4.ie\/en\/information\/press\/press-releases\/2019-2\/tg4-in-conjunction-with-subaru-will-be-at-the-national-ploughing-championships-2019\/","name":"TG4 in conjunction with Subaru will be at the National Ploughing Championships 2019 - TG4","isPartOf":{"@id":"https:\/\/dev.tg4.ie\/en\/#website"},"primaryImageOfPage":{"@id":"https:\/\/dev.tg4.ie\/en\/information\/press\/press-releases\/2019-2\/tg4-in-conjunction-with-subaru-will-be-at-the-national-ploughing-championships-2019\/#primaryimage"},"image":{"@id":"https:\/\/dev.tg4.ie\/en\/information\/press\/press-releases\/2019-2\/tg4-in-conjunction-with-subaru-will-be-at-the-national-ploughing-championships-2019\/#primaryimage"},"thumbnailUrl":"https:\/\/tg4-docs.s3.amazonaws.com\/tg4-redesign-2015\/wp-content\/uploads\/2015\/09\/Ploughing.jpg","datePublished":"2019-09-13T13:50:05+00:00","dateModified":"2019-11-12T10:44:26+00:00","breadcrumb":{"@id":"https:\/\/dev.tg4.ie\/en\/information\/press\/press-releases\/2019-2\/tg4-in-conjunction-with-subaru-will-be-at-the-national-ploughing-championships-2019\/#breadcrumb"},"inLanguage":"en-ie","potentialAction":[{"@type":"ReadAction","target":["https:\/\/dev.tg4.ie\/en\/information\/press\/press-releases\/2019-2\/tg4-in-conjunction-with-subaru-will-be-at-the-national-ploughing-championships-2019\/"]}]},{"@type":"ImageObject","inLanguage":"en-ie","@id":"https:\/\/dev.tg4.ie\/en\/information\/press\/press-releases\/2019-2\/tg4-in-conjunction-with-subaru-will-be-at-the-national-ploughing-championships-2019\/#primaryimage","url":"https:\/\/tg4-docs.s3.amazonaws.com\/tg4-redesign-2015\/wp-content\/uploads\/2015\/09\/Ploughing.jpg","contentUrl":"https:\/\/tg4-docs.s3.amazonaws.com\/tg4-redesign-2015\/wp-content\/uploads\/2015\/09\/Ploughing.jpg","width":1920,"height":1278},{"@type":"BreadcrumbList","@id":"https:\/\/dev.tg4.ie\/en\/information\/press\/press-releases\/2019-2\/tg4-in-conjunction-with-subaru-will-be-at-the-national-ploughing-championships-2019\/#breadcrumb","itemListElement":[{"@type":"ListItem","position":1,"name":"Home","item":"https:\/\/dev.tg4.ie\/en\/"},{"@type":"ListItem","position":2,"name":"Information","item":"https:\/\/dev.tg4.ie\/en\/information\/"},{"@type":"ListItem","position":3,"name":"Press","item":"https:\/\/dev.tg4.ie\/en\/information\/press\/"},{"@type":"ListItem","position":4,"name":"Press Releases","item":"https:\/\/dev.tg4.ie\/en\/information\/press\/press-releases\/"},{"@type":"ListItem","position":5,"name":"2019","item":"https:\/\/dev.tg4.ie\/en\/information\/press\/press-releases\/2019-2\/"},{"@type":"ListItem","position":6,"name":"TG4 in conjunction with Subaru will be at the National Ploughing Championships 2019"}]},{"@type":"WebSite","@id":"https:\/\/dev.tg4.ie\/en\/#website","url":"https:\/\/dev.tg4.ie\/en\/","name":"TG4","description":"S\u00fail Eile","potentialAction":[{"@type":"SearchAction","target":{"@type":"EntryPoint","urlTemplate":"https:\/\/dev.tg4.ie\/en\/?s={search_term_string}"},"query-input":"required name=search_term_string"}],"inLanguage":"en-ie"}]}},"_links":{"self":[{"href":"https:\/\/dev.tg4.ie\/en\/wp-json\/wp\/v2\/pages\/109209"}],"collection":[{"href":"https:\/\/dev.tg4.ie\/en\/wp-json\/wp\/v2\/pages"}],"about":[{"href":"https:\/\/dev.tg4.ie\/en\/wp-json\/wp\/v2\/types\/page"}],"author":[{"embeddable":true,"href":"https:\/\/dev.tg4.ie\/en\/wp-json\/wp\/v2\/users\/876"}],"replies":[{"embeddable":true,"href":"https:\/\/dev.tg4.ie\/en\/wp-json\/wp\/v2\/comments?post=109209"}],"version-history":[{"count":0,"href":"https:\/\/dev.tg4.ie\/en\/wp-json\/wp\/v2\/pages\/109209\/revisions"}],"up":[{"embeddable":true,"href":"https:\/\/dev.tg4.ie\/en\/wp-json\/wp\/v2\/pages\/98832"}],"wp:featuredmedia":[{"embeddable":true,"href":"https:\/\/dev.tg4.ie\/en\/wp-json\/wp\/v2\/media\/3360"}],"wp:attachment":[{"href":"https:\/\/dev.tg4.ie\/en\/wp-json\/wp\/v2\/media?parent=109209"}],"curies":[{"name":"wp","href":"https:\/\/api.w.org\/{rel}","templated":true}]}}