{"id":109368,"date":"2019-09-18T14:27:15","date_gmt":"2019-09-18T13:27:15","guid":{"rendered":"https:\/\/dev.tg4.ie\/?page_id=109368"},"modified":"2019-11-12T10:44:27","modified_gmt":"2019-11-12T10:44:27","slug":"new-season-of-guinness-pro14-rugby-kicks-off-on-tg4","status":"publish","type":"page","link":"https:\/\/dev.tg4.ie\/en\/information\/press\/press-releases\/2019-2\/new-season-of-guinness-pro14-rugby-kicks-off-on-tg4\/","title":{"rendered":"New Season of Guinness PRO14 Rugby Kicks Off On TG4"},"content":{"rendered":"<p>TG4\u2019s <strong>Rugba\u00ed Beo<\/strong> is back, starting next Friday 27<sup>th<\/sup> September with highlights from Ulster Rugby\u2019s clash against Ospreys at the Kingspan Stadium.\u00a0 This will be followed by a bumper afternoon of live rugby on Saturday 28<sup>th<\/sup> September as Munster host Dragons in Thomond Park, followed by Scarlets v Connacht and finishing off with all the best highlights from the clash between last season\u2019s bolters, Benetton Rugby and Leinster.<\/p>\n<p>&nbsp;<\/p>\n<p>TG4 will again broadcast 28 live games free to air this season, as well as deferred coverage of a further 9 interprovincial games. A weekly highlights programme will also be broadcast to bring Irish audiences the best action from the Guinness PRO14 Championship. Building on last year\u2019s coverage of behind the scenes ref-briefings, warm-up interviews with head-coaches and audio-snoops on coaches and players, with M\u00e1ire Treasa N\u00ed Dhubhghaill at the helm and expert analysis from Eimear Considine, Deirbhile Nic a Bhaird, Marcus Horan, Ronan Loughney, Eoghan \u00d3 Neachtain, Eamonn Molloy along with a host of others.<\/p>\n<p>&nbsp;<\/p>\n<p>The focus will be on the Irish Provinces in the Guinness PRO14 Championship, as Leinster seek an historic treble while Connacht continue to flourish under Andy Friend and will be looking to improve on their top-3 conference finish from last season. Ulster, without talisman Rory Best, will be aiming to go a step further than last season\u2019s semi-final defeat while Munster will be hoping that recent additions to the backroom team of Graham Rowntree and Stephen Larkham can help them break their semi-final hoodoo and progress to the Finals in Cardiff City Stadium for the first time since 2017.<\/p>\n<p>&nbsp;<\/p>\n<p>Speaking today ahead of the start of the new <em>Rugba\u00ed Beo<\/em>\u00a0season, TG4\u2019s Head of Sport, R\u00f3n\u00e1n \u00d3 Coisdealbha said: <strong>&#8220;It\u2019s with an immense source of pride for TG4 that we embark on another season of Rugba\u00ed Beo, continuing an association with this tournament which stretches back to 2001. The reaction to our free to air coverage of the Guinness PRO14 championship last season was tremendous and we look forward to bringing forward further innovations that will continue to engage audiences and rugby fans for the coming season.&#8221;<\/strong><\/p>\n<p>&nbsp;<\/p>\n<p><strong>TG4\u2019s Rugba\u00ed Beo coverage includes:<\/strong><\/p>\n<ul>\n<li>Live coverage of all Munster Rugby and Leinster Rugby matches against Welsh opposition.<\/li>\n<li>Live coverage of all Connacht Rugby\u2019s home games. Live and exclusive coverage of all Connacht matches against Welsh opposition.<\/li>\n<\/ul>\n<p>IMAGES AVAILABLE HERE: <a href=\"https:\/\/client.inpho.ie\/tg4launchrugbabeocoverageoftheupcomingguinnesspro14season\/\" target=\"_blank\" rel=\"noopener noreferrer\">client.inpho.ie\/tg4launch<\/a><\/p>\n<p>For more information on all of the coverage of this year\u2019s Guinness PRO14 Rugby season, please visit: <a href=\"https:\/\/dev.tg4.ie\/rugbaibeo\" target=\"_blank\" rel=\"noopener noreferrer\">tg4.ie\/rugbaibeo<\/a><\/p>\n<p><span>\u00a0<\/span><\/p>\n<p><span>\u00a0<\/span><\/p>\n<p><span>\u00a0<\/span><\/p>\n<table width=\"575\">\n<tbody>\n<tr>\n<td width=\"54\"><strong>Round<\/strong><\/td>\n<td width=\"119\"><strong>DATE<\/strong><\/td>\n<td width=\"66\"><strong>Kick Off<\/strong><\/td>\n<td width=\"114\"><strong>HOME<\/strong><\/td>\n<td width=\"24\"><strong>\u00a0<\/strong><\/td>\n<td width=\"90\"><strong>AWAY<\/strong><\/td>\n<td width=\"108\"><strong>LOCATION<\/strong><\/td>\n<\/tr>\n<tr>\n<td width=\"54\">1<\/td>\n<td width=\"119\">Saturday 28 September<\/td>\n<td width=\"66\">3:00pm<\/td>\n<td width=\"114\">Munster Rugby<\/td>\n<td width=\"24\">v<\/td>\n<td width=\"90\">Dragons<\/td>\n<td width=\"108\">Thomond Park<\/td>\n<\/tr>\n<tr>\n<td width=\"54\">1<\/td>\n<td width=\"119\">Saturday 28 September<\/td>\n<td width=\"66\">5:15pm<\/td>\n<td width=\"114\">Scarlets<\/td>\n<td width=\"24\">v<\/td>\n<td width=\"90\">Connacht Rugby<\/td>\n<td width=\"108\">Parc y Scarlets<\/td>\n<\/tr>\n<tr>\n<td width=\"54\">2<\/td>\n<td width=\"119\">Friday 4 October<\/td>\n<td width=\"66\">7:35pm<\/td>\n<td width=\"114\">Leinster Rugby<\/td>\n<td width=\"24\">v<\/td>\n<td width=\"90\">Ospreys Rugby<\/td>\n<td width=\"108\">RDS Arena<\/td>\n<\/tr>\n<tr>\n<td width=\"54\">2<\/td>\n<td width=\"119\">Saturday 5 October<\/td>\n<td width=\"66\">7:35pm<\/td>\n<td width=\"114\">Connacht Rugby<\/td>\n<td width=\"24\">v<\/td>\n<td width=\"90\">Benetton Rugby<\/td>\n<td width=\"108\">The Sportsground<\/td>\n<\/tr>\n<tr>\n<td width=\"54\">3<\/td>\n<td width=\"119\">Friday 11 October<\/td>\n<td width=\"66\">7:35pm<\/td>\n<td width=\"114\">Dragons<\/td>\n<td width=\"24\">v<\/td>\n<td width=\"90\">Connacht Rugby<\/td>\n<td width=\"108\">Rodney Parade<\/td>\n<\/tr>\n<tr>\n<td width=\"54\">4<\/td>\n<td width=\"119\">Friday 25 October<\/td>\n<td width=\"66\">7:35pm<\/td>\n<td width=\"114\">Munster Rugby<\/td>\n<td width=\"24\">v<\/td>\n<td width=\"90\">Ospreys Rugby<\/td>\n<td width=\"108\">Irish Independent Park<\/td>\n<\/tr>\n<tr>\n<td width=\"54\">4<\/td>\n<td width=\"119\">Saturday 26 October<\/td>\n<td width=\"66\">5:15pm<\/td>\n<td width=\"114\">Connacht Rugby<\/td>\n<td width=\"24\">v<\/td>\n<td width=\"90\">Toyota Cheetahs<\/td>\n<td width=\"108\">The Sportsground<\/td>\n<\/tr>\n<tr>\n<td width=\"54\">5<\/td>\n<td width=\"119\">Saturday 2 November<\/td>\n<td width=\"66\">5:15pm<\/td>\n<td width=\"114\">Ospreys Rugby<\/td>\n<td width=\"24\">v<\/td>\n<td width=\"90\">Connacht Rugby<\/td>\n<td width=\"108\">Liberty Stadium<\/td>\n<\/tr>\n<tr>\n<td width=\"54\">5<\/td>\n<td width=\"119\">Saturday 2 November<\/td>\n<td width=\"66\">7:35pm<\/td>\n<td width=\"114\">Cardiff Blues<\/td>\n<td width=\"24\">v<\/td>\n<td width=\"90\">Munster Rugby<\/td>\n<td width=\"108\">Cardiff Arms Park<\/td>\n<\/tr>\n<tr>\n<td width=\"54\">6<\/td>\n<td width=\"119\">Friday 8 November<\/td>\n<td width=\"66\">7:35pm<\/td>\n<td width=\"114\">Connacht Rugby<\/td>\n<td width=\"24\">v<\/td>\n<td width=\"90\">Leinster Rugby<\/td>\n<td width=\"108\">The Sportsground<\/td>\n<\/tr>\n<tr>\n<td width=\"54\">7<\/td>\n<td width=\"119\">Saturday 30 November<\/td>\n<td width=\"66\">5:15pm<\/td>\n<td width=\"114\">Connacht Rugby<\/td>\n<td width=\"24\">v<\/td>\n<td width=\"90\">Isuzu Southern Kings<\/td>\n<td width=\"108\">The Sportsground<\/td>\n<\/tr>\n<tr>\n<td width=\"54\">8<\/td>\n<td width=\"119\">Saturday 21 December<\/td>\n<td width=\"66\">5:15pm<\/td>\n<td width=\"114\">Connacht Rugby<\/td>\n<td width=\"24\">v<\/td>\n<td width=\"90\">Munster Rugby<\/td>\n<td width=\"108\">The Sportsground<\/td>\n<\/tr>\n<tr>\n<td width=\"54\">11<\/td>\n<td width=\"119\">Saturday 15 February<\/td>\n<td width=\"66\">7:35pm<\/td>\n<td width=\"114\">Connacht Rugby<\/td>\n<td width=\"24\">v<\/td>\n<td width=\"90\">Cardiff Blues<\/td>\n<td width=\"108\">The Sportsground<\/td>\n<\/tr>\n<tr>\n<td width=\"54\">12<\/td>\n<td width=\"119\">Friday 21 February<\/td>\n<td width=\"66\">7:35pm<\/td>\n<td width=\"114\">Ospreys Rugby<\/td>\n<td width=\"24\">v<\/td>\n<td width=\"90\">Leinster Rugby<\/td>\n<td width=\"108\">Liberty Stadium<\/td>\n<\/tr>\n<tr>\n<td width=\"54\">13<\/td>\n<td width=\"119\">Saturday 29 February<\/td>\n<td width=\"66\">5:00pm<\/td>\n<td width=\"114\">Munster Rugby<\/td>\n<td width=\"24\">v<\/td>\n<td width=\"90\">Scarlets<\/td>\n<td width=\"108\">Thomond Park<\/td>\n<\/tr>\n<tr>\n<td width=\"54\">14<\/td>\n<td width=\"119\">Friday 20 March<\/td>\n<td width=\"66\">7:35pm<\/td>\n<td width=\"114\">Connacht Rugby<\/td>\n<td width=\"24\">v<\/td>\n<td width=\"90\">Scarlets<\/td>\n<td width=\"108\">The Sportsground<\/td>\n<\/tr>\n<tr>\n<td width=\"54\">15<\/td>\n<td width=\"119\">Friday 27 March<\/td>\n<td width=\"66\">7:35pm<\/td>\n<td width=\"114\">Munster Rugby<\/td>\n<td width=\"24\">v<\/td>\n<td width=\"90\">Benetton Rugby<\/td>\n<td width=\"108\">Irish Independent Park<\/td>\n<\/tr>\n<tr>\n<td width=\"54\">16<\/td>\n<td width=\"119\">Friday 10 April<\/td>\n<td width=\"66\">7:35pm<\/td>\n<td width=\"114\">Connacht Rugby<\/td>\n<td width=\"24\">v<\/td>\n<td width=\"90\">Glasgow Warriors<\/td>\n<td width=\"108\">The Sportsground<\/td>\n<\/tr>\n<tr>\n<td width=\"54\">16<\/td>\n<td width=\"119\">Saturday 11 April<\/td>\n<td width=\"66\">3:00pm<\/td>\n<td width=\"114\">Munster Rugby<\/td>\n<td width=\"24\">v<\/td>\n<td width=\"90\">Cardiff Blues<\/td>\n<td width=\"108\">Thomond Park<\/td>\n<\/tr>\n<tr>\n<td width=\"54\">16<\/td>\n<td width=\"119\">Saturday 11 April<\/td>\n<td width=\"66\">5:15pm<\/td>\n<td width=\"114\">Leinster Rugby<\/td>\n<td width=\"24\">v<\/td>\n<td width=\"90\">Zebre Rugby Club<\/td>\n<td width=\"108\">RDS Arena<\/td>\n<\/tr>\n<tr>\n<td width=\"54\">18<\/td>\n<td width=\"119\">Friday 24 April<\/td>\n<td width=\"66\">7:35pm<\/td>\n<td width=\"114\">Dragons<\/td>\n<td width=\"24\">v<\/td>\n<td width=\"90\">Leinster Rugby<\/td>\n<td width=\"108\">Rodney Parade<\/td>\n<\/tr>\n<tr>\n<td width=\"54\">18<\/td>\n<td width=\"119\">Saturday 25 April<\/td>\n<td width=\"66\">7:35pm<\/td>\n<td width=\"114\">Connacht Rugby<\/td>\n<td width=\"24\">v<\/td>\n<td width=\"90\">Ulster Rugby<\/td>\n<td width=\"108\">The Sportsground<\/td>\n<\/tr>\n<tr>\n<td width=\"54\">19<\/td>\n<td width=\"119\">Friday 8 May<\/td>\n<td width=\"66\">7:35pm<\/td>\n<td width=\"114\">Cardiff Blues<\/td>\n<td width=\"24\">v<\/td>\n<td width=\"90\">Connacht Rugby<\/td>\n<td width=\"108\">Cardiff Arms Park<\/td>\n<\/tr>\n<tr>\n<td width=\"54\">19<\/td>\n<td width=\"119\">Saturday 9 May<\/td>\n<td width=\"66\">7:45pm<\/td>\n<td width=\"114\">Scarlets<\/td>\n<td width=\"24\">v<\/td>\n<td width=\"90\">Leinster Rugby<\/td>\n<td width=\"108\">Parc y Scarlets<\/td>\n<\/tr>\n<tr>\n<td width=\"54\">20<\/td>\n<td width=\"119\">Friday 15 May<\/td>\n<td width=\"66\">7:35pm<\/td>\n<td width=\"114\">Leinster Rugby<\/td>\n<td width=\"24\">v<\/td>\n<td width=\"90\">Cardiff Blues<\/td>\n<td width=\"108\">RDS Arena<\/td>\n<\/tr>\n<tr>\n<td width=\"54\">20<\/td>\n<td width=\"119\">Saturday 16 May<\/td>\n<td width=\"66\">5:15pm<\/td>\n<td width=\"114\">Scarlets<\/td>\n<td width=\"24\">v<\/td>\n<td width=\"90\">Munster Rugby<\/td>\n<td width=\"108\">Parc y Scarlets<\/td>\n<\/tr>\n<tr>\n<td width=\"54\">20<\/td>\n<td width=\"119\">Saturday 16 May<\/td>\n<td width=\"66\">7:35pm<\/td>\n<td width=\"114\">Connacht Rugby<\/td>\n<td width=\"24\">v<\/td>\n<td width=\"90\">Edinburgh Rugby<\/td>\n<td width=\"108\">The Sportsground<\/td>\n<\/tr>\n<tr>\n<td width=\"54\">Final<\/td>\n<td width=\"119\">Saturday 20 June<\/td>\n<td width=\"66\">TBC<\/td>\n<td width=\"114\">TBC<\/td>\n<td width=\"24\">v<\/td>\n<td width=\"90\">TBC<\/td>\n<td width=\"108\">Cardiff City Stadium<\/td>\n<\/tr>\n<\/tbody>\n<\/table>\n<p><span>\u00a0<\/span><\/p>\n<p>&nbsp;<\/p>\n<p>&nbsp;<\/p>\n<p>&nbsp;<\/p>\n","protected":false},"excerpt":{"rendered":"<p>TG4\u2019s Rugba\u00ed Beo is back, starting next Friday 27th September with highlights from Ulster Rugby\u2019s clash against Ospreys at the Kingspan Stadium.\u00a0 This will be followed by a bumper afternoon of live rugby on Saturday 28th September as Munster host Dragons in Thomond Park, followed by Scarlets v Connacht and finishing off with all the [&hellip;]<\/p>\n","protected":false},"author":876,"featured_media":109418,"parent":98832,"menu_order":37,"comment_status":"closed","ping_status":"closed","template":"page-templates\/template-pr.php","meta":{"_acf_changed":false,"footnotes":""},"acf":[],"yoast_head":"<!-- This site is optimized with the Yoast SEO plugin v22.6 - https:\/\/yoast.com\/wordpress\/plugins\/seo\/ -->\n<title>New Season of Guinness PRO14 Rugby Kicks Off On TG4 | Press Release | Rugba\u00ed Beo | Sp\u00f3rt TG4 | TG4<\/title>\n<meta name=\"robots\" content=\"index, follow, max-snippet:-1, max-image-preview:large, max-video-preview:-1\" \/>\n<meta property=\"og:locale\" content=\"en_US\" \/>\n<meta property=\"og:type\" content=\"article\" \/>\n<meta property=\"og:title\" content=\"New Season of Guinness PRO14 Rugby Kicks Off On TG4 | Press Release | Rugba\u00ed Beo | Sp\u00f3rt TG4 | TG4\" \/>\n<meta property=\"og:description\" content=\"TG4\u2019s Rugba\u00ed Beo is back, starting next Friday 27th September with highlights from Ulster Rugby\u2019s clash against Ospreys at the Kingspan Stadium.\u00a0 This will be followed by a bumper afternoon of live rugby on Saturday 28th September as Munster host Dragons in Thomond Park, followed by Scarlets v Connacht and finishing off with all the [&hellip;]\" \/>\n<meta property=\"og:url\" content=\"https:\/\/dev.tg4.ie\/en\/information\/press\/press-releases\/2019-2\/new-season-of-guinness-pro14-rugby-kicks-off-on-tg4\/\" \/>\n<meta property=\"og:site_name\" content=\"TG4\" \/>\n<meta property=\"article:publisher\" content=\"https:\/\/www.facebook.com\/TG4TV\" \/>\n<meta property=\"article:modified_time\" content=\"2019-11-12T10:44:27+00:00\" \/>\n<meta property=\"og:image\" content=\"https:\/\/tg4-docs.s3.amazonaws.com\/wp-content\/uploads\/2024\/11\/18151812\/TG4_2024_corcra_teal_1-1920x1080-1.jpg\" \/>\n\t<meta property=\"og:image:width\" content=\"1920\" \/>\n\t<meta property=\"og:image:height\" content=\"1080\" \/>\n\t<meta property=\"og:image:type\" content=\"image\/jpeg\" \/>\n<meta name=\"twitter:card\" content=\"summary_large_image\" \/>\n<meta name=\"twitter:site\" content=\"@TG4TV\" \/>\n<meta name=\"twitter:label1\" content=\"Est. reading time\" \/>\n\t<meta name=\"twitter:data1\" content=\"4 minutes\" \/>\n<script type=\"application\/ld+json\" class=\"yoast-schema-graph\">{\"@context\":\"https:\/\/schema.org\",\"@graph\":[{\"@type\":\"WebPage\",\"@id\":\"https:\/\/dev.tg4.ie\/en\/information\/press\/press-releases\/2019-2\/new-season-of-guinness-pro14-rugby-kicks-off-on-tg4\/\",\"url\":\"https:\/\/dev.tg4.ie\/en\/information\/press\/press-releases\/2019-2\/new-season-of-guinness-pro14-rugby-kicks-off-on-tg4\/\",\"name\":\"New Season of Guinness PRO14 Rugby Kicks Off On TG4 | Press Release | Rugba\u00ed Beo | Sp\u00f3rt TG4 | TG4\",\"isPartOf\":{\"@id\":\"https:\/\/dev.tg4.ie\/en\/#website\"},\"primaryImageOfPage\":{\"@id\":\"https:\/\/dev.tg4.ie\/en\/information\/press\/press-releases\/2019-2\/new-season-of-guinness-pro14-rugby-kicks-off-on-tg4\/#primaryimage\"},\"image\":{\"@id\":\"https:\/\/dev.tg4.ie\/en\/information\/press\/press-releases\/2019-2\/new-season-of-guinness-pro14-rugby-kicks-off-on-tg4\/#primaryimage\"},\"thumbnailUrl\":\"\",\"datePublished\":\"2019-09-18T13:27:15+00:00\",\"dateModified\":\"2019-11-12T10:44:27+00:00\",\"breadcrumb\":{\"@id\":\"https:\/\/dev.tg4.ie\/en\/information\/press\/press-releases\/2019-2\/new-season-of-guinness-pro14-rugby-kicks-off-on-tg4\/#breadcrumb\"},\"inLanguage\":\"en-ie\",\"potentialAction\":[{\"@type\":\"ReadAction\",\"target\":[\"https:\/\/dev.tg4.ie\/en\/information\/press\/press-releases\/2019-2\/new-season-of-guinness-pro14-rugby-kicks-off-on-tg4\/\"]}]},{\"@type\":\"ImageObject\",\"inLanguage\":\"en-ie\",\"@id\":\"https:\/\/dev.tg4.ie\/en\/information\/press\/press-releases\/2019-2\/new-season-of-guinness-pro14-rugby-kicks-off-on-tg4\/#primaryimage\",\"url\":\"\",\"contentUrl\":\"\"},{\"@type\":\"BreadcrumbList\",\"@id\":\"https:\/\/dev.tg4.ie\/en\/information\/press\/press-releases\/2019-2\/new-season-of-guinness-pro14-rugby-kicks-off-on-tg4\/#breadcrumb\",\"itemListElement\":[{\"@type\":\"ListItem\",\"position\":1,\"name\":\"Home\",\"item\":\"https:\/\/dev.tg4.ie\/en\/\"},{\"@type\":\"ListItem\",\"position\":2,\"name\":\"Information\",\"item\":\"https:\/\/dev.tg4.ie\/en\/information\/\"},{\"@type\":\"ListItem\",\"position\":3,\"name\":\"Press\",\"item\":\"https:\/\/dev.tg4.ie\/en\/information\/press\/\"},{\"@type\":\"ListItem\",\"position\":4,\"name\":\"Press Releases\",\"item\":\"https:\/\/dev.tg4.ie\/en\/information\/press\/press-releases\/\"},{\"@type\":\"ListItem\",\"position\":5,\"name\":\"2019\",\"item\":\"https:\/\/dev.tg4.ie\/en\/information\/press\/press-releases\/2019-2\/\"},{\"@type\":\"ListItem\",\"position\":6,\"name\":\"New Season of Guinness PRO14 Rugby Kicks Off On TG4\"}]},{\"@type\":\"WebSite\",\"@id\":\"https:\/\/dev.tg4.ie\/en\/#website\",\"url\":\"https:\/\/dev.tg4.ie\/en\/\",\"name\":\"TG4\",\"description\":\"S\u00fail Eile\",\"potentialAction\":[{\"@type\":\"SearchAction\",\"target\":{\"@type\":\"EntryPoint\",\"urlTemplate\":\"https:\/\/dev.tg4.ie\/en\/?s={search_term_string}\"},\"query-input\":\"required name=search_term_string\"}],\"inLanguage\":\"en-ie\"}]}<\/script>\n<!-- \/ Yoast SEO plugin. -->","yoast_head_json":{"title":"New Season of Guinness PRO14 Rugby Kicks Off On TG4 | Press Release | Rugba\u00ed Beo | Sp\u00f3rt TG4 | TG4","robots":{"index":"index","follow":"follow","max-snippet":"max-snippet:-1","max-image-preview":"max-image-preview:large","max-video-preview":"max-video-preview:-1"},"og_locale":"en_US","og_type":"article","og_title":"New Season of Guinness PRO14 Rugby Kicks Off On TG4 | Press Release | Rugba\u00ed Beo | Sp\u00f3rt TG4 | TG4","og_description":"TG4\u2019s Rugba\u00ed Beo is back, starting next Friday 27th September with highlights from Ulster Rugby\u2019s clash against Ospreys at the Kingspan Stadium.\u00a0 This will be followed by a bumper afternoon of live rugby on Saturday 28th September as Munster host Dragons in Thomond Park, followed by Scarlets v Connacht and finishing off with all the [&hellip;]","og_url":"https:\/\/dev.tg4.ie\/en\/information\/press\/press-releases\/2019-2\/new-season-of-guinness-pro14-rugby-kicks-off-on-tg4\/","og_site_name":"TG4","article_publisher":"https:\/\/www.facebook.com\/TG4TV","article_modified_time":"2019-11-12T10:44:27+00:00","og_image":[{"width":1920,"height":1080,"url":"https:\/\/tg4-docs.s3.amazonaws.com\/wp-content\/uploads\/2024\/11\/18151812\/TG4_2024_corcra_teal_1-1920x1080-1.jpg","type":"image\/jpeg"}],"twitter_card":"summary_large_image","twitter_site":"@TG4TV","twitter_misc":{"Est. reading time":"4 minutes"},"schema":{"@context":"https:\/\/schema.org","@graph":[{"@type":"WebPage","@id":"https:\/\/dev.tg4.ie\/en\/information\/press\/press-releases\/2019-2\/new-season-of-guinness-pro14-rugby-kicks-off-on-tg4\/","url":"https:\/\/dev.tg4.ie\/en\/information\/press\/press-releases\/2019-2\/new-season-of-guinness-pro14-rugby-kicks-off-on-tg4\/","name":"New Season of Guinness PRO14 Rugby Kicks Off On TG4 | Press Release | Rugba\u00ed Beo | Sp\u00f3rt TG4 | TG4","isPartOf":{"@id":"https:\/\/dev.tg4.ie\/en\/#website"},"primaryImageOfPage":{"@id":"https:\/\/dev.tg4.ie\/en\/information\/press\/press-releases\/2019-2\/new-season-of-guinness-pro14-rugby-kicks-off-on-tg4\/#primaryimage"},"image":{"@id":"https:\/\/dev.tg4.ie\/en\/information\/press\/press-releases\/2019-2\/new-season-of-guinness-pro14-rugby-kicks-off-on-tg4\/#primaryimage"},"thumbnailUrl":"","datePublished":"2019-09-18T13:27:15+00:00","dateModified":"2019-11-12T10:44:27+00:00","breadcrumb":{"@id":"https:\/\/dev.tg4.ie\/en\/information\/press\/press-releases\/2019-2\/new-season-of-guinness-pro14-rugby-kicks-off-on-tg4\/#breadcrumb"},"inLanguage":"en-ie","potentialAction":[{"@type":"ReadAction","target":["https:\/\/dev.tg4.ie\/en\/information\/press\/press-releases\/2019-2\/new-season-of-guinness-pro14-rugby-kicks-off-on-tg4\/"]}]},{"@type":"ImageObject","inLanguage":"en-ie","@id":"https:\/\/dev.tg4.ie\/en\/information\/press\/press-releases\/2019-2\/new-season-of-guinness-pro14-rugby-kicks-off-on-tg4\/#primaryimage","url":"","contentUrl":""},{"@type":"BreadcrumbList","@id":"https:\/\/dev.tg4.ie\/en\/information\/press\/press-releases\/2019-2\/new-season-of-guinness-pro14-rugby-kicks-off-on-tg4\/#breadcrumb","itemListElement":[{"@type":"ListItem","position":1,"name":"Home","item":"https:\/\/dev.tg4.ie\/en\/"},{"@type":"ListItem","position":2,"name":"Information","item":"https:\/\/dev.tg4.ie\/en\/information\/"},{"@type":"ListItem","position":3,"name":"Press","item":"https:\/\/dev.tg4.ie\/en\/information\/press\/"},{"@type":"ListItem","position":4,"name":"Press Releases","item":"https:\/\/dev.tg4.ie\/en\/information\/press\/press-releases\/"},{"@type":"ListItem","position":5,"name":"2019","item":"https:\/\/dev.tg4.ie\/en\/information\/press\/press-releases\/2019-2\/"},{"@type":"ListItem","position":6,"name":"New Season of Guinness PRO14 Rugby Kicks Off On TG4"}]},{"@type":"WebSite","@id":"https:\/\/dev.tg4.ie\/en\/#website","url":"https:\/\/dev.tg4.ie\/en\/","name":"TG4","description":"S\u00fail Eile","potentialAction":[{"@type":"SearchAction","target":{"@type":"EntryPoint","urlTemplate":"https:\/\/dev.tg4.ie\/en\/?s={search_term_string}"},"query-input":"required name=search_term_string"}],"inLanguage":"en-ie"}]}},"_links":{"self":[{"href":"https:\/\/dev.tg4.ie\/en\/wp-json\/wp\/v2\/pages\/109368"}],"collection":[{"href":"https:\/\/dev.tg4.ie\/en\/wp-json\/wp\/v2\/pages"}],"about":[{"href":"https:\/\/dev.tg4.ie\/en\/wp-json\/wp\/v2\/types\/page"}],"author":[{"embeddable":true,"href":"https:\/\/dev.tg4.ie\/en\/wp-json\/wp\/v2\/users\/876"}],"replies":[{"embeddable":true,"href":"https:\/\/dev.tg4.ie\/en\/wp-json\/wp\/v2\/comments?post=109368"}],"version-history":[{"count":0,"href":"https:\/\/dev.tg4.ie\/en\/wp-json\/wp\/v2\/pages\/109368\/revisions"}],"up":[{"embeddable":true,"href":"https:\/\/dev.tg4.ie\/en\/wp-json\/wp\/v2\/pages\/98832"}],"wp:featuredmedia":[{"embeddable":true,"href":"https:\/\/dev.tg4.ie\/en\/wp-json\/"}],"wp:attachment":[{"href":"https:\/\/dev.tg4.ie\/en\/wp-json\/wp\/v2\/media?parent=109368"}],"curies":[{"name":"wp","href":"https:\/\/api.w.org\/{rel}","templated":true}]}}