{"id":110472,"date":"2019-03-22T14:43:14","date_gmt":"2019-03-22T14:43:14","guid":{"rendered":"https:\/\/dev.tg4.ie\/?page_id=102223"},"modified":"2019-11-12T10:44:20","modified_gmt":"2019-11-12T10:44:20","slug":"tg4-to-broadcast-live-professional-boxing-from-the-national-stadium-in-dublin-on-saturday-30-march","status":"publish","type":"page","link":"https:\/\/dev.tg4.ie\/en\/information\/press\/press-releases\/2019-2\/tg4-to-broadcast-live-professional-boxing-from-the-national-stadium-in-dublin-on-saturday-30-march\/","title":{"rendered":"TG4 to broadcast live Professional Boxing from the National Stadium in Dublin on Saturday 30 March"},"content":{"rendered":"<p><em><strong>TG4<\/strong><\/em> in assocation with <em><strong>Assassin Boxing<\/strong><\/em> and <em><strong>Boxing Ireland Promotions<\/strong><\/em> have confirmed that all ten fights from <strong>\u2018Clash of the Titans\u2019<\/strong> will be broadcast live on <strong>Saturday 30<sup>th<\/sup> March<\/strong> with coverage on YouTube and on <strong>TG4<\/strong>\u2019s main channel which will provide live coverage from <strong>8:30pm to 11:00pm<\/strong>.<\/p>\n<p><strong>TG4<\/strong> will provide extensive live coverage of <strong>\u2018Clash of the Titans\u2019<\/strong> with an exciting evening of professional boxing from the National Stadium in Dublin. All ten fights on the night will be broadcast on <strong>TG4<\/strong>\u2019s YouTube site to viewers in Ireland. Coverage of the fights later in the evening will also be available on <strong>TG4<\/strong>\u2019s main linear channel from 8:30pm onwards.<\/p>\n<p>The show will feature <strong>Eric Donovan v Stephen McAfee<\/strong> for the vacant Irish featherweight title. Donovan, who is the former BUI Celtic Champion at featherweight will face off with the current Celtic super-featherweight champion for the Irish title. Other fighters on the night include <strong>Katelyn Phelan v Monika Antonik<\/strong>, <strong>Victor Rabei v Jake Hanney<\/strong>, <strong>Dylan Moran v Gyrorgy Mizei<\/strong> and <strong>Allan Phelan v Aiden Metcalfe<\/strong>.<\/p>\n<p><strong>Katelynn Phelan<\/strong>, who is a former World Youth and European Junior bronze medalist, will fight <strong>Monika Antonik<\/strong>. Eitheen year old Katelynn is the younger sister of pro boxer <strong>Allan Phelan<\/strong> who faces <strong>Aidan Metcalfe<\/strong> for the BUI Celtic featherweight title on the same bill on 30 March. Polish fighter <strong>Monika Antonik<\/strong> is a former Olympian and Natasha Jonas made her professional debut against her in August 2017.<\/p>\n<p>The live coverage of the <strong>\u2018Clash of the Titans\u2019<\/strong>\u00a0 will be presented by <strong>M\u00e1ire Treasa N\u00ed Cheallaigh<\/strong> with commentary and analysis by <strong>Andy Lee<\/strong>, <strong>Kenneth Egan<\/strong>, <strong>Darren O\u2019Neill<\/strong>, <strong>Ryan Burnett<\/strong> and <strong>Se\u00e1n B\u00e1n Breathnach<\/strong>.\u00a0 <strong>TG4<\/strong>\u2019s live <strong>YouTube<\/strong> commentary will be provided by <strong>C\u00e1rthach B\u00e1n Breathnach<\/strong>. The live coverage will be produced by Limerick based company <strong>Vitel TV<\/strong>.<\/p>\n<p><strong>TG4<\/strong>\u2019s Head of Sport, <strong>R\u00f3n\u00e1n \u00d3 Coisdealbha<\/strong> said:\u00a0 \u201c<strong>TG4<\/strong> are very pleased to be broadcasting another night of boxing from the National Stadium. Following on from a night of high drama in Castlebar in last December we feel it\u2019s important that boxers should have a national platform to showcase their talents. We\u2019re delighted to be able to bring this to a national free to air audience. \u201d<\/p>\n<p><strong>Assassin Promotion<\/strong>\u2019s <strong>Conor Slater<\/strong> said \u201c&#8217;It is fantastic to see professional boxing return to Irish screens. I believe there is a huge appetite for the sport in Ireland, and the exposure boxing has gotten over the past year is testament to the work <strong>TG4<\/strong> have done. It feels like something really special is building, and to have a network partner that believes in Irish sport, is fantastic. I think on March 30th, the Irish public will get another taste of just how brilliant Irish professional boxing is at the moment.\u201d<\/p>\n<p><strong><u>TG4 Coverage &#8211; Saturday 30 March<\/u><\/strong><\/p>\n<p>Live on <strong>YouTube<\/strong> from <strong>5:55pm<\/strong> onwards\u00a0 &#8211;\u00a0 all 10 fights will be broadcast live on the <em><strong>TG4<\/strong><\/em> YouTube page:\u00a0\u00a0 <a href=\"http:\/\/mhq70911clink.tg4.ie\/wf\/click?upn=plDLgAMDe-2FFx3WRNLy61KmZVryHtLKpUHu4Pj4KYA-2FFA8pMHBnQAZFT0cuXK7snu_yUrNv0m9Bc6zuTNIEQaYQyGAZ1vuPSi-2Fwm5UhxvlykZyvj6yJsif52hA5L5sD75hSGL3UAHSoYLSL9Q-2Ff74aMfTh3Em71MbS8dTNrV79pzvzD9f5uQ5rY71DYypNQWkRzCtZ50-2BhsQuR7BfmJ2s-2FHxWvriAuELaYjP62YEnT1xq9lxbTe-2Fc5sGXgPco4m4gL5Qc54DMA-2BIvwK-2FRPuq-2BtflFWzumPx18xy0bAekzUbAOr3F8iBNAqlM4XvhHb8v9dwAACwEiwps-2FX2P5t1yee6Q-3D-3D\" target=\"_blank\" rel=\"noopener noreferrer\">www.youtube.com\/tg4<\/a><\/p>\n<p>Live coverage on <strong>TG4<\/strong>\u2019s main channel from 8:30pm to 11pm.<\/p>\n<p>6:00pm\u00a0\u00a0\u00a0<strong> Keane McMahon<\/strong> v TBA\u00a0\u00a0\u00a0\u00a0\u00a0\u00a0 4 rounds x3 mins\u00a0\u00a0\u00a0\u00a0\u00a0\u00a0\u00a0\u00a0 \u00a0\u00a0\u00a0\u00a0\u00a0\u00a0\u00a0\u00a0\u00a0\u00a0\u00a0\u00a0YouTube<\/p>\n<p>6:20pm\u00a0\u00a0\u00a0\u00a0 <strong>Graham McCormack<\/strong> v <strong>Jade Karam<\/strong> 6 rounds x3 mins\u00a0\u00a0\u00a0\u00a0 \u00a0\u00a0YouTube<\/p>\n<p>6:40pm\u00a0\u00a0\u00a0\u00a0 <strong>Cillian Reardon<\/strong> v <strong>Jordan Latimer<\/strong> 6 rounds x3 mins\u00a0\u00a0\u00a0\u00a0\u00a0\u00a0\u00a0\u00a0\u00a0 YouTube<\/p>\n<p>7:00pm\u00a0\u00a0\u00a0\u00a0\u00a0 <strong>James Tennyson<\/strong> v <strong>Andreas Maier<\/strong> 6 rounds x3 mins\u00a0\u00a0\u00a0\u00a0\u00a0\u00a0\u00a0 YouTube<\/p>\n<p>7:25pm\u00a0\u00a0\u00a0\u00a0\u00a0 <strong>Dylan Moran<\/strong> v <strong>Gyrorgy Mizei<\/strong> \u00a08 rounds x3 mins \u00a0\u00a0\u00a0\u00a0\u00a0\u00a0\u00a0\u00a0\u00a0\u00a0\u00a0\u00a0\u00a0\u00a0YouTube<\/p>\n<p>7:55pm\u00a0\u00a0\u00a0 \u00a0<strong>Allan Phelan<\/strong> v <strong>Aiden Metcalfe<\/strong> \u00a0\u00a08 rounds x3 mins\u00a0\u00a0\u00a0\u00a0\u00a0\u00a0\u00a0\u00a0\u00a0\u00a0\u00a0\u00a0\u00a0 YouTube<\/p>\n<p>8:35pm\u00a0\u00a0\u00a0 \u00a0<strong>Martin Quinn<\/strong> v <strong>Francy Luzoho<\/strong> \u00a06 rounds x3 mins\u00a0\u00a0\u00a0\u00a0\u00a0\u00a0\u00a0\u00a0\u00a0\u00a0\u00a0\u00a0\u00a0\u00a0 YouTube + TG4<\/p>\n<p>9:05pm\u00a0\u00a0\u00a0\u00a0<strong> Katelyn Phelan<\/strong> v <strong>Monika Antonik<\/strong> \u00a04 rounds x 2 mins\u00a0\u00a0\u00a0\u00a0\u00a0\u00a0\u00a0\u00a0 YouTube\u00a0 + TG4<\/p>\n<p>9:20pm\u00a0\u00a0\u00a0\u00a0 <strong>Victor Rabei<\/strong> v <strong>Jake Hanney<\/strong> \u00a0\u00a08 rounds x 3 mins\u00a0\u00a0\u00a0\u00a0\u00a0\u00a0\u00a0\u00a0\u00a0\u00a0\u00a0\u00a0\u00a0 \u00a0\u00a0\u00a0\u00a0\u00a0YouTube + TG4<\/p>\n<p>10:05pm\u00a0\u00a0<strong> Eric Donovan<\/strong> v <strong>Stephen McAfee<\/strong> \u00a010 rounds x 3 mins\u00a0\u00a0\u00a0 \u00a0\u00a0\u00a0\u00a0YouTube + TG4<\/p>\n<p><strong>View promo<\/strong> <a href=\"http:\/\/mhq70911clink.tg4.ie\/wf\/click?upn=W5Rx-2FuuWIgIeTyBWLgBwTyp71a6GieO9tti8eHhWt-2BBCdDpuuRVSgzOZi5mfvx3X_yUrNv0m9Bc6zuTNIEQaYQyGAZ1vuPSi-2Fwm5UhxvlykZyvj6yJsif52hA5L5sD75hSGL3UAHSoYLSL9Q-2Ff74aMfTh3Em71MbS8dTNrV79pzvzD9f5uQ5rY71DYypNQWkRlE7QFYdVzJiV46q3bBEAhpodx84LUPwnKV1EFUFDpmiL5ufr5A-2B1-2BR2OcXi3v1Xd5kBAZORbo70NyQRc1ECu35B1dVklDpaaGgJP2lZ8d16qgXj-2Fan9jFwBB5RPXY9THCGhNYW5nMTMj-2FAMKfmG7dQ-3D-3D\">here<\/a><\/p>\n","protected":false},"excerpt":{"rendered":"<p>TG4 in assocation with Assassin Boxing and Boxing Ireland Promotions have confirmed that all ten fights from \u2018Clash of the Titans\u2019 will be broadcast live on Saturday 30th March with coverage on YouTube and on TG4\u2019s main channel which will provide live coverage from 8:30pm to 11:00pm. TG4 will provide extensive live coverage of \u2018Clash [&hellip;]<\/p>\n","protected":false},"author":876,"featured_media":102221,"parent":98832,"menu_order":11,"comment_status":"closed","ping_status":"closed","template":"page-templates\/template-pr.php","meta":{"_acf_changed":false,"footnotes":""},"acf":[],"yoast_head":"<!-- This site is optimized with the Yoast SEO plugin v22.6 - https:\/\/yoast.com\/wordpress\/plugins\/seo\/ -->\n<title>An \u2018Clash of the Titans\u2019 le craoladh ar Theilif\u00eds Saor go hAer | TG4<\/title>\n<meta name=\"robots\" content=\"index, follow, max-snippet:-1, max-image-preview:large, max-video-preview:-1\" \/>\n<meta property=\"og:locale\" content=\"en_US\" \/>\n<meta property=\"og:type\" content=\"article\" \/>\n<meta property=\"og:title\" content=\"An \u2018Clash of the Titans\u2019 le craoladh ar Theilif\u00eds Saor go hAer | TG4\" \/>\n<meta property=\"og:description\" content=\"TG4 in assocation with Assassin Boxing and Boxing Ireland Promotions have confirmed that all ten fights from \u2018Clash of the Titans\u2019 will be broadcast live on Saturday 30th March with coverage on YouTube and on TG4\u2019s main channel which will provide live coverage from 8:30pm to 11:00pm. TG4 will provide extensive live coverage of \u2018Clash [&hellip;]\" \/>\n<meta property=\"og:url\" content=\"https:\/\/dev.tg4.ie\/en\/information\/press\/press-releases\/2019-2\/tg4-to-broadcast-live-professional-boxing-from-the-national-stadium-in-dublin-on-saturday-30-march\/\" \/>\n<meta property=\"og:site_name\" content=\"TG4\" \/>\n<meta property=\"article:publisher\" content=\"https:\/\/www.facebook.com\/TG4TV\" \/>\n<meta property=\"article:modified_time\" content=\"2019-11-12T10:44:20+00:00\" \/>\n<meta property=\"og:image\" content=\"https:\/\/tg4-docs.s3.amazonaws.com\/wp-content\/uploads\/2024\/11\/18151812\/TG4_2024_corcra_teal_1-1920x1080-1.jpg\" \/>\n\t<meta property=\"og:image:width\" content=\"1920\" \/>\n\t<meta property=\"og:image:height\" content=\"1080\" \/>\n\t<meta property=\"og:image:type\" content=\"image\/jpeg\" \/>\n<meta name=\"twitter:card\" content=\"summary_large_image\" \/>\n<meta name=\"twitter:site\" content=\"@TG4TV\" \/>\n<meta name=\"twitter:label1\" content=\"Est. reading time\" \/>\n\t<meta name=\"twitter:data1\" content=\"3 minutes\" \/>\n<script type=\"application\/ld+json\" class=\"yoast-schema-graph\">{\"@context\":\"https:\/\/schema.org\",\"@graph\":[{\"@type\":\"WebPage\",\"@id\":\"https:\/\/dev.tg4.ie\/en\/information\/press\/press-releases\/2019-2\/tg4-to-broadcast-live-professional-boxing-from-the-national-stadium-in-dublin-on-saturday-30-march\/\",\"url\":\"https:\/\/dev.tg4.ie\/en\/information\/press\/press-releases\/2019-2\/tg4-to-broadcast-live-professional-boxing-from-the-national-stadium-in-dublin-on-saturday-30-march\/\",\"name\":\"An \u2018Clash of the Titans\u2019 le craoladh ar Theilif\u00eds Saor go hAer | TG4\",\"isPartOf\":{\"@id\":\"https:\/\/dev.tg4.ie\/en\/#website\"},\"primaryImageOfPage\":{\"@id\":\"https:\/\/dev.tg4.ie\/en\/information\/press\/press-releases\/2019-2\/tg4-to-broadcast-live-professional-boxing-from-the-national-stadium-in-dublin-on-saturday-30-march\/#primaryimage\"},\"image\":{\"@id\":\"https:\/\/dev.tg4.ie\/en\/information\/press\/press-releases\/2019-2\/tg4-to-broadcast-live-professional-boxing-from-the-national-stadium-in-dublin-on-saturday-30-march\/#primaryimage\"},\"thumbnailUrl\":\"\",\"datePublished\":\"2019-03-22T14:43:14+00:00\",\"dateModified\":\"2019-11-12T10:44:20+00:00\",\"breadcrumb\":{\"@id\":\"https:\/\/dev.tg4.ie\/en\/information\/press\/press-releases\/2019-2\/tg4-to-broadcast-live-professional-boxing-from-the-national-stadium-in-dublin-on-saturday-30-march\/#breadcrumb\"},\"inLanguage\":\"en-ie\",\"potentialAction\":[{\"@type\":\"ReadAction\",\"target\":[\"https:\/\/dev.tg4.ie\/en\/information\/press\/press-releases\/2019-2\/tg4-to-broadcast-live-professional-boxing-from-the-national-stadium-in-dublin-on-saturday-30-march\/\"]}]},{\"@type\":\"ImageObject\",\"inLanguage\":\"en-ie\",\"@id\":\"https:\/\/dev.tg4.ie\/en\/information\/press\/press-releases\/2019-2\/tg4-to-broadcast-live-professional-boxing-from-the-national-stadium-in-dublin-on-saturday-30-march\/#primaryimage\",\"url\":\"\",\"contentUrl\":\"\"},{\"@type\":\"BreadcrumbList\",\"@id\":\"https:\/\/dev.tg4.ie\/en\/information\/press\/press-releases\/2019-2\/tg4-to-broadcast-live-professional-boxing-from-the-national-stadium-in-dublin-on-saturday-30-march\/#breadcrumb\",\"itemListElement\":[{\"@type\":\"ListItem\",\"position\":1,\"name\":\"Home\",\"item\":\"https:\/\/dev.tg4.ie\/en\/\"},{\"@type\":\"ListItem\",\"position\":2,\"name\":\"Information\",\"item\":\"https:\/\/dev.tg4.ie\/en\/information\/\"},{\"@type\":\"ListItem\",\"position\":3,\"name\":\"Press\",\"item\":\"https:\/\/dev.tg4.ie\/en\/information\/press\/\"},{\"@type\":\"ListItem\",\"position\":4,\"name\":\"Press Releases\",\"item\":\"https:\/\/dev.tg4.ie\/en\/information\/press\/press-releases\/\"},{\"@type\":\"ListItem\",\"position\":5,\"name\":\"2019\",\"item\":\"https:\/\/dev.tg4.ie\/en\/information\/press\/press-releases\/2019-2\/\"},{\"@type\":\"ListItem\",\"position\":6,\"name\":\"TG4 to broadcast live Professional Boxing from the National Stadium in Dublin on Saturday 30 March\"}]},{\"@type\":\"WebSite\",\"@id\":\"https:\/\/dev.tg4.ie\/en\/#website\",\"url\":\"https:\/\/dev.tg4.ie\/en\/\",\"name\":\"TG4\",\"description\":\"S\u00fail Eile\",\"potentialAction\":[{\"@type\":\"SearchAction\",\"target\":{\"@type\":\"EntryPoint\",\"urlTemplate\":\"https:\/\/dev.tg4.ie\/en\/?s={search_term_string}\"},\"query-input\":\"required name=search_term_string\"}],\"inLanguage\":\"en-ie\"}]}<\/script>\n<!-- \/ Yoast SEO plugin. -->","yoast_head_json":{"title":"An \u2018Clash of the Titans\u2019 le craoladh ar Theilif\u00eds Saor go hAer | TG4","robots":{"index":"index","follow":"follow","max-snippet":"max-snippet:-1","max-image-preview":"max-image-preview:large","max-video-preview":"max-video-preview:-1"},"og_locale":"en_US","og_type":"article","og_title":"An \u2018Clash of the Titans\u2019 le craoladh ar Theilif\u00eds Saor go hAer | TG4","og_description":"TG4 in assocation with Assassin Boxing and Boxing Ireland Promotions have confirmed that all ten fights from \u2018Clash of the Titans\u2019 will be broadcast live on Saturday 30th March with coverage on YouTube and on TG4\u2019s main channel which will provide live coverage from 8:30pm to 11:00pm. TG4 will provide extensive live coverage of \u2018Clash [&hellip;]","og_url":"https:\/\/dev.tg4.ie\/en\/information\/press\/press-releases\/2019-2\/tg4-to-broadcast-live-professional-boxing-from-the-national-stadium-in-dublin-on-saturday-30-march\/","og_site_name":"TG4","article_publisher":"https:\/\/www.facebook.com\/TG4TV","article_modified_time":"2019-11-12T10:44:20+00:00","og_image":[{"width":1920,"height":1080,"url":"https:\/\/tg4-docs.s3.amazonaws.com\/wp-content\/uploads\/2024\/11\/18151812\/TG4_2024_corcra_teal_1-1920x1080-1.jpg","type":"image\/jpeg"}],"twitter_card":"summary_large_image","twitter_site":"@TG4TV","twitter_misc":{"Est. reading time":"3 minutes"},"schema":{"@context":"https:\/\/schema.org","@graph":[{"@type":"WebPage","@id":"https:\/\/dev.tg4.ie\/en\/information\/press\/press-releases\/2019-2\/tg4-to-broadcast-live-professional-boxing-from-the-national-stadium-in-dublin-on-saturday-30-march\/","url":"https:\/\/dev.tg4.ie\/en\/information\/press\/press-releases\/2019-2\/tg4-to-broadcast-live-professional-boxing-from-the-national-stadium-in-dublin-on-saturday-30-march\/","name":"An \u2018Clash of the Titans\u2019 le craoladh ar Theilif\u00eds Saor go hAer | TG4","isPartOf":{"@id":"https:\/\/dev.tg4.ie\/en\/#website"},"primaryImageOfPage":{"@id":"https:\/\/dev.tg4.ie\/en\/information\/press\/press-releases\/2019-2\/tg4-to-broadcast-live-professional-boxing-from-the-national-stadium-in-dublin-on-saturday-30-march\/#primaryimage"},"image":{"@id":"https:\/\/dev.tg4.ie\/en\/information\/press\/press-releases\/2019-2\/tg4-to-broadcast-live-professional-boxing-from-the-national-stadium-in-dublin-on-saturday-30-march\/#primaryimage"},"thumbnailUrl":"","datePublished":"2019-03-22T14:43:14+00:00","dateModified":"2019-11-12T10:44:20+00:00","breadcrumb":{"@id":"https:\/\/dev.tg4.ie\/en\/information\/press\/press-releases\/2019-2\/tg4-to-broadcast-live-professional-boxing-from-the-national-stadium-in-dublin-on-saturday-30-march\/#breadcrumb"},"inLanguage":"en-ie","potentialAction":[{"@type":"ReadAction","target":["https:\/\/dev.tg4.ie\/en\/information\/press\/press-releases\/2019-2\/tg4-to-broadcast-live-professional-boxing-from-the-national-stadium-in-dublin-on-saturday-30-march\/"]}]},{"@type":"ImageObject","inLanguage":"en-ie","@id":"https:\/\/dev.tg4.ie\/en\/information\/press\/press-releases\/2019-2\/tg4-to-broadcast-live-professional-boxing-from-the-national-stadium-in-dublin-on-saturday-30-march\/#primaryimage","url":"","contentUrl":""},{"@type":"BreadcrumbList","@id":"https:\/\/dev.tg4.ie\/en\/information\/press\/press-releases\/2019-2\/tg4-to-broadcast-live-professional-boxing-from-the-national-stadium-in-dublin-on-saturday-30-march\/#breadcrumb","itemListElement":[{"@type":"ListItem","position":1,"name":"Home","item":"https:\/\/dev.tg4.ie\/en\/"},{"@type":"ListItem","position":2,"name":"Information","item":"https:\/\/dev.tg4.ie\/en\/information\/"},{"@type":"ListItem","position":3,"name":"Press","item":"https:\/\/dev.tg4.ie\/en\/information\/press\/"},{"@type":"ListItem","position":4,"name":"Press Releases","item":"https:\/\/dev.tg4.ie\/en\/information\/press\/press-releases\/"},{"@type":"ListItem","position":5,"name":"2019","item":"https:\/\/dev.tg4.ie\/en\/information\/press\/press-releases\/2019-2\/"},{"@type":"ListItem","position":6,"name":"TG4 to broadcast live Professional Boxing from the National Stadium in Dublin on Saturday 30 March"}]},{"@type":"WebSite","@id":"https:\/\/dev.tg4.ie\/en\/#website","url":"https:\/\/dev.tg4.ie\/en\/","name":"TG4","description":"S\u00fail Eile","potentialAction":[{"@type":"SearchAction","target":{"@type":"EntryPoint","urlTemplate":"https:\/\/dev.tg4.ie\/en\/?s={search_term_string}"},"query-input":"required name=search_term_string"}],"inLanguage":"en-ie"}]}},"_links":{"self":[{"href":"https:\/\/dev.tg4.ie\/en\/wp-json\/wp\/v2\/pages\/110472"}],"collection":[{"href":"https:\/\/dev.tg4.ie\/en\/wp-json\/wp\/v2\/pages"}],"about":[{"href":"https:\/\/dev.tg4.ie\/en\/wp-json\/wp\/v2\/types\/page"}],"author":[{"embeddable":true,"href":"https:\/\/dev.tg4.ie\/en\/wp-json\/wp\/v2\/users\/876"}],"replies":[{"embeddable":true,"href":"https:\/\/dev.tg4.ie\/en\/wp-json\/wp\/v2\/comments?post=110472"}],"version-history":[{"count":0,"href":"https:\/\/dev.tg4.ie\/en\/wp-json\/wp\/v2\/pages\/110472\/revisions"}],"up":[{"embeddable":true,"href":"https:\/\/dev.tg4.ie\/en\/wp-json\/wp\/v2\/pages\/98832"}],"wp:featuredmedia":[{"embeddable":true,"href":"https:\/\/dev.tg4.ie\/en\/wp-json\/"}],"wp:attachment":[{"href":"https:\/\/dev.tg4.ie\/en\/wp-json\/wp\/v2\/media?parent=110472"}],"curies":[{"name":"wp","href":"https:\/\/api.w.org\/{rel}","templated":true}]}}