{"id":110474,"date":"2019-04-16T14:32:12","date_gmt":"2019-04-16T13:32:12","guid":{"rendered":"https:\/\/dev.tg4.ie\/?page_id=103374"},"modified":"2019-11-12T10:44:22","modified_gmt":"2019-11-12T10:44:22","slug":"rte-and-tg4-partner-to-bring-fifa-womens-world-cup-to-irish-screens-for-the-first-time","status":"publish","type":"page","link":"https:\/\/dev.tg4.ie\/en\/information\/press\/press-releases\/2019-2\/rte-and-tg4-partner-to-bring-fifa-womens-world-cup-to-irish-screens-for-the-first-time\/","title":{"rendered":"RT\u00c9 and TG4 partner to bring FIFA Women&#8217;s World Cup to Irish screens for the first time"},"content":{"rendered":"<p>Beginning on Friday 7 June with the Opening Ceremony and the Group A meeting of hosts France and Korea, <strong>RT\u00c9<\/strong> and <strong>TG4<\/strong> will share coverage throughout the duration of the tournament with all games free-to-air for Irish viewers.<\/p>\n<p>&nbsp;<\/p>\n<p><strong>RT\u00c92<\/strong> and <strong>RT\u00c9 Player<\/strong> will broadcast 23 matches including three of the quarter-finals, one semi-final and the final on Sunday 7 July.<\/p>\n<p>&nbsp;<\/p>\n<p><strong>TG4<\/strong> will broadcast 29 matches in total including the opening match, one quarter-final, one semi final, the match for 3<sup>rd<\/sup>place and highlights of the final.<\/p>\n<p>&nbsp;<\/p>\n<p><strong>Declan McBennett, RT\u00c9 Group Head of Sport said<\/strong>:\u00a0<em>\u201c<\/em><strong><em>RT\u00c9<\/em><\/strong><em> are delighted that alongside <\/em><strong><em>TG4<\/em><\/strong><em> we can, for the first time ever, bring the <\/em><strong><em>FIFA Women\u2019s World Cup<\/em><\/strong><em> in its entirety free-to-air to Irish viewers. It is particularly fitting to be making this announcement exactly six months on from the launch of the <\/em><strong><em>20 x 20 initiative<\/em><\/strong><em> to create a cultural shift in our perception of girls and women in sport.&#8221;<\/em><\/p>\n<p>&nbsp;<\/p>\n<p><strong>R\u00f3n\u00e1n \u00d3 Coisdealbha, Head of Sport TG4 said:\u00a0<\/strong><em>\u201c<\/em><strong><em>TG4<\/em><\/strong><em> has been a proactive supporter of Womens Sport for many years. This new collaboration is another step in the right direction\u00a0and ties in well with the very important <\/em><strong><em>20&#215;20<\/em><\/strong><em> campaign. It is also a great example of how Public Service Media outlets can collaborate to bring the\u00a0best of television content, free to air, to loyal audiences.\u201d<\/em><\/p>\n<p><strong>ENDS<\/strong><\/p>\n<p>&nbsp;<\/p>\n<p><strong>For more information, please contact:<\/strong><\/p>\n<p>&nbsp;<\/p>\n<p><strong>RT\u00c9<\/strong><\/p>\n<p><strong>Fergus McCormack<\/strong>, RT\u00c9 Sport Press Officer \/<a href=\"mailto:Fergus.mccormack@rte.ie\" target=\"_blank\" rel=\"noopener noreferrer\">Fergus.mccormack@rte.ie<\/a>\u00a0\/ 086 8674751<\/p>\n<p><strong>Sharon Brady<\/strong>, Senior Communications Manager RT\u00c9 \/<a href=\"mailto:Sharon.brady@rte.ie\" target=\"_blank\" rel=\"noopener noreferrer\">Sharon.brady@rte.ie<\/a>\u00a0\/ 087 685 8975<\/p>\n<p>&nbsp;<\/p>\n<p><strong>TG4<\/strong><\/p>\n<p><strong>R\u00f3n\u00e1n \u00d3 Coisdealbha<\/strong>, Head of Sport, TG4 \/<a href=\"mailto:ronan.o.coisdealbha@TG4.ie\" target=\"_blank\" rel=\"noopener noreferrer\">ronan.o.coisdealbha@TG4.ie<\/a>\u00a0\u2013 087 2472841<\/p>\n<p style=\"margin-bottom: 12.0pt;\"><strong>Trevor \u00d3 Clochartaigh<\/strong>, Communications Manager TG4 \/<a href=\"mailto:trevor.o.clochartaigh@TG4.ie\" target=\"_blank\" rel=\"noopener noreferrer\">trevor.o.clochartaigh@TG4.ie<\/a>\u00a0\/ 087 2476624<\/p>\n<p>&nbsp;<\/p>\n","protected":false},"excerpt":{"rendered":"<p>Beginning on Friday 7 June with the Opening Ceremony and the Group A meeting of hosts France and Korea, RT\u00c9 and TG4 will share coverage throughout the duration of the tournament with all games free-to-air for Irish viewers. &nbsp; RT\u00c92 and RT\u00c9 Player will broadcast 23 matches including three of the quarter-finals, one semi-final and [&hellip;]<\/p>\n","protected":false},"author":876,"featured_media":103370,"parent":98832,"menu_order":16,"comment_status":"closed","ping_status":"closed","template":"page-templates\/template-pr.php","meta":{"_acf_changed":false,"footnotes":""},"acf":[],"yoast_head":"<!-- This site is optimized with the Yoast SEO plugin v22.6 - https:\/\/yoast.com\/wordpress\/plugins\/seo\/ -->\n<title>RT\u00c9 and TG4 partner to bring FIFA Women&#039;s World Cup to Irish screens for the first time - TG4<\/title>\n<meta name=\"robots\" content=\"index, follow, max-snippet:-1, max-image-preview:large, max-video-preview:-1\" \/>\n<meta property=\"og:locale\" content=\"en_US\" \/>\n<meta property=\"og:type\" content=\"article\" \/>\n<meta property=\"og:title\" content=\"RT\u00c9 and TG4 partner to bring FIFA Women&#039;s World Cup to Irish screens for the first time - TG4\" \/>\n<meta property=\"og:description\" content=\"Beginning on Friday 7 June with the Opening Ceremony and the Group A meeting of hosts France and Korea, RT\u00c9 and TG4 will share coverage throughout the duration of the tournament with all games free-to-air for Irish viewers. &nbsp; RT\u00c92 and RT\u00c9 Player will broadcast 23 matches including three of the quarter-finals, one semi-final and [&hellip;]\" \/>\n<meta property=\"og:url\" content=\"https:\/\/dev.tg4.ie\/en\/information\/press\/press-releases\/2019-2\/rte-and-tg4-partner-to-bring-fifa-womens-world-cup-to-irish-screens-for-the-first-time\/\" \/>\n<meta property=\"og:site_name\" content=\"TG4\" \/>\n<meta property=\"article:publisher\" content=\"https:\/\/www.facebook.com\/TG4TV\" \/>\n<meta property=\"article:modified_time\" content=\"2019-11-12T10:44:22+00:00\" \/>\n<meta property=\"og:image\" content=\"https:\/\/tg4-docs.s3.amazonaws.com\/wp-content\/uploads\/2024\/11\/18151812\/TG4_2024_corcra_teal_1-1920x1080-1.jpg\" \/>\n\t<meta property=\"og:image:width\" content=\"1920\" \/>\n\t<meta property=\"og:image:height\" content=\"1080\" \/>\n\t<meta property=\"og:image:type\" content=\"image\/jpeg\" \/>\n<meta name=\"twitter:card\" content=\"summary_large_image\" \/>\n<meta name=\"twitter:site\" content=\"@TG4TV\" \/>\n<meta name=\"twitter:label1\" content=\"Est. reading time\" \/>\n\t<meta name=\"twitter:data1\" content=\"1 minute\" \/>\n<script type=\"application\/ld+json\" class=\"yoast-schema-graph\">{\"@context\":\"https:\/\/schema.org\",\"@graph\":[{\"@type\":\"WebPage\",\"@id\":\"https:\/\/dev.tg4.ie\/en\/information\/press\/press-releases\/2019-2\/rte-and-tg4-partner-to-bring-fifa-womens-world-cup-to-irish-screens-for-the-first-time\/\",\"url\":\"https:\/\/dev.tg4.ie\/en\/information\/press\/press-releases\/2019-2\/rte-and-tg4-partner-to-bring-fifa-womens-world-cup-to-irish-screens-for-the-first-time\/\",\"name\":\"RT\u00c9 and TG4 partner to bring FIFA Women's World Cup to Irish screens for the first time - TG4\",\"isPartOf\":{\"@id\":\"https:\/\/dev.tg4.ie\/en\/#website\"},\"primaryImageOfPage\":{\"@id\":\"https:\/\/dev.tg4.ie\/en\/information\/press\/press-releases\/2019-2\/rte-and-tg4-partner-to-bring-fifa-womens-world-cup-to-irish-screens-for-the-first-time\/#primaryimage\"},\"image\":{\"@id\":\"https:\/\/dev.tg4.ie\/en\/information\/press\/press-releases\/2019-2\/rte-and-tg4-partner-to-bring-fifa-womens-world-cup-to-irish-screens-for-the-first-time\/#primaryimage\"},\"thumbnailUrl\":\"\",\"datePublished\":\"2019-04-16T13:32:12+00:00\",\"dateModified\":\"2019-11-12T10:44:22+00:00\",\"breadcrumb\":{\"@id\":\"https:\/\/dev.tg4.ie\/en\/information\/press\/press-releases\/2019-2\/rte-and-tg4-partner-to-bring-fifa-womens-world-cup-to-irish-screens-for-the-first-time\/#breadcrumb\"},\"inLanguage\":\"en-ie\",\"potentialAction\":[{\"@type\":\"ReadAction\",\"target\":[\"https:\/\/dev.tg4.ie\/en\/information\/press\/press-releases\/2019-2\/rte-and-tg4-partner-to-bring-fifa-womens-world-cup-to-irish-screens-for-the-first-time\/\"]}]},{\"@type\":\"ImageObject\",\"inLanguage\":\"en-ie\",\"@id\":\"https:\/\/dev.tg4.ie\/en\/information\/press\/press-releases\/2019-2\/rte-and-tg4-partner-to-bring-fifa-womens-world-cup-to-irish-screens-for-the-first-time\/#primaryimage\",\"url\":\"\",\"contentUrl\":\"\"},{\"@type\":\"BreadcrumbList\",\"@id\":\"https:\/\/dev.tg4.ie\/en\/information\/press\/press-releases\/2019-2\/rte-and-tg4-partner-to-bring-fifa-womens-world-cup-to-irish-screens-for-the-first-time\/#breadcrumb\",\"itemListElement\":[{\"@type\":\"ListItem\",\"position\":1,\"name\":\"Home\",\"item\":\"https:\/\/dev.tg4.ie\/en\/\"},{\"@type\":\"ListItem\",\"position\":2,\"name\":\"Information\",\"item\":\"https:\/\/dev.tg4.ie\/en\/information\/\"},{\"@type\":\"ListItem\",\"position\":3,\"name\":\"Press\",\"item\":\"https:\/\/dev.tg4.ie\/en\/information\/press\/\"},{\"@type\":\"ListItem\",\"position\":4,\"name\":\"Press Releases\",\"item\":\"https:\/\/dev.tg4.ie\/en\/information\/press\/press-releases\/\"},{\"@type\":\"ListItem\",\"position\":5,\"name\":\"2019\",\"item\":\"https:\/\/dev.tg4.ie\/en\/information\/press\/press-releases\/2019-2\/\"},{\"@type\":\"ListItem\",\"position\":6,\"name\":\"RT\u00c9 and TG4 partner to bring FIFA Women&#8217;s World Cup to Irish screens for the first time\"}]},{\"@type\":\"WebSite\",\"@id\":\"https:\/\/dev.tg4.ie\/en\/#website\",\"url\":\"https:\/\/dev.tg4.ie\/en\/\",\"name\":\"TG4\",\"description\":\"S\u00fail Eile\",\"potentialAction\":[{\"@type\":\"SearchAction\",\"target\":{\"@type\":\"EntryPoint\",\"urlTemplate\":\"https:\/\/dev.tg4.ie\/en\/?s={search_term_string}\"},\"query-input\":\"required name=search_term_string\"}],\"inLanguage\":\"en-ie\"}]}<\/script>\n<!-- \/ Yoast SEO plugin. -->","yoast_head_json":{"title":"RT\u00c9 and TG4 partner to bring FIFA Women's World Cup to Irish screens for the first time - TG4","robots":{"index":"index","follow":"follow","max-snippet":"max-snippet:-1","max-image-preview":"max-image-preview:large","max-video-preview":"max-video-preview:-1"},"og_locale":"en_US","og_type":"article","og_title":"RT\u00c9 and TG4 partner to bring FIFA Women's World Cup to Irish screens for the first time - TG4","og_description":"Beginning on Friday 7 June with the Opening Ceremony and the Group A meeting of hosts France and Korea, RT\u00c9 and TG4 will share coverage throughout the duration of the tournament with all games free-to-air for Irish viewers. &nbsp; RT\u00c92 and RT\u00c9 Player will broadcast 23 matches including three of the quarter-finals, one semi-final and [&hellip;]","og_url":"https:\/\/dev.tg4.ie\/en\/information\/press\/press-releases\/2019-2\/rte-and-tg4-partner-to-bring-fifa-womens-world-cup-to-irish-screens-for-the-first-time\/","og_site_name":"TG4","article_publisher":"https:\/\/www.facebook.com\/TG4TV","article_modified_time":"2019-11-12T10:44:22+00:00","og_image":[{"width":1920,"height":1080,"url":"https:\/\/tg4-docs.s3.amazonaws.com\/wp-content\/uploads\/2024\/11\/18151812\/TG4_2024_corcra_teal_1-1920x1080-1.jpg","type":"image\/jpeg"}],"twitter_card":"summary_large_image","twitter_site":"@TG4TV","twitter_misc":{"Est. reading time":"1 minute"},"schema":{"@context":"https:\/\/schema.org","@graph":[{"@type":"WebPage","@id":"https:\/\/dev.tg4.ie\/en\/information\/press\/press-releases\/2019-2\/rte-and-tg4-partner-to-bring-fifa-womens-world-cup-to-irish-screens-for-the-first-time\/","url":"https:\/\/dev.tg4.ie\/en\/information\/press\/press-releases\/2019-2\/rte-and-tg4-partner-to-bring-fifa-womens-world-cup-to-irish-screens-for-the-first-time\/","name":"RT\u00c9 and TG4 partner to bring FIFA Women's World Cup to Irish screens for the first time - TG4","isPartOf":{"@id":"https:\/\/dev.tg4.ie\/en\/#website"},"primaryImageOfPage":{"@id":"https:\/\/dev.tg4.ie\/en\/information\/press\/press-releases\/2019-2\/rte-and-tg4-partner-to-bring-fifa-womens-world-cup-to-irish-screens-for-the-first-time\/#primaryimage"},"image":{"@id":"https:\/\/dev.tg4.ie\/en\/information\/press\/press-releases\/2019-2\/rte-and-tg4-partner-to-bring-fifa-womens-world-cup-to-irish-screens-for-the-first-time\/#primaryimage"},"thumbnailUrl":"","datePublished":"2019-04-16T13:32:12+00:00","dateModified":"2019-11-12T10:44:22+00:00","breadcrumb":{"@id":"https:\/\/dev.tg4.ie\/en\/information\/press\/press-releases\/2019-2\/rte-and-tg4-partner-to-bring-fifa-womens-world-cup-to-irish-screens-for-the-first-time\/#breadcrumb"},"inLanguage":"en-ie","potentialAction":[{"@type":"ReadAction","target":["https:\/\/dev.tg4.ie\/en\/information\/press\/press-releases\/2019-2\/rte-and-tg4-partner-to-bring-fifa-womens-world-cup-to-irish-screens-for-the-first-time\/"]}]},{"@type":"ImageObject","inLanguage":"en-ie","@id":"https:\/\/dev.tg4.ie\/en\/information\/press\/press-releases\/2019-2\/rte-and-tg4-partner-to-bring-fifa-womens-world-cup-to-irish-screens-for-the-first-time\/#primaryimage","url":"","contentUrl":""},{"@type":"BreadcrumbList","@id":"https:\/\/dev.tg4.ie\/en\/information\/press\/press-releases\/2019-2\/rte-and-tg4-partner-to-bring-fifa-womens-world-cup-to-irish-screens-for-the-first-time\/#breadcrumb","itemListElement":[{"@type":"ListItem","position":1,"name":"Home","item":"https:\/\/dev.tg4.ie\/en\/"},{"@type":"ListItem","position":2,"name":"Information","item":"https:\/\/dev.tg4.ie\/en\/information\/"},{"@type":"ListItem","position":3,"name":"Press","item":"https:\/\/dev.tg4.ie\/en\/information\/press\/"},{"@type":"ListItem","position":4,"name":"Press Releases","item":"https:\/\/dev.tg4.ie\/en\/information\/press\/press-releases\/"},{"@type":"ListItem","position":5,"name":"2019","item":"https:\/\/dev.tg4.ie\/en\/information\/press\/press-releases\/2019-2\/"},{"@type":"ListItem","position":6,"name":"RT\u00c9 and TG4 partner to bring FIFA Women&#8217;s World Cup to Irish screens for the first time"}]},{"@type":"WebSite","@id":"https:\/\/dev.tg4.ie\/en\/#website","url":"https:\/\/dev.tg4.ie\/en\/","name":"TG4","description":"S\u00fail Eile","potentialAction":[{"@type":"SearchAction","target":{"@type":"EntryPoint","urlTemplate":"https:\/\/dev.tg4.ie\/en\/?s={search_term_string}"},"query-input":"required name=search_term_string"}],"inLanguage":"en-ie"}]}},"_links":{"self":[{"href":"https:\/\/dev.tg4.ie\/en\/wp-json\/wp\/v2\/pages\/110474"}],"collection":[{"href":"https:\/\/dev.tg4.ie\/en\/wp-json\/wp\/v2\/pages"}],"about":[{"href":"https:\/\/dev.tg4.ie\/en\/wp-json\/wp\/v2\/types\/page"}],"author":[{"embeddable":true,"href":"https:\/\/dev.tg4.ie\/en\/wp-json\/wp\/v2\/users\/876"}],"replies":[{"embeddable":true,"href":"https:\/\/dev.tg4.ie\/en\/wp-json\/wp\/v2\/comments?post=110474"}],"version-history":[{"count":0,"href":"https:\/\/dev.tg4.ie\/en\/wp-json\/wp\/v2\/pages\/110474\/revisions"}],"up":[{"embeddable":true,"href":"https:\/\/dev.tg4.ie\/en\/wp-json\/wp\/v2\/pages\/98832"}],"wp:featuredmedia":[{"embeddable":true,"href":"https:\/\/dev.tg4.ie\/en\/wp-json\/wp\/v2\/pages\/103370"}],"wp:attachment":[{"href":"https:\/\/dev.tg4.ie\/en\/wp-json\/wp\/v2\/media?parent=110474"}],"curies":[{"name":"wp","href":"https:\/\/api.w.org\/{rel}","templated":true}]}}