{"id":110560,"date":"2019-11-12T14:44:34","date_gmt":"2019-11-12T14:44:34","guid":{"rendered":"https:\/\/dev.tg4.ie\/?page_id=110560"},"modified":"2019-11-13T11:08:54","modified_gmt":"2019-11-13T11:08:54","slug":"mayos-laoise-kelly-to-be-awarded-traditional-irish-musics-highest-honour","status":"publish","type":"page","link":"https:\/\/dev.tg4.ie\/en\/information\/press\/press-releases\/2019-2\/mayos-laoise-kelly-to-be-awarded-traditional-irish-musics-highest-honour\/","title":{"rendered":"Mayo&#8217;s Laoise Kelly to be Awarded Traditional Irish Music\u2019s highest honour"},"content":{"rendered":"<p><span>Women lead the way in this year&#8217;s Gradam Ceoil TG4 accolades, as &#8216;Musician of the Year&#8217;, &#8216;Young Musician of the Year&#8217; and &#8216;Composer of the Year&#8217; are awarded to highly-talented female musicians.<br \/>\nHarper Laoise Kelly from Westport, Co. Mayo is announced as TG4&#8217;s\u00a0<strong>&#8216;Musician of the Year&#8217;<\/strong>, and is one of the youngest recipients of the main award to date. Laoise will be awarded the title at TG4&#8217;s Gradam Ceoil gala concert which will take place in Belfast&#8217;s Waterfront Hall next February.\u00a0 She is one of Ireland\u2019s most significant harpers of her generation and uses a style of playing combining the techniques of fingerpads in the bass and fingernails in the melody on a thirty-four gut strung Paddy Cafferky harp.\u00a0Laoise was a founding member of the traditional group Bumblebees, who recorded two albums,\u00a0<em>Bumblebees\u00a0<\/em>(1997) and\u00a0<em>Buzzin<\/em>\u00a0(1999) and who toured extensively across Ireland, the UK, Europe, the US and Canada. She was also a founding member of Fiddletree, a folk group from the US, Ireland, Cape Breton and Scotland, who all play instruments made from the same tree and who have released two albums,\u00a0<em>The Fiddletree<\/em>\u00a0(2011) and\u00a0<em>The Unfathomable Menagerie<\/em>\u00a0(2013).<\/span><\/p>\n<p><span>Fiddle and Cello player, Sharon Howley, from Kilfenora, Co. Clare has been selected as this year&#8217;s<strong>\u00a0Young Musician of the Year.<\/strong>\u00a0 Sharon was immersed in traditional music from a young age with a rich musical lineage; her father sings and plays and both her grandfathers, Micky McCormack and Michael Slattery sang and played music. Her wider relations include the Mulqueeney\u2019s and McCormack\u2019s who played with the older formations of the Kilfenora Ceil\u00ed Band.<\/span><\/p>\n<div>\n<div>\n<div>\n<p><span>Lillis \u00d3 Laoire, two time winner of the premier sean-n\u00f3s singing competition Corn U\u00ed Riada in 1991 and again in 1994 is to be awarded the title of\u00a0<strong>Singer of the Year<\/strong>.\u00a0\u00a0<\/span><\/p>\n<p><span>The other award recipients are\u00a0<strong>Lifetime Achievement Award<\/strong>\u00a0to S\u00e9amus Connolly,\u00a0<strong>Outstanding Contribution Award<\/strong>\u00a0to Nenagh&#8217;s Ned Kelly and\u00a0<strong>Composer of the Year<\/strong>\u00a0to Josephine Marsh.\u00a0\u00a0<\/span><br \/>\n<span><br \/>\nNuacht TG4 will broadcast live tonight at 7pm from the official launch of Gradam Ceoil TG4 2020.\u00a0 Gradam Ceoil TG4 is 23 years in existence, an awards ceremony that recognises and celebrates the cream of Irish traditional music.<\/span><\/p>\n<p><span>The full list of\u00a0<strong>TG4 Gradam Ceoil 2020<\/strong>\u00a0recipients reads as follows:<\/span><\/p>\n<ul>\n<li><strong><span>Ceolt\u00f3ir na Bliana\/Musician of the Year<\/span><\/strong><span>: Laoise Kelly\u00a0<\/span><\/li>\n<li><strong><span>Ceolt\u00f3ir \u00d3g\/Young Musician of the Year<\/span><\/strong><span>: Sharon Howley\u00a0<\/span><\/li>\n<li><strong><span>Gradam Saoil\/Lifetime Achievement<\/span><\/strong><span>: S\u00e9amus Connolly\u00a0<\/span><\/li>\n<li><strong><span>Amhr\u00e1na\u00ed na Bliana\/Singer of the Year<\/span><\/strong><span>: Lillis \u00d3 Laoire\u00a0<\/span><\/li>\n<li><strong><span>Gradam Comaoine\/Outstanding\u00a0Contribution<\/span><\/strong><span>: Ned Kelly\u00a0<\/span><\/li>\n<li><strong><span>Cumad\u00f3ir na Bliana \/ Composer of the Year:\u00a0<\/span><\/strong><span>Josephine Marsh\u00a0<strong>\u00a0<\/strong><\/span><\/li>\n<\/ul>\n<p>&nbsp;<\/p>\n<p><strong><span>Gradam Ceoil TG4<\/span><\/strong><span>\u00a0is the premier annual traditional music awards scheme and academy.\u00a0 An independent panel of adjudicators selects recipients each year.\u00a0 It is not a competition.\u00a0 The Gradam Ceoil recipients are presented with a specially-commissioned piece by leading sculptor John Coll as well as a small stipend.<\/span><\/p>\n<p><span>This year\u2019s awards will be presented at the\u00a0<strong>Gradam Ceoil TG4<\/strong>\u00a0Concert in the\u00a0<strong>Waterfront\u00a0Hall, Belfast\u00a0<\/strong>on\u00a0<strong>Sunday\u00a023rd\u00a0February\u00a0<\/strong>and televised live on TG4 at\u00a0<strong>9:30pm<\/strong>,\u00a0hosted by\u00a0<strong>Doireann N\u00ed Ghlac\u00e1in<\/strong>\u00a0&amp;\u00a0<strong>D\u00f3nal O\u2019Connor<\/strong>, the 2020 Gradam recipients will be joined in performance on stage by their own special musical guests in a unique, star-studded line-up of musicians and award-presenters.<\/span><\/p>\n<p><strong><span>TG4 Director General<\/span><\/strong><span>,\u00a0<strong>Alan Esslemont<\/strong>, says:<\/span><\/p>\n<p><em><span>\u2018Gradam Ceoil TG4 is 23 years in existence, and recognises the best of traditional Irish music, an initiative that TG4 is immensely proud of.\u00a0 I would like to congratulate all of this year\u2019s winners.\u00a0 They are the embodiment of traditional Irish music and song, and we are delighted to award them the highest honour in Irish music.\u00a0 Gradam Ceoil TG4 will take place in The Waterfront\u00a0 Hall in Belfast for the third year running, a successful collaboration with Belfast City Council, ILBF, Red Shoe Productions and TG4\u2019.\u00a0<\/span><\/em><\/p>\n<p><strong><span>Northern Ireland Screen\u2019s<\/span><\/strong><span>\u00a0Head of the\u00a0<strong>Irish Language Broadcast Fund<\/strong>,\u00a0<strong>\u00c1ine Walsh<\/strong>\u00a0says:<\/span><\/p>\n<p><em><span>\u201cWe are delighted that the Gradam Ceoil will broadcast live from Belfast for the third year running, in 2020. \u00a0As well as giving recognition to the Gradam winners this is\u00a0also a\u00a0fantastic\u00a0platform for the talent and broad musical heritage of the North.\u00a0 It is also wonderful that this celebration will be seen by a worldwide audience\u201d.<\/span><\/em><\/p>\n<p><strong><span>Lord Mayor of Belfast, Councillor John Finucane said:\u00a0<\/span><\/strong><em><span>\u201cGradam Ceoil is a fantastic celebration of traditional music and is revered by music fans right across Ireland and beyond. We\u2019re delighted to once again play host to the awards ceremony which promises to be an amazing spectacle of live performances, showcasing world class talent right here in Belfast. I want to wish all those nominated the best of luck and look forward to welcoming everyone to our city for the this great event.\u201d<\/span><\/em><\/p>\n<p><strong><span>\u00a0<\/span><\/strong><\/p>\n<p><span>Tickets for TG4 Gradam Ceoil Awards 2020 are available now from\u00a0<a href=\"https:\/\/www.waterfront.co.uk\/what-s-on\/gradam-ceoil-tg4-2020\" target=\"_blank\" rel=\"noopener noreferrer\" data-auth=\"NotApplicable\">https:\/\/www.waterfront.co.uk\/what-s-on\/gradam-ceoil-tg4-2020<\/a><\/span><br \/>\n<span>or\u00a0\u00a0+442890334455<\/span><\/p>\n<p><span>For more information see\u00a0<a href=\"http:\/\/www.gradam.ie\" target=\"_blank\" rel=\"noopener noreferrer\" data-auth=\"NotApplicable\">www.gradam.ie<\/a>\u00a0or Facebook and Twitter <a href=\"https:\/\/twitter.com\/gradamceoil\" target=\"_blank\" rel=\"noopener noreferrer\">@GradamCeoil<\/a> \u00a0<a href=\"https:\/\/twitter.com\/search?q=%23Gradam&amp;src=typed_query&amp;f=live\" target=\"_blank\" rel=\"noopener noreferrer\">#Gradam<\/a><\/span><\/p>\n<p>&nbsp;<\/p>\n<\/div>\n<\/div>\n<\/div>\n","protected":false},"excerpt":{"rendered":"<p>Women lead the way in this year&#8217;s Gradam Ceoil TG4 accolades, as &#8216;Musician of the Year&#8217;, &#8216;Young Musician of the Year&#8217; and &#8216;Composer of the Year&#8217; are awarded to highly-talented female musicians. Harper Laoise Kelly from Westport, Co. Mayo is announced as TG4&#8217;s\u00a0&#8216;Musician of the Year&#8217;, and is one of the youngest recipients of the [&hellip;]<\/p>\n","protected":false},"author":876,"featured_media":110553,"parent":98832,"menu_order":41,"comment_status":"closed","ping_status":"closed","template":"page-templates\/template-pr.php","meta":{"_acf_changed":false,"footnotes":""},"acf":[],"yoast_head":"<!-- This site is optimized with the Yoast SEO plugin v22.6 - https:\/\/yoast.com\/wordpress\/plugins\/seo\/ -->\n<title>Mayo&#039;s Laoise Kelly to be Awarded Traditional Irish Music\u2019s highest honour | Press Release | TG4<\/title>\n<meta name=\"robots\" content=\"index, follow, max-snippet:-1, max-image-preview:large, max-video-preview:-1\" \/>\n<meta property=\"og:locale\" content=\"en_US\" \/>\n<meta property=\"og:type\" content=\"article\" \/>\n<meta property=\"og:title\" content=\"Mayo&#039;s Laoise Kelly to be Awarded Traditional Irish Music\u2019s highest honour | Press Release | TG4\" \/>\n<meta property=\"og:description\" content=\"Women lead the way in this year&#8217;s Gradam Ceoil TG4 accolades, as &#8216;Musician of the Year&#8217;, &#8216;Young Musician of the Year&#8217; and &#8216;Composer of the Year&#8217; are awarded to highly-talented female musicians. Harper Laoise Kelly from Westport, Co. Mayo is announced as TG4&#8217;s\u00a0&#8216;Musician of the Year&#8217;, and is one of the youngest recipients of the [&hellip;]\" \/>\n<meta property=\"og:url\" content=\"https:\/\/dev.tg4.ie\/en\/information\/press\/press-releases\/2019-2\/mayos-laoise-kelly-to-be-awarded-traditional-irish-musics-highest-honour\/\" \/>\n<meta property=\"og:site_name\" content=\"TG4\" \/>\n<meta property=\"article:publisher\" content=\"https:\/\/www.facebook.com\/TG4TV\" \/>\n<meta property=\"article:modified_time\" content=\"2019-11-13T11:08:54+00:00\" \/>\n<meta property=\"og:image\" content=\"https:\/\/tg4-docs.s3.amazonaws.com\/tg4-redesign-2015\/wp-content\/uploads\/2019\/11\/Laoise_Kelly_1920x1080.jpg\" \/>\n\t<meta property=\"og:image:width\" content=\"1920\" \/>\n\t<meta property=\"og:image:height\" content=\"1080\" \/>\n\t<meta property=\"og:image:type\" content=\"image\/jpeg\" \/>\n<meta name=\"twitter:card\" content=\"summary_large_image\" \/>\n<meta name=\"twitter:site\" content=\"@TG4TV\" \/>\n<meta name=\"twitter:label1\" content=\"Est. reading time\" \/>\n\t<meta name=\"twitter:data1\" content=\"4 minutes\" \/>\n<script type=\"application\/ld+json\" class=\"yoast-schema-graph\">{\"@context\":\"https:\/\/schema.org\",\"@graph\":[{\"@type\":\"WebPage\",\"@id\":\"https:\/\/dev.tg4.ie\/en\/information\/press\/press-releases\/2019-2\/mayos-laoise-kelly-to-be-awarded-traditional-irish-musics-highest-honour\/\",\"url\":\"https:\/\/dev.tg4.ie\/en\/information\/press\/press-releases\/2019-2\/mayos-laoise-kelly-to-be-awarded-traditional-irish-musics-highest-honour\/\",\"name\":\"Mayo's Laoise Kelly to be Awarded Traditional Irish Music\u2019s highest honour | Press Release | TG4\",\"isPartOf\":{\"@id\":\"https:\/\/dev.tg4.ie\/en\/#website\"},\"primaryImageOfPage\":{\"@id\":\"https:\/\/dev.tg4.ie\/en\/information\/press\/press-releases\/2019-2\/mayos-laoise-kelly-to-be-awarded-traditional-irish-musics-highest-honour\/#primaryimage\"},\"image\":{\"@id\":\"https:\/\/dev.tg4.ie\/en\/information\/press\/press-releases\/2019-2\/mayos-laoise-kelly-to-be-awarded-traditional-irish-musics-highest-honour\/#primaryimage\"},\"thumbnailUrl\":\"https:\/\/tg4-docs.s3.amazonaws.com\/tg4-redesign-2015\/wp-content\/uploads\/2019\/11\/Laoise_Kelly_1920x1080.jpg\",\"datePublished\":\"2019-11-12T14:44:34+00:00\",\"dateModified\":\"2019-11-13T11:08:54+00:00\",\"breadcrumb\":{\"@id\":\"https:\/\/dev.tg4.ie\/en\/information\/press\/press-releases\/2019-2\/mayos-laoise-kelly-to-be-awarded-traditional-irish-musics-highest-honour\/#breadcrumb\"},\"inLanguage\":\"en-ie\",\"potentialAction\":[{\"@type\":\"ReadAction\",\"target\":[\"https:\/\/dev.tg4.ie\/en\/information\/press\/press-releases\/2019-2\/mayos-laoise-kelly-to-be-awarded-traditional-irish-musics-highest-honour\/\"]}]},{\"@type\":\"ImageObject\",\"inLanguage\":\"en-ie\",\"@id\":\"https:\/\/dev.tg4.ie\/en\/information\/press\/press-releases\/2019-2\/mayos-laoise-kelly-to-be-awarded-traditional-irish-musics-highest-honour\/#primaryimage\",\"url\":\"https:\/\/tg4-docs.s3.amazonaws.com\/tg4-redesign-2015\/wp-content\/uploads\/2019\/11\/Laoise_Kelly_1920x1080.jpg\",\"contentUrl\":\"https:\/\/tg4-docs.s3.amazonaws.com\/tg4-redesign-2015\/wp-content\/uploads\/2019\/11\/Laoise_Kelly_1920x1080.jpg\",\"width\":1920,\"height\":1080},{\"@type\":\"BreadcrumbList\",\"@id\":\"https:\/\/dev.tg4.ie\/en\/information\/press\/press-releases\/2019-2\/mayos-laoise-kelly-to-be-awarded-traditional-irish-musics-highest-honour\/#breadcrumb\",\"itemListElement\":[{\"@type\":\"ListItem\",\"position\":1,\"name\":\"Home\",\"item\":\"https:\/\/dev.tg4.ie\/en\/\"},{\"@type\":\"ListItem\",\"position\":2,\"name\":\"Information\",\"item\":\"https:\/\/dev.tg4.ie\/en\/information\/\"},{\"@type\":\"ListItem\",\"position\":3,\"name\":\"Press\",\"item\":\"https:\/\/dev.tg4.ie\/en\/information\/press\/\"},{\"@type\":\"ListItem\",\"position\":4,\"name\":\"Press Releases\",\"item\":\"https:\/\/dev.tg4.ie\/en\/information\/press\/press-releases\/\"},{\"@type\":\"ListItem\",\"position\":5,\"name\":\"2019\",\"item\":\"https:\/\/dev.tg4.ie\/en\/information\/press\/press-releases\/2019-2\/\"},{\"@type\":\"ListItem\",\"position\":6,\"name\":\"Mayo&#8217;s Laoise Kelly to be Awarded Traditional Irish Music\u2019s highest honour\"}]},{\"@type\":\"WebSite\",\"@id\":\"https:\/\/dev.tg4.ie\/en\/#website\",\"url\":\"https:\/\/dev.tg4.ie\/en\/\",\"name\":\"TG4\",\"description\":\"S\u00fail Eile\",\"potentialAction\":[{\"@type\":\"SearchAction\",\"target\":{\"@type\":\"EntryPoint\",\"urlTemplate\":\"https:\/\/dev.tg4.ie\/en\/?s={search_term_string}\"},\"query-input\":\"required name=search_term_string\"}],\"inLanguage\":\"en-ie\"}]}<\/script>\n<!-- \/ Yoast SEO plugin. -->","yoast_head_json":{"title":"Mayo's Laoise Kelly to be Awarded Traditional Irish Music\u2019s highest honour | Press Release | TG4","robots":{"index":"index","follow":"follow","max-snippet":"max-snippet:-1","max-image-preview":"max-image-preview:large","max-video-preview":"max-video-preview:-1"},"og_locale":"en_US","og_type":"article","og_title":"Mayo's Laoise Kelly to be Awarded Traditional Irish Music\u2019s highest honour | Press Release | TG4","og_description":"Women lead the way in this year&#8217;s Gradam Ceoil TG4 accolades, as &#8216;Musician of the Year&#8217;, &#8216;Young Musician of the Year&#8217; and &#8216;Composer of the Year&#8217; are awarded to highly-talented female musicians. Harper Laoise Kelly from Westport, Co. Mayo is announced as TG4&#8217;s\u00a0&#8216;Musician of the Year&#8217;, and is one of the youngest recipients of the [&hellip;]","og_url":"https:\/\/dev.tg4.ie\/en\/information\/press\/press-releases\/2019-2\/mayos-laoise-kelly-to-be-awarded-traditional-irish-musics-highest-honour\/","og_site_name":"TG4","article_publisher":"https:\/\/www.facebook.com\/TG4TV","article_modified_time":"2019-11-13T11:08:54+00:00","og_image":[{"width":1920,"height":1080,"url":"https:\/\/tg4-docs.s3.amazonaws.com\/tg4-redesign-2015\/wp-content\/uploads\/2019\/11\/Laoise_Kelly_1920x1080.jpg","type":"image\/jpeg"}],"twitter_card":"summary_large_image","twitter_site":"@TG4TV","twitter_misc":{"Est. reading time":"4 minutes"},"schema":{"@context":"https:\/\/schema.org","@graph":[{"@type":"WebPage","@id":"https:\/\/dev.tg4.ie\/en\/information\/press\/press-releases\/2019-2\/mayos-laoise-kelly-to-be-awarded-traditional-irish-musics-highest-honour\/","url":"https:\/\/dev.tg4.ie\/en\/information\/press\/press-releases\/2019-2\/mayos-laoise-kelly-to-be-awarded-traditional-irish-musics-highest-honour\/","name":"Mayo's Laoise Kelly to be Awarded Traditional Irish Music\u2019s highest honour | Press Release | TG4","isPartOf":{"@id":"https:\/\/dev.tg4.ie\/en\/#website"},"primaryImageOfPage":{"@id":"https:\/\/dev.tg4.ie\/en\/information\/press\/press-releases\/2019-2\/mayos-laoise-kelly-to-be-awarded-traditional-irish-musics-highest-honour\/#primaryimage"},"image":{"@id":"https:\/\/dev.tg4.ie\/en\/information\/press\/press-releases\/2019-2\/mayos-laoise-kelly-to-be-awarded-traditional-irish-musics-highest-honour\/#primaryimage"},"thumbnailUrl":"https:\/\/tg4-docs.s3.amazonaws.com\/tg4-redesign-2015\/wp-content\/uploads\/2019\/11\/Laoise_Kelly_1920x1080.jpg","datePublished":"2019-11-12T14:44:34+00:00","dateModified":"2019-11-13T11:08:54+00:00","breadcrumb":{"@id":"https:\/\/dev.tg4.ie\/en\/information\/press\/press-releases\/2019-2\/mayos-laoise-kelly-to-be-awarded-traditional-irish-musics-highest-honour\/#breadcrumb"},"inLanguage":"en-ie","potentialAction":[{"@type":"ReadAction","target":["https:\/\/dev.tg4.ie\/en\/information\/press\/press-releases\/2019-2\/mayos-laoise-kelly-to-be-awarded-traditional-irish-musics-highest-honour\/"]}]},{"@type":"ImageObject","inLanguage":"en-ie","@id":"https:\/\/dev.tg4.ie\/en\/information\/press\/press-releases\/2019-2\/mayos-laoise-kelly-to-be-awarded-traditional-irish-musics-highest-honour\/#primaryimage","url":"https:\/\/tg4-docs.s3.amazonaws.com\/tg4-redesign-2015\/wp-content\/uploads\/2019\/11\/Laoise_Kelly_1920x1080.jpg","contentUrl":"https:\/\/tg4-docs.s3.amazonaws.com\/tg4-redesign-2015\/wp-content\/uploads\/2019\/11\/Laoise_Kelly_1920x1080.jpg","width":1920,"height":1080},{"@type":"BreadcrumbList","@id":"https:\/\/dev.tg4.ie\/en\/information\/press\/press-releases\/2019-2\/mayos-laoise-kelly-to-be-awarded-traditional-irish-musics-highest-honour\/#breadcrumb","itemListElement":[{"@type":"ListItem","position":1,"name":"Home","item":"https:\/\/dev.tg4.ie\/en\/"},{"@type":"ListItem","position":2,"name":"Information","item":"https:\/\/dev.tg4.ie\/en\/information\/"},{"@type":"ListItem","position":3,"name":"Press","item":"https:\/\/dev.tg4.ie\/en\/information\/press\/"},{"@type":"ListItem","position":4,"name":"Press Releases","item":"https:\/\/dev.tg4.ie\/en\/information\/press\/press-releases\/"},{"@type":"ListItem","position":5,"name":"2019","item":"https:\/\/dev.tg4.ie\/en\/information\/press\/press-releases\/2019-2\/"},{"@type":"ListItem","position":6,"name":"Mayo&#8217;s Laoise Kelly to be Awarded Traditional Irish Music\u2019s highest honour"}]},{"@type":"WebSite","@id":"https:\/\/dev.tg4.ie\/en\/#website","url":"https:\/\/dev.tg4.ie\/en\/","name":"TG4","description":"S\u00fail Eile","potentialAction":[{"@type":"SearchAction","target":{"@type":"EntryPoint","urlTemplate":"https:\/\/dev.tg4.ie\/en\/?s={search_term_string}"},"query-input":"required name=search_term_string"}],"inLanguage":"en-ie"}]}},"_links":{"self":[{"href":"https:\/\/dev.tg4.ie\/en\/wp-json\/wp\/v2\/pages\/110560"}],"collection":[{"href":"https:\/\/dev.tg4.ie\/en\/wp-json\/wp\/v2\/pages"}],"about":[{"href":"https:\/\/dev.tg4.ie\/en\/wp-json\/wp\/v2\/types\/page"}],"author":[{"embeddable":true,"href":"https:\/\/dev.tg4.ie\/en\/wp-json\/wp\/v2\/users\/876"}],"replies":[{"embeddable":true,"href":"https:\/\/dev.tg4.ie\/en\/wp-json\/wp\/v2\/comments?post=110560"}],"version-history":[{"count":0,"href":"https:\/\/dev.tg4.ie\/en\/wp-json\/wp\/v2\/pages\/110560\/revisions"}],"up":[{"embeddable":true,"href":"https:\/\/dev.tg4.ie\/en\/wp-json\/wp\/v2\/pages\/98832"}],"wp:featuredmedia":[{"embeddable":true,"href":"https:\/\/dev.tg4.ie\/en\/wp-json\/wp\/v2\/media\/110553"}],"wp:attachment":[{"href":"https:\/\/dev.tg4.ie\/en\/wp-json\/wp\/v2\/media?parent=110560"}],"curies":[{"name":"wp","href":"https:\/\/api.w.org\/{rel}","templated":true}]}}