{"id":110725,"date":"2019-11-15T10:03:23","date_gmt":"2019-11-15T10:03:23","guid":{"rendered":"https:\/\/dev.tg4.ie\/?page_id=110725"},"modified":"2019-11-15T10:06:45","modified_gmt":"2019-11-15T10:06:45","slug":"a-jar-with-brendan-behan-tomorrow-night-on-tg4-in-memory-of-niall-toibin","status":"publish","type":"page","link":"https:\/\/dev.tg4.ie\/en\/information\/press\/press-releases\/2019-2\/a-jar-with-brendan-behan-tomorrow-night-on-tg4-in-memory-of-niall-toibin\/","title":{"rendered":"&#8216;A Jar with Brendan Behan&#8217; tomorrow night on TG4 in memory of Niall T\u00f3ib\u00edn"},"content":{"rendered":"<p><span>TG4 will air &#8216;<\/span><strong><span>A Jar with Brendan Behan&#8217;<\/span><\/strong><span>\u00a0tomorrow night\u00a0<\/span><strong><span>Friday 15th November at 20:30<\/span><\/strong><span>\u00a0in memory of actor and comedian Niall T\u00f3ib\u00edn who passed away this week.\u00a0 <\/span><\/p>\n<p><span>&#8216;<\/span><em><span>A Jar with Breandan Behan&#8217;<\/span><\/em><span>\u00a0is a one man show from 1970 starring Niall T\u00f3ib\u00edn as Behan.\u00a0 The film was only aired once before on Irish television, on TG4 earlier this year. <\/span><\/p>\n<p><span>Directed by Bergette Pierre who at the time was a researcher in RT\u00c9, and produced and shot by Godfrey Graham.\u00a0 \u00a0<\/span><\/p>\n<p><span>T\u00f3ib\u00edn was known for his portrayal of Behan, starring in &#8216;Borstal Boy&#8217; many times in the Abbey Theatre and Broadway and winning a Tony Award for it.\u00a0\u00a0<\/span><br \/>\n<span><\/span><\/p>\n<p><span>This is a\u00a0rare chance to see this one man show from 1970 where Niall T\u00f3ib\u00edn plays Brendan Behan, as only he can.<\/span><\/p>\n<p><span>Suaimhneas s\u00edora\u00ed d\u00e1 anam uasal.\u00a0\u00a0<\/span><\/p>\n<p>&nbsp;<\/p>\n","protected":false},"excerpt":{"rendered":"<p>TG4 will air &#8216;A Jar with Brendan Behan&#8217;\u00a0tomorrow night\u00a0Friday 15th November at 20:30\u00a0in memory of actor and comedian Niall T\u00f3ib\u00edn who passed away this week.\u00a0 &#8216;A Jar with Breandan Behan&#8217;\u00a0is a one man show from 1970 starring Niall T\u00f3ib\u00edn as Behan.\u00a0 The film was only aired once before on Irish television, on TG4 earlier this [&hellip;]<\/p>\n","protected":false},"author":876,"featured_media":110719,"parent":98832,"menu_order":42,"comment_status":"closed","ping_status":"closed","template":"page-templates\/template-pr.php","meta":{"_acf_changed":false,"footnotes":""},"acf":[],"yoast_head":"<!-- This site is optimized with the Yoast SEO plugin v22.6 - https:\/\/yoast.com\/wordpress\/plugins\/seo\/ -->\n<title>&#039;A Jar with Brendan Behan&#039; tomorrow night on TG4 in memory of Niall T\u00f3ib\u00edn | Press Release | TG4<\/title>\n<meta name=\"robots\" content=\"index, follow, max-snippet:-1, max-image-preview:large, max-video-preview:-1\" \/>\n<meta property=\"og:locale\" content=\"en_US\" \/>\n<meta property=\"og:type\" content=\"article\" \/>\n<meta property=\"og:title\" content=\"&#039;A Jar with Brendan Behan&#039; tomorrow night on TG4 in memory of Niall T\u00f3ib\u00edn | Press Release | TG4\" \/>\n<meta property=\"og:description\" content=\"TG4 will air &#8216;A Jar with Brendan Behan&#8217;\u00a0tomorrow night\u00a0Friday 15th November at 20:30\u00a0in memory of actor and comedian Niall T\u00f3ib\u00edn who passed away this week.\u00a0 &#8216;A Jar with Breandan Behan&#8217;\u00a0is a one man show from 1970 starring Niall T\u00f3ib\u00edn as Behan.\u00a0 The film was only aired once before on Irish television, on TG4 earlier this [&hellip;]\" \/>\n<meta property=\"og:url\" content=\"https:\/\/dev.tg4.ie\/en\/information\/press\/press-releases\/2019-2\/a-jar-with-brendan-behan-tomorrow-night-on-tg4-in-memory-of-niall-toibin\/\" \/>\n<meta property=\"og:site_name\" content=\"TG4\" \/>\n<meta property=\"article:publisher\" content=\"https:\/\/www.facebook.com\/TG4TV\" \/>\n<meta property=\"article:modified_time\" content=\"2019-11-15T10:06:45+00:00\" \/>\n<meta property=\"og:image\" content=\"https:\/\/tg4-docs.s3.amazonaws.com\/tg4-redesign-2015\/wp-content\/uploads\/2019\/11\/Niall_Toibin_1920x1080.jpg\" \/>\n\t<meta property=\"og:image:width\" content=\"1920\" \/>\n\t<meta property=\"og:image:height\" content=\"1080\" \/>\n\t<meta property=\"og:image:type\" content=\"image\/jpeg\" \/>\n<meta name=\"twitter:card\" content=\"summary_large_image\" \/>\n<meta name=\"twitter:site\" content=\"@TG4TV\" \/>\n<meta name=\"twitter:label1\" content=\"Est. reading time\" \/>\n\t<meta name=\"twitter:data1\" content=\"1 minute\" \/>\n<script type=\"application\/ld+json\" class=\"yoast-schema-graph\">{\"@context\":\"https:\/\/schema.org\",\"@graph\":[{\"@type\":\"WebPage\",\"@id\":\"https:\/\/dev.tg4.ie\/en\/information\/press\/press-releases\/2019-2\/a-jar-with-brendan-behan-tomorrow-night-on-tg4-in-memory-of-niall-toibin\/\",\"url\":\"https:\/\/dev.tg4.ie\/en\/information\/press\/press-releases\/2019-2\/a-jar-with-brendan-behan-tomorrow-night-on-tg4-in-memory-of-niall-toibin\/\",\"name\":\"'A Jar with Brendan Behan' tomorrow night on TG4 in memory of Niall T\u00f3ib\u00edn | Press Release | TG4\",\"isPartOf\":{\"@id\":\"https:\/\/dev.tg4.ie\/en\/#website\"},\"primaryImageOfPage\":{\"@id\":\"https:\/\/dev.tg4.ie\/en\/information\/press\/press-releases\/2019-2\/a-jar-with-brendan-behan-tomorrow-night-on-tg4-in-memory-of-niall-toibin\/#primaryimage\"},\"image\":{\"@id\":\"https:\/\/dev.tg4.ie\/en\/information\/press\/press-releases\/2019-2\/a-jar-with-brendan-behan-tomorrow-night-on-tg4-in-memory-of-niall-toibin\/#primaryimage\"},\"thumbnailUrl\":\"https:\/\/tg4-docs.s3.amazonaws.com\/tg4-redesign-2015\/wp-content\/uploads\/2019\/11\/Niall_Toibin_1920x1080.jpg\",\"datePublished\":\"2019-11-15T10:03:23+00:00\",\"dateModified\":\"2019-11-15T10:06:45+00:00\",\"breadcrumb\":{\"@id\":\"https:\/\/dev.tg4.ie\/en\/information\/press\/press-releases\/2019-2\/a-jar-with-brendan-behan-tomorrow-night-on-tg4-in-memory-of-niall-toibin\/#breadcrumb\"},\"inLanguage\":\"en-ie\",\"potentialAction\":[{\"@type\":\"ReadAction\",\"target\":[\"https:\/\/dev.tg4.ie\/en\/information\/press\/press-releases\/2019-2\/a-jar-with-brendan-behan-tomorrow-night-on-tg4-in-memory-of-niall-toibin\/\"]}]},{\"@type\":\"ImageObject\",\"inLanguage\":\"en-ie\",\"@id\":\"https:\/\/dev.tg4.ie\/en\/information\/press\/press-releases\/2019-2\/a-jar-with-brendan-behan-tomorrow-night-on-tg4-in-memory-of-niall-toibin\/#primaryimage\",\"url\":\"https:\/\/tg4-docs.s3.amazonaws.com\/tg4-redesign-2015\/wp-content\/uploads\/2019\/11\/Niall_Toibin_1920x1080.jpg\",\"contentUrl\":\"https:\/\/tg4-docs.s3.amazonaws.com\/tg4-redesign-2015\/wp-content\/uploads\/2019\/11\/Niall_Toibin_1920x1080.jpg\",\"width\":1920,\"height\":1080},{\"@type\":\"BreadcrumbList\",\"@id\":\"https:\/\/dev.tg4.ie\/en\/information\/press\/press-releases\/2019-2\/a-jar-with-brendan-behan-tomorrow-night-on-tg4-in-memory-of-niall-toibin\/#breadcrumb\",\"itemListElement\":[{\"@type\":\"ListItem\",\"position\":1,\"name\":\"Home\",\"item\":\"https:\/\/dev.tg4.ie\/en\/\"},{\"@type\":\"ListItem\",\"position\":2,\"name\":\"Information\",\"item\":\"https:\/\/dev.tg4.ie\/en\/information\/\"},{\"@type\":\"ListItem\",\"position\":3,\"name\":\"Press\",\"item\":\"https:\/\/dev.tg4.ie\/en\/information\/press\/\"},{\"@type\":\"ListItem\",\"position\":4,\"name\":\"Press Releases\",\"item\":\"https:\/\/dev.tg4.ie\/en\/information\/press\/press-releases\/\"},{\"@type\":\"ListItem\",\"position\":5,\"name\":\"2019\",\"item\":\"https:\/\/dev.tg4.ie\/en\/information\/press\/press-releases\/2019-2\/\"},{\"@type\":\"ListItem\",\"position\":6,\"name\":\"&#8216;A Jar with Brendan Behan&#8217; tomorrow night on TG4 in memory of Niall T\u00f3ib\u00edn\"}]},{\"@type\":\"WebSite\",\"@id\":\"https:\/\/dev.tg4.ie\/en\/#website\",\"url\":\"https:\/\/dev.tg4.ie\/en\/\",\"name\":\"TG4\",\"description\":\"S\u00fail Eile\",\"potentialAction\":[{\"@type\":\"SearchAction\",\"target\":{\"@type\":\"EntryPoint\",\"urlTemplate\":\"https:\/\/dev.tg4.ie\/en\/?s={search_term_string}\"},\"query-input\":\"required name=search_term_string\"}],\"inLanguage\":\"en-ie\"}]}<\/script>\n<!-- \/ Yoast SEO plugin. -->","yoast_head_json":{"title":"'A Jar with Brendan Behan' tomorrow night on TG4 in memory of Niall T\u00f3ib\u00edn | Press Release | TG4","robots":{"index":"index","follow":"follow","max-snippet":"max-snippet:-1","max-image-preview":"max-image-preview:large","max-video-preview":"max-video-preview:-1"},"og_locale":"en_US","og_type":"article","og_title":"'A Jar with Brendan Behan' tomorrow night on TG4 in memory of Niall T\u00f3ib\u00edn | Press Release | TG4","og_description":"TG4 will air &#8216;A Jar with Brendan Behan&#8217;\u00a0tomorrow night\u00a0Friday 15th November at 20:30\u00a0in memory of actor and comedian Niall T\u00f3ib\u00edn who passed away this week.\u00a0 &#8216;A Jar with Breandan Behan&#8217;\u00a0is a one man show from 1970 starring Niall T\u00f3ib\u00edn as Behan.\u00a0 The film was only aired once before on Irish television, on TG4 earlier this [&hellip;]","og_url":"https:\/\/dev.tg4.ie\/en\/information\/press\/press-releases\/2019-2\/a-jar-with-brendan-behan-tomorrow-night-on-tg4-in-memory-of-niall-toibin\/","og_site_name":"TG4","article_publisher":"https:\/\/www.facebook.com\/TG4TV","article_modified_time":"2019-11-15T10:06:45+00:00","og_image":[{"width":1920,"height":1080,"url":"https:\/\/tg4-docs.s3.amazonaws.com\/tg4-redesign-2015\/wp-content\/uploads\/2019\/11\/Niall_Toibin_1920x1080.jpg","type":"image\/jpeg"}],"twitter_card":"summary_large_image","twitter_site":"@TG4TV","twitter_misc":{"Est. reading time":"1 minute"},"schema":{"@context":"https:\/\/schema.org","@graph":[{"@type":"WebPage","@id":"https:\/\/dev.tg4.ie\/en\/information\/press\/press-releases\/2019-2\/a-jar-with-brendan-behan-tomorrow-night-on-tg4-in-memory-of-niall-toibin\/","url":"https:\/\/dev.tg4.ie\/en\/information\/press\/press-releases\/2019-2\/a-jar-with-brendan-behan-tomorrow-night-on-tg4-in-memory-of-niall-toibin\/","name":"'A Jar with Brendan Behan' tomorrow night on TG4 in memory of Niall T\u00f3ib\u00edn | Press Release | TG4","isPartOf":{"@id":"https:\/\/dev.tg4.ie\/en\/#website"},"primaryImageOfPage":{"@id":"https:\/\/dev.tg4.ie\/en\/information\/press\/press-releases\/2019-2\/a-jar-with-brendan-behan-tomorrow-night-on-tg4-in-memory-of-niall-toibin\/#primaryimage"},"image":{"@id":"https:\/\/dev.tg4.ie\/en\/information\/press\/press-releases\/2019-2\/a-jar-with-brendan-behan-tomorrow-night-on-tg4-in-memory-of-niall-toibin\/#primaryimage"},"thumbnailUrl":"https:\/\/tg4-docs.s3.amazonaws.com\/tg4-redesign-2015\/wp-content\/uploads\/2019\/11\/Niall_Toibin_1920x1080.jpg","datePublished":"2019-11-15T10:03:23+00:00","dateModified":"2019-11-15T10:06:45+00:00","breadcrumb":{"@id":"https:\/\/dev.tg4.ie\/en\/information\/press\/press-releases\/2019-2\/a-jar-with-brendan-behan-tomorrow-night-on-tg4-in-memory-of-niall-toibin\/#breadcrumb"},"inLanguage":"en-ie","potentialAction":[{"@type":"ReadAction","target":["https:\/\/dev.tg4.ie\/en\/information\/press\/press-releases\/2019-2\/a-jar-with-brendan-behan-tomorrow-night-on-tg4-in-memory-of-niall-toibin\/"]}]},{"@type":"ImageObject","inLanguage":"en-ie","@id":"https:\/\/dev.tg4.ie\/en\/information\/press\/press-releases\/2019-2\/a-jar-with-brendan-behan-tomorrow-night-on-tg4-in-memory-of-niall-toibin\/#primaryimage","url":"https:\/\/tg4-docs.s3.amazonaws.com\/tg4-redesign-2015\/wp-content\/uploads\/2019\/11\/Niall_Toibin_1920x1080.jpg","contentUrl":"https:\/\/tg4-docs.s3.amazonaws.com\/tg4-redesign-2015\/wp-content\/uploads\/2019\/11\/Niall_Toibin_1920x1080.jpg","width":1920,"height":1080},{"@type":"BreadcrumbList","@id":"https:\/\/dev.tg4.ie\/en\/information\/press\/press-releases\/2019-2\/a-jar-with-brendan-behan-tomorrow-night-on-tg4-in-memory-of-niall-toibin\/#breadcrumb","itemListElement":[{"@type":"ListItem","position":1,"name":"Home","item":"https:\/\/dev.tg4.ie\/en\/"},{"@type":"ListItem","position":2,"name":"Information","item":"https:\/\/dev.tg4.ie\/en\/information\/"},{"@type":"ListItem","position":3,"name":"Press","item":"https:\/\/dev.tg4.ie\/en\/information\/press\/"},{"@type":"ListItem","position":4,"name":"Press Releases","item":"https:\/\/dev.tg4.ie\/en\/information\/press\/press-releases\/"},{"@type":"ListItem","position":5,"name":"2019","item":"https:\/\/dev.tg4.ie\/en\/information\/press\/press-releases\/2019-2\/"},{"@type":"ListItem","position":6,"name":"&#8216;A Jar with Brendan Behan&#8217; tomorrow night on TG4 in memory of Niall T\u00f3ib\u00edn"}]},{"@type":"WebSite","@id":"https:\/\/dev.tg4.ie\/en\/#website","url":"https:\/\/dev.tg4.ie\/en\/","name":"TG4","description":"S\u00fail Eile","potentialAction":[{"@type":"SearchAction","target":{"@type":"EntryPoint","urlTemplate":"https:\/\/dev.tg4.ie\/en\/?s={search_term_string}"},"query-input":"required name=search_term_string"}],"inLanguage":"en-ie"}]}},"_links":{"self":[{"href":"https:\/\/dev.tg4.ie\/en\/wp-json\/wp\/v2\/pages\/110725"}],"collection":[{"href":"https:\/\/dev.tg4.ie\/en\/wp-json\/wp\/v2\/pages"}],"about":[{"href":"https:\/\/dev.tg4.ie\/en\/wp-json\/wp\/v2\/types\/page"}],"author":[{"embeddable":true,"href":"https:\/\/dev.tg4.ie\/en\/wp-json\/wp\/v2\/users\/876"}],"replies":[{"embeddable":true,"href":"https:\/\/dev.tg4.ie\/en\/wp-json\/wp\/v2\/comments?post=110725"}],"version-history":[{"count":0,"href":"https:\/\/dev.tg4.ie\/en\/wp-json\/wp\/v2\/pages\/110725\/revisions"}],"up":[{"embeddable":true,"href":"https:\/\/dev.tg4.ie\/en\/wp-json\/wp\/v2\/pages\/98832"}],"wp:featuredmedia":[{"embeddable":true,"href":"https:\/\/dev.tg4.ie\/en\/wp-json\/wp\/v2\/media\/110719"}],"wp:attachment":[{"href":"https:\/\/dev.tg4.ie\/en\/wp-json\/wp\/v2\/media?parent=110725"}],"curies":[{"name":"wp","href":"https:\/\/api.w.org\/{rel}","templated":true}]}}