{"id":110903,"date":"2019-11-22T10:15:50","date_gmt":"2019-11-22T10:15:50","guid":{"rendered":"https:\/\/dev.tg4.ie\/?page_id=110903"},"modified":"2019-11-22T10:15:50","modified_gmt":"2019-11-22T10:15:50","slug":"tg4-to-broadcast-the-iaba-mens-and-womens-irish-national-senior-elite-boxing-finals-tomorrow-friday-22-november","status":"publish","type":"page","link":"https:\/\/dev.tg4.ie\/en\/information\/press\/press-releases\/2019-2\/tg4-to-broadcast-the-iaba-mens-and-womens-irish-national-senior-elite-boxing-finals-tomorrow-friday-22-november\/","title":{"rendered":"TG4 to broadcast the IABA Men\u2019s and Women\u2019s Irish National Senior Elite Boxing Finals tomorrow &#8211; Friday 22 November"},"content":{"rendered":"<p>TG4 will provide extensive live coverage of this year\u2019s IABA Men\u2019s and Women\u2019s Irish National Senior Elite Boxing Finals from the National Stadium in Dublin tomorrow, Friday evening 22nd November.<\/p>\n<p>All seventeen fights will be broadcast live on TG4\u2019s YouTube site to viewers both here in Ireland and all over the world.\u00a0 Coverage of the Finals will also be available on TG4\u2019s main linear channel from\u00a0<b><u>7:30pm<\/u><\/b>\u00a0onwards.<br \/>\nThe live coverage of the IABA Irish National Senior Elite Boxing Finals will be presented by Miche\u00e1l \u00d3 Domhnaill with commentary and analysis by\u00a0<b>Kellie Harrington, Jason Quigley, Kenneth Egan, Darren O\u2019Neill\u00a0<\/b>and\u00a0<b>Se\u00e1n B\u00e1n Breathnach<\/b>.\u00a0 TG4\u2019s live YouTube commentary will be provided by C\u00e1rthach B\u00e1n Breathnach.<\/p>\n<p>&nbsp;<\/p>\n<p>Full schedule of bouts &#8211; IABA National Men\u2019s and Women\u2019s Elite Championship Finals<br \/>\nLive from the National Stadium in Dublin<\/p>\n<p>&nbsp;<\/p>\n<p><em>6:00pm\u00a0 \u00a0\u00a0\u00a0Ring Parade &amp; Anthem on YouTube<\/em><\/p>\n<p>6:25pm \u00a0\u00a0\u00a0\u00a0Male 49kg Final\u00a0\u00a0 \u00a0\u00a0\u00a0\u00a0\u00a0Ricky Nesbitt (Holy Family Drogheda) \u00a0v \u00a0Sean Mari (Monkstown D)<\/p>\n<p>6:40pm\u00a0\u00a0\u00a0\u00a0\u00a0Female 64kg Final\u00a0\u00a0\u00a0 Evelyn Igharo (Clann Naofa) \u00a0v \u00a0Ciara Ginty (Geesala)<\/p>\n<p>6:55pm\u00a0\u00a0\u00a0\u00a0 Female 81kg Final\u00a0\u00a0\u00a0\u00a0Nell Fox (Rathkeale) v Leona Houlihan (Crumlin)<\/p>\n<p>7:10pm\u00a0\u00a0\u00a0\u00a0 Male 60kg Final\u00a0\u00a0\u00a0 \u00a0\u00a0\u00a0\u00a0Barry McReynolds (Holy Trinity)\u00a0 v\u00a0 Brandon McCarthy (St Michaels Athy)<\/p>\n<p><em>7:30pm\u00a0\u00a0\u00a0\u00a0 Live coverage begins on TG4<\/em><\/p>\n<p>7:35pm\u00a0\u00a0\u00a0\u00a0 Female 48kg Final\u00a0\u00a0 Shannon Sweeney (St Annes)\u00a0 v\u00a0 Daina Moorehouse (Enniskerry)<\/p>\n<p>7:54pm\u00a0\u00a0\u00a0\u00a0 Male 75kg Final\u00a0\u00a0 \u00a0\u00a0\u00a0\u00a0Jason Harty (Rathkeale)\u00a0 v\u00a0 John Joe Nevin (Crumlin)<\/p>\n<p>8:13pm\u00a0\u00a0\u00a0\u00a0 Male 81kg Final\u00a0\u00a0\u00a0\u00a0\u00a0\u00a0 Thomas O\u2019Toole (Celtic Eagles)\u00a0 v\u00a0 Emmett Brennan (Docklands)<\/p>\n<p>8:32pm \u00a0\u00a0\u00a0\u00a0Female 57kg Final\u00a0\u00a0\u00a0 Michaela Walsh (Monkstown A)\u00a0 v\u00a0 Emma Agnew (Dealgan)<\/p>\n<p>8:51pm\u00a0\u00a0\u00a0 \u00a0Female 51kg Final\u00a0\u00a0\u00a0 Niamh Early (Ryston)\u00a0 v\u00a0 Ceire Smith (Cavan)<\/p>\n<p>9:10pm\u00a0\u00a0\u00a0\u00a0 Male 52kg Final\u00a0\u00a0\u00a0\u00a0\u00a0\u00a0 Jude Gallagher (Two Castles)\u00a0 v\u00a0 Regan Buckley (St Teresa\u2019s)<\/p>\n<p>9:29pm\u00a0\u00a0\u00a0\u00a0 Male 57kg Final\u00a0\u00a0\u00a0\u00a0\u00a0\u00a0 Patryk Adamus (Drimnagh)\u00a0 v\u00a0 Dean Clancy (Sean McDermott)<\/p>\n<p>9:48pm\u00a0\u00a0\u00a0\u00a0 Male 69kg Final\u00a0\u00a0 \u00a0\u00a0\u00a0\u00a0Aidan Walsh (Monkstown Antrim)\u00a0 v\u00a0 Callum Walsh (Riverstown)<\/p>\n<p>10:07pm\u00a0\u00a0  Female 69kg Final\u00a0\u00a0\u00a0Christina Desmond (Fr Horgans)\u00a0 v\u00a0 Grainne Walsh (Spartacus)<\/p>\n<p>10:26pm\u00a0\u00a0  Male 63kg Final\u00a0\u00a0\u00a0\u00a0\u00a0\u00a0 Wayne Kelly (Portlaoise)\u00a0 v\u00a0 George Bates (St Mary\u2019s Dublin)<\/p>\n<p>10:45pm\u00a0\u00a0  Male 91+kg Final\u00a0\u00a0\u00a0\u00a0 Antoine \u00d3 Griofa (Celtic Eagles\/Defence Forces)\u00a0 v\u00a0 Kenneth Okungbowa (Athlone)<\/p>\n<p>11:05pm\u00a0\u00a0  Female 54kg Final\u00a0\u00a0\u00a0Zara Breslin (Tramore)\u00a0 v\u00a0 Sarah Haghighat (St Brigids, Edenderry)<\/p>\n<p>11:20pm\u00a0\u00a0  Male 91kg Final\u00a0\u00a0\u00a0\u00a0\u00a0 Kiril Afanasev (Smithfield)\u00a0 v\u00a0 Daniel O\u2019Brien (Santry\/Defence Forces)<\/p>\n<p>&nbsp;<\/p>\n<p>The IABA is running the Elite Championships for a second time this year ahead of the European qualifiers for Tokyo 2020 at the Copper Box Arena in London next March. There will be one final World qualifier for the 32nd Olympiad in Paris next May. The National Elite Championships are proudly sponsored by Liffey Crane Hire.<\/p>\n<p>&nbsp;<\/p>\n<p>TG4\u2019s Head of Sport, R\u00f3n\u00e1n \u00d3 Coisdealbha said:\u00a0\u00a0<em>\u201cTG4 are looking forward to broadcasting the IABA National Senior Elite Finals from the National Stadium. It is important to give the free-to-air television audience an opportunity to see some of the best boxers from all over Ireland. It is a privilege to be working closely with the IABA to provide live coverage of this event which has such national sporting importance.\u201d<\/em><br \/>\n&nbsp;<br \/>\n<strong>Friday 22nd November<\/strong><\/p>\n<ul>\n<li><strong>5:55pm<\/strong>\u00a0Live on YouTube\u00a0Sp\u00f3rt TG4\u00a0\u00a0&#8211;\u00a0 all 17 fights will be broadcast live on the Sp\u00f3rt TG4 YouTube site\u00a0 &#8211;\u00a0<a href=\"https:\/\/www.youtube.com\/sporttg4\" rel=\"noopener noreferrer\" target=\"_blank\">www.youtube.com\/sporttg4<\/a><\/li>\n<li><strong>7:30pm &#8211; 11:05pm<\/strong> Live on TG4<\/li>\n<\/ul>\n<p>&nbsp;<br \/>\n<iframe loading=\"lazy\" width=\"560\" height=\"315\" src=\"https:\/\/www.youtube.com\/embed\/I9qd0eadnJg\" frameborder=\"0\" allow=\"accelerometer; autoplay; encrypted-media; gyroscope; picture-in-picture\" allowfullscreen><\/iframe><br \/>\n&nbsp;<\/p>\n","protected":false},"excerpt":{"rendered":"<p>TG4 will provide extensive live coverage of this year\u2019s IABA Men\u2019s and Women\u2019s Irish National Senior Elite Boxing Finals from the National Stadium in Dublin tomorrow, Friday evening 22nd November. All seventeen fights will be broadcast live on TG4\u2019s YouTube site to viewers both here in Ireland and all over the world.\u00a0 Coverage of the [&hellip;]<\/p>\n","protected":false},"author":876,"featured_media":110906,"parent":98832,"menu_order":45,"comment_status":"closed","ping_status":"closed","template":"page-templates\/template-pr.php","meta":{"_acf_changed":false,"footnotes":""},"acf":[],"yoast_head":"<!-- This site is optimized with the Yoast SEO plugin v22.6 - https:\/\/yoast.com\/wordpress\/plugins\/seo\/ -->\n<title>TG4 to broadcast the IABA Men\u2019s and Women\u2019s Irish National Senior Elite Boxing Finals | Preas R\u00e1iteas | TG4<\/title>\n<meta name=\"robots\" content=\"index, follow, max-snippet:-1, max-image-preview:large, max-video-preview:-1\" \/>\n<meta property=\"og:locale\" content=\"en_US\" \/>\n<meta property=\"og:type\" content=\"article\" \/>\n<meta property=\"og:title\" content=\"TG4 to broadcast the IABA Men\u2019s and Women\u2019s Irish National Senior Elite Boxing Finals | Preas R\u00e1iteas | TG4\" \/>\n<meta property=\"og:description\" content=\"TG4 will provide extensive live coverage of this year\u2019s IABA Men\u2019s and Women\u2019s Irish National Senior Elite Boxing Finals from the National Stadium in Dublin tomorrow, Friday evening 22nd November. All seventeen fights will be broadcast live on TG4\u2019s YouTube site to viewers both here in Ireland and all over the world.\u00a0 Coverage of the [&hellip;]\" \/>\n<meta property=\"og:url\" content=\"https:\/\/dev.tg4.ie\/en\/information\/press\/press-releases\/2019-2\/tg4-to-broadcast-the-iaba-mens-and-womens-irish-national-senior-elite-boxing-finals-tomorrow-friday-22-november\/\" \/>\n<meta property=\"og:site_name\" content=\"TG4\" \/>\n<meta property=\"article:publisher\" content=\"https:\/\/www.facebook.com\/TG4TV\" \/>\n<meta property=\"og:image\" content=\"https:\/\/tg4-docs.s3.amazonaws.com\/tg4-redesign-2015\/wp-content\/uploads\/2019\/11\/Dorn_1_2019_1920x1080.jpg\" \/>\n\t<meta property=\"og:image:width\" content=\"1920\" \/>\n\t<meta property=\"og:image:height\" content=\"1080\" \/>\n\t<meta property=\"og:image:type\" content=\"image\/jpeg\" \/>\n<meta name=\"twitter:card\" content=\"summary_large_image\" \/>\n<meta name=\"twitter:site\" content=\"@TG4TV\" \/>\n<meta name=\"twitter:label1\" content=\"Est. reading time\" \/>\n\t<meta name=\"twitter:data1\" content=\"3 minutes\" \/>\n<script type=\"application\/ld+json\" class=\"yoast-schema-graph\">{\"@context\":\"https:\/\/schema.org\",\"@graph\":[{\"@type\":\"WebPage\",\"@id\":\"https:\/\/dev.tg4.ie\/en\/information\/press\/press-releases\/2019-2\/tg4-to-broadcast-the-iaba-mens-and-womens-irish-national-senior-elite-boxing-finals-tomorrow-friday-22-november\/\",\"url\":\"https:\/\/dev.tg4.ie\/en\/information\/press\/press-releases\/2019-2\/tg4-to-broadcast-the-iaba-mens-and-womens-irish-national-senior-elite-boxing-finals-tomorrow-friday-22-november\/\",\"name\":\"TG4 to broadcast the IABA Men\u2019s and Women\u2019s Irish National Senior Elite Boxing Finals | Preas R\u00e1iteas | TG4\",\"isPartOf\":{\"@id\":\"https:\/\/dev.tg4.ie\/en\/#website\"},\"primaryImageOfPage\":{\"@id\":\"https:\/\/dev.tg4.ie\/en\/information\/press\/press-releases\/2019-2\/tg4-to-broadcast-the-iaba-mens-and-womens-irish-national-senior-elite-boxing-finals-tomorrow-friday-22-november\/#primaryimage\"},\"image\":{\"@id\":\"https:\/\/dev.tg4.ie\/en\/information\/press\/press-releases\/2019-2\/tg4-to-broadcast-the-iaba-mens-and-womens-irish-national-senior-elite-boxing-finals-tomorrow-friday-22-november\/#primaryimage\"},\"thumbnailUrl\":\"https:\/\/tg4-docs.s3.amazonaws.com\/tg4-redesign-2015\/wp-content\/uploads\/2019\/11\/Dorn_1_2019_1920x1080.jpg\",\"datePublished\":\"2019-11-22T10:15:50+00:00\",\"dateModified\":\"2019-11-22T10:15:50+00:00\",\"breadcrumb\":{\"@id\":\"https:\/\/dev.tg4.ie\/en\/information\/press\/press-releases\/2019-2\/tg4-to-broadcast-the-iaba-mens-and-womens-irish-national-senior-elite-boxing-finals-tomorrow-friday-22-november\/#breadcrumb\"},\"inLanguage\":\"en-ie\",\"potentialAction\":[{\"@type\":\"ReadAction\",\"target\":[\"https:\/\/dev.tg4.ie\/en\/information\/press\/press-releases\/2019-2\/tg4-to-broadcast-the-iaba-mens-and-womens-irish-national-senior-elite-boxing-finals-tomorrow-friday-22-november\/\"]}]},{\"@type\":\"ImageObject\",\"inLanguage\":\"en-ie\",\"@id\":\"https:\/\/dev.tg4.ie\/en\/information\/press\/press-releases\/2019-2\/tg4-to-broadcast-the-iaba-mens-and-womens-irish-national-senior-elite-boxing-finals-tomorrow-friday-22-november\/#primaryimage\",\"url\":\"https:\/\/tg4-docs.s3.amazonaws.com\/tg4-redesign-2015\/wp-content\/uploads\/2019\/11\/Dorn_1_2019_1920x1080.jpg\",\"contentUrl\":\"https:\/\/tg4-docs.s3.amazonaws.com\/tg4-redesign-2015\/wp-content\/uploads\/2019\/11\/Dorn_1_2019_1920x1080.jpg\",\"width\":1920,\"height\":1080},{\"@type\":\"BreadcrumbList\",\"@id\":\"https:\/\/dev.tg4.ie\/en\/information\/press\/press-releases\/2019-2\/tg4-to-broadcast-the-iaba-mens-and-womens-irish-national-senior-elite-boxing-finals-tomorrow-friday-22-november\/#breadcrumb\",\"itemListElement\":[{\"@type\":\"ListItem\",\"position\":1,\"name\":\"Home\",\"item\":\"https:\/\/dev.tg4.ie\/en\/\"},{\"@type\":\"ListItem\",\"position\":2,\"name\":\"Information\",\"item\":\"https:\/\/dev.tg4.ie\/en\/information\/\"},{\"@type\":\"ListItem\",\"position\":3,\"name\":\"Press\",\"item\":\"https:\/\/dev.tg4.ie\/en\/information\/press\/\"},{\"@type\":\"ListItem\",\"position\":4,\"name\":\"Press Releases\",\"item\":\"https:\/\/dev.tg4.ie\/en\/information\/press\/press-releases\/\"},{\"@type\":\"ListItem\",\"position\":5,\"name\":\"2019\",\"item\":\"https:\/\/dev.tg4.ie\/en\/information\/press\/press-releases\/2019-2\/\"},{\"@type\":\"ListItem\",\"position\":6,\"name\":\"TG4 to broadcast the IABA Men\u2019s and Women\u2019s Irish National Senior Elite Boxing Finals tomorrow &#8211; Friday 22 November\"}]},{\"@type\":\"WebSite\",\"@id\":\"https:\/\/dev.tg4.ie\/en\/#website\",\"url\":\"https:\/\/dev.tg4.ie\/en\/\",\"name\":\"TG4\",\"description\":\"S\u00fail Eile\",\"potentialAction\":[{\"@type\":\"SearchAction\",\"target\":{\"@type\":\"EntryPoint\",\"urlTemplate\":\"https:\/\/dev.tg4.ie\/en\/?s={search_term_string}\"},\"query-input\":\"required name=search_term_string\"}],\"inLanguage\":\"en-ie\"}]}<\/script>\n<!-- \/ Yoast SEO plugin. -->","yoast_head_json":{"title":"TG4 to broadcast the IABA Men\u2019s and Women\u2019s Irish National Senior Elite Boxing Finals | Preas R\u00e1iteas | TG4","robots":{"index":"index","follow":"follow","max-snippet":"max-snippet:-1","max-image-preview":"max-image-preview:large","max-video-preview":"max-video-preview:-1"},"og_locale":"en_US","og_type":"article","og_title":"TG4 to broadcast the IABA Men\u2019s and Women\u2019s Irish National Senior Elite Boxing Finals | Preas R\u00e1iteas | TG4","og_description":"TG4 will provide extensive live coverage of this year\u2019s IABA Men\u2019s and Women\u2019s Irish National Senior Elite Boxing Finals from the National Stadium in Dublin tomorrow, Friday evening 22nd November. All seventeen fights will be broadcast live on TG4\u2019s YouTube site to viewers both here in Ireland and all over the world.\u00a0 Coverage of the [&hellip;]","og_url":"https:\/\/dev.tg4.ie\/en\/information\/press\/press-releases\/2019-2\/tg4-to-broadcast-the-iaba-mens-and-womens-irish-national-senior-elite-boxing-finals-tomorrow-friday-22-november\/","og_site_name":"TG4","article_publisher":"https:\/\/www.facebook.com\/TG4TV","og_image":[{"width":1920,"height":1080,"url":"https:\/\/tg4-docs.s3.amazonaws.com\/tg4-redesign-2015\/wp-content\/uploads\/2019\/11\/Dorn_1_2019_1920x1080.jpg","type":"image\/jpeg"}],"twitter_card":"summary_large_image","twitter_site":"@TG4TV","twitter_misc":{"Est. reading time":"3 minutes"},"schema":{"@context":"https:\/\/schema.org","@graph":[{"@type":"WebPage","@id":"https:\/\/dev.tg4.ie\/en\/information\/press\/press-releases\/2019-2\/tg4-to-broadcast-the-iaba-mens-and-womens-irish-national-senior-elite-boxing-finals-tomorrow-friday-22-november\/","url":"https:\/\/dev.tg4.ie\/en\/information\/press\/press-releases\/2019-2\/tg4-to-broadcast-the-iaba-mens-and-womens-irish-national-senior-elite-boxing-finals-tomorrow-friday-22-november\/","name":"TG4 to broadcast the IABA Men\u2019s and Women\u2019s Irish National Senior Elite Boxing Finals | Preas R\u00e1iteas | TG4","isPartOf":{"@id":"https:\/\/dev.tg4.ie\/en\/#website"},"primaryImageOfPage":{"@id":"https:\/\/dev.tg4.ie\/en\/information\/press\/press-releases\/2019-2\/tg4-to-broadcast-the-iaba-mens-and-womens-irish-national-senior-elite-boxing-finals-tomorrow-friday-22-november\/#primaryimage"},"image":{"@id":"https:\/\/dev.tg4.ie\/en\/information\/press\/press-releases\/2019-2\/tg4-to-broadcast-the-iaba-mens-and-womens-irish-national-senior-elite-boxing-finals-tomorrow-friday-22-november\/#primaryimage"},"thumbnailUrl":"https:\/\/tg4-docs.s3.amazonaws.com\/tg4-redesign-2015\/wp-content\/uploads\/2019\/11\/Dorn_1_2019_1920x1080.jpg","datePublished":"2019-11-22T10:15:50+00:00","dateModified":"2019-11-22T10:15:50+00:00","breadcrumb":{"@id":"https:\/\/dev.tg4.ie\/en\/information\/press\/press-releases\/2019-2\/tg4-to-broadcast-the-iaba-mens-and-womens-irish-national-senior-elite-boxing-finals-tomorrow-friday-22-november\/#breadcrumb"},"inLanguage":"en-ie","potentialAction":[{"@type":"ReadAction","target":["https:\/\/dev.tg4.ie\/en\/information\/press\/press-releases\/2019-2\/tg4-to-broadcast-the-iaba-mens-and-womens-irish-national-senior-elite-boxing-finals-tomorrow-friday-22-november\/"]}]},{"@type":"ImageObject","inLanguage":"en-ie","@id":"https:\/\/dev.tg4.ie\/en\/information\/press\/press-releases\/2019-2\/tg4-to-broadcast-the-iaba-mens-and-womens-irish-national-senior-elite-boxing-finals-tomorrow-friday-22-november\/#primaryimage","url":"https:\/\/tg4-docs.s3.amazonaws.com\/tg4-redesign-2015\/wp-content\/uploads\/2019\/11\/Dorn_1_2019_1920x1080.jpg","contentUrl":"https:\/\/tg4-docs.s3.amazonaws.com\/tg4-redesign-2015\/wp-content\/uploads\/2019\/11\/Dorn_1_2019_1920x1080.jpg","width":1920,"height":1080},{"@type":"BreadcrumbList","@id":"https:\/\/dev.tg4.ie\/en\/information\/press\/press-releases\/2019-2\/tg4-to-broadcast-the-iaba-mens-and-womens-irish-national-senior-elite-boxing-finals-tomorrow-friday-22-november\/#breadcrumb","itemListElement":[{"@type":"ListItem","position":1,"name":"Home","item":"https:\/\/dev.tg4.ie\/en\/"},{"@type":"ListItem","position":2,"name":"Information","item":"https:\/\/dev.tg4.ie\/en\/information\/"},{"@type":"ListItem","position":3,"name":"Press","item":"https:\/\/dev.tg4.ie\/en\/information\/press\/"},{"@type":"ListItem","position":4,"name":"Press Releases","item":"https:\/\/dev.tg4.ie\/en\/information\/press\/press-releases\/"},{"@type":"ListItem","position":5,"name":"2019","item":"https:\/\/dev.tg4.ie\/en\/information\/press\/press-releases\/2019-2\/"},{"@type":"ListItem","position":6,"name":"TG4 to broadcast the IABA Men\u2019s and Women\u2019s Irish National Senior Elite Boxing Finals tomorrow &#8211; Friday 22 November"}]},{"@type":"WebSite","@id":"https:\/\/dev.tg4.ie\/en\/#website","url":"https:\/\/dev.tg4.ie\/en\/","name":"TG4","description":"S\u00fail Eile","potentialAction":[{"@type":"SearchAction","target":{"@type":"EntryPoint","urlTemplate":"https:\/\/dev.tg4.ie\/en\/?s={search_term_string}"},"query-input":"required name=search_term_string"}],"inLanguage":"en-ie"}]}},"_links":{"self":[{"href":"https:\/\/dev.tg4.ie\/en\/wp-json\/wp\/v2\/pages\/110903"}],"collection":[{"href":"https:\/\/dev.tg4.ie\/en\/wp-json\/wp\/v2\/pages"}],"about":[{"href":"https:\/\/dev.tg4.ie\/en\/wp-json\/wp\/v2\/types\/page"}],"author":[{"embeddable":true,"href":"https:\/\/dev.tg4.ie\/en\/wp-json\/wp\/v2\/users\/876"}],"replies":[{"embeddable":true,"href":"https:\/\/dev.tg4.ie\/en\/wp-json\/wp\/v2\/comments?post=110903"}],"version-history":[{"count":0,"href":"https:\/\/dev.tg4.ie\/en\/wp-json\/wp\/v2\/pages\/110903\/revisions"}],"up":[{"embeddable":true,"href":"https:\/\/dev.tg4.ie\/en\/wp-json\/wp\/v2\/pages\/98832"}],"wp:featuredmedia":[{"embeddable":true,"href":"https:\/\/dev.tg4.ie\/en\/wp-json\/wp\/v2\/media\/110906"}],"wp:attachment":[{"href":"https:\/\/dev.tg4.ie\/en\/wp-json\/wp\/v2\/media?parent=110903"}],"curies":[{"name":"wp","href":"https:\/\/api.w.org\/{rel}","templated":true}]}}