{"id":111341,"date":"2019-12-13T12:39:15","date_gmt":"2019-12-13T12:39:15","guid":{"rendered":"https:\/\/dev.tg4.ie\/?page_id=111341"},"modified":"2019-12-16T10:58:37","modified_gmt":"2019-12-16T10:58:37","slug":"nollaig-na-bpaisti-ar-tg4","status":"publish","type":"page","link":"https:\/\/dev.tg4.ie\/en\/information\/press\/press-releases\/2019-2\/nollaig-na-bpaisti-ar-tg4\/","title":{"rendered":"Nollaig na bP\u00e1ist\u00ed ar TG4"},"content":{"rendered":"<p><img loading=\"lazy\" decoding=\"async\" width=\"1920\" height=\"1080\" class=\"alignleft size-full wp-image-111328\" src=\"https:\/\/tg4-docs.s3.amazonaws.com\/tg4-redesign-2015\/wp-content\/uploads\/2019\/12\/Shrek_Promo_End_1_1920x1080.jpg\" alt=\"\" srcset=\"https:\/\/tg4-docs.s3.amazonaws.com\/tg4-redesign-2015\/wp-content\/uploads\/2019\/12\/Shrek_Promo_End_1_1920x1080.jpg 1920w, https:\/\/tg4-docs.s3.amazonaws.com\/tg4-redesign-2015\/wp-content\/uploads\/2019\/12\/Shrek_Promo_End_1_1920x1080-250x141.jpg 250w, https:\/\/tg4-docs.s3.amazonaws.com\/tg4-redesign-2015\/wp-content\/uploads\/2019\/12\/Shrek_Promo_End_1_1920x1080-700x394.jpg 700w, https:\/\/tg4-docs.s3.amazonaws.com\/tg4-redesign-2015\/wp-content\/uploads\/2019\/12\/Shrek_Promo_End_1_1920x1080-252x141.jpg 252w, https:\/\/tg4-docs.s3.amazonaws.com\/tg4-redesign-2015\/wp-content\/uploads\/2019\/12\/Shrek_Promo_End_1_1920x1080-1536x864.jpg 1536w, https:\/\/tg4-docs.s3.amazonaws.com\/tg4-redesign-2015\/wp-content\/uploads\/2019\/12\/Shrek_Promo_End_1_1920x1080-120x68.jpg 120w\" sizes=\"(max-width: 1920px) 100vw, 1920px\" \/><\/p>\n<p>&nbsp;<\/p>\n<p><b><span><strong>Shrek &#8211;\u00a0L\u00e1 Nollag 5:30pm<\/strong><\/span><\/b><br \/>\n<span>Leagan Gaeilge den scann\u00e1n Shrek: Is gruagach \u00e9 Shrek a ch\u00f3na\u00edonn leis f\u00e9in sa choill agus a bhfuil fait\u00edos ag muintir Duloc ar fad roimhe. B\u00edonn suaimhneas bre\u00e1 aige go dt\u00ed go nd\u00edbr\u00edonn an Tiarna Farquaad gach a bhfuil sna sc\u00e9alta s\u00ed isteach sa choill. N\u00ed bh\u00edonn aon rogha aige ach rud \u00e9igin a dh\u00e9anamh faoi!<\/span><\/p>\n<p>&nbsp;<\/p>\n<p><span><strong>Happy Feet Two 23 Nollaig 5:20pm<\/strong><br \/>\nLeagan Gaeilge den scann\u00e1n Happy Feet Two: T\u00e1 mac ag Mumble agus ag Gloria anois darb ainm Erik. T\u00e1 Erik in amhras faoi na buanna at\u00e1 aige f\u00e9in. Ach t\u00e1 nithe eile go leor ag bagairt ar na piongain anois agus caithfidh gach uile dhuine oibri\u00fa (agus damhsa) le ch\u00e9ile chun an choil\u00edneacht a thabhairt sl\u00e1n. Leagan Gaeilge arna l\u00e9iri\u00fa ag Ab\u00fa Media.<\/span><\/p>\n<p>&nbsp;<\/p>\n<p><span><strong>Spongebob &#8211; An Scann\u00e1n Sp\u00fainse as Uisce 3\u00fa Ean\u00e1ir 5:20pm<\/strong><br \/>\n(2015, Beochan) T\u00e1 saol maith ag SpongeBob SquarePants i Bikini Bottom in \u00e9ineacht lena chairde Patrick, Squidward, an tUasal Krabs agus Sandy. Ach nuair a ghoidtear oideas r\u00fanda an Krabby Burgar, caithfidh SpongeBob dul i bp\u00e1irt lena namhaid m\u00f3r Planct\u00f3n agus teacht i dt\u00edr chun aghaidh a thabhairt ar an bhfoghla\u00ed mara gr\u00e1nna agus cru\u00e1lach, Feoil-Feas\u00f3g, a bhfuil a phlean f\u00e9in aige do na burgair speisialta seo.<\/span><\/p>\n<p>&nbsp;<\/p>\n<p><strong><span>Is Mise Speisialta na Nollag\u00a0\u00a017- 20 Nollaig @\u00a0 3:45pm agus\u00a023 &#8211; 26 Nollaig @ 8:50am<\/span><\/strong><br \/>\n<span>T\u00e1 R\u00edona leis an l\u00e1 a chaitheamh in \u00e9ineacht le Dara ag d\u00e9anamh pl\u00e9asc\u00f3ga Nollag agus p\u00e1ip\u00e9ar beart\u00e1n.\u00a0Beidh an-l\u00e1 ag C\u00f3il ag cuidi\u00fa le Mary le briosca\u00ed na Nollag a dh\u00e9anamh agus a mhaisi\u00fa le reo\u00e1n.\u00a0T\u00e1 Joey leis an l\u00e1 a chaitheamh in \u00e9ineacht lena dhaideo agus a aint\u00edn ag ullmh\u00fa an chrainn don Nollaig\u00a0agus t\u00e1 R\u00f3is\u00edn leis an l\u00e1 a chaitheamh in \u00e9ineacht le Maidhc ag ullmh\u00fa feistis do L\u00e1 an Dreoil\u00edn.<\/span><\/p>\n<p>&nbsp;<br \/>\n&nbsp;<\/p>\n<h3><span>Gach Maidin ag a 9!\u00a0\u00a021 Nollaig &#8211; 3 Ean\u00e1ir\u00a0<\/span><\/h3>\n<p>&nbsp;<\/p>\n<p><strong><span>O\u00edche Nollag 24\/12:\u00a0Muireann agus an Litir Chuig Daid\u00ed na Nollag\u00a0<\/span><\/strong><br \/>\n<span>T\u00e1 cail\u00edn beag maraithe ag iarraidh foghlaim le sc\u00e1t\u00e1il ach nuair a bheirtear dearth\u00e1ir \u00f3g di d\u00edreach roimh an Nollaig, b\u00edonn s\u00e9 an-deacair aird ar bith a fh\u00e1il \u00f3 Mhama\u00ed n\u00f3 Daid\u00ed!<\/span><\/p>\n<p>&nbsp;<\/p>\n<p><strong><span>L\u00e1 Nollag 25\/12: Zog<\/span><\/strong><br \/>\n<span>Is dragan \u00e9 Zog a mbaineann timpist\u00ed go leor d\u00f3 go h\u00e1irithe nuair a bh\u00edonn s\u00e9 ag iarraidh r\u00e9alta \u00f3ir a bhuachan ar scoil. Ach is mar gheall ar na timpist\u00ed sin a chastar banphrionsa cumhachtach air.<\/span><\/p>\n<p>&nbsp;<\/p>\n<p><strong><span>L\u00e1 &#8216;le Stiof\u00e1in 26\/12:\u00a0Francach an Bh\u00f3thair\u00a0<\/span><\/strong><br \/>\n<span>Is gada\u00ed gan mhaith \u00e9 an Francach, a bh\u00edonn ag goid bia agus sneaiceanna \u00f3 na hainmhithe eile. An mbeidh aon duine in ann ceacht a mh\u00faineadh d\u00f3?<\/span><\/p>\n<p>&nbsp;<\/p>\n<p><strong><span>O\u00edche Chinn Bhliana 31\/12:\u00a0Cat Cliste &#8211; Car\u00fal N\u00e1d\u00fartha<\/span><\/strong><br \/>\n<span>Tagann taibhs\u00ed agus spioraid ar cuairt chuig an gCat Cliste O\u00edche Nollag.<\/span><\/p>\n<p>&nbsp;<\/p>\n<p>Is f\u00e9idir breathn\u00fa ar chl\u00e1ir gach l\u00e1 ar <a href=\"https:\/\/www.cula4.com\" target=\"_blank\" rel=\"noopener noreferrer\">www.cula4.com<\/a><\/p>\n<p>&nbsp;<\/p>\n","protected":false},"excerpt":{"rendered":"<p>&nbsp; Shrek &#8211;\u00a0L\u00e1 Nollag 5:30pm Leagan Gaeilge den scann\u00e1n Shrek: Is gruagach \u00e9 Shrek a ch\u00f3na\u00edonn leis f\u00e9in sa choill agus a bhfuil fait\u00edos ag muintir Duloc ar fad roimhe. B\u00edonn suaimhneas bre\u00e1 aige go dt\u00ed go nd\u00edbr\u00edonn an Tiarna Farquaad gach a bhfuil sna sc\u00e9alta s\u00ed isteach sa choill. N\u00ed bh\u00edonn aon rogha aige [&hellip;]<\/p>\n","protected":false},"author":876,"featured_media":0,"parent":98832,"menu_order":48,"comment_status":"closed","ping_status":"closed","template":"page-templates\/template-pr.php","meta":{"_acf_changed":false,"footnotes":""},"acf":[],"yoast_head":"<!-- This site is optimized with the Yoast SEO plugin v22.6 - https:\/\/yoast.com\/wordpress\/plugins\/seo\/ -->\n<title>Nollaig na bP\u00e1ist\u00ed ar TG4 | Preas R\u00e1iteas | TG4<\/title>\n<meta name=\"robots\" content=\"index, follow, max-snippet:-1, max-image-preview:large, max-video-preview:-1\" \/>\n<meta property=\"og:locale\" content=\"en_US\" \/>\n<meta property=\"og:type\" content=\"article\" \/>\n<meta property=\"og:title\" content=\"Nollaig na bP\u00e1ist\u00ed ar TG4 | Preas R\u00e1iteas | TG4\" \/>\n<meta property=\"og:description\" content=\"&nbsp; Shrek &#8211;\u00a0L\u00e1 Nollag 5:30pm Leagan Gaeilge den scann\u00e1n Shrek: Is gruagach \u00e9 Shrek a ch\u00f3na\u00edonn leis f\u00e9in sa choill agus a bhfuil fait\u00edos ag muintir Duloc ar fad roimhe. B\u00edonn suaimhneas bre\u00e1 aige go dt\u00ed go nd\u00edbr\u00edonn an Tiarna Farquaad gach a bhfuil sna sc\u00e9alta s\u00ed isteach sa choill. N\u00ed bh\u00edonn aon rogha aige [&hellip;]\" \/>\n<meta property=\"og:url\" content=\"https:\/\/dev.tg4.ie\/en\/information\/press\/press-releases\/2019-2\/nollaig-na-bpaisti-ar-tg4\/\" \/>\n<meta property=\"og:site_name\" content=\"TG4\" \/>\n<meta property=\"article:publisher\" content=\"https:\/\/www.facebook.com\/TG4TV\" \/>\n<meta property=\"article:modified_time\" content=\"2019-12-16T10:58:37+00:00\" \/>\n<meta property=\"og:image\" content=\"https:\/\/tg4-docs.s3.amazonaws.com\/tg4-redesign-2015\/wp-content\/uploads\/2019\/12\/Shrek_Promo_End_1_1920x1080.jpg\" \/>\n\t<meta property=\"og:image:width\" content=\"1920\" \/>\n\t<meta property=\"og:image:height\" content=\"1080\" \/>\n\t<meta property=\"og:image:type\" content=\"image\/jpeg\" \/>\n<meta name=\"twitter:card\" content=\"summary_large_image\" \/>\n<meta name=\"twitter:image\" content=\"https:\/\/tg4-docs.s3.amazonaws.com\/tg4-redesign-2015\/wp-content\/uploads\/2019\/12\/Shrek_Promo_End_1_1920x1080.jpg\" \/>\n<meta name=\"twitter:site\" content=\"@TG4TV\" \/>\n<meta name=\"twitter:label1\" content=\"Est. reading time\" \/>\n\t<meta name=\"twitter:data1\" content=\"3 minutes\" \/>\n<script type=\"application\/ld+json\" class=\"yoast-schema-graph\">{\"@context\":\"https:\/\/schema.org\",\"@graph\":[{\"@type\":\"WebPage\",\"@id\":\"https:\/\/dev.tg4.ie\/en\/information\/press\/press-releases\/2019-2\/nollaig-na-bpaisti-ar-tg4\/\",\"url\":\"https:\/\/dev.tg4.ie\/en\/information\/press\/press-releases\/2019-2\/nollaig-na-bpaisti-ar-tg4\/\",\"name\":\"Nollaig na bP\u00e1ist\u00ed ar TG4 | Preas R\u00e1iteas | TG4\",\"isPartOf\":{\"@id\":\"https:\/\/dev.tg4.ie\/en\/#website\"},\"primaryImageOfPage\":{\"@id\":\"https:\/\/dev.tg4.ie\/en\/information\/press\/press-releases\/2019-2\/nollaig-na-bpaisti-ar-tg4\/#primaryimage\"},\"image\":{\"@id\":\"https:\/\/dev.tg4.ie\/en\/information\/press\/press-releases\/2019-2\/nollaig-na-bpaisti-ar-tg4\/#primaryimage\"},\"thumbnailUrl\":\"https:\/\/dev.tg4.ie\/wp-content\/uploads\/2019\/12\/Shrek_Promo_End_1_1920x1080.jpg\",\"datePublished\":\"2019-12-13T12:39:15+00:00\",\"dateModified\":\"2019-12-16T10:58:37+00:00\",\"breadcrumb\":{\"@id\":\"https:\/\/dev.tg4.ie\/en\/information\/press\/press-releases\/2019-2\/nollaig-na-bpaisti-ar-tg4\/#breadcrumb\"},\"inLanguage\":\"en-ie\",\"potentialAction\":[{\"@type\":\"ReadAction\",\"target\":[\"https:\/\/dev.tg4.ie\/en\/information\/press\/press-releases\/2019-2\/nollaig-na-bpaisti-ar-tg4\/\"]}]},{\"@type\":\"ImageObject\",\"inLanguage\":\"en-ie\",\"@id\":\"https:\/\/dev.tg4.ie\/en\/information\/press\/press-releases\/2019-2\/nollaig-na-bpaisti-ar-tg4\/#primaryimage\",\"url\":\"https:\/\/dev.tg4.ie\/wp-content\/uploads\/2019\/12\/Shrek_Promo_End_1_1920x1080.jpg\",\"contentUrl\":\"https:\/\/dev.tg4.ie\/wp-content\/uploads\/2019\/12\/Shrek_Promo_End_1_1920x1080.jpg\"},{\"@type\":\"BreadcrumbList\",\"@id\":\"https:\/\/dev.tg4.ie\/en\/information\/press\/press-releases\/2019-2\/nollaig-na-bpaisti-ar-tg4\/#breadcrumb\",\"itemListElement\":[{\"@type\":\"ListItem\",\"position\":1,\"name\":\"Home\",\"item\":\"https:\/\/dev.tg4.ie\/en\/\"},{\"@type\":\"ListItem\",\"position\":2,\"name\":\"Information\",\"item\":\"https:\/\/dev.tg4.ie\/en\/information\/\"},{\"@type\":\"ListItem\",\"position\":3,\"name\":\"Press\",\"item\":\"https:\/\/dev.tg4.ie\/en\/information\/press\/\"},{\"@type\":\"ListItem\",\"position\":4,\"name\":\"Press Releases\",\"item\":\"https:\/\/dev.tg4.ie\/en\/information\/press\/press-releases\/\"},{\"@type\":\"ListItem\",\"position\":5,\"name\":\"2019\",\"item\":\"https:\/\/dev.tg4.ie\/en\/information\/press\/press-releases\/2019-2\/\"},{\"@type\":\"ListItem\",\"position\":6,\"name\":\"Nollaig na bP\u00e1ist\u00ed ar TG4\"}]},{\"@type\":\"WebSite\",\"@id\":\"https:\/\/dev.tg4.ie\/en\/#website\",\"url\":\"https:\/\/dev.tg4.ie\/en\/\",\"name\":\"TG4\",\"description\":\"S\u00fail Eile\",\"potentialAction\":[{\"@type\":\"SearchAction\",\"target\":{\"@type\":\"EntryPoint\",\"urlTemplate\":\"https:\/\/dev.tg4.ie\/en\/?s={search_term_string}\"},\"query-input\":\"required name=search_term_string\"}],\"inLanguage\":\"en-ie\"}]}<\/script>\n<!-- \/ Yoast SEO plugin. -->","yoast_head_json":{"title":"Nollaig na bP\u00e1ist\u00ed ar TG4 | Preas R\u00e1iteas | TG4","robots":{"index":"index","follow":"follow","max-snippet":"max-snippet:-1","max-image-preview":"max-image-preview:large","max-video-preview":"max-video-preview:-1"},"og_locale":"en_US","og_type":"article","og_title":"Nollaig na bP\u00e1ist\u00ed ar TG4 | Preas R\u00e1iteas | TG4","og_description":"&nbsp; Shrek &#8211;\u00a0L\u00e1 Nollag 5:30pm Leagan Gaeilge den scann\u00e1n Shrek: Is gruagach \u00e9 Shrek a ch\u00f3na\u00edonn leis f\u00e9in sa choill agus a bhfuil fait\u00edos ag muintir Duloc ar fad roimhe. B\u00edonn suaimhneas bre\u00e1 aige go dt\u00ed go nd\u00edbr\u00edonn an Tiarna Farquaad gach a bhfuil sna sc\u00e9alta s\u00ed isteach sa choill. N\u00ed bh\u00edonn aon rogha aige [&hellip;]","og_url":"https:\/\/dev.tg4.ie\/en\/information\/press\/press-releases\/2019-2\/nollaig-na-bpaisti-ar-tg4\/","og_site_name":"TG4","article_publisher":"https:\/\/www.facebook.com\/TG4TV","article_modified_time":"2019-12-16T10:58:37+00:00","og_image":[{"width":1920,"height":1080,"url":"https:\/\/tg4-docs.s3.amazonaws.com\/tg4-redesign-2015\/wp-content\/uploads\/2019\/12\/Shrek_Promo_End_1_1920x1080.jpg","type":"image\/jpeg"}],"twitter_card":"summary_large_image","twitter_image":"https:\/\/tg4-docs.s3.amazonaws.com\/tg4-redesign-2015\/wp-content\/uploads\/2019\/12\/Shrek_Promo_End_1_1920x1080.jpg","twitter_site":"@TG4TV","twitter_misc":{"Est. reading time":"3 minutes"},"schema":{"@context":"https:\/\/schema.org","@graph":[{"@type":"WebPage","@id":"https:\/\/dev.tg4.ie\/en\/information\/press\/press-releases\/2019-2\/nollaig-na-bpaisti-ar-tg4\/","url":"https:\/\/dev.tg4.ie\/en\/information\/press\/press-releases\/2019-2\/nollaig-na-bpaisti-ar-tg4\/","name":"Nollaig na bP\u00e1ist\u00ed ar TG4 | Preas R\u00e1iteas | TG4","isPartOf":{"@id":"https:\/\/dev.tg4.ie\/en\/#website"},"primaryImageOfPage":{"@id":"https:\/\/dev.tg4.ie\/en\/information\/press\/press-releases\/2019-2\/nollaig-na-bpaisti-ar-tg4\/#primaryimage"},"image":{"@id":"https:\/\/dev.tg4.ie\/en\/information\/press\/press-releases\/2019-2\/nollaig-na-bpaisti-ar-tg4\/#primaryimage"},"thumbnailUrl":"https:\/\/dev.tg4.ie\/wp-content\/uploads\/2019\/12\/Shrek_Promo_End_1_1920x1080.jpg","datePublished":"2019-12-13T12:39:15+00:00","dateModified":"2019-12-16T10:58:37+00:00","breadcrumb":{"@id":"https:\/\/dev.tg4.ie\/en\/information\/press\/press-releases\/2019-2\/nollaig-na-bpaisti-ar-tg4\/#breadcrumb"},"inLanguage":"en-ie","potentialAction":[{"@type":"ReadAction","target":["https:\/\/dev.tg4.ie\/en\/information\/press\/press-releases\/2019-2\/nollaig-na-bpaisti-ar-tg4\/"]}]},{"@type":"ImageObject","inLanguage":"en-ie","@id":"https:\/\/dev.tg4.ie\/en\/information\/press\/press-releases\/2019-2\/nollaig-na-bpaisti-ar-tg4\/#primaryimage","url":"https:\/\/dev.tg4.ie\/wp-content\/uploads\/2019\/12\/Shrek_Promo_End_1_1920x1080.jpg","contentUrl":"https:\/\/dev.tg4.ie\/wp-content\/uploads\/2019\/12\/Shrek_Promo_End_1_1920x1080.jpg"},{"@type":"BreadcrumbList","@id":"https:\/\/dev.tg4.ie\/en\/information\/press\/press-releases\/2019-2\/nollaig-na-bpaisti-ar-tg4\/#breadcrumb","itemListElement":[{"@type":"ListItem","position":1,"name":"Home","item":"https:\/\/dev.tg4.ie\/en\/"},{"@type":"ListItem","position":2,"name":"Information","item":"https:\/\/dev.tg4.ie\/en\/information\/"},{"@type":"ListItem","position":3,"name":"Press","item":"https:\/\/dev.tg4.ie\/en\/information\/press\/"},{"@type":"ListItem","position":4,"name":"Press Releases","item":"https:\/\/dev.tg4.ie\/en\/information\/press\/press-releases\/"},{"@type":"ListItem","position":5,"name":"2019","item":"https:\/\/dev.tg4.ie\/en\/information\/press\/press-releases\/2019-2\/"},{"@type":"ListItem","position":6,"name":"Nollaig na bP\u00e1ist\u00ed ar TG4"}]},{"@type":"WebSite","@id":"https:\/\/dev.tg4.ie\/en\/#website","url":"https:\/\/dev.tg4.ie\/en\/","name":"TG4","description":"S\u00fail Eile","potentialAction":[{"@type":"SearchAction","target":{"@type":"EntryPoint","urlTemplate":"https:\/\/dev.tg4.ie\/en\/?s={search_term_string}"},"query-input":"required name=search_term_string"}],"inLanguage":"en-ie"}]}},"_links":{"self":[{"href":"https:\/\/dev.tg4.ie\/en\/wp-json\/wp\/v2\/pages\/111341"}],"collection":[{"href":"https:\/\/dev.tg4.ie\/en\/wp-json\/wp\/v2\/pages"}],"about":[{"href":"https:\/\/dev.tg4.ie\/en\/wp-json\/wp\/v2\/types\/page"}],"author":[{"embeddable":true,"href":"https:\/\/dev.tg4.ie\/en\/wp-json\/wp\/v2\/users\/876"}],"replies":[{"embeddable":true,"href":"https:\/\/dev.tg4.ie\/en\/wp-json\/wp\/v2\/comments?post=111341"}],"version-history":[{"count":0,"href":"https:\/\/dev.tg4.ie\/en\/wp-json\/wp\/v2\/pages\/111341\/revisions"}],"up":[{"embeddable":true,"href":"https:\/\/dev.tg4.ie\/en\/wp-json\/wp\/v2\/pages\/98832"}],"wp:attachment":[{"href":"https:\/\/dev.tg4.ie\/en\/wp-json\/wp\/v2\/media?parent=111341"}],"curies":[{"name":"wp","href":"https:\/\/api.w.org\/{rel}","templated":true}]}}