{"id":111364,"date":"2019-12-16T11:21:40","date_gmt":"2019-12-16T11:21:40","guid":{"rendered":"https:\/\/dev.tg4.ie\/?page_id=111364"},"modified":"2020-01-06T12:58:30","modified_gmt":"2020-01-06T12:58:30","slug":"se-mo-laoch-traditional-music-series-returns-for-its-10th-season","status":"publish","type":"page","link":"https:\/\/dev.tg4.ie\/en\/information\/press\/press-releases\/2019-2\/se-mo-laoch-traditional-music-series-returns-for-its-10th-season\/","title":{"rendered":"\u2018S\u00e9 Mo Laoch traditional music series returns for its 10th season"},"content":{"rendered":"<p><img loading=\"lazy\" decoding=\"async\" width=\"1920\" height=\"1080\" class=\"alignleft size-full wp-image-111359\" src=\"https:\/\/tg4-docs.s3.amazonaws.com\/tg4-redesign-2015\/wp-content\/uploads\/2019\/12\/Se_Mo_Laoch_Cooney_2_1920x1080.jpg\" alt=\"\" srcset=\"https:\/\/tg4-docs.s3.amazonaws.com\/tg4-redesign-2015\/wp-content\/uploads\/2019\/12\/Se_Mo_Laoch_Cooney_2_1920x1080.jpg 1920w, https:\/\/tg4-docs.s3.amazonaws.com\/tg4-redesign-2015\/wp-content\/uploads\/2019\/12\/Se_Mo_Laoch_Cooney_2_1920x1080-250x141.jpg 250w, https:\/\/tg4-docs.s3.amazonaws.com\/tg4-redesign-2015\/wp-content\/uploads\/2019\/12\/Se_Mo_Laoch_Cooney_2_1920x1080-700x394.jpg 700w, https:\/\/tg4-docs.s3.amazonaws.com\/tg4-redesign-2015\/wp-content\/uploads\/2019\/12\/Se_Mo_Laoch_Cooney_2_1920x1080-252x141.jpg 252w, https:\/\/tg4-docs.s3.amazonaws.com\/tg4-redesign-2015\/wp-content\/uploads\/2019\/12\/Se_Mo_Laoch_Cooney_2_1920x1080-1536x864.jpg 1536w, https:\/\/tg4-docs.s3.amazonaws.com\/tg4-redesign-2015\/wp-content\/uploads\/2019\/12\/Se_Mo_Laoch_Cooney_2_1920x1080-120x68.jpg 120w\" sizes=\"(max-width: 1920px) 100vw, 1920px\" \/><\/p>\n<p>&nbsp;<\/p>\n<p><strong><span>Sunday Nights 9:30pm from January 12th\u00a0<\/span><\/strong><\/p>\n<p><strong><span>\u2019S\u00e9\u00a0mo\u00a0Laoch<\/span><\/strong><span>\u00a0TG4 tells the story of some of our greatest\u00a0traditional\u00a0musicians\u00a0and singers.\u00a0\u00a0Each of the 5\u00a0one hour\u00a0documentaries in the 10<sup>th<\/sup>\u00a0series\u00a0celebrates the musicianship and creativity\u00a0of some of our most\u00a0well known\u00a0and respected\u00a0perfomers. The series, produced for TG4,\u00a0showcases\u00a0the huge diversity of Irish traditional music and musicians, from\u00a0Australian born guitarist\u00a0<strong>Steve Cooney\u00a0<\/strong>to\u00a0Dublin fiddler and broadcaster\u00a0<strong>Paddy Glackin<\/strong>, Oriel traditional singer and composer\u00a0<strong>P\u00e1draig\u00edn\u00a0N\u00ed\u00a0Uallach\u00e1in<\/strong>\u00a0to\u00a0Roscommon flute player\u00a0<strong>Patsy Hanly<\/strong>\u00a0and\u00a0Co. Galway accordion maestro\u00a0<strong>Mairt\u00edn\u00a0O\u2019Connor<\/strong>. Each\u00a0programme\u00a0is as unique as it is intimate and tells the story of these\u00a0seminal musicians in their own words.\u00a0<\/span><\/p>\n<p><span>The series starts with Australian born guitarist Steve Cooney is featured in the second programme. Since moving to Ireland from Melbourne Australia, in 1981 Stephen Cooney has left an indelible mark on traditional music in Ireland. Testament to this are the\u00a0iconic\u00a0groups and albums that Cooney has contributed to, from Sharon Shannon\u2019s first record to the seminal &#8216;Meitheal&#8217; with\u00a0S\u00e9amus\u00a0Begley\u00a0amongst many others, and of course the fact that there isn\u2019t a young guitarist in Ireland that hasn\u2019t tried to emulate his style!\u00a0Joining him are\u00a0Iarla\u00a0\u00d3\u00a0Lionaird,\u00a0Laoise\u00a0Kelly,\u00a0Caoilte\u00a0Cooney, Dermot Byrne,\u00a0Odhr\u00e1n\u00a0\u00d3\u00a0Casaide\u00a0and\u00a0Colum &amp; Tommy Sands.\u00a0\u00a0<\/span><\/p>\n<p><span>The songs and singing of P\u00e1draig\u00edn\u00a0N\u00ed\u00a0Uallach\u00e1in Oriel traditional singer are the subject of programme 2 in this 5 part series.\u00a0 Of County Armagh and Louth parentage, P\u00e1draig\u00edn\u00a0N\u00ed\u00a0Uallach\u00e1in was raised in an Irish speaking family of eight. She is a multifaceted traditional artist: a professional singer since 1999 and a researcher, song writer, author and composer. Here she tells us her story in her own words. With Steve Cooney, D\u00f3nal O&#8217;Connor,\u00a0Odhr\u00e1n\u00a0\u00d3\u00a0Casaide, R\u00edoghnach Connolly, Zoe Conway &amp; John McIntyre,\u00a0Feilim\u00ed\u00a0&amp;\u00a0Siubh\u00e1n\u00a0O&#8217;Connor, Darren\u00a0MacAoidh\u00a0&amp; Sylvia Crawford.\u00a0\u00a0<\/span><\/p>\n<p><span>Next up is a programme on the life and career of the much loved Roscommon flute player Patsy\u00a0Hanly. Patsy is a renowned flute player, steeped in his local North Connaught\u00a0style, he has been a hugely important influence on a generation of flute players. We take a look at his life\u00a0and music with guests such as\u00a0John Carty, Catherine McEvoy, John Wynne, Rachel\u00a0McGarvey,\u00a0Conall\u00a0\u00d3\u00a0Grada, Alan &amp; John Kelly, Tommy\u00a0Guihen\u00a0&amp; John Carlos\u00a0and with\u00a0Angelina Carberry &amp; Dan\u00a0Brouder\u00a0<\/span><\/p>\n<p><span>A look at the life and career of Fiddler Paddy Glackin is in programme 4. Glackin is one of Ireland\u2019s best-known traditional fiddlers. He was born in Dublin with strong family links to Co Donegal. He is also a former member of The\u00a0Bothy\u00a0Band and a noted commentator and lecturer on Irish music. Paddy is also in demand as a session player and was a senior producer in RT\u00c9 Radio for many years. The programme features music and contributions fom Robbie\u00a0Hannan, Dermot McLaughlin, Kevin &amp; S\u00e9amus Glackin &amp; D\u00f3nal Lunny.\u00a0\u00a0\u00a0\u00a0<\/span><\/p>\n<p><span>Anyone with even the slightest interest in traditional music has heard, and most likely loved, the music of Galway box player, M\u00e1irt\u00edn O\u2019Connor. M\u00e1irt\u00edn became a household name when he was a member of seminal groups Midnight Well, Skylark and De\u00a0Dannan\u00a0&#8211;\u00a0 an ensemble that helped to bring Irish music to the world stage throughout the 1970s and \u201880s. We take a look at his life and music with guests such as\u00a0Cathal\u00a0Hayden,\u00a0Seamie\u00a0O&#8217;Dowd, Jimmy\u00a0Higgins, Sean Keane,\u00a0Donal\u00a0Lunny, Zoe Conway, Garry\u00a0O&#8217;Briain, Ciara O&#8217;Connor &amp; Sinead O&#8217;Connor.\u00a0\u00a0<\/span><\/p>\n<p><span>\u00a0<\/span><\/p>\n<p><span>Directed by Ciar\u00e1n \u00d3 Maonaigh and produced by D\u00f3nal O\u2019Connor, Executive Producer is Niamh N\u00ed Bhaoill. \u2018S\u00e9 mo Laoch is produced by Aniar TV.<\/span><\/p>\n<p>&nbsp;<\/p>\n","protected":false},"excerpt":{"rendered":"<p>&nbsp; Sunday Nights 9:30pm from January 12th\u00a0 \u2019S\u00e9\u00a0mo\u00a0Laoch\u00a0TG4 tells the story of some of our greatest\u00a0traditional\u00a0musicians\u00a0and singers.\u00a0\u00a0Each of the 5\u00a0one hour\u00a0documentaries in the 10th\u00a0series\u00a0celebrates the musicianship and creativity\u00a0of some of our most\u00a0well known\u00a0and respected\u00a0perfomers. The series, produced for TG4,\u00a0showcases\u00a0the huge diversity of Irish traditional music and musicians, from\u00a0Australian born guitarist\u00a0Steve Cooney\u00a0to\u00a0Dublin fiddler and broadcaster\u00a0Paddy Glackin, [&hellip;]<\/p>\n","protected":false},"author":876,"featured_media":0,"parent":98832,"menu_order":49,"comment_status":"closed","ping_status":"closed","template":"page-templates\/template-pr.php","meta":{"_acf_changed":false,"footnotes":""},"acf":[],"yoast_head":"<!-- This site is optimized with the Yoast SEO plugin v22.6 - https:\/\/yoast.com\/wordpress\/plugins\/seo\/ -->\n<title>\u2018S\u00e9 Mo Laoch traditional music series returns for its 10th season | Press Release | TG4<\/title>\n<meta name=\"robots\" content=\"index, follow, max-snippet:-1, max-image-preview:large, max-video-preview:-1\" \/>\n<meta property=\"og:locale\" content=\"en_US\" \/>\n<meta property=\"og:type\" content=\"article\" \/>\n<meta property=\"og:title\" content=\"\u2018S\u00e9 Mo Laoch traditional music series returns for its 10th season | Press Release | TG4\" \/>\n<meta property=\"og:description\" content=\"&nbsp; Sunday Nights 9:30pm from January 12th\u00a0 \u2019S\u00e9\u00a0mo\u00a0Laoch\u00a0TG4 tells the story of some of our greatest\u00a0traditional\u00a0musicians\u00a0and singers.\u00a0\u00a0Each of the 5\u00a0one hour\u00a0documentaries in the 10th\u00a0series\u00a0celebrates the musicianship and creativity\u00a0of some of our most\u00a0well known\u00a0and respected\u00a0perfomers. The series, produced for TG4,\u00a0showcases\u00a0the huge diversity of Irish traditional music and musicians, from\u00a0Australian born guitarist\u00a0Steve Cooney\u00a0to\u00a0Dublin fiddler and broadcaster\u00a0Paddy Glackin, [&hellip;]\" \/>\n<meta property=\"og:url\" content=\"https:\/\/dev.tg4.ie\/en\/information\/press\/press-releases\/2019-2\/se-mo-laoch-traditional-music-series-returns-for-its-10th-season\/\" \/>\n<meta property=\"og:site_name\" content=\"TG4\" \/>\n<meta property=\"article:publisher\" content=\"https:\/\/www.facebook.com\/TG4TV\" \/>\n<meta property=\"article:modified_time\" content=\"2020-01-06T12:58:30+00:00\" \/>\n<meta property=\"og:image\" content=\"https:\/\/tg4-docs.s3.amazonaws.com\/tg4-redesign-2015\/wp-content\/uploads\/2020\/01\/Se_Mo_Laoch-Steve_Cooney_2_1920x1080.jpg\" \/>\n\t<meta property=\"og:image:width\" content=\"1920\" \/>\n\t<meta property=\"og:image:height\" content=\"1080\" \/>\n\t<meta property=\"og:image:type\" content=\"image\/jpeg\" \/>\n<meta name=\"twitter:card\" content=\"summary_large_image\" \/>\n<meta name=\"twitter:image\" content=\"https:\/\/tg4-docs.s3.amazonaws.com\/tg4-redesign-2015\/wp-content\/uploads\/2020\/01\/Se_Mo_Laoch-Steve_Cooney_2_1920x1080.jpg\" \/>\n<meta name=\"twitter:site\" content=\"@TG4TV\" \/>\n<meta name=\"twitter:label1\" content=\"Est. reading time\" \/>\n\t<meta name=\"twitter:data1\" content=\"3 minutes\" \/>\n<script type=\"application\/ld+json\" class=\"yoast-schema-graph\">{\"@context\":\"https:\/\/schema.org\",\"@graph\":[{\"@type\":\"WebPage\",\"@id\":\"https:\/\/dev.tg4.ie\/en\/information\/press\/press-releases\/2019-2\/se-mo-laoch-traditional-music-series-returns-for-its-10th-season\/\",\"url\":\"https:\/\/dev.tg4.ie\/en\/information\/press\/press-releases\/2019-2\/se-mo-laoch-traditional-music-series-returns-for-its-10th-season\/\",\"name\":\"\u2018S\u00e9 Mo Laoch traditional music series returns for its 10th season | Press Release | TG4\",\"isPartOf\":{\"@id\":\"https:\/\/dev.tg4.ie\/en\/#website\"},\"primaryImageOfPage\":{\"@id\":\"https:\/\/dev.tg4.ie\/en\/information\/press\/press-releases\/2019-2\/se-mo-laoch-traditional-music-series-returns-for-its-10th-season\/#primaryimage\"},\"image\":{\"@id\":\"https:\/\/dev.tg4.ie\/en\/information\/press\/press-releases\/2019-2\/se-mo-laoch-traditional-music-series-returns-for-its-10th-season\/#primaryimage\"},\"thumbnailUrl\":\"https:\/\/dev.tg4.ie\/wp-content\/uploads\/2019\/12\/Se_Mo_Laoch_Cooney_2_1920x1080.jpg\",\"datePublished\":\"2019-12-16T11:21:40+00:00\",\"dateModified\":\"2020-01-06T12:58:30+00:00\",\"breadcrumb\":{\"@id\":\"https:\/\/dev.tg4.ie\/en\/information\/press\/press-releases\/2019-2\/se-mo-laoch-traditional-music-series-returns-for-its-10th-season\/#breadcrumb\"},\"inLanguage\":\"en-ie\",\"potentialAction\":[{\"@type\":\"ReadAction\",\"target\":[\"https:\/\/dev.tg4.ie\/en\/information\/press\/press-releases\/2019-2\/se-mo-laoch-traditional-music-series-returns-for-its-10th-season\/\"]}]},{\"@type\":\"ImageObject\",\"inLanguage\":\"en-ie\",\"@id\":\"https:\/\/dev.tg4.ie\/en\/information\/press\/press-releases\/2019-2\/se-mo-laoch-traditional-music-series-returns-for-its-10th-season\/#primaryimage\",\"url\":\"https:\/\/dev.tg4.ie\/wp-content\/uploads\/2019\/12\/Se_Mo_Laoch_Cooney_2_1920x1080.jpg\",\"contentUrl\":\"https:\/\/dev.tg4.ie\/wp-content\/uploads\/2019\/12\/Se_Mo_Laoch_Cooney_2_1920x1080.jpg\"},{\"@type\":\"BreadcrumbList\",\"@id\":\"https:\/\/dev.tg4.ie\/en\/information\/press\/press-releases\/2019-2\/se-mo-laoch-traditional-music-series-returns-for-its-10th-season\/#breadcrumb\",\"itemListElement\":[{\"@type\":\"ListItem\",\"position\":1,\"name\":\"Home\",\"item\":\"https:\/\/dev.tg4.ie\/en\/\"},{\"@type\":\"ListItem\",\"position\":2,\"name\":\"Information\",\"item\":\"https:\/\/dev.tg4.ie\/en\/information\/\"},{\"@type\":\"ListItem\",\"position\":3,\"name\":\"Press\",\"item\":\"https:\/\/dev.tg4.ie\/en\/information\/press\/\"},{\"@type\":\"ListItem\",\"position\":4,\"name\":\"Press Releases\",\"item\":\"https:\/\/dev.tg4.ie\/en\/information\/press\/press-releases\/\"},{\"@type\":\"ListItem\",\"position\":5,\"name\":\"2019\",\"item\":\"https:\/\/dev.tg4.ie\/en\/information\/press\/press-releases\/2019-2\/\"},{\"@type\":\"ListItem\",\"position\":6,\"name\":\"\u2018S\u00e9 Mo Laoch traditional music series returns for its 10th season\"}]},{\"@type\":\"WebSite\",\"@id\":\"https:\/\/dev.tg4.ie\/en\/#website\",\"url\":\"https:\/\/dev.tg4.ie\/en\/\",\"name\":\"TG4\",\"description\":\"S\u00fail Eile\",\"potentialAction\":[{\"@type\":\"SearchAction\",\"target\":{\"@type\":\"EntryPoint\",\"urlTemplate\":\"https:\/\/dev.tg4.ie\/en\/?s={search_term_string}\"},\"query-input\":\"required name=search_term_string\"}],\"inLanguage\":\"en-ie\"}]}<\/script>\n<!-- \/ Yoast SEO plugin. -->","yoast_head_json":{"title":"\u2018S\u00e9 Mo Laoch traditional music series returns for its 10th season | Press Release | TG4","robots":{"index":"index","follow":"follow","max-snippet":"max-snippet:-1","max-image-preview":"max-image-preview:large","max-video-preview":"max-video-preview:-1"},"og_locale":"en_US","og_type":"article","og_title":"\u2018S\u00e9 Mo Laoch traditional music series returns for its 10th season | Press Release | TG4","og_description":"&nbsp; Sunday Nights 9:30pm from January 12th\u00a0 \u2019S\u00e9\u00a0mo\u00a0Laoch\u00a0TG4 tells the story of some of our greatest\u00a0traditional\u00a0musicians\u00a0and singers.\u00a0\u00a0Each of the 5\u00a0one hour\u00a0documentaries in the 10th\u00a0series\u00a0celebrates the musicianship and creativity\u00a0of some of our most\u00a0well known\u00a0and respected\u00a0perfomers. The series, produced for TG4,\u00a0showcases\u00a0the huge diversity of Irish traditional music and musicians, from\u00a0Australian born guitarist\u00a0Steve Cooney\u00a0to\u00a0Dublin fiddler and broadcaster\u00a0Paddy Glackin, [&hellip;]","og_url":"https:\/\/dev.tg4.ie\/en\/information\/press\/press-releases\/2019-2\/se-mo-laoch-traditional-music-series-returns-for-its-10th-season\/","og_site_name":"TG4","article_publisher":"https:\/\/www.facebook.com\/TG4TV","article_modified_time":"2020-01-06T12:58:30+00:00","og_image":[{"width":1920,"height":1080,"url":"https:\/\/tg4-docs.s3.amazonaws.com\/tg4-redesign-2015\/wp-content\/uploads\/2020\/01\/Se_Mo_Laoch-Steve_Cooney_2_1920x1080.jpg","type":"image\/jpeg"}],"twitter_card":"summary_large_image","twitter_image":"https:\/\/tg4-docs.s3.amazonaws.com\/tg4-redesign-2015\/wp-content\/uploads\/2020\/01\/Se_Mo_Laoch-Steve_Cooney_2_1920x1080.jpg","twitter_site":"@TG4TV","twitter_misc":{"Est. reading time":"3 minutes"},"schema":{"@context":"https:\/\/schema.org","@graph":[{"@type":"WebPage","@id":"https:\/\/dev.tg4.ie\/en\/information\/press\/press-releases\/2019-2\/se-mo-laoch-traditional-music-series-returns-for-its-10th-season\/","url":"https:\/\/dev.tg4.ie\/en\/information\/press\/press-releases\/2019-2\/se-mo-laoch-traditional-music-series-returns-for-its-10th-season\/","name":"\u2018S\u00e9 Mo Laoch traditional music series returns for its 10th season | Press Release | TG4","isPartOf":{"@id":"https:\/\/dev.tg4.ie\/en\/#website"},"primaryImageOfPage":{"@id":"https:\/\/dev.tg4.ie\/en\/information\/press\/press-releases\/2019-2\/se-mo-laoch-traditional-music-series-returns-for-its-10th-season\/#primaryimage"},"image":{"@id":"https:\/\/dev.tg4.ie\/en\/information\/press\/press-releases\/2019-2\/se-mo-laoch-traditional-music-series-returns-for-its-10th-season\/#primaryimage"},"thumbnailUrl":"https:\/\/dev.tg4.ie\/wp-content\/uploads\/2019\/12\/Se_Mo_Laoch_Cooney_2_1920x1080.jpg","datePublished":"2019-12-16T11:21:40+00:00","dateModified":"2020-01-06T12:58:30+00:00","breadcrumb":{"@id":"https:\/\/dev.tg4.ie\/en\/information\/press\/press-releases\/2019-2\/se-mo-laoch-traditional-music-series-returns-for-its-10th-season\/#breadcrumb"},"inLanguage":"en-ie","potentialAction":[{"@type":"ReadAction","target":["https:\/\/dev.tg4.ie\/en\/information\/press\/press-releases\/2019-2\/se-mo-laoch-traditional-music-series-returns-for-its-10th-season\/"]}]},{"@type":"ImageObject","inLanguage":"en-ie","@id":"https:\/\/dev.tg4.ie\/en\/information\/press\/press-releases\/2019-2\/se-mo-laoch-traditional-music-series-returns-for-its-10th-season\/#primaryimage","url":"https:\/\/dev.tg4.ie\/wp-content\/uploads\/2019\/12\/Se_Mo_Laoch_Cooney_2_1920x1080.jpg","contentUrl":"https:\/\/dev.tg4.ie\/wp-content\/uploads\/2019\/12\/Se_Mo_Laoch_Cooney_2_1920x1080.jpg"},{"@type":"BreadcrumbList","@id":"https:\/\/dev.tg4.ie\/en\/information\/press\/press-releases\/2019-2\/se-mo-laoch-traditional-music-series-returns-for-its-10th-season\/#breadcrumb","itemListElement":[{"@type":"ListItem","position":1,"name":"Home","item":"https:\/\/dev.tg4.ie\/en\/"},{"@type":"ListItem","position":2,"name":"Information","item":"https:\/\/dev.tg4.ie\/en\/information\/"},{"@type":"ListItem","position":3,"name":"Press","item":"https:\/\/dev.tg4.ie\/en\/information\/press\/"},{"@type":"ListItem","position":4,"name":"Press Releases","item":"https:\/\/dev.tg4.ie\/en\/information\/press\/press-releases\/"},{"@type":"ListItem","position":5,"name":"2019","item":"https:\/\/dev.tg4.ie\/en\/information\/press\/press-releases\/2019-2\/"},{"@type":"ListItem","position":6,"name":"\u2018S\u00e9 Mo Laoch traditional music series returns for its 10th season"}]},{"@type":"WebSite","@id":"https:\/\/dev.tg4.ie\/en\/#website","url":"https:\/\/dev.tg4.ie\/en\/","name":"TG4","description":"S\u00fail Eile","potentialAction":[{"@type":"SearchAction","target":{"@type":"EntryPoint","urlTemplate":"https:\/\/dev.tg4.ie\/en\/?s={search_term_string}"},"query-input":"required name=search_term_string"}],"inLanguage":"en-ie"}]}},"_links":{"self":[{"href":"https:\/\/dev.tg4.ie\/en\/wp-json\/wp\/v2\/pages\/111364"}],"collection":[{"href":"https:\/\/dev.tg4.ie\/en\/wp-json\/wp\/v2\/pages"}],"about":[{"href":"https:\/\/dev.tg4.ie\/en\/wp-json\/wp\/v2\/types\/page"}],"author":[{"embeddable":true,"href":"https:\/\/dev.tg4.ie\/en\/wp-json\/wp\/v2\/users\/876"}],"replies":[{"embeddable":true,"href":"https:\/\/dev.tg4.ie\/en\/wp-json\/wp\/v2\/comments?post=111364"}],"version-history":[{"count":0,"href":"https:\/\/dev.tg4.ie\/en\/wp-json\/wp\/v2\/pages\/111364\/revisions"}],"up":[{"embeddable":true,"href":"https:\/\/dev.tg4.ie\/en\/wp-json\/wp\/v2\/pages\/98832"}],"wp:attachment":[{"href":"https:\/\/dev.tg4.ie\/en\/wp-json\/wp\/v2\/media?parent=111364"}],"curies":[{"name":"wp","href":"https:\/\/api.w.org\/{rel}","templated":true}]}}