{"id":111419,"date":"2019-12-19T11:36:00","date_gmt":"2019-12-19T11:36:00","guid":{"rendered":"https:\/\/dev.tg4.ie\/?page_id=111419"},"modified":"2019-12-19T11:36:00","modified_gmt":"2019-12-19T11:36:00","slug":"tg4-announces-details-of-its-gaa-schedule-for-the-2020-allianz-leagues-and-the-aib-all-ireland-club-championships","status":"publish","type":"page","link":"https:\/\/dev.tg4.ie\/en\/information\/press\/press-releases\/2019-2\/tg4-announces-details-of-its-gaa-schedule-for-the-2020-allianz-leagues-and-the-aib-all-ireland-club-championships\/","title":{"rendered":"TG4 announces details of its GAA Schedule for the 2020 Allianz Leagues and the AIB All Ireland Club Championships"},"content":{"rendered":"<p><b><i><span>GAA BEO<\/span><\/i><\/b><b><span>\u00a0will have live and exclusive coverage of all the major Finals including the Allianz Football League Finals, Allianz Hurling League Final and the AIB All Ireland Club Finals<\/span><\/b><\/p>\n<p><b><span>\u00a0<\/span><\/b><\/p>\n<p><b><span>30\u00a0games will be broadcast from the Allianz Hurling and Football League<\/span><\/b><\/p>\n<p><span>\u00a0<\/span><\/p>\n<p><span>TG4 unveiled the station\u2019s 2020 GAA coverage today with details of their comprehensive schedule of GAA coverage for the coming months. TG4 will broadcast or stream 52\u00a0GAA matches between now and the beginning of April\u00a0starting with live coverage of the AIB All-Ireland Club Semi Finals on Saturday 4th January.<\/span><\/p>\n<p><span>\u00a0<\/span><\/p>\n<p><span>TG4&#8217;s new year coverage begins on the weekend of Saturday 4th and Sunday 5th January with live coverage of the All Ireland Club Football and Hurling Semi Finals &#8211; Corofin v Nemo Rangers, Ballyboden St. Endas v Kilcoo, Ballyhale Shamrocks v Slaughtneil\u00a0and Borris-Ileigh v St. Thomas&#8217;.\u00a0 TG4&#8217;s Allianz Leagues coverage starts on Sunday 26 January with coverage of Waterford v Cork and Kilkenny v Dublin in the first round of the Hurling League.<\/span><\/p>\n<p><span>\u00a0<\/span><\/p>\n<p><span>GAA BEO will continue to be the home of live and exclusive coverage of all the major finals including the Allianz Football League Finals, Allianz Hurling League Final, AIB All Ireland Club Finals, Electric Ireland Sigerson, Fitzgibbon and Second Level Finals.<\/span><\/p>\n<p><span>\u00a0<\/span><\/p>\n<p><span>TG4 will also provide a comprehensive service for the GAA Community on the\u00a0<i>Sp\u00f3rt TG4 YouTube<\/i>\u00a0page with live coverage from no less than 13 different events and games including the AIB All Ireland Intermediate and Junior Club Football and Hurling Finals, All Ireland Sc\u00f3r na n\u00d3g and Sc\u00f3r Sinsir Finals, Electric Ireland Sigerson and Fitzgibbon Cup Finals, Gourmet Food Parlour O\u2019Connor Cup Ladies Football Final and the All Ireland Colleges Football and Hurling Finals (Post Primary Schools Finals).<\/span><\/p>\n<p><span>\u00a0<\/span><\/p>\n<p><span>TG4\u2019s Head of Sport R\u00f3n\u00e1n \u00d3 Coisdealbha said: \u201cWe look forward to another great season in 2020 and providing weekly coverage to GAA fans all over the country on free to air television. We are proud that our station has a long history of providing comprehensive GAA coverage at this time of the year.&#8221;<\/span><\/p>\n<p><span>\u00a0<\/span><\/p>\n<p>The GAA\u2019s Commercial &amp; Stadium Director Peter McKenna added;<b><i><span>\u00a0<\/span><\/i><\/b><span>&#8220;TG4 have been a mainstay GAA broadcast partner since the station was established in 1996 and uniquely distribute coverage of our games across the 12 months of the year in live, deferred and highlights format. Sunday afternoon&#8217;s and the planned triple-header match broadcasts during the Allianz League in particular signal another bumper year for both the Association and TG4 in terms of 2020 coverage&#8221;.<\/span><\/p>\n<p><span>\u00a0<\/span><\/p>\n<p><span>GAA Beo is produced by Waterford based production company Nemeton TV and the series will be presented by Miche\u00e1l \u00d3 Domhnaill with commentary by Brian Tyers, Mac Dara Mac Donncha, Marcus \u00d3 Buachalla and Cu\u00e1n \u00d3 Flatharta.<\/span><\/p>\n<p><span>\u00a0<\/span><\/p>\n<p><span>The channel\u2019s highlights show,\u00a0<i>GAA 2020<\/i>, also returns for another season, broadcasting exclusive highlights every Monday evening at 8pm starting on the 6<sup>th<\/sup>\u00a0January.\u00a0<\/span><\/p>\n<p><span>\u00a0<\/span><\/p>\n<p><span>The full line-up of matches on TG4 for the coming months are as follows:<\/span><\/p>\n<p><span>\u00a0<\/span><\/p>\n<p><b><u><span>Saturday 4<sup>th<\/sup>\u00a0January\u00a0<\/span><\/u><\/b><\/p>\n<p><span>AIB Club Championships &#8211; All Ireland Senior Football Semi Finals<\/span><\/p>\n<p><span>Corofin v Nemo Rangers\u00a0<\/span><\/p>\n<p><span>Ballyboden St. Endas v Kilcoo,\u00a0 Live from 1pm\u00a0<\/span><\/p>\n<p><span>\u00a0<\/span><\/p>\n<p><b><u><span>Sunday 5<sup>th<\/sup>\u00a0January\u00a0<\/span><\/u><\/b><\/p>\n<p><span>AIB Club Championships &#8211; All Ireland Senior Hurling Semi Finals<\/span><\/p>\n<p><span>Ballyhale Shamrocks v Slaughtneil\u00a0<\/span><\/p>\n<p><span>Borris-Ileigh v St. Thomas&#8217;,\u00a0 Live from 1.30pm<\/span><\/p>\n<p><span>\u00a0<\/span><\/p>\n<p><span>AIB Club Championships &#8211; All Ireland Junior Hurling Semi Final<\/span><\/p>\n<p><span>M\u00edche\u00e1l Breathnach v Russell Rovers,\u00a0 Live on\u00a0<i>YouTube Sp\u00f3rt TG4<\/i>\u00a0from 1.25pm\u00a0<\/span><\/p>\n<p><span>\u00a0<\/span><\/p>\n<p><span>\u00a0<\/span><\/p>\n<p><b><u><span>Saturday 18<sup>th<\/sup>\u00a0January<\/span><\/u><\/b><\/p>\n<p><span>AIB Club Championships &#8211; All Ireland Junior &amp; Intermediate Hurling Finals<\/span><\/p>\n<p><span>Live on\u00a0<i>YouTube Sp\u00f3rtTG4<\/i><\/span><\/p>\n<p><span>\u00a0<\/span><\/p>\n<p><span>Bank of Ireland Dr McKenna Cup Final, Live on\u00a0<i>YouTube Sp\u00f3rtTG4<\/i><\/span><\/p>\n<p><span>\u00a0<\/span><\/p>\n<p><b><u><span>Sunday 19<sup>th<\/sup>\u00a0January<\/span><\/u><\/b><\/p>\n<p><span>AIB Club Championships &#8211; All Ireland Senior Football &amp;\u00a0Hurling\u00a0Finals, Live from Croke Park<\/span><\/p>\n<p><span>\u00a0<\/span><\/p>\n<p><b><u><span>Saturday 25<sup>th<\/sup>\u00a0January<\/span><\/u><\/b><\/p>\n<p><span>AIB Club Championships &#8211; All Ireland Junior &amp; Intermediate Football Finals\u00a0<\/span><\/p>\n<p><span>Live on\u00a0<i>YouTube Sp\u00f3rtTG4<\/i><\/span><\/p>\n<p><span>\u00a0<\/span><\/p>\n<p><b><u><span>Sunday 26<sup>th<\/sup>\u00a0January<\/span><\/u><\/b><\/p>\n<p><span>Allianz Leagues<\/span><\/p>\n<p><span>LIVE: \u00a0Waterford v Cork (Hurling)<\/span><\/p>\n<p><span>DEFERRED: \u00a0Kilkenny v Dublin (Hurling), \u00a0Live on TG4 from 1:30pm\u00a0<\/span><\/p>\n<p><span>\u00a0<\/span><\/p>\n<p><b><u><span>Wednesday 29<sup>th<\/sup>\u00a0January<\/span><\/u><\/b><\/p>\n<p><span>Electric Ireland Sigerson Cup\u00a0Final, Live on\u00a0<i>YouTube Sp\u00f3rtTG4<\/i><\/span><\/p>\n<p><span>\u00a0<\/span><\/p>\n<p><b><u><span>Saturday 1<sup>st<\/sup>\u00a0February<\/span><\/u><\/b><\/p>\n<p><span>All-Ireland Sc\u00f3r na n\u00d3g Finals, Live on\u00a0<i>YouTube Sp\u00f3rtTG4\u00a0<\/i>from the INEC Killarney<\/span><\/p>\n<p><span>\u00a0<\/span><\/p>\n<p><b><u><span>Sunday 2<sup>nd<\/sup>\u00a0February<\/span><\/u><\/b><\/p>\n<p><span>Allianz Leagues<\/span><\/p>\n<p><span>LIVE: \u00a0Limerick v Galway (Hurling)<\/span><\/p>\n<p><span>DEFERRED 1: \u00a0Wexford\u00a0v Clare (Hurling)<\/span><\/p>\n<p><span>DEFERRED 2: Meath v Donegal (Football),\u00a0 Live on TG4 from 1:30pm<\/span><\/p>\n<p><span>\u00a0<\/span><\/p>\n<p><b><u><span>Sunday 9<sup>th<\/sup>\u00a0February*<\/span><\/u><\/b><\/p>\n<p><span>Allianz Leagues<\/span><\/p>\n<p><span>LIVE\/DEFERRED: \u00a0Meath v Mayo (Football)<\/span><\/p>\n<p><span>LIVE\/DEFERRED: \u00a0Donegal v\u00a0Galway\u00a0(Football)<\/span><\/p>\n<p><span>LIVE\/DEFERRED:\u00a0Tyrone\u00a0v Kerry (Football)<\/span><\/p>\n<p><span>*Live pick depending on outcomes of Rounds 1 &amp; 2.\u00a0\u00a0 Live on TG4\u00a0from\u00a01:30pm<\/span><\/p>\n<p><span>\u00a0<\/span><\/p>\n<p><b><u><span>Wednesday 12<sup>th<\/sup>\u00a0February<\/span><\/u><\/b><\/p>\n<p><span>Electric Ireland Fitzgibbon Cup\u00a0Final\u00a0<\/span><\/p>\n<p><span>Live on YouTube SportTG4<\/span><\/p>\n<p><span>\u00a0<\/span><\/p>\n<p><b><u><span>Friday 14<sup>th<\/sup>\u00a0February<\/span><\/u><\/b><\/p>\n<p><span>GAA Presidents Awards, Live from Croke Park at 7:30pm<\/span><\/p>\n<p><span>\u00a0<\/span><\/p>\n<p><b><u><span>Sunday 16<sup>th<\/sup>\u00a0February<\/span><\/u><\/b><\/p>\n<p><span>LIVE &amp; DEFERRED x3 matches: \u00a0Allianz Leagues &#8211; Hurling Round 3<\/span><\/p>\n<p><span>Live on TG4\u00a0from\u00a01:30pm<\/span><\/p>\n<p><span>\u00a0<\/span><\/p>\n<p><b><u><span>Sunday 23<sup>rd<\/sup>\u00a0February<\/span><\/u><\/b><\/p>\n<p><span>LIVE &amp; DEFERRED x3 matches: \u00a0Allianz Leagues &#8211; Hurling &amp; Football Round 4<\/span><\/p>\n<p><span>Live on TG4\u00a0from\u00a01:30pm<\/span><\/p>\n<p><span>\u00a0<\/span><\/p>\n<p><b><u><span>Sunday 1<sup>st<\/sup>\u00a0March<\/span><\/u><\/b><\/p>\n<p><span>LIVE &amp; DEFERRED x3 matches: \u00a0Allianz Leagues &#8211; Hurling &amp; Football Round 5<\/span><\/p>\n<p><span>Live on TG4\u00a0from\u00a01:30pm<\/span><\/p>\n<p><span>\u00a0<\/span><\/p>\n<p><b><u><span>Wednesday 4<sup>th<\/sup>\u00a0March<\/span><\/u><\/b><\/p>\n<p><span>Eirgrid U20 Football Championship &#8211; Munster Final, Live on TG4\u00a0<\/span><\/p>\n<p><span>\u00a0<\/span><\/p>\n<p><b><u><span>Friday 6<sup>th<\/sup>\u00a0March<\/span><\/u><\/b><\/p>\n<p><span>Eirgrid U20 Football Championship &#8211;\u00a0Leinster\u00a0Final,\u00a0 Live on TG4\u00a0<\/span><\/p>\n<p><span>\u00a0<\/span><\/p>\n<p><b><u><span>7<sup>th<\/sup>\u00a0\u2013 8<sup>th<\/sup>\u00a0March<\/span><\/u><\/b><\/p>\n<p><span>LIVE &#8211; Allianz Leagues &#8211; Hurling Quarter Finals x2, Live on TG4\u00a0<\/span><\/p>\n<p><span>\u00a0<\/span><\/p>\n<p><b><u><span>Saturday 14<sup>th<\/sup>\u00a0March<\/span><\/u><\/b><\/p>\n<p><span>Gourmet Food Parlour O&#8217;Connor Cup Ladies Football Final<\/span><\/p>\n<p><span>\u00a0<\/span><\/p>\n<p><b><u><span>14-15 March<\/span><\/u><\/b><\/p>\n<p><span>LIVE &#8211; Allianz Leagues &#8211; Hurling Semi Finals &amp; Football\u00a0Round\u00a06<\/span><\/p>\n<p><span>Live on TG4\u00a0<\/span><\/p>\n<p><span>\u00a0<\/span><\/p>\n<p><b><u><span>Tuesday 17 March<\/span><\/u><\/b><\/p>\n<p><span>Eirgrid U20 Football Championship &#8211; All Ireland Semi Finals<\/span><\/p>\n<p><span>\u00a0<\/span><\/p>\n<p><b><u><span>Sunday 22 March<\/span><\/u><\/b><\/p>\n<p><span>LIVE &#8211; Allianz Leagues &#8211; Hurling Final &amp; Football\u00a0Round\u00a07<\/span><\/p>\n<p><span>\u00a0<\/span><\/p>\n<p><b><u><span>28-29 March<\/span><\/u><\/b><\/p>\n<p><span>Eirgrid U20 Football Championship &#8211; All Ireland Final, Live on TG4\u00a0<\/span><\/p>\n<p><span>\u00a0<\/span><\/p>\n<p><b><u><span>Saturday 28 March\u00a0<\/span><\/u><\/b><\/p>\n<p><span>LIVE &#8211; Allianz Leagues &#8211; Football Finals Division 3&amp;4, Live on TG4<\/span><\/p>\n<p><span>\u00a0<\/span><\/p>\n<p><span>Post Primary Hurling Finals, Live on\u00a0<i>YouTube Sp\u00f3rtTG4<\/i><\/span><\/p>\n<p><span>\u00a0<\/span><\/p>\n<p><b><u><span>Sunday 29 March<\/span><\/u><\/b><\/p>\n<p><span>LIVE &#8211; Allianz Leagues &#8211; Football Finals Division 1&amp;2, Live on TG4\u00a0<\/span><\/p>\n<p><span>\u00a0<\/span><\/p>\n<p><b><u><span>Saturday 4 April<\/span><\/u><\/b><\/p>\n<p><span>Post Primary Football Finals, Live on\u00a0<i>YouTube Sp\u00f3rtTG4<\/i><\/span><\/p>\n<p>&nbsp;<br \/>\n&nbsp;<\/p>\n","protected":false},"excerpt":{"rendered":"<p>GAA BEO\u00a0will have live and exclusive coverage of all the major Finals including the Allianz Football League Finals, Allianz Hurling League Final and the AIB All Ireland Club Finals \u00a0 30\u00a0games will be broadcast from the Allianz Hurling and Football League \u00a0 TG4 unveiled the station\u2019s 2020 GAA coverage today with details of their comprehensive [&hellip;]<\/p>\n","protected":false},"author":876,"featured_media":111424,"parent":98832,"menu_order":50,"comment_status":"closed","ping_status":"closed","template":"page-templates\/template-pr.php","meta":{"_acf_changed":false,"footnotes":""},"acf":[],"yoast_head":"<!-- This site is optimized with the Yoast SEO plugin v22.6 - https:\/\/yoast.com\/wordpress\/plugins\/seo\/ -->\n<title>TG4 announces details of its GAA Schedule for the 2020 Allianz Leagues and the AIB All Ireland Club Championships | Press Release | TG4<\/title>\n<meta name=\"robots\" content=\"index, follow, max-snippet:-1, max-image-preview:large, max-video-preview:-1\" \/>\n<meta property=\"og:locale\" content=\"en_US\" \/>\n<meta property=\"og:type\" content=\"article\" \/>\n<meta property=\"og:title\" content=\"TG4 announces details of its GAA Schedule for the 2020 Allianz Leagues and the AIB All Ireland Club Championships | Press Release | TG4\" \/>\n<meta property=\"og:description\" content=\"GAA BEO\u00a0will have live and exclusive coverage of all the major Finals including the Allianz Football League Finals, Allianz Hurling League Final and the AIB All Ireland Club Finals \u00a0 30\u00a0games will be broadcast from the Allianz Hurling and Football League \u00a0 TG4 unveiled the station\u2019s 2020 GAA coverage today with details of their comprehensive [&hellip;]\" \/>\n<meta property=\"og:url\" content=\"https:\/\/dev.tg4.ie\/en\/information\/press\/press-releases\/2019-2\/tg4-announces-details-of-its-gaa-schedule-for-the-2020-allianz-leagues-and-the-aib-all-ireland-club-championships\/\" \/>\n<meta property=\"og:site_name\" content=\"TG4\" \/>\n<meta property=\"article:publisher\" content=\"https:\/\/www.facebook.com\/TG4TV\" \/>\n<meta property=\"og:image\" content=\"https:\/\/tg4-docs.s3.amazonaws.com\/tg4-redesign-2015\/wp-content\/uploads\/2019\/12\/Sport_TG4_GAA_1_1920x1080.jpg\" \/>\n\t<meta property=\"og:image:width\" content=\"1920\" \/>\n\t<meta property=\"og:image:height\" content=\"1080\" \/>\n\t<meta property=\"og:image:type\" content=\"image\/jpeg\" \/>\n<meta name=\"twitter:card\" content=\"summary_large_image\" \/>\n<meta name=\"twitter:site\" content=\"@TG4TV\" \/>\n<meta name=\"twitter:label1\" content=\"Est. reading time\" \/>\n\t<meta name=\"twitter:data1\" content=\"5 minutes\" \/>\n<script type=\"application\/ld+json\" class=\"yoast-schema-graph\">{\"@context\":\"https:\/\/schema.org\",\"@graph\":[{\"@type\":\"WebPage\",\"@id\":\"https:\/\/dev.tg4.ie\/en\/information\/press\/press-releases\/2019-2\/tg4-announces-details-of-its-gaa-schedule-for-the-2020-allianz-leagues-and-the-aib-all-ireland-club-championships\/\",\"url\":\"https:\/\/dev.tg4.ie\/en\/information\/press\/press-releases\/2019-2\/tg4-announces-details-of-its-gaa-schedule-for-the-2020-allianz-leagues-and-the-aib-all-ireland-club-championships\/\",\"name\":\"TG4 announces details of its GAA Schedule for the 2020 Allianz Leagues and the AIB All Ireland Club Championships | Press Release | TG4\",\"isPartOf\":{\"@id\":\"https:\/\/dev.tg4.ie\/en\/#website\"},\"primaryImageOfPage\":{\"@id\":\"https:\/\/dev.tg4.ie\/en\/information\/press\/press-releases\/2019-2\/tg4-announces-details-of-its-gaa-schedule-for-the-2020-allianz-leagues-and-the-aib-all-ireland-club-championships\/#primaryimage\"},\"image\":{\"@id\":\"https:\/\/dev.tg4.ie\/en\/information\/press\/press-releases\/2019-2\/tg4-announces-details-of-its-gaa-schedule-for-the-2020-allianz-leagues-and-the-aib-all-ireland-club-championships\/#primaryimage\"},\"thumbnailUrl\":\"https:\/\/tg4-docs.s3.amazonaws.com\/tg4-redesign-2015\/wp-content\/uploads\/2019\/12\/Sport_TG4_GAA_1_1920x1080.jpg\",\"datePublished\":\"2019-12-19T11:36:00+00:00\",\"dateModified\":\"2019-12-19T11:36:00+00:00\",\"breadcrumb\":{\"@id\":\"https:\/\/dev.tg4.ie\/en\/information\/press\/press-releases\/2019-2\/tg4-announces-details-of-its-gaa-schedule-for-the-2020-allianz-leagues-and-the-aib-all-ireland-club-championships\/#breadcrumb\"},\"inLanguage\":\"en-ie\",\"potentialAction\":[{\"@type\":\"ReadAction\",\"target\":[\"https:\/\/dev.tg4.ie\/en\/information\/press\/press-releases\/2019-2\/tg4-announces-details-of-its-gaa-schedule-for-the-2020-allianz-leagues-and-the-aib-all-ireland-club-championships\/\"]}]},{\"@type\":\"ImageObject\",\"inLanguage\":\"en-ie\",\"@id\":\"https:\/\/dev.tg4.ie\/en\/information\/press\/press-releases\/2019-2\/tg4-announces-details-of-its-gaa-schedule-for-the-2020-allianz-leagues-and-the-aib-all-ireland-club-championships\/#primaryimage\",\"url\":\"https:\/\/tg4-docs.s3.amazonaws.com\/tg4-redesign-2015\/wp-content\/uploads\/2019\/12\/Sport_TG4_GAA_1_1920x1080.jpg\",\"contentUrl\":\"https:\/\/tg4-docs.s3.amazonaws.com\/tg4-redesign-2015\/wp-content\/uploads\/2019\/12\/Sport_TG4_GAA_1_1920x1080.jpg\",\"width\":1920,\"height\":1080},{\"@type\":\"BreadcrumbList\",\"@id\":\"https:\/\/dev.tg4.ie\/en\/information\/press\/press-releases\/2019-2\/tg4-announces-details-of-its-gaa-schedule-for-the-2020-allianz-leagues-and-the-aib-all-ireland-club-championships\/#breadcrumb\",\"itemListElement\":[{\"@type\":\"ListItem\",\"position\":1,\"name\":\"Home\",\"item\":\"https:\/\/dev.tg4.ie\/en\/\"},{\"@type\":\"ListItem\",\"position\":2,\"name\":\"Information\",\"item\":\"https:\/\/dev.tg4.ie\/en\/information\/\"},{\"@type\":\"ListItem\",\"position\":3,\"name\":\"Press\",\"item\":\"https:\/\/dev.tg4.ie\/en\/information\/press\/\"},{\"@type\":\"ListItem\",\"position\":4,\"name\":\"Press Releases\",\"item\":\"https:\/\/dev.tg4.ie\/en\/information\/press\/press-releases\/\"},{\"@type\":\"ListItem\",\"position\":5,\"name\":\"2019\",\"item\":\"https:\/\/dev.tg4.ie\/en\/information\/press\/press-releases\/2019-2\/\"},{\"@type\":\"ListItem\",\"position\":6,\"name\":\"TG4 announces details of its GAA Schedule for the 2020 Allianz Leagues and the AIB All Ireland Club Championships\"}]},{\"@type\":\"WebSite\",\"@id\":\"https:\/\/dev.tg4.ie\/en\/#website\",\"url\":\"https:\/\/dev.tg4.ie\/en\/\",\"name\":\"TG4\",\"description\":\"S\u00fail Eile\",\"potentialAction\":[{\"@type\":\"SearchAction\",\"target\":{\"@type\":\"EntryPoint\",\"urlTemplate\":\"https:\/\/dev.tg4.ie\/en\/?s={search_term_string}\"},\"query-input\":\"required name=search_term_string\"}],\"inLanguage\":\"en-ie\"}]}<\/script>\n<!-- \/ Yoast SEO plugin. -->","yoast_head_json":{"title":"TG4 announces details of its GAA Schedule for the 2020 Allianz Leagues and the AIB All Ireland Club Championships | Press Release | TG4","robots":{"index":"index","follow":"follow","max-snippet":"max-snippet:-1","max-image-preview":"max-image-preview:large","max-video-preview":"max-video-preview:-1"},"og_locale":"en_US","og_type":"article","og_title":"TG4 announces details of its GAA Schedule for the 2020 Allianz Leagues and the AIB All Ireland Club Championships | Press Release | TG4","og_description":"GAA BEO\u00a0will have live and exclusive coverage of all the major Finals including the Allianz Football League Finals, Allianz Hurling League Final and the AIB All Ireland Club Finals \u00a0 30\u00a0games will be broadcast from the Allianz Hurling and Football League \u00a0 TG4 unveiled the station\u2019s 2020 GAA coverage today with details of their comprehensive [&hellip;]","og_url":"https:\/\/dev.tg4.ie\/en\/information\/press\/press-releases\/2019-2\/tg4-announces-details-of-its-gaa-schedule-for-the-2020-allianz-leagues-and-the-aib-all-ireland-club-championships\/","og_site_name":"TG4","article_publisher":"https:\/\/www.facebook.com\/TG4TV","og_image":[{"width":1920,"height":1080,"url":"https:\/\/tg4-docs.s3.amazonaws.com\/tg4-redesign-2015\/wp-content\/uploads\/2019\/12\/Sport_TG4_GAA_1_1920x1080.jpg","type":"image\/jpeg"}],"twitter_card":"summary_large_image","twitter_site":"@TG4TV","twitter_misc":{"Est. reading time":"5 minutes"},"schema":{"@context":"https:\/\/schema.org","@graph":[{"@type":"WebPage","@id":"https:\/\/dev.tg4.ie\/en\/information\/press\/press-releases\/2019-2\/tg4-announces-details-of-its-gaa-schedule-for-the-2020-allianz-leagues-and-the-aib-all-ireland-club-championships\/","url":"https:\/\/dev.tg4.ie\/en\/information\/press\/press-releases\/2019-2\/tg4-announces-details-of-its-gaa-schedule-for-the-2020-allianz-leagues-and-the-aib-all-ireland-club-championships\/","name":"TG4 announces details of its GAA Schedule for the 2020 Allianz Leagues and the AIB All Ireland Club Championships | Press Release | TG4","isPartOf":{"@id":"https:\/\/dev.tg4.ie\/en\/#website"},"primaryImageOfPage":{"@id":"https:\/\/dev.tg4.ie\/en\/information\/press\/press-releases\/2019-2\/tg4-announces-details-of-its-gaa-schedule-for-the-2020-allianz-leagues-and-the-aib-all-ireland-club-championships\/#primaryimage"},"image":{"@id":"https:\/\/dev.tg4.ie\/en\/information\/press\/press-releases\/2019-2\/tg4-announces-details-of-its-gaa-schedule-for-the-2020-allianz-leagues-and-the-aib-all-ireland-club-championships\/#primaryimage"},"thumbnailUrl":"https:\/\/tg4-docs.s3.amazonaws.com\/tg4-redesign-2015\/wp-content\/uploads\/2019\/12\/Sport_TG4_GAA_1_1920x1080.jpg","datePublished":"2019-12-19T11:36:00+00:00","dateModified":"2019-12-19T11:36:00+00:00","breadcrumb":{"@id":"https:\/\/dev.tg4.ie\/en\/information\/press\/press-releases\/2019-2\/tg4-announces-details-of-its-gaa-schedule-for-the-2020-allianz-leagues-and-the-aib-all-ireland-club-championships\/#breadcrumb"},"inLanguage":"en-ie","potentialAction":[{"@type":"ReadAction","target":["https:\/\/dev.tg4.ie\/en\/information\/press\/press-releases\/2019-2\/tg4-announces-details-of-its-gaa-schedule-for-the-2020-allianz-leagues-and-the-aib-all-ireland-club-championships\/"]}]},{"@type":"ImageObject","inLanguage":"en-ie","@id":"https:\/\/dev.tg4.ie\/en\/information\/press\/press-releases\/2019-2\/tg4-announces-details-of-its-gaa-schedule-for-the-2020-allianz-leagues-and-the-aib-all-ireland-club-championships\/#primaryimage","url":"https:\/\/tg4-docs.s3.amazonaws.com\/tg4-redesign-2015\/wp-content\/uploads\/2019\/12\/Sport_TG4_GAA_1_1920x1080.jpg","contentUrl":"https:\/\/tg4-docs.s3.amazonaws.com\/tg4-redesign-2015\/wp-content\/uploads\/2019\/12\/Sport_TG4_GAA_1_1920x1080.jpg","width":1920,"height":1080},{"@type":"BreadcrumbList","@id":"https:\/\/dev.tg4.ie\/en\/information\/press\/press-releases\/2019-2\/tg4-announces-details-of-its-gaa-schedule-for-the-2020-allianz-leagues-and-the-aib-all-ireland-club-championships\/#breadcrumb","itemListElement":[{"@type":"ListItem","position":1,"name":"Home","item":"https:\/\/dev.tg4.ie\/en\/"},{"@type":"ListItem","position":2,"name":"Information","item":"https:\/\/dev.tg4.ie\/en\/information\/"},{"@type":"ListItem","position":3,"name":"Press","item":"https:\/\/dev.tg4.ie\/en\/information\/press\/"},{"@type":"ListItem","position":4,"name":"Press Releases","item":"https:\/\/dev.tg4.ie\/en\/information\/press\/press-releases\/"},{"@type":"ListItem","position":5,"name":"2019","item":"https:\/\/dev.tg4.ie\/en\/information\/press\/press-releases\/2019-2\/"},{"@type":"ListItem","position":6,"name":"TG4 announces details of its GAA Schedule for the 2020 Allianz Leagues and the AIB All Ireland Club Championships"}]},{"@type":"WebSite","@id":"https:\/\/dev.tg4.ie\/en\/#website","url":"https:\/\/dev.tg4.ie\/en\/","name":"TG4","description":"S\u00fail Eile","potentialAction":[{"@type":"SearchAction","target":{"@type":"EntryPoint","urlTemplate":"https:\/\/dev.tg4.ie\/en\/?s={search_term_string}"},"query-input":"required name=search_term_string"}],"inLanguage":"en-ie"}]}},"_links":{"self":[{"href":"https:\/\/dev.tg4.ie\/en\/wp-json\/wp\/v2\/pages\/111419"}],"collection":[{"href":"https:\/\/dev.tg4.ie\/en\/wp-json\/wp\/v2\/pages"}],"about":[{"href":"https:\/\/dev.tg4.ie\/en\/wp-json\/wp\/v2\/types\/page"}],"author":[{"embeddable":true,"href":"https:\/\/dev.tg4.ie\/en\/wp-json\/wp\/v2\/users\/876"}],"replies":[{"embeddable":true,"href":"https:\/\/dev.tg4.ie\/en\/wp-json\/wp\/v2\/comments?post=111419"}],"version-history":[{"count":0,"href":"https:\/\/dev.tg4.ie\/en\/wp-json\/wp\/v2\/pages\/111419\/revisions"}],"up":[{"embeddable":true,"href":"https:\/\/dev.tg4.ie\/en\/wp-json\/wp\/v2\/pages\/98832"}],"wp:featuredmedia":[{"embeddable":true,"href":"https:\/\/dev.tg4.ie\/en\/wp-json\/wp\/v2\/media\/111424"}],"wp:attachment":[{"href":"https:\/\/dev.tg4.ie\/en\/wp-json\/wp\/v2\/media?parent=111419"}],"curies":[{"name":"wp","href":"https:\/\/api.w.org\/{rel}","templated":true}]}}