{"id":111470,"date":"2019-12-20T10:18:05","date_gmt":"2019-12-20T10:18:05","guid":{"rendered":"https:\/\/dev.tg4.ie\/?page_id=111470"},"modified":"2020-01-06T11:49:46","modified_gmt":"2020-01-06T11:49:46","slug":"brand-new-shows-as-gaeilge-on-tg4s-cula4-this-january","status":"publish","type":"page","link":"https:\/\/dev.tg4.ie\/en\/information\/press\/press-releases\/2019-2\/brand-new-shows-as-gaeilge-on-tg4s-cula4-this-january\/","title":{"rendered":"Brand new shows as Gaeilge on TG4&#8217;s C\u00fala4 this January"},"content":{"rendered":"<p><span>C\u00fala4 on TG4 is the one-stop shop for all things Gaeilge and fun for younger viewers.\u00a0 This January, new programmes for both pre-school children and younger viewers are available on-air and on the C\u00fala4 app and Cula4.com. Rainy days are sorted, and they will also pick up a c\u00fapla focail as they watch.\u00a0<\/span><br \/>\n&nbsp;<br \/>\n<strong>PJ MASKS (New Episodes) &#8211; Weekdays 3:20pm\u00a0<\/strong><\/p>\n<p><img loading=\"lazy\" decoding=\"async\" width=\"1920\" height=\"1080\" class=\"alignleft size-full wp-image-111458\" src=\"https:\/\/tg4-docs.s3.amazonaws.com\/tg4-redesign-2015\/wp-content\/uploads\/2019\/12\/PJ_Masks_Sr2_1920x1080.jpg\" alt=\"\" srcset=\"https:\/\/tg4-docs.s3.amazonaws.com\/tg4-redesign-2015\/wp-content\/uploads\/2019\/12\/PJ_Masks_Sr2_1920x1080.jpg 1920w, https:\/\/tg4-docs.s3.amazonaws.com\/tg4-redesign-2015\/wp-content\/uploads\/2019\/12\/PJ_Masks_Sr2_1920x1080-250x141.jpg 250w, https:\/\/tg4-docs.s3.amazonaws.com\/tg4-redesign-2015\/wp-content\/uploads\/2019\/12\/PJ_Masks_Sr2_1920x1080-700x394.jpg 700w, https:\/\/tg4-docs.s3.amazonaws.com\/tg4-redesign-2015\/wp-content\/uploads\/2019\/12\/PJ_Masks_Sr2_1920x1080-252x141.jpg 252w, https:\/\/tg4-docs.s3.amazonaws.com\/tg4-redesign-2015\/wp-content\/uploads\/2019\/12\/PJ_Masks_Sr2_1920x1080-1536x864.jpg 1536w, https:\/\/tg4-docs.s3.amazonaws.com\/tg4-redesign-2015\/wp-content\/uploads\/2019\/12\/PJ_Masks_Sr2_1920x1080-120x68.jpg 120w\" sizes=\"(max-width: 1920px) 100vw, 1920px\" \/><\/p>\n<p><span>PJ Masks is a firm favourite with pre-schoolers.\u00a0 Watch PJ Masks as Gaeilge every day on C\u00fala4.<\/span><br \/>\n<span>The PJ Masks is a show about heroism. Super-heroism. Only our superheroes are kids!<\/span><br \/>\n<span>By day, 6 year olds Connor, Amaya and Greg go to school like everyone else. But when something goes awry in the city, these special kids, filled with curiosity and a sense of justice get ready for their mission &#8211; but they have to wait until night fall when the city is asleep and they can go un-detected. They magically transform into superheroes &#8211; Catboy, Owlette and Gekko and become the PJ Masks!\u00a0<\/span><br \/>\n<span>Together the trio of heroes, Catboy, Owlette and Gekko embark on action packed adventures, solving mysteries and learning valuable lessons along the way. Watch out night-time baddies &#8211; the PJ Masks are on their way, into the night to save the day.<\/span><\/p>\n<p><em>Promo:<\/em><\/p>\n<div class=\"grabyo-widget\" style=\"position: relative; overflow: auto; width: 100%; padding-bottom: 56.25%;\"><iframe loading=\"lazy\" style=\"position: absolute; top: 0px; display: block;\" src=\"\/\/grabyo.com\/embed.jsp?shareId=cyLb7rBsM77&amp;render=playerBranding:false,&amp;mode=embed&amp;source=scribblelive&amp;medium=embed&amp;tag=videoembed\" width=\"100%\" height=\"100%\" frameborder=\"0\" scrolling=\"no\" allowfullscreen=\"allowfullscreen\"><\/iframe><\/div>\n<p>&nbsp;<\/p>\n<p><strong><span>Curious George &#8211; Weekdays 9:00am<\/span><\/strong><\/p>\n<p><img loading=\"lazy\" decoding=\"async\" width=\"1920\" height=\"1080\" class=\"alignleft size-full wp-image-111457\" src=\"https:\/\/tg4-docs.s3.amazonaws.com\/tg4-redesign-2015\/wp-content\/uploads\/2019\/12\/Curious_George_1_1920x1080.jpg\" alt=\"\" srcset=\"https:\/\/tg4-docs.s3.amazonaws.com\/tg4-redesign-2015\/wp-content\/uploads\/2019\/12\/Curious_George_1_1920x1080.jpg 1920w, https:\/\/tg4-docs.s3.amazonaws.com\/tg4-redesign-2015\/wp-content\/uploads\/2019\/12\/Curious_George_1_1920x1080-250x141.jpg 250w, https:\/\/tg4-docs.s3.amazonaws.com\/tg4-redesign-2015\/wp-content\/uploads\/2019\/12\/Curious_George_1_1920x1080-700x394.jpg 700w, https:\/\/tg4-docs.s3.amazonaws.com\/tg4-redesign-2015\/wp-content\/uploads\/2019\/12\/Curious_George_1_1920x1080-252x141.jpg 252w, https:\/\/tg4-docs.s3.amazonaws.com\/tg4-redesign-2015\/wp-content\/uploads\/2019\/12\/Curious_George_1_1920x1080-1536x864.jpg 1536w, https:\/\/tg4-docs.s3.amazonaws.com\/tg4-redesign-2015\/wp-content\/uploads\/2019\/12\/Curious_George_1_1920x1080-120x68.jpg 120w\" sizes=\"(max-width: 1920px) 100vw, 1920px\" \/><\/p>\n<p><span>Curious George is an animated series based on the popular books by Margret and H.A. Rey, starring Well Ferrell, and directed by Matthew O&#8217;Callaghan.\u00a0Directed by Matthew O&#8217;Callaghan. The Man in the Yellow Hat is a gentleman who looks after his pet monkey &#8211; an inquisitive and wonderful creature whose enthusiasm often gets the best of him.<\/span><\/p>\n<p>&nbsp;<\/p>\n<p><strong><span>An Siopa Eala\u00edne &#8211; Wednesdays 3:30pm \/ Saturdays 9:50am<\/span><\/strong><\/p>\n<p><img loading=\"lazy\" decoding=\"async\" width=\"1920\" height=\"1080\" class=\"alignleft size-full wp-image-110736\" src=\"https:\/\/tg4-docs.s3.amazonaws.com\/tg4-redesign-2015\/wp-content\/uploads\/2019\/11\/Siopa_Ealaine_1_1920x1080.jpg\" alt=\"\" srcset=\"https:\/\/tg4-docs.s3.amazonaws.com\/tg4-redesign-2015\/wp-content\/uploads\/2019\/11\/Siopa_Ealaine_1_1920x1080.jpg 1920w, https:\/\/tg4-docs.s3.amazonaws.com\/tg4-redesign-2015\/wp-content\/uploads\/2019\/11\/Siopa_Ealaine_1_1920x1080-250x141.jpg 250w, https:\/\/tg4-docs.s3.amazonaws.com\/tg4-redesign-2015\/wp-content\/uploads\/2019\/11\/Siopa_Ealaine_1_1920x1080-700x394.jpg 700w, https:\/\/tg4-docs.s3.amazonaws.com\/tg4-redesign-2015\/wp-content\/uploads\/2019\/11\/Siopa_Ealaine_1_1920x1080-252x141.jpg 252w, https:\/\/tg4-docs.s3.amazonaws.com\/tg4-redesign-2015\/wp-content\/uploads\/2019\/11\/Siopa_Ealaine_1_1920x1080-1536x864.jpg 1536w, https:\/\/tg4-docs.s3.amazonaws.com\/tg4-redesign-2015\/wp-content\/uploads\/2019\/11\/Siopa_Ealaine_1_1920x1080-120x68.jpg 120w\" sizes=\"(max-width: 1920px) 100vw, 1920px\" \/><\/p>\n<p><span>Perfect for rainy days at home after school.<\/span><br \/>\n<span>An Siopa Eala\u00edne is an innovative series for pre-school children in which Neasa will teach us how to be creative in a fun and playful way. Neasa is an artist who has her own little shop in the heart of a beautiful seaside town. Her friends visit her everyday for creative tips and we will get to know them all while Neasa helps them out with her art classes. It&#8217;s all fun and games while at Neasa&#8217;s. Come on in and get creative!<\/span><\/p>\n<p>&nbsp;<\/p>\n<h3><strong>C\u00fala4 for Older Children\u00a0<\/strong><\/h3>\n<p><strong><span>Clarence &#8211; Weekdays 4:25pm\u00a0<\/span><\/strong><\/p>\n<p><img loading=\"lazy\" decoding=\"async\" width=\"1920\" height=\"1080\" class=\"alignleft size-full wp-image-111465\" src=\"https:\/\/tg4-docs.s3.amazonaws.com\/tg4-redesign-2015\/wp-content\/uploads\/2019\/12\/Clarence_20_1920x1080.jpg\" alt=\"\" srcset=\"https:\/\/tg4-docs.s3.amazonaws.com\/tg4-redesign-2015\/wp-content\/uploads\/2019\/12\/Clarence_20_1920x1080.jpg 1920w, https:\/\/tg4-docs.s3.amazonaws.com\/tg4-redesign-2015\/wp-content\/uploads\/2019\/12\/Clarence_20_1920x1080-250x141.jpg 250w, https:\/\/tg4-docs.s3.amazonaws.com\/tg4-redesign-2015\/wp-content\/uploads\/2019\/12\/Clarence_20_1920x1080-700x394.jpg 700w, https:\/\/tg4-docs.s3.amazonaws.com\/tg4-redesign-2015\/wp-content\/uploads\/2019\/12\/Clarence_20_1920x1080-252x141.jpg 252w, https:\/\/tg4-docs.s3.amazonaws.com\/tg4-redesign-2015\/wp-content\/uploads\/2019\/12\/Clarence_20_1920x1080-1536x864.jpg 1536w, https:\/\/tg4-docs.s3.amazonaws.com\/tg4-redesign-2015\/wp-content\/uploads\/2019\/12\/Clarence_20_1920x1080-120x68.jpg 120w\" sizes=\"(max-width: 1920px) 100vw, 1920px\" \/><\/p>\n<p><span>Viewers of Cartoon Network will already be familiar with Clarence. Now watch him as Gaeilge. The series revolves around a young boy named Clarence and his two best friends Jeff and Sumo.\u00a0The show focuses on the daily life of Clarence Wendle, a fun-loving and spirited boy, and his best friends: Jeff, who is the more intellectual type, and Sumo, who often uses drastic measures when solving problems.<\/span><\/p>\n<p>&nbsp;<\/p>\n<p><strong><span>Adventure Time &#8211; Tuesdays &amp; Wednesdays 5:20pm \/ Saturdays 5:05pm<\/span><\/strong><\/p>\n<p><img loading=\"lazy\" decoding=\"async\" width=\"1920\" height=\"1080\" class=\"alignleft size-full wp-image-111466\" src=\"https:\/\/tg4-docs.s3.amazonaws.com\/tg4-redesign-2015\/wp-content\/uploads\/2019\/12\/Adventure_Time_1_1920x1080.jpg\" alt=\"\" srcset=\"https:\/\/tg4-docs.s3.amazonaws.com\/tg4-redesign-2015\/wp-content\/uploads\/2019\/12\/Adventure_Time_1_1920x1080.jpg 1920w, https:\/\/tg4-docs.s3.amazonaws.com\/tg4-redesign-2015\/wp-content\/uploads\/2019\/12\/Adventure_Time_1_1920x1080-250x141.jpg 250w, https:\/\/tg4-docs.s3.amazonaws.com\/tg4-redesign-2015\/wp-content\/uploads\/2019\/12\/Adventure_Time_1_1920x1080-700x394.jpg 700w, https:\/\/tg4-docs.s3.amazonaws.com\/tg4-redesign-2015\/wp-content\/uploads\/2019\/12\/Adventure_Time_1_1920x1080-252x141.jpg 252w, https:\/\/tg4-docs.s3.amazonaws.com\/tg4-redesign-2015\/wp-content\/uploads\/2019\/12\/Adventure_Time_1_1920x1080-1536x864.jpg 1536w, https:\/\/tg4-docs.s3.amazonaws.com\/tg4-redesign-2015\/wp-content\/uploads\/2019\/12\/Adventure_Time_1_1920x1080-120x68.jpg 120w\" sizes=\"(max-width: 1920px) 100vw, 1920px\" \/><\/p>\n<p><span>An American fantasy animated series originally for Cartoon Network.\u00a0\u00a0Twelve- year-old Finn battles evil in the Land of Ooo. Assisted by his magical dog, Jake, Finn roams the Land of Ooo righting wrongs and battling evil. Usually that evil comes in the form of the Ice King, who is in search of a wife. He&#8217;s decided he should wed Princess Bubblegum, though she doesn&#8217;t want to marry him. Still, he persists in trying to steal her away, and Finn and Jake, along with Lady Raincorn (a cross between a unicorn and a rainbow) do their best to keep her from harm.<\/span><\/p>\n<p>&nbsp;<\/p>\n<p><strong><span>C.L.U.B &#8211; Thursdays 5:05pm<\/span><\/strong><\/p>\n<p><img loading=\"lazy\" decoding=\"async\" width=\"1920\" height=\"1080\" class=\"alignleft size-full wp-image-111467\" src=\"https:\/\/tg4-docs.s3.amazonaws.com\/tg4-redesign-2015\/wp-content\/uploads\/2019\/12\/CLUB_2_1_1920x1080.jpg\" alt=\"\" srcset=\"https:\/\/tg4-docs.s3.amazonaws.com\/tg4-redesign-2015\/wp-content\/uploads\/2019\/12\/CLUB_2_1_1920x1080.jpg 1920w, https:\/\/tg4-docs.s3.amazonaws.com\/tg4-redesign-2015\/wp-content\/uploads\/2019\/12\/CLUB_2_1_1920x1080-250x141.jpg 250w, https:\/\/tg4-docs.s3.amazonaws.com\/tg4-redesign-2015\/wp-content\/uploads\/2019\/12\/CLUB_2_1_1920x1080-700x394.jpg 700w, https:\/\/tg4-docs.s3.amazonaws.com\/tg4-redesign-2015\/wp-content\/uploads\/2019\/12\/CLUB_2_1_1920x1080-252x141.jpg 252w, https:\/\/tg4-docs.s3.amazonaws.com\/tg4-redesign-2015\/wp-content\/uploads\/2019\/12\/CLUB_2_1_1920x1080-1536x864.jpg 1536w, https:\/\/tg4-docs.s3.amazonaws.com\/tg4-redesign-2015\/wp-content\/uploads\/2019\/12\/CLUB_2_1_1920x1080-120x68.jpg 120w\" sizes=\"(max-width: 1920px) 100vw, 1920px\" \/><\/p>\n<p><span>An exciting and fun show about GAA Clubs all over the country and the craic that everyone has playing with them. C.L.U.B is presented by C\u00e1rthach B\u00e1n Breathnach. Each week he travels to a different GAA club around the county to meet the young players from the club. We are going all over the country from Gaoth Dobhair to Cork and Dublin to Conamara. On every show we&#8217;ll see young players out on the pitch and in the studio chatting, practicing new skills, playing games in the studio&#8230; AND at the end of every episode one lucky player will get the opportunity to dump the toughest coach from the club into the DUNK TANK!! Finally revenge for all those extra laps at training!<\/span><br \/>\n&nbsp;<br \/>\n<strong><span>Catch up online at<\/span> <a href=\"https:\/\/www.cula4.com\" target=\"_blank\" rel=\"noopener noreferrer\">cula4.com<\/a><\/strong><\/p>\n<p>&nbsp;<\/p>\n","protected":false},"excerpt":{"rendered":"<p>C\u00fala4 on TG4 is the one-stop shop for all things Gaeilge and fun for younger viewers.\u00a0 This January, new programmes for both pre-school children and younger viewers are available on-air and on the C\u00fala4 app and Cula4.com. Rainy days are sorted, and they will also pick up a c\u00fapla focail as they watch.\u00a0 &nbsp; PJ [&hellip;]<\/p>\n","protected":false},"author":876,"featured_media":0,"parent":98832,"menu_order":52,"comment_status":"closed","ping_status":"closed","template":"page-templates\/template-pr.php","meta":{"_acf_changed":false,"footnotes":""},"acf":[],"yoast_head":"<!-- This site is optimized with the Yoast SEO plugin v22.6 - https:\/\/yoast.com\/wordpress\/plugins\/seo\/ -->\n<title>M\u00ed Ean\u00e1ir do ph\u00e1ist\u00ed ar C\u00fala4 | Press Release | TG4<\/title>\n<meta name=\"robots\" content=\"index, follow, max-snippet:-1, max-image-preview:large, max-video-preview:-1\" \/>\n<meta property=\"og:locale\" content=\"en_US\" \/>\n<meta property=\"og:type\" content=\"article\" \/>\n<meta property=\"og:title\" content=\"M\u00ed Ean\u00e1ir do ph\u00e1ist\u00ed ar C\u00fala4 | Press Release | TG4\" \/>\n<meta property=\"og:description\" content=\"C\u00fala4 on TG4 is the one-stop shop for all things Gaeilge and fun for younger viewers.\u00a0 This January, new programmes for both pre-school children and younger viewers are available on-air and on the C\u00fala4 app and Cula4.com. Rainy days are sorted, and they will also pick up a c\u00fapla focail as they watch.\u00a0 &nbsp; PJ [&hellip;]\" \/>\n<meta property=\"og:url\" content=\"https:\/\/dev.tg4.ie\/en\/information\/press\/press-releases\/2019-2\/brand-new-shows-as-gaeilge-on-tg4s-cula4-this-january\/\" \/>\n<meta property=\"og:site_name\" content=\"TG4\" \/>\n<meta property=\"article:publisher\" content=\"https:\/\/www.facebook.com\/TG4TV\" \/>\n<meta property=\"article:modified_time\" content=\"2020-01-06T11:49:46+00:00\" \/>\n<meta property=\"og:image\" content=\"https:\/\/tg4-docs.s3.amazonaws.com\/tg4-redesign-2015\/wp-content\/uploads\/2019\/12\/CLUB_2_1_1920x1080.jpg\" \/>\n\t<meta property=\"og:image:width\" content=\"1920\" \/>\n\t<meta property=\"og:image:height\" content=\"1080\" \/>\n\t<meta property=\"og:image:type\" content=\"image\/jpeg\" \/>\n<meta name=\"twitter:card\" content=\"summary_large_image\" \/>\n<meta name=\"twitter:image\" content=\"https:\/\/tg4-docs.s3.amazonaws.com\/tg4-redesign-2015\/wp-content\/uploads\/2019\/12\/CLUB_2_1_1920x1080.jpg\" \/>\n<meta name=\"twitter:site\" content=\"@TG4TV\" \/>\n<meta name=\"twitter:label1\" content=\"Est. reading time\" \/>\n\t<meta name=\"twitter:data1\" content=\"4 minutes\" \/>\n<script type=\"application\/ld+json\" class=\"yoast-schema-graph\">{\"@context\":\"https:\/\/schema.org\",\"@graph\":[{\"@type\":\"WebPage\",\"@id\":\"https:\/\/dev.tg4.ie\/en\/information\/press\/press-releases\/2019-2\/brand-new-shows-as-gaeilge-on-tg4s-cula4-this-january\/\",\"url\":\"https:\/\/dev.tg4.ie\/en\/information\/press\/press-releases\/2019-2\/brand-new-shows-as-gaeilge-on-tg4s-cula4-this-january\/\",\"name\":\"M\u00ed Ean\u00e1ir do ph\u00e1ist\u00ed ar C\u00fala4 | Press Release | TG4\",\"isPartOf\":{\"@id\":\"https:\/\/dev.tg4.ie\/en\/#website\"},\"primaryImageOfPage\":{\"@id\":\"https:\/\/dev.tg4.ie\/en\/information\/press\/press-releases\/2019-2\/brand-new-shows-as-gaeilge-on-tg4s-cula4-this-january\/#primaryimage\"},\"image\":{\"@id\":\"https:\/\/dev.tg4.ie\/en\/information\/press\/press-releases\/2019-2\/brand-new-shows-as-gaeilge-on-tg4s-cula4-this-january\/#primaryimage\"},\"thumbnailUrl\":\"https:\/\/dev.tg4.ie\/wp-content\/uploads\/2019\/12\/PJ_Masks_Sr2_1920x1080.jpg\",\"datePublished\":\"2019-12-20T10:18:05+00:00\",\"dateModified\":\"2020-01-06T11:49:46+00:00\",\"breadcrumb\":{\"@id\":\"https:\/\/dev.tg4.ie\/en\/information\/press\/press-releases\/2019-2\/brand-new-shows-as-gaeilge-on-tg4s-cula4-this-january\/#breadcrumb\"},\"inLanguage\":\"en-ie\",\"potentialAction\":[{\"@type\":\"ReadAction\",\"target\":[\"https:\/\/dev.tg4.ie\/en\/information\/press\/press-releases\/2019-2\/brand-new-shows-as-gaeilge-on-tg4s-cula4-this-january\/\"]}]},{\"@type\":\"ImageObject\",\"inLanguage\":\"en-ie\",\"@id\":\"https:\/\/dev.tg4.ie\/en\/information\/press\/press-releases\/2019-2\/brand-new-shows-as-gaeilge-on-tg4s-cula4-this-january\/#primaryimage\",\"url\":\"https:\/\/dev.tg4.ie\/wp-content\/uploads\/2019\/12\/PJ_Masks_Sr2_1920x1080.jpg\",\"contentUrl\":\"https:\/\/dev.tg4.ie\/wp-content\/uploads\/2019\/12\/PJ_Masks_Sr2_1920x1080.jpg\"},{\"@type\":\"BreadcrumbList\",\"@id\":\"https:\/\/dev.tg4.ie\/en\/information\/press\/press-releases\/2019-2\/brand-new-shows-as-gaeilge-on-tg4s-cula4-this-january\/#breadcrumb\",\"itemListElement\":[{\"@type\":\"ListItem\",\"position\":1,\"name\":\"Home\",\"item\":\"https:\/\/dev.tg4.ie\/en\/\"},{\"@type\":\"ListItem\",\"position\":2,\"name\":\"Information\",\"item\":\"https:\/\/dev.tg4.ie\/en\/information\/\"},{\"@type\":\"ListItem\",\"position\":3,\"name\":\"Press\",\"item\":\"https:\/\/dev.tg4.ie\/en\/information\/press\/\"},{\"@type\":\"ListItem\",\"position\":4,\"name\":\"Press Releases\",\"item\":\"https:\/\/dev.tg4.ie\/en\/information\/press\/press-releases\/\"},{\"@type\":\"ListItem\",\"position\":5,\"name\":\"2019\",\"item\":\"https:\/\/dev.tg4.ie\/en\/information\/press\/press-releases\/2019-2\/\"},{\"@type\":\"ListItem\",\"position\":6,\"name\":\"Brand new shows as Gaeilge on TG4&#8217;s C\u00fala4 this January\"}]},{\"@type\":\"WebSite\",\"@id\":\"https:\/\/dev.tg4.ie\/en\/#website\",\"url\":\"https:\/\/dev.tg4.ie\/en\/\",\"name\":\"TG4\",\"description\":\"S\u00fail Eile\",\"potentialAction\":[{\"@type\":\"SearchAction\",\"target\":{\"@type\":\"EntryPoint\",\"urlTemplate\":\"https:\/\/dev.tg4.ie\/en\/?s={search_term_string}\"},\"query-input\":\"required name=search_term_string\"}],\"inLanguage\":\"en-ie\"}]}<\/script>\n<!-- \/ Yoast SEO plugin. -->","yoast_head_json":{"title":"M\u00ed Ean\u00e1ir do ph\u00e1ist\u00ed ar C\u00fala4 | Press Release | TG4","robots":{"index":"index","follow":"follow","max-snippet":"max-snippet:-1","max-image-preview":"max-image-preview:large","max-video-preview":"max-video-preview:-1"},"og_locale":"en_US","og_type":"article","og_title":"M\u00ed Ean\u00e1ir do ph\u00e1ist\u00ed ar C\u00fala4 | Press Release | TG4","og_description":"C\u00fala4 on TG4 is the one-stop shop for all things Gaeilge and fun for younger viewers.\u00a0 This January, new programmes for both pre-school children and younger viewers are available on-air and on the C\u00fala4 app and Cula4.com. Rainy days are sorted, and they will also pick up a c\u00fapla focail as they watch.\u00a0 &nbsp; PJ [&hellip;]","og_url":"https:\/\/dev.tg4.ie\/en\/information\/press\/press-releases\/2019-2\/brand-new-shows-as-gaeilge-on-tg4s-cula4-this-january\/","og_site_name":"TG4","article_publisher":"https:\/\/www.facebook.com\/TG4TV","article_modified_time":"2020-01-06T11:49:46+00:00","og_image":[{"width":1920,"height":1080,"url":"https:\/\/tg4-docs.s3.amazonaws.com\/tg4-redesign-2015\/wp-content\/uploads\/2019\/12\/CLUB_2_1_1920x1080.jpg","type":"image\/jpeg"}],"twitter_card":"summary_large_image","twitter_image":"https:\/\/tg4-docs.s3.amazonaws.com\/tg4-redesign-2015\/wp-content\/uploads\/2019\/12\/CLUB_2_1_1920x1080.jpg","twitter_site":"@TG4TV","twitter_misc":{"Est. reading time":"4 minutes"},"schema":{"@context":"https:\/\/schema.org","@graph":[{"@type":"WebPage","@id":"https:\/\/dev.tg4.ie\/en\/information\/press\/press-releases\/2019-2\/brand-new-shows-as-gaeilge-on-tg4s-cula4-this-january\/","url":"https:\/\/dev.tg4.ie\/en\/information\/press\/press-releases\/2019-2\/brand-new-shows-as-gaeilge-on-tg4s-cula4-this-january\/","name":"M\u00ed Ean\u00e1ir do ph\u00e1ist\u00ed ar C\u00fala4 | Press Release | TG4","isPartOf":{"@id":"https:\/\/dev.tg4.ie\/en\/#website"},"primaryImageOfPage":{"@id":"https:\/\/dev.tg4.ie\/en\/information\/press\/press-releases\/2019-2\/brand-new-shows-as-gaeilge-on-tg4s-cula4-this-january\/#primaryimage"},"image":{"@id":"https:\/\/dev.tg4.ie\/en\/information\/press\/press-releases\/2019-2\/brand-new-shows-as-gaeilge-on-tg4s-cula4-this-january\/#primaryimage"},"thumbnailUrl":"https:\/\/dev.tg4.ie\/wp-content\/uploads\/2019\/12\/PJ_Masks_Sr2_1920x1080.jpg","datePublished":"2019-12-20T10:18:05+00:00","dateModified":"2020-01-06T11:49:46+00:00","breadcrumb":{"@id":"https:\/\/dev.tg4.ie\/en\/information\/press\/press-releases\/2019-2\/brand-new-shows-as-gaeilge-on-tg4s-cula4-this-january\/#breadcrumb"},"inLanguage":"en-ie","potentialAction":[{"@type":"ReadAction","target":["https:\/\/dev.tg4.ie\/en\/information\/press\/press-releases\/2019-2\/brand-new-shows-as-gaeilge-on-tg4s-cula4-this-january\/"]}]},{"@type":"ImageObject","inLanguage":"en-ie","@id":"https:\/\/dev.tg4.ie\/en\/information\/press\/press-releases\/2019-2\/brand-new-shows-as-gaeilge-on-tg4s-cula4-this-january\/#primaryimage","url":"https:\/\/dev.tg4.ie\/wp-content\/uploads\/2019\/12\/PJ_Masks_Sr2_1920x1080.jpg","contentUrl":"https:\/\/dev.tg4.ie\/wp-content\/uploads\/2019\/12\/PJ_Masks_Sr2_1920x1080.jpg"},{"@type":"BreadcrumbList","@id":"https:\/\/dev.tg4.ie\/en\/information\/press\/press-releases\/2019-2\/brand-new-shows-as-gaeilge-on-tg4s-cula4-this-january\/#breadcrumb","itemListElement":[{"@type":"ListItem","position":1,"name":"Home","item":"https:\/\/dev.tg4.ie\/en\/"},{"@type":"ListItem","position":2,"name":"Information","item":"https:\/\/dev.tg4.ie\/en\/information\/"},{"@type":"ListItem","position":3,"name":"Press","item":"https:\/\/dev.tg4.ie\/en\/information\/press\/"},{"@type":"ListItem","position":4,"name":"Press Releases","item":"https:\/\/dev.tg4.ie\/en\/information\/press\/press-releases\/"},{"@type":"ListItem","position":5,"name":"2019","item":"https:\/\/dev.tg4.ie\/en\/information\/press\/press-releases\/2019-2\/"},{"@type":"ListItem","position":6,"name":"Brand new shows as Gaeilge on TG4&#8217;s C\u00fala4 this January"}]},{"@type":"WebSite","@id":"https:\/\/dev.tg4.ie\/en\/#website","url":"https:\/\/dev.tg4.ie\/en\/","name":"TG4","description":"S\u00fail Eile","potentialAction":[{"@type":"SearchAction","target":{"@type":"EntryPoint","urlTemplate":"https:\/\/dev.tg4.ie\/en\/?s={search_term_string}"},"query-input":"required name=search_term_string"}],"inLanguage":"en-ie"}]}},"_links":{"self":[{"href":"https:\/\/dev.tg4.ie\/en\/wp-json\/wp\/v2\/pages\/111470"}],"collection":[{"href":"https:\/\/dev.tg4.ie\/en\/wp-json\/wp\/v2\/pages"}],"about":[{"href":"https:\/\/dev.tg4.ie\/en\/wp-json\/wp\/v2\/types\/page"}],"author":[{"embeddable":true,"href":"https:\/\/dev.tg4.ie\/en\/wp-json\/wp\/v2\/users\/876"}],"replies":[{"embeddable":true,"href":"https:\/\/dev.tg4.ie\/en\/wp-json\/wp\/v2\/comments?post=111470"}],"version-history":[{"count":0,"href":"https:\/\/dev.tg4.ie\/en\/wp-json\/wp\/v2\/pages\/111470\/revisions"}],"up":[{"embeddable":true,"href":"https:\/\/dev.tg4.ie\/en\/wp-json\/wp\/v2\/pages\/98832"}],"wp:attachment":[{"href":"https:\/\/dev.tg4.ie\/en\/wp-json\/wp\/v2\/media?parent=111470"}],"curies":[{"name":"wp","href":"https:\/\/api.w.org\/{rel}","templated":true}]}}