{"id":111541,"date":"2020-01-06T12:09:06","date_gmt":"2020-01-06T12:09:06","guid":{"rendered":"https:\/\/dev.tg4.ie\/?page_id=111541"},"modified":"2021-11-04T16:44:38","modified_gmt":"2021-11-04T16:44:38","slug":"new-year-new-season-on-tg4","status":"publish","type":"page","link":"https:\/\/dev.tg4.ie\/en\/information\/press\/press-releases\/2020-2\/new-year-new-season-on-tg4\/","title":{"rendered":"New Year, New Season on TG4"},"content":{"rendered":"<p><img loading=\"lazy\" decoding=\"async\" width=\"1920\" height=\"1080\" class=\"aligncenter size-full wp-image-111543\" src=\"https:\/\/tg4-docs.s3.amazonaws.com\/tg4-redesign-2015\/wp-content\/uploads\/2020\/01\/Creative_Company_2_1920x1080.jpg\" alt=\"\" srcset=\"https:\/\/tg4-docs.s3.amazonaws.com\/tg4-redesign-2015\/wp-content\/uploads\/2020\/01\/Creative_Company_2_1920x1080.jpg 1920w, https:\/\/tg4-docs.s3.amazonaws.com\/tg4-redesign-2015\/wp-content\/uploads\/2020\/01\/Creative_Company_2_1920x1080-250x141.jpg 250w, https:\/\/tg4-docs.s3.amazonaws.com\/tg4-redesign-2015\/wp-content\/uploads\/2020\/01\/Creative_Company_2_1920x1080-700x394.jpg 700w, https:\/\/tg4-docs.s3.amazonaws.com\/tg4-redesign-2015\/wp-content\/uploads\/2020\/01\/Creative_Company_2_1920x1080-252x141.jpg 252w, https:\/\/tg4-docs.s3.amazonaws.com\/tg4-redesign-2015\/wp-content\/uploads\/2020\/01\/Creative_Company_2_1920x1080-1536x864.jpg 1536w, https:\/\/tg4-docs.s3.amazonaws.com\/tg4-redesign-2015\/wp-content\/uploads\/2020\/01\/Creative_Company_2_1920x1080-120x68.jpg 120w\" sizes=\"(max-width: 1920px) 100vw, 1920px\" \/><br \/>\n&nbsp;<br \/>\n<span><strong>Creative Company Thursdays 9:30pm from 9th January<\/strong><br \/>\n<iframe loading=\"lazy\" width=\"560\" height=\"315\" src=\"https:\/\/www.youtube.com\/embed\/3KuqhcW_E7s\" frameborder=\"0\" allow=\"accelerometer; autoplay; encrypted-media; gyroscope; picture-in-picture\" allowfullscreen><\/iframe><\/p>\n<p><span>Brand New Series.\u00a0 Pablo Picasso enters the Office.<br \/>\nTG4 in conjunction with Business to Arts aims to find Ireland&#8217;s most creative workplace.\u00a0\u00a0Placing an artist within a company, workers within ten different Irish organisations will be set the goal of making a fantastic piece of art together.\u00a0\u00a0Ten Irish companies take on the challenge of creating a piece of large-scale public art.\u00a0<\/span><span><\/span><\/p>\n<p><span>Are ordinary workers able to band together and create a piece art?\u00a0 Will a cleaner be more artistic than the CEO? Can a workplace survive the ultimate creative test that is the collaborative production of a large-scale piece of art?\u00a0<\/span><br \/>\n&nbsp;<br \/>\n&nbsp;<br \/>\n<strong>TAB\u00da &#8211; Wednesday Nights 9:30pm<\/strong><br \/>\n<iframe loading=\"lazy\" width=\"560\" height=\"315\" src=\"https:\/\/www.youtube.com\/embed\/alycNNiGjPs\" frameborder=\"0\" allow=\"accelerometer; autoplay; encrypted-media; gyroscope; picture-in-picture\" allowfullscreen><\/iframe><br \/>\n<strong>Tab\u00fa<\/strong>\u00a0is a back with for a new series of hard-hitting factual documentaries that offer a startling, compelling and uncompromising look at lesser spoken of topics in Ireland today. Subjects such as Homelessness, Children with chronic Health conditions, Allergies, Direct Provision, Being Transgender in Ireland, Worldwide frontline emergency medical workers, Ireland&#8217;s Offshore Fishing industry, The Coast Guard and the imminent closure of the Bord na M\u00f3na bogs are discussed as 1 hour stand alone documentaries that provide insightful yet engaging viewing. First up on January 8th is a\u00a0documentary that follows several fishermen along the South East coast of Ireland over eight months as they battle with politics, policies, nature and a never changing quota system.<\/p>\n<p>&nbsp;<br \/>\n&nbsp;<br \/>\n<strong>Catch-22 &#8211;\u00a0 Wednesdays 10:30pm from January 8th<\/strong><br \/>\n<img loading=\"lazy\" decoding=\"async\" width=\"1920\" height=\"1080\" class=\"aligncenter size-full wp-image-111544\" src=\"https:\/\/tg4-docs.s3.amazonaws.com\/tg4-redesign-2015\/wp-content\/uploads\/2020\/01\/Catch_22_2_1920x1080.jpg\" alt=\"\" srcset=\"https:\/\/tg4-docs.s3.amazonaws.com\/tg4-redesign-2015\/wp-content\/uploads\/2020\/01\/Catch_22_2_1920x1080.jpg 1920w, https:\/\/tg4-docs.s3.amazonaws.com\/tg4-redesign-2015\/wp-content\/uploads\/2020\/01\/Catch_22_2_1920x1080-250x141.jpg 250w, https:\/\/tg4-docs.s3.amazonaws.com\/tg4-redesign-2015\/wp-content\/uploads\/2020\/01\/Catch_22_2_1920x1080-700x394.jpg 700w, https:\/\/tg4-docs.s3.amazonaws.com\/tg4-redesign-2015\/wp-content\/uploads\/2020\/01\/Catch_22_2_1920x1080-252x141.jpg 252w, https:\/\/tg4-docs.s3.amazonaws.com\/tg4-redesign-2015\/wp-content\/uploads\/2020\/01\/Catch_22_2_1920x1080-1536x864.jpg 1536w, https:\/\/tg4-docs.s3.amazonaws.com\/tg4-redesign-2015\/wp-content\/uploads\/2020\/01\/Catch_22_2_1920x1080-120x68.jpg 120w\" sizes=\"(max-width: 1920px) 100vw, 1920px\" \/><br \/>\n&nbsp;<\/p>\n<p><iframe loading=\"lazy\" width=\"560\" height=\"315\" src=\"https:\/\/www.youtube.com\/embed\/FUNKSZO1pGY\" frameborder=\"0\" allow=\"accelerometer; autoplay; encrypted-media; gyroscope; picture-in-picture\" allowfullscreen><\/iframe><\/p>\n<p><span>Based on Joseph Heller&#8217;s seminal novel of the same name, Catch-22 is the story of the incomparable, artful dodger, Yossarian (Christopher Abbott), a US Air Force bombardier in World War II who is furious because thousands of people he has never met are trying to kill him. But his real problem is not the enemy, but rather his own army which keeps increasing the number of missions the men must fly to complete their service. Yet if Yossarian makes any attempt to avoid his military assignments, he&#8217;ll be in violation of Catch-22, a hilariously sinister bureaucratic rule which specifies that a concern for one&#8217;s own safety in the face of dangers which are real and immediate is the process of a rational mind; a man is considered insane if he willingly continues to fly dangerous combat missions, but a request to be removed from duty is evidence of sanity and therefore makes him ineligible to be relieved from duty.<\/span><\/p>\n<p>&nbsp;<br \/>\n&nbsp;<br \/>\n<strong><span>Scann\u00e1n an Luain &#8211; Monday Night Movie 9:30pm<br \/>\n<\/span><\/strong><br \/>\n<strong>Atonement\u00a0 6th January 9:30pm<\/strong><br \/>\n<span>(2007, Drama) Starring Keira Knightley, James McAvoy and Brenda Blethyn. Directed by Jow Wright. Fledgling writer Briony Tallis, as a 13-year-old, irrevocably changes the course of several lives when she accuses her older sister&#8217;s lover of a crime he did not commit. Based on the British romance novel by Ian McEwan.<\/span><br \/>\n<span>\u00a0<\/span><br \/>\n<strong>Criminal 13th January 9:30pm<\/strong><br \/>\n<span>(2016, Action, Crime, Drama) Starring Kevin Costner, Ryan Reynolds and Gal Gadot. Directed by Ariel Vromen. In a last-ditch effort to stop a diabolical plot, a dead CIA operative&#8217;s memories, secrets, and skills are implanted into a death-row inmate in hopes that he will complete the operative&#8217;s mission.<\/span><\/p>\n<p><strong>Inside Llewyn Davis 20th January 9:30pm<\/strong><br \/>\n<span>(2013, Comedy, Drama) Starring Oscar Isacc, Carey Mulligan and John Goodman. Directed by Ethan and Joel Coen. A week in the life of a young singer as he navigates the Greenwich Village folk scene of 1961.<\/span><\/p>\n<p><strong>American Made 27th January 9:30pm<\/strong><br \/>\n<span>(2017, Action Crime) A pilot is recruited by the CIA to run one of the biggest covert operations in U.S. history. The story of Barry Seal, an American pilot who became a drug-runner for the CIA in the 1980s in a clandestine operation that would be exposed as the Iran-Contra Affair. Starring Tom Cruise and Domhnall Gleeson.<\/span><\/p>\n<p>&nbsp;<br \/>\n&nbsp;<br \/>\n<strong><span>S\u00e9 Mo Laoch Sundays 9:30pm from 12th January\u00a0<\/span><\/strong><br \/>\n<img loading=\"lazy\" decoding=\"async\" width=\"1920\" height=\"1080\" class=\"aligncenter size-full wp-image-111545\" src=\"https:\/\/tg4-docs.s3.amazonaws.com\/tg4-redesign-2015\/wp-content\/uploads\/2020\/01\/Se_Mo_Laoch-Steve_Cooney_2_1920x1080.jpg\" alt=\"\" srcset=\"https:\/\/tg4-docs.s3.amazonaws.com\/tg4-redesign-2015\/wp-content\/uploads\/2020\/01\/Se_Mo_Laoch-Steve_Cooney_2_1920x1080.jpg 1920w, https:\/\/tg4-docs.s3.amazonaws.com\/tg4-redesign-2015\/wp-content\/uploads\/2020\/01\/Se_Mo_Laoch-Steve_Cooney_2_1920x1080-250x141.jpg 250w, https:\/\/tg4-docs.s3.amazonaws.com\/tg4-redesign-2015\/wp-content\/uploads\/2020\/01\/Se_Mo_Laoch-Steve_Cooney_2_1920x1080-700x394.jpg 700w, https:\/\/tg4-docs.s3.amazonaws.com\/tg4-redesign-2015\/wp-content\/uploads\/2020\/01\/Se_Mo_Laoch-Steve_Cooney_2_1920x1080-252x141.jpg 252w, https:\/\/tg4-docs.s3.amazonaws.com\/tg4-redesign-2015\/wp-content\/uploads\/2020\/01\/Se_Mo_Laoch-Steve_Cooney_2_1920x1080-1536x864.jpg 1536w, https:\/\/tg4-docs.s3.amazonaws.com\/tg4-redesign-2015\/wp-content\/uploads\/2020\/01\/Se_Mo_Laoch-Steve_Cooney_2_1920x1080-120x68.jpg 120w\" sizes=\"(max-width: 1920px) 100vw, 1920px\" \/><br \/>\n&nbsp;<\/p>\n<p><iframe loading=\"lazy\" width=\"560\" height=\"315\" src=\"https:\/\/www.youtube.com\/embed\/Z98s8hlVtXU\" frameborder=\"0\" allow=\"accelerometer; autoplay; encrypted-media; gyroscope; picture-in-picture\" allowfullscreen><\/iframe><\/p>\n<p><strong>New Series: &#8216;S\u00e9 mo Laoch<\/strong><span>\u00a0celebrates the musicianship and creativity of some of our most well known and respected performers &amp; tells their stories in their own words. The series showcases the huge diversity of Irish traditional music and musicians, from Australian born guitarist Steve Cooney to Oriel traditional singer and composer P\u00e1draig\u00edn N\u00ed Uallach\u00e1in, from Roscommon flute player Patsy Hanly to Co. Galway accordion maestro Mairt\u00edn O&#8217;Connor, Dublin fiddler &amp; broadcaster Paddy Glackin and kicks off with guitarist Steve Cooney.<\/span><\/p>\n<p>&nbsp;<br \/>\n&nbsp;<br \/>\n<span><strong>GAA Beo &#8211; AIB Club All-Ireland Football Semi-Finals 4th January 1pm<\/strong><\/span><br \/>\n<span>Live coverage of the AIB Club All-Ireland Football Semi-Finals. Corofin play Nemo Rangers and Kilcoo play Ballyboden St. Enda&#8217;s. Presented by Miche\u00e1l \u00d3 Domhnaill with commentary by Brian Tyers.<\/span><\/p>\n<p><span><strong>GAA Beo &#8211; AIB All-Ireland Hurling Club Semi Finals 5th January 1:30pm<\/strong><\/span><br \/>\n<span>Live coverage of the AIB Club All-Ireland Hurling Semi-Finals. Slaughtneil play Ballyhale Shamrocks and St. Thomas play Borrisoleigh. Presented by Miche\u00e1l \u00d3 Domhnaill with commentary by Brian Tyers.<\/span><\/p>\n<p><span><strong>GAA Beo &#8211; Sunday 19th January 1:30pm<\/strong><\/span><br \/>\n<span>Live coverage of the AIB Club Championship All Ireland Senior Finals.\u00a0<\/span><br \/>\n&nbsp;<br \/>\n&nbsp;<\/p>\n","protected":false},"excerpt":{"rendered":"<p>&nbsp; Creative Company Thursdays 9:30pm from 9th January Brand New Series.\u00a0 Pablo Picasso enters the Office. TG4 in conjunction with Business to Arts aims to find Ireland&#8217;s most creative workplace.\u00a0\u00a0Placing an artist within a company, workers within ten different Irish organisations will be set the goal of making a fantastic piece of art together.\u00a0\u00a0Ten Irish [&hellip;]<\/p>\n","protected":false},"author":876,"featured_media":0,"parent":111527,"menu_order":1,"comment_status":"closed","ping_status":"closed","template":"page-templates\/template-pr.php","meta":{"_acf_changed":false,"footnotes":""},"acf":[],"yoast_head":"<!-- This site is optimized with the Yoast SEO plugin v22.6 - https:\/\/yoast.com\/wordpress\/plugins\/seo\/ -->\n<title>TG4 | New Year, New Season on TG4 | 2020 | Press Releases | Press | Irish Television Channel, S\u00fail Eile<\/title>\n<meta name=\"description\" content=\"View the latest series coming to TG4 in 2020\" \/>\n<meta name=\"robots\" content=\"index, follow, max-snippet:-1, max-image-preview:large, max-video-preview:-1\" \/>\n<meta property=\"og:locale\" content=\"en_US\" \/>\n<meta property=\"og:type\" content=\"article\" \/>\n<meta property=\"og:title\" content=\"TG4 | New Year, New Season on TG4 | 2020 | Press Releases | Press | Irish Television Channel, S\u00fail Eile\" \/>\n<meta property=\"og:description\" content=\"View the latest series coming to TG4 in 2020\" \/>\n<meta property=\"og:url\" content=\"https:\/\/dev.tg4.ie\/en\/information\/press\/press-releases\/2020-2\/new-year-new-season-on-tg4\/\" \/>\n<meta property=\"og:site_name\" content=\"TG4\" \/>\n<meta property=\"article:publisher\" content=\"https:\/\/www.facebook.com\/TG4TV\" \/>\n<meta property=\"article:modified_time\" content=\"2021-11-04T16:44:38+00:00\" \/>\n<meta property=\"og:image\" content=\"https:\/\/tg4-docs.s3.amazonaws.com\/tg4-redesign-2015\/wp-content\/uploads\/2020\/01\/Creative_Company_2_1920x1080.jpg\" \/>\n\t<meta property=\"og:image:width\" content=\"1920\" \/>\n\t<meta property=\"og:image:height\" content=\"1080\" \/>\n\t<meta property=\"og:image:type\" content=\"image\/jpeg\" \/>\n<meta name=\"twitter:card\" content=\"summary_large_image\" \/>\n<meta name=\"twitter:image\" content=\"https:\/\/tg4-docs.s3.amazonaws.com\/tg4-redesign-2015\/wp-content\/uploads\/2020\/01\/Creative_Company_2_1920x1080.jpg\" \/>\n<meta name=\"twitter:site\" content=\"@TG4TV\" \/>\n<meta name=\"twitter:label1\" content=\"Est. reading time\" \/>\n\t<meta name=\"twitter:data1\" content=\"4 minutes\" \/>\n<script type=\"application\/ld+json\" class=\"yoast-schema-graph\">{\"@context\":\"https:\/\/schema.org\",\"@graph\":[{\"@type\":\"WebPage\",\"@id\":\"https:\/\/dev.tg4.ie\/en\/information\/press\/press-releases\/2020-2\/new-year-new-season-on-tg4\/\",\"url\":\"https:\/\/dev.tg4.ie\/en\/information\/press\/press-releases\/2020-2\/new-year-new-season-on-tg4\/\",\"name\":\"TG4 | New Year, New Season on TG4 | 2020 | Press Releases | Press | Irish Television Channel, S\u00fail Eile\",\"isPartOf\":{\"@id\":\"https:\/\/dev.tg4.ie\/en\/#website\"},\"primaryImageOfPage\":{\"@id\":\"https:\/\/dev.tg4.ie\/en\/information\/press\/press-releases\/2020-2\/new-year-new-season-on-tg4\/#primaryimage\"},\"image\":{\"@id\":\"https:\/\/dev.tg4.ie\/en\/information\/press\/press-releases\/2020-2\/new-year-new-season-on-tg4\/#primaryimage\"},\"thumbnailUrl\":\"https:\/\/dev.tg4.ie\/wp-content\/uploads\/2020\/01\/Creative_Company_2_1920x1080.jpg\",\"datePublished\":\"2020-01-06T12:09:06+00:00\",\"dateModified\":\"2021-11-04T16:44:38+00:00\",\"description\":\"View the latest series coming to TG4 in 2020\",\"breadcrumb\":{\"@id\":\"https:\/\/dev.tg4.ie\/en\/information\/press\/press-releases\/2020-2\/new-year-new-season-on-tg4\/#breadcrumb\"},\"inLanguage\":\"en-ie\",\"potentialAction\":[{\"@type\":\"ReadAction\",\"target\":[\"https:\/\/dev.tg4.ie\/en\/information\/press\/press-releases\/2020-2\/new-year-new-season-on-tg4\/\"]}]},{\"@type\":\"ImageObject\",\"inLanguage\":\"en-ie\",\"@id\":\"https:\/\/dev.tg4.ie\/en\/information\/press\/press-releases\/2020-2\/new-year-new-season-on-tg4\/#primaryimage\",\"url\":\"https:\/\/dev.tg4.ie\/wp-content\/uploads\/2020\/01\/Creative_Company_2_1920x1080.jpg\",\"contentUrl\":\"https:\/\/dev.tg4.ie\/wp-content\/uploads\/2020\/01\/Creative_Company_2_1920x1080.jpg\"},{\"@type\":\"BreadcrumbList\",\"@id\":\"https:\/\/dev.tg4.ie\/en\/information\/press\/press-releases\/2020-2\/new-year-new-season-on-tg4\/#breadcrumb\",\"itemListElement\":[{\"@type\":\"ListItem\",\"position\":1,\"name\":\"Home\",\"item\":\"https:\/\/dev.tg4.ie\/en\/\"},{\"@type\":\"ListItem\",\"position\":2,\"name\":\"Information\",\"item\":\"https:\/\/dev.tg4.ie\/en\/information\/\"},{\"@type\":\"ListItem\",\"position\":3,\"name\":\"Press\",\"item\":\"https:\/\/dev.tg4.ie\/en\/information\/press\/\"},{\"@type\":\"ListItem\",\"position\":4,\"name\":\"Press Releases\",\"item\":\"https:\/\/dev.tg4.ie\/en\/information\/press\/press-releases\/\"},{\"@type\":\"ListItem\",\"position\":5,\"name\":\"2020\",\"item\":\"https:\/\/dev.tg4.ie\/en\/information\/press\/press-releases\/2020-2\/\"},{\"@type\":\"ListItem\",\"position\":6,\"name\":\"New Year, New Season on TG4\"}]},{\"@type\":\"WebSite\",\"@id\":\"https:\/\/dev.tg4.ie\/en\/#website\",\"url\":\"https:\/\/dev.tg4.ie\/en\/\",\"name\":\"TG4\",\"description\":\"S\u00fail Eile\",\"potentialAction\":[{\"@type\":\"SearchAction\",\"target\":{\"@type\":\"EntryPoint\",\"urlTemplate\":\"https:\/\/dev.tg4.ie\/en\/?s={search_term_string}\"},\"query-input\":\"required name=search_term_string\"}],\"inLanguage\":\"en-ie\"}]}<\/script>\n<!-- \/ Yoast SEO plugin. -->","yoast_head_json":{"title":"TG4 | New Year, New Season on TG4 | 2020 | Press Releases | Press | Irish Television Channel, S\u00fail Eile","description":"View the latest series coming to TG4 in 2020","robots":{"index":"index","follow":"follow","max-snippet":"max-snippet:-1","max-image-preview":"max-image-preview:large","max-video-preview":"max-video-preview:-1"},"og_locale":"en_US","og_type":"article","og_title":"TG4 | New Year, New Season on TG4 | 2020 | Press Releases | Press | Irish Television Channel, S\u00fail Eile","og_description":"View the latest series coming to TG4 in 2020","og_url":"https:\/\/dev.tg4.ie\/en\/information\/press\/press-releases\/2020-2\/new-year-new-season-on-tg4\/","og_site_name":"TG4","article_publisher":"https:\/\/www.facebook.com\/TG4TV","article_modified_time":"2021-11-04T16:44:38+00:00","og_image":[{"width":1920,"height":1080,"url":"https:\/\/tg4-docs.s3.amazonaws.com\/tg4-redesign-2015\/wp-content\/uploads\/2020\/01\/Creative_Company_2_1920x1080.jpg","type":"image\/jpeg"}],"twitter_card":"summary_large_image","twitter_image":"https:\/\/tg4-docs.s3.amazonaws.com\/tg4-redesign-2015\/wp-content\/uploads\/2020\/01\/Creative_Company_2_1920x1080.jpg","twitter_site":"@TG4TV","twitter_misc":{"Est. reading time":"4 minutes"},"schema":{"@context":"https:\/\/schema.org","@graph":[{"@type":"WebPage","@id":"https:\/\/dev.tg4.ie\/en\/information\/press\/press-releases\/2020-2\/new-year-new-season-on-tg4\/","url":"https:\/\/dev.tg4.ie\/en\/information\/press\/press-releases\/2020-2\/new-year-new-season-on-tg4\/","name":"TG4 | New Year, New Season on TG4 | 2020 | Press Releases | Press | Irish Television Channel, S\u00fail Eile","isPartOf":{"@id":"https:\/\/dev.tg4.ie\/en\/#website"},"primaryImageOfPage":{"@id":"https:\/\/dev.tg4.ie\/en\/information\/press\/press-releases\/2020-2\/new-year-new-season-on-tg4\/#primaryimage"},"image":{"@id":"https:\/\/dev.tg4.ie\/en\/information\/press\/press-releases\/2020-2\/new-year-new-season-on-tg4\/#primaryimage"},"thumbnailUrl":"https:\/\/dev.tg4.ie\/wp-content\/uploads\/2020\/01\/Creative_Company_2_1920x1080.jpg","datePublished":"2020-01-06T12:09:06+00:00","dateModified":"2021-11-04T16:44:38+00:00","description":"View the latest series coming to TG4 in 2020","breadcrumb":{"@id":"https:\/\/dev.tg4.ie\/en\/information\/press\/press-releases\/2020-2\/new-year-new-season-on-tg4\/#breadcrumb"},"inLanguage":"en-ie","potentialAction":[{"@type":"ReadAction","target":["https:\/\/dev.tg4.ie\/en\/information\/press\/press-releases\/2020-2\/new-year-new-season-on-tg4\/"]}]},{"@type":"ImageObject","inLanguage":"en-ie","@id":"https:\/\/dev.tg4.ie\/en\/information\/press\/press-releases\/2020-2\/new-year-new-season-on-tg4\/#primaryimage","url":"https:\/\/dev.tg4.ie\/wp-content\/uploads\/2020\/01\/Creative_Company_2_1920x1080.jpg","contentUrl":"https:\/\/dev.tg4.ie\/wp-content\/uploads\/2020\/01\/Creative_Company_2_1920x1080.jpg"},{"@type":"BreadcrumbList","@id":"https:\/\/dev.tg4.ie\/en\/information\/press\/press-releases\/2020-2\/new-year-new-season-on-tg4\/#breadcrumb","itemListElement":[{"@type":"ListItem","position":1,"name":"Home","item":"https:\/\/dev.tg4.ie\/en\/"},{"@type":"ListItem","position":2,"name":"Information","item":"https:\/\/dev.tg4.ie\/en\/information\/"},{"@type":"ListItem","position":3,"name":"Press","item":"https:\/\/dev.tg4.ie\/en\/information\/press\/"},{"@type":"ListItem","position":4,"name":"Press Releases","item":"https:\/\/dev.tg4.ie\/en\/information\/press\/press-releases\/"},{"@type":"ListItem","position":5,"name":"2020","item":"https:\/\/dev.tg4.ie\/en\/information\/press\/press-releases\/2020-2\/"},{"@type":"ListItem","position":6,"name":"New Year, New Season on TG4"}]},{"@type":"WebSite","@id":"https:\/\/dev.tg4.ie\/en\/#website","url":"https:\/\/dev.tg4.ie\/en\/","name":"TG4","description":"S\u00fail Eile","potentialAction":[{"@type":"SearchAction","target":{"@type":"EntryPoint","urlTemplate":"https:\/\/dev.tg4.ie\/en\/?s={search_term_string}"},"query-input":"required name=search_term_string"}],"inLanguage":"en-ie"}]}},"_links":{"self":[{"href":"https:\/\/dev.tg4.ie\/en\/wp-json\/wp\/v2\/pages\/111541"}],"collection":[{"href":"https:\/\/dev.tg4.ie\/en\/wp-json\/wp\/v2\/pages"}],"about":[{"href":"https:\/\/dev.tg4.ie\/en\/wp-json\/wp\/v2\/types\/page"}],"author":[{"embeddable":true,"href":"https:\/\/dev.tg4.ie\/en\/wp-json\/wp\/v2\/users\/876"}],"replies":[{"embeddable":true,"href":"https:\/\/dev.tg4.ie\/en\/wp-json\/wp\/v2\/comments?post=111541"}],"version-history":[{"count":0,"href":"https:\/\/dev.tg4.ie\/en\/wp-json\/wp\/v2\/pages\/111541\/revisions"}],"up":[{"embeddable":true,"href":"https:\/\/dev.tg4.ie\/en\/wp-json\/wp\/v2\/pages\/111527"}],"wp:attachment":[{"href":"https:\/\/dev.tg4.ie\/en\/wp-json\/wp\/v2\/media?parent=111541"}],"curies":[{"name":"wp","href":"https:\/\/api.w.org\/{rel}","templated":true}]}}