{"id":111961,"date":"2020-01-28T19:05:09","date_gmt":"2020-01-28T19:05:09","guid":{"rendered":"https:\/\/dev.tg4.ie\/?page_id=111961"},"modified":"2021-11-04T15:44:32","modified_gmt":"2021-11-04T15:44:32","slug":"vota-2020-galway-west-tg4-ipsos-mrbi-poll","status":"publish","type":"page","link":"https:\/\/dev.tg4.ie\/en\/information\/press\/press-releases\/2020-2\/vota-2020-galway-west-tg4-ipsos-mrbi-poll\/","title":{"rendered":"V\u00f3ta 2020 &#8211; Galway West TG4 \/ Ipsos MRBI Poll"},"content":{"rendered":"<h3>Social Democrats and The Green Party in battle to take seats in 5-seater Galway West Constituency. <\/h3>\n<p>&nbsp;<\/p>\n<p>The results of a TG4\/Ipsos MRBI constituency poll carried out for <em>\u2018V\u00f3ta 2020\u2019<\/em> programme shows a real dog-fight is in prospect in Galway West, with all five sitting TDs and as many as five other candidates all in contention to be elected.\u00a0 The quota in Galway West is 17%, and although no one candidate has enough first preference votes to reach the quota according to the poll, the competition will be fierce for the five seats.<\/p>\n<p>The TG4 Ipsos MRBI Galway West constituency poll was conducted among a sample of 525 adults aged 18 upwards.\u00a0 Interviewing took place on the 24<sup>th<\/sup> and 26<sup>th<\/sup> of January<br \/>\n&nbsp;<br \/>\n&nbsp;<br \/>\n&nbsp;<\/p>\n<p><strong>Galway West Individual Party Support (1st preference)<\/strong><\/p>\n<table width=\"100%\">\n<tbody>\n<tr>\n<td width=\"30%\">&nbsp;<\/td>\n<td width=\"30%\"><strong><em>Party<\/em><\/strong><\/td>\n<td width=\"20%\"><strong><em>Poll &#8217;20<\/em><\/strong><\/td>\n<td width=\"20%\"><strong><em>GE &#8217;16<\/em><\/strong><\/td>\n<\/tr>\n<tr>\n<td width=\"30%\"><strong>Hildegarde NAUGHTON<\/strong><\/td>\n<td width=\"30%\">Fine Gael<\/td>\n<td width=\"20%\"><strong><em>13%<\/em><\/strong><\/td>\n<td width=\"20%\">7%<\/td>\n<\/tr>\n<tr>\n<td width=\"30%\"><strong>\u00c9amon \u00d3 CU\u00cdV<\/strong><\/td>\n<td width=\"30%\">Fianna F\u00e1il<\/td>\n<td width=\"20%\"><strong><em>12%<\/em><\/strong><\/td>\n<td width=\"20%\">15%<\/td>\n<\/tr>\n<tr>\n<td width=\"30%\"><strong>Niall \u00d3 TUATHAIL<\/strong><\/td>\n<td width=\"30%\">Social Democrats<\/td>\n<td width=\"20%\"><strong><em>12%<\/em><\/strong><\/td>\n<td width=\"20%\">5%<\/td>\n<\/tr>\n<tr>\n<td width=\"30%\"><strong>Pauline O&#8217;REILLY<\/strong><\/td>\n<td width=\"30%\">The Green Party<\/td>\n<td width=\"20%\"><strong><em>10%<\/em><\/strong><\/td>\n<td width=\"20%\">&nbsp;<\/td>\n<\/tr>\n<tr>\n<td width=\"30%\"><strong>Se\u00e1n KYNE<\/strong><\/td>\n<td width=\"30%\">Fine Gael<\/td>\n<td width=\"20%\"><strong><em>10%<\/em><\/strong><\/td>\n<td width=\"20%\">10%<\/td>\n<\/tr>\n<tr>\n<td width=\"30%\"><strong>Catherine CONNOLLY<\/strong><\/td>\n<td width=\"30%\">Independent<\/td>\n<td width=\"20%\"><strong><em>9%<\/em><\/strong><\/td>\n<td width=\"20%\">8%<\/td>\n<\/tr>\n<tr>\n<td width=\"30%\"><strong>Ollie CROWE<\/strong><\/td>\n<td width=\"30%\">Fianna F\u00e1il<\/td>\n<td width=\"20%\"><strong><em>8%<\/em><\/strong><\/td>\n<td width=\"20%\">&nbsp;<\/td>\n<\/tr>\n<tr>\n<td width=\"30%\"><strong>Noel GREALISH<\/strong><\/td>\n<td width=\"30%\">Independent<\/td>\n<td width=\"20%\"><strong><em>7%<\/em><\/strong><\/td>\n<td width=\"20%\">11%<\/td>\n<\/tr>\n<tr>\n<td width=\"30%\"><strong>Mair\u00e9ad FARRELL<\/strong><\/td>\n<td width=\"30%\">Sinn F\u00e9in<\/td>\n<td width=\"20%\"><strong><em>7%<\/em><\/strong><\/td>\n<td width=\"20%\">&nbsp;<\/td>\n<\/tr>\n<tr>\n<td width=\"30%\"><strong>N\u00edall McNELIS<\/strong><\/td>\n<td width=\"30%\">Labour<\/td>\n<td width=\"20%\"><strong><em>5%<\/em><\/strong><\/td>\n<td width=\"20%\">&nbsp;<\/td>\n<\/tr>\n<tr>\n<td width=\"30%\"><strong>Mike CUBBARD<\/strong><\/td>\n<td width=\"30%\">Independent<\/td>\n<td width=\"20%\"><strong><em>3%<\/em><\/strong><\/td>\n<td width=\"20%\">3%<\/td>\n<\/tr>\n<tr>\n<td width=\"30%\"><strong>Joe LOUGHNANE<\/strong><\/td>\n<td width=\"30%\">Solidarity People Before Profit<\/td>\n<td width=\"20%\"><strong><em>2%<\/em><\/strong><\/td>\n<td width=\"20%\">&nbsp;<\/td>\n<\/tr>\n<tr>\n<td width=\"30%\"><strong>Cormac \u00d3 CORCOR\u00c1IN<\/strong><\/td>\n<td width=\"30%\">Aont\u00fa<\/td>\n<td width=\"20%\"><strong><em>1%<\/em><\/strong><\/td>\n<td width=\"20%\">&nbsp;<\/td>\n<\/tr>\n<\/tbody>\n<\/table>\n<p>&nbsp;<\/p>\n<p>&nbsp;<br \/>\n&nbsp;<br \/>\n&nbsp;<\/p>\n<p><strong>Galway West Constituency Party Support (1st preference)<\/strong><\/p>\n<table width=\"100%\">\n<tbody>\n<tr>\n<td width=\"34%\">&nbsp;<\/td>\n<td width=\"33%\"><strong><em>Poll &#8217;20<\/em><\/strong><\/td>\n<td width=\"33%\">GE &#8217;16<\/td>\n<\/tr>\n<tr>\n<td width=\"34%\">Fine Gael<\/td>\n<td width=\"33%\"><strong><em>23%<\/em><\/strong><\/td>\n<td width=\"33%\">24%<\/td>\n<\/tr>\n<tr>\n<td width=\"34%\">Fianna F\u00e1il<\/td>\n<td width=\"33%\"><strong><em>20%<\/em><\/strong><\/td>\n<td width=\"33%\">24%<\/td>\n<\/tr>\n<tr>\n<td width=\"34%\">Sinn F\u00e9in<\/td>\n<td width=\"33%\"><strong><em>7%<\/em><\/strong><\/td>\n<td width=\"33%\">9%<\/td>\n<\/tr>\n<tr>\n<td width=\"34%\">Labour<\/td>\n<td width=\"33%\"><strong><em>5%<\/em><\/strong><\/td>\n<td width=\"33%\">5%<\/td>\n<\/tr>\n<tr>\n<td width=\"34%\">Social Democrats<\/td>\n<td width=\"33%\"><strong><em>12%<\/em><\/strong><\/td>\n<td width=\"33%\">5%<\/td>\n<\/tr>\n<tr>\n<td width=\"34%\">Green Party<\/td>\n<td width=\"33%\"><strong><em>10%<\/em><\/strong><\/td>\n<td width=\"33%\">2%<\/td>\n<\/tr>\n<tr>\n<td width=\"34%\">Independent\/Other<\/td>\n<td width=\"33%\"><strong><em>22%<\/em><\/strong><\/td>\n<td width=\"33%\">30%<\/td>\n<\/tr>\n<\/tbody>\n<\/table>\n<p>&nbsp;<br \/>\n&nbsp;<br \/>\nThe Galway West constituency is always hotly contested.\u00a0 It was Count 9 when the first TD was elected in Galway West in 2016, and Count 13 before anyone else was elected.\u00a0 Since 2016, the constituency boundaries have been tweaked once again with some areas transferred to Galway East and some Mayo areas transferred back to Mayo.\u00a0 15 names are on the ballot this time around and the competition for seats will be even more intense.\u00a0 As ever, transfers will be vital.<\/p>\n<p>When we look at party support on a combined candidate basis, both Fine Gael (with 23%) and Fianna F\u00e1il (with 20%) exceed one quota, so it is very likely that each party will win at least one seat. Fianna F\u00e1il and Fine Gael have high profile candidates in Galway West and both are right up there on the evidence of this poll, with \u00c9amon \u00d3 Cu\u00edv (on 12%) and Minister of State Se\u00e1n Kyne (on 10%), slightly down on 2016 but both within the margin of error of 4% on this particular poll.<\/p>\n<p>Emphasising how competitive this election is however is the fact that neither of these two candidates tops this poll.\u00a0 That achievement belongs to Fine Gael\u2019s other sitting TD, Hildegarde Naughton, who at 13% has substantially improved on her general election figure in 2016.<\/p>\n<p>The second Fianna F\u00e1il candidate, Galway City Councillor Ollie Crowe, can also be satisfied with his score of 8% in this poll as he is a new candidate in 2020, and is building on expanding his solid support base in the city to the rest of the constituency.\u00a0 Fianna F\u00e1il and Fine Gael both fall well short of 2 quotas; FG on 23% and FF on 20%, however with both sitting FG TDs have performed well in this poll, both parties will feel they have a good chance of claiming a second seat in Galway West.<\/p>\n<p>Many had tipped either Niall \u00d3 Tuathail from the Social Democrats or Pauline O&#8217;Reilly the Green Party spokesperson for Children and Youth Affairs to poll well this time, so for both of them to be right in the mix (on 12% and 10% respectively) could be seen as a surprise, however both have been very active in building on solid foundations; \u00d3 Tuathail from a good showing in the 2016 general election and O&#8217;Reilly from last year&#8217;s local elections.\u00a0 Both look to have a real chance from the results of this poll, which in particular shows them proving very popular with younger voters.<\/p>\n<p>Both sitting Independent TDs, Noel Grealish and Catherine Connolly have also shown well in this poll, polling well on 7% and 9% respectively.  Both are very experienced election campaigners with strong bases and have traditionally been beneficiaries of transfers.  In many ways the distribution of transfers looks crucial in determining the result of this election.<\/p>\n<p>While Sinn F\u00e9in&#8217;s vote is down on 2016, they have recovered well after a poor local election last year and with a new candidate in Mair\u00e9ad Farrell, they will also take positives that they can build on her poll score of 7% with plenty of time left in the campaign, and the party\u2019s national support seemingly on the rise.<\/p>\n<p>The margin of error of this poll is 4%, the same figure that is between the Top 6 candidates in this Ipsos MRBI poll.\u00a0 Last time as said earlier it was a real dog-fight and this election has the potential to be even more competitive.\u00a0 In fact candidates further down the list, like the tenth place candidate in this poll, Labour Party Councillor Niall McNelis (on 5%) will feel that they can get themselves into the mix for that coveted last seat, in the two weeks left in the campaign from when this poll was taken.<\/p>\n<p>&nbsp;<\/p>\n<p><strong>Notes to Editors:<\/strong><\/p>\n<p>This is the second of TG4 \/ Ipsos MRBI constituency polls as part of TG4\u2019s election 2020 coverage. Next Tuesday (4<sup>th<\/sup> February) \u2018V\u00f3ta 2020\u2019 will report the Ipsos MRBI opinion poll in the Kerry constituency.<br \/>\n&nbsp;<br \/>\n&nbsp;<br \/>\n<em>Methodology: <\/em><\/p>\n<p><em>In all respects, the survey was conducted within the guidelines laid down AIMRO and by ESOMAR.<span>505 interviews were conducted via CATI (Computer Aided Telephone Interviewing). Respondents were selected from a database of both landline and mobile numbers created via Random Digit Dialling. The remaining 20 interviews were conducted face-to-face at two sampling points in the Mayo corner of the Galway West Constituency.<\/span><\/em><em>\u00a0 <span>At analysis stage, the sample was weighted to align the profile of voters in this poll with the profile of Irish voters from the 2016 Irish Times\/Ipsos MRBI General Election Exit Poll. In addition, all respondents were asked how much their vote counts on a scale from 1 to 10 where 1 means it \u201cmakes no difference\u201d and 10 means it \u201cmakes all the difference\u201d. Those answering 1 to this question were treated as non-voters and were excluded from our candidate preference calculation, along with those who don\u2019t know how they will vote or said they will not vote.<\/span><\/em><br \/>\n&nbsp;<\/p>\n","protected":false},"excerpt":{"rendered":"<p>Social Democrats and The Green Party in battle to take seats in 5-seater Galway West Constituency. &nbsp; The results of a TG4\/Ipsos MRBI constituency poll carried out for \u2018V\u00f3ta 2020\u2019 programme shows a real dog-fight is in prospect in Galway West, with all five sitting TDs and as many as five other candidates all in [&hellip;]<\/p>\n","protected":false},"author":876,"featured_media":111713,"parent":111527,"menu_order":7,"comment_status":"closed","ping_status":"closed","template":"page-templates\/template-pr.php","meta":{"_acf_changed":false,"footnotes":""},"acf":[],"yoast_head":"<!-- This site is optimized with the Yoast SEO plugin v22.6 - https:\/\/yoast.com\/wordpress\/plugins\/seo\/ -->\n<title>TG4 | V\u00f3ta 2020 \u2013 Galway West TG4 \/ Ipsos MRBI Poll | 2020 | Press Releases | Press | Irish Television Channel, S\u00fail Eile<\/title>\n<meta name=\"description\" content=\"The latest results from the 2020 Galway West TG4\/Ipsos MRBI constituency poll\" \/>\n<meta name=\"robots\" content=\"index, follow, max-snippet:-1, max-image-preview:large, max-video-preview:-1\" \/>\n<meta property=\"og:locale\" content=\"en_US\" \/>\n<meta property=\"og:type\" content=\"article\" \/>\n<meta property=\"og:title\" content=\"TG4 | V\u00f3ta 2020 \u2013 Galway West TG4 \/ Ipsos MRBI Poll | 2020 | Press Releases | Press | Irish Television Channel, S\u00fail Eile\" \/>\n<meta property=\"og:description\" content=\"The latest results from the 2020 Galway West TG4\/Ipsos MRBI constituency poll\" \/>\n<meta property=\"og:url\" content=\"https:\/\/dev.tg4.ie\/en\/information\/press\/press-releases\/2020-2\/vota-2020-galway-west-tg4-ipsos-mrbi-poll\/\" \/>\n<meta property=\"og:site_name\" content=\"TG4\" \/>\n<meta property=\"article:publisher\" content=\"https:\/\/www.facebook.com\/TG4TV\" \/>\n<meta property=\"article:modified_time\" content=\"2021-11-04T15:44:32+00:00\" \/>\n<meta property=\"og:image\" content=\"https:\/\/tg4-docs.s3.amazonaws.com\/tg4-redesign-2015\/wp-content\/uploads\/2020\/01\/Vota_2020_1_1920x1080.jpeg\" \/>\n\t<meta property=\"og:image:width\" content=\"1920\" \/>\n\t<meta property=\"og:image:height\" content=\"1080\" \/>\n\t<meta property=\"og:image:type\" content=\"image\/jpeg\" \/>\n<meta name=\"twitter:card\" content=\"summary_large_image\" \/>\n<meta name=\"twitter:site\" content=\"@TG4TV\" \/>\n<meta name=\"twitter:label1\" content=\"Est. reading time\" \/>\n\t<meta name=\"twitter:data1\" content=\"5 minutes\" \/>\n<script type=\"application\/ld+json\" class=\"yoast-schema-graph\">{\"@context\":\"https:\/\/schema.org\",\"@graph\":[{\"@type\":\"WebPage\",\"@id\":\"https:\/\/dev.tg4.ie\/en\/information\/press\/press-releases\/2020-2\/vota-2020-galway-west-tg4-ipsos-mrbi-poll\/\",\"url\":\"https:\/\/dev.tg4.ie\/en\/information\/press\/press-releases\/2020-2\/vota-2020-galway-west-tg4-ipsos-mrbi-poll\/\",\"name\":\"TG4 | V\u00f3ta 2020 \u2013 Galway West TG4 \/ Ipsos MRBI Poll | 2020 | Press Releases | Press | Irish Television Channel, S\u00fail Eile\",\"isPartOf\":{\"@id\":\"https:\/\/dev.tg4.ie\/en\/#website\"},\"primaryImageOfPage\":{\"@id\":\"https:\/\/dev.tg4.ie\/en\/information\/press\/press-releases\/2020-2\/vota-2020-galway-west-tg4-ipsos-mrbi-poll\/#primaryimage\"},\"image\":{\"@id\":\"https:\/\/dev.tg4.ie\/en\/information\/press\/press-releases\/2020-2\/vota-2020-galway-west-tg4-ipsos-mrbi-poll\/#primaryimage\"},\"thumbnailUrl\":\"https:\/\/tg4-docs.s3.amazonaws.com\/tg4-redesign-2015\/wp-content\/uploads\/2020\/01\/Vota_2020_1_1920x1080.jpeg\",\"datePublished\":\"2020-01-28T19:05:09+00:00\",\"dateModified\":\"2021-11-04T15:44:32+00:00\",\"description\":\"The latest results from the 2020 Galway West TG4\/Ipsos MRBI constituency poll\",\"breadcrumb\":{\"@id\":\"https:\/\/dev.tg4.ie\/en\/information\/press\/press-releases\/2020-2\/vota-2020-galway-west-tg4-ipsos-mrbi-poll\/#breadcrumb\"},\"inLanguage\":\"en-ie\",\"potentialAction\":[{\"@type\":\"ReadAction\",\"target\":[\"https:\/\/dev.tg4.ie\/en\/information\/press\/press-releases\/2020-2\/vota-2020-galway-west-tg4-ipsos-mrbi-poll\/\"]}]},{\"@type\":\"ImageObject\",\"inLanguage\":\"en-ie\",\"@id\":\"https:\/\/dev.tg4.ie\/en\/information\/press\/press-releases\/2020-2\/vota-2020-galway-west-tg4-ipsos-mrbi-poll\/#primaryimage\",\"url\":\"https:\/\/tg4-docs.s3.amazonaws.com\/tg4-redesign-2015\/wp-content\/uploads\/2020\/01\/Vota_2020_1_1920x1080.jpeg\",\"contentUrl\":\"https:\/\/tg4-docs.s3.amazonaws.com\/tg4-redesign-2015\/wp-content\/uploads\/2020\/01\/Vota_2020_1_1920x1080.jpeg\",\"width\":1920,\"height\":1080},{\"@type\":\"BreadcrumbList\",\"@id\":\"https:\/\/dev.tg4.ie\/en\/information\/press\/press-releases\/2020-2\/vota-2020-galway-west-tg4-ipsos-mrbi-poll\/#breadcrumb\",\"itemListElement\":[{\"@type\":\"ListItem\",\"position\":1,\"name\":\"Home\",\"item\":\"https:\/\/dev.tg4.ie\/en\/\"},{\"@type\":\"ListItem\",\"position\":2,\"name\":\"Information\",\"item\":\"https:\/\/dev.tg4.ie\/en\/information\/\"},{\"@type\":\"ListItem\",\"position\":3,\"name\":\"Press\",\"item\":\"https:\/\/dev.tg4.ie\/en\/information\/press\/\"},{\"@type\":\"ListItem\",\"position\":4,\"name\":\"Press Releases\",\"item\":\"https:\/\/dev.tg4.ie\/en\/information\/press\/press-releases\/\"},{\"@type\":\"ListItem\",\"position\":5,\"name\":\"2020\",\"item\":\"https:\/\/dev.tg4.ie\/en\/information\/press\/press-releases\/2020-2\/\"},{\"@type\":\"ListItem\",\"position\":6,\"name\":\"V\u00f3ta 2020 &#8211; Galway West TG4 \/ Ipsos MRBI Poll\"}]},{\"@type\":\"WebSite\",\"@id\":\"https:\/\/dev.tg4.ie\/en\/#website\",\"url\":\"https:\/\/dev.tg4.ie\/en\/\",\"name\":\"TG4\",\"description\":\"S\u00fail Eile\",\"potentialAction\":[{\"@type\":\"SearchAction\",\"target\":{\"@type\":\"EntryPoint\",\"urlTemplate\":\"https:\/\/dev.tg4.ie\/en\/?s={search_term_string}\"},\"query-input\":\"required name=search_term_string\"}],\"inLanguage\":\"en-ie\"}]}<\/script>\n<!-- \/ Yoast SEO plugin. -->","yoast_head_json":{"title":"TG4 | V\u00f3ta 2020 \u2013 Galway West TG4 \/ Ipsos MRBI Poll | 2020 | Press Releases | Press | Irish Television Channel, S\u00fail Eile","description":"The latest results from the 2020 Galway West TG4\/Ipsos MRBI constituency poll","robots":{"index":"index","follow":"follow","max-snippet":"max-snippet:-1","max-image-preview":"max-image-preview:large","max-video-preview":"max-video-preview:-1"},"og_locale":"en_US","og_type":"article","og_title":"TG4 | V\u00f3ta 2020 \u2013 Galway West TG4 \/ Ipsos MRBI Poll | 2020 | Press Releases | Press | Irish Television Channel, S\u00fail Eile","og_description":"The latest results from the 2020 Galway West TG4\/Ipsos MRBI constituency poll","og_url":"https:\/\/dev.tg4.ie\/en\/information\/press\/press-releases\/2020-2\/vota-2020-galway-west-tg4-ipsos-mrbi-poll\/","og_site_name":"TG4","article_publisher":"https:\/\/www.facebook.com\/TG4TV","article_modified_time":"2021-11-04T15:44:32+00:00","og_image":[{"width":1920,"height":1080,"url":"https:\/\/tg4-docs.s3.amazonaws.com\/tg4-redesign-2015\/wp-content\/uploads\/2020\/01\/Vota_2020_1_1920x1080.jpeg","type":"image\/jpeg"}],"twitter_card":"summary_large_image","twitter_site":"@TG4TV","twitter_misc":{"Est. reading time":"5 minutes"},"schema":{"@context":"https:\/\/schema.org","@graph":[{"@type":"WebPage","@id":"https:\/\/dev.tg4.ie\/en\/information\/press\/press-releases\/2020-2\/vota-2020-galway-west-tg4-ipsos-mrbi-poll\/","url":"https:\/\/dev.tg4.ie\/en\/information\/press\/press-releases\/2020-2\/vota-2020-galway-west-tg4-ipsos-mrbi-poll\/","name":"TG4 | V\u00f3ta 2020 \u2013 Galway West TG4 \/ Ipsos MRBI Poll | 2020 | Press Releases | Press | Irish Television Channel, S\u00fail Eile","isPartOf":{"@id":"https:\/\/dev.tg4.ie\/en\/#website"},"primaryImageOfPage":{"@id":"https:\/\/dev.tg4.ie\/en\/information\/press\/press-releases\/2020-2\/vota-2020-galway-west-tg4-ipsos-mrbi-poll\/#primaryimage"},"image":{"@id":"https:\/\/dev.tg4.ie\/en\/information\/press\/press-releases\/2020-2\/vota-2020-galway-west-tg4-ipsos-mrbi-poll\/#primaryimage"},"thumbnailUrl":"https:\/\/tg4-docs.s3.amazonaws.com\/tg4-redesign-2015\/wp-content\/uploads\/2020\/01\/Vota_2020_1_1920x1080.jpeg","datePublished":"2020-01-28T19:05:09+00:00","dateModified":"2021-11-04T15:44:32+00:00","description":"The latest results from the 2020 Galway West TG4\/Ipsos MRBI constituency poll","breadcrumb":{"@id":"https:\/\/dev.tg4.ie\/en\/information\/press\/press-releases\/2020-2\/vota-2020-galway-west-tg4-ipsos-mrbi-poll\/#breadcrumb"},"inLanguage":"en-ie","potentialAction":[{"@type":"ReadAction","target":["https:\/\/dev.tg4.ie\/en\/information\/press\/press-releases\/2020-2\/vota-2020-galway-west-tg4-ipsos-mrbi-poll\/"]}]},{"@type":"ImageObject","inLanguage":"en-ie","@id":"https:\/\/dev.tg4.ie\/en\/information\/press\/press-releases\/2020-2\/vota-2020-galway-west-tg4-ipsos-mrbi-poll\/#primaryimage","url":"https:\/\/tg4-docs.s3.amazonaws.com\/tg4-redesign-2015\/wp-content\/uploads\/2020\/01\/Vota_2020_1_1920x1080.jpeg","contentUrl":"https:\/\/tg4-docs.s3.amazonaws.com\/tg4-redesign-2015\/wp-content\/uploads\/2020\/01\/Vota_2020_1_1920x1080.jpeg","width":1920,"height":1080},{"@type":"BreadcrumbList","@id":"https:\/\/dev.tg4.ie\/en\/information\/press\/press-releases\/2020-2\/vota-2020-galway-west-tg4-ipsos-mrbi-poll\/#breadcrumb","itemListElement":[{"@type":"ListItem","position":1,"name":"Home","item":"https:\/\/dev.tg4.ie\/en\/"},{"@type":"ListItem","position":2,"name":"Information","item":"https:\/\/dev.tg4.ie\/en\/information\/"},{"@type":"ListItem","position":3,"name":"Press","item":"https:\/\/dev.tg4.ie\/en\/information\/press\/"},{"@type":"ListItem","position":4,"name":"Press Releases","item":"https:\/\/dev.tg4.ie\/en\/information\/press\/press-releases\/"},{"@type":"ListItem","position":5,"name":"2020","item":"https:\/\/dev.tg4.ie\/en\/information\/press\/press-releases\/2020-2\/"},{"@type":"ListItem","position":6,"name":"V\u00f3ta 2020 &#8211; Galway West TG4 \/ Ipsos MRBI Poll"}]},{"@type":"WebSite","@id":"https:\/\/dev.tg4.ie\/en\/#website","url":"https:\/\/dev.tg4.ie\/en\/","name":"TG4","description":"S\u00fail Eile","potentialAction":[{"@type":"SearchAction","target":{"@type":"EntryPoint","urlTemplate":"https:\/\/dev.tg4.ie\/en\/?s={search_term_string}"},"query-input":"required name=search_term_string"}],"inLanguage":"en-ie"}]}},"_links":{"self":[{"href":"https:\/\/dev.tg4.ie\/en\/wp-json\/wp\/v2\/pages\/111961"}],"collection":[{"href":"https:\/\/dev.tg4.ie\/en\/wp-json\/wp\/v2\/pages"}],"about":[{"href":"https:\/\/dev.tg4.ie\/en\/wp-json\/wp\/v2\/types\/page"}],"author":[{"embeddable":true,"href":"https:\/\/dev.tg4.ie\/en\/wp-json\/wp\/v2\/users\/876"}],"replies":[{"embeddable":true,"href":"https:\/\/dev.tg4.ie\/en\/wp-json\/wp\/v2\/comments?post=111961"}],"version-history":[{"count":0,"href":"https:\/\/dev.tg4.ie\/en\/wp-json\/wp\/v2\/pages\/111961\/revisions"}],"up":[{"embeddable":true,"href":"https:\/\/dev.tg4.ie\/en\/wp-json\/wp\/v2\/pages\/111527"}],"wp:featuredmedia":[{"embeddable":true,"href":"https:\/\/dev.tg4.ie\/en\/wp-json\/wp\/v2\/media\/111713"}],"wp:attachment":[{"href":"https:\/\/dev.tg4.ie\/en\/wp-json\/wp\/v2\/media?parent=111961"}],"curies":[{"name":"wp","href":"https:\/\/api.w.org\/{rel}","templated":true}]}}