{"id":112272,"date":"2020-02-21T12:53:50","date_gmt":"2020-02-21T12:53:50","guid":{"rendered":"https:\/\/dev.tg4.ie\/information\/press\/press-releases\/2020-2\/gradam-ceoil-tg4-le-craoladh-beo-ar-bbc-alba-de-domhnaigh\/"},"modified":"2021-11-04T16:47:22","modified_gmt":"2021-11-04T16:47:22","slug":"irish-traditional-music-awards-to-broadcast-live-on-tg4-and-on-bbc-alba-this-sunday","status":"publish","type":"page","link":"https:\/\/dev.tg4.ie\/en\/information\/press\/press-releases\/2020-2\/irish-traditional-music-awards-to-broadcast-live-on-tg4-and-on-bbc-alba-this-sunday\/","title":{"rendered":"Irish Traditional Music Awards to broadcast live on TG4 and on BBC ALBA this Sunday"},"content":{"rendered":"<p>TG4 is pleased to collaborate with BBC ALBA, to bring the annual awards ceremony and showcase of Traditional Irish Music, \u00a0<strong><span>GRADAM CEOIL TG4,<\/span><\/strong><span>\u00a0<\/span>\u00a0live to homes across Scotland and the UK for the first time.\u00a0 TG4\u2019s Gradam Ceoil will be televised Live on both on<span>\u00a0<\/span><strong><span>TG4<\/span><\/strong><span>\u00a0<\/span>and<span>\u00a0<\/span><strong><span>BBC ALBA<\/span><\/strong>\u00a0 at\u00a0<strong><span>9:30pm<\/span><\/strong><span>\u00a0<\/span>on Sunday evening<span>\u00a023<sup>rd<\/sup>\u00a0February<\/span>, from Belfast Waterfront Hall and will also be available as catch up on the BBC iPlayer <a href=\"https:\/\/www.bbc.co.uk\/programmes\/m000ft8x\" target=\"_blank\" rel=\"noopener noreferrer\" data-auth=\"NotApplicable\">https:\/\/www.bbc.co.uk\/programmes\/m000ft8x<\/a> and worldwide on the TG4 player <strong><a href=\"https:\/\/dev.tg4.ie\/en\/player\/categories\/irish-music-series\/?series=Gradam%20Ceoil%20TG4%202020&#038;genre=Ceol\" rel=\"noopener noreferrer\" target=\"_blank\">www.TG4.ie<\/a><\/strong><br \/>\n&nbsp;<br \/>\n<strong><span>TG4 Director General,\u00a0Alan Esslemont<\/span><\/strong>, welcomed this collaboration between TG4 and BBC ALBA.\u00a0<em><span>\u2018As Ireland\u2019s Irish language Public service broadcaster TG4 \u00a0aims to extend the reach of TG4\u2019s Irish language and cultural content to audiences worldwide.\u00a0 Our collaboration with BBC ALBA this year is an opportunity for Scottish and UK audiences to celebrate the best of traditional Irish music Live on the night&#8217;.<\/span><\/em><br \/>\n&nbsp;<br \/>\n<strong>BBC ALBA Channel Editor Margaret Cameron<\/strong> said<span>\u00a0<\/span><strong><span>\u201c<\/span><\/strong><em><span>BBC ALBA and TG4 have enjoyed a valued partnership on co-productions over the years but our first joint broadcast of a LIVE music event.\u00a0And we look forward to bringing an lively night of traditional Irish music to audiences throughout the UK<\/span><\/em>.\u201d<br \/>\n&nbsp;<br \/>\nTG4, the Irish language television channel is an independent statutory entity. The channel has been on-air since late 1996.\u00a0TG4 is a free-to-air channel, with a strong viewer base throughout the island of Ireland. It is currently the 6th most watched channel in Ireland, ahead of BBC 2 and Channel 4.\u00a0 BBC ALBA, the Scottish Gaelic channel in the UK, is a partnership channel between MG ALBA and the BBC and has been operating since 2008.<br \/>\n&nbsp;<br \/>\nWomen lead the way in this year&#8217;s accolades, with &#8216;Musician of the Year&#8217;, &#8216;Young Musician of the Year&#8217; and &#8216;Composer of the Year&#8217; all set to be awarded to highly talented female musicians.\u00a0Harper Laoise Kelly from Westport, Co. Mayo is this year\u2019s TG4&#8217;s<span>\u00a0<\/span><strong><span>&#8216;Musician of the Year&#8217;<\/span><\/strong><span>\u00a0<\/span>and is one of the youngest recipients of the main award to date. Fiddle and Cello player, Sharon Howley, from Kilfenora, Co. Clare has been selected as the 2019<strong><span>\u00a0Young Musician of the Year,\u00a0<\/span><\/strong>having been immersed in traditional music from a young age with a rich musical lineage.<br \/>\n&nbsp;<br \/>\nLillis \u00d3 Laoire, two-time winner of the premier sean-n\u00f3s singing competition Corn U\u00ed Riada in 1991 and again in 1994 is to be awarded the title of<span>\u00a0<\/span><strong><span>Singer of the Year.<\/span><\/strong>\u00a0 \u00a0The other award recipients are<span>\u00a0<\/span><strong><span>Lifetime Achievement Award<\/span><\/strong><span>\u00a0<\/span>to S\u00e9amus Connolly,<span>\u00a0<\/span><a href=\"https:\/\/youtu.be\/UO5V-ysRbek\" target=\"_blank\" rel=\"noopener noreferrer\" data-auth=\"NotApplicable\">https:\/\/youtu.be\/UO5V-ysRbek<\/a>.<br \/>\n<strong><span>Outstanding Contribution Award<\/span><\/strong><span>\u00a0<\/span>to Tipperary&#8217;s Ned Kelly and<span>\u00a0<\/span><strong><span>Composer of the Year<\/span><\/strong><span>\u00a0<\/span>to London born Josephine Marsh.<br \/>\n&nbsp;<br \/>\nGradam Ceoil\u00a0is the premier annual traditional music awards scheme, with this year\u2019s event set to be televised live on TG4 from Belfast\u00a0on\u00a0Sunday\u00a023rd\u00a0February thanks to support from Northern Ireland Screen\u2019s Irish Language Broadcast Fund.\u00a0Some of Ireland\u2019s most notable stars from across music, film, sport and civic society will assemble in Belfast this weekend for the 2020 Gradam Ceoil music awards, taking place at the Waterfront Hall on Sunday 23<sup>rd<\/sup><span>\u00a0<\/span>February.\u00a0The internationally acclaimed traditional Irish music award ceremony will welcome an array of prestigious guests including Line of Duty\u2019s Adrian Dunbar, GAA Presidential Candidate Jarlath Burns and Minister for Communities Deirdre Hargey.<br \/>\n&nbsp;<br \/>\nTrad sensation<span>\u00a0<\/span><strong><span>Beoga<\/span><\/strong>, who collaborated with Ed Sheeran for his 2017 chart topping hit \u2018Galway Girl\u2019 will also take to the stage alongside the 2020 award recipients for what is set to be the biggest Gradam Ceoil to date. Beoga talked about their upcoming performance and return to Belfast:\u00a0<br \/>\n<em><span>\u201cWe are delighted to be involved in the 23<sup>rd\u00a0<\/sup>annual Gradam Ceoil TG4 traditional music awards celebration. We are proud to be associated with such a prestigious event that celebrates highly-talented Irish and international musicians and we can\u2019t wait to take to the wonderful Waterfront Hall stage on 23<sup>rd<\/sup>\u00a0February.\u00a0It is shaping up to be an incredible showing of the best in Irish traditional music, and we look forward to playing in Belfast on the night.\u201d<\/span><\/em><br \/>\n&nbsp;<br \/>\nThe showcase kicks off with a multitude of FREE fringe events throughout Belfast City from Thursday 20th \u2013 Sunday 23rd February:<span>\u00a0<\/span><a href=\"https:\/\/youtu.be\/jv4FpUU8QuI\" target=\"_blank\" rel=\"noopener noreferrer\" data-auth=\"NotApplicable\">https:\/\/youtu.be\/jv4FpUU8QuI<\/a><\/p>\n<p>Included in the programme of events is an exploration of contemporary Irish harp accompaniments to Gaelic bardic poetry with Lauren O\u2019Neill at the famous Sunflower Public House. Attendees can also take a musical journey through outer space where children will learn new songs and dances at Cult\u00farlann and avail of the opportunity to soak in the sounds of amazing young traditional Irish musicians at St George\u2019s Market. From tours, trad trails, sessions, recitals, exhibitions and much more, there is truly something for everyone in this year\u2019s fringe event.<br \/>\n&nbsp;<br \/>\nFor more information see<span>\u00a0<\/span><a href=\"https:\/\/dev.tg4.ie\/en\/other-brands\/gradam-ceoil\/current-awards\/\" target=\"_blank\" rel=\"noopener noreferrer\" data-auth=\"NotApplicable\">www.gradam.ie<\/a><span>\u00a0<\/span>or Facebook and Twitter <a href=\"https:\/\/twitter.com\/GradamCeoil\" target=\"_blank\" rel=\"noopener noreferrer\">@GradamCeoil<\/a> <a href=\"https:\/\/twitter.com\/search?q=%23Gradam&amp;src=typeahead_click\" target=\"_blank\" rel=\"noopener noreferrer\">#Gradam<\/a><br \/>\n&nbsp;<\/p>\n","protected":false},"excerpt":{"rendered":"<p>TG4 is pleased to collaborate with BBC ALBA, to bring the annual awards ceremony and showcase of Traditional Irish Music, \u00a0GRADAM CEOIL TG4,\u00a0\u00a0live to homes across Scotland and the UK for the first time.\u00a0 TG4\u2019s Gradam Ceoil will be televised Live on both on\u00a0TG4\u00a0and\u00a0BBC ALBA\u00a0 at\u00a09:30pm\u00a0on Sunday evening\u00a023rd\u00a0February, from Belfast Waterfront Hall and will also [&hellip;]<\/p>\n","protected":false},"author":876,"featured_media":112265,"parent":111527,"menu_order":9,"comment_status":"closed","ping_status":"closed","template":"page-templates\/template-pr.php","meta":{"_acf_changed":false,"footnotes":""},"acf":[],"yoast_head":"<!-- This site is optimized with the Yoast SEO plugin v22.6 - https:\/\/yoast.com\/wordpress\/plugins\/seo\/ -->\n<title>TG4 | Irish Traditional Music Awards to broadcast live on TG4 and on BBC ALBA this Sunday | 2020 | Press Releases | Press | Irish Television Channel, S\u00fail Eile<\/title>\n<meta name=\"description\" content=\"Gradam Ceoil TG4 will be broadcasted across homes within the UK, thanks to a collaboration with BBC ALBA\" \/>\n<meta name=\"robots\" content=\"index, follow, max-snippet:-1, max-image-preview:large, max-video-preview:-1\" \/>\n<meta property=\"og:locale\" content=\"en_US\" \/>\n<meta property=\"og:type\" content=\"article\" \/>\n<meta property=\"og:title\" content=\"TG4 | Irish Traditional Music Awards to broadcast live on TG4 and on BBC ALBA this Sunday | 2020 | Press Releases | Press | Irish Television Channel, S\u00fail Eile\" \/>\n<meta property=\"og:description\" content=\"Gradam Ceoil TG4 will be broadcasted across homes within the UK, thanks to a collaboration with BBC ALBA\" \/>\n<meta property=\"og:url\" content=\"https:\/\/dev.tg4.ie\/en\/information\/press\/press-releases\/2020-2\/irish-traditional-music-awards-to-broadcast-live-on-tg4-and-on-bbc-alba-this-sunday\/\" \/>\n<meta property=\"og:site_name\" content=\"TG4\" \/>\n<meta property=\"article:publisher\" content=\"https:\/\/www.facebook.com\/TG4TV\" \/>\n<meta property=\"article:modified_time\" content=\"2021-11-04T16:47:22+00:00\" \/>\n<meta property=\"og:image\" content=\"https:\/\/tg4-docs.s3.amazonaws.com\/tg4-redesign-2015\/wp-content\/uploads\/2020\/02\/Gradam-Ceoil-TG4_2020-1920x1080-1.jpg\" \/>\n\t<meta property=\"og:image:width\" content=\"1920\" \/>\n\t<meta property=\"og:image:height\" content=\"1080\" \/>\n\t<meta property=\"og:image:type\" content=\"image\/jpeg\" \/>\n<meta name=\"twitter:card\" content=\"summary_large_image\" \/>\n<meta name=\"twitter:site\" content=\"@TG4TV\" \/>\n<meta name=\"twitter:label1\" content=\"Est. reading time\" \/>\n\t<meta name=\"twitter:data1\" content=\"4 minutes\" \/>\n<script type=\"application\/ld+json\" class=\"yoast-schema-graph\">{\"@context\":\"https:\/\/schema.org\",\"@graph\":[{\"@type\":\"WebPage\",\"@id\":\"https:\/\/dev.tg4.ie\/en\/information\/press\/press-releases\/2020-2\/irish-traditional-music-awards-to-broadcast-live-on-tg4-and-on-bbc-alba-this-sunday\/\",\"url\":\"https:\/\/dev.tg4.ie\/en\/information\/press\/press-releases\/2020-2\/irish-traditional-music-awards-to-broadcast-live-on-tg4-and-on-bbc-alba-this-sunday\/\",\"name\":\"TG4 | Irish Traditional Music Awards to broadcast live on TG4 and on BBC ALBA this Sunday | 2020 | Press Releases | Press | Irish Television Channel, S\u00fail Eile\",\"isPartOf\":{\"@id\":\"https:\/\/dev.tg4.ie\/en\/#website\"},\"primaryImageOfPage\":{\"@id\":\"https:\/\/dev.tg4.ie\/en\/information\/press\/press-releases\/2020-2\/irish-traditional-music-awards-to-broadcast-live-on-tg4-and-on-bbc-alba-this-sunday\/#primaryimage\"},\"image\":{\"@id\":\"https:\/\/dev.tg4.ie\/en\/information\/press\/press-releases\/2020-2\/irish-traditional-music-awards-to-broadcast-live-on-tg4-and-on-bbc-alba-this-sunday\/#primaryimage\"},\"thumbnailUrl\":\"https:\/\/tg4-docs.s3.amazonaws.com\/tg4-redesign-2015\/wp-content\/uploads\/2020\/02\/Gradam-Ceoil-TG4_2020-1920x1080-1.jpg\",\"datePublished\":\"2020-02-21T12:53:50+00:00\",\"dateModified\":\"2021-11-04T16:47:22+00:00\",\"description\":\"Gradam Ceoil TG4 will be broadcasted across homes within the UK, thanks to a collaboration with BBC ALBA\",\"breadcrumb\":{\"@id\":\"https:\/\/dev.tg4.ie\/en\/information\/press\/press-releases\/2020-2\/irish-traditional-music-awards-to-broadcast-live-on-tg4-and-on-bbc-alba-this-sunday\/#breadcrumb\"},\"inLanguage\":\"en-ie\",\"potentialAction\":[{\"@type\":\"ReadAction\",\"target\":[\"https:\/\/dev.tg4.ie\/en\/information\/press\/press-releases\/2020-2\/irish-traditional-music-awards-to-broadcast-live-on-tg4-and-on-bbc-alba-this-sunday\/\"]}]},{\"@type\":\"ImageObject\",\"inLanguage\":\"en-ie\",\"@id\":\"https:\/\/dev.tg4.ie\/en\/information\/press\/press-releases\/2020-2\/irish-traditional-music-awards-to-broadcast-live-on-tg4-and-on-bbc-alba-this-sunday\/#primaryimage\",\"url\":\"https:\/\/tg4-docs.s3.amazonaws.com\/tg4-redesign-2015\/wp-content\/uploads\/2020\/02\/Gradam-Ceoil-TG4_2020-1920x1080-1.jpg\",\"contentUrl\":\"https:\/\/tg4-docs.s3.amazonaws.com\/tg4-redesign-2015\/wp-content\/uploads\/2020\/02\/Gradam-Ceoil-TG4_2020-1920x1080-1.jpg\",\"width\":1920,\"height\":1080},{\"@type\":\"BreadcrumbList\",\"@id\":\"https:\/\/dev.tg4.ie\/en\/information\/press\/press-releases\/2020-2\/irish-traditional-music-awards-to-broadcast-live-on-tg4-and-on-bbc-alba-this-sunday\/#breadcrumb\",\"itemListElement\":[{\"@type\":\"ListItem\",\"position\":1,\"name\":\"Home\",\"item\":\"https:\/\/dev.tg4.ie\/en\/\"},{\"@type\":\"ListItem\",\"position\":2,\"name\":\"Information\",\"item\":\"https:\/\/dev.tg4.ie\/en\/information\/\"},{\"@type\":\"ListItem\",\"position\":3,\"name\":\"Press\",\"item\":\"https:\/\/dev.tg4.ie\/en\/information\/press\/\"},{\"@type\":\"ListItem\",\"position\":4,\"name\":\"Press Releases\",\"item\":\"https:\/\/dev.tg4.ie\/en\/information\/press\/press-releases\/\"},{\"@type\":\"ListItem\",\"position\":5,\"name\":\"2020\",\"item\":\"https:\/\/dev.tg4.ie\/en\/information\/press\/press-releases\/2020-2\/\"},{\"@type\":\"ListItem\",\"position\":6,\"name\":\"Irish Traditional Music Awards to broadcast live on TG4 and on BBC ALBA this Sunday\"}]},{\"@type\":\"WebSite\",\"@id\":\"https:\/\/dev.tg4.ie\/en\/#website\",\"url\":\"https:\/\/dev.tg4.ie\/en\/\",\"name\":\"TG4\",\"description\":\"S\u00fail Eile\",\"potentialAction\":[{\"@type\":\"SearchAction\",\"target\":{\"@type\":\"EntryPoint\",\"urlTemplate\":\"https:\/\/dev.tg4.ie\/en\/?s={search_term_string}\"},\"query-input\":\"required name=search_term_string\"}],\"inLanguage\":\"en-ie\"}]}<\/script>\n<!-- \/ Yoast SEO plugin. -->","yoast_head_json":{"title":"TG4 | Irish Traditional Music Awards to broadcast live on TG4 and on BBC ALBA this Sunday | 2020 | Press Releases | Press | Irish Television Channel, S\u00fail Eile","description":"Gradam Ceoil TG4 will be broadcasted across homes within the UK, thanks to a collaboration with BBC ALBA","robots":{"index":"index","follow":"follow","max-snippet":"max-snippet:-1","max-image-preview":"max-image-preview:large","max-video-preview":"max-video-preview:-1"},"og_locale":"en_US","og_type":"article","og_title":"TG4 | Irish Traditional Music Awards to broadcast live on TG4 and on BBC ALBA this Sunday | 2020 | Press Releases | Press | Irish Television Channel, S\u00fail Eile","og_description":"Gradam Ceoil TG4 will be broadcasted across homes within the UK, thanks to a collaboration with BBC ALBA","og_url":"https:\/\/dev.tg4.ie\/en\/information\/press\/press-releases\/2020-2\/irish-traditional-music-awards-to-broadcast-live-on-tg4-and-on-bbc-alba-this-sunday\/","og_site_name":"TG4","article_publisher":"https:\/\/www.facebook.com\/TG4TV","article_modified_time":"2021-11-04T16:47:22+00:00","og_image":[{"width":1920,"height":1080,"url":"https:\/\/tg4-docs.s3.amazonaws.com\/tg4-redesign-2015\/wp-content\/uploads\/2020\/02\/Gradam-Ceoil-TG4_2020-1920x1080-1.jpg","type":"image\/jpeg"}],"twitter_card":"summary_large_image","twitter_site":"@TG4TV","twitter_misc":{"Est. reading time":"4 minutes"},"schema":{"@context":"https:\/\/schema.org","@graph":[{"@type":"WebPage","@id":"https:\/\/dev.tg4.ie\/en\/information\/press\/press-releases\/2020-2\/irish-traditional-music-awards-to-broadcast-live-on-tg4-and-on-bbc-alba-this-sunday\/","url":"https:\/\/dev.tg4.ie\/en\/information\/press\/press-releases\/2020-2\/irish-traditional-music-awards-to-broadcast-live-on-tg4-and-on-bbc-alba-this-sunday\/","name":"TG4 | Irish Traditional Music Awards to broadcast live on TG4 and on BBC ALBA this Sunday | 2020 | Press Releases | Press | Irish Television Channel, S\u00fail Eile","isPartOf":{"@id":"https:\/\/dev.tg4.ie\/en\/#website"},"primaryImageOfPage":{"@id":"https:\/\/dev.tg4.ie\/en\/information\/press\/press-releases\/2020-2\/irish-traditional-music-awards-to-broadcast-live-on-tg4-and-on-bbc-alba-this-sunday\/#primaryimage"},"image":{"@id":"https:\/\/dev.tg4.ie\/en\/information\/press\/press-releases\/2020-2\/irish-traditional-music-awards-to-broadcast-live-on-tg4-and-on-bbc-alba-this-sunday\/#primaryimage"},"thumbnailUrl":"https:\/\/tg4-docs.s3.amazonaws.com\/tg4-redesign-2015\/wp-content\/uploads\/2020\/02\/Gradam-Ceoil-TG4_2020-1920x1080-1.jpg","datePublished":"2020-02-21T12:53:50+00:00","dateModified":"2021-11-04T16:47:22+00:00","description":"Gradam Ceoil TG4 will be broadcasted across homes within the UK, thanks to a collaboration with BBC ALBA","breadcrumb":{"@id":"https:\/\/dev.tg4.ie\/en\/information\/press\/press-releases\/2020-2\/irish-traditional-music-awards-to-broadcast-live-on-tg4-and-on-bbc-alba-this-sunday\/#breadcrumb"},"inLanguage":"en-ie","potentialAction":[{"@type":"ReadAction","target":["https:\/\/dev.tg4.ie\/en\/information\/press\/press-releases\/2020-2\/irish-traditional-music-awards-to-broadcast-live-on-tg4-and-on-bbc-alba-this-sunday\/"]}]},{"@type":"ImageObject","inLanguage":"en-ie","@id":"https:\/\/dev.tg4.ie\/en\/information\/press\/press-releases\/2020-2\/irish-traditional-music-awards-to-broadcast-live-on-tg4-and-on-bbc-alba-this-sunday\/#primaryimage","url":"https:\/\/tg4-docs.s3.amazonaws.com\/tg4-redesign-2015\/wp-content\/uploads\/2020\/02\/Gradam-Ceoil-TG4_2020-1920x1080-1.jpg","contentUrl":"https:\/\/tg4-docs.s3.amazonaws.com\/tg4-redesign-2015\/wp-content\/uploads\/2020\/02\/Gradam-Ceoil-TG4_2020-1920x1080-1.jpg","width":1920,"height":1080},{"@type":"BreadcrumbList","@id":"https:\/\/dev.tg4.ie\/en\/information\/press\/press-releases\/2020-2\/irish-traditional-music-awards-to-broadcast-live-on-tg4-and-on-bbc-alba-this-sunday\/#breadcrumb","itemListElement":[{"@type":"ListItem","position":1,"name":"Home","item":"https:\/\/dev.tg4.ie\/en\/"},{"@type":"ListItem","position":2,"name":"Information","item":"https:\/\/dev.tg4.ie\/en\/information\/"},{"@type":"ListItem","position":3,"name":"Press","item":"https:\/\/dev.tg4.ie\/en\/information\/press\/"},{"@type":"ListItem","position":4,"name":"Press Releases","item":"https:\/\/dev.tg4.ie\/en\/information\/press\/press-releases\/"},{"@type":"ListItem","position":5,"name":"2020","item":"https:\/\/dev.tg4.ie\/en\/information\/press\/press-releases\/2020-2\/"},{"@type":"ListItem","position":6,"name":"Irish Traditional Music Awards to broadcast live on TG4 and on BBC ALBA this Sunday"}]},{"@type":"WebSite","@id":"https:\/\/dev.tg4.ie\/en\/#website","url":"https:\/\/dev.tg4.ie\/en\/","name":"TG4","description":"S\u00fail Eile","potentialAction":[{"@type":"SearchAction","target":{"@type":"EntryPoint","urlTemplate":"https:\/\/dev.tg4.ie\/en\/?s={search_term_string}"},"query-input":"required name=search_term_string"}],"inLanguage":"en-ie"}]}},"_links":{"self":[{"href":"https:\/\/dev.tg4.ie\/en\/wp-json\/wp\/v2\/pages\/112272"}],"collection":[{"href":"https:\/\/dev.tg4.ie\/en\/wp-json\/wp\/v2\/pages"}],"about":[{"href":"https:\/\/dev.tg4.ie\/en\/wp-json\/wp\/v2\/types\/page"}],"author":[{"embeddable":true,"href":"https:\/\/dev.tg4.ie\/en\/wp-json\/wp\/v2\/users\/876"}],"replies":[{"embeddable":true,"href":"https:\/\/dev.tg4.ie\/en\/wp-json\/wp\/v2\/comments?post=112272"}],"version-history":[{"count":0,"href":"https:\/\/dev.tg4.ie\/en\/wp-json\/wp\/v2\/pages\/112272\/revisions"}],"up":[{"embeddable":true,"href":"https:\/\/dev.tg4.ie\/en\/wp-json\/wp\/v2\/pages\/111527"}],"wp:featuredmedia":[{"embeddable":true,"href":"https:\/\/dev.tg4.ie\/en\/wp-json\/wp\/v2\/media\/112265"}],"wp:attachment":[{"href":"https:\/\/dev.tg4.ie\/en\/wp-json\/wp\/v2\/media?parent=112272"}],"curies":[{"name":"wp","href":"https:\/\/api.w.org\/{rel}","templated":true}]}}