{"id":112735,"date":"2020-04-09T17:03:16","date_gmt":"2020-04-09T16:03:16","guid":{"rendered":"https:\/\/dev.tg4.ie\/?page_id=112735"},"modified":"2021-11-04T16:30:13","modified_gmt":"2021-11-04T16:30:13","slug":"cula4-ar-scoil-starts-soon-on-tg4","status":"publish","type":"page","link":"https:\/\/dev.tg4.ie\/en\/information\/press\/press-releases\/2020-2\/cula4-ar-scoil-starts-soon-on-tg4\/","title":{"rendered":"C\u00fala4 ar Scoil &#8211; a new programme to cater for primary school children who attend Gaelscoileanna and Gaeltacht schools starts soon on TG4"},"content":{"rendered":"<p><img loading=\"lazy\" decoding=\"async\" width=\"1920\" height=\"1080\" class=\"aligncenter size-full wp-image-112723\" src=\"https:\/\/tg4-docs.s3.amazonaws.com\/tg4-redesign-2015\/wp-content\/uploads\/2020\/04\/cula4_ar_scoil_1920x1080.jpg\" alt=\"\" srcset=\"https:\/\/tg4-docs.s3.amazonaws.com\/tg4-redesign-2015\/wp-content\/uploads\/2020\/04\/cula4_ar_scoil_1920x1080.jpg 1920w, https:\/\/tg4-docs.s3.amazonaws.com\/tg4-redesign-2015\/wp-content\/uploads\/2020\/04\/cula4_ar_scoil_1920x1080-250x141.jpg 250w, https:\/\/tg4-docs.s3.amazonaws.com\/tg4-redesign-2015\/wp-content\/uploads\/2020\/04\/cula4_ar_scoil_1920x1080-700x394.jpg 700w, https:\/\/tg4-docs.s3.amazonaws.com\/tg4-redesign-2015\/wp-content\/uploads\/2020\/04\/cula4_ar_scoil_1920x1080-252x141.jpg 252w, https:\/\/tg4-docs.s3.amazonaws.com\/tg4-redesign-2015\/wp-content\/uploads\/2020\/04\/cula4_ar_scoil_1920x1080-1536x864.jpg 1536w, https:\/\/tg4-docs.s3.amazonaws.com\/tg4-redesign-2015\/wp-content\/uploads\/2020\/04\/cula4_ar_scoil_1920x1080-120x68.jpg 120w\" sizes=\"(max-width: 1920px) 100vw, 1920px\" \/><br \/>\n&nbsp;<\/p>\n<h2>C\u00fala4 ar Scoil<br \/>\nStarts Monday 20 April at 10:00 a.m. on TG4<\/h2>\n<p>&nbsp;<br \/>\nTG4 is delighted to announce that a new programme,<span>\u00a0<\/span><strong>C\u00fala4 ar Scoil<\/strong><span>\u00a0<\/span>will commence on Monday 20 April 2020, broadcasting on weekdays at 10a.m. All schools are currently closed under Covid-19 restrictions. This programme will cater for primary school children who attend Gaelscoileanna and Gaeltacht schools, in the event of an extension to public health measures which may mean that schools remain closed for a further period.<br \/>\n&nbsp;<br \/>\nThe half-hour programme will be broadcast from Scoil na bhForbacha in the Connemara Gaeltacht and will be presented from 10.00 a.m. to 10.30 a.m. by primary school teachers, Caitr\u00edona N\u00ed Chual\u00e1in and Fiachra \u00d3 Dubhghaill, with contributions from teachers and facilitators from other communities and Gaeltacht regions, incorporating a range of dialects.<br \/>\n&nbsp;<br \/>\nThe programme will have a weekly theme and the lesson objectives and learning outcomes drawn from the primary school curriculum will be presented in an engaging and interactive manner. Core curriculum subjects will be included such as Irish, Mathematics, History and Geography, and there will also be an emphasis on creativity, the arts, oral traditions, health and wellbeing.<br \/>\n&nbsp;<br \/>\nDuring the programme C\u00fala4 ar Scoil, children will be invited to participate at home and will be asked to send\u00a0 in pictures or videos of their work to the programme. The content will also be available online on Cula4.com and on youtube C\u00fala4.<br \/>\n&nbsp;<br \/>\nTG4 will also broadcast an additional schedule before and after C\u00fala4 ar Scoil from 9:30 a.m. to 11 a.m. each day, which will include programmes with educational themes including<span>\u00a0<\/span><em>\u2018Bia Linn\u2019, \u00c1r Sc\u00e9al<\/em>,<span>\u00a0<\/span><em>\u2018<\/em><em>Am Foghlama le Timmy\u2019<\/em>, \u2018<em>Is Eola\u00ed M\u00e9<\/em>\u2019 and<span>\u00a0<\/span><em>\u2018WAC\u2019<\/em>.<br \/>\n&nbsp;<br \/>\nC\u00fala4 ar Scoil will be produced by F\u00edb\u00edn, an award winning production company recognised for its productions for young people such as \u2018<em>Is Eola\u00ed M\u00e9\u2019<\/em>, \u2018<em>Is Mise\u2019<\/em><span>\u00a0<\/span>and \u2018<em>Saol faoi Shr\u00e1id\u2019<\/em>.\u00a0 Darach \u00d3 Tuairisc will produce the series together with primary teacher, Ethel Burke who has stage, television and acting experience. The Telegael crew will record the series.<br \/>\n&nbsp;<br \/>\nThe series will be funded by TG4, and\u00a0 advice on the educational content and curriculum will be provided by the Department of Education and Skills, Col\u00e1iste Mhuire gan Sm\u00e1l, An Comhairle um Oideachas Gaeltachta agus Gaelscola\u00edochta (COGG), The Professional Development Service for Teachers (PDST), and Gaeloideachas.\u00a0 The advice and experience of Tuismitheoir\u00ed na Gaeltachta will also be included in the production.<br \/>\n&nbsp;<br \/>\nMinister for Education and Skills, Joe McHugh TD welcomed the initiative:<br \/>\n<em>\u2018The production of this programme is a credit to TG4 in supporting the continuity of children\u2019s learning in Gaelscoileanna and Gaeltacht schools, who are currently studying at home due to Covid-19 restrictions. I would like to thank the teachers and network of people who managed to get this project together under difficult circumstances and tight deadlines. This programme will help enrich learning at home and will serve as a wonderful additional learning support for children\u2019.<\/em><br \/>\n&nbsp;<br \/>\nMuireann N\u00ed Mh\u00f3r\u00e1in Chief Executive, COGG welcomed the selection of F\u00edb\u00edn to undertake the series for TG4,<span>\u00a0<\/span><em>\u2018It is great that a company with expertise and experience, such as F\u00edb\u00edn, has been selected to produce C\u00fala4 ar Scoil for TG4.\u00a0 COGG will support this initiative in any way it can\u2019.<\/em><br \/>\n&nbsp;<br \/>\nSiobh\u00e1n N\u00ed Bhr\u00e1daigh, Commissioning Editor for Young People in TG4 said:<br \/>\n<em>\u2018TG4 is grateful for the support that this project has received from all of the Educational bodies and parties connected with the project (The Department of Education and Skills, COGG, PDST and Gaeloideachas) and Tuismitheoir\u00ed na Gaeltachta, and everyone else in the public who contacted TG4 with suggestions in relation to this initiative. We are happy that we can facilitate and help children who are receiving their schooling through the medium of Irish, and hope that C\u00fala4 ar Scoil will be a help to all families at this time\u2019.<\/em><br \/>\n&nbsp;<br \/>\nBl\u00e1thnaid N\u00ed Ghr\u00e9ach\u00e1in, Chief Executive Gaeloideachas greatly welcomes this initiative:<br \/>\n<em>\u201cThis initiative by TG4 will create an enjoyable learning experience through Irish for children who are used to being immersed in the language. \u00a0It will help create a positive experience for them in their learning, and it will also be a great resource for teachers to use content from the programmes to include in their work plans for pupils in their homes\u2019.<\/em><br \/>\n&nbsp;<br \/>\nSorcha N\u00ed Ch\u00e9illeachair, Head of Tuismitheoir\u00ed na Gaeltachta:<span>\u00a0<\/span><em>&#8216;This initiative recognises the importance of Gaeltacht and all-Irish education in the system, and we are extremely happy that a programme of this calibre will be broadcast on TG4.\u00a0 This will be a positive boost for parents whose first language in the home is Irish at a time when such a boost is needed\u2019.<\/em><br \/>\n&nbsp;<br \/>\n&nbsp;<\/p>\n<p><strong>The Teachers:<span>\u00a0<\/span><\/strong><strong>\u00a0<\/strong><br \/>\n&nbsp;<br \/>\n<strong>Caitr\u00edona N\u00ed Chual\u00e1in\u00a0<\/strong><br \/>\n<img loading=\"lazy\" decoding=\"async\" width=\"250\" height=\"141\" src=\"https:\/\/tg4-docs.s3.amazonaws.com\/tg4-redesign-2015\/wp-content\/uploads\/2020\/04\/Caitriona_Ni_Chualain_1920x1080-250x141.jpg\" alt=\"\" class=\"aligncenter size-medium wp-image-112724\" srcset=\"https:\/\/tg4-docs.s3.amazonaws.com\/tg4-redesign-2015\/wp-content\/uploads\/2020\/04\/Caitriona_Ni_Chualain_1920x1080-250x141.jpg 250w, https:\/\/tg4-docs.s3.amazonaws.com\/tg4-redesign-2015\/wp-content\/uploads\/2020\/04\/Caitriona_Ni_Chualain_1920x1080-700x394.jpg 700w, https:\/\/tg4-docs.s3.amazonaws.com\/tg4-redesign-2015\/wp-content\/uploads\/2020\/04\/Caitriona_Ni_Chualain_1920x1080-252x141.jpg 252w, https:\/\/tg4-docs.s3.amazonaws.com\/tg4-redesign-2015\/wp-content\/uploads\/2020\/04\/Caitriona_Ni_Chualain_1920x1080-1536x864.jpg 1536w, https:\/\/tg4-docs.s3.amazonaws.com\/tg4-redesign-2015\/wp-content\/uploads\/2020\/04\/Caitriona_Ni_Chualain_1920x1080-120x68.jpg 120w, https:\/\/tg4-docs.s3.amazonaws.com\/tg4-redesign-2015\/wp-content\/uploads\/2020\/04\/Caitriona_Ni_Chualain_1920x1080.jpg 1920w\" sizes=\"(max-width: 250px) 100vw, 250px\" \/><br \/>\nCaitr\u00edona N\u00ed Chual\u00e1in from Indreabh\u00e1n, Connemara is a primary school teacher, and teaches in Gaelscoil U\u00ed Fhiaich in Maynooth, Co. Kildare.\u00a0 Gaelscoil U\u00ed Fhiaich has a strong emphasis on music and nurtures a love for Irish Language and culture amongst its students. Caitr\u00edona also works for TG4 as a continuity and weather presenter which she really enjoys.<\/p>\n<p>&nbsp;<\/p>\n<p><strong>Fiachra \u00d3 Dubhghaill<\/strong><br \/>\n<img loading=\"lazy\" decoding=\"async\" width=\"250\" height=\"141\" src=\"https:\/\/tg4-docs.s3.amazonaws.com\/tg4-redesign-2015\/wp-content\/uploads\/2020\/04\/Fiachra_O_Dubhghaill_1920x1080-250x141.jpg\" alt=\"\" class=\"aligncenter size-medium wp-image-112725\" srcset=\"https:\/\/tg4-docs.s3.amazonaws.com\/tg4-redesign-2015\/wp-content\/uploads\/2020\/04\/Fiachra_O_Dubhghaill_1920x1080-250x141.jpg 250w, https:\/\/tg4-docs.s3.amazonaws.com\/tg4-redesign-2015\/wp-content\/uploads\/2020\/04\/Fiachra_O_Dubhghaill_1920x1080-700x394.jpg 700w, https:\/\/tg4-docs.s3.amazonaws.com\/tg4-redesign-2015\/wp-content\/uploads\/2020\/04\/Fiachra_O_Dubhghaill_1920x1080-252x141.jpg 252w, https:\/\/tg4-docs.s3.amazonaws.com\/tg4-redesign-2015\/wp-content\/uploads\/2020\/04\/Fiachra_O_Dubhghaill_1920x1080-1536x864.jpg 1536w, https:\/\/tg4-docs.s3.amazonaws.com\/tg4-redesign-2015\/wp-content\/uploads\/2020\/04\/Fiachra_O_Dubhghaill_1920x1080-120x68.jpg 120w, https:\/\/tg4-docs.s3.amazonaws.com\/tg4-redesign-2015\/wp-content\/uploads\/2020\/04\/Fiachra_O_Dubhghaill_1920x1080.jpg 1920w\" sizes=\"(max-width: 250px) 100vw, 250px\" \/><br \/>\nFiachra \u00d3 Dubhghaill is from Cork and teaches in Gaelscoil Mhic Amhlaigh in Galway City.\u00a0 He has a Masters in Drama and Theatre Studies from National University of Ireland, Galway.\u00a0 He has had acting parts in plays such as \u2018Married to the Sea\u2019 and \u2018An Triail\u2019, as well as television roles in \u2018Ros na R\u00fan\u2019 and \u2018Corp agus Anam\u2019. Fiachra also enjoys sport and music.<\/p>\n<p>&nbsp;<\/p>\n<p>&nbsp;<\/p>\n","protected":false},"excerpt":{"rendered":"<p>&nbsp; C\u00fala4 ar Scoil Starts Monday 20 April at 10:00 a.m. on TG4 &nbsp; TG4 is delighted to announce that a new programme,\u00a0C\u00fala4 ar Scoil\u00a0will commence on Monday 20 April 2020, broadcasting on weekdays at 10a.m. All schools are currently closed under Covid-19 restrictions. This programme will cater for primary school children who attend Gaelscoileanna [&hellip;]<\/p>\n","protected":false},"author":876,"featured_media":0,"parent":111527,"menu_order":13,"comment_status":"closed","ping_status":"closed","template":"page-templates\/template-pr.php","meta":{"_acf_changed":false,"footnotes":""},"acf":[],"yoast_head":"<!-- This site is optimized with the Yoast SEO plugin v22.6 - https:\/\/yoast.com\/wordpress\/plugins\/seo\/ -->\n<title>TG4 | C\u00fala4 ar Scoil \u2013 a new programme to cater for primary school children who attend Gaelscoileanna and Gaeltacht schools starts soon on TG4 | 2020 | Press Releases | Press | Irish Television Channel, S\u00fail Eile<\/title>\n<meta name=\"description\" content=\"C\u00fala4 ar Scoil helps primary school children continue their education through Irish from home\" \/>\n<meta name=\"robots\" content=\"index, follow, max-snippet:-1, max-image-preview:large, max-video-preview:-1\" \/>\n<meta property=\"og:locale\" content=\"en_US\" \/>\n<meta property=\"og:type\" content=\"article\" \/>\n<meta property=\"og:title\" content=\"TG4 | C\u00fala4 ar Scoil \u2013 a new programme to cater for primary school children who attend Gaelscoileanna and Gaeltacht schools starts soon on TG4 | 2020 | Press Releases | Press | Irish Television Channel, S\u00fail Eile\" \/>\n<meta property=\"og:description\" content=\"C\u00fala4 ar Scoil helps primary school children continue their education through Irish from home\" \/>\n<meta property=\"og:url\" content=\"https:\/\/dev.tg4.ie\/en\/information\/press\/press-releases\/2020-2\/cula4-ar-scoil-starts-soon-on-tg4\/\" \/>\n<meta property=\"og:site_name\" content=\"TG4\" \/>\n<meta property=\"article:publisher\" content=\"https:\/\/www.facebook.com\/TG4TV\" \/>\n<meta property=\"article:modified_time\" content=\"2021-11-04T16:30:13+00:00\" \/>\n<meta property=\"og:image\" content=\"https:\/\/tg4-docs.s3.amazonaws.com\/tg4-redesign-2015\/wp-content\/uploads\/2020\/04\/cula4_ar_scoil_1920x1080.jpg\" \/>\n\t<meta property=\"og:image:width\" content=\"1920\" \/>\n\t<meta property=\"og:image:height\" content=\"1080\" \/>\n\t<meta property=\"og:image:type\" content=\"image\/jpeg\" \/>\n<meta name=\"twitter:card\" content=\"summary_large_image\" \/>\n<meta name=\"twitter:image\" content=\"https:\/\/tg4-docs.s3.amazonaws.com\/tg4-redesign-2015\/wp-content\/uploads\/2020\/04\/cula4_ar_scoil_1920x1080.jpg\" \/>\n<meta name=\"twitter:site\" content=\"@TG4TV\" \/>\n<meta name=\"twitter:label1\" content=\"Est. reading time\" \/>\n\t<meta name=\"twitter:data1\" content=\"5 minutes\" \/>\n<script type=\"application\/ld+json\" class=\"yoast-schema-graph\">{\"@context\":\"https:\/\/schema.org\",\"@graph\":[{\"@type\":\"WebPage\",\"@id\":\"https:\/\/dev.tg4.ie\/en\/information\/press\/press-releases\/2020-2\/cula4-ar-scoil-starts-soon-on-tg4\/\",\"url\":\"https:\/\/dev.tg4.ie\/en\/information\/press\/press-releases\/2020-2\/cula4-ar-scoil-starts-soon-on-tg4\/\",\"name\":\"TG4 | C\u00fala4 ar Scoil \u2013 a new programme to cater for primary school children who attend Gaelscoileanna and Gaeltacht schools starts soon on TG4 | 2020 | Press Releases | Press | Irish Television Channel, S\u00fail Eile\",\"isPartOf\":{\"@id\":\"https:\/\/dev.tg4.ie\/en\/#website\"},\"primaryImageOfPage\":{\"@id\":\"https:\/\/dev.tg4.ie\/en\/information\/press\/press-releases\/2020-2\/cula4-ar-scoil-starts-soon-on-tg4\/#primaryimage\"},\"image\":{\"@id\":\"https:\/\/dev.tg4.ie\/en\/information\/press\/press-releases\/2020-2\/cula4-ar-scoil-starts-soon-on-tg4\/#primaryimage\"},\"thumbnailUrl\":\"https:\/\/dev.tg4.ie\/wp-content\/uploads\/2020\/04\/cula4_ar_scoil_1920x1080.jpg\",\"datePublished\":\"2020-04-09T16:03:16+00:00\",\"dateModified\":\"2021-11-04T16:30:13+00:00\",\"description\":\"C\u00fala4 ar Scoil helps primary school children continue their education through Irish from home\",\"breadcrumb\":{\"@id\":\"https:\/\/dev.tg4.ie\/en\/information\/press\/press-releases\/2020-2\/cula4-ar-scoil-starts-soon-on-tg4\/#breadcrumb\"},\"inLanguage\":\"en-ie\",\"potentialAction\":[{\"@type\":\"ReadAction\",\"target\":[\"https:\/\/dev.tg4.ie\/en\/information\/press\/press-releases\/2020-2\/cula4-ar-scoil-starts-soon-on-tg4\/\"]}]},{\"@type\":\"ImageObject\",\"inLanguage\":\"en-ie\",\"@id\":\"https:\/\/dev.tg4.ie\/en\/information\/press\/press-releases\/2020-2\/cula4-ar-scoil-starts-soon-on-tg4\/#primaryimage\",\"url\":\"https:\/\/dev.tg4.ie\/wp-content\/uploads\/2020\/04\/cula4_ar_scoil_1920x1080.jpg\",\"contentUrl\":\"https:\/\/dev.tg4.ie\/wp-content\/uploads\/2020\/04\/cula4_ar_scoil_1920x1080.jpg\"},{\"@type\":\"BreadcrumbList\",\"@id\":\"https:\/\/dev.tg4.ie\/en\/information\/press\/press-releases\/2020-2\/cula4-ar-scoil-starts-soon-on-tg4\/#breadcrumb\",\"itemListElement\":[{\"@type\":\"ListItem\",\"position\":1,\"name\":\"Home\",\"item\":\"https:\/\/dev.tg4.ie\/en\/\"},{\"@type\":\"ListItem\",\"position\":2,\"name\":\"Information\",\"item\":\"https:\/\/dev.tg4.ie\/en\/information\/\"},{\"@type\":\"ListItem\",\"position\":3,\"name\":\"Press\",\"item\":\"https:\/\/dev.tg4.ie\/en\/information\/press\/\"},{\"@type\":\"ListItem\",\"position\":4,\"name\":\"Press Releases\",\"item\":\"https:\/\/dev.tg4.ie\/en\/information\/press\/press-releases\/\"},{\"@type\":\"ListItem\",\"position\":5,\"name\":\"2020\",\"item\":\"https:\/\/dev.tg4.ie\/en\/information\/press\/press-releases\/2020-2\/\"},{\"@type\":\"ListItem\",\"position\":6,\"name\":\"C\u00fala4 ar Scoil &#8211; a new programme to cater for primary school children who attend Gaelscoileanna and Gaeltacht schools starts soon on TG4\"}]},{\"@type\":\"WebSite\",\"@id\":\"https:\/\/dev.tg4.ie\/en\/#website\",\"url\":\"https:\/\/dev.tg4.ie\/en\/\",\"name\":\"TG4\",\"description\":\"S\u00fail Eile\",\"potentialAction\":[{\"@type\":\"SearchAction\",\"target\":{\"@type\":\"EntryPoint\",\"urlTemplate\":\"https:\/\/dev.tg4.ie\/en\/?s={search_term_string}\"},\"query-input\":\"required name=search_term_string\"}],\"inLanguage\":\"en-ie\"}]}<\/script>\n<!-- \/ Yoast SEO plugin. -->","yoast_head_json":{"title":"TG4 | C\u00fala4 ar Scoil \u2013 a new programme to cater for primary school children who attend Gaelscoileanna and Gaeltacht schools starts soon on TG4 | 2020 | Press Releases | Press | Irish Television Channel, S\u00fail Eile","description":"C\u00fala4 ar Scoil helps primary school children continue their education through Irish from home","robots":{"index":"index","follow":"follow","max-snippet":"max-snippet:-1","max-image-preview":"max-image-preview:large","max-video-preview":"max-video-preview:-1"},"og_locale":"en_US","og_type":"article","og_title":"TG4 | C\u00fala4 ar Scoil \u2013 a new programme to cater for primary school children who attend Gaelscoileanna and Gaeltacht schools starts soon on TG4 | 2020 | Press Releases | Press | Irish Television Channel, S\u00fail Eile","og_description":"C\u00fala4 ar Scoil helps primary school children continue their education through Irish from home","og_url":"https:\/\/dev.tg4.ie\/en\/information\/press\/press-releases\/2020-2\/cula4-ar-scoil-starts-soon-on-tg4\/","og_site_name":"TG4","article_publisher":"https:\/\/www.facebook.com\/TG4TV","article_modified_time":"2021-11-04T16:30:13+00:00","og_image":[{"width":1920,"height":1080,"url":"https:\/\/tg4-docs.s3.amazonaws.com\/tg4-redesign-2015\/wp-content\/uploads\/2020\/04\/cula4_ar_scoil_1920x1080.jpg","type":"image\/jpeg"}],"twitter_card":"summary_large_image","twitter_image":"https:\/\/tg4-docs.s3.amazonaws.com\/tg4-redesign-2015\/wp-content\/uploads\/2020\/04\/cula4_ar_scoil_1920x1080.jpg","twitter_site":"@TG4TV","twitter_misc":{"Est. reading time":"5 minutes"},"schema":{"@context":"https:\/\/schema.org","@graph":[{"@type":"WebPage","@id":"https:\/\/dev.tg4.ie\/en\/information\/press\/press-releases\/2020-2\/cula4-ar-scoil-starts-soon-on-tg4\/","url":"https:\/\/dev.tg4.ie\/en\/information\/press\/press-releases\/2020-2\/cula4-ar-scoil-starts-soon-on-tg4\/","name":"TG4 | C\u00fala4 ar Scoil \u2013 a new programme to cater for primary school children who attend Gaelscoileanna and Gaeltacht schools starts soon on TG4 | 2020 | Press Releases | Press | Irish Television Channel, S\u00fail Eile","isPartOf":{"@id":"https:\/\/dev.tg4.ie\/en\/#website"},"primaryImageOfPage":{"@id":"https:\/\/dev.tg4.ie\/en\/information\/press\/press-releases\/2020-2\/cula4-ar-scoil-starts-soon-on-tg4\/#primaryimage"},"image":{"@id":"https:\/\/dev.tg4.ie\/en\/information\/press\/press-releases\/2020-2\/cula4-ar-scoil-starts-soon-on-tg4\/#primaryimage"},"thumbnailUrl":"https:\/\/dev.tg4.ie\/wp-content\/uploads\/2020\/04\/cula4_ar_scoil_1920x1080.jpg","datePublished":"2020-04-09T16:03:16+00:00","dateModified":"2021-11-04T16:30:13+00:00","description":"C\u00fala4 ar Scoil helps primary school children continue their education through Irish from home","breadcrumb":{"@id":"https:\/\/dev.tg4.ie\/en\/information\/press\/press-releases\/2020-2\/cula4-ar-scoil-starts-soon-on-tg4\/#breadcrumb"},"inLanguage":"en-ie","potentialAction":[{"@type":"ReadAction","target":["https:\/\/dev.tg4.ie\/en\/information\/press\/press-releases\/2020-2\/cula4-ar-scoil-starts-soon-on-tg4\/"]}]},{"@type":"ImageObject","inLanguage":"en-ie","@id":"https:\/\/dev.tg4.ie\/en\/information\/press\/press-releases\/2020-2\/cula4-ar-scoil-starts-soon-on-tg4\/#primaryimage","url":"https:\/\/dev.tg4.ie\/wp-content\/uploads\/2020\/04\/cula4_ar_scoil_1920x1080.jpg","contentUrl":"https:\/\/dev.tg4.ie\/wp-content\/uploads\/2020\/04\/cula4_ar_scoil_1920x1080.jpg"},{"@type":"BreadcrumbList","@id":"https:\/\/dev.tg4.ie\/en\/information\/press\/press-releases\/2020-2\/cula4-ar-scoil-starts-soon-on-tg4\/#breadcrumb","itemListElement":[{"@type":"ListItem","position":1,"name":"Home","item":"https:\/\/dev.tg4.ie\/en\/"},{"@type":"ListItem","position":2,"name":"Information","item":"https:\/\/dev.tg4.ie\/en\/information\/"},{"@type":"ListItem","position":3,"name":"Press","item":"https:\/\/dev.tg4.ie\/en\/information\/press\/"},{"@type":"ListItem","position":4,"name":"Press Releases","item":"https:\/\/dev.tg4.ie\/en\/information\/press\/press-releases\/"},{"@type":"ListItem","position":5,"name":"2020","item":"https:\/\/dev.tg4.ie\/en\/information\/press\/press-releases\/2020-2\/"},{"@type":"ListItem","position":6,"name":"C\u00fala4 ar Scoil &#8211; a new programme to cater for primary school children who attend Gaelscoileanna and Gaeltacht schools starts soon on TG4"}]},{"@type":"WebSite","@id":"https:\/\/dev.tg4.ie\/en\/#website","url":"https:\/\/dev.tg4.ie\/en\/","name":"TG4","description":"S\u00fail Eile","potentialAction":[{"@type":"SearchAction","target":{"@type":"EntryPoint","urlTemplate":"https:\/\/dev.tg4.ie\/en\/?s={search_term_string}"},"query-input":"required name=search_term_string"}],"inLanguage":"en-ie"}]}},"_links":{"self":[{"href":"https:\/\/dev.tg4.ie\/en\/wp-json\/wp\/v2\/pages\/112735"}],"collection":[{"href":"https:\/\/dev.tg4.ie\/en\/wp-json\/wp\/v2\/pages"}],"about":[{"href":"https:\/\/dev.tg4.ie\/en\/wp-json\/wp\/v2\/types\/page"}],"author":[{"embeddable":true,"href":"https:\/\/dev.tg4.ie\/en\/wp-json\/wp\/v2\/users\/876"}],"replies":[{"embeddable":true,"href":"https:\/\/dev.tg4.ie\/en\/wp-json\/wp\/v2\/comments?post=112735"}],"version-history":[{"count":0,"href":"https:\/\/dev.tg4.ie\/en\/wp-json\/wp\/v2\/pages\/112735\/revisions"}],"up":[{"embeddable":true,"href":"https:\/\/dev.tg4.ie\/en\/wp-json\/wp\/v2\/pages\/111527"}],"wp:attachment":[{"href":"https:\/\/dev.tg4.ie\/en\/wp-json\/wp\/v2\/media?parent=112735"}],"curies":[{"name":"wp","href":"https:\/\/api.w.org\/{rel}","templated":true}]}}