{"id":112996,"date":"2020-05-19T13:16:17","date_gmt":"2020-05-19T12:16:17","guid":{"rendered":"https:\/\/dev.tg4.ie\/?page_id=112996"},"modified":"2021-11-04T16:35:16","modified_gmt":"2021-11-04T16:35:16","slug":"saol-ella-drama-series-for-young-people-selected-by-tg4-from-the-drama-development-scheme","status":"publish","type":"page","link":"https:\/\/dev.tg4.ie\/en\/information\/press\/press-releases\/2020-2\/saol-ella-drama-series-for-young-people-selected-by-tg4-from-the-drama-development-scheme\/","title":{"rendered":"&#8216;Saol Ella&#8217; &#8211; Drama series for Young People selected by TG4 from the Drama Development Scheme"},"content":{"rendered":"<p><span>TG4 have selected the drama series for young people, <strong><em>\u2018Saol Ella\u2019<\/em><\/strong> by Dan\u00fa Media, written by Gemma Breathnach and Ailbhe Nic Giolla Bhr\u00edghde, for the next round of the Broadcasting Authority of Ireland&#8217;s (BAI) <em>Sound and Vision<\/em>\u00a0fund.<br \/>\n&nbsp;<br \/>\nTG4 announced the <em>Development<\/em>\u00a0<em>Scheme for Young People&#8217;s Drama<\/em>\u00a0in 2019, in order to develop a series which encompasses solid drama and storytelling, visual imagination and high values.\u00a0 \u00a0The <em>Development Scheme for Young People&#8217;s Drama<\/em> is funded by TG4, the WRAP fund, the Broadcasting Authority of Ireland (BAI) and Screen Ireland in order to develop an Irish language drama series which is aimed at young people and families.\u00a0\u00a0If produced, the series will have a budget of up to \u20ac1.2 million.<br \/>\n&nbsp;<br \/>\nThe series which has been selected tells the story of Ella, a young girl from the Gaeltacht whose life is turned upside down when her father decides to keep Gaeilgeoir\u00ed (Irish language students). \u00a0\u00a0 Where once there was order there is now chaos.\u00a0 \u00a0Not only does Ella have to deal with the new upheaval at home, her arch nemesis Saorla has a job next door helping the bean an t\u00ed <em>extraordinaire<\/em>, M\u00e1ir\u00edn.\u00a0 Ella is a thirteen year old girl whose heart&#8217;s desire for the summer is to find a boyfriend and have her first kiss. An easy enough challenge according to her friends, Treasa and Naoise, given that M\u00e1ir\u00edn&#8217;s house next door is full of boys, courtesy of the local Irish College in Maigh Rua.<br \/>\n&nbsp;<br \/>\nSiobh\u00e1n N\u00ed Bhr\u00e1daigh, TG4&#8217;s Young People\u2019s Editor siad:\u00a0<em>&#8220;This is the first drama project aimed at primary school and early teen viewers since the production of &#8216;Aifric&#8217;. We hope to provide viewers with a polished and engaging drama for 2021&#8221;.<\/em> <\/span><br \/>\n&nbsp;<\/p>\n","protected":false},"excerpt":{"rendered":"<p>TG4 have selected the drama series for young people, \u2018Saol Ella\u2019 by Dan\u00fa Media, written by Gemma Breathnach and Ailbhe Nic Giolla Bhr\u00edghde, for the next round of the Broadcasting Authority of Ireland&#8217;s (BAI) Sound and Vision\u00a0fund. &nbsp; TG4 announced the Development\u00a0Scheme for Young People&#8217;s Drama\u00a0in 2019, in order to develop a series which encompasses [&hellip;]<\/p>\n","protected":false},"author":876,"featured_media":0,"parent":111527,"menu_order":19,"comment_status":"closed","ping_status":"closed","template":"page-templates\/template-pr.php","meta":{"_acf_changed":false,"footnotes":""},"acf":[],"yoast_head":"<!-- This site is optimized with the Yoast SEO plugin v22.6 - https:\/\/yoast.com\/wordpress\/plugins\/seo\/ -->\n<title>TG4 | \u2018Saol Ella\u2019 \u2013 Drama series for Young People selected by TG4 from the Drama Development Scheme | 2020 | Press Releases | Press | Irish Television Channel, S\u00fail Eile<\/title>\n<meta name=\"description\" content=\"New series aimed at young people, &#039;Saol Ella&#039;, selected by the TG4 Development scheme\" \/>\n<meta name=\"robots\" content=\"index, follow, max-snippet:-1, max-image-preview:large, max-video-preview:-1\" \/>\n<meta property=\"og:locale\" content=\"en_US\" \/>\n<meta property=\"og:type\" content=\"article\" \/>\n<meta property=\"og:title\" content=\"TG4 | \u2018Saol Ella\u2019 \u2013 Drama series for Young People selected by TG4 from the Drama Development Scheme | 2020 | Press Releases | Press | Irish Television Channel, S\u00fail Eile\" \/>\n<meta property=\"og:description\" content=\"New series aimed at young people, &#039;Saol Ella&#039;, selected by the TG4 Development scheme\" \/>\n<meta property=\"og:url\" content=\"https:\/\/dev.tg4.ie\/en\/information\/press\/press-releases\/2020-2\/saol-ella-drama-series-for-young-people-selected-by-tg4-from-the-drama-development-scheme\/\" \/>\n<meta property=\"og:site_name\" content=\"TG4\" \/>\n<meta property=\"article:publisher\" content=\"https:\/\/www.facebook.com\/TG4TV\" \/>\n<meta property=\"article:modified_time\" content=\"2021-11-04T16:35:16+00:00\" \/>\n<meta property=\"og:image\" content=\"https:\/\/tg4-docs.s3.amazonaws.com\/wp-content\/uploads\/2024\/11\/18151812\/TG4_2024_corcra_teal_1-1920x1080-1.jpg\" \/>\n\t<meta property=\"og:image:width\" content=\"1920\" \/>\n\t<meta property=\"og:image:height\" content=\"1080\" \/>\n\t<meta property=\"og:image:type\" content=\"image\/jpeg\" \/>\n<meta name=\"twitter:card\" content=\"summary_large_image\" \/>\n<meta name=\"twitter:site\" content=\"@TG4TV\" \/>\n<meta name=\"twitter:label1\" content=\"Est. reading time\" \/>\n\t<meta name=\"twitter:data1\" content=\"1 minute\" \/>\n<script type=\"application\/ld+json\" class=\"yoast-schema-graph\">{\"@context\":\"https:\/\/schema.org\",\"@graph\":[{\"@type\":\"WebPage\",\"@id\":\"https:\/\/dev.tg4.ie\/en\/information\/press\/press-releases\/2020-2\/saol-ella-drama-series-for-young-people-selected-by-tg4-from-the-drama-development-scheme\/\",\"url\":\"https:\/\/dev.tg4.ie\/en\/information\/press\/press-releases\/2020-2\/saol-ella-drama-series-for-young-people-selected-by-tg4-from-the-drama-development-scheme\/\",\"name\":\"TG4 | \u2018Saol Ella\u2019 \u2013 Drama series for Young People selected by TG4 from the Drama Development Scheme | 2020 | Press Releases | Press | Irish Television Channel, S\u00fail Eile\",\"isPartOf\":{\"@id\":\"https:\/\/dev.tg4.ie\/en\/#website\"},\"datePublished\":\"2020-05-19T12:16:17+00:00\",\"dateModified\":\"2021-11-04T16:35:16+00:00\",\"description\":\"New series aimed at young people, 'Saol Ella', selected by the TG4 Development scheme\",\"breadcrumb\":{\"@id\":\"https:\/\/dev.tg4.ie\/en\/information\/press\/press-releases\/2020-2\/saol-ella-drama-series-for-young-people-selected-by-tg4-from-the-drama-development-scheme\/#breadcrumb\"},\"inLanguage\":\"en-ie\",\"potentialAction\":[{\"@type\":\"ReadAction\",\"target\":[\"https:\/\/dev.tg4.ie\/en\/information\/press\/press-releases\/2020-2\/saol-ella-drama-series-for-young-people-selected-by-tg4-from-the-drama-development-scheme\/\"]}]},{\"@type\":\"BreadcrumbList\",\"@id\":\"https:\/\/dev.tg4.ie\/en\/information\/press\/press-releases\/2020-2\/saol-ella-drama-series-for-young-people-selected-by-tg4-from-the-drama-development-scheme\/#breadcrumb\",\"itemListElement\":[{\"@type\":\"ListItem\",\"position\":1,\"name\":\"Home\",\"item\":\"https:\/\/dev.tg4.ie\/en\/\"},{\"@type\":\"ListItem\",\"position\":2,\"name\":\"Information\",\"item\":\"https:\/\/dev.tg4.ie\/en\/information\/\"},{\"@type\":\"ListItem\",\"position\":3,\"name\":\"Press\",\"item\":\"https:\/\/dev.tg4.ie\/en\/information\/press\/\"},{\"@type\":\"ListItem\",\"position\":4,\"name\":\"Press Releases\",\"item\":\"https:\/\/dev.tg4.ie\/en\/information\/press\/press-releases\/\"},{\"@type\":\"ListItem\",\"position\":5,\"name\":\"2020\",\"item\":\"https:\/\/dev.tg4.ie\/en\/information\/press\/press-releases\/2020-2\/\"},{\"@type\":\"ListItem\",\"position\":6,\"name\":\"&#8216;Saol Ella&#8217; &#8211; Drama series for Young People selected by TG4 from the Drama Development Scheme\"}]},{\"@type\":\"WebSite\",\"@id\":\"https:\/\/dev.tg4.ie\/en\/#website\",\"url\":\"https:\/\/dev.tg4.ie\/en\/\",\"name\":\"TG4\",\"description\":\"S\u00fail Eile\",\"potentialAction\":[{\"@type\":\"SearchAction\",\"target\":{\"@type\":\"EntryPoint\",\"urlTemplate\":\"https:\/\/dev.tg4.ie\/en\/?s={search_term_string}\"},\"query-input\":\"required name=search_term_string\"}],\"inLanguage\":\"en-ie\"}]}<\/script>\n<!-- \/ Yoast SEO plugin. -->","yoast_head_json":{"title":"TG4 | \u2018Saol Ella\u2019 \u2013 Drama series for Young People selected by TG4 from the Drama Development Scheme | 2020 | Press Releases | Press | Irish Television Channel, S\u00fail Eile","description":"New series aimed at young people, 'Saol Ella', selected by the TG4 Development scheme","robots":{"index":"index","follow":"follow","max-snippet":"max-snippet:-1","max-image-preview":"max-image-preview:large","max-video-preview":"max-video-preview:-1"},"og_locale":"en_US","og_type":"article","og_title":"TG4 | \u2018Saol Ella\u2019 \u2013 Drama series for Young People selected by TG4 from the Drama Development Scheme | 2020 | Press Releases | Press | Irish Television Channel, S\u00fail Eile","og_description":"New series aimed at young people, 'Saol Ella', selected by the TG4 Development scheme","og_url":"https:\/\/dev.tg4.ie\/en\/information\/press\/press-releases\/2020-2\/saol-ella-drama-series-for-young-people-selected-by-tg4-from-the-drama-development-scheme\/","og_site_name":"TG4","article_publisher":"https:\/\/www.facebook.com\/TG4TV","article_modified_time":"2021-11-04T16:35:16+00:00","og_image":[{"width":1920,"height":1080,"url":"https:\/\/tg4-docs.s3.amazonaws.com\/wp-content\/uploads\/2024\/11\/18151812\/TG4_2024_corcra_teal_1-1920x1080-1.jpg","type":"image\/jpeg"}],"twitter_card":"summary_large_image","twitter_site":"@TG4TV","twitter_misc":{"Est. reading time":"1 minute"},"schema":{"@context":"https:\/\/schema.org","@graph":[{"@type":"WebPage","@id":"https:\/\/dev.tg4.ie\/en\/information\/press\/press-releases\/2020-2\/saol-ella-drama-series-for-young-people-selected-by-tg4-from-the-drama-development-scheme\/","url":"https:\/\/dev.tg4.ie\/en\/information\/press\/press-releases\/2020-2\/saol-ella-drama-series-for-young-people-selected-by-tg4-from-the-drama-development-scheme\/","name":"TG4 | \u2018Saol Ella\u2019 \u2013 Drama series for Young People selected by TG4 from the Drama Development Scheme | 2020 | Press Releases | Press | Irish Television Channel, S\u00fail Eile","isPartOf":{"@id":"https:\/\/dev.tg4.ie\/en\/#website"},"datePublished":"2020-05-19T12:16:17+00:00","dateModified":"2021-11-04T16:35:16+00:00","description":"New series aimed at young people, 'Saol Ella', selected by the TG4 Development scheme","breadcrumb":{"@id":"https:\/\/dev.tg4.ie\/en\/information\/press\/press-releases\/2020-2\/saol-ella-drama-series-for-young-people-selected-by-tg4-from-the-drama-development-scheme\/#breadcrumb"},"inLanguage":"en-ie","potentialAction":[{"@type":"ReadAction","target":["https:\/\/dev.tg4.ie\/en\/information\/press\/press-releases\/2020-2\/saol-ella-drama-series-for-young-people-selected-by-tg4-from-the-drama-development-scheme\/"]}]},{"@type":"BreadcrumbList","@id":"https:\/\/dev.tg4.ie\/en\/information\/press\/press-releases\/2020-2\/saol-ella-drama-series-for-young-people-selected-by-tg4-from-the-drama-development-scheme\/#breadcrumb","itemListElement":[{"@type":"ListItem","position":1,"name":"Home","item":"https:\/\/dev.tg4.ie\/en\/"},{"@type":"ListItem","position":2,"name":"Information","item":"https:\/\/dev.tg4.ie\/en\/information\/"},{"@type":"ListItem","position":3,"name":"Press","item":"https:\/\/dev.tg4.ie\/en\/information\/press\/"},{"@type":"ListItem","position":4,"name":"Press Releases","item":"https:\/\/dev.tg4.ie\/en\/information\/press\/press-releases\/"},{"@type":"ListItem","position":5,"name":"2020","item":"https:\/\/dev.tg4.ie\/en\/information\/press\/press-releases\/2020-2\/"},{"@type":"ListItem","position":6,"name":"&#8216;Saol Ella&#8217; &#8211; Drama series for Young People selected by TG4 from the Drama Development Scheme"}]},{"@type":"WebSite","@id":"https:\/\/dev.tg4.ie\/en\/#website","url":"https:\/\/dev.tg4.ie\/en\/","name":"TG4","description":"S\u00fail Eile","potentialAction":[{"@type":"SearchAction","target":{"@type":"EntryPoint","urlTemplate":"https:\/\/dev.tg4.ie\/en\/?s={search_term_string}"},"query-input":"required name=search_term_string"}],"inLanguage":"en-ie"}]}},"_links":{"self":[{"href":"https:\/\/dev.tg4.ie\/en\/wp-json\/wp\/v2\/pages\/112996"}],"collection":[{"href":"https:\/\/dev.tg4.ie\/en\/wp-json\/wp\/v2\/pages"}],"about":[{"href":"https:\/\/dev.tg4.ie\/en\/wp-json\/wp\/v2\/types\/page"}],"author":[{"embeddable":true,"href":"https:\/\/dev.tg4.ie\/en\/wp-json\/wp\/v2\/users\/876"}],"replies":[{"embeddable":true,"href":"https:\/\/dev.tg4.ie\/en\/wp-json\/wp\/v2\/comments?post=112996"}],"version-history":[{"count":0,"href":"https:\/\/dev.tg4.ie\/en\/wp-json\/wp\/v2\/pages\/112996\/revisions"}],"up":[{"embeddable":true,"href":"https:\/\/dev.tg4.ie\/en\/wp-json\/wp\/v2\/pages\/111527"}],"wp:attachment":[{"href":"https:\/\/dev.tg4.ie\/en\/wp-json\/wp\/v2\/media?parent=112996"}],"curies":[{"name":"wp","href":"https:\/\/api.w.org\/{rel}","templated":true}]}}