{"id":113195,"date":"2020-06-12T15:35:00","date_gmt":"2020-06-12T14:35:00","guid":{"rendered":"https:\/\/dev.tg4.ie\/information\/press\/press-releases\/2020-2\/cuig-seachtaine-de-champai-samhraidh-le-craoladh-sa-tsraith-nua-campai-cula4\/"},"modified":"2021-11-04T15:40:06","modified_gmt":"2021-11-04T15:40:06","slug":"campai-cula4-summer-camps-on-tg4","status":"publish","type":"page","link":"https:\/\/dev.tg4.ie\/en\/information\/press\/press-releases\/2020-2\/campai-cula4-summer-camps-on-tg4\/","title":{"rendered":"&#8216;Campa\u00ed C\u00fala4&#8217; &#8211; Summer Camps on TG4"},"content":{"rendered":"<p><a href=\"https:\/\/tg4-docs.s3.amazonaws.com\/tg4-redesign-2015\/wp-content\/uploads\/2020\/06\/C4Campai-5Laithreoiri.jpg\"><img loading=\"lazy\" decoding=\"async\" width=\"1200\" height=\"360\" src=\"https:\/\/tg4-docs.s3.amazonaws.com\/tg4-redesign-2015\/wp-content\/uploads\/2020\/06\/C4Campai-5Laithreoiri.jpg\" alt=\"\" class=\"aligncenter size-full wp-image-113199\" srcset=\"https:\/\/tg4-docs.s3.amazonaws.com\/tg4-redesign-2015\/wp-content\/uploads\/2020\/06\/C4Campai-5Laithreoiri.jpg 1200w, https:\/\/tg4-docs.s3.amazonaws.com\/tg4-redesign-2015\/wp-content\/uploads\/2020\/06\/C4Campai-5Laithreoiri-250x75.jpg 250w, https:\/\/tg4-docs.s3.amazonaws.com\/tg4-redesign-2015\/wp-content\/uploads\/2020\/06\/C4Campai-5Laithreoiri-700x210.jpg 700w, https:\/\/tg4-docs.s3.amazonaws.com\/tg4-redesign-2015\/wp-content\/uploads\/2020\/06\/C4Campai-5Laithreoiri-252x76.jpg 252w, https:\/\/tg4-docs.s3.amazonaws.com\/tg4-redesign-2015\/wp-content\/uploads\/2020\/06\/C4Campai-5Laithreoiri-120x36.jpg 120w\" sizes=\"(max-width: 1200px) 100vw, 1200px\" \/><\/a><\/p>\n<p><!--sup>(Left to Right - Caitl\u00edn Nic Aoidh, Jules N\u00ed Chonchubhair, Diarmuid \u00d3 Math\u00fana , M\u00e1ire Treasa N\u00ed Dhubhghaill & Orla N\u00ed Fhinneadha) <\/sup--><br \/>\n&nbsp;<br \/>\nWhen &#8216;C\u00fala4 ar Scoil&#8217; finishes up at the end of the month and summer holidays officially begin, TG4 will broadcast five weeks of \u2018Campa\u00ed C\u00fala4\u2019 to keep kids busy and happy while the country is still dealing with restrictions imposed by Covid-19. There is usually a range of summer camps available for kids when schools close. Due to the uncertainty regarding whether or not summer camps will go ahead in July or later this year due to COVID-19, \u2018Campa\u00ed C\u00fala4\u2019 will help to fill the gap for Irish-speaking children across the country. <\/p>\n<p>The series will be produced by &#8216;Meangadh F\u00edb\u00edn&#8217;, the production company behind &#8216;C\u00fala4 ar Scoil&#8217;, a series that has been highly popular since it began after the Easter holidays. &#8216;C\u00fala4 ar Scoil&#8217; is aimed at Gaeltacht and Gaelscoil children who have been learning at home since schools closed in March. F\u00edb\u00edn is also well known for its other productions, &#8216;Is Eola\u00ed M\u00e9&#8217;, &#8216;Is Mise&#8217; and &#8216;Saol faoi Shr\u00e1id&#8217;. <\/p>\n<p>Campa\u00ed C\u00fala4 will host five summer camps, each with a different theme, that will give children the chance to put a wide range of interests into practice. Each camp will feature a different presenter who is an expert in the theme of that week\u2019s camp.<br \/>\n&nbsp;<\/p>\n<p><strong>Camp One \u2013 The Traditional Arts &#8211;<\/strong>  The first camp will be hosted by Orla N\u00ed Fhinneadha, a TG4 weather presenter and primary school teacher. Orla N\u00ed Fhinneadha B.Ed, M.Ed, DGCS, is a primary school teacher from Conamara. She has won awards for singing at Oireachtas na Gaeilge and at Fleadh Cheoil na h\u00c9ireann. She works hard to promote the traditional arts among the young generation in Conamara. <\/p>\n<p>Orla will present all aspects of the Traditional Arts in this camp, from sean-n\u00f3s singing and various styles of dance to poetry, luib\u00edn\u00ed and even rap. There will be special guests, such as Cillian \u00d3 Donnchadha, advising on drama and acting skills, and Se\u00f3na, who will teach tunes on the tin whistle, in five lessons throughout the week. This will be a merry, musical week that will inspire us all to start composing.<br \/>\n&nbsp;<\/p>\n<p><strong>Camp Two &#8211; Food, Wellbeing &#038; Nature &#8211;<\/strong> Diarmuid \u00d3 Math\u00fana, the Corkman who captivated us with his weekly recipes on C\u00fala4 ar Scoil, is back! Diarmuid loves to eat. In fact, it\u2019s how he spends most of his time: in the kitchen, preparing and eating food! When he\u2019s not eating or cooking food, he\u2019s thinking about it, talking about or writing about it. Diarmuid will present us with more tasty dishes and will introduce us to food from around the world. We will trace the journey of food from a farm in South America to a plate in Inis O\u00edrr! He will be joined by special guests describing food and nature around Ireland, and we\u2019ll also learn about camping in the open air.<br \/>\n&nbsp;<\/p>\n<p><strong>Camp Three: Technology &#038; Creativity (STEAM) \u2013<\/strong> The Technology &#038; Creativity camp will be hosted by Jules N\u00ed Chonchubhair from Techspace. Jules has a background in sound engineering and computers. She likes finding new and creative ways of making STEAM training available to everybody. She is particularly interested in creating an inclusive environment for STEAM education. In the context of the world we live in today, where everyone depends on technology to stay connected to each other, Jules will host an entertaining week that will answer the questions of \u201cwhy, how and when\u201d through investigation and fun. From technology to engineering, we will learn about the world around us.<br \/>\n&nbsp;<\/p>\n<p><strong>Camp Four &#8211; Sports &#038; Fitness \u2013<\/strong> M\u00e1ire Treasa N\u00ed Dhubhghaill will host the Sports &#038; Fitness camp. M\u00e1ire Treasa is the face of \u201cRugba\u00ed Beo\u201d on TG4. Kids will be motivated to get off the couch and take part in fitness along with M\u00e1ire Treasa. They will learn how to stay well and healthy at home and they\u2019ll be introduced to the many sports that can be played. M\u00e1ire Treasa&#8217;s guests will investigate a whole range of sports, from football to judo to sailing. This week will be full of fun, sports and high energy!<br \/>\n&nbsp;<\/p>\n<p><strong>Camp Five \u2013 The Media<\/strong> (television, radio, podcasts, vlogging, writing) \u2013 this is a great opportunity to link in with Raidi\u00f3 na Gaeltachta, Tuairisc, Irish-language journalists, etc. The media have never been so important. Now that we are staying home, we depend on the media, one way or another, to get the latest news, to stay in touch with each other and to provide entertainment. There will be frequent reminders on how to stay safe online and how to share content safely. We will learn how to put a radio programme together and how to edit a newspaper. Caitl\u00edn Nic Aoidh will present this engaging week, presenting the various elements that make up the media. Caitl\u00edn is from Cloich Cheannfhaola in the Donegal Gaeltacht. She spent several years teaching before moving into the media. She has been working with TG4 since 2015, as a weather forecaster and continuity presenter, as well as on a range of live and pre-recorded shows. She is experienced in social and digital media as well as presenting on-camera.<br \/>\n&nbsp;<br \/>\nThe series of summer camps is produced with funding support from the Department of Culture, Heritage and the Gaeltacht and Foras na Gaeilge and as a function of the Irish Language <strong>Action Plan 2018-2022<\/strong>.<br \/>\n&nbsp;<\/p>\n<p>The Minister of State for the Irish Language, the Gaeltacht and the Islands, Senator Se\u00e1n Kyne, said: <em>&#8220;I am delighted that my department is able to support this exciting initiative. The Campa\u00ed C\u00fala4 series is a practical measure. It will be an extra support to families raising their children through Irish. It complements the 20 Year Strategy for the Irish Language 2010-2030 and the meaningful work being done by bodies such as Eala\u00edn na G\u200baeltachta, TechSpace, Tuismitheoir\u00ed na Gaeltachta and other Irish Language bodies that work with Irish for young people as part of the Strategy. I have no doubt that children will very much enjoy the series.&#8221;<\/em><\/p>\n<p>&nbsp; <\/p>\n<p>Siobh\u00e1n N\u00ed Bhr\u00e1daigh, TG4\u2019s Editor for Young People\u2019s Programmes, said: <em>&#8220;We hope that children will enjoy and delight in the Summer Camps that will be broadcast over 5 weeks on TG4. The camps will reinforce the output of C\u00fala4 ar Scoil for the last 2 months and will give children a taste of a different subject each week, including Art, Cooking, Fitness, Communication and STEAM.&#8221;<\/em><\/p>\n<p>&nbsp;<\/p>\n<p>&nbsp;<\/p>\n","protected":false},"excerpt":{"rendered":"<p>&nbsp; When &#8216;C\u00fala4 ar Scoil&#8217; finishes up at the end of the month and summer holidays officially begin, TG4 will broadcast five weeks of \u2018Campa\u00ed C\u00fala4\u2019 to keep kids busy and happy while the country is still dealing with restrictions imposed by Covid-19. There is usually a range of summer camps available for kids when [&hellip;]<\/p>\n","protected":false},"author":876,"featured_media":0,"parent":111527,"menu_order":22,"comment_status":"closed","ping_status":"closed","template":"page-templates\/template-pr.php","meta":{"_acf_changed":false,"footnotes":""},"acf":[],"yoast_head":"<!-- This site is optimized with the Yoast SEO plugin v22.6 - https:\/\/yoast.com\/wordpress\/plugins\/seo\/ -->\n<title>TG4 | \u2018Campa\u00ed C\u00fala4\u2019 \u2013 Summer Camps on TG4 | 2020 | Press Releases | Press | Irish Television Channel, S\u00fail Eile<\/title>\n<meta name=\"description\" content=\"As C\u00fala 4 ar Scoil draws to a close for the summer months, TG4 are delighted to announce Campa\u00ed C\u00fala4\" \/>\n<meta name=\"robots\" content=\"index, follow, max-snippet:-1, max-image-preview:large, max-video-preview:-1\" \/>\n<meta property=\"og:locale\" content=\"en_US\" \/>\n<meta property=\"og:type\" content=\"article\" \/>\n<meta property=\"og:title\" content=\"TG4 | \u2018Campa\u00ed C\u00fala4\u2019 \u2013 Summer Camps on TG4 | 2020 | Press Releases | Press | Irish Television Channel, S\u00fail Eile\" \/>\n<meta property=\"og:description\" content=\"As C\u00fala 4 ar Scoil draws to a close for the summer months, TG4 are delighted to announce Campa\u00ed C\u00fala4\" \/>\n<meta property=\"og:url\" content=\"https:\/\/dev.tg4.ie\/en\/information\/press\/press-releases\/2020-2\/campai-cula4-summer-camps-on-tg4\/\" \/>\n<meta property=\"og:site_name\" content=\"TG4\" \/>\n<meta property=\"article:publisher\" content=\"https:\/\/www.facebook.com\/TG4TV\" \/>\n<meta property=\"article:modified_time\" content=\"2021-11-04T15:40:06+00:00\" \/>\n<meta property=\"og:image\" content=\"https:\/\/tg4-docs.s3.amazonaws.com\/tg4-redesign-2015\/wp-content\/uploads\/2020\/06\/C4Campai-5Laithreoiri_pad.jpg\" \/>\n\t<meta property=\"og:image:width\" content=\"1200\" \/>\n\t<meta property=\"og:image:height\" content=\"630\" \/>\n\t<meta property=\"og:image:type\" content=\"image\/jpeg\" \/>\n<meta name=\"twitter:card\" content=\"summary_large_image\" \/>\n<meta name=\"twitter:image\" content=\"https:\/\/tg4-docs.s3.amazonaws.com\/tg4-redesign-2015\/wp-content\/uploads\/2020\/06\/C4Campai-5Laithreoiri_pad.jpg\" \/>\n<meta name=\"twitter:site\" content=\"@TG4TV\" \/>\n<meta name=\"twitter:label1\" content=\"Est. reading time\" \/>\n\t<meta name=\"twitter:data1\" content=\"5 minutes\" \/>\n<script type=\"application\/ld+json\" class=\"yoast-schema-graph\">{\"@context\":\"https:\/\/schema.org\",\"@graph\":[{\"@type\":\"WebPage\",\"@id\":\"https:\/\/dev.tg4.ie\/en\/information\/press\/press-releases\/2020-2\/campai-cula4-summer-camps-on-tg4\/\",\"url\":\"https:\/\/dev.tg4.ie\/en\/information\/press\/press-releases\/2020-2\/campai-cula4-summer-camps-on-tg4\/\",\"name\":\"TG4 | \u2018Campa\u00ed C\u00fala4\u2019 \u2013 Summer Camps on TG4 | 2020 | Press Releases | Press | Irish Television Channel, S\u00fail Eile\",\"isPartOf\":{\"@id\":\"https:\/\/dev.tg4.ie\/en\/#website\"},\"primaryImageOfPage\":{\"@id\":\"https:\/\/dev.tg4.ie\/en\/information\/press\/press-releases\/2020-2\/campai-cula4-summer-camps-on-tg4\/#primaryimage\"},\"image\":{\"@id\":\"https:\/\/dev.tg4.ie\/en\/information\/press\/press-releases\/2020-2\/campai-cula4-summer-camps-on-tg4\/#primaryimage\"},\"thumbnailUrl\":\"https:\/\/dev.tg4.ie\/wp-content\/uploads\/2020\/06\/C4Campai-5Laithreoiri.jpg\",\"datePublished\":\"2020-06-12T14:35:00+00:00\",\"dateModified\":\"2021-11-04T15:40:06+00:00\",\"description\":\"As C\u00fala 4 ar Scoil draws to a close for the summer months, TG4 are delighted to announce Campa\u00ed C\u00fala4\",\"breadcrumb\":{\"@id\":\"https:\/\/dev.tg4.ie\/en\/information\/press\/press-releases\/2020-2\/campai-cula4-summer-camps-on-tg4\/#breadcrumb\"},\"inLanguage\":\"en-ie\",\"potentialAction\":[{\"@type\":\"ReadAction\",\"target\":[\"https:\/\/dev.tg4.ie\/en\/information\/press\/press-releases\/2020-2\/campai-cula4-summer-camps-on-tg4\/\"]}]},{\"@type\":\"ImageObject\",\"inLanguage\":\"en-ie\",\"@id\":\"https:\/\/dev.tg4.ie\/en\/information\/press\/press-releases\/2020-2\/campai-cula4-summer-camps-on-tg4\/#primaryimage\",\"url\":\"https:\/\/dev.tg4.ie\/wp-content\/uploads\/2020\/06\/C4Campai-5Laithreoiri.jpg\",\"contentUrl\":\"https:\/\/dev.tg4.ie\/wp-content\/uploads\/2020\/06\/C4Campai-5Laithreoiri.jpg\"},{\"@type\":\"BreadcrumbList\",\"@id\":\"https:\/\/dev.tg4.ie\/en\/information\/press\/press-releases\/2020-2\/campai-cula4-summer-camps-on-tg4\/#breadcrumb\",\"itemListElement\":[{\"@type\":\"ListItem\",\"position\":1,\"name\":\"Home\",\"item\":\"https:\/\/dev.tg4.ie\/en\/\"},{\"@type\":\"ListItem\",\"position\":2,\"name\":\"Information\",\"item\":\"https:\/\/dev.tg4.ie\/en\/information\/\"},{\"@type\":\"ListItem\",\"position\":3,\"name\":\"Press\",\"item\":\"https:\/\/dev.tg4.ie\/en\/information\/press\/\"},{\"@type\":\"ListItem\",\"position\":4,\"name\":\"Press Releases\",\"item\":\"https:\/\/dev.tg4.ie\/en\/information\/press\/press-releases\/\"},{\"@type\":\"ListItem\",\"position\":5,\"name\":\"2020\",\"item\":\"https:\/\/dev.tg4.ie\/en\/information\/press\/press-releases\/2020-2\/\"},{\"@type\":\"ListItem\",\"position\":6,\"name\":\"&#8216;Campa\u00ed C\u00fala4&#8217; &#8211; Summer Camps on TG4\"}]},{\"@type\":\"WebSite\",\"@id\":\"https:\/\/dev.tg4.ie\/en\/#website\",\"url\":\"https:\/\/dev.tg4.ie\/en\/\",\"name\":\"TG4\",\"description\":\"S\u00fail Eile\",\"potentialAction\":[{\"@type\":\"SearchAction\",\"target\":{\"@type\":\"EntryPoint\",\"urlTemplate\":\"https:\/\/dev.tg4.ie\/en\/?s={search_term_string}\"},\"query-input\":\"required name=search_term_string\"}],\"inLanguage\":\"en-ie\"}]}<\/script>\n<!-- \/ Yoast SEO plugin. -->","yoast_head_json":{"title":"TG4 | \u2018Campa\u00ed C\u00fala4\u2019 \u2013 Summer Camps on TG4 | 2020 | Press Releases | Press | Irish Television Channel, S\u00fail Eile","description":"As C\u00fala 4 ar Scoil draws to a close for the summer months, TG4 are delighted to announce Campa\u00ed C\u00fala4","robots":{"index":"index","follow":"follow","max-snippet":"max-snippet:-1","max-image-preview":"max-image-preview:large","max-video-preview":"max-video-preview:-1"},"og_locale":"en_US","og_type":"article","og_title":"TG4 | \u2018Campa\u00ed C\u00fala4\u2019 \u2013 Summer Camps on TG4 | 2020 | Press Releases | Press | Irish Television Channel, S\u00fail Eile","og_description":"As C\u00fala 4 ar Scoil draws to a close for the summer months, TG4 are delighted to announce Campa\u00ed C\u00fala4","og_url":"https:\/\/dev.tg4.ie\/en\/information\/press\/press-releases\/2020-2\/campai-cula4-summer-camps-on-tg4\/","og_site_name":"TG4","article_publisher":"https:\/\/www.facebook.com\/TG4TV","article_modified_time":"2021-11-04T15:40:06+00:00","og_image":[{"width":1200,"height":630,"url":"https:\/\/tg4-docs.s3.amazonaws.com\/tg4-redesign-2015\/wp-content\/uploads\/2020\/06\/C4Campai-5Laithreoiri_pad.jpg","type":"image\/jpeg"}],"twitter_card":"summary_large_image","twitter_image":"https:\/\/tg4-docs.s3.amazonaws.com\/tg4-redesign-2015\/wp-content\/uploads\/2020\/06\/C4Campai-5Laithreoiri_pad.jpg","twitter_site":"@TG4TV","twitter_misc":{"Est. reading time":"5 minutes"},"schema":{"@context":"https:\/\/schema.org","@graph":[{"@type":"WebPage","@id":"https:\/\/dev.tg4.ie\/en\/information\/press\/press-releases\/2020-2\/campai-cula4-summer-camps-on-tg4\/","url":"https:\/\/dev.tg4.ie\/en\/information\/press\/press-releases\/2020-2\/campai-cula4-summer-camps-on-tg4\/","name":"TG4 | \u2018Campa\u00ed C\u00fala4\u2019 \u2013 Summer Camps on TG4 | 2020 | Press Releases | Press | Irish Television Channel, S\u00fail Eile","isPartOf":{"@id":"https:\/\/dev.tg4.ie\/en\/#website"},"primaryImageOfPage":{"@id":"https:\/\/dev.tg4.ie\/en\/information\/press\/press-releases\/2020-2\/campai-cula4-summer-camps-on-tg4\/#primaryimage"},"image":{"@id":"https:\/\/dev.tg4.ie\/en\/information\/press\/press-releases\/2020-2\/campai-cula4-summer-camps-on-tg4\/#primaryimage"},"thumbnailUrl":"https:\/\/dev.tg4.ie\/wp-content\/uploads\/2020\/06\/C4Campai-5Laithreoiri.jpg","datePublished":"2020-06-12T14:35:00+00:00","dateModified":"2021-11-04T15:40:06+00:00","description":"As C\u00fala 4 ar Scoil draws to a close for the summer months, TG4 are delighted to announce Campa\u00ed C\u00fala4","breadcrumb":{"@id":"https:\/\/dev.tg4.ie\/en\/information\/press\/press-releases\/2020-2\/campai-cula4-summer-camps-on-tg4\/#breadcrumb"},"inLanguage":"en-ie","potentialAction":[{"@type":"ReadAction","target":["https:\/\/dev.tg4.ie\/en\/information\/press\/press-releases\/2020-2\/campai-cula4-summer-camps-on-tg4\/"]}]},{"@type":"ImageObject","inLanguage":"en-ie","@id":"https:\/\/dev.tg4.ie\/en\/information\/press\/press-releases\/2020-2\/campai-cula4-summer-camps-on-tg4\/#primaryimage","url":"https:\/\/dev.tg4.ie\/wp-content\/uploads\/2020\/06\/C4Campai-5Laithreoiri.jpg","contentUrl":"https:\/\/dev.tg4.ie\/wp-content\/uploads\/2020\/06\/C4Campai-5Laithreoiri.jpg"},{"@type":"BreadcrumbList","@id":"https:\/\/dev.tg4.ie\/en\/information\/press\/press-releases\/2020-2\/campai-cula4-summer-camps-on-tg4\/#breadcrumb","itemListElement":[{"@type":"ListItem","position":1,"name":"Home","item":"https:\/\/dev.tg4.ie\/en\/"},{"@type":"ListItem","position":2,"name":"Information","item":"https:\/\/dev.tg4.ie\/en\/information\/"},{"@type":"ListItem","position":3,"name":"Press","item":"https:\/\/dev.tg4.ie\/en\/information\/press\/"},{"@type":"ListItem","position":4,"name":"Press Releases","item":"https:\/\/dev.tg4.ie\/en\/information\/press\/press-releases\/"},{"@type":"ListItem","position":5,"name":"2020","item":"https:\/\/dev.tg4.ie\/en\/information\/press\/press-releases\/2020-2\/"},{"@type":"ListItem","position":6,"name":"&#8216;Campa\u00ed C\u00fala4&#8217; &#8211; Summer Camps on TG4"}]},{"@type":"WebSite","@id":"https:\/\/dev.tg4.ie\/en\/#website","url":"https:\/\/dev.tg4.ie\/en\/","name":"TG4","description":"S\u00fail Eile","potentialAction":[{"@type":"SearchAction","target":{"@type":"EntryPoint","urlTemplate":"https:\/\/dev.tg4.ie\/en\/?s={search_term_string}"},"query-input":"required name=search_term_string"}],"inLanguage":"en-ie"}]}},"_links":{"self":[{"href":"https:\/\/dev.tg4.ie\/en\/wp-json\/wp\/v2\/pages\/113195"}],"collection":[{"href":"https:\/\/dev.tg4.ie\/en\/wp-json\/wp\/v2\/pages"}],"about":[{"href":"https:\/\/dev.tg4.ie\/en\/wp-json\/wp\/v2\/types\/page"}],"author":[{"embeddable":true,"href":"https:\/\/dev.tg4.ie\/en\/wp-json\/wp\/v2\/users\/876"}],"replies":[{"embeddable":true,"href":"https:\/\/dev.tg4.ie\/en\/wp-json\/wp\/v2\/comments?post=113195"}],"version-history":[{"count":0,"href":"https:\/\/dev.tg4.ie\/en\/wp-json\/wp\/v2\/pages\/113195\/revisions"}],"up":[{"embeddable":true,"href":"https:\/\/dev.tg4.ie\/en\/wp-json\/wp\/v2\/pages\/111527"}],"wp:attachment":[{"href":"https:\/\/dev.tg4.ie\/en\/wp-json\/wp\/v2\/media?parent=113195"}],"curies":[{"name":"wp","href":"https:\/\/api.w.org\/{rel}","templated":true}]}}