{"id":113227,"date":"2020-06-17T10:04:42","date_gmt":"2020-06-17T09:04:42","guid":{"rendered":"https:\/\/dev.tg4.ie\/?page_id=113227"},"modified":"2021-11-04T16:36:50","modified_gmt":"2021-11-04T16:36:50","slug":"gaa-cul-camps-to-air-on-tg4-this-summer","status":"publish","type":"page","link":"https:\/\/dev.tg4.ie\/en\/information\/press\/press-releases\/2020-2\/gaa-cul-camps-to-air-on-tg4-this-summer\/","title":{"rendered":"GAA C\u00fal Camps to air on TG4 this Summer"},"content":{"rendered":"<p><a href=\"https:\/\/tg4-docs.s3.amazonaws.com\/tg4-redesign-2015\/wp-content\/uploads\/2020\/06\/Grainne-Cul_Camps_2_1920x1080.jpg\"><img loading=\"lazy\" decoding=\"async\" width=\"1920\" height=\"1080\" src=\"https:\/\/tg4-docs.s3.amazonaws.com\/tg4-redesign-2015\/wp-content\/uploads\/2020\/06\/Grainne-Cul_Camps_2_1920x1080.jpg\" alt=\"\" class=\"aligncenter size-full wp-image-113216\" srcset=\"https:\/\/tg4-docs.s3.amazonaws.com\/tg4-redesign-2015\/wp-content\/uploads\/2020\/06\/Grainne-Cul_Camps_2_1920x1080.jpg 1920w, https:\/\/tg4-docs.s3.amazonaws.com\/tg4-redesign-2015\/wp-content\/uploads\/2020\/06\/Grainne-Cul_Camps_2_1920x1080-250x141.jpg 250w, https:\/\/tg4-docs.s3.amazonaws.com\/tg4-redesign-2015\/wp-content\/uploads\/2020\/06\/Grainne-Cul_Camps_2_1920x1080-700x394.jpg 700w, https:\/\/tg4-docs.s3.amazonaws.com\/tg4-redesign-2015\/wp-content\/uploads\/2020\/06\/Grainne-Cul_Camps_2_1920x1080-252x141.jpg 252w, https:\/\/tg4-docs.s3.amazonaws.com\/tg4-redesign-2015\/wp-content\/uploads\/2020\/06\/Grainne-Cul_Camps_2_1920x1080-1536x864.jpg 1536w, https:\/\/tg4-docs.s3.amazonaws.com\/tg4-redesign-2015\/wp-content\/uploads\/2020\/06\/Grainne-Cul_Camps_2_1920x1080-120x68.jpg 120w\" sizes=\"(max-width: 1920px) 100vw, 1920px\" \/><\/a><\/p>\n<p>&nbsp;<br \/>\nThe GAA, in conjunction with Kellogg\u2019s and TG4, are pleased to announce new plans for the staging of the 2020 Kellogg\u2019s GAA C\u00fal Camps.  The camps themselves will start on July 20th with an exciting new <strong>GAA C\u00fal Camps<\/strong> tv programme airing on TG4 getting kids warmed up from June 29th.<\/p>\n<p>This first phase of camp activity will be broadcast Monday to Friday from 10.25 to 11.00am and repeated at 5.15pm from June 29th to July 17th  on TG4.  It will also be available on the TG4 player TG4.ie, making the return to camp activity, both live and on demand, available to everyone at home and abroad.<\/p>\n<p>The <strong>GAA C\u00fal Camps<\/strong> series will be produced by Waterford based Nemeton TV, and presented by Gr\u00e1inne Bleasdale.  Gr\u00e1inne has had many roles on stage and television, as a puppeteer and as a presenter, including Operation Transformation -10@10 (RT\u00c9), Ros na R\u00fan (TG4), D\u00e9an \u00c9! (TG4), Dig In Saol Faoi Shr\u00e1id (TG4).<\/p>\n<p>The series will include skills, drills, games, nutrition, and wellness segments that will appeal to all the family from multiple All-Ireland winning Cork Camogie and Football star, Rena Buckley, Dublin hurler Liam Rushe and former Donegal footballer star Kevin Cassidy. <\/p>\n<p>Recent developments with the Government and GAA roadmaps, and extensive planning relating to health and safety, mean details for this year\u2019s camps can now be confirmed. In line with the Safe Return to Gaelic Games Document, children will be welcomed back to club venues around the country from July 20th.<\/p>\n<p>A list of all venues will be confirmed on the c\u00fal camp website <a href=\"https:\/\/www.kelloggsculcamps.gaa.ie\/\" rel=\"noopener noreferrer\" target=\"_blank\">gaa.ie\/kelloggsculcamps<\/a> on June 22nd when bookings reopen.<\/p>\n<p>Prices are as follows;<br \/>\nFirst child \u20ac65.00\/\u00a355.00<br \/>\nSecond child \u20ac60.00 \/ \u00a350.00<br \/>\nThird+ children \u20ac50.00 \/\u00a345.00<\/p>\n<p>Camp times may be altered in selected venues due to the current circumstances.<\/p>\n<p>Morning: (09.30 to 13.30)<br \/>\nMid-morning: (10.00 to 14.00)<br \/>\nAfternoon: (14.30 to 18.30)<\/p>\n<p>These options will be clearly outlined on the camps website and details on specific camps safety protocols will be shared with all those registering for camps.<\/p>\n<p>The Kellogg\u2019s GAA C\u00fal Camps kit is a huge part of our camps with mass appeal among primary school children all around the country and beyond.  Given current circumstances, camps schedules may be reduced in certain counties which has prompted the GAA to pursue the option of making kit available for sale for children who may not get the option to participate in the 2020 camp programme.  Kit will be available for sale online at <a href=\"https:\/\/www.kelloggsculcamps.gaa.ie\/\" rel=\"noopener noreferrer\" target=\"_blank\">gaa.ie\/kelloggsculcamps<\/a>.<\/p>\n<p>For the over 4,000 people who had pre-registered for 2020 camps, they have been contacted with three options; 1) a full refund 2) a delivery of kit and a refund of the remaining amount or 3) priority for a place on one of our re-scheduled camps.<\/p>\n<p>To allow for all health and safety measures, capacity at certain camp locations and venues may be reduced this year and in some instances demand for places will outstrip availability.  Early booking is strongly advised.<\/p>\n<p>Since 2006, 1,389,539 children have participated in the c\u00fal camps programme including over 156,000 children and nearly 6,000 coaches in 2019.  We are committed to providing children with the opportunity to play Gaelic games this summer and look forward to a new season of both broadcast and live Kellogg\u2019s GAA C\u00fal Camps.<\/p>\n<p><strong>GAA President John Horan<\/strong> welcomed confirmation of details for the 2020 camps.<\/p>\n<p>He said: <em>&#8220;I am delighted that we are in a position to confirm plans around arrangements for our 2020 Kellogg\u2019s GAA C\u00fal Camps and acknowledge all of the work that has taken place in recent weeks in an effort to get us to this point.&#8221;<\/p>\n<p>&#8220;2020 has been a very challenging year for everyone and we have had to revisit what are the most successful underage camps run by any organisation, anywhere.&#8221;<\/p>\n<p>&#8220;We were determined to run the camps this year and while they have to be organised differently, I hope the essence of what they represent will still shine through.&#8221;<\/p>\n<p>&#8220;I\u2019d also like to acknowledge the support of long-term partners Kellogg\u2019s for their ongoing support and also TG4, who will play a central role in the first phase.&#8221;<\/em><\/p>\n<p><strong>Ruth Hughes, Kellogg Market Head Ireland<\/strong> said <em>\u201cWe are delighted the Kellogg\u2019s GAA C\u00fal Camps are going ahead this year with the exciting addition of bringing it to people\u2019s homes on the small screen. The GAA have strict health and safety guidelines in place and I look forward to sending my own kids to our local camp. The whole team at Kellogg is proud to help fuel children from breakfast table to pitch now more so than ever.\u201d<\/em><\/p>\n<p><strong>TG4&#8217;s Head of Sport, Ron\u00e1n \u00d3 Coisdealbha<\/strong> said <em>&#8220;We are very excited to be working with the GAA and Kellogg&#8217;s on this initiative and to be giving the next generation of children the opportunity to improve their GAA skills from home. The GAA C\u00fal Camps television series, along with our Campa C\u00fala4 programme will form a one-hour block of television each morning which will entertain and educate children with action-packed activities during the Summer.&#8221;<\/em><\/p>\n<p>&nbsp;<br \/>\n<a href=\"https:\/\/tg4-docs.s3.amazonaws.com\/tg4-redesign-2015\/wp-content\/uploads\/2020\/06\/Kellogg_s_GAA_Cul_Camps_2020-2_1000x1000.jpg\"><img loading=\"lazy\" decoding=\"async\" width=\"141\" height=\"141\" src=\"https:\/\/tg4-docs.s3.amazonaws.com\/tg4-redesign-2015\/wp-content\/uploads\/2020\/06\/Kellogg_s_GAA_Cul_Camps_2020-2_1000x1000-141x141.jpg\" alt=\"\" class=\"aligncenter size-thumbnail wp-image-113220\" srcset=\"https:\/\/tg4-docs.s3.amazonaws.com\/tg4-redesign-2015\/wp-content\/uploads\/2020\/06\/Kellogg_s_GAA_Cul_Camps_2020-2_1000x1000-141x141.jpg 141w, https:\/\/tg4-docs.s3.amazonaws.com\/tg4-redesign-2015\/wp-content\/uploads\/2020\/06\/Kellogg_s_GAA_Cul_Camps_2020-2_1000x1000-250x250.jpg 250w, https:\/\/tg4-docs.s3.amazonaws.com\/tg4-redesign-2015\/wp-content\/uploads\/2020\/06\/Kellogg_s_GAA_Cul_Camps_2020-2_1000x1000-700x700.jpg 700w, https:\/\/tg4-docs.s3.amazonaws.com\/tg4-redesign-2015\/wp-content\/uploads\/2020\/06\/Kellogg_s_GAA_Cul_Camps_2020-2_1000x1000-120x120.jpg 120w, https:\/\/tg4-docs.s3.amazonaws.com\/tg4-redesign-2015\/wp-content\/uploads\/2020\/06\/Kellogg_s_GAA_Cul_Camps_2020-2_1000x1000.jpg 1000w\" sizes=\"(max-width: 141px) 100vw, 141px\" \/><\/a> <a href=\"https:\/\/tg4-docs.s3.amazonaws.com\/tg4-redesign-2015\/wp-content\/uploads\/2020\/06\/Kelloggs_GAA_Cl_Camps_logo_1000x1000.jpg\"><img loading=\"lazy\" decoding=\"async\" width=\"141\" height=\"141\" src=\"https:\/\/tg4-docs.s3.amazonaws.com\/tg4-redesign-2015\/wp-content\/uploads\/2020\/06\/Kelloggs_GAA_Cl_Camps_logo_1000x1000-141x141.jpg\" alt=\"\" class=\"aligncenter size-thumbnail wp-image-113219\" srcset=\"https:\/\/tg4-docs.s3.amazonaws.com\/tg4-redesign-2015\/wp-content\/uploads\/2020\/06\/Kelloggs_GAA_Cl_Camps_logo_1000x1000-141x141.jpg 141w, https:\/\/tg4-docs.s3.amazonaws.com\/tg4-redesign-2015\/wp-content\/uploads\/2020\/06\/Kelloggs_GAA_Cl_Camps_logo_1000x1000-250x250.jpg 250w, https:\/\/tg4-docs.s3.amazonaws.com\/tg4-redesign-2015\/wp-content\/uploads\/2020\/06\/Kelloggs_GAA_Cl_Camps_logo_1000x1000-700x700.jpg 700w, https:\/\/tg4-docs.s3.amazonaws.com\/tg4-redesign-2015\/wp-content\/uploads\/2020\/06\/Kelloggs_GAA_Cl_Camps_logo_1000x1000-120x120.jpg 120w, https:\/\/tg4-docs.s3.amazonaws.com\/tg4-redesign-2015\/wp-content\/uploads\/2020\/06\/Kelloggs_GAA_Cl_Camps_logo_1000x1000.jpg 1000w\" sizes=\"(max-width: 141px) 100vw, 141px\" \/><\/a> <a href=\"https:\/\/tg4-docs.s3.amazonaws.com\/tg4-redesign-2015\/wp-content\/uploads\/2020\/06\/Kellogg_s_GAA_Cul_Camps_2020-1_1000x1000.jpg\"><img loading=\"lazy\" decoding=\"async\" width=\"141\" height=\"141\" src=\"https:\/\/tg4-docs.s3.amazonaws.com\/tg4-redesign-2015\/wp-content\/uploads\/2020\/06\/Kellogg_s_GAA_Cul_Camps_2020-1_1000x1000-141x141.jpg\" alt=\"\" class=\"aligncenter size-thumbnail wp-image-113218\" srcset=\"https:\/\/tg4-docs.s3.amazonaws.com\/tg4-redesign-2015\/wp-content\/uploads\/2020\/06\/Kellogg_s_GAA_Cul_Camps_2020-1_1000x1000-141x141.jpg 141w, https:\/\/tg4-docs.s3.amazonaws.com\/tg4-redesign-2015\/wp-content\/uploads\/2020\/06\/Kellogg_s_GAA_Cul_Camps_2020-1_1000x1000-250x250.jpg 250w, https:\/\/tg4-docs.s3.amazonaws.com\/tg4-redesign-2015\/wp-content\/uploads\/2020\/06\/Kellogg_s_GAA_Cul_Camps_2020-1_1000x1000-700x700.jpg 700w, https:\/\/tg4-docs.s3.amazonaws.com\/tg4-redesign-2015\/wp-content\/uploads\/2020\/06\/Kellogg_s_GAA_Cul_Camps_2020-1_1000x1000-120x120.jpg 120w, https:\/\/tg4-docs.s3.amazonaws.com\/tg4-redesign-2015\/wp-content\/uploads\/2020\/06\/Kellogg_s_GAA_Cul_Camps_2020-1_1000x1000.jpg 1000w\" sizes=\"(max-width: 141px) 100vw, 141px\" \/><\/a> <a href=\"https:\/\/tg4-docs.s3.amazonaws.com\/tg4-redesign-2015\/wp-content\/uploads\/2020\/06\/2020_C%C3%BAl_Camps_Kit_1000x1000.jpg\"><img decoding=\"async\" src=\"https:\/\/tg4-docs.s3.amazonaws.com\/tg4-redesign-2015\/wp-content\/uploads\/2020\/06\/2020_C%C3%BAl_Camps_Kit_1000x1000-141x141.jpg\" alt=\"\" class=\"aligncenter size-thumbnail wp-image-113221\" \/><\/a><br \/>\n&nbsp;<\/p>\n","protected":false},"excerpt":{"rendered":"<p>&nbsp; The GAA, in conjunction with Kellogg\u2019s and TG4, are pleased to announce new plans for the staging of the 2020 Kellogg\u2019s GAA C\u00fal Camps. The camps themselves will start on July 20th with an exciting new GAA C\u00fal Camps tv programme airing on TG4 getting kids warmed up from June 29th. This first phase [&hellip;]<\/p>\n","protected":false},"author":876,"featured_media":0,"parent":111527,"menu_order":23,"comment_status":"closed","ping_status":"closed","template":"page-templates\/template-pr.php","meta":{"_acf_changed":false,"footnotes":""},"acf":[],"yoast_head":"<!-- This site is optimized with the Yoast SEO plugin v22.6 - https:\/\/yoast.com\/wordpress\/plugins\/seo\/ -->\n<title>TG4 | GAA C\u00fal Camps to air on TG4 this Summer | 2020 | Press Releases | Press | Irish Television Channel, S\u00fail Eile<\/title>\n<meta name=\"description\" content=\"TG4 are delight to announce the airing of the 2020 Kellog&#039;s GAA C\u00fal Camps - suitable for children of all ages\" \/>\n<meta name=\"robots\" content=\"index, follow, max-snippet:-1, max-image-preview:large, max-video-preview:-1\" \/>\n<meta property=\"og:locale\" content=\"en_US\" \/>\n<meta property=\"og:type\" content=\"article\" \/>\n<meta property=\"og:title\" content=\"TG4 | GAA C\u00fal Camps to air on TG4 this Summer | 2020 | Press Releases | Press | Irish Television Channel, S\u00fail Eile\" \/>\n<meta property=\"og:description\" content=\"TG4 are delight to announce the airing of the 2020 Kellog&#039;s GAA C\u00fal Camps - suitable for children of all ages\" \/>\n<meta property=\"og:url\" content=\"https:\/\/dev.tg4.ie\/en\/information\/press\/press-releases\/2020-2\/gaa-cul-camps-to-air-on-tg4-this-summer\/\" \/>\n<meta property=\"og:site_name\" content=\"TG4\" \/>\n<meta property=\"article:publisher\" content=\"https:\/\/www.facebook.com\/TG4TV\" \/>\n<meta property=\"article:modified_time\" content=\"2021-11-04T16:36:50+00:00\" \/>\n<meta property=\"og:image\" content=\"https:\/\/tg4-docs.s3.amazonaws.com\/tg4-redesign-2015\/wp-content\/uploads\/2020\/06\/Grainne-Cul_Camps_2_1920x1080.jpg\" \/>\n\t<meta property=\"og:image:width\" content=\"1920\" \/>\n\t<meta property=\"og:image:height\" content=\"1080\" \/>\n\t<meta property=\"og:image:type\" content=\"image\/jpeg\" \/>\n<meta name=\"twitter:card\" content=\"summary_large_image\" \/>\n<meta name=\"twitter:image\" content=\"https:\/\/tg4-docs.s3.amazonaws.com\/tg4-redesign-2015\/wp-content\/uploads\/2020\/06\/Grainne-Cul_Camps_2_1920x1080.jpg\" \/>\n<meta name=\"twitter:site\" content=\"@TG4TV\" \/>\n<meta name=\"twitter:label1\" content=\"Est. reading time\" \/>\n\t<meta name=\"twitter:data1\" content=\"4 minutes\" \/>\n<script type=\"application\/ld+json\" class=\"yoast-schema-graph\">{\"@context\":\"https:\/\/schema.org\",\"@graph\":[{\"@type\":\"WebPage\",\"@id\":\"https:\/\/dev.tg4.ie\/en\/information\/press\/press-releases\/2020-2\/gaa-cul-camps-to-air-on-tg4-this-summer\/\",\"url\":\"https:\/\/dev.tg4.ie\/en\/information\/press\/press-releases\/2020-2\/gaa-cul-camps-to-air-on-tg4-this-summer\/\",\"name\":\"TG4 | GAA C\u00fal Camps to air on TG4 this Summer | 2020 | Press Releases | Press | Irish Television Channel, S\u00fail Eile\",\"isPartOf\":{\"@id\":\"https:\/\/dev.tg4.ie\/en\/#website\"},\"primaryImageOfPage\":{\"@id\":\"https:\/\/dev.tg4.ie\/en\/information\/press\/press-releases\/2020-2\/gaa-cul-camps-to-air-on-tg4-this-summer\/#primaryimage\"},\"image\":{\"@id\":\"https:\/\/dev.tg4.ie\/en\/information\/press\/press-releases\/2020-2\/gaa-cul-camps-to-air-on-tg4-this-summer\/#primaryimage\"},\"thumbnailUrl\":\"https:\/\/dev.tg4.ie\/wp-content\/uploads\/2020\/06\/Grainne-Cul_Camps_2_1920x1080.jpg\",\"datePublished\":\"2020-06-17T09:04:42+00:00\",\"dateModified\":\"2021-11-04T16:36:50+00:00\",\"description\":\"TG4 are delight to announce the airing of the 2020 Kellog's GAA C\u00fal Camps - suitable for children of all ages\",\"breadcrumb\":{\"@id\":\"https:\/\/dev.tg4.ie\/en\/information\/press\/press-releases\/2020-2\/gaa-cul-camps-to-air-on-tg4-this-summer\/#breadcrumb\"},\"inLanguage\":\"en-ie\",\"potentialAction\":[{\"@type\":\"ReadAction\",\"target\":[\"https:\/\/dev.tg4.ie\/en\/information\/press\/press-releases\/2020-2\/gaa-cul-camps-to-air-on-tg4-this-summer\/\"]}]},{\"@type\":\"ImageObject\",\"inLanguage\":\"en-ie\",\"@id\":\"https:\/\/dev.tg4.ie\/en\/information\/press\/press-releases\/2020-2\/gaa-cul-camps-to-air-on-tg4-this-summer\/#primaryimage\",\"url\":\"https:\/\/dev.tg4.ie\/wp-content\/uploads\/2020\/06\/Grainne-Cul_Camps_2_1920x1080.jpg\",\"contentUrl\":\"https:\/\/dev.tg4.ie\/wp-content\/uploads\/2020\/06\/Grainne-Cul_Camps_2_1920x1080.jpg\"},{\"@type\":\"BreadcrumbList\",\"@id\":\"https:\/\/dev.tg4.ie\/en\/information\/press\/press-releases\/2020-2\/gaa-cul-camps-to-air-on-tg4-this-summer\/#breadcrumb\",\"itemListElement\":[{\"@type\":\"ListItem\",\"position\":1,\"name\":\"Home\",\"item\":\"https:\/\/dev.tg4.ie\/en\/\"},{\"@type\":\"ListItem\",\"position\":2,\"name\":\"Information\",\"item\":\"https:\/\/dev.tg4.ie\/en\/information\/\"},{\"@type\":\"ListItem\",\"position\":3,\"name\":\"Press\",\"item\":\"https:\/\/dev.tg4.ie\/en\/information\/press\/\"},{\"@type\":\"ListItem\",\"position\":4,\"name\":\"Press Releases\",\"item\":\"https:\/\/dev.tg4.ie\/en\/information\/press\/press-releases\/\"},{\"@type\":\"ListItem\",\"position\":5,\"name\":\"2020\",\"item\":\"https:\/\/dev.tg4.ie\/en\/information\/press\/press-releases\/2020-2\/\"},{\"@type\":\"ListItem\",\"position\":6,\"name\":\"GAA C\u00fal Camps to air on TG4 this Summer\"}]},{\"@type\":\"WebSite\",\"@id\":\"https:\/\/dev.tg4.ie\/en\/#website\",\"url\":\"https:\/\/dev.tg4.ie\/en\/\",\"name\":\"TG4\",\"description\":\"S\u00fail Eile\",\"potentialAction\":[{\"@type\":\"SearchAction\",\"target\":{\"@type\":\"EntryPoint\",\"urlTemplate\":\"https:\/\/dev.tg4.ie\/en\/?s={search_term_string}\"},\"query-input\":\"required name=search_term_string\"}],\"inLanguage\":\"en-ie\"}]}<\/script>\n<!-- \/ Yoast SEO plugin. -->","yoast_head_json":{"title":"TG4 | GAA C\u00fal Camps to air on TG4 this Summer | 2020 | Press Releases | Press | Irish Television Channel, S\u00fail Eile","description":"TG4 are delight to announce the airing of the 2020 Kellog's GAA C\u00fal Camps - suitable for children of all ages","robots":{"index":"index","follow":"follow","max-snippet":"max-snippet:-1","max-image-preview":"max-image-preview:large","max-video-preview":"max-video-preview:-1"},"og_locale":"en_US","og_type":"article","og_title":"TG4 | GAA C\u00fal Camps to air on TG4 this Summer | 2020 | Press Releases | Press | Irish Television Channel, S\u00fail Eile","og_description":"TG4 are delight to announce the airing of the 2020 Kellog's GAA C\u00fal Camps - suitable for children of all ages","og_url":"https:\/\/dev.tg4.ie\/en\/information\/press\/press-releases\/2020-2\/gaa-cul-camps-to-air-on-tg4-this-summer\/","og_site_name":"TG4","article_publisher":"https:\/\/www.facebook.com\/TG4TV","article_modified_time":"2021-11-04T16:36:50+00:00","og_image":[{"width":1920,"height":1080,"url":"https:\/\/tg4-docs.s3.amazonaws.com\/tg4-redesign-2015\/wp-content\/uploads\/2020\/06\/Grainne-Cul_Camps_2_1920x1080.jpg","type":"image\/jpeg"}],"twitter_card":"summary_large_image","twitter_image":"https:\/\/tg4-docs.s3.amazonaws.com\/tg4-redesign-2015\/wp-content\/uploads\/2020\/06\/Grainne-Cul_Camps_2_1920x1080.jpg","twitter_site":"@TG4TV","twitter_misc":{"Est. reading time":"4 minutes"},"schema":{"@context":"https:\/\/schema.org","@graph":[{"@type":"WebPage","@id":"https:\/\/dev.tg4.ie\/en\/information\/press\/press-releases\/2020-2\/gaa-cul-camps-to-air-on-tg4-this-summer\/","url":"https:\/\/dev.tg4.ie\/en\/information\/press\/press-releases\/2020-2\/gaa-cul-camps-to-air-on-tg4-this-summer\/","name":"TG4 | GAA C\u00fal Camps to air on TG4 this Summer | 2020 | Press Releases | Press | Irish Television Channel, S\u00fail Eile","isPartOf":{"@id":"https:\/\/dev.tg4.ie\/en\/#website"},"primaryImageOfPage":{"@id":"https:\/\/dev.tg4.ie\/en\/information\/press\/press-releases\/2020-2\/gaa-cul-camps-to-air-on-tg4-this-summer\/#primaryimage"},"image":{"@id":"https:\/\/dev.tg4.ie\/en\/information\/press\/press-releases\/2020-2\/gaa-cul-camps-to-air-on-tg4-this-summer\/#primaryimage"},"thumbnailUrl":"https:\/\/dev.tg4.ie\/wp-content\/uploads\/2020\/06\/Grainne-Cul_Camps_2_1920x1080.jpg","datePublished":"2020-06-17T09:04:42+00:00","dateModified":"2021-11-04T16:36:50+00:00","description":"TG4 are delight to announce the airing of the 2020 Kellog's GAA C\u00fal Camps - suitable for children of all ages","breadcrumb":{"@id":"https:\/\/dev.tg4.ie\/en\/information\/press\/press-releases\/2020-2\/gaa-cul-camps-to-air-on-tg4-this-summer\/#breadcrumb"},"inLanguage":"en-ie","potentialAction":[{"@type":"ReadAction","target":["https:\/\/dev.tg4.ie\/en\/information\/press\/press-releases\/2020-2\/gaa-cul-camps-to-air-on-tg4-this-summer\/"]}]},{"@type":"ImageObject","inLanguage":"en-ie","@id":"https:\/\/dev.tg4.ie\/en\/information\/press\/press-releases\/2020-2\/gaa-cul-camps-to-air-on-tg4-this-summer\/#primaryimage","url":"https:\/\/dev.tg4.ie\/wp-content\/uploads\/2020\/06\/Grainne-Cul_Camps_2_1920x1080.jpg","contentUrl":"https:\/\/dev.tg4.ie\/wp-content\/uploads\/2020\/06\/Grainne-Cul_Camps_2_1920x1080.jpg"},{"@type":"BreadcrumbList","@id":"https:\/\/dev.tg4.ie\/en\/information\/press\/press-releases\/2020-2\/gaa-cul-camps-to-air-on-tg4-this-summer\/#breadcrumb","itemListElement":[{"@type":"ListItem","position":1,"name":"Home","item":"https:\/\/dev.tg4.ie\/en\/"},{"@type":"ListItem","position":2,"name":"Information","item":"https:\/\/dev.tg4.ie\/en\/information\/"},{"@type":"ListItem","position":3,"name":"Press","item":"https:\/\/dev.tg4.ie\/en\/information\/press\/"},{"@type":"ListItem","position":4,"name":"Press Releases","item":"https:\/\/dev.tg4.ie\/en\/information\/press\/press-releases\/"},{"@type":"ListItem","position":5,"name":"2020","item":"https:\/\/dev.tg4.ie\/en\/information\/press\/press-releases\/2020-2\/"},{"@type":"ListItem","position":6,"name":"GAA C\u00fal Camps to air on TG4 this Summer"}]},{"@type":"WebSite","@id":"https:\/\/dev.tg4.ie\/en\/#website","url":"https:\/\/dev.tg4.ie\/en\/","name":"TG4","description":"S\u00fail Eile","potentialAction":[{"@type":"SearchAction","target":{"@type":"EntryPoint","urlTemplate":"https:\/\/dev.tg4.ie\/en\/?s={search_term_string}"},"query-input":"required name=search_term_string"}],"inLanguage":"en-ie"}]}},"_links":{"self":[{"href":"https:\/\/dev.tg4.ie\/en\/wp-json\/wp\/v2\/pages\/113227"}],"collection":[{"href":"https:\/\/dev.tg4.ie\/en\/wp-json\/wp\/v2\/pages"}],"about":[{"href":"https:\/\/dev.tg4.ie\/en\/wp-json\/wp\/v2\/types\/page"}],"author":[{"embeddable":true,"href":"https:\/\/dev.tg4.ie\/en\/wp-json\/wp\/v2\/users\/876"}],"replies":[{"embeddable":true,"href":"https:\/\/dev.tg4.ie\/en\/wp-json\/wp\/v2\/comments?post=113227"}],"version-history":[{"count":0,"href":"https:\/\/dev.tg4.ie\/en\/wp-json\/wp\/v2\/pages\/113227\/revisions"}],"up":[{"embeddable":true,"href":"https:\/\/dev.tg4.ie\/en\/wp-json\/wp\/v2\/pages\/111527"}],"wp:attachment":[{"href":"https:\/\/dev.tg4.ie\/en\/wp-json\/wp\/v2\/media?parent=113227"}],"curies":[{"name":"wp","href":"https:\/\/api.w.org\/{rel}","templated":true}]}}