{"id":113385,"date":"2020-07-01T13:48:09","date_gmt":"2020-07-01T12:48:09","guid":{"rendered":"https:\/\/dev.tg4.ie\/?page_id=113385"},"modified":"2021-11-04T15:49:38","modified_gmt":"2021-11-04T15:49:38","slug":"bfi-announce-winners-of-see-yourself-on-screen-challenge","status":"publish","type":"page","link":"https:\/\/dev.tg4.ie\/en\/information\/press\/press-releases\/2020-2\/bfi-announce-winners-of-see-yourself-on-screen-challenge\/","title":{"rendered":"BFI announce winners of See Yourself On Screen Challenge"},"content":{"rendered":"<p><a href=\"https:\/\/tg4-docs.s3.amazonaws.com\/tg4-redesign-2015\/wp-content\/uploads\/2020\/07\/SYOS_1920x1080.jpg\"><img loading=\"lazy\" decoding=\"async\" width=\"1920\" height=\"1080\" class=\"aligncenter size-full wp-image-113387\" src=\"https:\/\/tg4-docs.s3.amazonaws.com\/tg4-redesign-2015\/wp-content\/uploads\/2020\/07\/SYOS_1920x1080.jpg\" alt=\"\" srcset=\"https:\/\/tg4-docs.s3.amazonaws.com\/tg4-redesign-2015\/wp-content\/uploads\/2020\/07\/SYOS_1920x1080.jpg 1920w, https:\/\/tg4-docs.s3.amazonaws.com\/tg4-redesign-2015\/wp-content\/uploads\/2020\/07\/SYOS_1920x1080-250x141.jpg 250w, https:\/\/tg4-docs.s3.amazonaws.com\/tg4-redesign-2015\/wp-content\/uploads\/2020\/07\/SYOS_1920x1080-700x394.jpg 700w, https:\/\/tg4-docs.s3.amazonaws.com\/tg4-redesign-2015\/wp-content\/uploads\/2020\/07\/SYOS_1920x1080-252x141.jpg 252w, https:\/\/tg4-docs.s3.amazonaws.com\/tg4-redesign-2015\/wp-content\/uploads\/2020\/07\/SYOS_1920x1080-1536x864.jpg 1536w, https:\/\/tg4-docs.s3.amazonaws.com\/tg4-redesign-2015\/wp-content\/uploads\/2020\/07\/SYOS_1920x1080-120x68.jpg 120w\" sizes=\"(max-width: 1920px) 100vw, 1920px\" \/><\/a><br \/>\n&nbsp;<br \/>\n<strong>Finalists received 1-to-1 virtual masterclasses from the likes of Konnie Huq, Reggie Yates, Jessica Hynes, Rob Delaney, BBC Children\u2019s Cheryl Taylor, Harry Hill, Matthew Lewis, Amelia Dimoldenberg and Robert Popper <\/strong><br \/>\n&nbsp;<br \/>\nThe BFI, through its Young Audiences Content Fund (YACF), has today announced the winners of its <strong>See Yourself on Screen Challenge<\/strong> &#8211; a UK-wide competition for 4-18-year olds, launched by doctor and TV presenter Dr Ranj Singh last month. Fifteen winners have received virtual masterclasses from mentors including Rob Delaney, Reggie Yates, Harry Hill, Konnie Huq, Matthew Lewis and Jessica Hynes, and their TV shows will now premiere on national TV across Channel 5\u2019s Milkshake!, CITV, E4, S4C (Welsh language) and TG4 (Irish language), next month.<\/p>\n<p>&nbsp;<\/p>\n<p>The pan-industry initiative, supported by Animation UK, BAFTA Kids, film education charity Into Film, The Children\u2019s Media Conference, Pact and Northern Ireland Screen, called on young people from all corners of the UK to create and star in their own mini-TV show, reflecting their lives amidst lockdown. The See Yourself on Screen Challenge was launched by the BFI as part of the Young Audiences Content Fund, which supports the development and production of high-quality television which truly reflects the lives of children and young people in the UK, screening on free-to-air, public service broadcasting channels.<\/p>\n<p>&nbsp;<\/p>\n<p>Hundreds of young people sent in their 30-second video pitches, with an esteemed panel of industry judges choosing 15 overall winners. The finalists then received one-to-one virtual masterclasses from famous and influential figures from the world of TV: Konnie Huq, Jessica Hynes, Rob Delaney, Cheryl Taylor, Harry Hill, Matthew Lewis, Amelia Dimoldenberg, Robert Popper and Reggie Yates. Each mentor offered hints and tips to help guide the finalists through the script writing and shooting process, before the finalists turned their idea into a reality.<\/p>\n<p>The two-minute long mini-TV shows for 4-7\u2019s (Milkshake!) and 8-13\u2019s (CITV) will air between 8th-10<sup>th <\/sup>\u00a0July, with indigenous language winners airing in Welsh (S4C) and Irish (TG4), and 14-18\u2019s (E4) will air w\/c 13<sup>h<\/sup> July.<\/p>\n<p>&nbsp;<\/p>\n<p>Head of the BFI\u2019s Young Audiences Content Fund Jackie Edwards said:<\/p>\n<p>&nbsp;<\/p>\n<p>\u201cWe launched the See Yourself on Screen Challenge as a way of giving a platform to young people from across the UK, whose lives have changed significantly during the Covid-19 lockdown, and we were utterly thrilled to receive so many brilliant pitches. The Young Audiences Content Fund exists to bring quality content which entertains and reflects young people from all over the UK, and this Challenge has enabled them to tell their own stories on screen and, excitingly, have it aired on national television; it\u2019s a real celebration of the creativity of our young people for everyone to enjoy.<\/p>\n<p>&nbsp;<\/p>\n<p>\u201cThis Challenge was also a great chance for our industry colleagues who care about great public service broadcast to join hands with young people and do something supremely positive for young audiences all over the UK for whom television has taken on an even more significant role in their lives during lockdown.\u201d<\/p>\n<p>&nbsp;<\/p>\n<p>The winners\u2019 finished projects, which they filmed themselves at home during lockdown, and their mentors are as follows:<\/p>\n<p>&nbsp;<\/p>\n<p><strong><u>Age category 4-7 (airing on Milkshake!) <\/u><\/strong><\/p>\n<ul>\n<li><strong><em>\u2018Squeaks and Wheeks\u2019, <\/em><\/strong>a guide to owning and caring for guinea pigs, created by 4-year old Betsy from Cambridgeshire, mentored by actor, writer and <em>Paddington 2<\/em> star, Jessica Hynes<\/li>\n<li><strong><em>\u2018Home But Not Alone\u2019<\/em><\/strong>, a poetry monologue that addresses the highs and lows of lockdown, made by 7-year old Joshua from County Antrim mentored by actor and <em>Harry Potter<\/em> star, Matthew Lewis<\/li>\n<li><strong><em>\u2018Sophia and Luisa&#8217;s Cookie Kitchen\u2019, <\/em><\/strong>an instructional cooking show, created by 6-year old identical twins Sophia and Luisa from Gwynedd, Wales, mentored by TV presenter and writer Konnie Huq<\/li>\n<\/ul>\n<p>&nbsp;<\/p>\n<p><strong><u>Age category 8-13 (airing on CITV)<\/u><\/strong><\/p>\n<ul>\n<li><strong><em>\u2018Kyle &amp; Sam&#8217;s Allotment Lockdown\u2019<\/em><\/strong>, a fun and informative guide to gardening, planting and growing your own food, created by 9-year old Kyle from West Midlands (and his younger brother, Sam), mentored by actor, comedian and <em>Catastrophe<\/em> star Rob Delaney<\/li>\n<li><strong><em>\u2018What are you really missing?\u2019<\/em><\/strong><strong>,<\/strong> a character comedy sketch show about missing your families in lockdown, created by 10-year old Ruby from North Lanarkshire, Scotland (who now lives in Buckinghamshire), mentored by comedian and writer Harry Hill<\/li>\n<li><strong><em>\u2018When Kids Rule, Parents Drool\u2019 <\/em><\/strong>a creative game show that puts parents in the hot seat, created by 10-year old Josiah from Cheshire, mentored by Head of BBC Children\u2019s content, Cheryl Taylor<\/li>\n<\/ul>\n<p>&nbsp;<\/p>\n<p><strong><u>Age category 14-18 (airing on E4)<\/u><\/strong><\/p>\n<ul>\n<li><strong><em>\u2018Lock-DIY-Down\u2019, <\/em><\/strong>a comic depiction of a lockdown DIY project created by 16-yearold Sameera from Essex, mentored by <em>Friday Night Dinner<\/em> creator Robert Popper<\/li>\n<li><strong><em>\u2018The Guide To A Fun Lockdown\u2019,<\/em><\/strong> a creative animation that follows the life of a teenager in lockdown, created by 17-year old Harvey from East Sussex, mentored by comedian and Chicken Shop Date creator Amelia Dimoldenberg<\/li>\n<li><strong><em>\u2018Charlie\u2019,<\/em><\/strong> a short character documentary that portrays the struggles of being a transgender teenager, created by 14-year old Holly from North Yorkshire, mentored by broadcaster, writer and director Reggie Yates<\/li>\n<\/ul>\n<p><strong>\u00a0<\/strong><\/p>\n<p><strong>Age category 8-13 (airing on S4C in welsh language) &#8211; <\/strong><\/p>\n<ul>\n<li><strong><em>\u2018Pethau Cwl (&#8216;Cool Stuff&#8217;)<\/em><\/strong>, a fun snappy film looking at how to use special effects for various hobbies and school projects, created by 12-year old Ianto, from Carmarthenshire, mentored by TV presenter Owain Williams<\/li>\n<li><strong><em>\u2018Bachgen yn erbyn Natur\u2019 (\u2018Boy by Nature\u2019)<\/em><\/strong>, an outdoor feast as a young boy takes on the world of nature setting himself challenges and physical goals created by 10-year old Osian, from Ceredigion, mentored by TV presenter Owain Williams<\/li>\n<li><strong><em>\u2018Lolian efo Elan\u2019 (Lolz with Elan),<\/em><\/strong> a jam-packed film full of fun and clever tricks that everyone can try at home created by 9-year old Elan from Gwynedd, mentored by TV presenter Owain Williams<\/li>\n<\/ul>\n<p><strong>\u00a0<\/strong><\/p>\n<p>&nbsp;<\/p>\n<p><strong>Age category 8-17 (airing on TG4 in Irish language) <\/strong><\/p>\n<ul>\n<li><strong><em>\u2018T\u00f3ra\u00edocht na Sc\u00e1ile\u00e1n\u2019 (\u2018Screen Hunt<\/em><\/strong><strong><em>\u2019)<\/em><\/strong>, a comedy \u2018screen\/device search\u2019 created by 11-year old R\u00f3ise, from Donegal, mentored by TV and weather presenter Caitl\u00edn Nic Aoidh<\/li>\n<li><strong><em>\u2018<\/em><\/strong><strong><em>Ag\u00a0d\u00e9ile\u00e1il\u00a0le Covid&#8217;<\/em><\/strong><strong><em>(\u2018Dealing with Covid\u2019),<\/em><\/strong> a play-along show, with games, challenges and activities, created by 13-year old Lucy, from County Antrim, mentored by TV presenter, producer and journalist Caoimhe N\u00ed Chathail<\/li>\n<li><strong><em>\u2018Damhsa tr\u00edd\u00a0an<\/em><\/strong> <strong><em>dianghlas\u00fa\u2019 <\/em><\/strong><strong><em>(\u2018Dance in intense lockdown\u2019)<\/em><\/strong>, how the creator learned the skill of Irish dancing online during Covid lockdown, created by 16-year old Ciar\u00e1n, from Donegal, mentored by TG4 television host Miche\u00e1l \u00d3 Ciaraidh<\/li>\n<\/ul>\n<p>&nbsp;<\/p>\n<p>&#8212;&#8212;&#8212;&#8212;&#8212;&#8212;&#8212;&#8212; Ends &#8212;&#8212;&#8212;&#8212;&#8212;&#8212;&#8212;&#8212;&#8212;&#8212;&#8212;&#8212;&#8212;&#8212;&#8211;<\/p>\n<p>For further information contact:<\/p>\n<p><strong>Charlotte Prentice, Director, Multitude Media North<\/strong><\/p>\n<p>07969959037\/ charlotte.prentice@multitudemedia.co.uk<\/p>\n<p><strong>\u00a0<\/strong><\/p>\n<p><strong>Judy Wells, Press and PR Director, BFI<\/strong><\/p>\n<p>020 957 8919 \/ 07984 180 501 \/ judy.wells@bfi.org.uk<\/p>\n<p><strong>\u00a0<\/strong><\/p>\n<p><strong>Colette Geraghty, Senior PR Manager, Corporate, Industry and Partnerships, BFI<\/strong><\/p>\n<p>020 7173 3256 \/ 07771 980 231 \/ colette.geraghty@bfi.org.uk<\/p>\n<p>&nbsp;<\/p>\n<p><strong>About the Young Audiences Content Fund:<\/strong><\/p>\n<p>&nbsp;<\/p>\n<p>Managed by the BFI, the Young Audiences Content Fund (YACF) supports the creation of distinctive, high-quality content for audiences up to the age of 18. Up to \u00a357 million over a three year pilot, will support the creation of distinct, high-quality content for children and young audiences to be broadcast on free-to-access, Ofcom regulated television channels and online platforms.<\/p>\n<p>&nbsp;<\/p>\n<p>Financed by UK Government as part of the Department of Digital, Culture, Media and Sport\u2019s Contestable Fund, the YACF aims to provide new avenues for creators of original content and bring new voices to the market, and back content which entertains, informs and reflects the experiences of young people growing up across the UK today. <span><a href=\"http:\/\/www.bfi.org.uk\/yacf\">www.bfi.org.uk\/yacf<\/a><\/span><\/p>\n<p>&nbsp;<\/p>\n<p>The BFI is the UK\u2019s lead organisation for film, television and the moving image. It is a cultural charity that:<\/p>\n<ul>\n<li>Curates and presents the greatest international public programme of world cinema for audiences; in cinemas, at festivals and online<\/li>\n<li>Cares for the BFI National Archive \u2013 the most significant film and television archive in the world<\/li>\n<li>Actively seeks out and supports the next generation of filmmakers<\/li>\n<li>Works with Government and industry to make the UK the most creatively exciting and prosperous place to make film internationally<\/li>\n<\/ul>\n<p>&nbsp;<\/p>\n<p>Founded in 1933, the BFI is a registered charity governed by Royal Charter. The BFI Board of Governors is chaired by Josh Berger CBE.<\/p>\n<p>&nbsp;<\/p>\n","protected":false},"excerpt":{"rendered":"<p>&nbsp; Finalists received 1-to-1 virtual masterclasses from the likes of Konnie Huq, Reggie Yates, Jessica Hynes, Rob Delaney, BBC Children\u2019s Cheryl Taylor, Harry Hill, Matthew Lewis, Amelia Dimoldenberg and Robert Popper &nbsp; The BFI, through its Young Audiences Content Fund (YACF), has today announced the winners of its See Yourself on Screen Challenge &#8211; a [&hellip;]<\/p>\n","protected":false},"author":876,"featured_media":0,"parent":111527,"menu_order":25,"comment_status":"closed","ping_status":"closed","template":"page-templates\/template-pr.php","meta":{"_acf_changed":false,"footnotes":""},"acf":[],"yoast_head":"<!-- This site is optimized with the Yoast SEO plugin v22.6 - https:\/\/yoast.com\/wordpress\/plugins\/seo\/ -->\n<title>TG4 | BFI announce winners of See Yourself On Screen Challenge | 2020 | Press Releases | Press | Irish Television Channel, S\u00fail Eile<\/title>\n<meta name=\"description\" content=\"See Yourself on Screen Challenge, a competition ran by the BFI, has today announced their winners\" \/>\n<meta name=\"robots\" content=\"index, follow, max-snippet:-1, max-image-preview:large, max-video-preview:-1\" \/>\n<meta property=\"og:locale\" content=\"en_US\" \/>\n<meta property=\"og:type\" content=\"article\" \/>\n<meta property=\"og:title\" content=\"TG4 | BFI announce winners of See Yourself On Screen Challenge | 2020 | Press Releases | Press | Irish Television Channel, S\u00fail Eile\" \/>\n<meta property=\"og:description\" content=\"See Yourself on Screen Challenge, a competition ran by the BFI, has today announced their winners\" \/>\n<meta property=\"og:url\" content=\"https:\/\/dev.tg4.ie\/en\/information\/press\/press-releases\/2020-2\/bfi-announce-winners-of-see-yourself-on-screen-challenge\/\" \/>\n<meta property=\"og:site_name\" content=\"TG4\" \/>\n<meta property=\"article:publisher\" content=\"https:\/\/www.facebook.com\/TG4TV\" \/>\n<meta property=\"article:modified_time\" content=\"2021-11-04T15:49:38+00:00\" \/>\n<meta property=\"og:image\" content=\"https:\/\/tg4-docs.s3.amazonaws.com\/tg4-redesign-2015\/wp-content\/uploads\/2020\/07\/SYOS_1920x1080.jpg\" \/>\n\t<meta property=\"og:image:width\" content=\"1920\" \/>\n\t<meta property=\"og:image:height\" content=\"1080\" \/>\n\t<meta property=\"og:image:type\" content=\"image\/jpeg\" \/>\n<meta name=\"twitter:card\" content=\"summary_large_image\" \/>\n<meta name=\"twitter:image\" content=\"https:\/\/tg4-docs.s3.amazonaws.com\/tg4-redesign-2015\/wp-content\/uploads\/2020\/07\/SYOS_1920x1080.jpg\" \/>\n<meta name=\"twitter:site\" content=\"@TG4TV\" \/>\n<meta name=\"twitter:label1\" content=\"Est. reading time\" \/>\n\t<meta name=\"twitter:data1\" content=\"7 minutes\" \/>\n<script type=\"application\/ld+json\" class=\"yoast-schema-graph\">{\"@context\":\"https:\/\/schema.org\",\"@graph\":[{\"@type\":\"WebPage\",\"@id\":\"https:\/\/dev.tg4.ie\/en\/information\/press\/press-releases\/2020-2\/bfi-announce-winners-of-see-yourself-on-screen-challenge\/\",\"url\":\"https:\/\/dev.tg4.ie\/en\/information\/press\/press-releases\/2020-2\/bfi-announce-winners-of-see-yourself-on-screen-challenge\/\",\"name\":\"TG4 | BFI announce winners of See Yourself On Screen Challenge | 2020 | Press Releases | Press | Irish Television Channel, S\u00fail Eile\",\"isPartOf\":{\"@id\":\"https:\/\/dev.tg4.ie\/en\/#website\"},\"primaryImageOfPage\":{\"@id\":\"https:\/\/dev.tg4.ie\/en\/information\/press\/press-releases\/2020-2\/bfi-announce-winners-of-see-yourself-on-screen-challenge\/#primaryimage\"},\"image\":{\"@id\":\"https:\/\/dev.tg4.ie\/en\/information\/press\/press-releases\/2020-2\/bfi-announce-winners-of-see-yourself-on-screen-challenge\/#primaryimage\"},\"thumbnailUrl\":\"https:\/\/dev.tg4.ie\/wp-content\/uploads\/2020\/07\/SYOS_1920x1080.jpg\",\"datePublished\":\"2020-07-01T12:48:09+00:00\",\"dateModified\":\"2021-11-04T15:49:38+00:00\",\"description\":\"See Yourself on Screen Challenge, a competition ran by the BFI, has today announced their winners\",\"breadcrumb\":{\"@id\":\"https:\/\/dev.tg4.ie\/en\/information\/press\/press-releases\/2020-2\/bfi-announce-winners-of-see-yourself-on-screen-challenge\/#breadcrumb\"},\"inLanguage\":\"en-ie\",\"potentialAction\":[{\"@type\":\"ReadAction\",\"target\":[\"https:\/\/dev.tg4.ie\/en\/information\/press\/press-releases\/2020-2\/bfi-announce-winners-of-see-yourself-on-screen-challenge\/\"]}]},{\"@type\":\"ImageObject\",\"inLanguage\":\"en-ie\",\"@id\":\"https:\/\/dev.tg4.ie\/en\/information\/press\/press-releases\/2020-2\/bfi-announce-winners-of-see-yourself-on-screen-challenge\/#primaryimage\",\"url\":\"https:\/\/dev.tg4.ie\/wp-content\/uploads\/2020\/07\/SYOS_1920x1080.jpg\",\"contentUrl\":\"https:\/\/dev.tg4.ie\/wp-content\/uploads\/2020\/07\/SYOS_1920x1080.jpg\"},{\"@type\":\"BreadcrumbList\",\"@id\":\"https:\/\/dev.tg4.ie\/en\/information\/press\/press-releases\/2020-2\/bfi-announce-winners-of-see-yourself-on-screen-challenge\/#breadcrumb\",\"itemListElement\":[{\"@type\":\"ListItem\",\"position\":1,\"name\":\"Home\",\"item\":\"https:\/\/dev.tg4.ie\/en\/\"},{\"@type\":\"ListItem\",\"position\":2,\"name\":\"Information\",\"item\":\"https:\/\/dev.tg4.ie\/en\/information\/\"},{\"@type\":\"ListItem\",\"position\":3,\"name\":\"Press\",\"item\":\"https:\/\/dev.tg4.ie\/en\/information\/press\/\"},{\"@type\":\"ListItem\",\"position\":4,\"name\":\"Press Releases\",\"item\":\"https:\/\/dev.tg4.ie\/en\/information\/press\/press-releases\/\"},{\"@type\":\"ListItem\",\"position\":5,\"name\":\"2020\",\"item\":\"https:\/\/dev.tg4.ie\/en\/information\/press\/press-releases\/2020-2\/\"},{\"@type\":\"ListItem\",\"position\":6,\"name\":\"BFI announce winners of See Yourself On Screen Challenge\"}]},{\"@type\":\"WebSite\",\"@id\":\"https:\/\/dev.tg4.ie\/en\/#website\",\"url\":\"https:\/\/dev.tg4.ie\/en\/\",\"name\":\"TG4\",\"description\":\"S\u00fail Eile\",\"potentialAction\":[{\"@type\":\"SearchAction\",\"target\":{\"@type\":\"EntryPoint\",\"urlTemplate\":\"https:\/\/dev.tg4.ie\/en\/?s={search_term_string}\"},\"query-input\":\"required name=search_term_string\"}],\"inLanguage\":\"en-ie\"}]}<\/script>\n<!-- \/ Yoast SEO plugin. -->","yoast_head_json":{"title":"TG4 | BFI announce winners of See Yourself On Screen Challenge | 2020 | Press Releases | Press | Irish Television Channel, S\u00fail Eile","description":"See Yourself on Screen Challenge, a competition ran by the BFI, has today announced their winners","robots":{"index":"index","follow":"follow","max-snippet":"max-snippet:-1","max-image-preview":"max-image-preview:large","max-video-preview":"max-video-preview:-1"},"og_locale":"en_US","og_type":"article","og_title":"TG4 | BFI announce winners of See Yourself On Screen Challenge | 2020 | Press Releases | Press | Irish Television Channel, S\u00fail Eile","og_description":"See Yourself on Screen Challenge, a competition ran by the BFI, has today announced their winners","og_url":"https:\/\/dev.tg4.ie\/en\/information\/press\/press-releases\/2020-2\/bfi-announce-winners-of-see-yourself-on-screen-challenge\/","og_site_name":"TG4","article_publisher":"https:\/\/www.facebook.com\/TG4TV","article_modified_time":"2021-11-04T15:49:38+00:00","og_image":[{"width":1920,"height":1080,"url":"https:\/\/tg4-docs.s3.amazonaws.com\/tg4-redesign-2015\/wp-content\/uploads\/2020\/07\/SYOS_1920x1080.jpg","type":"image\/jpeg"}],"twitter_card":"summary_large_image","twitter_image":"https:\/\/tg4-docs.s3.amazonaws.com\/tg4-redesign-2015\/wp-content\/uploads\/2020\/07\/SYOS_1920x1080.jpg","twitter_site":"@TG4TV","twitter_misc":{"Est. reading time":"7 minutes"},"schema":{"@context":"https:\/\/schema.org","@graph":[{"@type":"WebPage","@id":"https:\/\/dev.tg4.ie\/en\/information\/press\/press-releases\/2020-2\/bfi-announce-winners-of-see-yourself-on-screen-challenge\/","url":"https:\/\/dev.tg4.ie\/en\/information\/press\/press-releases\/2020-2\/bfi-announce-winners-of-see-yourself-on-screen-challenge\/","name":"TG4 | BFI announce winners of See Yourself On Screen Challenge | 2020 | Press Releases | Press | Irish Television Channel, S\u00fail Eile","isPartOf":{"@id":"https:\/\/dev.tg4.ie\/en\/#website"},"primaryImageOfPage":{"@id":"https:\/\/dev.tg4.ie\/en\/information\/press\/press-releases\/2020-2\/bfi-announce-winners-of-see-yourself-on-screen-challenge\/#primaryimage"},"image":{"@id":"https:\/\/dev.tg4.ie\/en\/information\/press\/press-releases\/2020-2\/bfi-announce-winners-of-see-yourself-on-screen-challenge\/#primaryimage"},"thumbnailUrl":"https:\/\/dev.tg4.ie\/wp-content\/uploads\/2020\/07\/SYOS_1920x1080.jpg","datePublished":"2020-07-01T12:48:09+00:00","dateModified":"2021-11-04T15:49:38+00:00","description":"See Yourself on Screen Challenge, a competition ran by the BFI, has today announced their winners","breadcrumb":{"@id":"https:\/\/dev.tg4.ie\/en\/information\/press\/press-releases\/2020-2\/bfi-announce-winners-of-see-yourself-on-screen-challenge\/#breadcrumb"},"inLanguage":"en-ie","potentialAction":[{"@type":"ReadAction","target":["https:\/\/dev.tg4.ie\/en\/information\/press\/press-releases\/2020-2\/bfi-announce-winners-of-see-yourself-on-screen-challenge\/"]}]},{"@type":"ImageObject","inLanguage":"en-ie","@id":"https:\/\/dev.tg4.ie\/en\/information\/press\/press-releases\/2020-2\/bfi-announce-winners-of-see-yourself-on-screen-challenge\/#primaryimage","url":"https:\/\/dev.tg4.ie\/wp-content\/uploads\/2020\/07\/SYOS_1920x1080.jpg","contentUrl":"https:\/\/dev.tg4.ie\/wp-content\/uploads\/2020\/07\/SYOS_1920x1080.jpg"},{"@type":"BreadcrumbList","@id":"https:\/\/dev.tg4.ie\/en\/information\/press\/press-releases\/2020-2\/bfi-announce-winners-of-see-yourself-on-screen-challenge\/#breadcrumb","itemListElement":[{"@type":"ListItem","position":1,"name":"Home","item":"https:\/\/dev.tg4.ie\/en\/"},{"@type":"ListItem","position":2,"name":"Information","item":"https:\/\/dev.tg4.ie\/en\/information\/"},{"@type":"ListItem","position":3,"name":"Press","item":"https:\/\/dev.tg4.ie\/en\/information\/press\/"},{"@type":"ListItem","position":4,"name":"Press Releases","item":"https:\/\/dev.tg4.ie\/en\/information\/press\/press-releases\/"},{"@type":"ListItem","position":5,"name":"2020","item":"https:\/\/dev.tg4.ie\/en\/information\/press\/press-releases\/2020-2\/"},{"@type":"ListItem","position":6,"name":"BFI announce winners of See Yourself On Screen Challenge"}]},{"@type":"WebSite","@id":"https:\/\/dev.tg4.ie\/en\/#website","url":"https:\/\/dev.tg4.ie\/en\/","name":"TG4","description":"S\u00fail Eile","potentialAction":[{"@type":"SearchAction","target":{"@type":"EntryPoint","urlTemplate":"https:\/\/dev.tg4.ie\/en\/?s={search_term_string}"},"query-input":"required name=search_term_string"}],"inLanguage":"en-ie"}]}},"_links":{"self":[{"href":"https:\/\/dev.tg4.ie\/en\/wp-json\/wp\/v2\/pages\/113385"}],"collection":[{"href":"https:\/\/dev.tg4.ie\/en\/wp-json\/wp\/v2\/pages"}],"about":[{"href":"https:\/\/dev.tg4.ie\/en\/wp-json\/wp\/v2\/types\/page"}],"author":[{"embeddable":true,"href":"https:\/\/dev.tg4.ie\/en\/wp-json\/wp\/v2\/users\/876"}],"replies":[{"embeddable":true,"href":"https:\/\/dev.tg4.ie\/en\/wp-json\/wp\/v2\/comments?post=113385"}],"version-history":[{"count":0,"href":"https:\/\/dev.tg4.ie\/en\/wp-json\/wp\/v2\/pages\/113385\/revisions"}],"up":[{"embeddable":true,"href":"https:\/\/dev.tg4.ie\/en\/wp-json\/wp\/v2\/pages\/111527"}],"wp:attachment":[{"href":"https:\/\/dev.tg4.ie\/en\/wp-json\/wp\/v2\/media?parent=113385"}],"curies":[{"name":"wp","href":"https:\/\/api.w.org\/{rel}","templated":true}]}}