{"id":113436,"date":"2020-07-03T17:59:20","date_gmt":"2020-07-03T16:59:20","guid":{"rendered":"https:\/\/dev.tg4.ie\/?page_id=113436"},"modified":"2021-11-04T16:34:26","modified_gmt":"2021-11-04T16:34:26","slug":"tg4s-annual-report-for-2019-reveals-many-successes-for-the-station","status":"publish","type":"page","link":"https:\/\/dev.tg4.ie\/en\/information\/press\/press-releases\/2020-2\/tg4s-annual-report-for-2019-reveals-many-successes-for-the-station\/","title":{"rendered":"TG4&#8217;s Annual Report for 2019 reveals many successes for the station"},"content":{"rendered":"<p><a href=\"https:\/\/tg4-docs.s3.amazonaws.com\/tg4-redesign-2015\/wp-content\/uploads\/2020\/07\/TG4_2020_1920x1080.jpg\"><img loading=\"lazy\" decoding=\"async\" width=\"1920\" height=\"1080\" class=\"aligncenter size-full wp-image-113421\" src=\"https:\/\/tg4-docs.s3.amazonaws.com\/tg4-redesign-2015\/wp-content\/uploads\/2020\/07\/TG4_2020_1920x1080.jpg\" alt=\"\" srcset=\"https:\/\/tg4-docs.s3.amazonaws.com\/tg4-redesign-2015\/wp-content\/uploads\/2020\/07\/TG4_2020_1920x1080.jpg 1920w, https:\/\/tg4-docs.s3.amazonaws.com\/tg4-redesign-2015\/wp-content\/uploads\/2020\/07\/TG4_2020_1920x1080-250x141.jpg 250w, https:\/\/tg4-docs.s3.amazonaws.com\/tg4-redesign-2015\/wp-content\/uploads\/2020\/07\/TG4_2020_1920x1080-700x394.jpg 700w, https:\/\/tg4-docs.s3.amazonaws.com\/tg4-redesign-2015\/wp-content\/uploads\/2020\/07\/TG4_2020_1920x1080-252x141.jpg 252w, https:\/\/tg4-docs.s3.amazonaws.com\/tg4-redesign-2015\/wp-content\/uploads\/2020\/07\/TG4_2020_1920x1080-1536x864.jpg 1536w, https:\/\/tg4-docs.s3.amazonaws.com\/tg4-redesign-2015\/wp-content\/uploads\/2020\/07\/TG4_2020_1920x1080-120x68.jpg 120w\" sizes=\"(max-width: 1920px) 100vw, 1920px\" \/><\/a><br \/>\n&nbsp;<br \/>\n<strong>A record year for TG4 is set out in the station&#8217;s Annual Report for 2019. For the first time ever since it began broadcasting, TG4 was the 6th most viewed channel in Ireland. TG4 had 71% reach with Irish speaking audiences in 2019, an exceptional level of engagement. \u20ac26.3m spent on Irish language content.<\/strong><br \/>\n&nbsp;<\/p>\n<p><strong>TG4 in 2019:<\/strong><\/p>\n<ul>\n<li><span><strong>6th most watched channel in Ireland\u00a0<\/strong><\/span><\/li>\n<li><span><strong>24% increase in TG4 Player stream\/video views.<\/strong><\/span><\/li>\n<li><span><strong>174% increase in Social Media Engagement.<\/strong><\/span><\/li>\n<li><span><strong>\u20ac26.3m spend on Irish language content.<\/strong><\/span><\/li>\n<li><span><strong>\u20ac23m Spend with the independent production sector.<\/strong><\/span><\/li>\n<li><span><strong>1,023 National jobs impact.<\/strong><\/span><\/li>\n<\/ul>\n<p>2019 was a year of many successes for TG4. The broadcaster continued to champion Irish culture and creativity, to foster new talent and to launch new digital initiatives. Through content and programming, TG4 grew it&#8217;s audience on both linear and non-linear services.\u00a0 TG4 also made a real contribution to Irish society and to the\u00a0creative\u00a0economy through its support of the independent production sector.\u00a0\u00a0TG4\u2019s focus on\u00a0cultural\u00a0content\u00a0(documentaries,\u00a0sport, culture, music, arts, and children\u2019s programming) and on the promotion of Irish as a living, working language, highlight the channel\u2019s central role as Ireland\u2019s national Irish language Public Service Media and its contribution to Irish audiences and diaspora worldwide.<\/p>\n<p>In 2019, TG4\u2019s national television audience share increased to 1.84% (consolidated, 2.02% live) and to 6th most watched channel in Ireland. This is the highest ever audience ranking for TG4 since the channel was launched in 1996. TG4 had a 71% reach with Irish speaking audiences, an exceptional level of engagement with its core audience. Viewership to the TG4 player increased, giving access to Irish language content to global audiences. In 2019, the station strengthened audience connections across all social media platforms, and continued to grow engagement and viewers throughout the year.<\/p>\n<p>TG4 continued\u00a0to\u00a0invest in Ireland\u2019s creative industries, particularly in regional areas.\u00a0\u00a0In 2019, TG4 invested\u00a0\u20ac23m in the independent production sector in Ireland, of which \u20ac21m was invested in regional independent production companies. TG4\u2019s partnership with the Broadcasting Authority of Ireland, Screen Ireland, the Irish Language Broadcast Fund in Northern Ireland enabled\u00a0the funding of high-end, audience focused Irish productions to be produced in Irelands regions and Gaeltacht areas. \u00a0TG4 also placed\u00a0a strong emphasis on supporting the development of young Irish talent in the industry, initiating a training development scheme in partnership with \u00dadar\u00e1s na Gaeltachta and the independent production sector.<\/p>\n<p>Audience-focused, Irish content including documentaries,\u00a0sport, traditional music and children\u2019s content, remained cornerstones of the broadcast schedule throughout 2019. Highlights include documentary strands &#8216;Finn\u00e9&#8217;, which revealed the resilience of people in trying circumstances; &#8216;Tab\u00fa&#8217;, covering issues such as homelessness, direct provision and transgender in Ireland; and &#8216;Ucht\u00fa \u2013 Evanne N\u00ed Chuilinn&#8217;, the story of adoption in Ireland.\u00a0 New series which reflect the heart of Gaeltacht life included &#8216;Bailte&#8217;, a series which explores Ireland\u2019s townlands and communities and &#8216;B\u00e1d\u00f3ir\u00ed&#8217; following seven families taking part in the long tradition of the annual Galway Hooker races.\u00a0TG4\u2019s daily News service, &#8216;Nuacht TG4&#8217; and soap &#8216;Ros na R\u00fan&#8217; continue to be a core strength of the programme schedule.\u00a0TG4 invested \u20ac1.85million in children\u2019s content in 2019.\u00a0Through\u00a0its\u00a0digital-first content brands &#8216;Molsc\u00e9al&#8217; and &#8216;BLOC&#8217;, TG4 sought to address two strategic demographics, namely\u00a0 core Irish language audience (Molsc\u00e9al) and online youth audience<s>\u00a0<\/s>(BLOC).<\/p>\n<p>TG4 was at the heart of community events in 2019, showcasing the best of Irish cultural gatherings throughout the year.\u00a0 TG4 celebrated a record attendance of 56,114 at Croke Park for the TG4 sponsored Ladies Football Championship in September. Other live events broadcast in 2019, included Gradam Ceoil 2019, Oireachtas na Gaeilge, Fleadh Ceoil na h\u00c9ireann, Com\u00f3rtas Peile na Gaeltachta, and GAA League and Underage Championship finals.\u00a0\u00a0 In addition to high-quality broadcast programming, TG4\u00a0invested\u00a0in Irish language feature films. The first &#8216;Cine4&#8217; feature film, &#8216;Finky&#8217; was launched at the 2019 Galway Film Fleadh and later in the Autumn, &#8216;Arracht&#8217; was premiered at the Tallinn Film Festival in Estonia. A further 2 films were in production in 2019 and 2 more in development.\u00a0 International co-produced series, included &#8216;An Balla&#8217;, the story of some of the world\u2019s most iconic dividing walls and the human stories behind them; and &#8216;Taoide&#8217;, which reveals the power and mysteries of the earth\u2019s tides.<\/p>\n<p>Director General of TG4, Alan Esslemont said,\u00a0<em>&#8216;TG4 had a very good year in 2019 in terms of viewership, the first year in which we were the 6th most\u00a0<\/em><em>watched channel in Ireland, above channels such as BBC Two and Channel 4. Through the TG4 Player, we provide worldwide access to TG4\u2019s Irish language content to global audiences without the need for paid subscriptions and our Player audience grew strongly in 2019.\u00a0<span>In the Government Budget at the beginning of October 2019, TG4 was given an additional allocation of \u20ac1m for 2020. To date, just over \u20ac3.5m of the BAI recommended \u20ac6m has been allocated\u00a0<\/span>and<span>\u00a0there is a cumulative gap in the total funding of \u20ac9.87m. We will continue with our campaign to achieve the required level of strategic funding for 2021.\u00a0<\/span><\/em><em>I am extremely proud of all of our team in Baile na hAbhann and of all of the\u00a0Independent Producers working with TG4\u00a0throughout Ireland for a record year in 2019.&#8217;<\/em><\/p>\n<p>Cathaoirleach of the TG4 Board,\u00a0\u00a0Si\u00fan N\u00ed Raghallaigh said,<em>\u00a0&#8216;I would like to thank\u00a0the independent production sector and\u00a0everyone who works in TG4, led by the dynamic Ard-Sti\u00farth\u00f3ir, Alan Esslemont.\u00a0<\/em><em>With so much international content available, TG4\u2019s mandate is more important than ever before \u2014 focusing on content which is distinctively Irish and which celebrates our living culture.&#8217;<\/em><br \/>\n&nbsp;<br \/>\n<span>Read the full report: <a href=\"https:\/\/tg4-docs.s3.amazonaws.com\/tg4-redesign-2015\/wp-content\/uploads\/2020\/07\/TG4-Tuarascail-2019-B.pdf\" rel=\"noopener noreferrer\" target=\"_blank\">Click Here&#8230;<\/a>\u00a0<\/span><br \/>\n&nbsp;<br \/>\n<a href=\"https:\/\/tg4-docs.s3.amazonaws.com\/tg4-redesign-2015\/wp-content\/uploads\/2020\/07\/TG4_2019_16-9-Infographic_1920x1080.jpg\"><img loading=\"lazy\" decoding=\"async\" width=\"1920\" height=\"1080\" class=\"aligncenter size-full wp-image-113422\" src=\"https:\/\/tg4-docs.s3.amazonaws.com\/tg4-redesign-2015\/wp-content\/uploads\/2020\/07\/TG4_2019_16-9-Infographic_1920x1080.jpg\" alt=\"\" srcset=\"https:\/\/tg4-docs.s3.amazonaws.com\/tg4-redesign-2015\/wp-content\/uploads\/2020\/07\/TG4_2019_16-9-Infographic_1920x1080.jpg 1920w, https:\/\/tg4-docs.s3.amazonaws.com\/tg4-redesign-2015\/wp-content\/uploads\/2020\/07\/TG4_2019_16-9-Infographic_1920x1080-250x141.jpg 250w, https:\/\/tg4-docs.s3.amazonaws.com\/tg4-redesign-2015\/wp-content\/uploads\/2020\/07\/TG4_2019_16-9-Infographic_1920x1080-700x394.jpg 700w, https:\/\/tg4-docs.s3.amazonaws.com\/tg4-redesign-2015\/wp-content\/uploads\/2020\/07\/TG4_2019_16-9-Infographic_1920x1080-252x141.jpg 252w, https:\/\/tg4-docs.s3.amazonaws.com\/tg4-redesign-2015\/wp-content\/uploads\/2020\/07\/TG4_2019_16-9-Infographic_1920x1080-1536x864.jpg 1536w, https:\/\/tg4-docs.s3.amazonaws.com\/tg4-redesign-2015\/wp-content\/uploads\/2020\/07\/TG4_2019_16-9-Infographic_1920x1080-120x68.jpg 120w\" sizes=\"(max-width: 1920px) 100vw, 1920px\" \/><\/a><\/p>\n<p>&nbsp;<\/p>\n<p>&nbsp;<\/p>\n","protected":false},"excerpt":{"rendered":"<p>&nbsp; A record year for TG4 is set out in the station&#8217;s Annual Report for 2019. For the first time ever since it began broadcasting, TG4 was the 6th most viewed channel in Ireland. TG4 had 71% reach with Irish speaking audiences in 2019, an exceptional level of engagement. \u20ac26.3m spent on Irish language content. [&hellip;]<\/p>\n","protected":false},"author":876,"featured_media":0,"parent":111527,"menu_order":26,"comment_status":"closed","ping_status":"closed","template":"page-templates\/template-pr.php","meta":{"_acf_changed":false,"footnotes":""},"acf":[],"yoast_head":"<!-- This site is optimized with the Yoast SEO plugin v22.6 - https:\/\/yoast.com\/wordpress\/plugins\/seo\/ -->\n<title>TG4 | TG4\u2019s Annual Report for 2019 reveals many successes for the station | 2020 | Press Releases | Press | Irish Television Channel, S\u00fail Eile<\/title>\n<meta name=\"description\" content=\"Continued growth and success for TG4 as revealed through the 2019 Annual Report\" \/>\n<meta name=\"robots\" content=\"index, follow, max-snippet:-1, max-image-preview:large, max-video-preview:-1\" \/>\n<meta property=\"og:locale\" content=\"en_US\" \/>\n<meta property=\"og:type\" content=\"article\" \/>\n<meta property=\"og:title\" content=\"TG4 | TG4\u2019s Annual Report for 2019 reveals many successes for the station | 2020 | Press Releases | Press | Irish Television Channel, S\u00fail Eile\" \/>\n<meta property=\"og:description\" content=\"Continued growth and success for TG4 as revealed through the 2019 Annual Report\" \/>\n<meta property=\"og:url\" content=\"https:\/\/dev.tg4.ie\/en\/information\/press\/press-releases\/2020-2\/tg4s-annual-report-for-2019-reveals-many-successes-for-the-station\/\" \/>\n<meta property=\"og:site_name\" content=\"TG4\" \/>\n<meta property=\"article:publisher\" content=\"https:\/\/www.facebook.com\/TG4TV\" \/>\n<meta property=\"article:modified_time\" content=\"2021-11-04T16:34:26+00:00\" \/>\n<meta property=\"og:image\" content=\"https:\/\/tg4-docs.s3.amazonaws.com\/tg4-redesign-2015\/wp-content\/uploads\/2020\/07\/TG4_2019_16-9-Infographic_1920x1080.jpg\" \/>\n\t<meta property=\"og:image:width\" content=\"1920\" \/>\n\t<meta property=\"og:image:height\" content=\"1080\" \/>\n\t<meta property=\"og:image:type\" content=\"image\/jpeg\" \/>\n<meta name=\"twitter:card\" content=\"summary_large_image\" \/>\n<meta name=\"twitter:image\" content=\"https:\/\/tg4-docs.s3.amazonaws.com\/tg4-redesign-2015\/wp-content\/uploads\/2020\/07\/TG4_2019_16-9-Infographic_1920x1080.jpg\" \/>\n<meta name=\"twitter:site\" content=\"@TG4TV\" \/>\n<meta name=\"twitter:label1\" content=\"Est. reading time\" \/>\n\t<meta name=\"twitter:data1\" content=\"5 minutes\" \/>\n<script type=\"application\/ld+json\" class=\"yoast-schema-graph\">{\"@context\":\"https:\/\/schema.org\",\"@graph\":[{\"@type\":\"WebPage\",\"@id\":\"https:\/\/dev.tg4.ie\/en\/information\/press\/press-releases\/2020-2\/tg4s-annual-report-for-2019-reveals-many-successes-for-the-station\/\",\"url\":\"https:\/\/dev.tg4.ie\/en\/information\/press\/press-releases\/2020-2\/tg4s-annual-report-for-2019-reveals-many-successes-for-the-station\/\",\"name\":\"TG4 | TG4\u2019s Annual Report for 2019 reveals many successes for the station | 2020 | Press Releases | Press | Irish Television Channel, S\u00fail Eile\",\"isPartOf\":{\"@id\":\"https:\/\/dev.tg4.ie\/en\/#website\"},\"primaryImageOfPage\":{\"@id\":\"https:\/\/dev.tg4.ie\/en\/information\/press\/press-releases\/2020-2\/tg4s-annual-report-for-2019-reveals-many-successes-for-the-station\/#primaryimage\"},\"image\":{\"@id\":\"https:\/\/dev.tg4.ie\/en\/information\/press\/press-releases\/2020-2\/tg4s-annual-report-for-2019-reveals-many-successes-for-the-station\/#primaryimage\"},\"thumbnailUrl\":\"https:\/\/dev.tg4.ie\/wp-content\/uploads\/2020\/07\/TG4_2020_1920x1080.jpg\",\"datePublished\":\"2020-07-03T16:59:20+00:00\",\"dateModified\":\"2021-11-04T16:34:26+00:00\",\"description\":\"Continued growth and success for TG4 as revealed through the 2019 Annual Report\",\"breadcrumb\":{\"@id\":\"https:\/\/dev.tg4.ie\/en\/information\/press\/press-releases\/2020-2\/tg4s-annual-report-for-2019-reveals-many-successes-for-the-station\/#breadcrumb\"},\"inLanguage\":\"en-ie\",\"potentialAction\":[{\"@type\":\"ReadAction\",\"target\":[\"https:\/\/dev.tg4.ie\/en\/information\/press\/press-releases\/2020-2\/tg4s-annual-report-for-2019-reveals-many-successes-for-the-station\/\"]}]},{\"@type\":\"ImageObject\",\"inLanguage\":\"en-ie\",\"@id\":\"https:\/\/dev.tg4.ie\/en\/information\/press\/press-releases\/2020-2\/tg4s-annual-report-for-2019-reveals-many-successes-for-the-station\/#primaryimage\",\"url\":\"https:\/\/dev.tg4.ie\/wp-content\/uploads\/2020\/07\/TG4_2020_1920x1080.jpg\",\"contentUrl\":\"https:\/\/dev.tg4.ie\/wp-content\/uploads\/2020\/07\/TG4_2020_1920x1080.jpg\"},{\"@type\":\"BreadcrumbList\",\"@id\":\"https:\/\/dev.tg4.ie\/en\/information\/press\/press-releases\/2020-2\/tg4s-annual-report-for-2019-reveals-many-successes-for-the-station\/#breadcrumb\",\"itemListElement\":[{\"@type\":\"ListItem\",\"position\":1,\"name\":\"Home\",\"item\":\"https:\/\/dev.tg4.ie\/en\/\"},{\"@type\":\"ListItem\",\"position\":2,\"name\":\"Information\",\"item\":\"https:\/\/dev.tg4.ie\/en\/information\/\"},{\"@type\":\"ListItem\",\"position\":3,\"name\":\"Press\",\"item\":\"https:\/\/dev.tg4.ie\/en\/information\/press\/\"},{\"@type\":\"ListItem\",\"position\":4,\"name\":\"Press Releases\",\"item\":\"https:\/\/dev.tg4.ie\/en\/information\/press\/press-releases\/\"},{\"@type\":\"ListItem\",\"position\":5,\"name\":\"2020\",\"item\":\"https:\/\/dev.tg4.ie\/en\/information\/press\/press-releases\/2020-2\/\"},{\"@type\":\"ListItem\",\"position\":6,\"name\":\"TG4&#8217;s Annual Report for 2019 reveals many successes for the station\"}]},{\"@type\":\"WebSite\",\"@id\":\"https:\/\/dev.tg4.ie\/en\/#website\",\"url\":\"https:\/\/dev.tg4.ie\/en\/\",\"name\":\"TG4\",\"description\":\"S\u00fail Eile\",\"potentialAction\":[{\"@type\":\"SearchAction\",\"target\":{\"@type\":\"EntryPoint\",\"urlTemplate\":\"https:\/\/dev.tg4.ie\/en\/?s={search_term_string}\"},\"query-input\":\"required name=search_term_string\"}],\"inLanguage\":\"en-ie\"}]}<\/script>\n<!-- \/ Yoast SEO plugin. -->","yoast_head_json":{"title":"TG4 | TG4\u2019s Annual Report for 2019 reveals many successes for the station | 2020 | Press Releases | Press | Irish Television Channel, S\u00fail Eile","description":"Continued growth and success for TG4 as revealed through the 2019 Annual Report","robots":{"index":"index","follow":"follow","max-snippet":"max-snippet:-1","max-image-preview":"max-image-preview:large","max-video-preview":"max-video-preview:-1"},"og_locale":"en_US","og_type":"article","og_title":"TG4 | TG4\u2019s Annual Report for 2019 reveals many successes for the station | 2020 | Press Releases | Press | Irish Television Channel, S\u00fail Eile","og_description":"Continued growth and success for TG4 as revealed through the 2019 Annual Report","og_url":"https:\/\/dev.tg4.ie\/en\/information\/press\/press-releases\/2020-2\/tg4s-annual-report-for-2019-reveals-many-successes-for-the-station\/","og_site_name":"TG4","article_publisher":"https:\/\/www.facebook.com\/TG4TV","article_modified_time":"2021-11-04T16:34:26+00:00","og_image":[{"width":1920,"height":1080,"url":"https:\/\/tg4-docs.s3.amazonaws.com\/tg4-redesign-2015\/wp-content\/uploads\/2020\/07\/TG4_2019_16-9-Infographic_1920x1080.jpg","type":"image\/jpeg"}],"twitter_card":"summary_large_image","twitter_image":"https:\/\/tg4-docs.s3.amazonaws.com\/tg4-redesign-2015\/wp-content\/uploads\/2020\/07\/TG4_2019_16-9-Infographic_1920x1080.jpg","twitter_site":"@TG4TV","twitter_misc":{"Est. reading time":"5 minutes"},"schema":{"@context":"https:\/\/schema.org","@graph":[{"@type":"WebPage","@id":"https:\/\/dev.tg4.ie\/en\/information\/press\/press-releases\/2020-2\/tg4s-annual-report-for-2019-reveals-many-successes-for-the-station\/","url":"https:\/\/dev.tg4.ie\/en\/information\/press\/press-releases\/2020-2\/tg4s-annual-report-for-2019-reveals-many-successes-for-the-station\/","name":"TG4 | TG4\u2019s Annual Report for 2019 reveals many successes for the station | 2020 | Press Releases | Press | Irish Television Channel, S\u00fail Eile","isPartOf":{"@id":"https:\/\/dev.tg4.ie\/en\/#website"},"primaryImageOfPage":{"@id":"https:\/\/dev.tg4.ie\/en\/information\/press\/press-releases\/2020-2\/tg4s-annual-report-for-2019-reveals-many-successes-for-the-station\/#primaryimage"},"image":{"@id":"https:\/\/dev.tg4.ie\/en\/information\/press\/press-releases\/2020-2\/tg4s-annual-report-for-2019-reveals-many-successes-for-the-station\/#primaryimage"},"thumbnailUrl":"https:\/\/dev.tg4.ie\/wp-content\/uploads\/2020\/07\/TG4_2020_1920x1080.jpg","datePublished":"2020-07-03T16:59:20+00:00","dateModified":"2021-11-04T16:34:26+00:00","description":"Continued growth and success for TG4 as revealed through the 2019 Annual Report","breadcrumb":{"@id":"https:\/\/dev.tg4.ie\/en\/information\/press\/press-releases\/2020-2\/tg4s-annual-report-for-2019-reveals-many-successes-for-the-station\/#breadcrumb"},"inLanguage":"en-ie","potentialAction":[{"@type":"ReadAction","target":["https:\/\/dev.tg4.ie\/en\/information\/press\/press-releases\/2020-2\/tg4s-annual-report-for-2019-reveals-many-successes-for-the-station\/"]}]},{"@type":"ImageObject","inLanguage":"en-ie","@id":"https:\/\/dev.tg4.ie\/en\/information\/press\/press-releases\/2020-2\/tg4s-annual-report-for-2019-reveals-many-successes-for-the-station\/#primaryimage","url":"https:\/\/dev.tg4.ie\/wp-content\/uploads\/2020\/07\/TG4_2020_1920x1080.jpg","contentUrl":"https:\/\/dev.tg4.ie\/wp-content\/uploads\/2020\/07\/TG4_2020_1920x1080.jpg"},{"@type":"BreadcrumbList","@id":"https:\/\/dev.tg4.ie\/en\/information\/press\/press-releases\/2020-2\/tg4s-annual-report-for-2019-reveals-many-successes-for-the-station\/#breadcrumb","itemListElement":[{"@type":"ListItem","position":1,"name":"Home","item":"https:\/\/dev.tg4.ie\/en\/"},{"@type":"ListItem","position":2,"name":"Information","item":"https:\/\/dev.tg4.ie\/en\/information\/"},{"@type":"ListItem","position":3,"name":"Press","item":"https:\/\/dev.tg4.ie\/en\/information\/press\/"},{"@type":"ListItem","position":4,"name":"Press Releases","item":"https:\/\/dev.tg4.ie\/en\/information\/press\/press-releases\/"},{"@type":"ListItem","position":5,"name":"2020","item":"https:\/\/dev.tg4.ie\/en\/information\/press\/press-releases\/2020-2\/"},{"@type":"ListItem","position":6,"name":"TG4&#8217;s Annual Report for 2019 reveals many successes for the station"}]},{"@type":"WebSite","@id":"https:\/\/dev.tg4.ie\/en\/#website","url":"https:\/\/dev.tg4.ie\/en\/","name":"TG4","description":"S\u00fail Eile","potentialAction":[{"@type":"SearchAction","target":{"@type":"EntryPoint","urlTemplate":"https:\/\/dev.tg4.ie\/en\/?s={search_term_string}"},"query-input":"required name=search_term_string"}],"inLanguage":"en-ie"}]}},"_links":{"self":[{"href":"https:\/\/dev.tg4.ie\/en\/wp-json\/wp\/v2\/pages\/113436"}],"collection":[{"href":"https:\/\/dev.tg4.ie\/en\/wp-json\/wp\/v2\/pages"}],"about":[{"href":"https:\/\/dev.tg4.ie\/en\/wp-json\/wp\/v2\/types\/page"}],"author":[{"embeddable":true,"href":"https:\/\/dev.tg4.ie\/en\/wp-json\/wp\/v2\/users\/876"}],"replies":[{"embeddable":true,"href":"https:\/\/dev.tg4.ie\/en\/wp-json\/wp\/v2\/comments?post=113436"}],"version-history":[{"count":0,"href":"https:\/\/dev.tg4.ie\/en\/wp-json\/wp\/v2\/pages\/113436\/revisions"}],"up":[{"embeddable":true,"href":"https:\/\/dev.tg4.ie\/en\/wp-json\/wp\/v2\/pages\/111527"}],"wp:attachment":[{"href":"https:\/\/dev.tg4.ie\/en\/wp-json\/wp\/v2\/media?parent=113436"}],"curies":[{"name":"wp","href":"https:\/\/api.w.org\/{rel}","templated":true}]}}