{"id":113493,"date":"2020-07-10T12:24:09","date_gmt":"2020-07-10T11:24:09","guid":{"rendered":"https:\/\/dev.tg4.ie\/?page_id=113493"},"modified":"2021-11-04T16:43:54","modified_gmt":"2021-11-04T16:43:54","slug":"gluin-nua-new-commissioning-fund-to-support-emerging-directors-writers-and-creative-producers-to-create-short-form-content-in-the-irish-language","status":"publish","type":"page","link":"https:\/\/dev.tg4.ie\/en\/information\/press\/press-releases\/2020-2\/gluin-nua-new-commissioning-fund-to-support-emerging-directors-writers-and-creative-producers-to-create-short-form-content-in-the-irish-language\/","title":{"rendered":"Gl\u00fain Nua: New Commissioning fund to support emerging directors, writers and creative producers to create short-form content in the Irish language"},"content":{"rendered":"<p><a href=\"https:\/\/tg4-docs.s3.amazonaws.com\/tg4-redesign-2015\/wp-content\/uploads\/2020\/07\/Gluin-Nua-1-1920x1080-1.jpg\"><img loading=\"lazy\" decoding=\"async\" width=\"1920\" height=\"1080\" src=\"https:\/\/tg4-docs.s3.amazonaws.com\/tg4-redesign-2015\/wp-content\/uploads\/2020\/07\/Gluin-Nua-1-1920x1080-1.jpg\" alt=\"\" class=\"aligncenter size-full wp-image-113482\" srcset=\"https:\/\/tg4-docs.s3.amazonaws.com\/tg4-redesign-2015\/wp-content\/uploads\/2020\/07\/Gluin-Nua-1-1920x1080-1.jpg 1920w, https:\/\/tg4-docs.s3.amazonaws.com\/tg4-redesign-2015\/wp-content\/uploads\/2020\/07\/Gluin-Nua-1-1920x1080-1-250x141.jpg 250w, https:\/\/tg4-docs.s3.amazonaws.com\/tg4-redesign-2015\/wp-content\/uploads\/2020\/07\/Gluin-Nua-1-1920x1080-1-700x394.jpg 700w, https:\/\/tg4-docs.s3.amazonaws.com\/tg4-redesign-2015\/wp-content\/uploads\/2020\/07\/Gluin-Nua-1-1920x1080-1-252x141.jpg 252w, https:\/\/tg4-docs.s3.amazonaws.com\/tg4-redesign-2015\/wp-content\/uploads\/2020\/07\/Gluin-Nua-1-1920x1080-1-1536x864.jpg 1536w, https:\/\/tg4-docs.s3.amazonaws.com\/tg4-redesign-2015\/wp-content\/uploads\/2020\/07\/Gluin-Nua-1-1920x1080-1-120x68.jpg 120w\" sizes=\"(max-width: 1920px) 100vw, 1920px\" \/><\/a><br \/>\n&nbsp;<br \/>\n<strong>A new Commissioning and Mentorship fund is launched by TG4 in partnership with the Broadcasting Authority of Ireland (BAI), Northern Ireland Screen\u2019s Irish Language Broadcast Fund, \u00dadar\u00e1s na Gaeltachta and in association with Gr\u00e9as\u00e1n na Me\u00e1n Skillnet.<\/strong><br \/>\n&nbsp;<br \/>\nTG4 are delighted to announce a new scheme \u2018Gl\u00fain Nua\u2019, to commission appealing short-form content for younger audiences. The fund is a partnership between TG4, Broadcasting Authority of Ireland (BAI), Northern Ireland Screen\u2019s Irish Language Broadcast Fund (ILBF) and \u00dadar\u00e1s na Gaeltachta in association with Gr\u00e9as\u00e1n na Me\u00e1n Skillnet to support up and coming talent in the industry. Gl\u00fain Nua is being launched at the Galway Film Fleadh, which is presented online this year from 7-12 July.<br \/>\n&nbsp;<br \/>\nThe initiative will provide a commissioning fund and mentoring support to support new talent in the Irish audio-visual industry. Under the scheme, production companies can develop and give mentorship to a new generation of storytellers, supporting them to create innovative and original Irish-language content for audiences in the 16-34 age bracket.<br \/>\n&nbsp;<br \/>\nThe content will have a digital-first release on TG4\u2019s online platforms, as well as receiving a subsequent linear broadcast where relevant. This commissioning fund to a total value of \u20ac240,000 is supported by TG4, the Broadcasting Authority of Ireland (BAI), Northern Ireland Screen\u2019s ILBF and \u00dadar\u00e1s na Gaeltachta, and in association with Gr\u00e9as\u00e1n na Me\u00e1n Skillnet.<br \/>\n&nbsp;<br \/>\nL\u00eds N\u00ed Dh\u00e1laigh, Director of Marketing, Development and Partnerships in TG4 said: <em>\u201cTG4 is pleased to announce this scheme to support new talent in the sector. A priority for TG4 is to strengthen our appeal for younger audiences and also to support a new generation of content creators in the industry.&#8221;<\/em><br \/>\n&nbsp;<br \/>\nCEO of the Broadcasting Authority of Ireland, Michael O&#8217;Keeffe said: <em>\u201cThe BAI is delighted to support Gl\u00fain Nua, an innovative mentorship programme which will enable emerging directors and writers to develop in the audio-visual sector and create new and exciting Irish language content that is targeted to appeal to young audiences. We are particularly supportive of the partnership element of the programme, and we look forward to joining with TG4, NI Screen\u2019s Irish Language Broadcast Fund, \u00dadar\u00e1s na Gaeltachta and Gr\u00e9as\u00e1n na Me\u00e1n Skillnet to nurture and encourage new Irish-language practitioners as they enter the industry. We consider this partnership proposal to be of significant strategic value to the Broadcasting Authority of Ireland (BAI), furthering the objectives of Promoting Diversity and Plurality and Enhancing Innovation &#038; Sectoral Sustainability. Furthermore, the initiative directly supports the aims and objectives of the BAI Irish Language Action Plan, which was launched in 2019 in order to support Irish Language development across the Irish audio-visual sector.\u201d<\/em><br \/>\n&nbsp;<br \/>\n\u00c1ine Walsh, Head of Irish Language Broadcast Fund at Northern Ireland Screen said <em>&#8220;Skills development and training are core elements of the work of the ILBF and we are delighted to be a partner in this unique initiative which will enable new and emerging Irish speaking talent to be nurtured by established production companies. We have put increasing emphasis on funding content aimed at a young audience and are excited to see the innovative programming that this new cohort of talent produces.&#8221;<\/em><br \/>\n&nbsp;<br \/>\nM\u00edche\u00e1l \u00d3 h\u00c9anaigh, CEO, \u00dadar\u00e1s na Gaeltachta stated: <em>&#8220;\u00dadar\u00e1s na Gaeltachta is delighted to support the \u2018Gl\u00fain Nua\u2019 scheme which will provide growth opportunities for the audiovisual sector, a sector which we have supported for many years. We are very happy to be collaborating with our partner colleagues on this scheme, a scheme which will provide opportunities for young people to start out in this sector in an innovative and exciting manner. For many years, we have placed a significant emphasis on training and development of the next generation in learning their trade for the benefit of the Irish language and the Gaeltacht, this scheme will support that objective also.&#8221;<\/em><br \/>\n&nbsp;<br \/>\nFull details of the Gl\u00fain Nua requirements are available here: <a href=\"https:\/\/dev.tg4.ie\/commissioning\" rel=\"noopener noreferrer\" target=\"_blank\">https:\/\/dev.tg4.ie\/commissioning<\/a><br \/>\n&nbsp;<br \/>\n&nbsp;<br \/>\nGL\u00daIN NUA funded by:<\/p>\n<div><img loading=\"lazy\" decoding=\"async\" width=\"252\" height=\"92\" src=\"https:\/\/tg4-docs.s3.amazonaws.com\/tg4-redesign-2015\/wp-content\/uploads\/2019\/11\/tg4logobeag-252x92.png\" alt=\"\" class=\"aligncenter size-thumbnail wp-image-110818\" srcset=\"https:\/\/tg4-docs.s3.amazonaws.com\/tg4-redesign-2015\/wp-content\/uploads\/2019\/11\/tg4logobeag-252x92.png 252w, https:\/\/tg4-docs.s3.amazonaws.com\/tg4-redesign-2015\/wp-content\/uploads\/2019\/11\/tg4logobeag-250x91.png 250w, https:\/\/tg4-docs.s3.amazonaws.com\/tg4-redesign-2015\/wp-content\/uploads\/2019\/11\/tg4logobeag-120x44.png 120w, https:\/\/tg4-docs.s3.amazonaws.com\/tg4-redesign-2015\/wp-content\/uploads\/2019\/11\/tg4logobeag.png 391w\" sizes=\"(max-width: 252px) 100vw, 252px\" \/> <img loading=\"lazy\" decoding=\"async\" width=\"250\" height=\"56\" src=\"https:\/\/tg4-docs.s3.amazonaws.com\/tg4-redesign-2015\/wp-content\/uploads\/2019\/01\/udaras-logo_250.jpg\" alt=\"\" class=\"aligncenter size-full wp-image-99491\" srcset=\"https:\/\/tg4-docs.s3.amazonaws.com\/tg4-redesign-2015\/wp-content\/uploads\/2019\/01\/udaras-logo_250.jpg 250w, https:\/\/tg4-docs.s3.amazonaws.com\/tg4-redesign-2015\/wp-content\/uploads\/2019\/01\/udaras-logo_250.jpg 120w\" sizes=\"(max-width: 250px) 100vw, 250px\" \/><br \/>\n<img loading=\"lazy\" decoding=\"async\" width=\"1918\" height=\"744\" src=\"https:\/\/tg4-docs.s3.amazonaws.com\/tg4-redesign-2015\/wp-content\/uploads\/2018\/04\/BAI-logo_1920_1.jpg\" alt=\"\" class=\"aligncenter size-thumbnail wp-image-81338\" srcset=\"https:\/\/tg4-docs.s3.amazonaws.com\/tg4-redesign-2015\/wp-content\/uploads\/2018\/04\/BAI-logo_1920_1.jpg 1918w, https:\/\/tg4-docs.s3.amazonaws.com\/tg4-redesign-2015\/wp-content\/uploads\/2018\/04\/BAI-logo_1920_1.jpg 252w, https:\/\/tg4-docs.s3.amazonaws.com\/tg4-redesign-2015\/wp-content\/uploads\/2018\/04\/BAI-logo_1920_1.jpg 250w, https:\/\/tg4-docs.s3.amazonaws.com\/tg4-redesign-2015\/wp-content\/uploads\/2018\/04\/BAI-logo_1920_1.jpg 700w, https:\/\/tg4-docs.s3.amazonaws.com\/tg4-redesign-2015\/wp-content\/uploads\/2018\/04\/BAI-logo_1920_1.jpg 120w\" sizes=\"(max-width: 1918px) 100vw, 1918px\" \/> <img loading=\"lazy\" decoding=\"async\" width=\"250\" height=\"62\" src=\"https:\/\/tg4-docs.s3.amazonaws.com\/tg4-redesign-2015\/wp-content\/uploads\/2019\/01\/ilbflogoceart_250.jpg\" alt=\"\" class=\"aligncenter size-full wp-image-99490\" srcset=\"https:\/\/tg4-docs.s3.amazonaws.com\/tg4-redesign-2015\/wp-content\/uploads\/2019\/01\/ilbflogoceart_250.jpg 250w, https:\/\/tg4-docs.s3.amazonaws.com\/tg4-redesign-2015\/wp-content\/uploads\/2019\/01\/ilbflogoceart_250.jpg 120w\" sizes=\"(max-width: 250px) 100vw, 250px\" \/><\/div>\n<p>&nbsp;<br \/>\n&nbsp;<br \/>\nIn partnership with:<br \/>\n<img loading=\"lazy\" decoding=\"async\" width=\"240\" height=\"188\" src=\"https:\/\/tg4-docs.s3.amazonaws.com\/tg4-redesign-2015\/wp-content\/uploads\/2020\/07\/Greasan_na_Mean_logo.jpg\" alt=\"\" class=\"aligncenter size-full wp-image-113487\" srcset=\"https:\/\/tg4-docs.s3.amazonaws.com\/tg4-redesign-2015\/wp-content\/uploads\/2020\/07\/Greasan_na_Mean_logo.jpg 240w, https:\/\/tg4-docs.s3.amazonaws.com\/tg4-redesign-2015\/wp-content\/uploads\/2020\/07\/Greasan_na_Mean_logo-180x141.jpg 180w, https:\/\/tg4-docs.s3.amazonaws.com\/tg4-redesign-2015\/wp-content\/uploads\/2020\/07\/Greasan_na_Mean_logo-120x94.jpg 120w\" sizes=\"(max-width: 240px) 100vw, 240px\" \/><br \/>\n&nbsp;<\/p>\n","protected":false},"excerpt":{"rendered":"<p>&nbsp; A new Commissioning and Mentorship fund is launched by TG4 in partnership with the Broadcasting Authority of Ireland (BAI), Northern Ireland Screen\u2019s Irish Language Broadcast Fund, \u00dadar\u00e1s na Gaeltachta and in association with Gr\u00e9as\u00e1n na Me\u00e1n Skillnet. &nbsp; TG4 are delighted to announce a new scheme \u2018Gl\u00fain Nua\u2019, to commission appealing short-form content for [&hellip;]<\/p>\n","protected":false},"author":876,"featured_media":0,"parent":111527,"menu_order":27,"comment_status":"closed","ping_status":"closed","template":"page-templates\/template-pr.php","meta":{"_acf_changed":false,"footnotes":""},"acf":[],"yoast_head":"<!-- This site is optimized with the Yoast SEO plugin v22.6 - https:\/\/yoast.com\/wordpress\/plugins\/seo\/ -->\n<title>TG4 | Gl\u00fain Nua: New Commissioning fund to support emerging directors, writers and creative producers to create short-form content in the Irish language | 2020 | Press Releases | Press | Irish Television Channel, S\u00fail Eile<\/title>\n<meta name=\"description\" content=\"Gl\u00fain Nua is the latest initiative announced by TG4 which focuses on short-form content for younger audiences\" \/>\n<meta name=\"robots\" content=\"index, follow, max-snippet:-1, max-image-preview:large, max-video-preview:-1\" \/>\n<meta property=\"og:locale\" content=\"en_US\" \/>\n<meta property=\"og:type\" content=\"article\" \/>\n<meta property=\"og:title\" content=\"TG4 | Gl\u00fain Nua: New Commissioning fund to support emerging directors, writers and creative producers to create short-form content in the Irish language | 2020 | Press Releases | Press | Irish Television Channel, S\u00fail Eile\" \/>\n<meta property=\"og:description\" content=\"Gl\u00fain Nua is the latest initiative announced by TG4 which focuses on short-form content for younger audiences\" \/>\n<meta property=\"og:url\" content=\"https:\/\/dev.tg4.ie\/en\/information\/press\/press-releases\/2020-2\/gluin-nua-new-commissioning-fund-to-support-emerging-directors-writers-and-creative-producers-to-create-short-form-content-in-the-irish-language\/\" \/>\n<meta property=\"og:site_name\" content=\"TG4\" \/>\n<meta property=\"article:publisher\" content=\"https:\/\/www.facebook.com\/TG4TV\" \/>\n<meta property=\"article:modified_time\" content=\"2021-11-04T16:43:54+00:00\" \/>\n<meta property=\"og:image\" content=\"https:\/\/tg4-docs.s3.amazonaws.com\/tg4-redesign-2015\/wp-content\/uploads\/2020\/07\/Gluin-Nua-1-1920x1080-1.jpg\" \/>\n\t<meta property=\"og:image:width\" content=\"1920\" \/>\n\t<meta property=\"og:image:height\" content=\"1080\" \/>\n\t<meta property=\"og:image:type\" content=\"image\/jpeg\" \/>\n<meta name=\"twitter:card\" content=\"summary_large_image\" \/>\n<meta name=\"twitter:image\" content=\"https:\/\/tg4-docs.s3.amazonaws.com\/tg4-redesign-2015\/wp-content\/uploads\/2020\/07\/Gluin-Nua-1-1920x1080-1.jpg\" \/>\n<meta name=\"twitter:site\" content=\"@TG4TV\" \/>\n<meta name=\"twitter:label1\" content=\"Est. reading time\" \/>\n\t<meta name=\"twitter:data1\" content=\"3 minutes\" \/>\n<script type=\"application\/ld+json\" class=\"yoast-schema-graph\">{\"@context\":\"https:\/\/schema.org\",\"@graph\":[{\"@type\":\"WebPage\",\"@id\":\"https:\/\/dev.tg4.ie\/en\/information\/press\/press-releases\/2020-2\/gluin-nua-new-commissioning-fund-to-support-emerging-directors-writers-and-creative-producers-to-create-short-form-content-in-the-irish-language\/\",\"url\":\"https:\/\/dev.tg4.ie\/en\/information\/press\/press-releases\/2020-2\/gluin-nua-new-commissioning-fund-to-support-emerging-directors-writers-and-creative-producers-to-create-short-form-content-in-the-irish-language\/\",\"name\":\"TG4 | Gl\u00fain Nua: New Commissioning fund to support emerging directors, writers and creative producers to create short-form content in the Irish language | 2020 | Press Releases | Press | Irish Television Channel, S\u00fail Eile\",\"isPartOf\":{\"@id\":\"https:\/\/dev.tg4.ie\/en\/#website\"},\"primaryImageOfPage\":{\"@id\":\"https:\/\/dev.tg4.ie\/en\/information\/press\/press-releases\/2020-2\/gluin-nua-new-commissioning-fund-to-support-emerging-directors-writers-and-creative-producers-to-create-short-form-content-in-the-irish-language\/#primaryimage\"},\"image\":{\"@id\":\"https:\/\/dev.tg4.ie\/en\/information\/press\/press-releases\/2020-2\/gluin-nua-new-commissioning-fund-to-support-emerging-directors-writers-and-creative-producers-to-create-short-form-content-in-the-irish-language\/#primaryimage\"},\"thumbnailUrl\":\"https:\/\/dev.tg4.ie\/wp-content\/uploads\/2020\/07\/Gluin-Nua-1-1920x1080-1.jpg\",\"datePublished\":\"2020-07-10T11:24:09+00:00\",\"dateModified\":\"2021-11-04T16:43:54+00:00\",\"description\":\"Gl\u00fain Nua is the latest initiative announced by TG4 which focuses on short-form content for younger audiences\",\"breadcrumb\":{\"@id\":\"https:\/\/dev.tg4.ie\/en\/information\/press\/press-releases\/2020-2\/gluin-nua-new-commissioning-fund-to-support-emerging-directors-writers-and-creative-producers-to-create-short-form-content-in-the-irish-language\/#breadcrumb\"},\"inLanguage\":\"en-ie\",\"potentialAction\":[{\"@type\":\"ReadAction\",\"target\":[\"https:\/\/dev.tg4.ie\/en\/information\/press\/press-releases\/2020-2\/gluin-nua-new-commissioning-fund-to-support-emerging-directors-writers-and-creative-producers-to-create-short-form-content-in-the-irish-language\/\"]}]},{\"@type\":\"ImageObject\",\"inLanguage\":\"en-ie\",\"@id\":\"https:\/\/dev.tg4.ie\/en\/information\/press\/press-releases\/2020-2\/gluin-nua-new-commissioning-fund-to-support-emerging-directors-writers-and-creative-producers-to-create-short-form-content-in-the-irish-language\/#primaryimage\",\"url\":\"https:\/\/dev.tg4.ie\/wp-content\/uploads\/2020\/07\/Gluin-Nua-1-1920x1080-1.jpg\",\"contentUrl\":\"https:\/\/dev.tg4.ie\/wp-content\/uploads\/2020\/07\/Gluin-Nua-1-1920x1080-1.jpg\"},{\"@type\":\"BreadcrumbList\",\"@id\":\"https:\/\/dev.tg4.ie\/en\/information\/press\/press-releases\/2020-2\/gluin-nua-new-commissioning-fund-to-support-emerging-directors-writers-and-creative-producers-to-create-short-form-content-in-the-irish-language\/#breadcrumb\",\"itemListElement\":[{\"@type\":\"ListItem\",\"position\":1,\"name\":\"Home\",\"item\":\"https:\/\/dev.tg4.ie\/en\/\"},{\"@type\":\"ListItem\",\"position\":2,\"name\":\"Information\",\"item\":\"https:\/\/dev.tg4.ie\/en\/information\/\"},{\"@type\":\"ListItem\",\"position\":3,\"name\":\"Press\",\"item\":\"https:\/\/dev.tg4.ie\/en\/information\/press\/\"},{\"@type\":\"ListItem\",\"position\":4,\"name\":\"Press Releases\",\"item\":\"https:\/\/dev.tg4.ie\/en\/information\/press\/press-releases\/\"},{\"@type\":\"ListItem\",\"position\":5,\"name\":\"2020\",\"item\":\"https:\/\/dev.tg4.ie\/en\/information\/press\/press-releases\/2020-2\/\"},{\"@type\":\"ListItem\",\"position\":6,\"name\":\"Gl\u00fain Nua: New Commissioning fund to support emerging directors, writers and creative producers to create short-form content in the Irish language\"}]},{\"@type\":\"WebSite\",\"@id\":\"https:\/\/dev.tg4.ie\/en\/#website\",\"url\":\"https:\/\/dev.tg4.ie\/en\/\",\"name\":\"TG4\",\"description\":\"S\u00fail Eile\",\"potentialAction\":[{\"@type\":\"SearchAction\",\"target\":{\"@type\":\"EntryPoint\",\"urlTemplate\":\"https:\/\/dev.tg4.ie\/en\/?s={search_term_string}\"},\"query-input\":\"required name=search_term_string\"}],\"inLanguage\":\"en-ie\"}]}<\/script>\n<!-- \/ Yoast SEO plugin. -->","yoast_head_json":{"title":"TG4 | Gl\u00fain Nua: New Commissioning fund to support emerging directors, writers and creative producers to create short-form content in the Irish language | 2020 | Press Releases | Press | Irish Television Channel, S\u00fail Eile","description":"Gl\u00fain Nua is the latest initiative announced by TG4 which focuses on short-form content for younger audiences","robots":{"index":"index","follow":"follow","max-snippet":"max-snippet:-1","max-image-preview":"max-image-preview:large","max-video-preview":"max-video-preview:-1"},"og_locale":"en_US","og_type":"article","og_title":"TG4 | Gl\u00fain Nua: New Commissioning fund to support emerging directors, writers and creative producers to create short-form content in the Irish language | 2020 | Press Releases | Press | Irish Television Channel, S\u00fail Eile","og_description":"Gl\u00fain Nua is the latest initiative announced by TG4 which focuses on short-form content for younger audiences","og_url":"https:\/\/dev.tg4.ie\/en\/information\/press\/press-releases\/2020-2\/gluin-nua-new-commissioning-fund-to-support-emerging-directors-writers-and-creative-producers-to-create-short-form-content-in-the-irish-language\/","og_site_name":"TG4","article_publisher":"https:\/\/www.facebook.com\/TG4TV","article_modified_time":"2021-11-04T16:43:54+00:00","og_image":[{"width":1920,"height":1080,"url":"https:\/\/tg4-docs.s3.amazonaws.com\/tg4-redesign-2015\/wp-content\/uploads\/2020\/07\/Gluin-Nua-1-1920x1080-1.jpg","type":"image\/jpeg"}],"twitter_card":"summary_large_image","twitter_image":"https:\/\/tg4-docs.s3.amazonaws.com\/tg4-redesign-2015\/wp-content\/uploads\/2020\/07\/Gluin-Nua-1-1920x1080-1.jpg","twitter_site":"@TG4TV","twitter_misc":{"Est. reading time":"3 minutes"},"schema":{"@context":"https:\/\/schema.org","@graph":[{"@type":"WebPage","@id":"https:\/\/dev.tg4.ie\/en\/information\/press\/press-releases\/2020-2\/gluin-nua-new-commissioning-fund-to-support-emerging-directors-writers-and-creative-producers-to-create-short-form-content-in-the-irish-language\/","url":"https:\/\/dev.tg4.ie\/en\/information\/press\/press-releases\/2020-2\/gluin-nua-new-commissioning-fund-to-support-emerging-directors-writers-and-creative-producers-to-create-short-form-content-in-the-irish-language\/","name":"TG4 | Gl\u00fain Nua: New Commissioning fund to support emerging directors, writers and creative producers to create short-form content in the Irish language | 2020 | Press Releases | Press | Irish Television Channel, S\u00fail Eile","isPartOf":{"@id":"https:\/\/dev.tg4.ie\/en\/#website"},"primaryImageOfPage":{"@id":"https:\/\/dev.tg4.ie\/en\/information\/press\/press-releases\/2020-2\/gluin-nua-new-commissioning-fund-to-support-emerging-directors-writers-and-creative-producers-to-create-short-form-content-in-the-irish-language\/#primaryimage"},"image":{"@id":"https:\/\/dev.tg4.ie\/en\/information\/press\/press-releases\/2020-2\/gluin-nua-new-commissioning-fund-to-support-emerging-directors-writers-and-creative-producers-to-create-short-form-content-in-the-irish-language\/#primaryimage"},"thumbnailUrl":"https:\/\/dev.tg4.ie\/wp-content\/uploads\/2020\/07\/Gluin-Nua-1-1920x1080-1.jpg","datePublished":"2020-07-10T11:24:09+00:00","dateModified":"2021-11-04T16:43:54+00:00","description":"Gl\u00fain Nua is the latest initiative announced by TG4 which focuses on short-form content for younger audiences","breadcrumb":{"@id":"https:\/\/dev.tg4.ie\/en\/information\/press\/press-releases\/2020-2\/gluin-nua-new-commissioning-fund-to-support-emerging-directors-writers-and-creative-producers-to-create-short-form-content-in-the-irish-language\/#breadcrumb"},"inLanguage":"en-ie","potentialAction":[{"@type":"ReadAction","target":["https:\/\/dev.tg4.ie\/en\/information\/press\/press-releases\/2020-2\/gluin-nua-new-commissioning-fund-to-support-emerging-directors-writers-and-creative-producers-to-create-short-form-content-in-the-irish-language\/"]}]},{"@type":"ImageObject","inLanguage":"en-ie","@id":"https:\/\/dev.tg4.ie\/en\/information\/press\/press-releases\/2020-2\/gluin-nua-new-commissioning-fund-to-support-emerging-directors-writers-and-creative-producers-to-create-short-form-content-in-the-irish-language\/#primaryimage","url":"https:\/\/dev.tg4.ie\/wp-content\/uploads\/2020\/07\/Gluin-Nua-1-1920x1080-1.jpg","contentUrl":"https:\/\/dev.tg4.ie\/wp-content\/uploads\/2020\/07\/Gluin-Nua-1-1920x1080-1.jpg"},{"@type":"BreadcrumbList","@id":"https:\/\/dev.tg4.ie\/en\/information\/press\/press-releases\/2020-2\/gluin-nua-new-commissioning-fund-to-support-emerging-directors-writers-and-creative-producers-to-create-short-form-content-in-the-irish-language\/#breadcrumb","itemListElement":[{"@type":"ListItem","position":1,"name":"Home","item":"https:\/\/dev.tg4.ie\/en\/"},{"@type":"ListItem","position":2,"name":"Information","item":"https:\/\/dev.tg4.ie\/en\/information\/"},{"@type":"ListItem","position":3,"name":"Press","item":"https:\/\/dev.tg4.ie\/en\/information\/press\/"},{"@type":"ListItem","position":4,"name":"Press Releases","item":"https:\/\/dev.tg4.ie\/en\/information\/press\/press-releases\/"},{"@type":"ListItem","position":5,"name":"2020","item":"https:\/\/dev.tg4.ie\/en\/information\/press\/press-releases\/2020-2\/"},{"@type":"ListItem","position":6,"name":"Gl\u00fain Nua: New Commissioning fund to support emerging directors, writers and creative producers to create short-form content in the Irish language"}]},{"@type":"WebSite","@id":"https:\/\/dev.tg4.ie\/en\/#website","url":"https:\/\/dev.tg4.ie\/en\/","name":"TG4","description":"S\u00fail Eile","potentialAction":[{"@type":"SearchAction","target":{"@type":"EntryPoint","urlTemplate":"https:\/\/dev.tg4.ie\/en\/?s={search_term_string}"},"query-input":"required name=search_term_string"}],"inLanguage":"en-ie"}]}},"_links":{"self":[{"href":"https:\/\/dev.tg4.ie\/en\/wp-json\/wp\/v2\/pages\/113493"}],"collection":[{"href":"https:\/\/dev.tg4.ie\/en\/wp-json\/wp\/v2\/pages"}],"about":[{"href":"https:\/\/dev.tg4.ie\/en\/wp-json\/wp\/v2\/types\/page"}],"author":[{"embeddable":true,"href":"https:\/\/dev.tg4.ie\/en\/wp-json\/wp\/v2\/users\/876"}],"replies":[{"embeddable":true,"href":"https:\/\/dev.tg4.ie\/en\/wp-json\/wp\/v2\/comments?post=113493"}],"version-history":[{"count":0,"href":"https:\/\/dev.tg4.ie\/en\/wp-json\/wp\/v2\/pages\/113493\/revisions"}],"up":[{"embeddable":true,"href":"https:\/\/dev.tg4.ie\/en\/wp-json\/wp\/v2\/pages\/111527"}],"wp:attachment":[{"href":"https:\/\/dev.tg4.ie\/en\/wp-json\/wp\/v2\/media?parent=113493"}],"curies":[{"name":"wp","href":"https:\/\/api.w.org\/{rel}","templated":true}]}}