{"id":113503,"date":"2020-07-10T21:32:37","date_gmt":"2020-07-10T20:32:37","guid":{"rendered":"https:\/\/dev.tg4.ie\/information\/press\/press-releases\/2020-2\/cluichi-clg-beo-aris-ar-tg4\/"},"modified":"2021-11-04T16:51:16","modified_gmt":"2021-11-04T16:51:16","slug":"live-gaa-back-on-tg4","status":"publish","type":"page","link":"https:\/\/dev.tg4.ie\/en\/information\/press\/press-releases\/2020-2\/live-gaa-back-on-tg4\/","title":{"rendered":"Live GAA back on TG4"},"content":{"rendered":"<p><a href=\"https:\/\/tg4-docs.s3.amazonaws.com\/tg4-redesign-2015\/wp-content\/uploads\/2019\/12\/GAA_Beo_O_Domhnaill_Tyers.jpg\"><img loading=\"lazy\" decoding=\"async\" width=\"1920\" height=\"1080\" class=\"aligncenter size-full wp-image-111189\" src=\"https:\/\/tg4-docs.s3.amazonaws.com\/tg4-redesign-2015\/wp-content\/uploads\/2019\/12\/GAA_Beo_O_Domhnaill_Tyers.jpg\" alt=\"\" srcset=\"https:\/\/tg4-docs.s3.amazonaws.com\/tg4-redesign-2015\/wp-content\/uploads\/2019\/12\/GAA_Beo_O_Domhnaill_Tyers.jpg 1920w, https:\/\/tg4-docs.s3.amazonaws.com\/tg4-redesign-2015\/wp-content\/uploads\/2019\/12\/GAA_Beo_O_Domhnaill_Tyers-250x141.jpg 250w, https:\/\/tg4-docs.s3.amazonaws.com\/tg4-redesign-2015\/wp-content\/uploads\/2019\/12\/GAA_Beo_O_Domhnaill_Tyers-700x394.jpg 700w, https:\/\/tg4-docs.s3.amazonaws.com\/tg4-redesign-2015\/wp-content\/uploads\/2019\/12\/GAA_Beo_O_Domhnaill_Tyers-252x141.jpg 252w, https:\/\/tg4-docs.s3.amazonaws.com\/tg4-redesign-2015\/wp-content\/uploads\/2019\/12\/GAA_Beo_O_Domhnaill_Tyers-1536x864.jpg 1536w, https:\/\/tg4-docs.s3.amazonaws.com\/tg4-redesign-2015\/wp-content\/uploads\/2019\/12\/GAA_Beo_O_Domhnaill_Tyers-120x68.jpg 120w\" sizes=\"(max-width: 1920px) 100vw, 1920px\" \/><\/a><\/p>\n<p><iframe loading=\"lazy\" src=\"https:\/\/www.youtube.com\/embed\/_BJOVvEYZW8\" width=\"560\" height=\"315\" frameborder=\"0\" allowfullscreen=\"allowfullscreen\"><\/iframe><br \/>\n&nbsp;<br \/>\nLive GAA makes a very welcome return to our screens this weekend for the first time since March, as TG4 have launched their club coverage for 2020.<\/p>\n<p>&nbsp;<\/p>\n<p>The channel\u2019s flagship series GAA BEO will hit the ground running with two exceptional hurling ties next weekend, one live on Friday night and one live on Sunday afternoon.<\/p>\n<p>On Friday 17<sup>th<\/sup><span>\u00a0<\/span>July they begin with live coverage from the Pettitt&#8217;s Supervalu Wexford Senior Hurling Championship when champions St. Martin\u2019s clash with old rivals Oulart-The Ballagh. \u00a0 On Sunday 19<sup>th<\/sup><span>\u00a0<\/span>July there is another heavyweight clash when Ballyboden St. Enda\u2019s and Kilmacud Croke face off in a repeat of the 2018 Dublin county final.<\/p>\n<p>TG4&#8217;s extensive club championship coverage will continue each week with live football and hurling coverage from\u00a0across the country and details of the first three week\u2019s of coverage have been outlined below.<\/p>\n<p>Normally beamed into our living rooms almost every week of the year, presenter Miche\u00e1l \u00d3 Domhnaill will be again fronting the coverage after a 4-month absence. \u00a0Commenting on the return of GAA action he said,\u00a0<em>\u201cI\u2019m delighted and relieved to be back covering matches on GAA Beo. After such a long time in lockdown we are all looking forward to some live action and while we have a long way to go before we can get back to anything like normality let\u2019s hope that this is the first step.\u201d<\/em><\/p>\n<p>TG4\u2019s Head of Sport R\u00f3n\u00e1n \u00d3 Coisdealbha said: &#8220;<em>We are very grateful to the GAA and to the various County Boards around the country who have been very helpful in preparing for the return of live coverage. We look forward to providing extensive live television coverage from the GAA Championships during the coming months.&#8221;<\/em><\/p>\n<p>Brian Tyers resumes as commentator with analysis from the likes of Liam Rushe, Michael Rice, Diarmuid Lyng, Donal O\u2019Grady in hurling, and Aod\u00e1n Mac Gearailt, Kevin Cassidy, Se\u00e1n \u00d3g de Paor and Jarlath Burns among others in football.<\/p>\n<p>The line-up of games for the first few weeks is as follows (with much more to come):<\/p>\n<p>&nbsp;<\/p>\n<p><strong>Friday 17 July<\/strong><\/p>\n<p>7.15pm \u00a0 GAA BEO<\/p>\n<p>Pettitt&#8217;s Supervalu Wexford Senior Hurling Championship<\/p>\n<p>St Martins\u00a0v Oulart The Ballagh &#8211; Live from Chadwicks Wexford Park<\/p>\n<p>(Throw-in 7.30pm)<\/p>\n<p>&nbsp;<\/p>\n<p>&nbsp;<\/p>\n<p><strong>Sunday 19 July<\/strong><\/p>\n<p>2.30pm \u00a0 GAA BEO<\/p>\n<p>Dublin Senior Hurling Championship<\/p>\n<p>Kilmacud Crokes v Ballyboden\u00a0St Endas, Live from Parnell Park<\/p>\n<p>(Throw-in 3pm)<\/p>\n<p>&nbsp;<\/p>\n<p>4.40pm \u00a0 GAA GOLD &#8211; 1985<\/p>\n<p>This programmes revisits the main events of the 1985 GAA calendar.<\/p>\n<p>&nbsp;<\/p>\n<p>5.10pm \u00a0 All Ireland Gold<\/p>\n<p>Another chance to see Tipperary v Kilkenny in the 1991 All-Ireland Senior Hurling Final at Croke Park. Tipperary were hoping to win their second All-Ireland title within three years against their old enemies Kilkenny.<\/p>\n<p>&nbsp;<\/p>\n<p>&nbsp;<\/p>\n<p><strong>Friday 24 July<\/strong><\/p>\n<p>7.15pm \u00a0 GAA BEO<\/p>\n<p>Bons Secours Hospital Limerick Senior Hurling Championship<\/p>\n<p>Kilmallock v Na Piarsaigh &#8211; Live from the LIT Gaelic Grounds<\/p>\n<p>(Throw in at 7.30pm)<\/p>\n<p>&nbsp;<\/p>\n<p>&nbsp;<\/p>\n<p><strong>Sunday 26 July<\/strong><\/p>\n<p>2:15 pm\u00a0 \u00a0 GAA BEO<\/p>\n<p>Live:\u00a0 Cork Premier Senior Football Championship<\/p>\n<p>Castlehaven v Carbery Rangers &#8211; Live from Clonakilty<\/p>\n<p>(Throw in at 2.30pm)<\/p>\n<p>&nbsp;<\/p>\n<p>Deferred match:<\/p>\n<p>Brooks Galway Senior Hurling Championship<\/p>\n<p>Sarsfields v Portumna &#8211; from Kenny Park, Athenry<\/p>\n<p>&nbsp;<\/p>\n<p>&nbsp;<\/p>\n<p><strong>Friday 31 July<\/strong><\/p>\n<p>7.15pm \u00a0 GAA BEO<\/p>\n<p>Morgan Fuels Down Senior Football Championship<\/p>\n<p>Kilcoo v Mayobridge &#8211; Live from the P\u00e1irc Esler, Newry<\/p>\n<p>(Throw in at 7.30pm)<\/p>\n<p>&nbsp;<\/p>\n<p>&nbsp;<\/p>\n<p><strong>Sunday 2 August<\/strong><\/p>\n<p>2:15 pm\u00a0 \u00a0 GAA BEO<\/p>\n<p>Live:\u00a0 Claregalway Hotel Galway Senior Football Championship<\/p>\n<p>Corofin v Oughterard &#8211; Live from Pearse Stadium, Salthill<\/p>\n<p>(Throw in at 2.30pm)<\/p>\n<p>&nbsp;<\/p>\n<p>Deferred match:<\/p>\n<p>Fairyhouse Steel Meath Senior Football Championship<\/p>\n<p>Simonstown Gales v Skryne &#8211; from P\u00e1irc Tailteann, Navan<\/p>\n<p>&nbsp;<\/p>\n","protected":false},"excerpt":{"rendered":"<p>&nbsp; Live GAA makes a very welcome return to our screens this weekend for the first time since March, as TG4 have launched their club coverage for 2020. &nbsp; The channel\u2019s flagship series GAA BEO will hit the ground running with two exceptional hurling ties next weekend, one live on Friday night and one live [&hellip;]<\/p>\n","protected":false},"author":876,"featured_media":0,"parent":111527,"menu_order":28,"comment_status":"closed","ping_status":"closed","template":"page-templates\/template-pr.php","meta":{"_acf_changed":false,"footnotes":""},"acf":[],"yoast_head":"<!-- This site is optimized with the Yoast SEO plugin v22.6 - https:\/\/yoast.com\/wordpress\/plugins\/seo\/ -->\n<title>TG4 | Live GAA back on TG4 | 2020 | Press Releases | Press | Irish Television Channel, S\u00fail Eile<\/title>\n<meta name=\"description\" content=\"Excitment builds as live GAA returns to TG4 once again for the club championship coverage\" \/>\n<meta name=\"robots\" content=\"index, follow, max-snippet:-1, max-image-preview:large, max-video-preview:-1\" \/>\n<meta property=\"og:locale\" content=\"en_US\" \/>\n<meta property=\"og:type\" content=\"article\" \/>\n<meta property=\"og:title\" content=\"TG4 | Live GAA back on TG4 | 2020 | Press Releases | Press | Irish Television Channel, S\u00fail Eile\" \/>\n<meta property=\"og:description\" content=\"Excitment builds as live GAA returns to TG4 once again for the club championship coverage\" \/>\n<meta property=\"og:url\" content=\"https:\/\/dev.tg4.ie\/en\/information\/press\/press-releases\/2020-2\/live-gaa-back-on-tg4\/\" \/>\n<meta property=\"og:site_name\" content=\"TG4\" \/>\n<meta property=\"article:publisher\" content=\"https:\/\/www.facebook.com\/TG4TV\" \/>\n<meta property=\"article:modified_time\" content=\"2021-11-04T16:51:16+00:00\" \/>\n<meta property=\"og:image\" content=\"https:\/\/tg4-docs.s3.amazonaws.com\/tg4-redesign-2015\/wp-content\/uploads\/2019\/12\/GAA_Beo_O_Domhnaill_Tyers.jpg\" \/>\n\t<meta property=\"og:image:width\" content=\"1920\" \/>\n\t<meta property=\"og:image:height\" content=\"1080\" \/>\n\t<meta property=\"og:image:type\" content=\"image\/jpeg\" \/>\n<meta name=\"twitter:card\" content=\"summary_large_image\" \/>\n<meta name=\"twitter:image\" content=\"https:\/\/tg4-docs.s3.amazonaws.com\/tg4-redesign-2015\/wp-content\/uploads\/2019\/12\/GAA_Beo_O_Domhnaill_Tyers.jpg\" \/>\n<meta name=\"twitter:site\" content=\"@TG4TV\" \/>\n<meta name=\"twitter:label1\" content=\"Est. reading time\" \/>\n\t<meta name=\"twitter:data1\" content=\"3 minutes\" \/>\n<script type=\"application\/ld+json\" class=\"yoast-schema-graph\">{\"@context\":\"https:\/\/schema.org\",\"@graph\":[{\"@type\":\"WebPage\",\"@id\":\"https:\/\/dev.tg4.ie\/en\/information\/press\/press-releases\/2020-2\/live-gaa-back-on-tg4\/\",\"url\":\"https:\/\/dev.tg4.ie\/en\/information\/press\/press-releases\/2020-2\/live-gaa-back-on-tg4\/\",\"name\":\"TG4 | Live GAA back on TG4 | 2020 | Press Releases | Press | Irish Television Channel, S\u00fail Eile\",\"isPartOf\":{\"@id\":\"https:\/\/dev.tg4.ie\/en\/#website\"},\"primaryImageOfPage\":{\"@id\":\"https:\/\/dev.tg4.ie\/en\/information\/press\/press-releases\/2020-2\/live-gaa-back-on-tg4\/#primaryimage\"},\"image\":{\"@id\":\"https:\/\/dev.tg4.ie\/en\/information\/press\/press-releases\/2020-2\/live-gaa-back-on-tg4\/#primaryimage\"},\"thumbnailUrl\":\"https:\/\/dev.tg4.ie\/wp-content\/uploads\/2019\/12\/GAA_Beo_O_Domhnaill_Tyers.jpg\",\"datePublished\":\"2020-07-10T20:32:37+00:00\",\"dateModified\":\"2021-11-04T16:51:16+00:00\",\"description\":\"Excitment builds as live GAA returns to TG4 once again for the club championship coverage\",\"breadcrumb\":{\"@id\":\"https:\/\/dev.tg4.ie\/en\/information\/press\/press-releases\/2020-2\/live-gaa-back-on-tg4\/#breadcrumb\"},\"inLanguage\":\"en-ie\",\"potentialAction\":[{\"@type\":\"ReadAction\",\"target\":[\"https:\/\/dev.tg4.ie\/en\/information\/press\/press-releases\/2020-2\/live-gaa-back-on-tg4\/\"]}]},{\"@type\":\"ImageObject\",\"inLanguage\":\"en-ie\",\"@id\":\"https:\/\/dev.tg4.ie\/en\/information\/press\/press-releases\/2020-2\/live-gaa-back-on-tg4\/#primaryimage\",\"url\":\"https:\/\/dev.tg4.ie\/wp-content\/uploads\/2019\/12\/GAA_Beo_O_Domhnaill_Tyers.jpg\",\"contentUrl\":\"https:\/\/dev.tg4.ie\/wp-content\/uploads\/2019\/12\/GAA_Beo_O_Domhnaill_Tyers.jpg\"},{\"@type\":\"BreadcrumbList\",\"@id\":\"https:\/\/dev.tg4.ie\/en\/information\/press\/press-releases\/2020-2\/live-gaa-back-on-tg4\/#breadcrumb\",\"itemListElement\":[{\"@type\":\"ListItem\",\"position\":1,\"name\":\"Home\",\"item\":\"https:\/\/dev.tg4.ie\/en\/\"},{\"@type\":\"ListItem\",\"position\":2,\"name\":\"Information\",\"item\":\"https:\/\/dev.tg4.ie\/en\/information\/\"},{\"@type\":\"ListItem\",\"position\":3,\"name\":\"Press\",\"item\":\"https:\/\/dev.tg4.ie\/en\/information\/press\/\"},{\"@type\":\"ListItem\",\"position\":4,\"name\":\"Press Releases\",\"item\":\"https:\/\/dev.tg4.ie\/en\/information\/press\/press-releases\/\"},{\"@type\":\"ListItem\",\"position\":5,\"name\":\"2020\",\"item\":\"https:\/\/dev.tg4.ie\/en\/information\/press\/press-releases\/2020-2\/\"},{\"@type\":\"ListItem\",\"position\":6,\"name\":\"Live GAA back on TG4\"}]},{\"@type\":\"WebSite\",\"@id\":\"https:\/\/dev.tg4.ie\/en\/#website\",\"url\":\"https:\/\/dev.tg4.ie\/en\/\",\"name\":\"TG4\",\"description\":\"S\u00fail Eile\",\"potentialAction\":[{\"@type\":\"SearchAction\",\"target\":{\"@type\":\"EntryPoint\",\"urlTemplate\":\"https:\/\/dev.tg4.ie\/en\/?s={search_term_string}\"},\"query-input\":\"required name=search_term_string\"}],\"inLanguage\":\"en-ie\"}]}<\/script>\n<!-- \/ Yoast SEO plugin. -->","yoast_head_json":{"title":"TG4 | Live GAA back on TG4 | 2020 | Press Releases | Press | Irish Television Channel, S\u00fail Eile","description":"Excitment builds as live GAA returns to TG4 once again for the club championship coverage","robots":{"index":"index","follow":"follow","max-snippet":"max-snippet:-1","max-image-preview":"max-image-preview:large","max-video-preview":"max-video-preview:-1"},"og_locale":"en_US","og_type":"article","og_title":"TG4 | Live GAA back on TG4 | 2020 | Press Releases | Press | Irish Television Channel, S\u00fail Eile","og_description":"Excitment builds as live GAA returns to TG4 once again for the club championship coverage","og_url":"https:\/\/dev.tg4.ie\/en\/information\/press\/press-releases\/2020-2\/live-gaa-back-on-tg4\/","og_site_name":"TG4","article_publisher":"https:\/\/www.facebook.com\/TG4TV","article_modified_time":"2021-11-04T16:51:16+00:00","og_image":[{"width":1920,"height":1080,"url":"https:\/\/tg4-docs.s3.amazonaws.com\/tg4-redesign-2015\/wp-content\/uploads\/2019\/12\/GAA_Beo_O_Domhnaill_Tyers.jpg","type":"image\/jpeg"}],"twitter_card":"summary_large_image","twitter_image":"https:\/\/tg4-docs.s3.amazonaws.com\/tg4-redesign-2015\/wp-content\/uploads\/2019\/12\/GAA_Beo_O_Domhnaill_Tyers.jpg","twitter_site":"@TG4TV","twitter_misc":{"Est. reading time":"3 minutes"},"schema":{"@context":"https:\/\/schema.org","@graph":[{"@type":"WebPage","@id":"https:\/\/dev.tg4.ie\/en\/information\/press\/press-releases\/2020-2\/live-gaa-back-on-tg4\/","url":"https:\/\/dev.tg4.ie\/en\/information\/press\/press-releases\/2020-2\/live-gaa-back-on-tg4\/","name":"TG4 | Live GAA back on TG4 | 2020 | Press Releases | Press | Irish Television Channel, S\u00fail Eile","isPartOf":{"@id":"https:\/\/dev.tg4.ie\/en\/#website"},"primaryImageOfPage":{"@id":"https:\/\/dev.tg4.ie\/en\/information\/press\/press-releases\/2020-2\/live-gaa-back-on-tg4\/#primaryimage"},"image":{"@id":"https:\/\/dev.tg4.ie\/en\/information\/press\/press-releases\/2020-2\/live-gaa-back-on-tg4\/#primaryimage"},"thumbnailUrl":"https:\/\/dev.tg4.ie\/wp-content\/uploads\/2019\/12\/GAA_Beo_O_Domhnaill_Tyers.jpg","datePublished":"2020-07-10T20:32:37+00:00","dateModified":"2021-11-04T16:51:16+00:00","description":"Excitment builds as live GAA returns to TG4 once again for the club championship coverage","breadcrumb":{"@id":"https:\/\/dev.tg4.ie\/en\/information\/press\/press-releases\/2020-2\/live-gaa-back-on-tg4\/#breadcrumb"},"inLanguage":"en-ie","potentialAction":[{"@type":"ReadAction","target":["https:\/\/dev.tg4.ie\/en\/information\/press\/press-releases\/2020-2\/live-gaa-back-on-tg4\/"]}]},{"@type":"ImageObject","inLanguage":"en-ie","@id":"https:\/\/dev.tg4.ie\/en\/information\/press\/press-releases\/2020-2\/live-gaa-back-on-tg4\/#primaryimage","url":"https:\/\/dev.tg4.ie\/wp-content\/uploads\/2019\/12\/GAA_Beo_O_Domhnaill_Tyers.jpg","contentUrl":"https:\/\/dev.tg4.ie\/wp-content\/uploads\/2019\/12\/GAA_Beo_O_Domhnaill_Tyers.jpg"},{"@type":"BreadcrumbList","@id":"https:\/\/dev.tg4.ie\/en\/information\/press\/press-releases\/2020-2\/live-gaa-back-on-tg4\/#breadcrumb","itemListElement":[{"@type":"ListItem","position":1,"name":"Home","item":"https:\/\/dev.tg4.ie\/en\/"},{"@type":"ListItem","position":2,"name":"Information","item":"https:\/\/dev.tg4.ie\/en\/information\/"},{"@type":"ListItem","position":3,"name":"Press","item":"https:\/\/dev.tg4.ie\/en\/information\/press\/"},{"@type":"ListItem","position":4,"name":"Press Releases","item":"https:\/\/dev.tg4.ie\/en\/information\/press\/press-releases\/"},{"@type":"ListItem","position":5,"name":"2020","item":"https:\/\/dev.tg4.ie\/en\/information\/press\/press-releases\/2020-2\/"},{"@type":"ListItem","position":6,"name":"Live GAA back on TG4"}]},{"@type":"WebSite","@id":"https:\/\/dev.tg4.ie\/en\/#website","url":"https:\/\/dev.tg4.ie\/en\/","name":"TG4","description":"S\u00fail Eile","potentialAction":[{"@type":"SearchAction","target":{"@type":"EntryPoint","urlTemplate":"https:\/\/dev.tg4.ie\/en\/?s={search_term_string}"},"query-input":"required name=search_term_string"}],"inLanguage":"en-ie"}]}},"_links":{"self":[{"href":"https:\/\/dev.tg4.ie\/en\/wp-json\/wp\/v2\/pages\/113503"}],"collection":[{"href":"https:\/\/dev.tg4.ie\/en\/wp-json\/wp\/v2\/pages"}],"about":[{"href":"https:\/\/dev.tg4.ie\/en\/wp-json\/wp\/v2\/types\/page"}],"author":[{"embeddable":true,"href":"https:\/\/dev.tg4.ie\/en\/wp-json\/wp\/v2\/users\/876"}],"replies":[{"embeddable":true,"href":"https:\/\/dev.tg4.ie\/en\/wp-json\/wp\/v2\/comments?post=113503"}],"version-history":[{"count":0,"href":"https:\/\/dev.tg4.ie\/en\/wp-json\/wp\/v2\/pages\/113503\/revisions"}],"up":[{"embeddable":true,"href":"https:\/\/dev.tg4.ie\/en\/wp-json\/wp\/v2\/pages\/111527"}],"wp:attachment":[{"href":"https:\/\/dev.tg4.ie\/en\/wp-json\/wp\/v2\/media?parent=113503"}],"curies":[{"name":"wp","href":"https:\/\/api.w.org\/{rel}","templated":true}]}}