{"id":113528,"date":"2020-07-14T16:33:38","date_gmt":"2020-07-14T15:33:38","guid":{"rendered":"https:\/\/dev.tg4.ie\/?page_id=113528"},"modified":"2021-11-04T16:25:43","modified_gmt":"2021-11-04T16:25:43","slug":"tg4-receives-13-nominations-for-ifta-awards-2020","status":"publish","type":"page","link":"https:\/\/dev.tg4.ie\/en\/information\/press\/press-releases\/2020-2\/tg4-receives-13-nominations-for-ifta-awards-2020\/","title":{"rendered":"TG4 receives 13 Nominations for IFTA Awards 2020"},"content":{"rendered":"<p><a href=\"https:\/\/tg4-docs.s3.amazonaws.com\/tg4-redesign-2015\/wp-content\/uploads\/2020\/07\/Arracht_Finky_1_1920x1080.jpg\"><img loading=\"lazy\" decoding=\"async\" width=\"1920\" height=\"1080\" class=\"aligncenter size-full wp-image-113524\" src=\"https:\/\/tg4-docs.s3.amazonaws.com\/tg4-redesign-2015\/wp-content\/uploads\/2020\/07\/Arracht_Finky_1_1920x1080.jpg\" alt=\"\" srcset=\"https:\/\/tg4-docs.s3.amazonaws.com\/tg4-redesign-2015\/wp-content\/uploads\/2020\/07\/Arracht_Finky_1_1920x1080.jpg 1920w, https:\/\/tg4-docs.s3.amazonaws.com\/tg4-redesign-2015\/wp-content\/uploads\/2020\/07\/Arracht_Finky_1_1920x1080-250x141.jpg 250w, https:\/\/tg4-docs.s3.amazonaws.com\/tg4-redesign-2015\/wp-content\/uploads\/2020\/07\/Arracht_Finky_1_1920x1080-700x394.jpg 700w, https:\/\/tg4-docs.s3.amazonaws.com\/tg4-redesign-2015\/wp-content\/uploads\/2020\/07\/Arracht_Finky_1_1920x1080-252x141.jpg 252w, https:\/\/tg4-docs.s3.amazonaws.com\/tg4-redesign-2015\/wp-content\/uploads\/2020\/07\/Arracht_Finky_1_1920x1080-1536x864.jpg 1536w, https:\/\/tg4-docs.s3.amazonaws.com\/tg4-redesign-2015\/wp-content\/uploads\/2020\/07\/Arracht_Finky_1_1920x1080-120x68.jpg 120w\" sizes=\"(max-width: 1920px) 100vw, 1920px\" \/><\/a><br \/>\n&nbsp;<br \/>\n<span>TG4\u2019s reputation for quality programming has been further enhanced by the publication today of the nominations for this year\u2019s IFTA Awards. The Irish language channel has 13 nominations on the shortlist.<\/span><br \/>\n&nbsp;<br \/>\n<strong><span>Arracht<\/span><\/strong><span>\u00a0has received 11 nominations and\u00a0<strong>Finky<\/strong>\u00a0has received 2 nominations for the IFTA Awards 2020.<\/span><\/p>\n<p><span>Both\u00a0<strong>Arracht<\/strong>\u00a0and\u00a0<strong>Finky<\/strong>\u00a0are films from\u00a0<strong>Cine4<\/strong>, an initiative, from a TG4, Screen Ireland and BAI partnership, to develop original feature films in the Irish language.Trailers for both films are available to view here\u00a0<a href=\"https:\/\/www.cine4.ie\" rel=\"noopener noreferrer\" target=\"_blank\">www.Cine4.ie<\/a><br \/>\n&nbsp;<br \/>\n<strong>Arracht<\/strong><\/b>\u00a0is a feature film by\u00a0<strong>Tom Sullivan<\/strong>, produced by C\u00fa\u00e1n Mac Conghail for\u00a0<strong>Macalla.\u00a0<\/strong>Starring\u00a0<strong>D\u00f3nall \u00d3 H\u00e9ala\u00ed,\u00a0Michael McElhatton, Siobh\u00e1n O\u2019Kelly<\/strong>\u00a0and introducing a stunning debut from 11-year-old\u00a0<strong>Saise N\u00ed Chuinn<\/strong>,\u00a0<strong>Arracht\u00a0<\/strong>is a haunting tale of overcoming grief and the fight for survival.\u00a0 Set in Ireland, 1845, the film centres on fisherman Colm\u00e1n Sharkey, who takes in a stranger, Patsy, a former soldier, who arrives just ahead of the blight \u2013 a crop disease that caused the Great Plague, killing and displacing millions of Irish people.\u00a0<strong>Arracht<\/strong>\u00a0was filmed entirely on the west coast of Ireland in Connemara.\u00a0Other cast members include\u00a0<strong>Dara Devaney<\/strong>,\u00a0<strong>Peter Coonan<\/strong>,\u00a0<strong>Se\u00e1n T. \u00d3 Meallaigh<\/strong>\u00a0and\u00a0<strong>Michelle Beamish<\/strong>.<\/span><\/p>\n<p><strong><span>Arracht<\/span><\/strong><span>\u00a0had its world premiere at the 23rd P\u00d6FF Tallinn Black Nights Film Festival, in Estonia in November, its Irish premiere at the Virgin Media Dublin International Film Festival in February and its UK premiere at Glasgow Film Festival, and at Stockfish Festival in Iceland. It was the closing film at this year&#8217;s recent Galway Film Fleadh. The film has played to critical acclaim to date.<\/span><br \/>\n&nbsp;<br \/>\n<b><span><strong>Finky<\/strong><\/span><\/b><span>\u00a0is produced by Ab\u00fa Media Film Productions<strong>.\u00a0<\/strong>It is directed by Datha\u00ed Keane (An Klondike), written by Datha\u00ed Keane and Diarmuid de Faoite, and produced by Eileen Seoighe and Pierce Boyce.\u00a0<strong>Finky<\/strong>\u00a0is a feature-length psychological drama that tells the story of Mic\u00ed Phinc\u00ed \u00d3 Foghl\u00fa, a young musician with a tragic past who is crippled in a car accident and given a chance at redemption when he is recruited by a violent, avant-garde circus.\u00a0IFTA Award winning actor Dara Devaney is in the title role. DOP is Cathal Watters.\u00a0At Galway Film Fleadh 2019\u00a0<strong>Finky<\/strong>\u00a0was awarded\u00a0<strong>Best Cinematography Award<\/strong>.<\/span><br \/>\n&nbsp;<br \/>\n<span>Full details of the TG4 nominees for IFTA 2020 are given below. The IFTA Awards are the most prestigious awards in Irish film and drama.<\/span><br \/>\n&nbsp;<br \/>\n<span>Director General of TG4, Alan Esslemont, congratulated the shortlisted TG4 productions for this year\u2019s IFTA saying,<em>\u00a0\u201cI would like to congratulate everyone connected with the\u00a0<\/em><strong><i>Cine4<\/i><\/strong><em>\u00a0feature films, \u2018Arracht\u2019 and \u2018Finky\u2019.\u00a0 As one of Ireland\u2019s public service broadcasters, TG4 plays a key role in the fostering of Ireland\u2019s creative economy. \u00a0We always believed that films created through the\u00a0<\/em><strong><i>Cine4<\/i><\/strong><em>\u00a0scheme would delight audiences and we also believe that\u00a0<\/em><strong><i>Cine4<\/i><\/strong><em>\u00a0will open doors internationally for Irish film-makers.\u201d<\/em><\/span><\/p>\n<p>&nbsp;<\/p>\n<p><strong><span>ENDS<\/span><\/strong><\/p>\n<p>&nbsp;<br \/>\n&nbsp;<\/p>\n<p><strong><span>IFTA 2020\u00a0\u00a0&#8211;  TG4 nominations<\/span><\/strong><br \/>\n&nbsp;<br \/>\n<strong><u><span>Best Film<\/span><\/u><\/strong><\/p>\n<p>Arracht (produced by Macalla)<br \/>\n&nbsp;<br \/>\n<strong><u><span>Actor in Lead Role Film<\/span><\/u><\/strong><\/p>\n<p>Donall \u00d3 H\u00e9ala\u00ed<strong><span>&#8211;\u00a0<\/span><\/strong><em><b><span>Arracht<\/span><\/b><\/em><strong><span>\u00a0(produced by Macalla)<\/span><\/strong><\/p>\n<p>Dara Devaney<span>\u00a0<\/span><strong><span>\u2013\u00a0<\/span><\/strong><em><b><span>Finky<\/span><\/b><\/em><strong><span>\u00a0\u00a0 (produced by Ab\u00fa Media)<\/span><\/strong><br \/>\n&nbsp;<br \/>\n<strong><u><span>Actor in Supporting Role Film<\/span><\/u><\/strong><\/p>\n<p>Dara Devaney<span>\u00a0<\/span><strong><span>\u2013\u00a0<\/span><\/strong><em><b><span>Arracht<\/span><\/b><\/em><br \/>\n&nbsp;<br \/>\n<strong><u><span>Director Film<\/span><\/u><\/strong><\/p>\n<p>Tom Sullivan<strong><span>&#8211;\u00a0<\/span><\/strong><em><b><span>Arracht<\/span><\/b><\/em><br \/>\n&nbsp;<br \/>\n<strong><u><span>Script Film<\/span><\/u><\/strong><\/p>\n<p>Tom Sullivan<strong><span>&#8211;\u00a0<\/span><\/strong><em><b><span>Arracht<\/span><\/b><\/em><br \/>\n&nbsp;<br \/>\n<strong><u><span>Cinematography<\/span><\/u><\/strong><\/p>\n<p>Katie McCullough<strong><span>&#8211;\u00a0<\/span><\/strong><em><b><span>Arracht<\/span><\/b><\/em><br \/>\n&nbsp;<br \/>\n<strong><u><span>Production Design<\/span><\/u><\/strong><\/p>\n<p>P\u00e1draig O\u2019Neill<strong><span>&#8211;\u00a0<\/span><\/strong><em><b><span>Arracht<\/span><\/b><\/em><br \/>\n&nbsp;<br \/>\n<strong><u><span>Costume Design<\/span><\/u><\/strong><\/p>\n<p>Clodagh Deegan<strong><span>&#8211;\u00a0<\/span><\/strong><em><b><span>Arracht<\/span><\/b><\/em><br \/>\n&nbsp;<br \/>\n<strong><u><span>Make-up &amp; Hair<\/span><\/u><\/strong><\/p>\n<p>Niamh O&#8217;Loan<strong><span>\u00a0&#8211;<\/span><\/strong><em><b><span>Arracht<\/span><\/b><\/em><\/p>\n<p>Louise Myle<strong><span>r-<\/span><\/strong><em><b><span>\u00a0Finky<\/span><\/b><\/em><br \/>\n&nbsp;<br \/>\n<strong><u><span>Sound<\/span><\/u><\/strong><\/p>\n<p>Brendan Rehill &amp;\u00a0Alan Scully &#8211;<span>\u00a0<\/span><em><b><span>Arracht<\/span><\/b><\/em><br \/>\n&nbsp;<br \/>\n<strong><u><span>Original Music<\/span><\/u><\/strong><\/p>\n<p>Kila<strong><span>&#8211;<\/span><\/strong><span>\u00a0<\/span><em><b><span>Arracht<\/span><\/b><\/em><\/p>\n<p>&nbsp;<\/p>\n","protected":false},"excerpt":{"rendered":"<p>&nbsp; TG4\u2019s reputation for quality programming has been further enhanced by the publication today of the nominations for this year\u2019s IFTA Awards. The Irish language channel has 13 nominations on the shortlist. &nbsp; Arracht\u00a0has received 11 nominations and\u00a0Finky\u00a0has received 2 nominations for the IFTA Awards 2020. Both\u00a0Arracht\u00a0and\u00a0Finky\u00a0are films from\u00a0Cine4, an initiative, from a TG4, Screen [&hellip;]<\/p>\n","protected":false},"author":876,"featured_media":0,"parent":111527,"menu_order":29,"comment_status":"closed","ping_status":"closed","template":"page-templates\/template-pr.php","meta":{"_acf_changed":false,"footnotes":""},"acf":[],"yoast_head":"<!-- This site is optimized with the Yoast SEO plugin v22.6 - https:\/\/yoast.com\/wordpress\/plugins\/seo\/ -->\n<title>TG4 | TG4 receives 13 Nominations for IFTA Awards 2020 | 2020 | Press Releases | Press | Irish Television Channel, S\u00fail Eile<\/title>\n<meta name=\"description\" content=\"Delight for TG4 as they receive 13 nominations at the 2020 IFTA awards\" \/>\n<meta name=\"robots\" content=\"index, follow, max-snippet:-1, max-image-preview:large, max-video-preview:-1\" \/>\n<meta property=\"og:locale\" content=\"en_US\" \/>\n<meta property=\"og:type\" content=\"article\" \/>\n<meta property=\"og:title\" content=\"TG4 | TG4 receives 13 Nominations for IFTA Awards 2020 | 2020 | Press Releases | Press | Irish Television Channel, S\u00fail Eile\" \/>\n<meta property=\"og:description\" content=\"Delight for TG4 as they receive 13 nominations at the 2020 IFTA awards\" \/>\n<meta property=\"og:url\" content=\"https:\/\/dev.tg4.ie\/en\/information\/press\/press-releases\/2020-2\/tg4-receives-13-nominations-for-ifta-awards-2020\/\" \/>\n<meta property=\"og:site_name\" content=\"TG4\" \/>\n<meta property=\"article:publisher\" content=\"https:\/\/www.facebook.com\/TG4TV\" \/>\n<meta property=\"article:modified_time\" content=\"2021-11-04T16:25:43+00:00\" \/>\n<meta property=\"og:image\" content=\"https:\/\/tg4-docs.s3.amazonaws.com\/tg4-redesign-2015\/wp-content\/uploads\/2020\/07\/Arracht_Finky_1_1920x1080.jpg\" \/>\n\t<meta property=\"og:image:width\" content=\"1920\" \/>\n\t<meta property=\"og:image:height\" content=\"1080\" \/>\n\t<meta property=\"og:image:type\" content=\"image\/jpeg\" \/>\n<meta name=\"twitter:card\" content=\"summary_large_image\" \/>\n<meta name=\"twitter:image\" content=\"https:\/\/tg4-docs.s3.amazonaws.com\/tg4-redesign-2015\/wp-content\/uploads\/2020\/07\/Arracht_Finky_1_1920x1080.jpg\" \/>\n<meta name=\"twitter:site\" content=\"@TG4TV\" \/>\n<meta name=\"twitter:label1\" content=\"Est. reading time\" \/>\n\t<meta name=\"twitter:data1\" content=\"3 minutes\" \/>\n<script type=\"application\/ld+json\" class=\"yoast-schema-graph\">{\"@context\":\"https:\/\/schema.org\",\"@graph\":[{\"@type\":\"WebPage\",\"@id\":\"https:\/\/dev.tg4.ie\/en\/information\/press\/press-releases\/2020-2\/tg4-receives-13-nominations-for-ifta-awards-2020\/\",\"url\":\"https:\/\/dev.tg4.ie\/en\/information\/press\/press-releases\/2020-2\/tg4-receives-13-nominations-for-ifta-awards-2020\/\",\"name\":\"TG4 | TG4 receives 13 Nominations for IFTA Awards 2020 | 2020 | Press Releases | Press | Irish Television Channel, S\u00fail Eile\",\"isPartOf\":{\"@id\":\"https:\/\/dev.tg4.ie\/en\/#website\"},\"primaryImageOfPage\":{\"@id\":\"https:\/\/dev.tg4.ie\/en\/information\/press\/press-releases\/2020-2\/tg4-receives-13-nominations-for-ifta-awards-2020\/#primaryimage\"},\"image\":{\"@id\":\"https:\/\/dev.tg4.ie\/en\/information\/press\/press-releases\/2020-2\/tg4-receives-13-nominations-for-ifta-awards-2020\/#primaryimage\"},\"thumbnailUrl\":\"https:\/\/dev.tg4.ie\/wp-content\/uploads\/2020\/07\/Arracht_Finky_1_1920x1080.jpg\",\"datePublished\":\"2020-07-14T15:33:38+00:00\",\"dateModified\":\"2021-11-04T16:25:43+00:00\",\"description\":\"Delight for TG4 as they receive 13 nominations at the 2020 IFTA awards\",\"breadcrumb\":{\"@id\":\"https:\/\/dev.tg4.ie\/en\/information\/press\/press-releases\/2020-2\/tg4-receives-13-nominations-for-ifta-awards-2020\/#breadcrumb\"},\"inLanguage\":\"en-ie\",\"potentialAction\":[{\"@type\":\"ReadAction\",\"target\":[\"https:\/\/dev.tg4.ie\/en\/information\/press\/press-releases\/2020-2\/tg4-receives-13-nominations-for-ifta-awards-2020\/\"]}]},{\"@type\":\"ImageObject\",\"inLanguage\":\"en-ie\",\"@id\":\"https:\/\/dev.tg4.ie\/en\/information\/press\/press-releases\/2020-2\/tg4-receives-13-nominations-for-ifta-awards-2020\/#primaryimage\",\"url\":\"https:\/\/dev.tg4.ie\/wp-content\/uploads\/2020\/07\/Arracht_Finky_1_1920x1080.jpg\",\"contentUrl\":\"https:\/\/dev.tg4.ie\/wp-content\/uploads\/2020\/07\/Arracht_Finky_1_1920x1080.jpg\"},{\"@type\":\"BreadcrumbList\",\"@id\":\"https:\/\/dev.tg4.ie\/en\/information\/press\/press-releases\/2020-2\/tg4-receives-13-nominations-for-ifta-awards-2020\/#breadcrumb\",\"itemListElement\":[{\"@type\":\"ListItem\",\"position\":1,\"name\":\"Home\",\"item\":\"https:\/\/dev.tg4.ie\/en\/\"},{\"@type\":\"ListItem\",\"position\":2,\"name\":\"Information\",\"item\":\"https:\/\/dev.tg4.ie\/en\/information\/\"},{\"@type\":\"ListItem\",\"position\":3,\"name\":\"Press\",\"item\":\"https:\/\/dev.tg4.ie\/en\/information\/press\/\"},{\"@type\":\"ListItem\",\"position\":4,\"name\":\"Press Releases\",\"item\":\"https:\/\/dev.tg4.ie\/en\/information\/press\/press-releases\/\"},{\"@type\":\"ListItem\",\"position\":5,\"name\":\"2020\",\"item\":\"https:\/\/dev.tg4.ie\/en\/information\/press\/press-releases\/2020-2\/\"},{\"@type\":\"ListItem\",\"position\":6,\"name\":\"TG4 receives 13 Nominations for IFTA Awards 2020\"}]},{\"@type\":\"WebSite\",\"@id\":\"https:\/\/dev.tg4.ie\/en\/#website\",\"url\":\"https:\/\/dev.tg4.ie\/en\/\",\"name\":\"TG4\",\"description\":\"S\u00fail Eile\",\"potentialAction\":[{\"@type\":\"SearchAction\",\"target\":{\"@type\":\"EntryPoint\",\"urlTemplate\":\"https:\/\/dev.tg4.ie\/en\/?s={search_term_string}\"},\"query-input\":\"required name=search_term_string\"}],\"inLanguage\":\"en-ie\"}]}<\/script>\n<!-- \/ Yoast SEO plugin. -->","yoast_head_json":{"title":"TG4 | TG4 receives 13 Nominations for IFTA Awards 2020 | 2020 | Press Releases | Press | Irish Television Channel, S\u00fail Eile","description":"Delight for TG4 as they receive 13 nominations at the 2020 IFTA awards","robots":{"index":"index","follow":"follow","max-snippet":"max-snippet:-1","max-image-preview":"max-image-preview:large","max-video-preview":"max-video-preview:-1"},"og_locale":"en_US","og_type":"article","og_title":"TG4 | TG4 receives 13 Nominations for IFTA Awards 2020 | 2020 | Press Releases | Press | Irish Television Channel, S\u00fail Eile","og_description":"Delight for TG4 as they receive 13 nominations at the 2020 IFTA awards","og_url":"https:\/\/dev.tg4.ie\/en\/information\/press\/press-releases\/2020-2\/tg4-receives-13-nominations-for-ifta-awards-2020\/","og_site_name":"TG4","article_publisher":"https:\/\/www.facebook.com\/TG4TV","article_modified_time":"2021-11-04T16:25:43+00:00","og_image":[{"width":1920,"height":1080,"url":"https:\/\/tg4-docs.s3.amazonaws.com\/tg4-redesign-2015\/wp-content\/uploads\/2020\/07\/Arracht_Finky_1_1920x1080.jpg","type":"image\/jpeg"}],"twitter_card":"summary_large_image","twitter_image":"https:\/\/tg4-docs.s3.amazonaws.com\/tg4-redesign-2015\/wp-content\/uploads\/2020\/07\/Arracht_Finky_1_1920x1080.jpg","twitter_site":"@TG4TV","twitter_misc":{"Est. reading time":"3 minutes"},"schema":{"@context":"https:\/\/schema.org","@graph":[{"@type":"WebPage","@id":"https:\/\/dev.tg4.ie\/en\/information\/press\/press-releases\/2020-2\/tg4-receives-13-nominations-for-ifta-awards-2020\/","url":"https:\/\/dev.tg4.ie\/en\/information\/press\/press-releases\/2020-2\/tg4-receives-13-nominations-for-ifta-awards-2020\/","name":"TG4 | TG4 receives 13 Nominations for IFTA Awards 2020 | 2020 | Press Releases | Press | Irish Television Channel, S\u00fail Eile","isPartOf":{"@id":"https:\/\/dev.tg4.ie\/en\/#website"},"primaryImageOfPage":{"@id":"https:\/\/dev.tg4.ie\/en\/information\/press\/press-releases\/2020-2\/tg4-receives-13-nominations-for-ifta-awards-2020\/#primaryimage"},"image":{"@id":"https:\/\/dev.tg4.ie\/en\/information\/press\/press-releases\/2020-2\/tg4-receives-13-nominations-for-ifta-awards-2020\/#primaryimage"},"thumbnailUrl":"https:\/\/dev.tg4.ie\/wp-content\/uploads\/2020\/07\/Arracht_Finky_1_1920x1080.jpg","datePublished":"2020-07-14T15:33:38+00:00","dateModified":"2021-11-04T16:25:43+00:00","description":"Delight for TG4 as they receive 13 nominations at the 2020 IFTA awards","breadcrumb":{"@id":"https:\/\/dev.tg4.ie\/en\/information\/press\/press-releases\/2020-2\/tg4-receives-13-nominations-for-ifta-awards-2020\/#breadcrumb"},"inLanguage":"en-ie","potentialAction":[{"@type":"ReadAction","target":["https:\/\/dev.tg4.ie\/en\/information\/press\/press-releases\/2020-2\/tg4-receives-13-nominations-for-ifta-awards-2020\/"]}]},{"@type":"ImageObject","inLanguage":"en-ie","@id":"https:\/\/dev.tg4.ie\/en\/information\/press\/press-releases\/2020-2\/tg4-receives-13-nominations-for-ifta-awards-2020\/#primaryimage","url":"https:\/\/dev.tg4.ie\/wp-content\/uploads\/2020\/07\/Arracht_Finky_1_1920x1080.jpg","contentUrl":"https:\/\/dev.tg4.ie\/wp-content\/uploads\/2020\/07\/Arracht_Finky_1_1920x1080.jpg"},{"@type":"BreadcrumbList","@id":"https:\/\/dev.tg4.ie\/en\/information\/press\/press-releases\/2020-2\/tg4-receives-13-nominations-for-ifta-awards-2020\/#breadcrumb","itemListElement":[{"@type":"ListItem","position":1,"name":"Home","item":"https:\/\/dev.tg4.ie\/en\/"},{"@type":"ListItem","position":2,"name":"Information","item":"https:\/\/dev.tg4.ie\/en\/information\/"},{"@type":"ListItem","position":3,"name":"Press","item":"https:\/\/dev.tg4.ie\/en\/information\/press\/"},{"@type":"ListItem","position":4,"name":"Press Releases","item":"https:\/\/dev.tg4.ie\/en\/information\/press\/press-releases\/"},{"@type":"ListItem","position":5,"name":"2020","item":"https:\/\/dev.tg4.ie\/en\/information\/press\/press-releases\/2020-2\/"},{"@type":"ListItem","position":6,"name":"TG4 receives 13 Nominations for IFTA Awards 2020"}]},{"@type":"WebSite","@id":"https:\/\/dev.tg4.ie\/en\/#website","url":"https:\/\/dev.tg4.ie\/en\/","name":"TG4","description":"S\u00fail Eile","potentialAction":[{"@type":"SearchAction","target":{"@type":"EntryPoint","urlTemplate":"https:\/\/dev.tg4.ie\/en\/?s={search_term_string}"},"query-input":"required name=search_term_string"}],"inLanguage":"en-ie"}]}},"_links":{"self":[{"href":"https:\/\/dev.tg4.ie\/en\/wp-json\/wp\/v2\/pages\/113528"}],"collection":[{"href":"https:\/\/dev.tg4.ie\/en\/wp-json\/wp\/v2\/pages"}],"about":[{"href":"https:\/\/dev.tg4.ie\/en\/wp-json\/wp\/v2\/types\/page"}],"author":[{"embeddable":true,"href":"https:\/\/dev.tg4.ie\/en\/wp-json\/wp\/v2\/users\/876"}],"replies":[{"embeddable":true,"href":"https:\/\/dev.tg4.ie\/en\/wp-json\/wp\/v2\/comments?post=113528"}],"version-history":[{"count":0,"href":"https:\/\/dev.tg4.ie\/en\/wp-json\/wp\/v2\/pages\/113528\/revisions"}],"up":[{"embeddable":true,"href":"https:\/\/dev.tg4.ie\/en\/wp-json\/wp\/v2\/pages\/111527"}],"wp:attachment":[{"href":"https:\/\/dev.tg4.ie\/en\/wp-json\/wp\/v2\/media?parent=113528"}],"curies":[{"name":"wp","href":"https:\/\/api.w.org\/{rel}","templated":true}]}}