{"id":113621,"date":"2020-07-24T12:01:54","date_gmt":"2020-07-24T11:01:54","guid":{"rendered":"https:\/\/dev.tg4.ie\/?page_id=113621"},"modified":"2021-11-04T15:47:22","modified_gmt":"2021-11-04T15:47:22","slug":"fleadh2020","status":"publish","type":"page","link":"https:\/\/dev.tg4.ie\/en\/information\/press\/press-releases\/2020-2\/fleadh2020\/","title":{"rendered":"Fleadh 2020 | Lean leis an gceol"},"content":{"rendered":"<p><img loading=\"lazy\" decoding=\"async\" width=\"1920\" height=\"1080\" src=\"https:\/\/tg4-docs.s3.amazonaws.com\/tg4-redesign-2015\/wp-content\/uploads\/2020\/07\/Fleadh2020_1_1920x1080.jpg\" alt=\"\" class=\"alignright size-full wp-image-113544\" srcset=\"https:\/\/tg4-docs.s3.amazonaws.com\/tg4-redesign-2015\/wp-content\/uploads\/2020\/07\/Fleadh2020_1_1920x1080.jpg 1920w, https:\/\/tg4-docs.s3.amazonaws.com\/tg4-redesign-2015\/wp-content\/uploads\/2020\/07\/Fleadh2020_1_1920x1080-250x141.jpg 250w, https:\/\/tg4-docs.s3.amazonaws.com\/tg4-redesign-2015\/wp-content\/uploads\/2020\/07\/Fleadh2020_1_1920x1080-700x394.jpg 700w, https:\/\/tg4-docs.s3.amazonaws.com\/tg4-redesign-2015\/wp-content\/uploads\/2020\/07\/Fleadh2020_1_1920x1080-252x141.jpg 252w, https:\/\/tg4-docs.s3.amazonaws.com\/tg4-redesign-2015\/wp-content\/uploads\/2020\/07\/Fleadh2020_1_1920x1080-1536x864.jpg 1536w, https:\/\/tg4-docs.s3.amazonaws.com\/tg4-redesign-2015\/wp-content\/uploads\/2020\/07\/Fleadh2020_1_1920x1080-120x68.jpg 120w\" sizes=\"(max-width: 1920px) 100vw, 1920px\" \/><br \/>\n&nbsp;<br \/>\nFleadh 2020<br \/>\nTG4 6-9 August 9.30pm<br \/>\n<a href=\"https:\/\/youtu.be\/bxGSsydZnjk\" target=\"_New\" rel=\"noopener noreferrer\">Click here<\/a> for a taste of <strong>Fleadh2020<\/strong><\/p>\n<p>Fleadh Cheoil na h\u00c9ireann is the world\u2019s largest celebration of Irish music, language, song and dance. This year was due to be a big year for Mullingar\u2014dubbed \u2018The Homecoming,\u2019 the 2020 Fleadh was set to return to the place where it all began in 1951. Because of COVID-19, however, the event has been cancelled for the first time in its 70-year history. But as one door closes, another opens: F\u00e1ilte go <strong>Fleadh2020<\/strong>! <\/p>\n<p><strong>Fleadh2020<\/strong> is a series of programmes which will be broadcast on 4 consecutive evenings from 6th to 9th of August on TG4 at 9.30pm. The programmes will be coming to us from Mullingar where this year\u2019s Fleadh Cheoil was due to take place. Over the course of 4&#215;90\u2019 programmes containing engaging, unmissable entertainment for the hundreds of thousands of people who would have found themselves in Mullingar this August. <\/p>\n<p><strong>Fleadh2020<\/strong> will also have the potential to reach a wide global audience in this unique, one-off series of programmes where entertainment and inclusivity are at its very core. Although presented in a new format, and available to view online, each of the programmes will be rooted in the traditions of the event. <\/p>\n<p>TG4\u2019s series will feature musicians from all provinces and from the Diaspora. These include, Beoga, Mick Flannery &#038; Susan O\u2019Neill, Steve Cooney, Seamus Begley and family, Liz and Yvonne Kane &#038; dancer Nathan Pilatske, Matt Molloy and John Carty, S\u00ed Fiddlers- Donegal women fiddlers including Mairead N\u00ed Mhaonaigh, 2018 All-Ireland winners-Blackwater C\u00e9il\u00ed Band, Glackin family including presenter Doireann, Four Men and a Dog, Eamonn MacDonncha &#038; family, David Geaney, Ryan Molloy and Fergal Scahill, the Droney family, Aedmar  O\u2019Connor, last year\u2019s u18 champions  Crossfields C\u00e9il\u00ed Band, Reelig, Attracta Brady and friends, u12 fiddle winner 2019 Laoise N\u00ed Chinn\u00e9ide, Aoife Cunningham-Damaris Woods-Jack Fitzpatrick and their teacher Kieran Hanrahan, Fitzgibbon Family from Limerick, Bofield CCE, composer Michael Rooney and many more. <\/p>\n<p>Footage of musicians from around the world will also feature over the four programmes. These include a session with Irish musicians based in Brisbane, Frankie McCormick -a singing priest in New York will make an appearance as will Frank McArdle and the Irish Minstrels branch in Glasgow and we have an all Japanese c\u00e9il\u00ed band from Tokyo performing. <\/p>\n<p>Each programme will also have a reflective segment presented by Kieran Hanrahan, where each night a different set of panellists discuss the relevance and significance of the Fleadh to each region. These discussions will highlight the impact of the Fleadh on the local and wider Fleadh community. <\/p>\n<p>Presented by Doireann N\u00ed Ghlac\u00e1in, Daithi O S\u00e9 and C\u00e9il\u00ed House\u2019s Kieran Hanrahan <strong>Fleadh2020<\/strong> will air on TG4 for four consecutive nights, from 6th \u2013 9th August, at 9.30pm.<\/p>\n<p>The series is produced for TG4 by Power Pictures Ltd.<br \/>\n&nbsp;<br \/>\n<img loading=\"lazy\" decoding=\"async\" width=\"1920\" height=\"1080\" src=\"https:\/\/tg4-docs.s3.amazonaws.com\/tg4-redesign-2015\/wp-content\/uploads\/2020\/07\/Fleadh2020_3_1920x1080.jpg\" alt=\"\" class=\"alignright size-full wp-image-113550\" srcset=\"https:\/\/tg4-docs.s3.amazonaws.com\/tg4-redesign-2015\/wp-content\/uploads\/2020\/07\/Fleadh2020_3_1920x1080.jpg 1920w, https:\/\/tg4-docs.s3.amazonaws.com\/tg4-redesign-2015\/wp-content\/uploads\/2020\/07\/Fleadh2020_3_1920x1080-250x141.jpg 250w, https:\/\/tg4-docs.s3.amazonaws.com\/tg4-redesign-2015\/wp-content\/uploads\/2020\/07\/Fleadh2020_3_1920x1080-700x394.jpg 700w, https:\/\/tg4-docs.s3.amazonaws.com\/tg4-redesign-2015\/wp-content\/uploads\/2020\/07\/Fleadh2020_3_1920x1080-252x141.jpg 252w, https:\/\/tg4-docs.s3.amazonaws.com\/tg4-redesign-2015\/wp-content\/uploads\/2020\/07\/Fleadh2020_3_1920x1080-1536x864.jpg 1536w, https:\/\/tg4-docs.s3.amazonaws.com\/tg4-redesign-2015\/wp-content\/uploads\/2020\/07\/Fleadh2020_3_1920x1080-120x68.jpg 120w\" sizes=\"(max-width: 1920px) 100vw, 1920px\" \/><br \/>\n&nbsp;<\/p>\n","protected":false},"excerpt":{"rendered":"<p>&nbsp; Fleadh 2020 TG4 6-9 August 9.30pm Click here for a taste of Fleadh2020 Fleadh Cheoil na h\u00c9ireann is the world\u2019s largest celebration of Irish music, language, song and dance. This year was due to be a big year for Mullingar\u2014dubbed \u2018The Homecoming,\u2019 the 2020 Fleadh was set to return to the place where it [&hellip;]<\/p>\n","protected":false},"author":4,"featured_media":0,"parent":111527,"menu_order":30,"comment_status":"closed","ping_status":"closed","template":"page-templates\/template-pr.php","meta":{"_acf_changed":false,"footnotes":""},"acf":[],"yoast_head":"<!-- This site is optimized with the Yoast SEO plugin v22.6 - https:\/\/yoast.com\/wordpress\/plugins\/seo\/ -->\n<title>TG4 | Fleadh 2020 | Lean leis an gceol | 2020 | Press Releases | Press | Irish Television Channel, S\u00fail Eile<\/title>\n<meta name=\"description\" content=\"Fleadh Cheoil na h\u00c9ireann is set to return to Mullingar in 2020, and TG4 will be there to cover all the main events\" \/>\n<meta name=\"robots\" content=\"index, follow, max-snippet:-1, max-image-preview:large, max-video-preview:-1\" \/>\n<meta property=\"og:locale\" content=\"en_US\" \/>\n<meta property=\"og:type\" content=\"article\" \/>\n<meta property=\"og:title\" content=\"TG4 | Fleadh 2020 | Lean leis an gceol | 2020 | Press Releases | Press | Irish Television Channel, S\u00fail Eile\" \/>\n<meta property=\"og:description\" content=\"Fleadh Cheoil na h\u00c9ireann is set to return to Mullingar in 2020, and TG4 will be there to cover all the main events\" \/>\n<meta property=\"og:url\" content=\"https:\/\/dev.tg4.ie\/en\/information\/press\/press-releases\/2020-2\/fleadh2020\/\" \/>\n<meta property=\"og:site_name\" content=\"TG4\" \/>\n<meta property=\"article:publisher\" content=\"https:\/\/www.facebook.com\/TG4TV\" \/>\n<meta property=\"article:modified_time\" content=\"2021-11-04T15:47:22+00:00\" \/>\n<meta property=\"og:image\" content=\"https:\/\/tg4-docs.s3.amazonaws.com\/tg4-redesign-2015\/wp-content\/uploads\/2020\/07\/Fleadh2020-Logo.jpg\" \/>\n\t<meta property=\"og:image:width\" content=\"1920\" \/>\n\t<meta property=\"og:image:height\" content=\"1080\" \/>\n\t<meta property=\"og:image:type\" content=\"image\/jpeg\" \/>\n<meta name=\"twitter:card\" content=\"summary_large_image\" \/>\n<meta name=\"twitter:image\" content=\"https:\/\/tg4-docs.s3.amazonaws.com\/tg4-redesign-2015\/wp-content\/uploads\/2020\/07\/Fleadh2020-Logo.jpg\" \/>\n<meta name=\"twitter:site\" content=\"@TG4TV\" \/>\n<meta name=\"twitter:label1\" content=\"Est. reading time\" \/>\n\t<meta name=\"twitter:data1\" content=\"2 minutes\" \/>\n<script type=\"application\/ld+json\" class=\"yoast-schema-graph\">{\"@context\":\"https:\/\/schema.org\",\"@graph\":[{\"@type\":\"WebPage\",\"@id\":\"https:\/\/dev.tg4.ie\/en\/information\/press\/press-releases\/2020-2\/fleadh2020\/\",\"url\":\"https:\/\/dev.tg4.ie\/en\/information\/press\/press-releases\/2020-2\/fleadh2020\/\",\"name\":\"TG4 | Fleadh 2020 | Lean leis an gceol | 2020 | Press Releases | Press | Irish Television Channel, S\u00fail Eile\",\"isPartOf\":{\"@id\":\"https:\/\/dev.tg4.ie\/en\/#website\"},\"primaryImageOfPage\":{\"@id\":\"https:\/\/dev.tg4.ie\/en\/information\/press\/press-releases\/2020-2\/fleadh2020\/#primaryimage\"},\"image\":{\"@id\":\"https:\/\/dev.tg4.ie\/en\/information\/press\/press-releases\/2020-2\/fleadh2020\/#primaryimage\"},\"thumbnailUrl\":\"https:\/\/dev.tg4.ie\/wp-content\/uploads\/2020\/07\/Fleadh2020_1_1920x1080.jpg\",\"datePublished\":\"2020-07-24T11:01:54+00:00\",\"dateModified\":\"2021-11-04T15:47:22+00:00\",\"description\":\"Fleadh Cheoil na h\u00c9ireann is set to return to Mullingar in 2020, and TG4 will be there to cover all the main events\",\"breadcrumb\":{\"@id\":\"https:\/\/dev.tg4.ie\/en\/information\/press\/press-releases\/2020-2\/fleadh2020\/#breadcrumb\"},\"inLanguage\":\"en-ie\",\"potentialAction\":[{\"@type\":\"ReadAction\",\"target\":[\"https:\/\/dev.tg4.ie\/en\/information\/press\/press-releases\/2020-2\/fleadh2020\/\"]}]},{\"@type\":\"ImageObject\",\"inLanguage\":\"en-ie\",\"@id\":\"https:\/\/dev.tg4.ie\/en\/information\/press\/press-releases\/2020-2\/fleadh2020\/#primaryimage\",\"url\":\"https:\/\/dev.tg4.ie\/wp-content\/uploads\/2020\/07\/Fleadh2020_1_1920x1080.jpg\",\"contentUrl\":\"https:\/\/dev.tg4.ie\/wp-content\/uploads\/2020\/07\/Fleadh2020_1_1920x1080.jpg\"},{\"@type\":\"BreadcrumbList\",\"@id\":\"https:\/\/dev.tg4.ie\/en\/information\/press\/press-releases\/2020-2\/fleadh2020\/#breadcrumb\",\"itemListElement\":[{\"@type\":\"ListItem\",\"position\":1,\"name\":\"Home\",\"item\":\"https:\/\/dev.tg4.ie\/en\/\"},{\"@type\":\"ListItem\",\"position\":2,\"name\":\"Information\",\"item\":\"https:\/\/dev.tg4.ie\/en\/information\/\"},{\"@type\":\"ListItem\",\"position\":3,\"name\":\"Press\",\"item\":\"https:\/\/dev.tg4.ie\/en\/information\/press\/\"},{\"@type\":\"ListItem\",\"position\":4,\"name\":\"Press Releases\",\"item\":\"https:\/\/dev.tg4.ie\/en\/information\/press\/press-releases\/\"},{\"@type\":\"ListItem\",\"position\":5,\"name\":\"2020\",\"item\":\"https:\/\/dev.tg4.ie\/en\/information\/press\/press-releases\/2020-2\/\"},{\"@type\":\"ListItem\",\"position\":6,\"name\":\"Fleadh 2020 | Lean leis an gceol\"}]},{\"@type\":\"WebSite\",\"@id\":\"https:\/\/dev.tg4.ie\/en\/#website\",\"url\":\"https:\/\/dev.tg4.ie\/en\/\",\"name\":\"TG4\",\"description\":\"S\u00fail Eile\",\"potentialAction\":[{\"@type\":\"SearchAction\",\"target\":{\"@type\":\"EntryPoint\",\"urlTemplate\":\"https:\/\/dev.tg4.ie\/en\/?s={search_term_string}\"},\"query-input\":\"required name=search_term_string\"}],\"inLanguage\":\"en-ie\"}]}<\/script>\n<!-- \/ Yoast SEO plugin. -->","yoast_head_json":{"title":"TG4 | Fleadh 2020 | Lean leis an gceol | 2020 | Press Releases | Press | Irish Television Channel, S\u00fail Eile","description":"Fleadh Cheoil na h\u00c9ireann is set to return to Mullingar in 2020, and TG4 will be there to cover all the main events","robots":{"index":"index","follow":"follow","max-snippet":"max-snippet:-1","max-image-preview":"max-image-preview:large","max-video-preview":"max-video-preview:-1"},"og_locale":"en_US","og_type":"article","og_title":"TG4 | Fleadh 2020 | Lean leis an gceol | 2020 | Press Releases | Press | Irish Television Channel, S\u00fail Eile","og_description":"Fleadh Cheoil na h\u00c9ireann is set to return to Mullingar in 2020, and TG4 will be there to cover all the main events","og_url":"https:\/\/dev.tg4.ie\/en\/information\/press\/press-releases\/2020-2\/fleadh2020\/","og_site_name":"TG4","article_publisher":"https:\/\/www.facebook.com\/TG4TV","article_modified_time":"2021-11-04T15:47:22+00:00","og_image":[{"width":1920,"height":1080,"url":"https:\/\/tg4-docs.s3.amazonaws.com\/tg4-redesign-2015\/wp-content\/uploads\/2020\/07\/Fleadh2020-Logo.jpg","type":"image\/jpeg"}],"twitter_card":"summary_large_image","twitter_image":"https:\/\/tg4-docs.s3.amazonaws.com\/tg4-redesign-2015\/wp-content\/uploads\/2020\/07\/Fleadh2020-Logo.jpg","twitter_site":"@TG4TV","twitter_misc":{"Est. reading time":"2 minutes"},"schema":{"@context":"https:\/\/schema.org","@graph":[{"@type":"WebPage","@id":"https:\/\/dev.tg4.ie\/en\/information\/press\/press-releases\/2020-2\/fleadh2020\/","url":"https:\/\/dev.tg4.ie\/en\/information\/press\/press-releases\/2020-2\/fleadh2020\/","name":"TG4 | Fleadh 2020 | Lean leis an gceol | 2020 | Press Releases | Press | Irish Television Channel, S\u00fail Eile","isPartOf":{"@id":"https:\/\/dev.tg4.ie\/en\/#website"},"primaryImageOfPage":{"@id":"https:\/\/dev.tg4.ie\/en\/information\/press\/press-releases\/2020-2\/fleadh2020\/#primaryimage"},"image":{"@id":"https:\/\/dev.tg4.ie\/en\/information\/press\/press-releases\/2020-2\/fleadh2020\/#primaryimage"},"thumbnailUrl":"https:\/\/dev.tg4.ie\/wp-content\/uploads\/2020\/07\/Fleadh2020_1_1920x1080.jpg","datePublished":"2020-07-24T11:01:54+00:00","dateModified":"2021-11-04T15:47:22+00:00","description":"Fleadh Cheoil na h\u00c9ireann is set to return to Mullingar in 2020, and TG4 will be there to cover all the main events","breadcrumb":{"@id":"https:\/\/dev.tg4.ie\/en\/information\/press\/press-releases\/2020-2\/fleadh2020\/#breadcrumb"},"inLanguage":"en-ie","potentialAction":[{"@type":"ReadAction","target":["https:\/\/dev.tg4.ie\/en\/information\/press\/press-releases\/2020-2\/fleadh2020\/"]}]},{"@type":"ImageObject","inLanguage":"en-ie","@id":"https:\/\/dev.tg4.ie\/en\/information\/press\/press-releases\/2020-2\/fleadh2020\/#primaryimage","url":"https:\/\/dev.tg4.ie\/wp-content\/uploads\/2020\/07\/Fleadh2020_1_1920x1080.jpg","contentUrl":"https:\/\/dev.tg4.ie\/wp-content\/uploads\/2020\/07\/Fleadh2020_1_1920x1080.jpg"},{"@type":"BreadcrumbList","@id":"https:\/\/dev.tg4.ie\/en\/information\/press\/press-releases\/2020-2\/fleadh2020\/#breadcrumb","itemListElement":[{"@type":"ListItem","position":1,"name":"Home","item":"https:\/\/dev.tg4.ie\/en\/"},{"@type":"ListItem","position":2,"name":"Information","item":"https:\/\/dev.tg4.ie\/en\/information\/"},{"@type":"ListItem","position":3,"name":"Press","item":"https:\/\/dev.tg4.ie\/en\/information\/press\/"},{"@type":"ListItem","position":4,"name":"Press Releases","item":"https:\/\/dev.tg4.ie\/en\/information\/press\/press-releases\/"},{"@type":"ListItem","position":5,"name":"2020","item":"https:\/\/dev.tg4.ie\/en\/information\/press\/press-releases\/2020-2\/"},{"@type":"ListItem","position":6,"name":"Fleadh 2020 | Lean leis an gceol"}]},{"@type":"WebSite","@id":"https:\/\/dev.tg4.ie\/en\/#website","url":"https:\/\/dev.tg4.ie\/en\/","name":"TG4","description":"S\u00fail Eile","potentialAction":[{"@type":"SearchAction","target":{"@type":"EntryPoint","urlTemplate":"https:\/\/dev.tg4.ie\/en\/?s={search_term_string}"},"query-input":"required name=search_term_string"}],"inLanguage":"en-ie"}]}},"_links":{"self":[{"href":"https:\/\/dev.tg4.ie\/en\/wp-json\/wp\/v2\/pages\/113621"}],"collection":[{"href":"https:\/\/dev.tg4.ie\/en\/wp-json\/wp\/v2\/pages"}],"about":[{"href":"https:\/\/dev.tg4.ie\/en\/wp-json\/wp\/v2\/types\/page"}],"author":[{"embeddable":true,"href":"https:\/\/dev.tg4.ie\/en\/wp-json\/wp\/v2\/users\/4"}],"replies":[{"embeddable":true,"href":"https:\/\/dev.tg4.ie\/en\/wp-json\/wp\/v2\/comments?post=113621"}],"version-history":[{"count":0,"href":"https:\/\/dev.tg4.ie\/en\/wp-json\/wp\/v2\/pages\/113621\/revisions"}],"up":[{"embeddable":true,"href":"https:\/\/dev.tg4.ie\/en\/wp-json\/wp\/v2\/pages\/111527"}],"wp:attachment":[{"href":"https:\/\/dev.tg4.ie\/en\/wp-json\/wp\/v2\/media?parent=113621"}],"curies":[{"name":"wp","href":"https:\/\/api.w.org\/{rel}","templated":true}]}}