{"id":113652,"date":"2020-07-30T15:25:00","date_gmt":"2020-07-30T14:25:00","guid":{"rendered":"https:\/\/dev.tg4.ie\/?page_id=113652"},"modified":"2021-11-04T16:46:06","modified_gmt":"2021-11-04T16:46:06","slug":"fleadh2020tg4","status":"publish","type":"page","link":"https:\/\/dev.tg4.ie\/en\/information\/press\/press-releases\/2020-2\/fleadh2020tg4\/","title":{"rendered":"Fleadh2020 | TG4 6-9 August @ 9.30pm"},"content":{"rendered":"<p><img loading=\"lazy\" decoding=\"async\" width=\"1920\" height=\"1080\" src=\"https:\/\/tg4-docs.s3.amazonaws.com\/tg4-redesign-2015\/wp-content\/uploads\/2020\/07\/Fleadh2020-Logo.jpg\" alt=\"Fleadh 2020\" class=\"alignright size-full wp-image-113647\" srcset=\"https:\/\/tg4-docs.s3.amazonaws.com\/tg4-redesign-2015\/wp-content\/uploads\/2020\/07\/Fleadh2020-Logo.jpg 1920w, https:\/\/tg4-docs.s3.amazonaws.com\/tg4-redesign-2015\/wp-content\/uploads\/2020\/07\/Fleadh2020-Logo-250x141.jpg 250w, https:\/\/tg4-docs.s3.amazonaws.com\/tg4-redesign-2015\/wp-content\/uploads\/2020\/07\/Fleadh2020-Logo-700x394.jpg 700w, https:\/\/tg4-docs.s3.amazonaws.com\/tg4-redesign-2015\/wp-content\/uploads\/2020\/07\/Fleadh2020-Logo-252x141.jpg 252w, https:\/\/tg4-docs.s3.amazonaws.com\/tg4-redesign-2015\/wp-content\/uploads\/2020\/07\/Fleadh2020-Logo-1536x864.jpg 1536w, https:\/\/tg4-docs.s3.amazonaws.com\/tg4-redesign-2015\/wp-content\/uploads\/2020\/07\/Fleadh2020-Logo-120x68.jpg 120w\" sizes=\"(max-width: 1920px) 100vw, 1920px\" \/><\/p>\n<p>Lean leis an gceol, the music continues. TG4 in partnership with Comhaltas Ceolt\u00f3ir\u00ed \u00c9ireann, brings us <strong>Fleadh2020<\/strong>, a 4-night celebration of Fleadh Ceoil around the world. <strong>Fleadh2020<\/strong> is a gathering (socially distanced and virtual) of Irish traditional musicians from around the world who, under normal circumstances, would be coming together to celebrate the All-Ireland Fleadh &#8211; \u2018The Homecoming\u2019 &#8211; in Mullingar in August. Over the 4 nights 6-9 August, <strong>Fleadh2020<\/strong>, will capture the essence of this annual event &#8211; the music, song and dance and the stories \u2013 and present a unique insight into the fleadh community, across Ireland and around the world. From Brisbane to Buncrana the young and the old, the learners and the legends come together to bring you a fleadh like never before.<\/p>\n<p>Speaking about <strong>Fleadh2020<\/strong>, Minister for Media, Tourism, Arts, Culture, Sport and the Gaeltacht, Catherine Martin says, <em>&#8220;The Fleadh resonates at the deepest roots of Irish identity and culture, which continues to evolve and grow with the world around it, and it reminds us of the beauty of tradition, the Irish language, craic agus ceol. I am proud to support this TG4 production and hope that all who see it enjoy its power, purity and presence as it rings out across the island and beyond.&#8221;<\/em><\/p>\n<p>Fleadh Cheoil na h\u00c9ireann, organised by Comhaltas Ceolt\u00f3ir\u00ed \u00c9ireann, is the world\u2019s largest celebration of Irish music, language, song and dance. Labhr\u00e1s \u00d3 Murch\u00fa Ardsti\u00farth\u00f3ir of Comhaltas Ceolt\u00f3ir\u00ed \u00c9ireann tells us that <em>\u201cThe Fleadh is in tune with the pulse of the nation. In the 1950\u2019s, when there was huge emigration and the mood was downbeat, the Fleadh helped to raise the spirits of the people at home and also had a resonance with the Irish diaspora who brought their culture from the homeland with them. The story of Comhaltas and the Fleadh are inextricably linked. The Fleadh attracted 750,000 people in 2019 and generated \u20ac50m for the economy. Comhaltas now operates in 18 countries and provides services to 3m people each year. The partnership between Comhaltas and TG4 is another milestone on this cultural journey.\u201d<\/em><\/p>\n<p>Director General of TG4 Alan Esslemont says that <em>\u201cTG4 has placed Irish culture at the heart of our schedule and our strategy and we are delighted to be able to broadcast \u2018Fleadh 2020\u2019, despite the challenges we all face this year with Covid-19.  I am extremely grateful to all the musicians and artists who are taking part, a clear reflection of the worldwide festival which the Fleadh Cheoil truly is.  The partnership between TG4 and Comhaltas Ceolt\u00f3ir\u00ed \u00c9ireann is a huge success and, working together, we look forward to strengthening and deepening these ties in the coming years.\u201d <\/em> <\/p>\n<p>On each of the 4 nights presenters <strong>D\u00e1ith\u00ed \u00d3 S\u00e9<\/strong>, <strong>Doireann N\u00ed Ghlac\u00e1in<\/strong> and <strong>Kieran Hanrahan<\/strong> take us on a journey through a different province starting with Munster, through Connaught, Ulster and, finally, Leinster.<\/p>\n<p>Among the highlights we have:<\/p>\n<ul>\n<li>A celebration of 30 years of Irish traditional music giants, Four Men and a Dog, who welcome back Gerry \u2018Banjo\u2019 O\u2019Connor, Mick Daly and Brian McGrath for this special occasion.<\/li>\n<li>A re-union of dynamic duo Seamus Begley and Steve Cooney;<\/li>\n<li>Trad super-group, Beoga; legends Matt Molloy and John Carty; from Cork, Mick Flannery with Susan O\u2019Neill; singer-songwriter, Lisa O\u2019Neill; Sligo-based harper-composer, Micheal Rooney; Donegal\u2019s 13-strong female fiddle group, S\u00ed Fiddlers, featuring Mairead N\u00ed Mhaonaigh, Br\u00edd Harper and Liz Doherty; fiddle and piano duo, Fergal Scahill and Ryan Molloy;<\/li>\n<li>C\u00e9il\u00ed bands including The Blackwater, The Moylurg, Crossfields and, recorded specially for Fleadh 2020, the Toyota C\u00e9il\u00ed Band;<\/li>\n<li>Musical families. We have Paddy, Kevin Glackin with Kevin\u2019s daughter presenter and Doireann; the Kane sisters, Liz and Yvonne from Letterfrack, Co. Galway with dancer, Nathan Pilatzke; we have husband and wife duo Padraig McGovern (pipes) and Sabina McCague (harp); five siblings from Croom, Co. Limerick \u2013 the Fitzgibbon family;  from Carna, Co. Galway, brother and sister Seamus O Flatharta and Caoimhe N\u00ed Fhlatharta; Aidan and Aine O\u2019Donnell; the Molloys from Derry, and the O\u2019Fatharta family from Moycullen.<\/li>\n<li>All the incredibly important work of those teachers who are responsible for passing on the tradition is celebrated with Kieran Hanrahan, Director of Scoil \u00c9igse and teachers such as Damaris Woods, Enda Seery, Tom Doorley and Attracta Brady; <\/li>\n<li>We have a Mullingar welcome from Fleadh Chairperson and banjo player Joe Connaire and friends;<\/li>\n<li>We are joined (virtually) by some of our musician friends from around the world \u2013 from Scotland to New York to Brisbane;<\/li>\n<li>For many families the fleadh is the biggest event of the year, and each night Kieran Hanrahan is joined by some of those who work tirelessly behind the scenes to make the fleadh happen, taking a trip down memory lane and reflecting on the significance of this event \u2013 culturally and at community level.<\/li>\n<\/ul>\n<p>The 4 shows will be available worldwide on the TG4 Player www.tg4.ie as we take the party online across the world.<\/p>\n<p>To join in the celebrations, post a video of your home Fleadh celebration to Social Media, using the hashtag #Fleadh2020 &#8211; playing a tune, telling us who you are and where you are.<\/p>\n<p>The video can be shot on a mobile phone, landscape (16:9) or portrait (9:16)<\/p>\n<p>You can send it to us via wetransfer to <a href=\"MAILTO:eolas@lorgmedia.com\">eolas@lorgmedia.com<\/a> with your name, where you are from, the trad\/Comhaltas group you are a member of, any other social media handles\/tags you would like included, and the name of the tune!<\/p>\n<p>And of course, we\u2019d love you to post it to your own social media channels using the Hashtag #Fleadh2020<\/p>\n<p><img loading=\"lazy\" decoding=\"async\" width=\"1920\" height=\"1080\" src=\"https:\/\/tg4-docs.s3.amazonaws.com\/tg4-redesign-2015\/wp-content\/uploads\/2020\/07\/Daithi-Doireann-2020.jpg\" alt=\"Fleadh 2020\" class=\"alignright size-full wp-image-113649\" srcset=\"https:\/\/tg4-docs.s3.amazonaws.com\/tg4-redesign-2015\/wp-content\/uploads\/2020\/07\/Daithi-Doireann-2020.jpg 1920w, https:\/\/tg4-docs.s3.amazonaws.com\/tg4-redesign-2015\/wp-content\/uploads\/2020\/07\/Daithi-Doireann-2020-250x141.jpg 250w, https:\/\/tg4-docs.s3.amazonaws.com\/tg4-redesign-2015\/wp-content\/uploads\/2020\/07\/Daithi-Doireann-2020-700x394.jpg 700w, https:\/\/tg4-docs.s3.amazonaws.com\/tg4-redesign-2015\/wp-content\/uploads\/2020\/07\/Daithi-Doireann-2020-252x141.jpg 252w, https:\/\/tg4-docs.s3.amazonaws.com\/tg4-redesign-2015\/wp-content\/uploads\/2020\/07\/Daithi-Doireann-2020-1536x864.jpg 1536w, https:\/\/tg4-docs.s3.amazonaws.com\/tg4-redesign-2015\/wp-content\/uploads\/2020\/07\/Daithi-Doireann-2020-120x68.jpg 120w\" sizes=\"(max-width: 1920px) 100vw, 1920px\" \/><\/p>\n","protected":false},"excerpt":{"rendered":"<p>Lean leis an gceol, the music continues. TG4 in partnership with Comhaltas Ceolt\u00f3ir\u00ed \u00c9ireann, brings us Fleadh2020, a 4-night celebration of Fleadh Ceoil around the world. Fleadh2020 is a gathering (socially distanced and virtual) of Irish traditional musicians from around the world who, under normal circumstances, would be coming together to celebrate the All-Ireland Fleadh [&hellip;]<\/p>\n","protected":false},"author":4,"featured_media":0,"parent":111527,"menu_order":31,"comment_status":"closed","ping_status":"closed","template":"page-templates\/template-pr.php","meta":{"_acf_changed":false,"footnotes":""},"acf":[],"yoast_head":"<!-- This site is optimized with the Yoast SEO plugin v22.6 - https:\/\/yoast.com\/wordpress\/plugins\/seo\/ -->\n<title>TG4 | Fleadh2020 | TG4 6-9 August @ 9.30pm | 2020 | Press Releases | Press | Irish Television Channel, S\u00fail Eile<\/title>\n<meta name=\"description\" content=\"TG4 in partnership with Comhaltas Ceolt\u00f3ir\u00ed \u00c9ireann, announce Fleadh 2020, a 4-night celebration of Fleadh Ceoil\" \/>\n<meta name=\"robots\" content=\"index, follow, max-snippet:-1, max-image-preview:large, max-video-preview:-1\" \/>\n<meta property=\"og:locale\" content=\"en_US\" \/>\n<meta property=\"og:type\" content=\"article\" \/>\n<meta property=\"og:title\" content=\"TG4 | Fleadh2020 | TG4 6-9 August @ 9.30pm | 2020 | Press Releases | Press | Irish Television Channel, S\u00fail Eile\" \/>\n<meta property=\"og:description\" content=\"TG4 in partnership with Comhaltas Ceolt\u00f3ir\u00ed \u00c9ireann, announce Fleadh 2020, a 4-night celebration of Fleadh Ceoil\" \/>\n<meta property=\"og:url\" content=\"https:\/\/dev.tg4.ie\/en\/information\/press\/press-releases\/2020-2\/fleadh2020tg4\/\" \/>\n<meta property=\"og:site_name\" content=\"TG4\" \/>\n<meta property=\"article:publisher\" content=\"https:\/\/www.facebook.com\/TG4TV\" \/>\n<meta property=\"article:modified_time\" content=\"2021-11-04T16:46:06+00:00\" \/>\n<meta property=\"og:image\" content=\"https:\/\/tg4-docs.s3.amazonaws.com\/tg4-redesign-2015\/wp-content\/uploads\/2020\/07\/Daithi-Doireann-2020.jpg\" \/>\n\t<meta property=\"og:image:width\" content=\"1920\" \/>\n\t<meta property=\"og:image:height\" content=\"1080\" \/>\n\t<meta property=\"og:image:type\" content=\"image\/jpeg\" \/>\n<meta name=\"twitter:card\" content=\"summary_large_image\" \/>\n<meta name=\"twitter:image\" content=\"https:\/\/tg4-docs.s3.amazonaws.com\/tg4-redesign-2015\/wp-content\/uploads\/2020\/07\/Daithi-Doireann-2020.jpg\" \/>\n<meta name=\"twitter:site\" content=\"@TG4TV\" \/>\n<meta name=\"twitter:label1\" content=\"Est. reading time\" \/>\n\t<meta name=\"twitter:data1\" content=\"5 minutes\" \/>\n<script type=\"application\/ld+json\" class=\"yoast-schema-graph\">{\"@context\":\"https:\/\/schema.org\",\"@graph\":[{\"@type\":\"WebPage\",\"@id\":\"https:\/\/dev.tg4.ie\/en\/information\/press\/press-releases\/2020-2\/fleadh2020tg4\/\",\"url\":\"https:\/\/dev.tg4.ie\/en\/information\/press\/press-releases\/2020-2\/fleadh2020tg4\/\",\"name\":\"TG4 | Fleadh2020 | TG4 6-9 August @ 9.30pm | 2020 | Press Releases | Press | Irish Television Channel, S\u00fail Eile\",\"isPartOf\":{\"@id\":\"https:\/\/dev.tg4.ie\/en\/#website\"},\"primaryImageOfPage\":{\"@id\":\"https:\/\/dev.tg4.ie\/en\/information\/press\/press-releases\/2020-2\/fleadh2020tg4\/#primaryimage\"},\"image\":{\"@id\":\"https:\/\/dev.tg4.ie\/en\/information\/press\/press-releases\/2020-2\/fleadh2020tg4\/#primaryimage\"},\"thumbnailUrl\":\"https:\/\/dev.tg4.ie\/wp-content\/uploads\/2020\/07\/Fleadh2020-Logo.jpg\",\"datePublished\":\"2020-07-30T14:25:00+00:00\",\"dateModified\":\"2021-11-04T16:46:06+00:00\",\"description\":\"TG4 in partnership with Comhaltas Ceolt\u00f3ir\u00ed \u00c9ireann, announce Fleadh 2020, a 4-night celebration of Fleadh Ceoil\",\"breadcrumb\":{\"@id\":\"https:\/\/dev.tg4.ie\/en\/information\/press\/press-releases\/2020-2\/fleadh2020tg4\/#breadcrumb\"},\"inLanguage\":\"en-ie\",\"potentialAction\":[{\"@type\":\"ReadAction\",\"target\":[\"https:\/\/dev.tg4.ie\/en\/information\/press\/press-releases\/2020-2\/fleadh2020tg4\/\"]}]},{\"@type\":\"ImageObject\",\"inLanguage\":\"en-ie\",\"@id\":\"https:\/\/dev.tg4.ie\/en\/information\/press\/press-releases\/2020-2\/fleadh2020tg4\/#primaryimage\",\"url\":\"https:\/\/dev.tg4.ie\/wp-content\/uploads\/2020\/07\/Fleadh2020-Logo.jpg\",\"contentUrl\":\"https:\/\/dev.tg4.ie\/wp-content\/uploads\/2020\/07\/Fleadh2020-Logo.jpg\"},{\"@type\":\"BreadcrumbList\",\"@id\":\"https:\/\/dev.tg4.ie\/en\/information\/press\/press-releases\/2020-2\/fleadh2020tg4\/#breadcrumb\",\"itemListElement\":[{\"@type\":\"ListItem\",\"position\":1,\"name\":\"Home\",\"item\":\"https:\/\/dev.tg4.ie\/en\/\"},{\"@type\":\"ListItem\",\"position\":2,\"name\":\"Information\",\"item\":\"https:\/\/dev.tg4.ie\/en\/information\/\"},{\"@type\":\"ListItem\",\"position\":3,\"name\":\"Press\",\"item\":\"https:\/\/dev.tg4.ie\/en\/information\/press\/\"},{\"@type\":\"ListItem\",\"position\":4,\"name\":\"Press Releases\",\"item\":\"https:\/\/dev.tg4.ie\/en\/information\/press\/press-releases\/\"},{\"@type\":\"ListItem\",\"position\":5,\"name\":\"2020\",\"item\":\"https:\/\/dev.tg4.ie\/en\/information\/press\/press-releases\/2020-2\/\"},{\"@type\":\"ListItem\",\"position\":6,\"name\":\"Fleadh2020 | TG4 6-9 August @ 9.30pm\"}]},{\"@type\":\"WebSite\",\"@id\":\"https:\/\/dev.tg4.ie\/en\/#website\",\"url\":\"https:\/\/dev.tg4.ie\/en\/\",\"name\":\"TG4\",\"description\":\"S\u00fail Eile\",\"potentialAction\":[{\"@type\":\"SearchAction\",\"target\":{\"@type\":\"EntryPoint\",\"urlTemplate\":\"https:\/\/dev.tg4.ie\/en\/?s={search_term_string}\"},\"query-input\":\"required name=search_term_string\"}],\"inLanguage\":\"en-ie\"}]}<\/script>\n<!-- \/ Yoast SEO plugin. -->","yoast_head_json":{"title":"TG4 | Fleadh2020 | TG4 6-9 August @ 9.30pm | 2020 | Press Releases | Press | Irish Television Channel, S\u00fail Eile","description":"TG4 in partnership with Comhaltas Ceolt\u00f3ir\u00ed \u00c9ireann, announce Fleadh 2020, a 4-night celebration of Fleadh Ceoil","robots":{"index":"index","follow":"follow","max-snippet":"max-snippet:-1","max-image-preview":"max-image-preview:large","max-video-preview":"max-video-preview:-1"},"og_locale":"en_US","og_type":"article","og_title":"TG4 | Fleadh2020 | TG4 6-9 August @ 9.30pm | 2020 | Press Releases | Press | Irish Television Channel, S\u00fail Eile","og_description":"TG4 in partnership with Comhaltas Ceolt\u00f3ir\u00ed \u00c9ireann, announce Fleadh 2020, a 4-night celebration of Fleadh Ceoil","og_url":"https:\/\/dev.tg4.ie\/en\/information\/press\/press-releases\/2020-2\/fleadh2020tg4\/","og_site_name":"TG4","article_publisher":"https:\/\/www.facebook.com\/TG4TV","article_modified_time":"2021-11-04T16:46:06+00:00","og_image":[{"width":1920,"height":1080,"url":"https:\/\/tg4-docs.s3.amazonaws.com\/tg4-redesign-2015\/wp-content\/uploads\/2020\/07\/Daithi-Doireann-2020.jpg","type":"image\/jpeg"}],"twitter_card":"summary_large_image","twitter_image":"https:\/\/tg4-docs.s3.amazonaws.com\/tg4-redesign-2015\/wp-content\/uploads\/2020\/07\/Daithi-Doireann-2020.jpg","twitter_site":"@TG4TV","twitter_misc":{"Est. reading time":"5 minutes"},"schema":{"@context":"https:\/\/schema.org","@graph":[{"@type":"WebPage","@id":"https:\/\/dev.tg4.ie\/en\/information\/press\/press-releases\/2020-2\/fleadh2020tg4\/","url":"https:\/\/dev.tg4.ie\/en\/information\/press\/press-releases\/2020-2\/fleadh2020tg4\/","name":"TG4 | Fleadh2020 | TG4 6-9 August @ 9.30pm | 2020 | Press Releases | Press | Irish Television Channel, S\u00fail Eile","isPartOf":{"@id":"https:\/\/dev.tg4.ie\/en\/#website"},"primaryImageOfPage":{"@id":"https:\/\/dev.tg4.ie\/en\/information\/press\/press-releases\/2020-2\/fleadh2020tg4\/#primaryimage"},"image":{"@id":"https:\/\/dev.tg4.ie\/en\/information\/press\/press-releases\/2020-2\/fleadh2020tg4\/#primaryimage"},"thumbnailUrl":"https:\/\/dev.tg4.ie\/wp-content\/uploads\/2020\/07\/Fleadh2020-Logo.jpg","datePublished":"2020-07-30T14:25:00+00:00","dateModified":"2021-11-04T16:46:06+00:00","description":"TG4 in partnership with Comhaltas Ceolt\u00f3ir\u00ed \u00c9ireann, announce Fleadh 2020, a 4-night celebration of Fleadh Ceoil","breadcrumb":{"@id":"https:\/\/dev.tg4.ie\/en\/information\/press\/press-releases\/2020-2\/fleadh2020tg4\/#breadcrumb"},"inLanguage":"en-ie","potentialAction":[{"@type":"ReadAction","target":["https:\/\/dev.tg4.ie\/en\/information\/press\/press-releases\/2020-2\/fleadh2020tg4\/"]}]},{"@type":"ImageObject","inLanguage":"en-ie","@id":"https:\/\/dev.tg4.ie\/en\/information\/press\/press-releases\/2020-2\/fleadh2020tg4\/#primaryimage","url":"https:\/\/dev.tg4.ie\/wp-content\/uploads\/2020\/07\/Fleadh2020-Logo.jpg","contentUrl":"https:\/\/dev.tg4.ie\/wp-content\/uploads\/2020\/07\/Fleadh2020-Logo.jpg"},{"@type":"BreadcrumbList","@id":"https:\/\/dev.tg4.ie\/en\/information\/press\/press-releases\/2020-2\/fleadh2020tg4\/#breadcrumb","itemListElement":[{"@type":"ListItem","position":1,"name":"Home","item":"https:\/\/dev.tg4.ie\/en\/"},{"@type":"ListItem","position":2,"name":"Information","item":"https:\/\/dev.tg4.ie\/en\/information\/"},{"@type":"ListItem","position":3,"name":"Press","item":"https:\/\/dev.tg4.ie\/en\/information\/press\/"},{"@type":"ListItem","position":4,"name":"Press Releases","item":"https:\/\/dev.tg4.ie\/en\/information\/press\/press-releases\/"},{"@type":"ListItem","position":5,"name":"2020","item":"https:\/\/dev.tg4.ie\/en\/information\/press\/press-releases\/2020-2\/"},{"@type":"ListItem","position":6,"name":"Fleadh2020 | TG4 6-9 August @ 9.30pm"}]},{"@type":"WebSite","@id":"https:\/\/dev.tg4.ie\/en\/#website","url":"https:\/\/dev.tg4.ie\/en\/","name":"TG4","description":"S\u00fail Eile","potentialAction":[{"@type":"SearchAction","target":{"@type":"EntryPoint","urlTemplate":"https:\/\/dev.tg4.ie\/en\/?s={search_term_string}"},"query-input":"required name=search_term_string"}],"inLanguage":"en-ie"}]}},"_links":{"self":[{"href":"https:\/\/dev.tg4.ie\/en\/wp-json\/wp\/v2\/pages\/113652"}],"collection":[{"href":"https:\/\/dev.tg4.ie\/en\/wp-json\/wp\/v2\/pages"}],"about":[{"href":"https:\/\/dev.tg4.ie\/en\/wp-json\/wp\/v2\/types\/page"}],"author":[{"embeddable":true,"href":"https:\/\/dev.tg4.ie\/en\/wp-json\/wp\/v2\/users\/4"}],"replies":[{"embeddable":true,"href":"https:\/\/dev.tg4.ie\/en\/wp-json\/wp\/v2\/comments?post=113652"}],"version-history":[{"count":0,"href":"https:\/\/dev.tg4.ie\/en\/wp-json\/wp\/v2\/pages\/113652\/revisions"}],"up":[{"embeddable":true,"href":"https:\/\/dev.tg4.ie\/en\/wp-json\/wp\/v2\/pages\/111527"}],"wp:attachment":[{"href":"https:\/\/dev.tg4.ie\/en\/wp-json\/wp\/v2\/media?parent=113652"}],"curies":[{"name":"wp","href":"https:\/\/api.w.org\/{rel}","templated":true}]}}