{"id":113851,"date":"2020-08-17T12:33:12","date_gmt":"2020-08-17T11:33:12","guid":{"rendered":"https:\/\/dev.tg4.ie\/?page_id=113851"},"modified":"2021-11-04T16:24:59","modified_gmt":"2021-11-04T16:24:59","slug":"tg4-udaras-na-gaeltachta-announce-second-year-of-media-training-and-development-scheme","status":"publish","type":"page","link":"https:\/\/dev.tg4.ie\/en\/information\/press\/press-releases\/2020-2\/tg4-udaras-na-gaeltachta-announce-second-year-of-media-training-and-development-scheme\/","title":{"rendered":"TG4 &#038; \u00dadar\u00e1s na Gaeltachta Announce second year of Media Training and Development Scheme"},"content":{"rendered":"<p><a href=\"https:\/\/tg4-docs.s3.amazonaws.com\/tg4-redesign-2015\/wp-content\/uploads\/2020\/08\/Sceim_Forbartha_2020.jpg\"><img loading=\"lazy\" decoding=\"async\" width=\"1920\" height=\"1080\" src=\"https:\/\/tg4-docs.s3.amazonaws.com\/tg4-redesign-2015\/wp-content\/uploads\/2020\/08\/Sceim_Forbartha_2020.jpg\" alt=\"\" class=\"aligncenter size-full wp-image-113824\" srcset=\"https:\/\/tg4-docs.s3.amazonaws.com\/tg4-redesign-2015\/wp-content\/uploads\/2020\/08\/Sceim_Forbartha_2020.jpg 1920w, https:\/\/tg4-docs.s3.amazonaws.com\/tg4-redesign-2015\/wp-content\/uploads\/2020\/08\/Sceim_Forbartha_2020-250x141.jpg 250w, https:\/\/tg4-docs.s3.amazonaws.com\/tg4-redesign-2015\/wp-content\/uploads\/2020\/08\/Sceim_Forbartha_2020-700x394.jpg 700w, https:\/\/tg4-docs.s3.amazonaws.com\/tg4-redesign-2015\/wp-content\/uploads\/2020\/08\/Sceim_Forbartha_2020-252x141.jpg 252w, https:\/\/tg4-docs.s3.amazonaws.com\/tg4-redesign-2015\/wp-content\/uploads\/2020\/08\/Sceim_Forbartha_2020-1536x864.jpg 1536w, https:\/\/tg4-docs.s3.amazonaws.com\/tg4-redesign-2015\/wp-content\/uploads\/2020\/08\/Sceim_Forbartha_2020-120x68.jpg 120w\" sizes=\"(max-width: 1920px) 100vw, 1920px\" \/><\/a><\/p>\n<p>&nbsp;<br \/>\n<strong>TG4<\/strong><span>\u00a0<\/span>and<span>\u00a0<\/span><strong>\u00dadar\u00e1s na Gaeltachta<\/strong><span>\u00a0<\/span>have announced a second year of the<span>\u00a0<\/span><strong>Media Training Development Scheme<\/strong><span>\u00a0<\/span>which was launched in 2019 for the first time. \u00a0The aim of the scheme is to support production companies to develop the skills and talent of their production staff and in doing so encouraging an emerging generation of Irish speaking talent to work in the sector.<\/p>\n<p>&nbsp;<br \/>\nTG4 and \u00dadar\u00e1s na Gaeltachta will both be making a significant investment of \u20ac160,000 each in the scheme, in addition to the input from the independent sector which will create training and employment opportunities. Additional training will be conducted in conjuction with Gr\u00e9as\u00e1n na Me\u00e1n Skillnet, Galway Film Centre and GMIT.<\/p>\n<p>&nbsp;<\/p>\n<p>The project is divided into two initiatives, a<span>\u00a0<\/span><strong>Work Experience Scheme<\/strong>, aimed at production companies who would like to invest in developing new talent in the sector by giving \u00a0practical experience to a graduate or new entrant in an area where the company sees a gap in expertise. Skills areas which might be considered could include Content and Ideas Development, Creative Producers and Content Directors. Companies are asked to include the name of their nominated trainee in their application.\u00a0 A certified Level 8 Qualification in Media Practice will be awarded to all trainees under the direction of GMIT, Galway Film Centre and Gr\u00e9as\u00e1n na Me\u00e1n Skillnet.<\/p>\n<p>&nbsp;<\/p>\n<p>The<span>\u00a0<\/span><strong>Upskilling Bursary Scheme<\/strong><span>\u00a0<\/span>is aimed at professionals in the industry who wish to upskill or develop their area of expertise. \u00a0The bursaries will support specific courses or\u00a0training initiatives, which lead to general career development and support Producers to develop their business potential.<\/p>\n<p>&nbsp;<\/p>\n<p>Director General of TG4, Alan Esslemont, says:\u00a0<em>&#8220;I am delighted that the Media Training Development Scheme in partnership with \u00dadar\u00e1s na Gaeltachta, and the independent production sector will take place for a second year.\u00a0 The scheme had a very successful first year, we have seen new talent develop over the year, and the results of their work were seen on screen. Developing talent and the independent production sector is central to TG4\u2019s five-year strategy, especially in Gaeltacht areas and the regions.\u201d<\/em><\/p>\n<p>&nbsp;<\/p>\n<p>Chief Executive of \u00a0\u00dadar\u00e1s na Gaeltachta, M\u00edche\u00e1l \u00d3 h\u00c9anaigh, adds: &#8220;We<em><span>\u00a0<\/span>are extremely pleased that the scheme is underway for its second year, this is as a result of the great partnership between our organisation and TG4.\u00a0 \u00dadar\u00e1s na Gaeltachta has a long history with the creative digital industries and it\u2019s wonderful to see that this innovative and dynamic scheme is hugely popular and is enhancing the development of a stream of talent and new skills coming to the fore in the Irish language audiovisual and digital media spheres in 2020.&#8221;<\/em><\/p>\n<p>&nbsp;<\/p>\n<p><strong>TG4<\/strong><span>\u00a0<\/span>and<span>\u00a0<\/span><strong>\u00dadar\u00e1s na Gaeltachta<\/strong><span>\u00a0<\/span>are accepting expressions of interest from Independent Production Companies who are interested in participating in the<span>\u00a0<\/span><strong>Media Training Development Scheme<\/strong>.\u00a0 Full details of the scheme and application forms can be accessed at <a href=\"https:\/\/dev.tg4.ie\/oiliuint\" rel=\"noopener noreferrer\" target=\"_blank\">www.tg4.ie\/oiliuint<\/a> and\u00a0<a href=\"https:\/\/www.udaras.ie\" rel=\"noopener noreferrer\" target=\"_blank\">www.udaras.ie<\/a><\/p>\n<p>&nbsp;<br \/>\n<iframe loading=\"lazy\" width=\"560\" height=\"315\" src=\"https:\/\/www.youtube.com\/embed\/YHIjqBCJ0yw\" frameborder=\"0\" allow=\"accelerometer; autoplay; encrypted-media; gyroscope; picture-in-picture\" allowfullscreen><\/iframe><br \/>\n&nbsp;<\/p>\n","protected":false},"excerpt":{"rendered":"<p>&nbsp; TG4\u00a0and\u00a0\u00dadar\u00e1s na Gaeltachta\u00a0have announced a second year of the\u00a0Media Training Development Scheme\u00a0which was launched in 2019 for the first time. \u00a0The aim of the scheme is to support production companies to develop the skills and talent of their production staff and in doing so encouraging an emerging generation of Irish speaking talent to work [&hellip;]<\/p>\n","protected":false},"author":876,"featured_media":0,"parent":111527,"menu_order":35,"comment_status":"closed","ping_status":"closed","template":"page-templates\/template-pr.php","meta":{"_acf_changed":false,"footnotes":""},"acf":[],"yoast_head":"<!-- This site is optimized with the Yoast SEO plugin v22.6 - https:\/\/yoast.com\/wordpress\/plugins\/seo\/ -->\n<title>TG4 | TG4 &amp; \u00dadar\u00e1s na Gaeltachta Announce second year of Media Training and Development Scheme | 2020 | Press Releases | Press | Irish Television Channel, S\u00fail Eile<\/title>\n<meta name=\"description\" content=\"TG4 and \u00dadar\u00e1s na Gaeltachta are delighted to announce a second year of the Media Training Development Scheme\" \/>\n<meta name=\"robots\" content=\"index, follow, max-snippet:-1, max-image-preview:large, max-video-preview:-1\" \/>\n<meta property=\"og:locale\" content=\"en_US\" \/>\n<meta property=\"og:type\" content=\"article\" \/>\n<meta property=\"og:title\" content=\"TG4 | TG4 &amp; \u00dadar\u00e1s na Gaeltachta Announce second year of Media Training and Development Scheme | 2020 | Press Releases | Press | Irish Television Channel, S\u00fail Eile\" \/>\n<meta property=\"og:description\" content=\"TG4 and \u00dadar\u00e1s na Gaeltachta are delighted to announce a second year of the Media Training Development Scheme\" \/>\n<meta property=\"og:url\" content=\"https:\/\/dev.tg4.ie\/en\/information\/press\/press-releases\/2020-2\/tg4-udaras-na-gaeltachta-announce-second-year-of-media-training-and-development-scheme\/\" \/>\n<meta property=\"og:site_name\" content=\"TG4\" \/>\n<meta property=\"article:publisher\" content=\"https:\/\/www.facebook.com\/TG4TV\" \/>\n<meta property=\"article:modified_time\" content=\"2021-11-04T16:24:59+00:00\" \/>\n<meta property=\"og:image\" content=\"https:\/\/tg4-docs.s3.amazonaws.com\/tg4-redesign-2015\/wp-content\/uploads\/2020\/08\/Sceim_Forbartha_2020.jpg\" \/>\n\t<meta property=\"og:image:width\" content=\"1920\" \/>\n\t<meta property=\"og:image:height\" content=\"1080\" \/>\n\t<meta property=\"og:image:type\" content=\"image\/jpeg\" \/>\n<meta name=\"twitter:card\" content=\"summary_large_image\" \/>\n<meta name=\"twitter:image\" content=\"https:\/\/tg4-docs.s3.amazonaws.com\/tg4-redesign-2015\/wp-content\/uploads\/2020\/08\/Sceim_Forbartha_2020.jpg\" \/>\n<meta name=\"twitter:site\" content=\"@TG4TV\" \/>\n<meta name=\"twitter:label1\" content=\"Est. reading time\" \/>\n\t<meta name=\"twitter:data1\" content=\"3 minutes\" \/>\n<script type=\"application\/ld+json\" class=\"yoast-schema-graph\">{\"@context\":\"https:\/\/schema.org\",\"@graph\":[{\"@type\":\"WebPage\",\"@id\":\"https:\/\/dev.tg4.ie\/en\/information\/press\/press-releases\/2020-2\/tg4-udaras-na-gaeltachta-announce-second-year-of-media-training-and-development-scheme\/\",\"url\":\"https:\/\/dev.tg4.ie\/en\/information\/press\/press-releases\/2020-2\/tg4-udaras-na-gaeltachta-announce-second-year-of-media-training-and-development-scheme\/\",\"name\":\"TG4 | TG4 & \u00dadar\u00e1s na Gaeltachta Announce second year of Media Training and Development Scheme | 2020 | Press Releases | Press | Irish Television Channel, S\u00fail Eile\",\"isPartOf\":{\"@id\":\"https:\/\/dev.tg4.ie\/en\/#website\"},\"primaryImageOfPage\":{\"@id\":\"https:\/\/dev.tg4.ie\/en\/information\/press\/press-releases\/2020-2\/tg4-udaras-na-gaeltachta-announce-second-year-of-media-training-and-development-scheme\/#primaryimage\"},\"image\":{\"@id\":\"https:\/\/dev.tg4.ie\/en\/information\/press\/press-releases\/2020-2\/tg4-udaras-na-gaeltachta-announce-second-year-of-media-training-and-development-scheme\/#primaryimage\"},\"thumbnailUrl\":\"https:\/\/dev.tg4.ie\/wp-content\/uploads\/2020\/08\/Sceim_Forbartha_2020.jpg\",\"datePublished\":\"2020-08-17T11:33:12+00:00\",\"dateModified\":\"2021-11-04T16:24:59+00:00\",\"description\":\"TG4 and \u00dadar\u00e1s na Gaeltachta are delighted to announce a second year of the Media Training Development Scheme\",\"breadcrumb\":{\"@id\":\"https:\/\/dev.tg4.ie\/en\/information\/press\/press-releases\/2020-2\/tg4-udaras-na-gaeltachta-announce-second-year-of-media-training-and-development-scheme\/#breadcrumb\"},\"inLanguage\":\"en-ie\",\"potentialAction\":[{\"@type\":\"ReadAction\",\"target\":[\"https:\/\/dev.tg4.ie\/en\/information\/press\/press-releases\/2020-2\/tg4-udaras-na-gaeltachta-announce-second-year-of-media-training-and-development-scheme\/\"]}]},{\"@type\":\"ImageObject\",\"inLanguage\":\"en-ie\",\"@id\":\"https:\/\/dev.tg4.ie\/en\/information\/press\/press-releases\/2020-2\/tg4-udaras-na-gaeltachta-announce-second-year-of-media-training-and-development-scheme\/#primaryimage\",\"url\":\"https:\/\/dev.tg4.ie\/wp-content\/uploads\/2020\/08\/Sceim_Forbartha_2020.jpg\",\"contentUrl\":\"https:\/\/dev.tg4.ie\/wp-content\/uploads\/2020\/08\/Sceim_Forbartha_2020.jpg\"},{\"@type\":\"BreadcrumbList\",\"@id\":\"https:\/\/dev.tg4.ie\/en\/information\/press\/press-releases\/2020-2\/tg4-udaras-na-gaeltachta-announce-second-year-of-media-training-and-development-scheme\/#breadcrumb\",\"itemListElement\":[{\"@type\":\"ListItem\",\"position\":1,\"name\":\"Home\",\"item\":\"https:\/\/dev.tg4.ie\/en\/\"},{\"@type\":\"ListItem\",\"position\":2,\"name\":\"Information\",\"item\":\"https:\/\/dev.tg4.ie\/en\/information\/\"},{\"@type\":\"ListItem\",\"position\":3,\"name\":\"Press\",\"item\":\"https:\/\/dev.tg4.ie\/en\/information\/press\/\"},{\"@type\":\"ListItem\",\"position\":4,\"name\":\"Press Releases\",\"item\":\"https:\/\/dev.tg4.ie\/en\/information\/press\/press-releases\/\"},{\"@type\":\"ListItem\",\"position\":5,\"name\":\"2020\",\"item\":\"https:\/\/dev.tg4.ie\/en\/information\/press\/press-releases\/2020-2\/\"},{\"@type\":\"ListItem\",\"position\":6,\"name\":\"TG4 &#038; \u00dadar\u00e1s na Gaeltachta Announce second year of Media Training and Development Scheme\"}]},{\"@type\":\"WebSite\",\"@id\":\"https:\/\/dev.tg4.ie\/en\/#website\",\"url\":\"https:\/\/dev.tg4.ie\/en\/\",\"name\":\"TG4\",\"description\":\"S\u00fail Eile\",\"potentialAction\":[{\"@type\":\"SearchAction\",\"target\":{\"@type\":\"EntryPoint\",\"urlTemplate\":\"https:\/\/dev.tg4.ie\/en\/?s={search_term_string}\"},\"query-input\":\"required name=search_term_string\"}],\"inLanguage\":\"en-ie\"}]}<\/script>\n<!-- \/ Yoast SEO plugin. -->","yoast_head_json":{"title":"TG4 | TG4 & \u00dadar\u00e1s na Gaeltachta Announce second year of Media Training and Development Scheme | 2020 | Press Releases | Press | Irish Television Channel, S\u00fail Eile","description":"TG4 and \u00dadar\u00e1s na Gaeltachta are delighted to announce a second year of the Media Training Development Scheme","robots":{"index":"index","follow":"follow","max-snippet":"max-snippet:-1","max-image-preview":"max-image-preview:large","max-video-preview":"max-video-preview:-1"},"og_locale":"en_US","og_type":"article","og_title":"TG4 | TG4 & \u00dadar\u00e1s na Gaeltachta Announce second year of Media Training and Development Scheme | 2020 | Press Releases | Press | Irish Television Channel, S\u00fail Eile","og_description":"TG4 and \u00dadar\u00e1s na Gaeltachta are delighted to announce a second year of the Media Training Development Scheme","og_url":"https:\/\/dev.tg4.ie\/en\/information\/press\/press-releases\/2020-2\/tg4-udaras-na-gaeltachta-announce-second-year-of-media-training-and-development-scheme\/","og_site_name":"TG4","article_publisher":"https:\/\/www.facebook.com\/TG4TV","article_modified_time":"2021-11-04T16:24:59+00:00","og_image":[{"width":1920,"height":1080,"url":"https:\/\/tg4-docs.s3.amazonaws.com\/tg4-redesign-2015\/wp-content\/uploads\/2020\/08\/Sceim_Forbartha_2020.jpg","type":"image\/jpeg"}],"twitter_card":"summary_large_image","twitter_image":"https:\/\/tg4-docs.s3.amazonaws.com\/tg4-redesign-2015\/wp-content\/uploads\/2020\/08\/Sceim_Forbartha_2020.jpg","twitter_site":"@TG4TV","twitter_misc":{"Est. reading time":"3 minutes"},"schema":{"@context":"https:\/\/schema.org","@graph":[{"@type":"WebPage","@id":"https:\/\/dev.tg4.ie\/en\/information\/press\/press-releases\/2020-2\/tg4-udaras-na-gaeltachta-announce-second-year-of-media-training-and-development-scheme\/","url":"https:\/\/dev.tg4.ie\/en\/information\/press\/press-releases\/2020-2\/tg4-udaras-na-gaeltachta-announce-second-year-of-media-training-and-development-scheme\/","name":"TG4 | TG4 & \u00dadar\u00e1s na Gaeltachta Announce second year of Media Training and Development Scheme | 2020 | Press Releases | Press | Irish Television Channel, S\u00fail Eile","isPartOf":{"@id":"https:\/\/dev.tg4.ie\/en\/#website"},"primaryImageOfPage":{"@id":"https:\/\/dev.tg4.ie\/en\/information\/press\/press-releases\/2020-2\/tg4-udaras-na-gaeltachta-announce-second-year-of-media-training-and-development-scheme\/#primaryimage"},"image":{"@id":"https:\/\/dev.tg4.ie\/en\/information\/press\/press-releases\/2020-2\/tg4-udaras-na-gaeltachta-announce-second-year-of-media-training-and-development-scheme\/#primaryimage"},"thumbnailUrl":"https:\/\/dev.tg4.ie\/wp-content\/uploads\/2020\/08\/Sceim_Forbartha_2020.jpg","datePublished":"2020-08-17T11:33:12+00:00","dateModified":"2021-11-04T16:24:59+00:00","description":"TG4 and \u00dadar\u00e1s na Gaeltachta are delighted to announce a second year of the Media Training Development Scheme","breadcrumb":{"@id":"https:\/\/dev.tg4.ie\/en\/information\/press\/press-releases\/2020-2\/tg4-udaras-na-gaeltachta-announce-second-year-of-media-training-and-development-scheme\/#breadcrumb"},"inLanguage":"en-ie","potentialAction":[{"@type":"ReadAction","target":["https:\/\/dev.tg4.ie\/en\/information\/press\/press-releases\/2020-2\/tg4-udaras-na-gaeltachta-announce-second-year-of-media-training-and-development-scheme\/"]}]},{"@type":"ImageObject","inLanguage":"en-ie","@id":"https:\/\/dev.tg4.ie\/en\/information\/press\/press-releases\/2020-2\/tg4-udaras-na-gaeltachta-announce-second-year-of-media-training-and-development-scheme\/#primaryimage","url":"https:\/\/dev.tg4.ie\/wp-content\/uploads\/2020\/08\/Sceim_Forbartha_2020.jpg","contentUrl":"https:\/\/dev.tg4.ie\/wp-content\/uploads\/2020\/08\/Sceim_Forbartha_2020.jpg"},{"@type":"BreadcrumbList","@id":"https:\/\/dev.tg4.ie\/en\/information\/press\/press-releases\/2020-2\/tg4-udaras-na-gaeltachta-announce-second-year-of-media-training-and-development-scheme\/#breadcrumb","itemListElement":[{"@type":"ListItem","position":1,"name":"Home","item":"https:\/\/dev.tg4.ie\/en\/"},{"@type":"ListItem","position":2,"name":"Information","item":"https:\/\/dev.tg4.ie\/en\/information\/"},{"@type":"ListItem","position":3,"name":"Press","item":"https:\/\/dev.tg4.ie\/en\/information\/press\/"},{"@type":"ListItem","position":4,"name":"Press Releases","item":"https:\/\/dev.tg4.ie\/en\/information\/press\/press-releases\/"},{"@type":"ListItem","position":5,"name":"2020","item":"https:\/\/dev.tg4.ie\/en\/information\/press\/press-releases\/2020-2\/"},{"@type":"ListItem","position":6,"name":"TG4 &#038; \u00dadar\u00e1s na Gaeltachta Announce second year of Media Training and Development Scheme"}]},{"@type":"WebSite","@id":"https:\/\/dev.tg4.ie\/en\/#website","url":"https:\/\/dev.tg4.ie\/en\/","name":"TG4","description":"S\u00fail Eile","potentialAction":[{"@type":"SearchAction","target":{"@type":"EntryPoint","urlTemplate":"https:\/\/dev.tg4.ie\/en\/?s={search_term_string}"},"query-input":"required name=search_term_string"}],"inLanguage":"en-ie"}]}},"_links":{"self":[{"href":"https:\/\/dev.tg4.ie\/en\/wp-json\/wp\/v2\/pages\/113851"}],"collection":[{"href":"https:\/\/dev.tg4.ie\/en\/wp-json\/wp\/v2\/pages"}],"about":[{"href":"https:\/\/dev.tg4.ie\/en\/wp-json\/wp\/v2\/types\/page"}],"author":[{"embeddable":true,"href":"https:\/\/dev.tg4.ie\/en\/wp-json\/wp\/v2\/users\/876"}],"replies":[{"embeddable":true,"href":"https:\/\/dev.tg4.ie\/en\/wp-json\/wp\/v2\/comments?post=113851"}],"version-history":[{"count":0,"href":"https:\/\/dev.tg4.ie\/en\/wp-json\/wp\/v2\/pages\/113851\/revisions"}],"up":[{"embeddable":true,"href":"https:\/\/dev.tg4.ie\/en\/wp-json\/wp\/v2\/pages\/111527"}],"wp:attachment":[{"href":"https:\/\/dev.tg4.ie\/en\/wp-json\/wp\/v2\/media?parent=113851"}],"curies":[{"name":"wp","href":"https:\/\/api.w.org\/{rel}","templated":true}]}}