{"id":113942,"date":"2020-08-20T15:40:59","date_gmt":"2020-08-20T14:40:59","guid":{"rendered":"https:\/\/dev.tg4.ie\/?page_id=113942"},"modified":"2021-11-04T16:31:16","modified_gmt":"2021-11-04T16:31:16","slug":"fleadh2020-record-numbers-participate-in-virtual-fleadh-with-tg4-and-comhaltas-ceoltoiri-eireann","status":"publish","type":"page","link":"https:\/\/dev.tg4.ie\/en\/information\/press\/press-releases\/2020-2\/fleadh2020-record-numbers-participate-in-virtual-fleadh-with-tg4-and-comhaltas-ceoltoiri-eireann\/","title":{"rendered":"Fleadh2020 &#8211; Record numbers participate in virtual fleadh with TG4 and Comhaltas Ceolt\u00f3ir\u00ed \u00c9ireann"},"content":{"rendered":"<p><a href=\"https:\/\/tg4-docs.s3.amazonaws.com\/tg4-redesign-2015\/wp-content\/uploads\/2020\/08\/Fleadh2020_Logo_1920x1080.jpg\"><img loading=\"lazy\" decoding=\"async\" width=\"1920\" height=\"1080\" class=\"aligncenter size-full wp-image-113944\" src=\"https:\/\/tg4-docs.s3.amazonaws.com\/tg4-redesign-2015\/wp-content\/uploads\/2020\/08\/Fleadh2020_Logo_1920x1080.jpg\" alt=\"\" srcset=\"https:\/\/tg4-docs.s3.amazonaws.com\/tg4-redesign-2015\/wp-content\/uploads\/2020\/08\/Fleadh2020_Logo_1920x1080.jpg 1920w, https:\/\/tg4-docs.s3.amazonaws.com\/tg4-redesign-2015\/wp-content\/uploads\/2020\/08\/Fleadh2020_Logo_1920x1080-250x141.jpg 250w, https:\/\/tg4-docs.s3.amazonaws.com\/tg4-redesign-2015\/wp-content\/uploads\/2020\/08\/Fleadh2020_Logo_1920x1080-700x394.jpg 700w, https:\/\/tg4-docs.s3.amazonaws.com\/tg4-redesign-2015\/wp-content\/uploads\/2020\/08\/Fleadh2020_Logo_1920x1080-252x141.jpg 252w, https:\/\/tg4-docs.s3.amazonaws.com\/tg4-redesign-2015\/wp-content\/uploads\/2020\/08\/Fleadh2020_Logo_1920x1080-1536x864.jpg 1536w, https:\/\/tg4-docs.s3.amazonaws.com\/tg4-redesign-2015\/wp-content\/uploads\/2020\/08\/Fleadh2020_Logo_1920x1080-120x68.jpg 120w\" sizes=\"(max-width: 1920px) 100vw, 1920px\" \/><\/a><\/p>\n<p>&nbsp;<\/p>\n<p><span>Global, Irish and Fleadh Cheoil communities celebrated a virtual fleadh in style with TG4 and Comhaltas Ceolt\u00f3ir\u00ed \u00c9ireann this month. Under normal circumstances, Fleadh Cheoil na h\u00c9ireann would have been in Mullingar with thousands travelling to enjoy &#8216;The Homecoming&#8217;.\u00a0\u00a0<strong><em>Fleadh2020\u00a0<\/em><\/strong>instead was\u00a0a 4-night celebration of the Fleadh Ceoil broadcast on TG4 in partnership with Comhaltas Ceolt\u00f3ir\u00ed \u00c9ireann, and online communities around the globe participated on social media using the hashtag\u00a0<em><strong>#Fleadh2020<\/strong><\/em>.\u00a0<\/span><br \/>\n&nbsp;<\/p>\n<p><span><em><strong>Fleadh2020<\/strong>\u00a0<\/em>presented by D\u00e1ith\u00ed \u00d3 S\u00e9, Doireann N\u00ed Ghlac\u00e1in and Kieran Hanrahan was recorded in Mullingar in late July to ensure compliance with Covid-19 guidelines.\u00a0 Irish traditional music giants,\u00a0<strong>Four Men and a Dog,\u00a0<\/strong>reunited for the special occasion as did legendary duo,\u00a0<strong>Steve Cooney<\/strong>\u00a0and\u00a0<strong>S\u00e9amus Begley<\/strong>.\u00a0 C\u00e9il\u00ed bands featured in each programme, from Tyrone to Tokyo,\u00a0\u00a0<strong>The Blackwater, The Moylurg, Crossfields and Tokyo C\u00e9il\u00ed Bands<\/strong>.\u00a0 From Carna, in Connemara, siblings,\u00a0<strong>S\u00e9amus<\/strong>\u00a0and\u00a0<strong>Caoimhe U\u00ed Fhlatharta<\/strong>&#8216;s haunting peformance of the sean-n\u00f3s song &#8216;Elean\u00f3ir a&#8217; R\u00fan&#8217; was the most talked about performance of the four nights with over 430,000 views on social media. Watch here:\u00a0\u00a0<\/span><a href=\"https:\/\/youtu.be\/QisR33eN6Cs\" rel=\"noopener noreferrer\" target=\"_blank\">Elean\u00f3ir a&#8217;R\u00fan S\u00e9amus &amp; Caoimhe U\u00ed Fh\u00e1tharta<\/a>.<br \/>\n&nbsp;<\/p>\n<p><span>The series was watched by over 330,000 on TG4.\u00a0 Saturday night 8th August, was the most watched programme, with a share of 6.86% of the viewing audience, and average viewership of 67,500 viewers making it the most watched Fleadh programme on TG4 in the past two years.\u00a0 On the TG4 player, the series has almost 8,000 streams since broadcast.\u00a0The series is available to view worldwide on the TG4 player here:\u00a0<a href=\"https:\/\/dev.tg4.ie\/en\/player\/online-boxsets\/?series=Fleadh%202020&#038;genre=Siamsaiocht\" rel=\"noopener noreferrer\" target=\"_blank\">Fleadh2020 Watch Worldwide<\/a>.<br \/>\n&nbsp;<\/p>\n<p><span>The online community from every corner of the world participated in the virtual element of the fleadh, creating their own content and joining the celebration using the hashtag #Fleadh2020. There are over 83million impressions of the hashtag, and over 1.4million views to date on social media channels, of which over 120 pieces were user generated content.\u00a0 Watch a montage of performances here:\u00a0<\/span><a href=\"https:\/\/youtu.be\/HoH7m9-AOT8\" rel=\"noopener noreferrer\" target=\"_blank\">Fleadh2020 Global Montage<\/a><br \/>\n&nbsp;<\/p>\n<p><span>Director General of TG4, Alan Esslemont congratulated the success of the Fleadh saying\u00a0<\/span><em>&#8216;TG4 congratulates the production team, musicians and participants who made &#8216;Fleadh2020&#8242; happen this year, and to the Fleadh community who engaged online to make Fleadh2020 a vibrant celebration of music and culture, despite restrictions.\u00a0 Fleadh2020 reflects the partnership between TG4 and Comhaltas Ceolt\u00f3ir\u00ed \u00c9ireann to showcase the community of talented musicians across the globe who participate in Fleadh Ceoil and we look forward to working together in 2021. Leanann an ceol.&#8217;<\/em><br \/>\n&nbsp;<\/p>\n<p><span>Labhr\u00e1s \u00d3 Murch\u00fa, Ardsti\u00farth\u00f3ir, Comhaltas Ceolt\u00f3ir\u00ed \u00c9ireann said,\u00a0<\/span><em>&#8216;<span>Fleadh Cheoil na h\u00c9ireann could not happen in Mullingar this year but all was not lost.\u00a0<\/span>TG4 pulled out all the stops to give us a feast of Fleadh entertainment and memories par excellence as attested to by the huge viewership.\u00a0\u00a0<\/em><em><span>This Virtual Fleadh was a musical journey of creativity, talent, innovation, nostalgia and community pride.\u00a0\u00a0<\/span><span>It was a credit to the enterprising TG4, Comhaltas and Ireland. The Fleadh lives on!&#8217;<\/span><\/em><br \/>\n&nbsp;<br \/>\n&nbsp;<\/p>\n<p><a href=\"https:\/\/tg4-docs.s3.amazonaws.com\/tg4-redesign-2015\/wp-content\/uploads\/2020\/08\/DoireannN%C3%ADGhlac%C3%A1inD%C3%A1ith%C3%AD%C3%93S%C3%A9-Fleadh20206LowresPress_1280x720.jpg\"><img decoding=\"async\" src=\"https:\/\/tg4-docs.s3.amazonaws.com\/tg4-redesign-2015\/wp-content\/uploads\/2020\/08\/DoireannN%C3%ADGhlac%C3%A1inD%C3%A1ith%C3%AD%C3%93S%C3%A9-Fleadh20206LowresPress_1280x720-252x141.jpg\" alt=\"\" class=\"aligncenter size-thumbnail wp-image-113947\" \/><\/a><a href=\"https:\/\/tg4-docs.s3.amazonaws.com\/tg4-redesign-2015\/wp-content\/uploads\/2020\/08\/Seamus-CaoimheOFatharta-Fleadh2020LowresPress_1280x720.jpg\"><img loading=\"lazy\" decoding=\"async\" width=\"252\" height=\"141\" src=\"https:\/\/tg4-docs.s3.amazonaws.com\/tg4-redesign-2015\/wp-content\/uploads\/2020\/08\/Seamus-CaoimheOFatharta-Fleadh2020LowresPress_1280x720-252x141.jpg\" alt=\"\" class=\"aligncenter size-thumbnail wp-image-113949\" srcset=\"https:\/\/tg4-docs.s3.amazonaws.com\/tg4-redesign-2015\/wp-content\/uploads\/2020\/08\/Seamus-CaoimheOFatharta-Fleadh2020LowresPress_1280x720-252x141.jpg 252w, https:\/\/tg4-docs.s3.amazonaws.com\/tg4-redesign-2015\/wp-content\/uploads\/2020\/08\/Seamus-CaoimheOFatharta-Fleadh2020LowresPress_1280x720-250x141.jpg 250w, https:\/\/tg4-docs.s3.amazonaws.com\/tg4-redesign-2015\/wp-content\/uploads\/2020\/08\/Seamus-CaoimheOFatharta-Fleadh2020LowresPress_1280x720-700x394.jpg 700w, https:\/\/tg4-docs.s3.amazonaws.com\/tg4-redesign-2015\/wp-content\/uploads\/2020\/08\/Seamus-CaoimheOFatharta-Fleadh2020LowresPress_1280x720-120x68.jpg 120w, https:\/\/tg4-docs.s3.amazonaws.com\/tg4-redesign-2015\/wp-content\/uploads\/2020\/08\/Seamus-CaoimheOFatharta-Fleadh2020LowresPress_1280x720.jpg 1280w\" sizes=\"(max-width: 252px) 100vw, 252px\" \/><\/a><a href=\"https:\/\/tg4-docs.s3.amazonaws.com\/tg4-redesign-2015\/wp-content\/uploads\/2020\/08\/Steve_Cooney_Fleadh_2020_1920x1080.jpg\"><img loading=\"lazy\" decoding=\"async\" width=\"252\" height=\"141\" src=\"https:\/\/tg4-docs.s3.amazonaws.com\/tg4-redesign-2015\/wp-content\/uploads\/2020\/08\/Steve_Cooney_Fleadh_2020_1920x1080-252x141.jpg\" alt=\"\" class=\"aligncenter size-thumbnail wp-image-113948\" srcset=\"https:\/\/tg4-docs.s3.amazonaws.com\/tg4-redesign-2015\/wp-content\/uploads\/2020\/08\/Steve_Cooney_Fleadh_2020_1920x1080-252x141.jpg 252w, https:\/\/tg4-docs.s3.amazonaws.com\/tg4-redesign-2015\/wp-content\/uploads\/2020\/08\/Steve_Cooney_Fleadh_2020_1920x1080-250x141.jpg 250w, https:\/\/tg4-docs.s3.amazonaws.com\/tg4-redesign-2015\/wp-content\/uploads\/2020\/08\/Steve_Cooney_Fleadh_2020_1920x1080-700x394.jpg 700w, https:\/\/tg4-docs.s3.amazonaws.com\/tg4-redesign-2015\/wp-content\/uploads\/2020\/08\/Steve_Cooney_Fleadh_2020_1920x1080-1536x864.jpg 1536w, https:\/\/tg4-docs.s3.amazonaws.com\/tg4-redesign-2015\/wp-content\/uploads\/2020\/08\/Steve_Cooney_Fleadh_2020_1920x1080-120x68.jpg 120w, https:\/\/tg4-docs.s3.amazonaws.com\/tg4-redesign-2015\/wp-content\/uploads\/2020\/08\/Steve_Cooney_Fleadh_2020_1920x1080.jpg 1920w\" sizes=\"(max-width: 252px) 100vw, 252px\" \/><\/a><a href=\"https:\/\/tg4-docs.s3.amazonaws.com\/tg4-redesign-2015\/wp-content\/uploads\/2020\/08\/Four_Men_and_a_Dog_-Fleadh_2020_1920x1080.jpg\"><img loading=\"lazy\" decoding=\"async\" width=\"252\" height=\"141\" src=\"https:\/\/tg4-docs.s3.amazonaws.com\/tg4-redesign-2015\/wp-content\/uploads\/2020\/08\/Four_Men_and_a_Dog_-Fleadh_2020_1920x1080-252x141.jpg\" alt=\"\" class=\"aligncenter size-thumbnail wp-image-113950\" srcset=\"https:\/\/tg4-docs.s3.amazonaws.com\/tg4-redesign-2015\/wp-content\/uploads\/2020\/08\/Four_Men_and_a_Dog_-Fleadh_2020_1920x1080-252x141.jpg 252w, https:\/\/tg4-docs.s3.amazonaws.com\/tg4-redesign-2015\/wp-content\/uploads\/2020\/08\/Four_Men_and_a_Dog_-Fleadh_2020_1920x1080-250x141.jpg 250w, https:\/\/tg4-docs.s3.amazonaws.com\/tg4-redesign-2015\/wp-content\/uploads\/2020\/08\/Four_Men_and_a_Dog_-Fleadh_2020_1920x1080-700x394.jpg 700w, https:\/\/tg4-docs.s3.amazonaws.com\/tg4-redesign-2015\/wp-content\/uploads\/2020\/08\/Four_Men_and_a_Dog_-Fleadh_2020_1920x1080-1536x864.jpg 1536w, https:\/\/tg4-docs.s3.amazonaws.com\/tg4-redesign-2015\/wp-content\/uploads\/2020\/08\/Four_Men_and_a_Dog_-Fleadh_2020_1920x1080-120x68.jpg 120w, https:\/\/tg4-docs.s3.amazonaws.com\/tg4-redesign-2015\/wp-content\/uploads\/2020\/08\/Four_Men_and_a_Dog_-Fleadh_2020_1920x1080.jpg 1920w\" sizes=\"(max-width: 252px) 100vw, 252px\" \/><\/a><\/p>\n<p>&nbsp;<\/p>\n","protected":false},"excerpt":{"rendered":"<p>&nbsp; Global, Irish and Fleadh Cheoil communities celebrated a virtual fleadh in style with TG4 and Comhaltas Ceolt\u00f3ir\u00ed \u00c9ireann this month. Under normal circumstances, Fleadh Cheoil na h\u00c9ireann would have been in Mullingar with thousands travelling to enjoy &#8216;The Homecoming&#8217;.\u00a0\u00a0Fleadh2020\u00a0instead was\u00a0a 4-night celebration of the Fleadh Ceoil broadcast on TG4 in partnership with Comhaltas Ceolt\u00f3ir\u00ed [&hellip;]<\/p>\n","protected":false},"author":876,"featured_media":0,"parent":111527,"menu_order":36,"comment_status":"closed","ping_status":"closed","template":"page-templates\/template-pr.php","meta":{"_acf_changed":false,"footnotes":""},"acf":[],"yoast_head":"<!-- This site is optimized with the Yoast SEO plugin v22.6 - https:\/\/yoast.com\/wordpress\/plugins\/seo\/ -->\n<title>TG4 | Fleadh2020 \u2013 Record numbers participate in virtual fleadh with TG4 and Comhaltas Ceolt\u00f3ir\u00ed \u00c9ireann | 2020 | Press Releases | Press | Irish Television Channel, S\u00fail Eile<\/title>\n<meta name=\"description\" content=\"Despite having to move online, Fleadh 2020 with TG4 and Comhaltas Ceolt\u00f3ir\u00ed \u00c9ireann receives a record number of viewers\" \/>\n<meta name=\"robots\" content=\"index, follow, max-snippet:-1, max-image-preview:large, max-video-preview:-1\" \/>\n<meta property=\"og:locale\" content=\"en_US\" \/>\n<meta property=\"og:type\" content=\"article\" \/>\n<meta property=\"og:title\" content=\"TG4 | Fleadh2020 \u2013 Record numbers participate in virtual fleadh with TG4 and Comhaltas Ceolt\u00f3ir\u00ed \u00c9ireann | 2020 | Press Releases | Press | Irish Television Channel, S\u00fail Eile\" \/>\n<meta property=\"og:description\" content=\"Despite having to move online, Fleadh 2020 with TG4 and Comhaltas Ceolt\u00f3ir\u00ed \u00c9ireann receives a record number of viewers\" \/>\n<meta property=\"og:url\" content=\"https:\/\/dev.tg4.ie\/en\/information\/press\/press-releases\/2020-2\/fleadh2020-record-numbers-participate-in-virtual-fleadh-with-tg4-and-comhaltas-ceoltoiri-eireann\/\" \/>\n<meta property=\"og:site_name\" content=\"TG4\" \/>\n<meta property=\"article:publisher\" content=\"https:\/\/www.facebook.com\/TG4TV\" \/>\n<meta property=\"article:modified_time\" content=\"2021-11-04T16:31:16+00:00\" \/>\n<meta property=\"og:image\" content=\"https:\/\/tg4-docs.s3.amazonaws.com\/tg4-redesign-2015\/wp-content\/uploads\/2020\/08\/Fleadh2020_Logo_1920x1080.jpg\" \/>\n\t<meta property=\"og:image:width\" content=\"1920\" \/>\n\t<meta property=\"og:image:height\" content=\"1080\" \/>\n\t<meta property=\"og:image:type\" content=\"image\/jpeg\" \/>\n<meta name=\"twitter:card\" content=\"summary_large_image\" \/>\n<meta name=\"twitter:image\" content=\"https:\/\/tg4-docs.s3.amazonaws.com\/tg4-redesign-2015\/wp-content\/uploads\/2020\/08\/Fleadh2020_Logo_1920x1080.jpg\" \/>\n<meta name=\"twitter:site\" content=\"@TG4TV\" \/>\n<meta name=\"twitter:label1\" content=\"Est. reading time\" \/>\n\t<meta name=\"twitter:data1\" content=\"3 minutes\" \/>\n<script type=\"application\/ld+json\" class=\"yoast-schema-graph\">{\"@context\":\"https:\/\/schema.org\",\"@graph\":[{\"@type\":\"WebPage\",\"@id\":\"https:\/\/dev.tg4.ie\/en\/information\/press\/press-releases\/2020-2\/fleadh2020-record-numbers-participate-in-virtual-fleadh-with-tg4-and-comhaltas-ceoltoiri-eireann\/\",\"url\":\"https:\/\/dev.tg4.ie\/en\/information\/press\/press-releases\/2020-2\/fleadh2020-record-numbers-participate-in-virtual-fleadh-with-tg4-and-comhaltas-ceoltoiri-eireann\/\",\"name\":\"TG4 | Fleadh2020 \u2013 Record numbers participate in virtual fleadh with TG4 and Comhaltas Ceolt\u00f3ir\u00ed \u00c9ireann | 2020 | Press Releases | Press | Irish Television Channel, S\u00fail Eile\",\"isPartOf\":{\"@id\":\"https:\/\/dev.tg4.ie\/en\/#website\"},\"primaryImageOfPage\":{\"@id\":\"https:\/\/dev.tg4.ie\/en\/information\/press\/press-releases\/2020-2\/fleadh2020-record-numbers-participate-in-virtual-fleadh-with-tg4-and-comhaltas-ceoltoiri-eireann\/#primaryimage\"},\"image\":{\"@id\":\"https:\/\/dev.tg4.ie\/en\/information\/press\/press-releases\/2020-2\/fleadh2020-record-numbers-participate-in-virtual-fleadh-with-tg4-and-comhaltas-ceoltoiri-eireann\/#primaryimage\"},\"thumbnailUrl\":\"https:\/\/dev.tg4.ie\/wp-content\/uploads\/2020\/08\/Fleadh2020_Logo_1920x1080.jpg\",\"datePublished\":\"2020-08-20T14:40:59+00:00\",\"dateModified\":\"2021-11-04T16:31:16+00:00\",\"description\":\"Despite having to move online, Fleadh 2020 with TG4 and Comhaltas Ceolt\u00f3ir\u00ed \u00c9ireann receives a record number of viewers\",\"breadcrumb\":{\"@id\":\"https:\/\/dev.tg4.ie\/en\/information\/press\/press-releases\/2020-2\/fleadh2020-record-numbers-participate-in-virtual-fleadh-with-tg4-and-comhaltas-ceoltoiri-eireann\/#breadcrumb\"},\"inLanguage\":\"en-ie\",\"potentialAction\":[{\"@type\":\"ReadAction\",\"target\":[\"https:\/\/dev.tg4.ie\/en\/information\/press\/press-releases\/2020-2\/fleadh2020-record-numbers-participate-in-virtual-fleadh-with-tg4-and-comhaltas-ceoltoiri-eireann\/\"]}]},{\"@type\":\"ImageObject\",\"inLanguage\":\"en-ie\",\"@id\":\"https:\/\/dev.tg4.ie\/en\/information\/press\/press-releases\/2020-2\/fleadh2020-record-numbers-participate-in-virtual-fleadh-with-tg4-and-comhaltas-ceoltoiri-eireann\/#primaryimage\",\"url\":\"https:\/\/dev.tg4.ie\/wp-content\/uploads\/2020\/08\/Fleadh2020_Logo_1920x1080.jpg\",\"contentUrl\":\"https:\/\/dev.tg4.ie\/wp-content\/uploads\/2020\/08\/Fleadh2020_Logo_1920x1080.jpg\"},{\"@type\":\"BreadcrumbList\",\"@id\":\"https:\/\/dev.tg4.ie\/en\/information\/press\/press-releases\/2020-2\/fleadh2020-record-numbers-participate-in-virtual-fleadh-with-tg4-and-comhaltas-ceoltoiri-eireann\/#breadcrumb\",\"itemListElement\":[{\"@type\":\"ListItem\",\"position\":1,\"name\":\"Home\",\"item\":\"https:\/\/dev.tg4.ie\/en\/\"},{\"@type\":\"ListItem\",\"position\":2,\"name\":\"Information\",\"item\":\"https:\/\/dev.tg4.ie\/en\/information\/\"},{\"@type\":\"ListItem\",\"position\":3,\"name\":\"Press\",\"item\":\"https:\/\/dev.tg4.ie\/en\/information\/press\/\"},{\"@type\":\"ListItem\",\"position\":4,\"name\":\"Press Releases\",\"item\":\"https:\/\/dev.tg4.ie\/en\/information\/press\/press-releases\/\"},{\"@type\":\"ListItem\",\"position\":5,\"name\":\"2020\",\"item\":\"https:\/\/dev.tg4.ie\/en\/information\/press\/press-releases\/2020-2\/\"},{\"@type\":\"ListItem\",\"position\":6,\"name\":\"Fleadh2020 &#8211; Record numbers participate in virtual fleadh with TG4 and Comhaltas Ceolt\u00f3ir\u00ed \u00c9ireann\"}]},{\"@type\":\"WebSite\",\"@id\":\"https:\/\/dev.tg4.ie\/en\/#website\",\"url\":\"https:\/\/dev.tg4.ie\/en\/\",\"name\":\"TG4\",\"description\":\"S\u00fail Eile\",\"potentialAction\":[{\"@type\":\"SearchAction\",\"target\":{\"@type\":\"EntryPoint\",\"urlTemplate\":\"https:\/\/dev.tg4.ie\/en\/?s={search_term_string}\"},\"query-input\":\"required name=search_term_string\"}],\"inLanguage\":\"en-ie\"}]}<\/script>\n<!-- \/ Yoast SEO plugin. -->","yoast_head_json":{"title":"TG4 | Fleadh2020 \u2013 Record numbers participate in virtual fleadh with TG4 and Comhaltas Ceolt\u00f3ir\u00ed \u00c9ireann | 2020 | Press Releases | Press | Irish Television Channel, S\u00fail Eile","description":"Despite having to move online, Fleadh 2020 with TG4 and Comhaltas Ceolt\u00f3ir\u00ed \u00c9ireann receives a record number of viewers","robots":{"index":"index","follow":"follow","max-snippet":"max-snippet:-1","max-image-preview":"max-image-preview:large","max-video-preview":"max-video-preview:-1"},"og_locale":"en_US","og_type":"article","og_title":"TG4 | Fleadh2020 \u2013 Record numbers participate in virtual fleadh with TG4 and Comhaltas Ceolt\u00f3ir\u00ed \u00c9ireann | 2020 | Press Releases | Press | Irish Television Channel, S\u00fail Eile","og_description":"Despite having to move online, Fleadh 2020 with TG4 and Comhaltas Ceolt\u00f3ir\u00ed \u00c9ireann receives a record number of viewers","og_url":"https:\/\/dev.tg4.ie\/en\/information\/press\/press-releases\/2020-2\/fleadh2020-record-numbers-participate-in-virtual-fleadh-with-tg4-and-comhaltas-ceoltoiri-eireann\/","og_site_name":"TG4","article_publisher":"https:\/\/www.facebook.com\/TG4TV","article_modified_time":"2021-11-04T16:31:16+00:00","og_image":[{"width":1920,"height":1080,"url":"https:\/\/tg4-docs.s3.amazonaws.com\/tg4-redesign-2015\/wp-content\/uploads\/2020\/08\/Fleadh2020_Logo_1920x1080.jpg","type":"image\/jpeg"}],"twitter_card":"summary_large_image","twitter_image":"https:\/\/tg4-docs.s3.amazonaws.com\/tg4-redesign-2015\/wp-content\/uploads\/2020\/08\/Fleadh2020_Logo_1920x1080.jpg","twitter_site":"@TG4TV","twitter_misc":{"Est. reading time":"3 minutes"},"schema":{"@context":"https:\/\/schema.org","@graph":[{"@type":"WebPage","@id":"https:\/\/dev.tg4.ie\/en\/information\/press\/press-releases\/2020-2\/fleadh2020-record-numbers-participate-in-virtual-fleadh-with-tg4-and-comhaltas-ceoltoiri-eireann\/","url":"https:\/\/dev.tg4.ie\/en\/information\/press\/press-releases\/2020-2\/fleadh2020-record-numbers-participate-in-virtual-fleadh-with-tg4-and-comhaltas-ceoltoiri-eireann\/","name":"TG4 | Fleadh2020 \u2013 Record numbers participate in virtual fleadh with TG4 and Comhaltas Ceolt\u00f3ir\u00ed \u00c9ireann | 2020 | Press Releases | Press | Irish Television Channel, S\u00fail Eile","isPartOf":{"@id":"https:\/\/dev.tg4.ie\/en\/#website"},"primaryImageOfPage":{"@id":"https:\/\/dev.tg4.ie\/en\/information\/press\/press-releases\/2020-2\/fleadh2020-record-numbers-participate-in-virtual-fleadh-with-tg4-and-comhaltas-ceoltoiri-eireann\/#primaryimage"},"image":{"@id":"https:\/\/dev.tg4.ie\/en\/information\/press\/press-releases\/2020-2\/fleadh2020-record-numbers-participate-in-virtual-fleadh-with-tg4-and-comhaltas-ceoltoiri-eireann\/#primaryimage"},"thumbnailUrl":"https:\/\/dev.tg4.ie\/wp-content\/uploads\/2020\/08\/Fleadh2020_Logo_1920x1080.jpg","datePublished":"2020-08-20T14:40:59+00:00","dateModified":"2021-11-04T16:31:16+00:00","description":"Despite having to move online, Fleadh 2020 with TG4 and Comhaltas Ceolt\u00f3ir\u00ed \u00c9ireann receives a record number of viewers","breadcrumb":{"@id":"https:\/\/dev.tg4.ie\/en\/information\/press\/press-releases\/2020-2\/fleadh2020-record-numbers-participate-in-virtual-fleadh-with-tg4-and-comhaltas-ceoltoiri-eireann\/#breadcrumb"},"inLanguage":"en-ie","potentialAction":[{"@type":"ReadAction","target":["https:\/\/dev.tg4.ie\/en\/information\/press\/press-releases\/2020-2\/fleadh2020-record-numbers-participate-in-virtual-fleadh-with-tg4-and-comhaltas-ceoltoiri-eireann\/"]}]},{"@type":"ImageObject","inLanguage":"en-ie","@id":"https:\/\/dev.tg4.ie\/en\/information\/press\/press-releases\/2020-2\/fleadh2020-record-numbers-participate-in-virtual-fleadh-with-tg4-and-comhaltas-ceoltoiri-eireann\/#primaryimage","url":"https:\/\/dev.tg4.ie\/wp-content\/uploads\/2020\/08\/Fleadh2020_Logo_1920x1080.jpg","contentUrl":"https:\/\/dev.tg4.ie\/wp-content\/uploads\/2020\/08\/Fleadh2020_Logo_1920x1080.jpg"},{"@type":"BreadcrumbList","@id":"https:\/\/dev.tg4.ie\/en\/information\/press\/press-releases\/2020-2\/fleadh2020-record-numbers-participate-in-virtual-fleadh-with-tg4-and-comhaltas-ceoltoiri-eireann\/#breadcrumb","itemListElement":[{"@type":"ListItem","position":1,"name":"Home","item":"https:\/\/dev.tg4.ie\/en\/"},{"@type":"ListItem","position":2,"name":"Information","item":"https:\/\/dev.tg4.ie\/en\/information\/"},{"@type":"ListItem","position":3,"name":"Press","item":"https:\/\/dev.tg4.ie\/en\/information\/press\/"},{"@type":"ListItem","position":4,"name":"Press Releases","item":"https:\/\/dev.tg4.ie\/en\/information\/press\/press-releases\/"},{"@type":"ListItem","position":5,"name":"2020","item":"https:\/\/dev.tg4.ie\/en\/information\/press\/press-releases\/2020-2\/"},{"@type":"ListItem","position":6,"name":"Fleadh2020 &#8211; Record numbers participate in virtual fleadh with TG4 and Comhaltas Ceolt\u00f3ir\u00ed \u00c9ireann"}]},{"@type":"WebSite","@id":"https:\/\/dev.tg4.ie\/en\/#website","url":"https:\/\/dev.tg4.ie\/en\/","name":"TG4","description":"S\u00fail Eile","potentialAction":[{"@type":"SearchAction","target":{"@type":"EntryPoint","urlTemplate":"https:\/\/dev.tg4.ie\/en\/?s={search_term_string}"},"query-input":"required name=search_term_string"}],"inLanguage":"en-ie"}]}},"_links":{"self":[{"href":"https:\/\/dev.tg4.ie\/en\/wp-json\/wp\/v2\/pages\/113942"}],"collection":[{"href":"https:\/\/dev.tg4.ie\/en\/wp-json\/wp\/v2\/pages"}],"about":[{"href":"https:\/\/dev.tg4.ie\/en\/wp-json\/wp\/v2\/types\/page"}],"author":[{"embeddable":true,"href":"https:\/\/dev.tg4.ie\/en\/wp-json\/wp\/v2\/users\/876"}],"replies":[{"embeddable":true,"href":"https:\/\/dev.tg4.ie\/en\/wp-json\/wp\/v2\/comments?post=113942"}],"version-history":[{"count":0,"href":"https:\/\/dev.tg4.ie\/en\/wp-json\/wp\/v2\/pages\/113942\/revisions"}],"up":[{"embeddable":true,"href":"https:\/\/dev.tg4.ie\/en\/wp-json\/wp\/v2\/pages\/111527"}],"wp:attachment":[{"href":"https:\/\/dev.tg4.ie\/en\/wp-json\/wp\/v2\/media?parent=113942"}],"curies":[{"name":"wp","href":"https:\/\/api.w.org\/{rel}","templated":true}]}}