{"id":114048,"date":"2020-08-24T16:00:07","date_gmt":"2020-08-24T15:00:07","guid":{"rendered":"https:\/\/dev.tg4.ie\/?page_id=114048"},"modified":"2021-11-04T15:38:56","modified_gmt":"2021-11-04T15:38:56","slug":"cula4-ar-scoil-returns-for-a-second-series-to-tg4","status":"publish","type":"page","link":"https:\/\/dev.tg4.ie\/en\/information\/press\/press-releases\/2020-2\/cula4-ar-scoil-returns-for-a-second-series-to-tg4\/","title":{"rendered":"C\u00fala4 ar Scoil returns for a second series to TG4"},"content":{"rendered":"<p><a href=\"https:\/\/tg4-docs.s3.amazonaws.com\/tg4-redesign-2015\/wp-content\/uploads\/2020\/08\/Orla_Ni_Fhinneadha_2_1920x1080.jpg\"><img loading=\"lazy\" decoding=\"async\" width=\"1920\" height=\"1080\" src=\"https:\/\/tg4-docs.s3.amazonaws.com\/tg4-redesign-2015\/wp-content\/uploads\/2020\/08\/Orla_Ni_Fhinneadha_2_1920x1080.jpg\" alt=\"\" class=\"aligncenter size-full wp-image-114033\" srcset=\"https:\/\/tg4-docs.s3.amazonaws.com\/tg4-redesign-2015\/wp-content\/uploads\/2020\/08\/Orla_Ni_Fhinneadha_2_1920x1080.jpg 1920w, https:\/\/tg4-docs.s3.amazonaws.com\/tg4-redesign-2015\/wp-content\/uploads\/2020\/08\/Orla_Ni_Fhinneadha_2_1920x1080-250x141.jpg 250w, https:\/\/tg4-docs.s3.amazonaws.com\/tg4-redesign-2015\/wp-content\/uploads\/2020\/08\/Orla_Ni_Fhinneadha_2_1920x1080-700x394.jpg 700w, https:\/\/tg4-docs.s3.amazonaws.com\/tg4-redesign-2015\/wp-content\/uploads\/2020\/08\/Orla_Ni_Fhinneadha_2_1920x1080-252x141.jpg 252w, https:\/\/tg4-docs.s3.amazonaws.com\/tg4-redesign-2015\/wp-content\/uploads\/2020\/08\/Orla_Ni_Fhinneadha_2_1920x1080-1536x864.jpg 1536w, https:\/\/tg4-docs.s3.amazonaws.com\/tg4-redesign-2015\/wp-content\/uploads\/2020\/08\/Orla_Ni_Fhinneadha_2_1920x1080-120x68.jpg 120w\" sizes=\"(max-width: 1920px) 100vw, 1920px\" \/><\/a><\/p>\n<p>&nbsp;<\/p>\n<p>After a successful first season, the educational and inspiring programme <strong>C\u00fala4 ar Scoil<\/strong> returns to TG4 next week, and will broadcast from Monday to Thursday on TG4, beginning on Monday August 31st at 10am.  The series will cater for primary school children who attend Gaelscoileanna and Gaeltacht schools as they return to school.  Orla N\u00ed Fhinneadha will present the show with help from teachers Miche\u00e1l \u00d3 Dubhghaill, Caitr\u00edona N\u00ed Chual\u00e1in, Joe \u00d3 hEachtairn, S\u00edle N\u00ed Chonghaile and Caitr\u00edona McAtee at different times in the new series.<br \/>\n&nbsp;<br \/>\nThe second series will consist of a different theme each fortnight. The theme for the first fortnight of the new series is \u2018An Scoil\u2019 which will focus on returning to school and will help with the adjustment to some of the changes in classrooms and daily routines in the school environment.  M\u00fainteoir Miche\u00e1l \u00d3 Dubhghaill will look at the change and continuity of schools in Ireland.  He will read an extract from \u2018An M\u00fainteoir Nua\u2019 by \u00c1ine N\u00ed Ghlinn and will show us how to compose classroom rules.  Children will be asked to write five goals for this schoolyear and Miche\u00e1l will demonstrate how old CDs can be used as a printing tool in an art activity.  M\u00fainteoir Orla will teach words and phrases associated with \u2018An Scoil\u2019, such as items found in school bags and contents in the classroom.  She will read a story entitled \u2018N\u00e1 Gabh ar Scoil\u2019 (Don&#8217;t go to school) and will investigate which school materials are magnetic.<br \/>\n&nbsp;<\/p>\n<p>The series will be funded by TG4, and advice on the educational content and curriculum will be provided by the Department of Education, Col\u00e1iste Mhuire gan Sm\u00e1l, An Comhairle um Oideachas Gaeltachta agus Gaelscola\u00edochta (COGG), The Professional Development Service for Teachers (PDST), and Gaeloideachas.  The advice and experience of Tuismitheoir\u00ed na Gaeltachta will also be included in the production. Meangadh F\u00edb\u00edn will produce the series for TG4. Ethel Burke and Darach \u00d3 Tuairisg are the producers, and recording will take place in Scoil na bhForbacha, in the Connemara Gaeltacht.<br \/>\n&nbsp;<br \/>\nWelcoming the announcement by TG4 of its plans to continue the C\u00fala4 ar Scoil in the new school year, the Minster for Education Norma Foley TD said:  <em>\u201cI am very pleased to see the continuation of this excellent initiative by TG4.  I welcome this provision of high quality language resources to support the learning of our primary school children through the Irish language.  I am very pleased that my Department has been able to provide support and advice to the programme team on the programming content. During the period when schools were closed, TG4\u2019s C\u00fala4 ar Scoil became a firm favourite with children, parents and teachers alike. I have no doubt that many teachers will continue to use the many excellent resources to support teaching and learning in the new academic year. I would like to offer my congratulations and thanks to everyone involved.\u201d<\/em><\/p>\n<p>&nbsp;<br \/>\n&nbsp;<\/p>\n<p><strong><u>About the Teachers<\/u><\/strong><\/p>\n<p><strong><br \/>\nOrla N\u00ed Fhinneadha<\/strong><br \/>\n<a href=\"https:\/\/tg4-docs.s3.amazonaws.com\/tg4-redesign-2015\/wp-content\/uploads\/2020\/08\/Orla_Ni_Fhinneadha_4_720x1280.jpg\"><img loading=\"lazy\" decoding=\"async\" width=\"79\" height=\"141\" src=\"https:\/\/tg4-docs.s3.amazonaws.com\/tg4-redesign-2015\/wp-content\/uploads\/2020\/08\/Orla_Ni_Fhinneadha_4_720x1280-79x141.jpg\" alt=\"\" class=\"aligncenter size-thumbnail wp-image-114041\" srcset=\"https:\/\/tg4-docs.s3.amazonaws.com\/tg4-redesign-2015\/wp-content\/uploads\/2020\/08\/Orla_Ni_Fhinneadha_4_720x1280-79x141.jpg 79w, https:\/\/tg4-docs.s3.amazonaws.com\/tg4-redesign-2015\/wp-content\/uploads\/2020\/08\/Orla_Ni_Fhinneadha_4_720x1280-250x444.jpg 250w, https:\/\/tg4-docs.s3.amazonaws.com\/tg4-redesign-2015\/wp-content\/uploads\/2020\/08\/Orla_Ni_Fhinneadha_4_720x1280-700x1244.jpg 700w, https:\/\/tg4-docs.s3.amazonaws.com\/tg4-redesign-2015\/wp-content\/uploads\/2020\/08\/Orla_Ni_Fhinneadha_4_720x1280-120x213.jpg 120w, https:\/\/tg4-docs.s3.amazonaws.com\/tg4-redesign-2015\/wp-content\/uploads\/2020\/08\/Orla_Ni_Fhinneadha_4_720x1280.jpg 720w\" sizes=\"(max-width: 79px) 100vw, 79px\" \/><\/a><br \/>\nOrla N\u00ed Fhinneadha is a primary school teacher.  She taught for a few years in Gaelscoileanna before starting in Scoil \u00c9inne, An Spid\u00e9al.   She qualified as a primary school teacher from Mary Immaculate College, Limerick.  She has also a Masters in Education following her research in how native Irish Speakers needs are catered for in Gaeltacht schools.  She has been teaching junior infants for a few years, but will be teaching sixth class this academic year.  Orla also presented &#8216;Campa C\u00fala4&#8217; this Summer and is a part-time continuity and weather presenter with TG4.<br \/>\n&nbsp;<br \/>\n&nbsp;<\/p>\n<p><strong>M\u00edche\u00e1l \u00d3 Dubhghaill<\/strong><br \/>\n<a href=\"https:\/\/tg4-docs.s3.amazonaws.com\/tg4-redesign-2015\/wp-content\/uploads\/2020\/08\/Micheal_O_Dubhghaill_1.jpg\"><img loading=\"lazy\" decoding=\"async\" width=\"79\" height=\"141\" src=\"https:\/\/tg4-docs.s3.amazonaws.com\/tg4-redesign-2015\/wp-content\/uploads\/2020\/08\/Micheal_O_Dubhghaill_1-79x141.jpg\" alt=\"\" class=\"aligncenter size-thumbnail wp-image-114038\" srcset=\"https:\/\/tg4-docs.s3.amazonaws.com\/tg4-redesign-2015\/wp-content\/uploads\/2020\/08\/Micheal_O_Dubhghaill_1-79x141.jpg 79w, https:\/\/tg4-docs.s3.amazonaws.com\/tg4-redesign-2015\/wp-content\/uploads\/2020\/08\/Micheal_O_Dubhghaill_1-250x444.jpg 250w, https:\/\/tg4-docs.s3.amazonaws.com\/tg4-redesign-2015\/wp-content\/uploads\/2020\/08\/Micheal_O_Dubhghaill_1-700x1244.jpg 700w, https:\/\/tg4-docs.s3.amazonaws.com\/tg4-redesign-2015\/wp-content\/uploads\/2020\/08\/Micheal_O_Dubhghaill_1-120x213.jpg 120w, https:\/\/tg4-docs.s3.amazonaws.com\/tg4-redesign-2015\/wp-content\/uploads\/2020\/08\/Micheal_O_Dubhghaill_1.jpg 720w\" sizes=\"(max-width: 79px) 100vw, 79px\" \/><\/a><br \/>\nM\u00edche\u00e1l \u00d3 Dubhghaill has been teaching for sixteen years.  He has spent most of his teaching career in Limerick, and is teaching in Tralee for the past three years. He loves teaching music, drama, Irish and maths. When he is not teaching, he enjoys acting and playing music.<br \/>\n&nbsp;<br \/>\n&nbsp;<\/p>\n<p><strong>Caitr\u00edona N\u00ed Chual\u00e1in\u00a0<\/strong><br \/>\n<a href=\"https:\/\/tg4-docs.s3.amazonaws.com\/tg4-redesign-2015\/wp-content\/uploads\/2020\/08\/Caitriona_Ni_Chualain_1_720x1280.jpg\"><img loading=\"lazy\" decoding=\"async\" width=\"79\" height=\"141\" src=\"https:\/\/tg4-docs.s3.amazonaws.com\/tg4-redesign-2015\/wp-content\/uploads\/2020\/08\/Caitriona_Ni_Chualain_1_720x1280-79x141.jpg\" alt=\"\" class=\"aligncenter size-thumbnail wp-image-114042\" srcset=\"https:\/\/tg4-docs.s3.amazonaws.com\/tg4-redesign-2015\/wp-content\/uploads\/2020\/08\/Caitriona_Ni_Chualain_1_720x1280-79x141.jpg 79w, https:\/\/tg4-docs.s3.amazonaws.com\/tg4-redesign-2015\/wp-content\/uploads\/2020\/08\/Caitriona_Ni_Chualain_1_720x1280-250x444.jpg 250w, https:\/\/tg4-docs.s3.amazonaws.com\/tg4-redesign-2015\/wp-content\/uploads\/2020\/08\/Caitriona_Ni_Chualain_1_720x1280-700x1244.jpg 700w, https:\/\/tg4-docs.s3.amazonaws.com\/tg4-redesign-2015\/wp-content\/uploads\/2020\/08\/Caitriona_Ni_Chualain_1_720x1280-120x213.jpg 120w, https:\/\/tg4-docs.s3.amazonaws.com\/tg4-redesign-2015\/wp-content\/uploads\/2020\/08\/Caitriona_Ni_Chualain_1_720x1280.jpg 720w\" sizes=\"(max-width: 79px) 100vw, 79px\" \/><\/a><br \/>\nCaitr\u00edona N\u00ed Chual\u00e1in from Indreabh\u00e1n, Connemara is a primary school teacher, and teaches in Gaelscoil U\u00ed Fhiaich in Maynooth, Co. Kildare.  Gaelscoil U\u00ed Fhiaich has a strong emphasis on music and nurtures a love for Irish Language and culture amongst its students. Caitr\u00edona presented the first series of C\u00fala4 ar Scoil with Fiachra \u00d3 Dubhghaill. She also works for TG4 as a continuity and weather presenter which she really enjoys.<br \/>\n&nbsp;<br \/>\n&nbsp;<\/p>\n<p><strong>S\u00edle N\u00ed Chonghaile<\/strong><br \/>\n<a href=\"https:\/\/tg4-docs.s3.amazonaws.com\/tg4-redesign-2015\/wp-content\/uploads\/2020\/08\/Si%CC%81le_Ni%CC%81_Chonghaile-1_720x1280.jpg\"><img decoding=\"async\" src=\"https:\/\/tg4-docs.s3.amazonaws.com\/tg4-redesign-2015\/wp-content\/uploads\/2020\/08\/Si%CC%81le_Ni%CC%81_Chonghaile-1_720x1280-79x141.jpg\" alt=\"\" class=\"aligncenter size-thumbnail wp-image-114044\" \/><\/a><br \/>\nS\u00edle N\u00ed Chonghaile is a teacher in Gaelscoil Riada in Athenry, Co. Galway.  She has a masters in educationa from St. Patrick&#8217;s College Drumcondra, and has been teaching for five years.  She loves teaching Irish, PE, and history.  In her free time, S\u00edle enjoys playing sports and music.<br \/>\n&nbsp;<br \/>\n&nbsp;<\/p>\n<p><strong>Joe \u00d3 hEachteirn<\/strong><br \/>\n<a href=\"https:\/\/tg4-docs.s3.amazonaws.com\/tg4-redesign-2015\/wp-content\/uploads\/2020\/08\/Joe_O__hEachteirn_1_720x1280.jpg\"><img loading=\"lazy\" decoding=\"async\" width=\"79\" height=\"141\" src=\"https:\/\/tg4-docs.s3.amazonaws.com\/tg4-redesign-2015\/wp-content\/uploads\/2020\/08\/Joe_O__hEachteirn_1_720x1280-79x141.jpg\" alt=\"\" class=\"aligncenter size-thumbnail wp-image-114045\" srcset=\"https:\/\/tg4-docs.s3.amazonaws.com\/tg4-redesign-2015\/wp-content\/uploads\/2020\/08\/Joe_O__hEachteirn_1_720x1280-79x141.jpg 79w, https:\/\/tg4-docs.s3.amazonaws.com\/tg4-redesign-2015\/wp-content\/uploads\/2020\/08\/Joe_O__hEachteirn_1_720x1280-250x444.jpg 250w, https:\/\/tg4-docs.s3.amazonaws.com\/tg4-redesign-2015\/wp-content\/uploads\/2020\/08\/Joe_O__hEachteirn_1_720x1280-700x1244.jpg 700w, https:\/\/tg4-docs.s3.amazonaws.com\/tg4-redesign-2015\/wp-content\/uploads\/2020\/08\/Joe_O__hEachteirn_1_720x1280-120x213.jpg 120w, https:\/\/tg4-docs.s3.amazonaws.com\/tg4-redesign-2015\/wp-content\/uploads\/2020\/08\/Joe_O__hEachteirn_1_720x1280.jpg 720w\" sizes=\"(max-width: 79px) 100vw, 79px\" \/><\/a><br \/>\nJoe \u00d3 hEachteirn is a teacher in Scoil na n\u00d3g, Glanmire in Cork. He is from Kilworth in North Cork.  Joe has been teaching for eleven years. He has a masters degree in Education from Mary Immaculate College, Limerick.  He enjoys teaching sport, history, science, poetry and Irish. ta agus dar nd\u00f3igh Gaeilge.<br \/>\n&nbsp;<br \/>\n&nbsp;<\/p>\n<p><strong>Caitr\u00edona McAteer<\/strong><br \/>\n<a href=\"https:\/\/tg4-docs.s3.amazonaws.com\/tg4-redesign-2015\/wp-content\/uploads\/2020\/08\/Caitriona_McAteer_1_720x1280.jpg\"><img loading=\"lazy\" decoding=\"async\" width=\"79\" height=\"141\" src=\"https:\/\/tg4-docs.s3.amazonaws.com\/tg4-redesign-2015\/wp-content\/uploads\/2020\/08\/Caitriona_McAteer_1_720x1280-79x141.jpg\" alt=\"\" class=\"aligncenter size-thumbnail wp-image-114046\" srcset=\"https:\/\/tg4-docs.s3.amazonaws.com\/tg4-redesign-2015\/wp-content\/uploads\/2020\/08\/Caitriona_McAteer_1_720x1280-79x141.jpg 79w, https:\/\/tg4-docs.s3.amazonaws.com\/tg4-redesign-2015\/wp-content\/uploads\/2020\/08\/Caitriona_McAteer_1_720x1280-250x444.jpg 250w, https:\/\/tg4-docs.s3.amazonaws.com\/tg4-redesign-2015\/wp-content\/uploads\/2020\/08\/Caitriona_McAteer_1_720x1280-700x1244.jpg 700w, https:\/\/tg4-docs.s3.amazonaws.com\/tg4-redesign-2015\/wp-content\/uploads\/2020\/08\/Caitriona_McAteer_1_720x1280-120x213.jpg 120w, https:\/\/tg4-docs.s3.amazonaws.com\/tg4-redesign-2015\/wp-content\/uploads\/2020\/08\/Caitriona_McAteer_1_720x1280.jpg 720w\" sizes=\"(max-width: 79px) 100vw, 79px\" \/><\/a><br \/>\nCaitr\u00edona is from Co. Antrim. She has been teaching for the past four years, after getting her degree in primary school teaching from St. Mary&#8217;s University College, Belfast.  In her free time, she enjoys playing camogie and football with her club, and she also loves singing.<br \/>\n&nbsp;<br \/>\n&nbsp;<\/p>\n","protected":false},"excerpt":{"rendered":"<p>&nbsp; After a successful first season, the educational and inspiring programme C\u00fala4 ar Scoil returns to TG4 next week, and will broadcast from Monday to Thursday on TG4, beginning on Monday August 31st at 10am. The series will cater for primary school children who attend Gaelscoileanna and Gaeltacht schools as they return to school. Orla [&hellip;]<\/p>\n","protected":false},"author":876,"featured_media":0,"parent":111527,"menu_order":37,"comment_status":"closed","ping_status":"closed","template":"page-templates\/template-pr.php","meta":{"_acf_changed":false,"footnotes":""},"acf":[],"yoast_head":"<!-- This site is optimized with the Yoast SEO plugin v22.6 - https:\/\/yoast.com\/wordpress\/plugins\/seo\/ -->\n<title>TG4 | C\u00fala4 ar Scoil returns for a second series to TG4 | 2020 | Press Releases | Press | Irish Television Channel, S\u00fail Eile<\/title>\n<meta name=\"description\" content=\"C\u00fala4 ar Scoil returns once again for an exciting new series catering to primary school children of all ages\" \/>\n<meta name=\"robots\" content=\"index, follow, max-snippet:-1, max-image-preview:large, max-video-preview:-1\" \/>\n<meta property=\"og:locale\" content=\"en_US\" \/>\n<meta property=\"og:type\" content=\"article\" \/>\n<meta property=\"og:title\" content=\"TG4 | C\u00fala4 ar Scoil returns for a second series to TG4 | 2020 | Press Releases | Press | Irish Television Channel, S\u00fail Eile\" \/>\n<meta property=\"og:description\" content=\"C\u00fala4 ar Scoil returns once again for an exciting new series catering to primary school children of all ages\" \/>\n<meta property=\"og:url\" content=\"https:\/\/dev.tg4.ie\/en\/information\/press\/press-releases\/2020-2\/cula4-ar-scoil-returns-for-a-second-series-to-tg4\/\" \/>\n<meta property=\"og:site_name\" content=\"TG4\" \/>\n<meta property=\"article:publisher\" content=\"https:\/\/www.facebook.com\/TG4TV\" \/>\n<meta property=\"article:modified_time\" content=\"2021-11-04T15:38:56+00:00\" \/>\n<meta property=\"og:image\" content=\"https:\/\/tg4-docs.s3.amazonaws.com\/tg4-redesign-2015\/wp-content\/uploads\/2020\/08\/LaithC4arScoil_1_1920x1080.jpg\" \/>\n\t<meta property=\"og:image:width\" content=\"1920\" \/>\n\t<meta property=\"og:image:height\" content=\"1080\" \/>\n\t<meta property=\"og:image:type\" content=\"image\/jpeg\" \/>\n<meta name=\"twitter:card\" content=\"summary_large_image\" \/>\n<meta name=\"twitter:image\" content=\"https:\/\/tg4-docs.s3.amazonaws.com\/tg4-redesign-2015\/wp-content\/uploads\/2020\/08\/LaithC4arScoil_1_1920x1080.jpg\" \/>\n<meta name=\"twitter:site\" content=\"@TG4TV\" \/>\n<meta name=\"twitter:label1\" content=\"Est. reading time\" \/>\n\t<meta name=\"twitter:data1\" content=\"5 minutes\" \/>\n<script type=\"application\/ld+json\" class=\"yoast-schema-graph\">{\"@context\":\"https:\/\/schema.org\",\"@graph\":[{\"@type\":\"WebPage\",\"@id\":\"https:\/\/dev.tg4.ie\/en\/information\/press\/press-releases\/2020-2\/cula4-ar-scoil-returns-for-a-second-series-to-tg4\/\",\"url\":\"https:\/\/dev.tg4.ie\/en\/information\/press\/press-releases\/2020-2\/cula4-ar-scoil-returns-for-a-second-series-to-tg4\/\",\"name\":\"TG4 | C\u00fala4 ar Scoil returns for a second series to TG4 | 2020 | Press Releases | Press | Irish Television Channel, S\u00fail Eile\",\"isPartOf\":{\"@id\":\"https:\/\/dev.tg4.ie\/en\/#website\"},\"primaryImageOfPage\":{\"@id\":\"https:\/\/dev.tg4.ie\/en\/information\/press\/press-releases\/2020-2\/cula4-ar-scoil-returns-for-a-second-series-to-tg4\/#primaryimage\"},\"image\":{\"@id\":\"https:\/\/dev.tg4.ie\/en\/information\/press\/press-releases\/2020-2\/cula4-ar-scoil-returns-for-a-second-series-to-tg4\/#primaryimage\"},\"thumbnailUrl\":\"https:\/\/dev.tg4.ie\/wp-content\/uploads\/2020\/08\/Orla_Ni_Fhinneadha_2_1920x1080.jpg\",\"datePublished\":\"2020-08-24T15:00:07+00:00\",\"dateModified\":\"2021-11-04T15:38:56+00:00\",\"description\":\"C\u00fala4 ar Scoil returns once again for an exciting new series catering to primary school children of all ages\",\"breadcrumb\":{\"@id\":\"https:\/\/dev.tg4.ie\/en\/information\/press\/press-releases\/2020-2\/cula4-ar-scoil-returns-for-a-second-series-to-tg4\/#breadcrumb\"},\"inLanguage\":\"en-ie\",\"potentialAction\":[{\"@type\":\"ReadAction\",\"target\":[\"https:\/\/dev.tg4.ie\/en\/information\/press\/press-releases\/2020-2\/cula4-ar-scoil-returns-for-a-second-series-to-tg4\/\"]}]},{\"@type\":\"ImageObject\",\"inLanguage\":\"en-ie\",\"@id\":\"https:\/\/dev.tg4.ie\/en\/information\/press\/press-releases\/2020-2\/cula4-ar-scoil-returns-for-a-second-series-to-tg4\/#primaryimage\",\"url\":\"https:\/\/dev.tg4.ie\/wp-content\/uploads\/2020\/08\/Orla_Ni_Fhinneadha_2_1920x1080.jpg\",\"contentUrl\":\"https:\/\/dev.tg4.ie\/wp-content\/uploads\/2020\/08\/Orla_Ni_Fhinneadha_2_1920x1080.jpg\"},{\"@type\":\"BreadcrumbList\",\"@id\":\"https:\/\/dev.tg4.ie\/en\/information\/press\/press-releases\/2020-2\/cula4-ar-scoil-returns-for-a-second-series-to-tg4\/#breadcrumb\",\"itemListElement\":[{\"@type\":\"ListItem\",\"position\":1,\"name\":\"Home\",\"item\":\"https:\/\/dev.tg4.ie\/en\/\"},{\"@type\":\"ListItem\",\"position\":2,\"name\":\"Information\",\"item\":\"https:\/\/dev.tg4.ie\/en\/information\/\"},{\"@type\":\"ListItem\",\"position\":3,\"name\":\"Press\",\"item\":\"https:\/\/dev.tg4.ie\/en\/information\/press\/\"},{\"@type\":\"ListItem\",\"position\":4,\"name\":\"Press Releases\",\"item\":\"https:\/\/dev.tg4.ie\/en\/information\/press\/press-releases\/\"},{\"@type\":\"ListItem\",\"position\":5,\"name\":\"2020\",\"item\":\"https:\/\/dev.tg4.ie\/en\/information\/press\/press-releases\/2020-2\/\"},{\"@type\":\"ListItem\",\"position\":6,\"name\":\"C\u00fala4 ar Scoil returns for a second series to TG4\"}]},{\"@type\":\"WebSite\",\"@id\":\"https:\/\/dev.tg4.ie\/en\/#website\",\"url\":\"https:\/\/dev.tg4.ie\/en\/\",\"name\":\"TG4\",\"description\":\"S\u00fail Eile\",\"potentialAction\":[{\"@type\":\"SearchAction\",\"target\":{\"@type\":\"EntryPoint\",\"urlTemplate\":\"https:\/\/dev.tg4.ie\/en\/?s={search_term_string}\"},\"query-input\":\"required name=search_term_string\"}],\"inLanguage\":\"en-ie\"}]}<\/script>\n<!-- \/ Yoast SEO plugin. -->","yoast_head_json":{"title":"TG4 | C\u00fala4 ar Scoil returns for a second series to TG4 | 2020 | Press Releases | Press | Irish Television Channel, S\u00fail Eile","description":"C\u00fala4 ar Scoil returns once again for an exciting new series catering to primary school children of all ages","robots":{"index":"index","follow":"follow","max-snippet":"max-snippet:-1","max-image-preview":"max-image-preview:large","max-video-preview":"max-video-preview:-1"},"og_locale":"en_US","og_type":"article","og_title":"TG4 | C\u00fala4 ar Scoil returns for a second series to TG4 | 2020 | Press Releases | Press | Irish Television Channel, S\u00fail Eile","og_description":"C\u00fala4 ar Scoil returns once again for an exciting new series catering to primary school children of all ages","og_url":"https:\/\/dev.tg4.ie\/en\/information\/press\/press-releases\/2020-2\/cula4-ar-scoil-returns-for-a-second-series-to-tg4\/","og_site_name":"TG4","article_publisher":"https:\/\/www.facebook.com\/TG4TV","article_modified_time":"2021-11-04T15:38:56+00:00","og_image":[{"width":1920,"height":1080,"url":"https:\/\/tg4-docs.s3.amazonaws.com\/tg4-redesign-2015\/wp-content\/uploads\/2020\/08\/LaithC4arScoil_1_1920x1080.jpg","type":"image\/jpeg"}],"twitter_card":"summary_large_image","twitter_image":"https:\/\/tg4-docs.s3.amazonaws.com\/tg4-redesign-2015\/wp-content\/uploads\/2020\/08\/LaithC4arScoil_1_1920x1080.jpg","twitter_site":"@TG4TV","twitter_misc":{"Est. reading time":"5 minutes"},"schema":{"@context":"https:\/\/schema.org","@graph":[{"@type":"WebPage","@id":"https:\/\/dev.tg4.ie\/en\/information\/press\/press-releases\/2020-2\/cula4-ar-scoil-returns-for-a-second-series-to-tg4\/","url":"https:\/\/dev.tg4.ie\/en\/information\/press\/press-releases\/2020-2\/cula4-ar-scoil-returns-for-a-second-series-to-tg4\/","name":"TG4 | C\u00fala4 ar Scoil returns for a second series to TG4 | 2020 | Press Releases | Press | Irish Television Channel, S\u00fail Eile","isPartOf":{"@id":"https:\/\/dev.tg4.ie\/en\/#website"},"primaryImageOfPage":{"@id":"https:\/\/dev.tg4.ie\/en\/information\/press\/press-releases\/2020-2\/cula4-ar-scoil-returns-for-a-second-series-to-tg4\/#primaryimage"},"image":{"@id":"https:\/\/dev.tg4.ie\/en\/information\/press\/press-releases\/2020-2\/cula4-ar-scoil-returns-for-a-second-series-to-tg4\/#primaryimage"},"thumbnailUrl":"https:\/\/dev.tg4.ie\/wp-content\/uploads\/2020\/08\/Orla_Ni_Fhinneadha_2_1920x1080.jpg","datePublished":"2020-08-24T15:00:07+00:00","dateModified":"2021-11-04T15:38:56+00:00","description":"C\u00fala4 ar Scoil returns once again for an exciting new series catering to primary school children of all ages","breadcrumb":{"@id":"https:\/\/dev.tg4.ie\/en\/information\/press\/press-releases\/2020-2\/cula4-ar-scoil-returns-for-a-second-series-to-tg4\/#breadcrumb"},"inLanguage":"en-ie","potentialAction":[{"@type":"ReadAction","target":["https:\/\/dev.tg4.ie\/en\/information\/press\/press-releases\/2020-2\/cula4-ar-scoil-returns-for-a-second-series-to-tg4\/"]}]},{"@type":"ImageObject","inLanguage":"en-ie","@id":"https:\/\/dev.tg4.ie\/en\/information\/press\/press-releases\/2020-2\/cula4-ar-scoil-returns-for-a-second-series-to-tg4\/#primaryimage","url":"https:\/\/dev.tg4.ie\/wp-content\/uploads\/2020\/08\/Orla_Ni_Fhinneadha_2_1920x1080.jpg","contentUrl":"https:\/\/dev.tg4.ie\/wp-content\/uploads\/2020\/08\/Orla_Ni_Fhinneadha_2_1920x1080.jpg"},{"@type":"BreadcrumbList","@id":"https:\/\/dev.tg4.ie\/en\/information\/press\/press-releases\/2020-2\/cula4-ar-scoil-returns-for-a-second-series-to-tg4\/#breadcrumb","itemListElement":[{"@type":"ListItem","position":1,"name":"Home","item":"https:\/\/dev.tg4.ie\/en\/"},{"@type":"ListItem","position":2,"name":"Information","item":"https:\/\/dev.tg4.ie\/en\/information\/"},{"@type":"ListItem","position":3,"name":"Press","item":"https:\/\/dev.tg4.ie\/en\/information\/press\/"},{"@type":"ListItem","position":4,"name":"Press Releases","item":"https:\/\/dev.tg4.ie\/en\/information\/press\/press-releases\/"},{"@type":"ListItem","position":5,"name":"2020","item":"https:\/\/dev.tg4.ie\/en\/information\/press\/press-releases\/2020-2\/"},{"@type":"ListItem","position":6,"name":"C\u00fala4 ar Scoil returns for a second series to TG4"}]},{"@type":"WebSite","@id":"https:\/\/dev.tg4.ie\/en\/#website","url":"https:\/\/dev.tg4.ie\/en\/","name":"TG4","description":"S\u00fail Eile","potentialAction":[{"@type":"SearchAction","target":{"@type":"EntryPoint","urlTemplate":"https:\/\/dev.tg4.ie\/en\/?s={search_term_string}"},"query-input":"required name=search_term_string"}],"inLanguage":"en-ie"}]}},"_links":{"self":[{"href":"https:\/\/dev.tg4.ie\/en\/wp-json\/wp\/v2\/pages\/114048"}],"collection":[{"href":"https:\/\/dev.tg4.ie\/en\/wp-json\/wp\/v2\/pages"}],"about":[{"href":"https:\/\/dev.tg4.ie\/en\/wp-json\/wp\/v2\/types\/page"}],"author":[{"embeddable":true,"href":"https:\/\/dev.tg4.ie\/en\/wp-json\/wp\/v2\/users\/876"}],"replies":[{"embeddable":true,"href":"https:\/\/dev.tg4.ie\/en\/wp-json\/wp\/v2\/comments?post=114048"}],"version-history":[{"count":0,"href":"https:\/\/dev.tg4.ie\/en\/wp-json\/wp\/v2\/pages\/114048\/revisions"}],"up":[{"embeddable":true,"href":"https:\/\/dev.tg4.ie\/en\/wp-json\/wp\/v2\/pages\/111527"}],"wp:attachment":[{"href":"https:\/\/dev.tg4.ie\/en\/wp-json\/wp\/v2\/media?parent=114048"}],"curies":[{"name":"wp","href":"https:\/\/api.w.org\/{rel}","templated":true}]}}