{"id":114337,"date":"2020-09-16T10:54:35","date_gmt":"2020-09-16T09:54:35","guid":{"rendered":"https:\/\/dev.tg4.ie\/?page_id=114337"},"modified":"2021-11-04T15:48:53","modified_gmt":"2021-11-04T15:48:53","slug":"ladies-gaelic-football-and-tg4s-underdogs-2021","status":"publish","type":"page","link":"https:\/\/dev.tg4.ie\/en\/information\/press\/press-releases\/2020-2\/ladies-gaelic-football-and-tg4s-underdogs-2021\/","title":{"rendered":"Ladies Gaelic Football and TG4&#8217;s Underdogs 2021"},"content":{"rendered":"<p><a href=\"https:\/\/tg4-docs.s3.amazonaws.com\/tg4-redesign-2015\/wp-content\/uploads\/2018\/04\/Underdogs_Logo_M%C3%B3r.jpg\"><img decoding=\"async\" src=\"https:\/\/tg4-docs.s3.amazonaws.com\/tg4-redesign-2015\/wp-content\/uploads\/2018\/04\/Underdogs_Logo_M%C3%B3r.jpg\" alt=\"\" class=\"alignnone size-full wp-image-81698\" \/><\/a><br \/>\n&nbsp;<\/p>\n<p>In an ever changing world, TG4\u2019s legendary GAA series <strong>Underdogs<\/strong> is back and for 2021 it\u2019s over to the Ladies! Are you a talented Ladies Gaelic footballer? Do you have what it takes to go head to head with one of the most skilled teams in the country?<br \/>\n&nbsp;<br \/>\nAdare Productions and TG4 are looking to find a squad of ambitious women with enough drive, skill and passion to take on one of the country\u2019s greatest Ladies Gaelic football teams. Have you got what it takes to make that team and lead them to victory? Applications are now open!<br \/>\n&nbsp;<br \/>\n<strong>Underdogs<\/strong> has launched the careers of a number of All-Ireland champions, not least Kerry powerhouse Kieran Donaghy and Cork\u2019s Pearse O\u2019Neill. Could this be your chance? The players will be chosen by a panel of expert selectors who make up the management team. This year will also see a fresh face stepping up to the sideline.<br \/>\n&nbsp;<br \/>\nLGFA Chief Executive Officer Helen O\u2019 Rourke said:<br \/>\n<em>\u201cThe Ladies Gaelic Football Association is delighted to be associated once again with the hugely-successful Underdogs series. We are looking forward to seeing what the search for talent unearths, and this is another wonderful platform to showcase Ladies Football talent. It is also the 20th year of our long-standing Association with TG4, and we are looking forward to collaborating with them again on the Underdogs series.\u201d<\/em><br \/>\n&nbsp;<br \/>\nTG4 Head of Sport R\u00f3n\u00e1n \u00d3 Coisdealbha said:<br \/>\n<em>\u201cTG4 is looking forward to next year\u2019s Underdogs TV Series and we are excited to be working with the Ladies Gaelic Football Association (LGFA) in unearthing ladies footballers who will hopefully become members of the Underdogs Squad. The new Ladies Football Underdogs Series demonstrates that TG4\u2019s commitment to women\u2019s sport coverage continues to grow each year.\u201d<\/em><br \/>\n&nbsp;<br \/>\nThis is a chance for players to be trained and managed by legends of the game. A chance for unknown players to go up against some of the country\u2019s best Gaelic footballers.<br \/>\n&nbsp;<\/p>\n<p>Who can apply?<\/p>\n<ul>\n<li>Applicants cannot have been on an inter-county Ladies Football championship panel at an adult level (junior, intermediate or senior) in the last 5 years.<\/li>\n<li>Applicants cannot have ever won an inter-county Ladies Football All-Ireland championship title at an adult level (junior, intermediate or senior).<\/li>\n<li>Applicants must be currently registered members of the Ladies Gaelic Football Association (LGFA).<\/li>\n<li>Applicants must be 18 years of age or over on the 16th of September 2020.<\/li>\n<\/ul>\n<p>&nbsp;<br \/>\nAll filming will take place in line with Government and HSE Guidelines. Players can apply online at <a href=\"https:\/\/dev.tg4.ie\/underdogs\" rel=\"noopener noreferrer\" target=\"_blank\">www.tg4.ie\/Underdogs<\/a> and nationwide trials will take place in October 2020.<br \/>\n&nbsp;<\/p>\n","protected":false},"excerpt":{"rendered":"<p>&nbsp; In an ever changing world, TG4\u2019s legendary GAA series Underdogs is back and for 2021 it\u2019s over to the Ladies! Are you a talented Ladies Gaelic footballer? Do you have what it takes to go head to head with one of the most skilled teams in the country? &nbsp; Adare Productions and TG4 are [&hellip;]<\/p>\n","protected":false},"author":876,"featured_media":0,"parent":111527,"menu_order":40,"comment_status":"closed","ping_status":"closed","template":"page-templates\/template-pr.php","meta":{"_acf_changed":false,"footnotes":""},"acf":[],"yoast_head":"<!-- This site is optimized with the Yoast SEO plugin v22.6 - https:\/\/yoast.com\/wordpress\/plugins\/seo\/ -->\n<title>TG4 | Ladies Gaelic Football and TG4\u2019s Underdogs 2021 | 2020 | Press Releases | Press | Irish Television Channel, S\u00fail Eile<\/title>\n<meta name=\"description\" content=\"TG4&#039;s infamous GAA series Underdogs is back for a second time in 2021, but this time it&#039;s the ladies turn\" \/>\n<meta name=\"robots\" content=\"index, follow, max-snippet:-1, max-image-preview:large, max-video-preview:-1\" \/>\n<meta property=\"og:locale\" content=\"en_US\" \/>\n<meta property=\"og:type\" content=\"article\" \/>\n<meta property=\"og:title\" content=\"TG4 | Ladies Gaelic Football and TG4\u2019s Underdogs 2021 | 2020 | Press Releases | Press | Irish Television Channel, S\u00fail Eile\" \/>\n<meta property=\"og:description\" content=\"TG4&#039;s infamous GAA series Underdogs is back for a second time in 2021, but this time it&#039;s the ladies turn\" \/>\n<meta property=\"og:url\" content=\"https:\/\/dev.tg4.ie\/en\/information\/press\/press-releases\/2020-2\/ladies-gaelic-football-and-tg4s-underdogs-2021\/\" \/>\n<meta property=\"og:site_name\" content=\"TG4\" \/>\n<meta property=\"article:publisher\" content=\"https:\/\/www.facebook.com\/TG4TV\" \/>\n<meta property=\"article:modified_time\" content=\"2021-11-04T15:48:53+00:00\" \/>\n<meta property=\"og:image\" content=\"https:\/\/tg4-docs.s3.amazonaws.com\/tg4-redesign-2015\/wp-content\/uploads\/2018\/10\/Underdogs_Logo_M%C3%B3r_dubh.jpg\" \/>\n\t<meta property=\"og:image:width\" content=\"1920\" \/>\n\t<meta property=\"og:image:height\" content=\"1080\" \/>\n\t<meta property=\"og:image:type\" content=\"image\/jpeg\" \/>\n<meta name=\"twitter:card\" content=\"summary_large_image\" \/>\n<meta name=\"twitter:image\" content=\"https:\/\/tg4-docs.s3.amazonaws.com\/tg4-redesign-2015\/wp-content\/uploads\/2018\/10\/Underdogs_Logo_M%C3%B3r_dubh.jpg\" \/>\n<meta name=\"twitter:site\" content=\"@TG4TV\" \/>\n<meta name=\"twitter:label1\" content=\"Est. reading time\" \/>\n\t<meta name=\"twitter:data1\" content=\"2 minutes\" \/>\n<script type=\"application\/ld+json\" class=\"yoast-schema-graph\">{\"@context\":\"https:\/\/schema.org\",\"@graph\":[{\"@type\":\"WebPage\",\"@id\":\"https:\/\/dev.tg4.ie\/en\/information\/press\/press-releases\/2020-2\/ladies-gaelic-football-and-tg4s-underdogs-2021\/\",\"url\":\"https:\/\/dev.tg4.ie\/en\/information\/press\/press-releases\/2020-2\/ladies-gaelic-football-and-tg4s-underdogs-2021\/\",\"name\":\"TG4 | Ladies Gaelic Football and TG4\u2019s Underdogs 2021 | 2020 | Press Releases | Press | Irish Television Channel, S\u00fail Eile\",\"isPartOf\":{\"@id\":\"https:\/\/dev.tg4.ie\/en\/#website\"},\"datePublished\":\"2020-09-16T09:54:35+00:00\",\"dateModified\":\"2021-11-04T15:48:53+00:00\",\"description\":\"TG4's infamous GAA series Underdogs is back for a second time in 2021, but this time it's the ladies turn\",\"breadcrumb\":{\"@id\":\"https:\/\/dev.tg4.ie\/en\/information\/press\/press-releases\/2020-2\/ladies-gaelic-football-and-tg4s-underdogs-2021\/#breadcrumb\"},\"inLanguage\":\"en-ie\",\"potentialAction\":[{\"@type\":\"ReadAction\",\"target\":[\"https:\/\/dev.tg4.ie\/en\/information\/press\/press-releases\/2020-2\/ladies-gaelic-football-and-tg4s-underdogs-2021\/\"]}]},{\"@type\":\"BreadcrumbList\",\"@id\":\"https:\/\/dev.tg4.ie\/en\/information\/press\/press-releases\/2020-2\/ladies-gaelic-football-and-tg4s-underdogs-2021\/#breadcrumb\",\"itemListElement\":[{\"@type\":\"ListItem\",\"position\":1,\"name\":\"Home\",\"item\":\"https:\/\/dev.tg4.ie\/en\/\"},{\"@type\":\"ListItem\",\"position\":2,\"name\":\"Information\",\"item\":\"https:\/\/dev.tg4.ie\/en\/information\/\"},{\"@type\":\"ListItem\",\"position\":3,\"name\":\"Press\",\"item\":\"https:\/\/dev.tg4.ie\/en\/information\/press\/\"},{\"@type\":\"ListItem\",\"position\":4,\"name\":\"Press Releases\",\"item\":\"https:\/\/dev.tg4.ie\/en\/information\/press\/press-releases\/\"},{\"@type\":\"ListItem\",\"position\":5,\"name\":\"2020\",\"item\":\"https:\/\/dev.tg4.ie\/en\/information\/press\/press-releases\/2020-2\/\"},{\"@type\":\"ListItem\",\"position\":6,\"name\":\"Ladies Gaelic Football and TG4&#8217;s Underdogs 2021\"}]},{\"@type\":\"WebSite\",\"@id\":\"https:\/\/dev.tg4.ie\/en\/#website\",\"url\":\"https:\/\/dev.tg4.ie\/en\/\",\"name\":\"TG4\",\"description\":\"S\u00fail Eile\",\"potentialAction\":[{\"@type\":\"SearchAction\",\"target\":{\"@type\":\"EntryPoint\",\"urlTemplate\":\"https:\/\/dev.tg4.ie\/en\/?s={search_term_string}\"},\"query-input\":\"required name=search_term_string\"}],\"inLanguage\":\"en-ie\"}]}<\/script>\n<!-- \/ Yoast SEO plugin. -->","yoast_head_json":{"title":"TG4 | Ladies Gaelic Football and TG4\u2019s Underdogs 2021 | 2020 | Press Releases | Press | Irish Television Channel, S\u00fail Eile","description":"TG4's infamous GAA series Underdogs is back for a second time in 2021, but this time it's the ladies turn","robots":{"index":"index","follow":"follow","max-snippet":"max-snippet:-1","max-image-preview":"max-image-preview:large","max-video-preview":"max-video-preview:-1"},"og_locale":"en_US","og_type":"article","og_title":"TG4 | Ladies Gaelic Football and TG4\u2019s Underdogs 2021 | 2020 | Press Releases | Press | Irish Television Channel, S\u00fail Eile","og_description":"TG4's infamous GAA series Underdogs is back for a second time in 2021, but this time it's the ladies turn","og_url":"https:\/\/dev.tg4.ie\/en\/information\/press\/press-releases\/2020-2\/ladies-gaelic-football-and-tg4s-underdogs-2021\/","og_site_name":"TG4","article_publisher":"https:\/\/www.facebook.com\/TG4TV","article_modified_time":"2021-11-04T15:48:53+00:00","og_image":[{"width":1920,"height":1080,"url":"https:\/\/tg4-docs.s3.amazonaws.com\/tg4-redesign-2015\/wp-content\/uploads\/2018\/10\/Underdogs_Logo_M%C3%B3r_dubh.jpg","type":"image\/jpeg"}],"twitter_card":"summary_large_image","twitter_image":"https:\/\/tg4-docs.s3.amazonaws.com\/tg4-redesign-2015\/wp-content\/uploads\/2018\/10\/Underdogs_Logo_M%C3%B3r_dubh.jpg","twitter_site":"@TG4TV","twitter_misc":{"Est. reading time":"2 minutes"},"schema":{"@context":"https:\/\/schema.org","@graph":[{"@type":"WebPage","@id":"https:\/\/dev.tg4.ie\/en\/information\/press\/press-releases\/2020-2\/ladies-gaelic-football-and-tg4s-underdogs-2021\/","url":"https:\/\/dev.tg4.ie\/en\/information\/press\/press-releases\/2020-2\/ladies-gaelic-football-and-tg4s-underdogs-2021\/","name":"TG4 | Ladies Gaelic Football and TG4\u2019s Underdogs 2021 | 2020 | Press Releases | Press | Irish Television Channel, S\u00fail Eile","isPartOf":{"@id":"https:\/\/dev.tg4.ie\/en\/#website"},"datePublished":"2020-09-16T09:54:35+00:00","dateModified":"2021-11-04T15:48:53+00:00","description":"TG4's infamous GAA series Underdogs is back for a second time in 2021, but this time it's the ladies turn","breadcrumb":{"@id":"https:\/\/dev.tg4.ie\/en\/information\/press\/press-releases\/2020-2\/ladies-gaelic-football-and-tg4s-underdogs-2021\/#breadcrumb"},"inLanguage":"en-ie","potentialAction":[{"@type":"ReadAction","target":["https:\/\/dev.tg4.ie\/en\/information\/press\/press-releases\/2020-2\/ladies-gaelic-football-and-tg4s-underdogs-2021\/"]}]},{"@type":"BreadcrumbList","@id":"https:\/\/dev.tg4.ie\/en\/information\/press\/press-releases\/2020-2\/ladies-gaelic-football-and-tg4s-underdogs-2021\/#breadcrumb","itemListElement":[{"@type":"ListItem","position":1,"name":"Home","item":"https:\/\/dev.tg4.ie\/en\/"},{"@type":"ListItem","position":2,"name":"Information","item":"https:\/\/dev.tg4.ie\/en\/information\/"},{"@type":"ListItem","position":3,"name":"Press","item":"https:\/\/dev.tg4.ie\/en\/information\/press\/"},{"@type":"ListItem","position":4,"name":"Press Releases","item":"https:\/\/dev.tg4.ie\/en\/information\/press\/press-releases\/"},{"@type":"ListItem","position":5,"name":"2020","item":"https:\/\/dev.tg4.ie\/en\/information\/press\/press-releases\/2020-2\/"},{"@type":"ListItem","position":6,"name":"Ladies Gaelic Football and TG4&#8217;s Underdogs 2021"}]},{"@type":"WebSite","@id":"https:\/\/dev.tg4.ie\/en\/#website","url":"https:\/\/dev.tg4.ie\/en\/","name":"TG4","description":"S\u00fail Eile","potentialAction":[{"@type":"SearchAction","target":{"@type":"EntryPoint","urlTemplate":"https:\/\/dev.tg4.ie\/en\/?s={search_term_string}"},"query-input":"required name=search_term_string"}],"inLanguage":"en-ie"}]}},"_links":{"self":[{"href":"https:\/\/dev.tg4.ie\/en\/wp-json\/wp\/v2\/pages\/114337"}],"collection":[{"href":"https:\/\/dev.tg4.ie\/en\/wp-json\/wp\/v2\/pages"}],"about":[{"href":"https:\/\/dev.tg4.ie\/en\/wp-json\/wp\/v2\/types\/page"}],"author":[{"embeddable":true,"href":"https:\/\/dev.tg4.ie\/en\/wp-json\/wp\/v2\/users\/876"}],"replies":[{"embeddable":true,"href":"https:\/\/dev.tg4.ie\/en\/wp-json\/wp\/v2\/comments?post=114337"}],"version-history":[{"count":0,"href":"https:\/\/dev.tg4.ie\/en\/wp-json\/wp\/v2\/pages\/114337\/revisions"}],"up":[{"embeddable":true,"href":"https:\/\/dev.tg4.ie\/en\/wp-json\/wp\/v2\/pages\/111527"}],"wp:attachment":[{"href":"https:\/\/dev.tg4.ie\/en\/wp-json\/wp\/v2\/media?parent=114337"}],"curies":[{"name":"wp","href":"https:\/\/api.w.org\/{rel}","templated":true}]}}