{"id":114447,"date":"2020-09-28T13:35:17","date_gmt":"2020-09-28T12:35:17","guid":{"rendered":"https:\/\/dev.tg4.ie\/?page_id=114447"},"modified":"2020-09-28T13:38:18","modified_gmt":"2020-09-28T12:38:18","slug":"cork-folk-festival-featured-on-tg4","status":"publish","type":"page","link":"https:\/\/dev.tg4.ie\/en\/information\/press\/press-releases\/2020-2\/cork-folk-festival-featured-on-tg4\/","title":{"rendered":"Cork Folk Festival featured on TG4"},"content":{"rendered":"<p>YouTube clip: <a href=\"https:\/\/youtu.be\/Jt0eASul0bM\" rel=\"noopener noreferrer\" target=\"_blank\">https:\/\/youtu.be\/Jt0eASul0bM<\/a><br \/>\n&nbsp;<br \/>\n<a href=\"https:\/\/tg4-docs.s3.amazonaws.com\/tg4-redesign-2015\/wp-content\/uploads\/2020\/09\/CorkFolkFestival_Doireann_1_1920x1080.jpg\"><img loading=\"lazy\" decoding=\"async\" width=\"1920\" height=\"1080\" src=\"https:\/\/tg4-docs.s3.amazonaws.com\/tg4-redesign-2015\/wp-content\/uploads\/2020\/09\/CorkFolkFestival_Doireann_1_1920x1080.jpg\" alt=\"\" class=\"alignnone size-full wp-image-114443\" srcset=\"https:\/\/tg4-docs.s3.amazonaws.com\/tg4-redesign-2015\/wp-content\/uploads\/2020\/09\/CorkFolkFestival_Doireann_1_1920x1080.jpg 1920w, https:\/\/tg4-docs.s3.amazonaws.com\/tg4-redesign-2015\/wp-content\/uploads\/2020\/09\/CorkFolkFestival_Doireann_1_1920x1080-250x141.jpg 250w, https:\/\/tg4-docs.s3.amazonaws.com\/tg4-redesign-2015\/wp-content\/uploads\/2020\/09\/CorkFolkFestival_Doireann_1_1920x1080-700x394.jpg 700w, https:\/\/tg4-docs.s3.amazonaws.com\/tg4-redesign-2015\/wp-content\/uploads\/2020\/09\/CorkFolkFestival_Doireann_1_1920x1080-252x141.jpg 252w, https:\/\/tg4-docs.s3.amazonaws.com\/tg4-redesign-2015\/wp-content\/uploads\/2020\/09\/CorkFolkFestival_Doireann_1_1920x1080-1536x864.jpg 1536w, https:\/\/tg4-docs.s3.amazonaws.com\/tg4-redesign-2015\/wp-content\/uploads\/2020\/09\/CorkFolkFestival_Doireann_1_1920x1080-120x68.jpg 120w\" sizes=\"(max-width: 1920px) 100vw, 1920px\" \/><\/a><br \/>\n&nbsp;<br \/>\nA visual and visceral feast for the senses awaits fans of traditional and folk music as the best of the annual Cork Folk Festival is transposed to our screens in a new six-part series captured in some of Cork\u2019s most iconic venues. Produced by Aniar TV, \u2018Cork Folk Festival\u2019 portrays both the intimacy and immediacy of traditional and folk music in all its forms. Presented by Doireann N\u00ed Ghlac\u00e1in.<\/p>\n<p>The 41st Cork Folk Festival will run from 1st \u2013 4th October 2020. One of Ireland\u2019s most exciting traditional music groups, The Bonny Men and Cork\u2019s own distinguished songwriter, John Spillane, who will perform with Dingle songstress Pauline Scanlon, are among the stars invited to take part in the one-off virtual concerts \u2014 being held without audiences \u2014 on 2nd and 3rd October. These will be streamed live on TG4\u2019s Facebook page, Cork Folk Festival Facebook as well as TG4&#8217;s Trad YouTube channel.<\/p>\n<p>2019 marked the 40th annual Cork Folk Festival where the very best of traditional and folk was played in both intimate and large-scale settings. Iconic venues such as The Cork Opera House saw live performances before audiences of 800 plus people. Elsewhere venues including St Luke\u2019s, Kino and The Cork School of Music provide an essential backdrop to intimate one-on-one performances and interviews. The pulsating rhythm of this unique festival, which captivated the public through a week of memorable performance in the heart of Cork City Centre during their 40th year celebrations in 2019, is present throughout this series. This music series is predominantly performance based as Doireann Ni\u0301 Ghlaca\u0301in \u2013 herself a renowned fiddle player and singer steeped in the musical tradition of the \u00d3 Riada and Glackin families \u2013 brings both a highly informed, yet warm familiarity to proceedings as our host. <\/p>\n<p>Through bilingual interviews with the musicians themselves &#8211; in some truly unique spaces &#8211; this series reveals the rare passion vital to Ireland\u2019s cultural core. In the series we see folk and trad legends and rising stars shine brightly in equal measure. From the passionate singing and playing of luminaries such as Iarla \u00d3 Lion\u00e1ird and Steve Cooney, D\u00f3nal Lunny &#038; Zoe Conway to English folk star Eliza Carthy, young homegrown stars such as guitar wizard Shane Hennessy and Ye Vagabonds, this series blends the new and the old in a musical melting pot. <\/p>\n<p><em>\u201cWe are delighted to have worked with the Cork Festival to showcase some of Ireland\u2019s folk and traditional music\u2019s\u2019 best performers and up and coming new talent,\u201d<\/em> Niamh N\u00ed Bhaoill Creative Director of Aniar TV. <em>\u201cNow more than ever we need sustenance for the soul and the performances at Cork Folk Festival gives that in spades.\u201d<\/em><\/p>\n<p>Directed by Maurice Linnane and produced by Ciar\u00e1n \u00d3 Maonaigh, \u2018Cork Folk Festival\u2019 will be screened on TG4 beginning on October 4th at 9.30pm<br \/>\n&nbsp;<\/p>\n<p><a href=\"https:\/\/twitter.com\/tg4tv?lang=en\" rel=\"noopener noreferrer\" target=\"_blank\">@TG4TV<\/a> <a href=\"https:\/\/twitter.com\/search?q=%23CorkFolkFestival&#038;src=typed_query\" rel=\"noopener noreferrer\" target=\"_blank\">#CorkFolkFestival<\/a><\/p>\n<p>&nbsp;<\/p>\n","protected":false},"excerpt":{"rendered":"<p>YouTube clip: https:\/\/youtu.be\/Jt0eASul0bM &nbsp; &nbsp; A visual and visceral feast for the senses awaits fans of traditional and folk music as the best of the annual Cork Folk Festival is transposed to our screens in a new six-part series captured in some of Cork\u2019s most iconic venues. Produced by Aniar TV, \u2018Cork Folk Festival\u2019 portrays [&hellip;]<\/p>\n","protected":false},"author":876,"featured_media":0,"parent":111527,"menu_order":41,"comment_status":"closed","ping_status":"closed","template":"page-templates\/template-pr.php","meta":{"_acf_changed":false,"footnotes":""},"acf":[],"yoast_head":"<!-- This site is optimized with the Yoast SEO plugin v22.6 - https:\/\/yoast.com\/wordpress\/plugins\/seo\/ -->\n<title>Cork Folk Festival featured on TG4 | Press Release | TG4<\/title>\n<meta name=\"robots\" content=\"index, follow, max-snippet:-1, max-image-preview:large, max-video-preview:-1\" \/>\n<meta property=\"og:locale\" content=\"en_US\" \/>\n<meta property=\"og:type\" content=\"article\" \/>\n<meta property=\"og:title\" content=\"Cork Folk Festival featured on TG4 | Press Release | TG4\" \/>\n<meta property=\"og:description\" content=\"YouTube clip: https:\/\/youtu.be\/Jt0eASul0bM &nbsp; &nbsp; A visual and visceral feast for the senses awaits fans of traditional and folk music as the best of the annual Cork Folk Festival is transposed to our screens in a new six-part series captured in some of Cork\u2019s most iconic venues. Produced by Aniar TV, \u2018Cork Folk Festival\u2019 portrays [&hellip;]\" \/>\n<meta property=\"og:url\" content=\"https:\/\/dev.tg4.ie\/en\/information\/press\/press-releases\/2020-2\/cork-folk-festival-featured-on-tg4\/\" \/>\n<meta property=\"og:site_name\" content=\"TG4\" \/>\n<meta property=\"article:publisher\" content=\"https:\/\/www.facebook.com\/TG4TV\" \/>\n<meta property=\"article:modified_time\" content=\"2020-09-28T12:38:18+00:00\" \/>\n<meta property=\"og:image\" content=\"https:\/\/tg4-docs.s3.amazonaws.com\/tg4-redesign-2015\/wp-content\/uploads\/2020\/09\/CorkFolkFestival_Doireann_1_1920x1080.jpg\" \/>\n\t<meta property=\"og:image:width\" content=\"1920\" \/>\n\t<meta property=\"og:image:height\" content=\"1080\" \/>\n\t<meta property=\"og:image:type\" content=\"image\/jpeg\" \/>\n<meta name=\"twitter:card\" content=\"summary_large_image\" \/>\n<meta name=\"twitter:image\" content=\"https:\/\/tg4-docs.s3.amazonaws.com\/tg4-redesign-2015\/wp-content\/uploads\/2020\/09\/CorkFolkFestival_Doireann_1_1920x1080.jpg\" \/>\n<meta name=\"twitter:site\" content=\"@TG4TV\" \/>\n<meta name=\"twitter:label1\" content=\"Est. reading time\" \/>\n\t<meta name=\"twitter:data1\" content=\"2 minutes\" \/>\n<script type=\"application\/ld+json\" class=\"yoast-schema-graph\">{\"@context\":\"https:\/\/schema.org\",\"@graph\":[{\"@type\":\"WebPage\",\"@id\":\"https:\/\/dev.tg4.ie\/en\/information\/press\/press-releases\/2020-2\/cork-folk-festival-featured-on-tg4\/\",\"url\":\"https:\/\/dev.tg4.ie\/en\/information\/press\/press-releases\/2020-2\/cork-folk-festival-featured-on-tg4\/\",\"name\":\"Cork Folk Festival featured on TG4 | Press Release | TG4\",\"isPartOf\":{\"@id\":\"https:\/\/dev.tg4.ie\/en\/#website\"},\"primaryImageOfPage\":{\"@id\":\"https:\/\/dev.tg4.ie\/en\/information\/press\/press-releases\/2020-2\/cork-folk-festival-featured-on-tg4\/#primaryimage\"},\"image\":{\"@id\":\"https:\/\/dev.tg4.ie\/en\/information\/press\/press-releases\/2020-2\/cork-folk-festival-featured-on-tg4\/#primaryimage\"},\"thumbnailUrl\":\"https:\/\/dev.tg4.ie\/wp-content\/uploads\/2020\/09\/CorkFolkFestival_Doireann_1_1920x1080.jpg\",\"datePublished\":\"2020-09-28T12:35:17+00:00\",\"dateModified\":\"2020-09-28T12:38:18+00:00\",\"breadcrumb\":{\"@id\":\"https:\/\/dev.tg4.ie\/en\/information\/press\/press-releases\/2020-2\/cork-folk-festival-featured-on-tg4\/#breadcrumb\"},\"inLanguage\":\"en-ie\",\"potentialAction\":[{\"@type\":\"ReadAction\",\"target\":[\"https:\/\/dev.tg4.ie\/en\/information\/press\/press-releases\/2020-2\/cork-folk-festival-featured-on-tg4\/\"]}]},{\"@type\":\"ImageObject\",\"inLanguage\":\"en-ie\",\"@id\":\"https:\/\/dev.tg4.ie\/en\/information\/press\/press-releases\/2020-2\/cork-folk-festival-featured-on-tg4\/#primaryimage\",\"url\":\"https:\/\/dev.tg4.ie\/wp-content\/uploads\/2020\/09\/CorkFolkFestival_Doireann_1_1920x1080.jpg\",\"contentUrl\":\"https:\/\/dev.tg4.ie\/wp-content\/uploads\/2020\/09\/CorkFolkFestival_Doireann_1_1920x1080.jpg\"},{\"@type\":\"BreadcrumbList\",\"@id\":\"https:\/\/dev.tg4.ie\/en\/information\/press\/press-releases\/2020-2\/cork-folk-festival-featured-on-tg4\/#breadcrumb\",\"itemListElement\":[{\"@type\":\"ListItem\",\"position\":1,\"name\":\"Home\",\"item\":\"https:\/\/dev.tg4.ie\/en\/\"},{\"@type\":\"ListItem\",\"position\":2,\"name\":\"Information\",\"item\":\"https:\/\/dev.tg4.ie\/en\/information\/\"},{\"@type\":\"ListItem\",\"position\":3,\"name\":\"Press\",\"item\":\"https:\/\/dev.tg4.ie\/en\/information\/press\/\"},{\"@type\":\"ListItem\",\"position\":4,\"name\":\"Press Releases\",\"item\":\"https:\/\/dev.tg4.ie\/en\/information\/press\/press-releases\/\"},{\"@type\":\"ListItem\",\"position\":5,\"name\":\"2020\",\"item\":\"https:\/\/dev.tg4.ie\/en\/information\/press\/press-releases\/2020-2\/\"},{\"@type\":\"ListItem\",\"position\":6,\"name\":\"Cork Folk Festival featured on TG4\"}]},{\"@type\":\"WebSite\",\"@id\":\"https:\/\/dev.tg4.ie\/en\/#website\",\"url\":\"https:\/\/dev.tg4.ie\/en\/\",\"name\":\"TG4\",\"description\":\"S\u00fail Eile\",\"potentialAction\":[{\"@type\":\"SearchAction\",\"target\":{\"@type\":\"EntryPoint\",\"urlTemplate\":\"https:\/\/dev.tg4.ie\/en\/?s={search_term_string}\"},\"query-input\":\"required name=search_term_string\"}],\"inLanguage\":\"en-ie\"}]}<\/script>\n<!-- \/ Yoast SEO plugin. -->","yoast_head_json":{"title":"Cork Folk Festival featured on TG4 | Press Release | TG4","robots":{"index":"index","follow":"follow","max-snippet":"max-snippet:-1","max-image-preview":"max-image-preview:large","max-video-preview":"max-video-preview:-1"},"og_locale":"en_US","og_type":"article","og_title":"Cork Folk Festival featured on TG4 | Press Release | TG4","og_description":"YouTube clip: https:\/\/youtu.be\/Jt0eASul0bM &nbsp; &nbsp; A visual and visceral feast for the senses awaits fans of traditional and folk music as the best of the annual Cork Folk Festival is transposed to our screens in a new six-part series captured in some of Cork\u2019s most iconic venues. Produced by Aniar TV, \u2018Cork Folk Festival\u2019 portrays [&hellip;]","og_url":"https:\/\/dev.tg4.ie\/en\/information\/press\/press-releases\/2020-2\/cork-folk-festival-featured-on-tg4\/","og_site_name":"TG4","article_publisher":"https:\/\/www.facebook.com\/TG4TV","article_modified_time":"2020-09-28T12:38:18+00:00","og_image":[{"width":1920,"height":1080,"url":"https:\/\/tg4-docs.s3.amazonaws.com\/tg4-redesign-2015\/wp-content\/uploads\/2020\/09\/CorkFolkFestival_Doireann_1_1920x1080.jpg","type":"image\/jpeg"}],"twitter_card":"summary_large_image","twitter_image":"https:\/\/tg4-docs.s3.amazonaws.com\/tg4-redesign-2015\/wp-content\/uploads\/2020\/09\/CorkFolkFestival_Doireann_1_1920x1080.jpg","twitter_site":"@TG4TV","twitter_misc":{"Est. reading time":"2 minutes"},"schema":{"@context":"https:\/\/schema.org","@graph":[{"@type":"WebPage","@id":"https:\/\/dev.tg4.ie\/en\/information\/press\/press-releases\/2020-2\/cork-folk-festival-featured-on-tg4\/","url":"https:\/\/dev.tg4.ie\/en\/information\/press\/press-releases\/2020-2\/cork-folk-festival-featured-on-tg4\/","name":"Cork Folk Festival featured on TG4 | Press Release | TG4","isPartOf":{"@id":"https:\/\/dev.tg4.ie\/en\/#website"},"primaryImageOfPage":{"@id":"https:\/\/dev.tg4.ie\/en\/information\/press\/press-releases\/2020-2\/cork-folk-festival-featured-on-tg4\/#primaryimage"},"image":{"@id":"https:\/\/dev.tg4.ie\/en\/information\/press\/press-releases\/2020-2\/cork-folk-festival-featured-on-tg4\/#primaryimage"},"thumbnailUrl":"https:\/\/dev.tg4.ie\/wp-content\/uploads\/2020\/09\/CorkFolkFestival_Doireann_1_1920x1080.jpg","datePublished":"2020-09-28T12:35:17+00:00","dateModified":"2020-09-28T12:38:18+00:00","breadcrumb":{"@id":"https:\/\/dev.tg4.ie\/en\/information\/press\/press-releases\/2020-2\/cork-folk-festival-featured-on-tg4\/#breadcrumb"},"inLanguage":"en-ie","potentialAction":[{"@type":"ReadAction","target":["https:\/\/dev.tg4.ie\/en\/information\/press\/press-releases\/2020-2\/cork-folk-festival-featured-on-tg4\/"]}]},{"@type":"ImageObject","inLanguage":"en-ie","@id":"https:\/\/dev.tg4.ie\/en\/information\/press\/press-releases\/2020-2\/cork-folk-festival-featured-on-tg4\/#primaryimage","url":"https:\/\/dev.tg4.ie\/wp-content\/uploads\/2020\/09\/CorkFolkFestival_Doireann_1_1920x1080.jpg","contentUrl":"https:\/\/dev.tg4.ie\/wp-content\/uploads\/2020\/09\/CorkFolkFestival_Doireann_1_1920x1080.jpg"},{"@type":"BreadcrumbList","@id":"https:\/\/dev.tg4.ie\/en\/information\/press\/press-releases\/2020-2\/cork-folk-festival-featured-on-tg4\/#breadcrumb","itemListElement":[{"@type":"ListItem","position":1,"name":"Home","item":"https:\/\/dev.tg4.ie\/en\/"},{"@type":"ListItem","position":2,"name":"Information","item":"https:\/\/dev.tg4.ie\/en\/information\/"},{"@type":"ListItem","position":3,"name":"Press","item":"https:\/\/dev.tg4.ie\/en\/information\/press\/"},{"@type":"ListItem","position":4,"name":"Press Releases","item":"https:\/\/dev.tg4.ie\/en\/information\/press\/press-releases\/"},{"@type":"ListItem","position":5,"name":"2020","item":"https:\/\/dev.tg4.ie\/en\/information\/press\/press-releases\/2020-2\/"},{"@type":"ListItem","position":6,"name":"Cork Folk Festival featured on TG4"}]},{"@type":"WebSite","@id":"https:\/\/dev.tg4.ie\/en\/#website","url":"https:\/\/dev.tg4.ie\/en\/","name":"TG4","description":"S\u00fail Eile","potentialAction":[{"@type":"SearchAction","target":{"@type":"EntryPoint","urlTemplate":"https:\/\/dev.tg4.ie\/en\/?s={search_term_string}"},"query-input":"required name=search_term_string"}],"inLanguage":"en-ie"}]}},"_links":{"self":[{"href":"https:\/\/dev.tg4.ie\/en\/wp-json\/wp\/v2\/pages\/114447"}],"collection":[{"href":"https:\/\/dev.tg4.ie\/en\/wp-json\/wp\/v2\/pages"}],"about":[{"href":"https:\/\/dev.tg4.ie\/en\/wp-json\/wp\/v2\/types\/page"}],"author":[{"embeddable":true,"href":"https:\/\/dev.tg4.ie\/en\/wp-json\/wp\/v2\/users\/876"}],"replies":[{"embeddable":true,"href":"https:\/\/dev.tg4.ie\/en\/wp-json\/wp\/v2\/comments?post=114447"}],"version-history":[{"count":0,"href":"https:\/\/dev.tg4.ie\/en\/wp-json\/wp\/v2\/pages\/114447\/revisions"}],"up":[{"embeddable":true,"href":"https:\/\/dev.tg4.ie\/en\/wp-json\/wp\/v2\/pages\/111527"}],"wp:attachment":[{"href":"https:\/\/dev.tg4.ie\/en\/wp-json\/wp\/v2\/media?parent=114447"}],"curies":[{"name":"wp","href":"https:\/\/api.w.org\/{rel}","templated":true}]}}