{"id":114474,"date":"2020-09-28T16:37:16","date_gmt":"2020-09-28T15:37:16","guid":{"rendered":"https:\/\/dev.tg4.ie\/?page_id=114474"},"modified":"2021-11-04T15:41:14","modified_gmt":"2021-11-04T15:41:14","slug":"new-season-of-guinness-pro14-rugby-to-kick-off-on-tg4","status":"publish","type":"page","link":"https:\/\/dev.tg4.ie\/en\/information\/press\/press-releases\/2020-2\/new-season-of-guinness-pro14-rugby-to-kick-off-on-tg4\/","title":{"rendered":"New Season of Guinness PRO14 Rugby to kick off on TG4"},"content":{"rendered":"<p><a href=\"https:\/\/tg4-docs.s3.amazonaws.com\/tg4-redesign-2015\/wp-content\/uploads\/2020\/09\/PRO14_20_MT_1_1920x1080.jpg\"><img loading=\"lazy\" decoding=\"async\" width=\"1920\" height=\"1080\" src=\"https:\/\/tg4-docs.s3.amazonaws.com\/tg4-redesign-2015\/wp-content\/uploads\/2020\/09\/PRO14_20_MT_1_1920x1080.jpg\" alt=\"\" class=\"alignnone size-full wp-image-114469\" srcset=\"https:\/\/tg4-docs.s3.amazonaws.com\/tg4-redesign-2015\/wp-content\/uploads\/2020\/09\/PRO14_20_MT_1_1920x1080.jpg 1920w, https:\/\/tg4-docs.s3.amazonaws.com\/tg4-redesign-2015\/wp-content\/uploads\/2020\/09\/PRO14_20_MT_1_1920x1080-250x141.jpg 250w, https:\/\/tg4-docs.s3.amazonaws.com\/tg4-redesign-2015\/wp-content\/uploads\/2020\/09\/PRO14_20_MT_1_1920x1080-700x394.jpg 700w, https:\/\/tg4-docs.s3.amazonaws.com\/tg4-redesign-2015\/wp-content\/uploads\/2020\/09\/PRO14_20_MT_1_1920x1080-252x141.jpg 252w, https:\/\/tg4-docs.s3.amazonaws.com\/tg4-redesign-2015\/wp-content\/uploads\/2020\/09\/PRO14_20_MT_1_1920x1080-1536x864.jpg 1536w, https:\/\/tg4-docs.s3.amazonaws.com\/tg4-redesign-2015\/wp-content\/uploads\/2020\/09\/PRO14_20_MT_1_1920x1080-120x68.jpg 120w\" sizes=\"(max-width: 1920px) 100vw, 1920px\" \/><\/a><br \/>\n&nbsp;<br \/>\nIn an utterly changed sporting landscape there\u2019s something comforting about the return of TG4\u2019s <strong>Rugba\u00ed Beo<\/strong> to our screens. A staple in the station&#8217;s extensive sports coverage going back to the inaugural 2001 Celtic League, Rugba\u00ed Beo returns on the weekend of Friday 2nd October with a whopping 3 live matches featuring Leinster, Munster and Connacht along with highlights from Ulster. <\/p>\n<p>The Irish Language broadcaster\u2019s live coverage begins on <strong>Friday 2nd October<\/strong> with recently-crowned 4-times champions Leinster as they welcome Dragons to the RDS followed by highlights of beaten finalist Ulster\u2019s contest with Benetton from the Kingspan Stadium. This will be followed by a bumper afternoon of live rugby on TG4 on Saturday 3rd October as Scarlets host Munster in Parc y Scarlets followed by live coverage from The Sportsground where Connacht host Glasgow in the opening round of the Guinness PRO14 Championship.<\/p>\n<p>TG4 are also delighted to announce the arrival of prime time <strong>Monday Night Rugby<\/strong> as coverage of Munster\u2019s October Bank Holiday clash with Cardiff will be available free to air, kicking off at 8.15pm.<\/p>\n<p>TG4 will broadcast <strong>29 live games free to air this season<\/strong>, as well as extensive highlights from each round and deferred coverage of a further 6 interprovincial games. Audiences can expect to see more of TG4\u2019s widely lauded innovations such as behind the scenes ref-briefings, warm-up interviews with head-coaches and audio-snoops on coaches and players. The effervescent M\u00e1ire Treasa N\u00ed Dhubhghaill will be joined by Eimear Considine, Deirbhile Nic a Bh\u00e1ird, Marcus Horan, Stephen Ferris, Mike Sherry, Ronan Loughney, Eoghan \u00d3 Neachtain, Eamonn Molloy and a host of others for expert analysis.<\/p>\n<p>The focus will be on the Irish Provinces in the Guinness PRO14 Championship, as Leinster who ran out convincing winners of the 2018\/19 season will be seeking an historic quadruple while Connacht will be hoping to build on their progress to date under head-coach Andy Friend. Ulster, who proved very impressive last season will be aiming to go a step further than last season\u2019s tough final defeat while Munster will be hoping that they can break their semi-final hoodoo and progress to the Final for the first time since 2017.<\/p>\n<p>Speaking today ahead of the start of the new Rugba\u00ed Beo season, TG4\u2019s Head of Sport, R\u00f3n\u00e1n \u00d3 Coisdealbha said: \u201cNow, more than ever, the collective experience of free-to-air sport is vitally important. We are delighted to be able to bring Irish audiences the most comprehensive terrestrially available rugby coverage featuring 28 live games with further extensive highlights and delayed transmission games. With restricted access to venues, TG4 will continue to bring audiences closer to the action through our constant efforts to innovate in our sports coverage.\u201d       TG4\u2019s rugby coverage is produced by An Spid\u00e9al based <strong>Iris Productions<\/strong>.<br \/>\n&nbsp;<br \/>\n<strong>TG4\u2019s Rugba\u00ed Beo coverage includes:<\/strong><\/p>\n<ul>\n<li>Live coverage of all Munster Rugby and Leinster Rugby matches against Welsh opposition.<\/li>\n<li>Live coverage of all Connacht Rugby\u2019s home games.<\/li>\n<li>Live and exclusive coverage of all Connacht matches against Welsh opposition.<\/li>\n<\/ul>\n<p>&nbsp;<br \/>\nRound 1:<\/p>\n<ul>\n<li>Friday 2nd October          Ulster v Benetton          Kick-off: 8.15pm      Highlights on TG4 at 10.25pm<\/li>\n<li>Friday 2nd October          Leinster v Dragons         Kick-off: 8.15pm      Live on TG4 at 7.50pm<\/li>\n<li>Saturday 3rd October      Scarlets v Munster         Kick-off: 3.00pm      Live on TG4 at 2.50pm<\/li>\n<li>Saturday 3rd October      Connacht v Glasgow      Kick-off: 5.15pm      Live on TG4<\/li>\n<\/ul>\n<p>&nbsp;<br \/>\nRound 2:<\/p>\n<ul>\n<li>Saturday 10th October      Benetton v Leinster        Kick-off: 5.15pm      Highlights<\/li>\n<li>Saturday 10th October      Munster v Edinburgh     Kick-off: 7.35pm      Highlights<\/li>\n<li>Saturday 10th October      Cardiff v Connacht          Kick-off: 7.30pm      Live on TG4<\/li>\n<\/ul>\n<p>&nbsp;<br \/>\nRound 3:<\/p>\n<ul>\n<li>Friday 23rd October          Leinster v Zebre          Kick-off: 7.35pm      Live on TG4<\/li>\n<li>Monday 26th October      Munster v Cardiff       Kick-off: 8.15pm      Live on TG4<\/li>\n<\/ul>\n<p>&nbsp;<br \/>\nRound 4:<\/p>\n<ul>\n<li>Sunday 1st November        Dragons v Munster          Kick-off: 2.00pm     Live on TG4<\/li>\n<li>Sunday 1st November        Connacht v Benetton      Kick-off: 4.30pm     Live on TG4<\/li>\n<li>Monday 2nd November     Cardiff v Ulster                 Highlights on TG4 at 9.00pm<\/li>\n<li>Monday 2nd November      Glasgow v Leinster         Highlights on TG4 at 11.35pm<\/li>\n<\/ul>\n<p>&nbsp;<br \/>\nRound 5:<\/p>\n<ul>\n<li>Saturday 7th November      Benetton v Munster       Kick-off: 2.00pm      Highlights<\/li>\n<li>Saturday 7th November      Dragons v Connacht       Kick-off: 5.15pm      Live on TG4<\/li>\n<li>Sunday 8th November      Ospreys v Leinster             Kick-off: 3.00pm      Live on TG4<\/li>\n<li>Monday 9th November      Ulster v Glasgow             Kick-off: 8.15pm      Highlights on TG4 at 11.35pm<\/li>\n<\/ul>\n<p>&nbsp;<br \/>\nRound 6:<\/p>\n<ul>\n<li>Saturday 14th November      Connacht v Scarlets        Kick-off: 7.35pm     Live on TG4<\/li>\n<li>Sunday 15th November         Munster v Ospreys         Kick-off: 2.45pm     Live on TG4<\/li>\n<li>Monday 16th November       Zebre v Ulster                 Highlights on TG4<\/li>\n<li>Monday 16th November       Leinster v Edinburgh      Highlights on TG4<\/li>\n<\/ul>\n<p> &nbsp;<\/p>\n<p>Round 7:<\/p>\n<ul>\n<li>Sunday 22nd  November       Leinster v Cardiff          Kick-off: 5.15pm      Live on TG4<\/li>\n<li>Monday 23rd November       Glasgow v Munster      Kick-off: 8.15pm      Highlights on TG4<\/li>\n<\/ul>\n<p> &nbsp;<\/p>\n<p>Round 8:<\/p>\n<ul>\n<li>Saturday 28th November     Connacht v Ospreys      Kick-off: 7.35pm      Live on TG4<\/li>\n<li>Sunday 29th  November       Scarlets v Leinster          Kick-off: 5:15pm      Live on TG4<\/li>\n<li>Monday 30th  November     Munster v Zebre            Highlights on TG4<\/li>\n<li>Monday 30th November      Edinburgh v Ulster         Highlights on TG4<\/li>\n<\/ul>\n<p>&nbsp;<\/p>\n","protected":false},"excerpt":{"rendered":"<p>&nbsp; In an utterly changed sporting landscape there\u2019s something comforting about the return of TG4\u2019s Rugba\u00ed Beo to our screens. A staple in the station&#8217;s extensive sports coverage going back to the inaugural 2001 Celtic League, Rugba\u00ed Beo returns on the weekend of Friday 2nd October with a whopping 3 live matches featuring Leinster, Munster [&hellip;]<\/p>\n","protected":false},"author":876,"featured_media":0,"parent":111527,"menu_order":42,"comment_status":"closed","ping_status":"closed","template":"page-templates\/template-pr.php","meta":{"_acf_changed":false,"footnotes":""},"acf":[],"yoast_head":"<!-- This site is optimized with the Yoast SEO plugin v22.6 - https:\/\/yoast.com\/wordpress\/plugins\/seo\/ -->\n<title>TG4 | New Season of Guinness PRO14 Rugby to kick off on TG4 | 2020 | Press Releases | Press | Irish Television Channel, S\u00fail Eile<\/title>\n<meta name=\"description\" content=\"TG4\u2019s Rugba\u00ed Beo is back once again as the newest season of the Guinness PRO14 Rugby kicks off\" \/>\n<meta name=\"robots\" content=\"index, follow, max-snippet:-1, max-image-preview:large, max-video-preview:-1\" \/>\n<meta property=\"og:locale\" content=\"en_US\" \/>\n<meta property=\"og:type\" content=\"article\" \/>\n<meta property=\"og:title\" content=\"TG4 | New Season of Guinness PRO14 Rugby to kick off on TG4 | 2020 | Press Releases | Press | Irish Television Channel, S\u00fail Eile\" \/>\n<meta property=\"og:description\" content=\"TG4\u2019s Rugba\u00ed Beo is back once again as the newest season of the Guinness PRO14 Rugby kicks off\" \/>\n<meta property=\"og:url\" content=\"https:\/\/dev.tg4.ie\/en\/information\/press\/press-releases\/2020-2\/new-season-of-guinness-pro14-rugby-to-kick-off-on-tg4\/\" \/>\n<meta property=\"og:site_name\" content=\"TG4\" \/>\n<meta property=\"article:publisher\" content=\"https:\/\/www.facebook.com\/TG4TV\" \/>\n<meta property=\"article:modified_time\" content=\"2021-11-04T15:41:14+00:00\" \/>\n<meta property=\"og:image\" content=\"https:\/\/tg4-docs.s3.amazonaws.com\/tg4-redesign-2015\/wp-content\/uploads\/2020\/09\/PRO14_20_MT_1_1920x1080.jpg\" \/>\n\t<meta property=\"og:image:width\" content=\"1920\" \/>\n\t<meta property=\"og:image:height\" content=\"1080\" \/>\n\t<meta property=\"og:image:type\" content=\"image\/jpeg\" \/>\n<meta name=\"twitter:card\" content=\"summary_large_image\" \/>\n<meta name=\"twitter:image\" content=\"https:\/\/tg4-docs.s3.amazonaws.com\/tg4-redesign-2015\/wp-content\/uploads\/2020\/09\/PRO14_20_MT_1_1920x1080.jpg\" \/>\n<meta name=\"twitter:site\" content=\"@TG4TV\" \/>\n<meta name=\"twitter:label1\" content=\"Est. reading time\" \/>\n\t<meta name=\"twitter:data1\" content=\"4 minutes\" \/>\n<script type=\"application\/ld+json\" class=\"yoast-schema-graph\">{\"@context\":\"https:\/\/schema.org\",\"@graph\":[{\"@type\":\"WebPage\",\"@id\":\"https:\/\/dev.tg4.ie\/en\/information\/press\/press-releases\/2020-2\/new-season-of-guinness-pro14-rugby-to-kick-off-on-tg4\/\",\"url\":\"https:\/\/dev.tg4.ie\/en\/information\/press\/press-releases\/2020-2\/new-season-of-guinness-pro14-rugby-to-kick-off-on-tg4\/\",\"name\":\"TG4 | New Season of Guinness PRO14 Rugby to kick off on TG4 | 2020 | Press Releases | Press | Irish Television Channel, S\u00fail Eile\",\"isPartOf\":{\"@id\":\"https:\/\/dev.tg4.ie\/en\/#website\"},\"primaryImageOfPage\":{\"@id\":\"https:\/\/dev.tg4.ie\/en\/information\/press\/press-releases\/2020-2\/new-season-of-guinness-pro14-rugby-to-kick-off-on-tg4\/#primaryimage\"},\"image\":{\"@id\":\"https:\/\/dev.tg4.ie\/en\/information\/press\/press-releases\/2020-2\/new-season-of-guinness-pro14-rugby-to-kick-off-on-tg4\/#primaryimage\"},\"thumbnailUrl\":\"https:\/\/dev.tg4.ie\/wp-content\/uploads\/2020\/09\/PRO14_20_MT_1_1920x1080.jpg\",\"datePublished\":\"2020-09-28T15:37:16+00:00\",\"dateModified\":\"2021-11-04T15:41:14+00:00\",\"description\":\"TG4\u2019s Rugba\u00ed Beo is back once again as the newest season of the Guinness PRO14 Rugby kicks off\",\"breadcrumb\":{\"@id\":\"https:\/\/dev.tg4.ie\/en\/information\/press\/press-releases\/2020-2\/new-season-of-guinness-pro14-rugby-to-kick-off-on-tg4\/#breadcrumb\"},\"inLanguage\":\"en-ie\",\"potentialAction\":[{\"@type\":\"ReadAction\",\"target\":[\"https:\/\/dev.tg4.ie\/en\/information\/press\/press-releases\/2020-2\/new-season-of-guinness-pro14-rugby-to-kick-off-on-tg4\/\"]}]},{\"@type\":\"ImageObject\",\"inLanguage\":\"en-ie\",\"@id\":\"https:\/\/dev.tg4.ie\/en\/information\/press\/press-releases\/2020-2\/new-season-of-guinness-pro14-rugby-to-kick-off-on-tg4\/#primaryimage\",\"url\":\"https:\/\/dev.tg4.ie\/wp-content\/uploads\/2020\/09\/PRO14_20_MT_1_1920x1080.jpg\",\"contentUrl\":\"https:\/\/dev.tg4.ie\/wp-content\/uploads\/2020\/09\/PRO14_20_MT_1_1920x1080.jpg\"},{\"@type\":\"BreadcrumbList\",\"@id\":\"https:\/\/dev.tg4.ie\/en\/information\/press\/press-releases\/2020-2\/new-season-of-guinness-pro14-rugby-to-kick-off-on-tg4\/#breadcrumb\",\"itemListElement\":[{\"@type\":\"ListItem\",\"position\":1,\"name\":\"Home\",\"item\":\"https:\/\/dev.tg4.ie\/en\/\"},{\"@type\":\"ListItem\",\"position\":2,\"name\":\"Information\",\"item\":\"https:\/\/dev.tg4.ie\/en\/information\/\"},{\"@type\":\"ListItem\",\"position\":3,\"name\":\"Press\",\"item\":\"https:\/\/dev.tg4.ie\/en\/information\/press\/\"},{\"@type\":\"ListItem\",\"position\":4,\"name\":\"Press Releases\",\"item\":\"https:\/\/dev.tg4.ie\/en\/information\/press\/press-releases\/\"},{\"@type\":\"ListItem\",\"position\":5,\"name\":\"2020\",\"item\":\"https:\/\/dev.tg4.ie\/en\/information\/press\/press-releases\/2020-2\/\"},{\"@type\":\"ListItem\",\"position\":6,\"name\":\"New Season of Guinness PRO14 Rugby to kick off on TG4\"}]},{\"@type\":\"WebSite\",\"@id\":\"https:\/\/dev.tg4.ie\/en\/#website\",\"url\":\"https:\/\/dev.tg4.ie\/en\/\",\"name\":\"TG4\",\"description\":\"S\u00fail Eile\",\"potentialAction\":[{\"@type\":\"SearchAction\",\"target\":{\"@type\":\"EntryPoint\",\"urlTemplate\":\"https:\/\/dev.tg4.ie\/en\/?s={search_term_string}\"},\"query-input\":\"required name=search_term_string\"}],\"inLanguage\":\"en-ie\"}]}<\/script>\n<!-- \/ Yoast SEO plugin. -->","yoast_head_json":{"title":"TG4 | New Season of Guinness PRO14 Rugby to kick off on TG4 | 2020 | Press Releases | Press | Irish Television Channel, S\u00fail Eile","description":"TG4\u2019s Rugba\u00ed Beo is back once again as the newest season of the Guinness PRO14 Rugby kicks off","robots":{"index":"index","follow":"follow","max-snippet":"max-snippet:-1","max-image-preview":"max-image-preview:large","max-video-preview":"max-video-preview:-1"},"og_locale":"en_US","og_type":"article","og_title":"TG4 | New Season of Guinness PRO14 Rugby to kick off on TG4 | 2020 | Press Releases | Press | Irish Television Channel, S\u00fail Eile","og_description":"TG4\u2019s Rugba\u00ed Beo is back once again as the newest season of the Guinness PRO14 Rugby kicks off","og_url":"https:\/\/dev.tg4.ie\/en\/information\/press\/press-releases\/2020-2\/new-season-of-guinness-pro14-rugby-to-kick-off-on-tg4\/","og_site_name":"TG4","article_publisher":"https:\/\/www.facebook.com\/TG4TV","article_modified_time":"2021-11-04T15:41:14+00:00","og_image":[{"width":1920,"height":1080,"url":"https:\/\/tg4-docs.s3.amazonaws.com\/tg4-redesign-2015\/wp-content\/uploads\/2020\/09\/PRO14_20_MT_1_1920x1080.jpg","type":"image\/jpeg"}],"twitter_card":"summary_large_image","twitter_image":"https:\/\/tg4-docs.s3.amazonaws.com\/tg4-redesign-2015\/wp-content\/uploads\/2020\/09\/PRO14_20_MT_1_1920x1080.jpg","twitter_site":"@TG4TV","twitter_misc":{"Est. reading time":"4 minutes"},"schema":{"@context":"https:\/\/schema.org","@graph":[{"@type":"WebPage","@id":"https:\/\/dev.tg4.ie\/en\/information\/press\/press-releases\/2020-2\/new-season-of-guinness-pro14-rugby-to-kick-off-on-tg4\/","url":"https:\/\/dev.tg4.ie\/en\/information\/press\/press-releases\/2020-2\/new-season-of-guinness-pro14-rugby-to-kick-off-on-tg4\/","name":"TG4 | New Season of Guinness PRO14 Rugby to kick off on TG4 | 2020 | Press Releases | Press | Irish Television Channel, S\u00fail Eile","isPartOf":{"@id":"https:\/\/dev.tg4.ie\/en\/#website"},"primaryImageOfPage":{"@id":"https:\/\/dev.tg4.ie\/en\/information\/press\/press-releases\/2020-2\/new-season-of-guinness-pro14-rugby-to-kick-off-on-tg4\/#primaryimage"},"image":{"@id":"https:\/\/dev.tg4.ie\/en\/information\/press\/press-releases\/2020-2\/new-season-of-guinness-pro14-rugby-to-kick-off-on-tg4\/#primaryimage"},"thumbnailUrl":"https:\/\/dev.tg4.ie\/wp-content\/uploads\/2020\/09\/PRO14_20_MT_1_1920x1080.jpg","datePublished":"2020-09-28T15:37:16+00:00","dateModified":"2021-11-04T15:41:14+00:00","description":"TG4\u2019s Rugba\u00ed Beo is back once again as the newest season of the Guinness PRO14 Rugby kicks off","breadcrumb":{"@id":"https:\/\/dev.tg4.ie\/en\/information\/press\/press-releases\/2020-2\/new-season-of-guinness-pro14-rugby-to-kick-off-on-tg4\/#breadcrumb"},"inLanguage":"en-ie","potentialAction":[{"@type":"ReadAction","target":["https:\/\/dev.tg4.ie\/en\/information\/press\/press-releases\/2020-2\/new-season-of-guinness-pro14-rugby-to-kick-off-on-tg4\/"]}]},{"@type":"ImageObject","inLanguage":"en-ie","@id":"https:\/\/dev.tg4.ie\/en\/information\/press\/press-releases\/2020-2\/new-season-of-guinness-pro14-rugby-to-kick-off-on-tg4\/#primaryimage","url":"https:\/\/dev.tg4.ie\/wp-content\/uploads\/2020\/09\/PRO14_20_MT_1_1920x1080.jpg","contentUrl":"https:\/\/dev.tg4.ie\/wp-content\/uploads\/2020\/09\/PRO14_20_MT_1_1920x1080.jpg"},{"@type":"BreadcrumbList","@id":"https:\/\/dev.tg4.ie\/en\/information\/press\/press-releases\/2020-2\/new-season-of-guinness-pro14-rugby-to-kick-off-on-tg4\/#breadcrumb","itemListElement":[{"@type":"ListItem","position":1,"name":"Home","item":"https:\/\/dev.tg4.ie\/en\/"},{"@type":"ListItem","position":2,"name":"Information","item":"https:\/\/dev.tg4.ie\/en\/information\/"},{"@type":"ListItem","position":3,"name":"Press","item":"https:\/\/dev.tg4.ie\/en\/information\/press\/"},{"@type":"ListItem","position":4,"name":"Press Releases","item":"https:\/\/dev.tg4.ie\/en\/information\/press\/press-releases\/"},{"@type":"ListItem","position":5,"name":"2020","item":"https:\/\/dev.tg4.ie\/en\/information\/press\/press-releases\/2020-2\/"},{"@type":"ListItem","position":6,"name":"New Season of Guinness PRO14 Rugby to kick off on TG4"}]},{"@type":"WebSite","@id":"https:\/\/dev.tg4.ie\/en\/#website","url":"https:\/\/dev.tg4.ie\/en\/","name":"TG4","description":"S\u00fail Eile","potentialAction":[{"@type":"SearchAction","target":{"@type":"EntryPoint","urlTemplate":"https:\/\/dev.tg4.ie\/en\/?s={search_term_string}"},"query-input":"required name=search_term_string"}],"inLanguage":"en-ie"}]}},"_links":{"self":[{"href":"https:\/\/dev.tg4.ie\/en\/wp-json\/wp\/v2\/pages\/114474"}],"collection":[{"href":"https:\/\/dev.tg4.ie\/en\/wp-json\/wp\/v2\/pages"}],"about":[{"href":"https:\/\/dev.tg4.ie\/en\/wp-json\/wp\/v2\/types\/page"}],"author":[{"embeddable":true,"href":"https:\/\/dev.tg4.ie\/en\/wp-json\/wp\/v2\/users\/876"}],"replies":[{"embeddable":true,"href":"https:\/\/dev.tg4.ie\/en\/wp-json\/wp\/v2\/comments?post=114474"}],"version-history":[{"count":0,"href":"https:\/\/dev.tg4.ie\/en\/wp-json\/wp\/v2\/pages\/114474\/revisions"}],"up":[{"embeddable":true,"href":"https:\/\/dev.tg4.ie\/en\/wp-json\/wp\/v2\/pages\/111527"}],"wp:attachment":[{"href":"https:\/\/dev.tg4.ie\/en\/wp-json\/wp\/v2\/media?parent=114474"}],"curies":[{"name":"wp","href":"https:\/\/api.w.org\/{rel}","templated":true}]}}