{"id":114485,"date":"2020-09-28T17:02:15","date_gmt":"2020-09-28T16:02:15","guid":{"rendered":"https:\/\/dev.tg4.ie\/?page_id=114485"},"modified":"2021-11-04T16:48:41","modified_gmt":"2021-11-04T16:48:41","slug":"hector-africa-a-go-z","status":"publish","type":"page","link":"https:\/\/dev.tg4.ie\/en\/information\/press\/press-releases\/2020-2\/hector-africa-a-go-z\/","title":{"rendered":"Hector Africa A go Z"},"content":{"rendered":"<p>YouTube clip: <a href=\"https:\/\/youtu.be\/dkZ19ZqJhmg\" rel=\"noopener noreferrer\" target=\"_blank\">https:\/\/youtu.be\/dkZ19ZqJhmg<\/a><br \/>\n&nbsp;<br \/>\n<a href=\"https:\/\/tg4-docs.s3.amazonaws.com\/tg4-redesign-2015\/wp-content\/uploads\/2020\/09\/Hector_AgoZ_Preas_2_1920x1080.jpg\"><img loading=\"lazy\" decoding=\"async\" width=\"1920\" height=\"1080\" src=\"https:\/\/tg4-docs.s3.amazonaws.com\/tg4-redesign-2015\/wp-content\/uploads\/2020\/09\/Hector_AgoZ_Preas_2_1920x1080.jpg\" alt=\"\" class=\"alignnone size-full wp-image-114488\" srcset=\"https:\/\/tg4-docs.s3.amazonaws.com\/tg4-redesign-2015\/wp-content\/uploads\/2020\/09\/Hector_AgoZ_Preas_2_1920x1080.jpg 1920w, https:\/\/tg4-docs.s3.amazonaws.com\/tg4-redesign-2015\/wp-content\/uploads\/2020\/09\/Hector_AgoZ_Preas_2_1920x1080-250x141.jpg 250w, https:\/\/tg4-docs.s3.amazonaws.com\/tg4-redesign-2015\/wp-content\/uploads\/2020\/09\/Hector_AgoZ_Preas_2_1920x1080-700x394.jpg 700w, https:\/\/tg4-docs.s3.amazonaws.com\/tg4-redesign-2015\/wp-content\/uploads\/2020\/09\/Hector_AgoZ_Preas_2_1920x1080-252x141.jpg 252w, https:\/\/tg4-docs.s3.amazonaws.com\/tg4-redesign-2015\/wp-content\/uploads\/2020\/09\/Hector_AgoZ_Preas_2_1920x1080-1536x864.jpg 1536w, https:\/\/tg4-docs.s3.amazonaws.com\/tg4-redesign-2015\/wp-content\/uploads\/2020\/09\/Hector_AgoZ_Preas_2_1920x1080-120x68.jpg 120w\" sizes=\"(max-width: 1920px) 100vw, 1920px\" \/><\/a><br \/>\n&nbsp;<br \/>\n<a href=\"https:\/\/twitter.com\/search?q=%23HectorAfrica&#038;src=typed_query\" rel=\"noopener noreferrer\" target=\"_blank\">#HectorAfrica<\/a><br \/>\n&nbsp;<br \/>\n\u2018Hector Africa \u2013 A go Z\u2019 will see Ireland\u2019s most famous traveller, Hector \u00d3 hEochag\u00e1in take you on the first 3 stops on an African road trip of a lifetime from Addis to Zimbabwe. From safaris to Olympic greats, from tribes to wildlife rangers, from rastas to khat farms, from slums to camel markets, Hector takes you on the most dangerous, most volatile journey of his life as he begins this amazing road trip through the continent of Africa. Beginning in Addis Ababa in Ethiopia, he\u2019ll zip you through Sudan and drop you off in Nairobi, Kenya. It\u2019s a road trip you\u2019ll never forget the \u2018A go Z\u2019 of Africa with Hector at the helm!<br \/>\n&nbsp;<br \/>\n<strong>Ep 1 &#8211; Ethiopia:  8\/10 9.30pm<\/strong><\/p>\n<p>Hector\u2019s road trip through Africa begins in Addis Ababa where he meets up with one of the greatest distance runners of all time Haile Gebrselassie, checks out the coffee trade and some fashion and then discovers that he has really arrived in 2012 according to their calendar. He journeys South taking in the Rastafarian Community in Shashamane, feels the effect of the local khat and then takes on the painstaking journey further south to the Omo Valley to be part of the bull jumping ritual with the Hamar Tribe.<br \/>\n&nbsp;<br \/>\n<strong>Ep 2 &#8211; Sudan: 15\/10 9.30pm<\/strong><\/p>\n<p>Hector lands in Sudan&#8217;s Capital, Khartoum where the Blue and the White River Nile meet. Arriving months after the revolution, life has changed so much for the people. He links up with the women\u2019s national soccer team, is a special guest at a wrestling competition, checks out a camel market before taking on a massive journey North to the Ancient Capital of the Kingdom of Kush and it\u2019s amazing pyramids.<br \/>\n&nbsp;<br \/>\n<strong>Ep 3 &#8211; Kenya:  22\/10 9.30pm<\/strong><\/p>\n<p>Hector lands in Nairobi, Kenya and sees a city that has changed so much since his last time here 16 years ago. After a chat with John-Allan Namu, an investigative journalist, Hector links up with Irish missionary Sr Miriam Duggan in the slums of Nairobi before heading to the mountainous town of Iten which is home to the \u2018Godfather of Kenyan running\u2019 who just happens to be an Irishman. From conservationists to wildlife rangers it is an incredible trip as he finally ends up in the Land of the Samburu.<\/p>\n<p>&nbsp;<\/p>\n","protected":false},"excerpt":{"rendered":"<p>YouTube clip: https:\/\/youtu.be\/dkZ19ZqJhmg &nbsp; &nbsp; #HectorAfrica &nbsp; \u2018Hector Africa \u2013 A go Z\u2019 will see Ireland\u2019s most famous traveller, Hector \u00d3 hEochag\u00e1in take you on the first 3 stops on an African road trip of a lifetime from Addis to Zimbabwe. From safaris to Olympic greats, from tribes to wildlife rangers, from rastas to khat [&hellip;]<\/p>\n","protected":false},"author":876,"featured_media":0,"parent":111527,"menu_order":43,"comment_status":"closed","ping_status":"closed","template":"page-templates\/template-pr.php","meta":{"_acf_changed":false,"footnotes":""},"acf":[],"yoast_head":"<!-- This site is optimized with the Yoast SEO plugin v22.6 - https:\/\/yoast.com\/wordpress\/plugins\/seo\/ -->\n<title>TG4 | Hector Africa A go Z | 2020 | Press Releases | Press | Irish Television Channel, S\u00fail Eile<\/title>\n<meta name=\"description\" content=\"Ireland&#039;s favourite traveller, Hector \u00d3 hEochag\u00e1in, takes on Africa with his new 3-part series &#039;Hector Africa \u2013 A go Z&#039;\" \/>\n<meta name=\"robots\" content=\"index, follow, max-snippet:-1, max-image-preview:large, max-video-preview:-1\" \/>\n<meta property=\"og:locale\" content=\"en_US\" \/>\n<meta property=\"og:type\" content=\"article\" \/>\n<meta property=\"og:title\" content=\"TG4 | Hector Africa A go Z | 2020 | Press Releases | Press | Irish Television Channel, S\u00fail Eile\" \/>\n<meta property=\"og:description\" content=\"Ireland&#039;s favourite traveller, Hector \u00d3 hEochag\u00e1in, takes on Africa with his new 3-part series &#039;Hector Africa \u2013 A go Z&#039;\" \/>\n<meta property=\"og:url\" content=\"https:\/\/dev.tg4.ie\/en\/information\/press\/press-releases\/2020-2\/hector-africa-a-go-z\/\" \/>\n<meta property=\"og:site_name\" content=\"TG4\" \/>\n<meta property=\"article:publisher\" content=\"https:\/\/www.facebook.com\/TG4TV\" \/>\n<meta property=\"article:modified_time\" content=\"2021-11-04T16:48:41+00:00\" \/>\n<meta property=\"og:image\" content=\"https:\/\/tg4-docs.s3.amazonaws.com\/tg4-redesign-2015\/wp-content\/uploads\/2020\/09\/Hector_AgoZ_Preas_2_1920x1080.jpg\" \/>\n\t<meta property=\"og:image:width\" content=\"1920\" \/>\n\t<meta property=\"og:image:height\" content=\"1080\" \/>\n\t<meta property=\"og:image:type\" content=\"image\/jpeg\" \/>\n<meta name=\"twitter:card\" content=\"summary_large_image\" \/>\n<meta name=\"twitter:image\" content=\"https:\/\/tg4-docs.s3.amazonaws.com\/tg4-redesign-2015\/wp-content\/uploads\/2020\/09\/Hector_AgoZ_Preas_2_1920x1080.jpg\" \/>\n<meta name=\"twitter:site\" content=\"@TG4TV\" \/>\n<meta name=\"twitter:label1\" content=\"Est. reading time\" \/>\n\t<meta name=\"twitter:data1\" content=\"2 minutes\" \/>\n<script type=\"application\/ld+json\" class=\"yoast-schema-graph\">{\"@context\":\"https:\/\/schema.org\",\"@graph\":[{\"@type\":\"WebPage\",\"@id\":\"https:\/\/dev.tg4.ie\/en\/information\/press\/press-releases\/2020-2\/hector-africa-a-go-z\/\",\"url\":\"https:\/\/dev.tg4.ie\/en\/information\/press\/press-releases\/2020-2\/hector-africa-a-go-z\/\",\"name\":\"TG4 | Hector Africa A go Z | 2020 | Press Releases | Press | Irish Television Channel, S\u00fail Eile\",\"isPartOf\":{\"@id\":\"https:\/\/dev.tg4.ie\/en\/#website\"},\"primaryImageOfPage\":{\"@id\":\"https:\/\/dev.tg4.ie\/en\/information\/press\/press-releases\/2020-2\/hector-africa-a-go-z\/#primaryimage\"},\"image\":{\"@id\":\"https:\/\/dev.tg4.ie\/en\/information\/press\/press-releases\/2020-2\/hector-africa-a-go-z\/#primaryimage\"},\"thumbnailUrl\":\"https:\/\/dev.tg4.ie\/wp-content\/uploads\/2020\/09\/Hector_AgoZ_Preas_2_1920x1080.jpg\",\"datePublished\":\"2020-09-28T16:02:15+00:00\",\"dateModified\":\"2021-11-04T16:48:41+00:00\",\"description\":\"Ireland's favourite traveller, Hector \u00d3 hEochag\u00e1in, takes on Africa with his new 3-part series 'Hector Africa \u2013 A go Z'\",\"breadcrumb\":{\"@id\":\"https:\/\/dev.tg4.ie\/en\/information\/press\/press-releases\/2020-2\/hector-africa-a-go-z\/#breadcrumb\"},\"inLanguage\":\"en-ie\",\"potentialAction\":[{\"@type\":\"ReadAction\",\"target\":[\"https:\/\/dev.tg4.ie\/en\/information\/press\/press-releases\/2020-2\/hector-africa-a-go-z\/\"]}]},{\"@type\":\"ImageObject\",\"inLanguage\":\"en-ie\",\"@id\":\"https:\/\/dev.tg4.ie\/en\/information\/press\/press-releases\/2020-2\/hector-africa-a-go-z\/#primaryimage\",\"url\":\"https:\/\/dev.tg4.ie\/wp-content\/uploads\/2020\/09\/Hector_AgoZ_Preas_2_1920x1080.jpg\",\"contentUrl\":\"https:\/\/dev.tg4.ie\/wp-content\/uploads\/2020\/09\/Hector_AgoZ_Preas_2_1920x1080.jpg\"},{\"@type\":\"BreadcrumbList\",\"@id\":\"https:\/\/dev.tg4.ie\/en\/information\/press\/press-releases\/2020-2\/hector-africa-a-go-z\/#breadcrumb\",\"itemListElement\":[{\"@type\":\"ListItem\",\"position\":1,\"name\":\"Home\",\"item\":\"https:\/\/dev.tg4.ie\/en\/\"},{\"@type\":\"ListItem\",\"position\":2,\"name\":\"Information\",\"item\":\"https:\/\/dev.tg4.ie\/en\/information\/\"},{\"@type\":\"ListItem\",\"position\":3,\"name\":\"Press\",\"item\":\"https:\/\/dev.tg4.ie\/en\/information\/press\/\"},{\"@type\":\"ListItem\",\"position\":4,\"name\":\"Press Releases\",\"item\":\"https:\/\/dev.tg4.ie\/en\/information\/press\/press-releases\/\"},{\"@type\":\"ListItem\",\"position\":5,\"name\":\"2020\",\"item\":\"https:\/\/dev.tg4.ie\/en\/information\/press\/press-releases\/2020-2\/\"},{\"@type\":\"ListItem\",\"position\":6,\"name\":\"Hector Africa A go Z\"}]},{\"@type\":\"WebSite\",\"@id\":\"https:\/\/dev.tg4.ie\/en\/#website\",\"url\":\"https:\/\/dev.tg4.ie\/en\/\",\"name\":\"TG4\",\"description\":\"S\u00fail Eile\",\"potentialAction\":[{\"@type\":\"SearchAction\",\"target\":{\"@type\":\"EntryPoint\",\"urlTemplate\":\"https:\/\/dev.tg4.ie\/en\/?s={search_term_string}\"},\"query-input\":\"required name=search_term_string\"}],\"inLanguage\":\"en-ie\"}]}<\/script>\n<!-- \/ Yoast SEO plugin. -->","yoast_head_json":{"title":"TG4 | Hector Africa A go Z | 2020 | Press Releases | Press | Irish Television Channel, S\u00fail Eile","description":"Ireland's favourite traveller, Hector \u00d3 hEochag\u00e1in, takes on Africa with his new 3-part series 'Hector Africa \u2013 A go Z'","robots":{"index":"index","follow":"follow","max-snippet":"max-snippet:-1","max-image-preview":"max-image-preview:large","max-video-preview":"max-video-preview:-1"},"og_locale":"en_US","og_type":"article","og_title":"TG4 | Hector Africa A go Z | 2020 | Press Releases | Press | Irish Television Channel, S\u00fail Eile","og_description":"Ireland's favourite traveller, Hector \u00d3 hEochag\u00e1in, takes on Africa with his new 3-part series 'Hector Africa \u2013 A go Z'","og_url":"https:\/\/dev.tg4.ie\/en\/information\/press\/press-releases\/2020-2\/hector-africa-a-go-z\/","og_site_name":"TG4","article_publisher":"https:\/\/www.facebook.com\/TG4TV","article_modified_time":"2021-11-04T16:48:41+00:00","og_image":[{"width":1920,"height":1080,"url":"https:\/\/tg4-docs.s3.amazonaws.com\/tg4-redesign-2015\/wp-content\/uploads\/2020\/09\/Hector_AgoZ_Preas_2_1920x1080.jpg","type":"image\/jpeg"}],"twitter_card":"summary_large_image","twitter_image":"https:\/\/tg4-docs.s3.amazonaws.com\/tg4-redesign-2015\/wp-content\/uploads\/2020\/09\/Hector_AgoZ_Preas_2_1920x1080.jpg","twitter_site":"@TG4TV","twitter_misc":{"Est. reading time":"2 minutes"},"schema":{"@context":"https:\/\/schema.org","@graph":[{"@type":"WebPage","@id":"https:\/\/dev.tg4.ie\/en\/information\/press\/press-releases\/2020-2\/hector-africa-a-go-z\/","url":"https:\/\/dev.tg4.ie\/en\/information\/press\/press-releases\/2020-2\/hector-africa-a-go-z\/","name":"TG4 | Hector Africa A go Z | 2020 | Press Releases | Press | Irish Television Channel, S\u00fail Eile","isPartOf":{"@id":"https:\/\/dev.tg4.ie\/en\/#website"},"primaryImageOfPage":{"@id":"https:\/\/dev.tg4.ie\/en\/information\/press\/press-releases\/2020-2\/hector-africa-a-go-z\/#primaryimage"},"image":{"@id":"https:\/\/dev.tg4.ie\/en\/information\/press\/press-releases\/2020-2\/hector-africa-a-go-z\/#primaryimage"},"thumbnailUrl":"https:\/\/dev.tg4.ie\/wp-content\/uploads\/2020\/09\/Hector_AgoZ_Preas_2_1920x1080.jpg","datePublished":"2020-09-28T16:02:15+00:00","dateModified":"2021-11-04T16:48:41+00:00","description":"Ireland's favourite traveller, Hector \u00d3 hEochag\u00e1in, takes on Africa with his new 3-part series 'Hector Africa \u2013 A go Z'","breadcrumb":{"@id":"https:\/\/dev.tg4.ie\/en\/information\/press\/press-releases\/2020-2\/hector-africa-a-go-z\/#breadcrumb"},"inLanguage":"en-ie","potentialAction":[{"@type":"ReadAction","target":["https:\/\/dev.tg4.ie\/en\/information\/press\/press-releases\/2020-2\/hector-africa-a-go-z\/"]}]},{"@type":"ImageObject","inLanguage":"en-ie","@id":"https:\/\/dev.tg4.ie\/en\/information\/press\/press-releases\/2020-2\/hector-africa-a-go-z\/#primaryimage","url":"https:\/\/dev.tg4.ie\/wp-content\/uploads\/2020\/09\/Hector_AgoZ_Preas_2_1920x1080.jpg","contentUrl":"https:\/\/dev.tg4.ie\/wp-content\/uploads\/2020\/09\/Hector_AgoZ_Preas_2_1920x1080.jpg"},{"@type":"BreadcrumbList","@id":"https:\/\/dev.tg4.ie\/en\/information\/press\/press-releases\/2020-2\/hector-africa-a-go-z\/#breadcrumb","itemListElement":[{"@type":"ListItem","position":1,"name":"Home","item":"https:\/\/dev.tg4.ie\/en\/"},{"@type":"ListItem","position":2,"name":"Information","item":"https:\/\/dev.tg4.ie\/en\/information\/"},{"@type":"ListItem","position":3,"name":"Press","item":"https:\/\/dev.tg4.ie\/en\/information\/press\/"},{"@type":"ListItem","position":4,"name":"Press Releases","item":"https:\/\/dev.tg4.ie\/en\/information\/press\/press-releases\/"},{"@type":"ListItem","position":5,"name":"2020","item":"https:\/\/dev.tg4.ie\/en\/information\/press\/press-releases\/2020-2\/"},{"@type":"ListItem","position":6,"name":"Hector Africa A go Z"}]},{"@type":"WebSite","@id":"https:\/\/dev.tg4.ie\/en\/#website","url":"https:\/\/dev.tg4.ie\/en\/","name":"TG4","description":"S\u00fail Eile","potentialAction":[{"@type":"SearchAction","target":{"@type":"EntryPoint","urlTemplate":"https:\/\/dev.tg4.ie\/en\/?s={search_term_string}"},"query-input":"required name=search_term_string"}],"inLanguage":"en-ie"}]}},"_links":{"self":[{"href":"https:\/\/dev.tg4.ie\/en\/wp-json\/wp\/v2\/pages\/114485"}],"collection":[{"href":"https:\/\/dev.tg4.ie\/en\/wp-json\/wp\/v2\/pages"}],"about":[{"href":"https:\/\/dev.tg4.ie\/en\/wp-json\/wp\/v2\/types\/page"}],"author":[{"embeddable":true,"href":"https:\/\/dev.tg4.ie\/en\/wp-json\/wp\/v2\/users\/876"}],"replies":[{"embeddable":true,"href":"https:\/\/dev.tg4.ie\/en\/wp-json\/wp\/v2\/comments?post=114485"}],"version-history":[{"count":0,"href":"https:\/\/dev.tg4.ie\/en\/wp-json\/wp\/v2\/pages\/114485\/revisions"}],"up":[{"embeddable":true,"href":"https:\/\/dev.tg4.ie\/en\/wp-json\/wp\/v2\/pages\/111527"}],"wp:attachment":[{"href":"https:\/\/dev.tg4.ie\/en\/wp-json\/wp\/v2\/media?parent=114485"}],"curies":[{"name":"wp","href":"https:\/\/api.w.org\/{rel}","templated":true}]}}