{"id":114592,"date":"2020-10-07T16:36:48","date_gmt":"2020-10-07T15:36:48","guid":{"rendered":"https:\/\/dev.tg4.ie\/?page_id=114592"},"modified":"2021-11-04T16:51:50","modified_gmt":"2021-11-04T16:51:50","slug":"tg4-to-develop-five-new-drama-series-for-under-35s-in-association-with-fis-eireann-screen-ireland","status":"publish","type":"page","link":"https:\/\/dev.tg4.ie\/en\/information\/press\/press-releases\/2020-2\/tg4-to-develop-five-new-drama-series-for-under-35s-in-association-with-fis-eireann-screen-ireland\/","title":{"rendered":"TG4 to develop five new drama series for under 35&#8217;s in association with F\u00eds \u00c9ireann \/ Screen Ireland"},"content":{"rendered":"<p><a href=\"https:\/\/tg4-docs.s3.amazonaws.com\/tg4-redesign-2015\/wp-content\/uploads\/2020\/10\/Forb-Drama-1920x1080_1.jpg\"><img loading=\"lazy\" decoding=\"async\" width=\"1920\" height=\"1080\" src=\"https:\/\/tg4-docs.s3.amazonaws.com\/tg4-redesign-2015\/wp-content\/uploads\/2020\/10\/Forb-Drama-1920x1080_1.jpg\" alt=\"\" class=\"alignnone size-full wp-image-114586\" srcset=\"https:\/\/tg4-docs.s3.amazonaws.com\/tg4-redesign-2015\/wp-content\/uploads\/2020\/10\/Forb-Drama-1920x1080_1.jpg 1920w, https:\/\/tg4-docs.s3.amazonaws.com\/tg4-redesign-2015\/wp-content\/uploads\/2020\/10\/Forb-Drama-1920x1080_1-250x141.jpg 250w, https:\/\/tg4-docs.s3.amazonaws.com\/tg4-redesign-2015\/wp-content\/uploads\/2020\/10\/Forb-Drama-1920x1080_1-700x394.jpg 700w, https:\/\/tg4-docs.s3.amazonaws.com\/tg4-redesign-2015\/wp-content\/uploads\/2020\/10\/Forb-Drama-1920x1080_1-252x141.jpg 252w, https:\/\/tg4-docs.s3.amazonaws.com\/tg4-redesign-2015\/wp-content\/uploads\/2020\/10\/Forb-Drama-1920x1080_1-1536x864.jpg 1536w, https:\/\/tg4-docs.s3.amazonaws.com\/tg4-redesign-2015\/wp-content\/uploads\/2020\/10\/Forb-Drama-1920x1080_1-120x68.jpg 120w\" sizes=\"(max-width: 1920px) 100vw, 1920px\" \/><\/a><br \/>\n&nbsp;<\/p>\n<p>TG4 in association with F\u00eds \u00c9ireann \/ Screen Ireland seek applications to develop five new contemporary, original, character-based drama series which will appeal particularly to younger audiences under 35 years of age.   Ideas pitched should be ambitious, bold, creative, reflective of society and entertaining, providing a fresh perspective to engage and enthuse a new diverse generation of drama lovers on TG4. <\/p>\n<p>As part of the recently announced \u20ac3 million July Stimulus Support Package for Television Drama, Screen Ireland has allocated funding that will focus on regional and diverse opportunities.  As a result of the support package, TG4 and Screen Ireland are seeking submissions for drama development. <\/p>\n<p>The ideal drama series will be between 4-8 episodes  25 minutes per episode,  but we will also consider ideas that merit a longer duration.  Series pitched should work naturally in the Irish language, appealing primarily to those who speak Irish regularly but with the ability to attract a wider national and International audience with its tone, humour, relevance, and stylistic approach.<\/p>\n<p>Five projects will be shortlisted to receive development funding of up to \u20ac50,000 to bring the series to production level. <\/p>\n<p>TG4 welcome applications for development from production companies who have relevant experience in the production of high-quality drama and would encourage the development of new writing, directing and onscreen talent in the Irish language as part of the process.  A Irish-language writer has to be part of the application as the main writer or as a co-writer.<\/p>\n<p>As part of the development support you will be attached to a mentorship support. <\/p>\n<p>The pitch document submitted must contain a development plan highlighting areas of development within your production model i.e.  Development of Irish language writers, Directors, Script Editors, Production Assistants etc. this could be through shadowing, mentorship, or training schemes.<\/p>\n<p>Speaking at the announcement of the scheme, Mary Ellen N\u00ed Chual\u00e1in, Commissioning Manager for TG4 says  &#8220;TG4 is delighted to annuounce this development fund with F\u00eds \u00c9ireann to develop drama for younger audiences.  Appealing to younger audiences is a priority for TG4, and this is an excellent opportunity to strengthen our audience growth and also a chance to support new creative ideas and creators in the independent sector.&#8221;<\/p>\n<p>Andrew Byrne Project Manager, Screen Ireland said \u201cScreen Ireland is committed in its ambition to highlight Ireland as a centre of excellence in scripted drama production. This new scheme is part of our drive to represent a diverse range of talent from all backgrounds in senior creative production roles, ensuring gender parity across the sector and an inclusive and evolving workforce.\u201d<\/p>\n<p>Applications for development should include the following:<\/p>\n<ul>\n<li>Logline &#038; Synopsis (260 words)<\/li>\n<li>Premise (250 words)<\/li>\n<li>Series Arc (600 words)<\/li>\n<li>Character bible (3-5 A4 pages excluding images)<\/li>\n<li>Outline of the tone and visual style of the project, including a mood board. (1 A4 page)<\/li>\n<li>Details of the key creative production personnel and talent<\/li>\n<li>Development budget (TG4 budget template must be used)<\/li>\n<li>Evidence of Ownership of rights<\/li>\n<\/ul>\n<p>&nbsp;<br \/>\nAll proposals must be submitted electronically to TG4.  Production companies need to first make sure they are registered on our e-Commissioning system  <a href=\"http:\/\/update.tg4.ie\/ecomm\/login.php\" rel=\"noopener noreferrer\" target=\"_blank\">http:\/\/update.tg4.ie\/ecomm\/login.php<\/a>, and then upload before the deadline by selecting, \u2018Forbairt Dr\u00e1ma\u00edocht F35 2020\u2019, from the dropdown menu.  You will receive an automatic acknowledgment when your proposal has been submitted. Closing date for applications is 30th November at 4pm. Proposals will not be accepted after the deadline. <\/p>\n<p><strong>Further Information:<\/strong><br \/>\nAny questions in relation to submitting proposals electronically can be sent to M\u00e1ire U\u00ed Choisdealbha \u2013 <a href=\"mailto:maire.ui.choisdealbha@dev.tg4.ie\" rel=\"noopener noreferrer\" target=\"_blank\">maire.ui.choisdealbha@dev.tg4.ie<\/a><\/p>\n<p>Any questions in relation to this round and project suitability can be sent to Mary Ellen N\u00ed Chual\u00e1in &#8211; <a href=\"mailto:maryellen.ni.chualain@dev.tg4.ie\" rel=\"noopener noreferrer\" target=\"_blank\">maryellen.ni.chualain@dev.tg4.ie<\/a><br \/>\n&nbsp;<\/p>\n","protected":false},"excerpt":{"rendered":"<p>&nbsp; TG4 in association with F\u00eds \u00c9ireann \/ Screen Ireland seek applications to develop five new contemporary, original, character-based drama series which will appeal particularly to younger audiences under 35 years of age. Ideas pitched should be ambitious, bold, creative, reflective of society and entertaining, providing a fresh perspective to engage and enthuse a new [&hellip;]<\/p>\n","protected":false},"author":876,"featured_media":0,"parent":111527,"menu_order":44,"comment_status":"closed","ping_status":"closed","template":"page-templates\/template-pr.php","meta":{"_acf_changed":false,"footnotes":""},"acf":[],"yoast_head":"<!-- This site is optimized with the Yoast SEO plugin v22.6 - https:\/\/yoast.com\/wordpress\/plugins\/seo\/ -->\n<title>TG4 | TG4 to develop five new drama series for under 35\u2019s in association with F\u00eds \u00c9ireann \/ Screen Ireland | 2020 | Press Releases | Press | Irish Television Channel, S\u00fail Eile<\/title>\n<meta name=\"description\" content=\"TG4 in association with F\u00eds \u00c9ireann \/ Screen Ireland announce the development for five new drama series\" \/>\n<meta name=\"robots\" content=\"index, follow, max-snippet:-1, max-image-preview:large, max-video-preview:-1\" \/>\n<meta property=\"og:locale\" content=\"en_US\" \/>\n<meta property=\"og:type\" content=\"article\" \/>\n<meta property=\"og:title\" content=\"TG4 | TG4 to develop five new drama series for under 35\u2019s in association with F\u00eds \u00c9ireann \/ Screen Ireland | 2020 | Press Releases | Press | Irish Television Channel, S\u00fail Eile\" \/>\n<meta property=\"og:description\" content=\"TG4 in association with F\u00eds \u00c9ireann \/ Screen Ireland announce the development for five new drama series\" \/>\n<meta property=\"og:url\" content=\"https:\/\/dev.tg4.ie\/en\/information\/press\/press-releases\/2020-2\/tg4-to-develop-five-new-drama-series-for-under-35s-in-association-with-fis-eireann-screen-ireland\/\" \/>\n<meta property=\"og:site_name\" content=\"TG4\" \/>\n<meta property=\"article:publisher\" content=\"https:\/\/www.facebook.com\/TG4TV\" \/>\n<meta property=\"article:modified_time\" content=\"2021-11-04T16:51:50+00:00\" \/>\n<meta property=\"og:image\" content=\"https:\/\/tg4-docs.s3.amazonaws.com\/tg4-redesign-2015\/wp-content\/uploads\/2020\/10\/Forb-Drama-1920x1080_1.jpg\" \/>\n\t<meta property=\"og:image:width\" content=\"1920\" \/>\n\t<meta property=\"og:image:height\" content=\"1080\" \/>\n\t<meta property=\"og:image:type\" content=\"image\/jpeg\" \/>\n<meta name=\"twitter:card\" content=\"summary_large_image\" \/>\n<meta name=\"twitter:image\" content=\"https:\/\/tg4-docs.s3.amazonaws.com\/tg4-redesign-2015\/wp-content\/uploads\/2020\/10\/Forb-Drama-1920x1080_1.jpg\" \/>\n<meta name=\"twitter:site\" content=\"@TG4TV\" \/>\n<meta name=\"twitter:label1\" content=\"Est. reading time\" \/>\n\t<meta name=\"twitter:data1\" content=\"3 minutes\" \/>\n<script type=\"application\/ld+json\" class=\"yoast-schema-graph\">{\"@context\":\"https:\/\/schema.org\",\"@graph\":[{\"@type\":\"WebPage\",\"@id\":\"https:\/\/dev.tg4.ie\/en\/information\/press\/press-releases\/2020-2\/tg4-to-develop-five-new-drama-series-for-under-35s-in-association-with-fis-eireann-screen-ireland\/\",\"url\":\"https:\/\/dev.tg4.ie\/en\/information\/press\/press-releases\/2020-2\/tg4-to-develop-five-new-drama-series-for-under-35s-in-association-with-fis-eireann-screen-ireland\/\",\"name\":\"TG4 | TG4 to develop five new drama series for under 35\u2019s in association with F\u00eds \u00c9ireann \/ Screen Ireland | 2020 | Press Releases | Press | Irish Television Channel, S\u00fail Eile\",\"isPartOf\":{\"@id\":\"https:\/\/dev.tg4.ie\/en\/#website\"},\"primaryImageOfPage\":{\"@id\":\"https:\/\/dev.tg4.ie\/en\/information\/press\/press-releases\/2020-2\/tg4-to-develop-five-new-drama-series-for-under-35s-in-association-with-fis-eireann-screen-ireland\/#primaryimage\"},\"image\":{\"@id\":\"https:\/\/dev.tg4.ie\/en\/information\/press\/press-releases\/2020-2\/tg4-to-develop-five-new-drama-series-for-under-35s-in-association-with-fis-eireann-screen-ireland\/#primaryimage\"},\"thumbnailUrl\":\"https:\/\/dev.tg4.ie\/wp-content\/uploads\/2020\/10\/Forb-Drama-1920x1080_1.jpg\",\"datePublished\":\"2020-10-07T15:36:48+00:00\",\"dateModified\":\"2021-11-04T16:51:50+00:00\",\"description\":\"TG4 in association with F\u00eds \u00c9ireann \/ Screen Ireland announce the development for five new drama series\",\"breadcrumb\":{\"@id\":\"https:\/\/dev.tg4.ie\/en\/information\/press\/press-releases\/2020-2\/tg4-to-develop-five-new-drama-series-for-under-35s-in-association-with-fis-eireann-screen-ireland\/#breadcrumb\"},\"inLanguage\":\"en-ie\",\"potentialAction\":[{\"@type\":\"ReadAction\",\"target\":[\"https:\/\/dev.tg4.ie\/en\/information\/press\/press-releases\/2020-2\/tg4-to-develop-five-new-drama-series-for-under-35s-in-association-with-fis-eireann-screen-ireland\/\"]}]},{\"@type\":\"ImageObject\",\"inLanguage\":\"en-ie\",\"@id\":\"https:\/\/dev.tg4.ie\/en\/information\/press\/press-releases\/2020-2\/tg4-to-develop-five-new-drama-series-for-under-35s-in-association-with-fis-eireann-screen-ireland\/#primaryimage\",\"url\":\"https:\/\/dev.tg4.ie\/wp-content\/uploads\/2020\/10\/Forb-Drama-1920x1080_1.jpg\",\"contentUrl\":\"https:\/\/dev.tg4.ie\/wp-content\/uploads\/2020\/10\/Forb-Drama-1920x1080_1.jpg\"},{\"@type\":\"BreadcrumbList\",\"@id\":\"https:\/\/dev.tg4.ie\/en\/information\/press\/press-releases\/2020-2\/tg4-to-develop-five-new-drama-series-for-under-35s-in-association-with-fis-eireann-screen-ireland\/#breadcrumb\",\"itemListElement\":[{\"@type\":\"ListItem\",\"position\":1,\"name\":\"Home\",\"item\":\"https:\/\/dev.tg4.ie\/en\/\"},{\"@type\":\"ListItem\",\"position\":2,\"name\":\"Information\",\"item\":\"https:\/\/dev.tg4.ie\/en\/information\/\"},{\"@type\":\"ListItem\",\"position\":3,\"name\":\"Press\",\"item\":\"https:\/\/dev.tg4.ie\/en\/information\/press\/\"},{\"@type\":\"ListItem\",\"position\":4,\"name\":\"Press Releases\",\"item\":\"https:\/\/dev.tg4.ie\/en\/information\/press\/press-releases\/\"},{\"@type\":\"ListItem\",\"position\":5,\"name\":\"2020\",\"item\":\"https:\/\/dev.tg4.ie\/en\/information\/press\/press-releases\/2020-2\/\"},{\"@type\":\"ListItem\",\"position\":6,\"name\":\"TG4 to develop five new drama series for under 35&#8217;s in association with F\u00eds \u00c9ireann \/ Screen Ireland\"}]},{\"@type\":\"WebSite\",\"@id\":\"https:\/\/dev.tg4.ie\/en\/#website\",\"url\":\"https:\/\/dev.tg4.ie\/en\/\",\"name\":\"TG4\",\"description\":\"S\u00fail Eile\",\"potentialAction\":[{\"@type\":\"SearchAction\",\"target\":{\"@type\":\"EntryPoint\",\"urlTemplate\":\"https:\/\/dev.tg4.ie\/en\/?s={search_term_string}\"},\"query-input\":\"required name=search_term_string\"}],\"inLanguage\":\"en-ie\"}]}<\/script>\n<!-- \/ Yoast SEO plugin. -->","yoast_head_json":{"title":"TG4 | TG4 to develop five new drama series for under 35\u2019s in association with F\u00eds \u00c9ireann \/ Screen Ireland | 2020 | Press Releases | Press | Irish Television Channel, S\u00fail Eile","description":"TG4 in association with F\u00eds \u00c9ireann \/ Screen Ireland announce the development for five new drama series","robots":{"index":"index","follow":"follow","max-snippet":"max-snippet:-1","max-image-preview":"max-image-preview:large","max-video-preview":"max-video-preview:-1"},"og_locale":"en_US","og_type":"article","og_title":"TG4 | TG4 to develop five new drama series for under 35\u2019s in association with F\u00eds \u00c9ireann \/ Screen Ireland | 2020 | Press Releases | Press | Irish Television Channel, S\u00fail Eile","og_description":"TG4 in association with F\u00eds \u00c9ireann \/ Screen Ireland announce the development for five new drama series","og_url":"https:\/\/dev.tg4.ie\/en\/information\/press\/press-releases\/2020-2\/tg4-to-develop-five-new-drama-series-for-under-35s-in-association-with-fis-eireann-screen-ireland\/","og_site_name":"TG4","article_publisher":"https:\/\/www.facebook.com\/TG4TV","article_modified_time":"2021-11-04T16:51:50+00:00","og_image":[{"width":1920,"height":1080,"url":"https:\/\/tg4-docs.s3.amazonaws.com\/tg4-redesign-2015\/wp-content\/uploads\/2020\/10\/Forb-Drama-1920x1080_1.jpg","type":"image\/jpeg"}],"twitter_card":"summary_large_image","twitter_image":"https:\/\/tg4-docs.s3.amazonaws.com\/tg4-redesign-2015\/wp-content\/uploads\/2020\/10\/Forb-Drama-1920x1080_1.jpg","twitter_site":"@TG4TV","twitter_misc":{"Est. reading time":"3 minutes"},"schema":{"@context":"https:\/\/schema.org","@graph":[{"@type":"WebPage","@id":"https:\/\/dev.tg4.ie\/en\/information\/press\/press-releases\/2020-2\/tg4-to-develop-five-new-drama-series-for-under-35s-in-association-with-fis-eireann-screen-ireland\/","url":"https:\/\/dev.tg4.ie\/en\/information\/press\/press-releases\/2020-2\/tg4-to-develop-five-new-drama-series-for-under-35s-in-association-with-fis-eireann-screen-ireland\/","name":"TG4 | TG4 to develop five new drama series for under 35\u2019s in association with F\u00eds \u00c9ireann \/ Screen Ireland | 2020 | Press Releases | Press | Irish Television Channel, S\u00fail Eile","isPartOf":{"@id":"https:\/\/dev.tg4.ie\/en\/#website"},"primaryImageOfPage":{"@id":"https:\/\/dev.tg4.ie\/en\/information\/press\/press-releases\/2020-2\/tg4-to-develop-five-new-drama-series-for-under-35s-in-association-with-fis-eireann-screen-ireland\/#primaryimage"},"image":{"@id":"https:\/\/dev.tg4.ie\/en\/information\/press\/press-releases\/2020-2\/tg4-to-develop-five-new-drama-series-for-under-35s-in-association-with-fis-eireann-screen-ireland\/#primaryimage"},"thumbnailUrl":"https:\/\/dev.tg4.ie\/wp-content\/uploads\/2020\/10\/Forb-Drama-1920x1080_1.jpg","datePublished":"2020-10-07T15:36:48+00:00","dateModified":"2021-11-04T16:51:50+00:00","description":"TG4 in association with F\u00eds \u00c9ireann \/ Screen Ireland announce the development for five new drama series","breadcrumb":{"@id":"https:\/\/dev.tg4.ie\/en\/information\/press\/press-releases\/2020-2\/tg4-to-develop-five-new-drama-series-for-under-35s-in-association-with-fis-eireann-screen-ireland\/#breadcrumb"},"inLanguage":"en-ie","potentialAction":[{"@type":"ReadAction","target":["https:\/\/dev.tg4.ie\/en\/information\/press\/press-releases\/2020-2\/tg4-to-develop-five-new-drama-series-for-under-35s-in-association-with-fis-eireann-screen-ireland\/"]}]},{"@type":"ImageObject","inLanguage":"en-ie","@id":"https:\/\/dev.tg4.ie\/en\/information\/press\/press-releases\/2020-2\/tg4-to-develop-five-new-drama-series-for-under-35s-in-association-with-fis-eireann-screen-ireland\/#primaryimage","url":"https:\/\/dev.tg4.ie\/wp-content\/uploads\/2020\/10\/Forb-Drama-1920x1080_1.jpg","contentUrl":"https:\/\/dev.tg4.ie\/wp-content\/uploads\/2020\/10\/Forb-Drama-1920x1080_1.jpg"},{"@type":"BreadcrumbList","@id":"https:\/\/dev.tg4.ie\/en\/information\/press\/press-releases\/2020-2\/tg4-to-develop-five-new-drama-series-for-under-35s-in-association-with-fis-eireann-screen-ireland\/#breadcrumb","itemListElement":[{"@type":"ListItem","position":1,"name":"Home","item":"https:\/\/dev.tg4.ie\/en\/"},{"@type":"ListItem","position":2,"name":"Information","item":"https:\/\/dev.tg4.ie\/en\/information\/"},{"@type":"ListItem","position":3,"name":"Press","item":"https:\/\/dev.tg4.ie\/en\/information\/press\/"},{"@type":"ListItem","position":4,"name":"Press Releases","item":"https:\/\/dev.tg4.ie\/en\/information\/press\/press-releases\/"},{"@type":"ListItem","position":5,"name":"2020","item":"https:\/\/dev.tg4.ie\/en\/information\/press\/press-releases\/2020-2\/"},{"@type":"ListItem","position":6,"name":"TG4 to develop five new drama series for under 35&#8217;s in association with F\u00eds \u00c9ireann \/ Screen Ireland"}]},{"@type":"WebSite","@id":"https:\/\/dev.tg4.ie\/en\/#website","url":"https:\/\/dev.tg4.ie\/en\/","name":"TG4","description":"S\u00fail Eile","potentialAction":[{"@type":"SearchAction","target":{"@type":"EntryPoint","urlTemplate":"https:\/\/dev.tg4.ie\/en\/?s={search_term_string}"},"query-input":"required name=search_term_string"}],"inLanguage":"en-ie"}]}},"_links":{"self":[{"href":"https:\/\/dev.tg4.ie\/en\/wp-json\/wp\/v2\/pages\/114592"}],"collection":[{"href":"https:\/\/dev.tg4.ie\/en\/wp-json\/wp\/v2\/pages"}],"about":[{"href":"https:\/\/dev.tg4.ie\/en\/wp-json\/wp\/v2\/types\/page"}],"author":[{"embeddable":true,"href":"https:\/\/dev.tg4.ie\/en\/wp-json\/wp\/v2\/users\/876"}],"replies":[{"embeddable":true,"href":"https:\/\/dev.tg4.ie\/en\/wp-json\/wp\/v2\/comments?post=114592"}],"version-history":[{"count":0,"href":"https:\/\/dev.tg4.ie\/en\/wp-json\/wp\/v2\/pages\/114592\/revisions"}],"up":[{"embeddable":true,"href":"https:\/\/dev.tg4.ie\/en\/wp-json\/wp\/v2\/pages\/111527"}],"wp:attachment":[{"href":"https:\/\/dev.tg4.ie\/en\/wp-json\/wp\/v2\/media?parent=114592"}],"curies":[{"name":"wp","href":"https:\/\/api.w.org\/{rel}","templated":true}]}}