{"id":114933,"date":"2020-11-10T13:10:05","date_gmt":"2020-11-10T13:10:05","guid":{"rendered":"https:\/\/dev.tg4.ie\/?page_id=114933"},"modified":"2021-11-04T16:42:10","modified_gmt":"2021-11-04T16:42:10","slug":"living-heroes-of-irish-traditional-music-featured-in-se-mo-laoch","status":"publish","type":"page","link":"https:\/\/dev.tg4.ie\/en\/information\/press\/press-releases\/2020-2\/living-heroes-of-irish-traditional-music-featured-in-se-mo-laoch\/","title":{"rendered":"Living heroes of Irish Traditional Music featured in \u2018S\u00e9 mo Laoch"},"content":{"rendered":"<p><a href=\"https:\/\/tg4-docs.s3.amazonaws.com\/tg4-redesign-2015\/wp-content\/uploads\/2020\/11\/Se_Mo_Laoch_Paddy_Keenan_2_1920x1080.jpg\"><img loading=\"lazy\" decoding=\"async\" width=\"1920\" height=\"1080\" src=\"https:\/\/tg4-docs.s3.amazonaws.com\/tg4-redesign-2015\/wp-content\/uploads\/2020\/11\/Se_Mo_Laoch_Paddy_Keenan_2_1920x1080.jpg\" alt=\"\" class=\"alignnone size-full wp-image-114921\" srcset=\"https:\/\/tg4-docs.s3.amazonaws.com\/tg4-redesign-2015\/wp-content\/uploads\/2020\/11\/Se_Mo_Laoch_Paddy_Keenan_2_1920x1080.jpg 1920w, https:\/\/tg4-docs.s3.amazonaws.com\/tg4-redesign-2015\/wp-content\/uploads\/2020\/11\/Se_Mo_Laoch_Paddy_Keenan_2_1920x1080-250x141.jpg 250w, https:\/\/tg4-docs.s3.amazonaws.com\/tg4-redesign-2015\/wp-content\/uploads\/2020\/11\/Se_Mo_Laoch_Paddy_Keenan_2_1920x1080-700x394.jpg 700w, https:\/\/tg4-docs.s3.amazonaws.com\/tg4-redesign-2015\/wp-content\/uploads\/2020\/11\/Se_Mo_Laoch_Paddy_Keenan_2_1920x1080-252x141.jpg 252w, https:\/\/tg4-docs.s3.amazonaws.com\/tg4-redesign-2015\/wp-content\/uploads\/2020\/11\/Se_Mo_Laoch_Paddy_Keenan_2_1920x1080-1536x864.jpg 1536w, https:\/\/tg4-docs.s3.amazonaws.com\/tg4-redesign-2015\/wp-content\/uploads\/2020\/11\/Se_Mo_Laoch_Paddy_Keenan_2_1920x1080-120x68.jpg 120w\" sizes=\"(max-width: 1920px) 100vw, 1920px\" \/><\/a><br \/>\nPictured: Paddy Keenan<br \/>\n&nbsp;<\/p>\n<p><strong>\u2019S\u00e9 mo Laoch<\/strong>, TG4\u2019s flagship traditional music series, tells the story of some of Irelands greatest musicians and singers.  Each of the 5 one-hour documentaries celebrates the musicianship and creativity of some of our most well-known and respected performers. The series, produced for TG4, showcases the huge diversity of Irish traditional music and musicians, from \u201cthe Jimmy Hendrix of the pipes\u201d Paddy Keenan to Cork sisters Nollaig Casey &#038; M\u00e1ire N\u00ed Chathasaigh, Fermanagh singer Gabriel McArdle and Clare siblings Geraldine &#038; \u00c9amonn Cotter, not to mention the king of \u2018Kerryoke\u2019 himself S\u00e9amus Begley. Each programme is as unique as it is intimate and tells the story of these seminal musicians in their own words.<br \/>\n&nbsp;<br \/>\nThe series starts with a look at the life and career of Piper Paddy Keenan. Keenan is one of Ireland\u2019s best-known Uilleann Pipers. He was born into a well-known family of travelling musicians. His playing was central to the sound The Bothy Band. Paddy rarely does interviews and has a magnetism that draws musicians and fans both to him and his music. The episode features contributions from Paddy Glackin, Matt Molloy, Tr\u00edona N\u00ed Dhomhnaill, Peter Browne, S\u00e9im\u00ed O\u2019Dowd, \u00c9amonn De Barra and John McSherry. <\/p>\n<div style=\"position: relative; overflow: auto; width: 100%; padding-bottom: 56.25%;\"><iframe loading=\"lazy\" src=\"https:\/\/www.youtube.com\/embed\/K841WXSW1wM\" width=\"100%\" height=\"100%\" frameborder=\"0\" scrolling=\"no\" allowFullscreen=\"true\" style=\"position: absolute; top: 0px; display: block;\"><\/iframe><\/div>\n<p>&nbsp;<br \/>\nKerry box player and singer S\u00e9amus Begley is featured in the second episode. S\u00e9amus\u2019s singing and iconic duet with Australian guitarist Steve Cooney has left an indelible mark on traditional music in Ireland. He has sung with Mary Black, Sharon Shannon, The Waterboys and T\u00e9ada and still does a bit of farming at his home on the western edge of the Dingle Peninsula. The seminal &#8216;Meitheal&#8217; with the aforementioned Cooney was one of the most regaled Traditional music CD\u2019s of the 1990\u2019s and his energetic accordion playing has raised the roof off many a concert hall from An Droichead Beag to Tokyo. Joining him in this episode are his family, Steve Cooney, Muireann Nic Amhla\u00edobh, Donagh Hennessy &#038; \u00d3is\u00edn Mac Diarmada. <\/p>\n<div style=\"position: relative; overflow: auto; width: 100%; padding-bottom: 56.25%;\"><iframe loading=\"lazy\" src=\"https:\/\/www.youtube.com\/embed\/ux7fM87Ya2E\" width=\"100%\" height=\"100%\" frameborder=\"0\" scrolling=\"no\" allowFullscreen=\"true\" style=\"position: absolute; top: 0px; display: block;\"><\/iframe><\/div>\n<p>&nbsp;<br \/>\nNext up is a profile on the life and career of Cork sisters Nollaig Casey &#038; M\u00e1ire N\u00ed Chathasaigh. Nollaig Casey is one of Irelands foremost violinists\/fiddlers and she has played with everyone from Van Morrison to Planxty, Coolfin, Cherish the Ladies, Makem and Clancy, the National Symphony Orchestra and many more. Her sister M\u00e1ire N\u00ed Chathasaigh was the first woman to be awarded Musician of the Year by TG4 and is also known as the first person to have played reels and jigs on the Harp. We take a look at their life and music with guests such as Arty McGlynn RIP, Chris Newman, M\u00e1ire N\u00ed Ghr\u00e1da, D\u00f3nal Lunny &#038; Mair\u00e9ad N\u00ed Chathasaigh.<br \/>\n&nbsp;<br \/>\nCo. Clare is renowned as the homeplace of Irish Traditional Music as it lives and breathes in every almost every homestead and every parish. Two of the most well-known exponents of tradition in Co. Clare are siblings Geraldine and \u00c9amonn Cotter. Geraldine is a piano player and teacher with a unique take on music and she grew up playing with the older masters of the music. \u00c9amonn is a flute player and flute maker and whilst he played with the Tulla C\u00e9il\u00ed Band as a young fellow he now makes flutes that are played all over the world. We take a look at their life and music with guests such as Jack Talty, Kieran Hanrahan, \u00c1ine Hensey, M\u00e9abh Donnelly &#038; Charlie Harris.<br \/>\n&nbsp;<br \/>\nThe songs and singing of Fermanagh singer Gabriel McArdle are the subject of the final episode of this series.  Gabriel is one of Irelands untouched treasures with a rare pool of songs and a voice that is as natural as the lakes and waterways of his home county. With Adrian Dunbar, Cathal McConnell, Mair\u00e9ad N\u00ed Mhaonaigh, Gary Hastings, Ciar\u00e1n Curran, Fintan McManus, Gerry O\u2019Connor &#038; Martin Quinn.<br \/>\n&nbsp;<br \/>\nDirected by Ciar\u00e1n \u00d3 Maonaigh and produced by D\u00f3nal O\u2019Connor, Executive Producer is Niamh N\u00ed Bhaoill. \u2018S\u00e9 mo Laoch is produced by Aniar TV.<\/p>\n<p>&nbsp;<br \/>\n&nbsp;<br \/>\n<em>For further information, hi-res photos, interviews with musicians or preview copies contact:<\/em><\/p>\n<p><strong>Linda N\u00ed Ghriofa<\/strong><\/p>\n<p>Communications Editor TG4<\/p>\n<p><a href=\"mailto:Linda.ni.ghriofa@dev.tg4.ie\" rel=\"noopener noreferrer\" target=\"_blank\">Linda.ni.ghriofa@dev.tg4.ie<\/a><br \/>\n&nbsp;<\/p>\n","protected":false},"excerpt":{"rendered":"<p>Pictured: Paddy Keenan &nbsp; \u2019S\u00e9 mo Laoch, TG4\u2019s flagship traditional music series, tells the story of some of Irelands greatest musicians and singers. Each of the 5 one-hour documentaries celebrates the musicianship and creativity of some of our most well-known and respected performers. The series, produced for TG4, showcases the huge diversity of Irish traditional [&hellip;]<\/p>\n","protected":false},"author":876,"featured_media":0,"parent":111527,"menu_order":48,"comment_status":"closed","ping_status":"closed","template":"page-templates\/template-pr.php","meta":{"_acf_changed":false,"footnotes":""},"acf":[],"yoast_head":"<!-- This site is optimized with the Yoast SEO plugin v22.6 - https:\/\/yoast.com\/wordpress\/plugins\/seo\/ -->\n<title>TG4 | Living heroes of Irish Traditional Music featured in \u2018S\u00e9 mo Laoch | 2020 | Press Releases | Press | Irish Television Channel, S\u00fail Eile<\/title>\n<meta name=\"description\" content=\"S\u00e9 mo Laoch returns to TG4 for the 11th series, celebrating the very best in Irish Traditional Music\" \/>\n<meta name=\"robots\" content=\"index, follow, max-snippet:-1, max-image-preview:large, max-video-preview:-1\" \/>\n<meta property=\"og:locale\" content=\"en_US\" \/>\n<meta property=\"og:type\" content=\"article\" \/>\n<meta property=\"og:title\" content=\"TG4 | Living heroes of Irish Traditional Music featured in \u2018S\u00e9 mo Laoch | 2020 | Press Releases | Press | Irish Television Channel, S\u00fail Eile\" \/>\n<meta property=\"og:description\" content=\"S\u00e9 mo Laoch returns to TG4 for the 11th series, celebrating the very best in Irish Traditional Music\" \/>\n<meta property=\"og:url\" content=\"https:\/\/dev.tg4.ie\/en\/information\/press\/press-releases\/2020-2\/living-heroes-of-irish-traditional-music-featured-in-se-mo-laoch\/\" \/>\n<meta property=\"og:site_name\" content=\"TG4\" \/>\n<meta property=\"article:publisher\" content=\"https:\/\/www.facebook.com\/TG4TV\" \/>\n<meta property=\"article:modified_time\" content=\"2021-11-04T16:42:10+00:00\" \/>\n<meta property=\"og:image\" content=\"https:\/\/tg4-docs.s3.amazonaws.com\/tg4-redesign-2015\/wp-content\/uploads\/2020\/11\/Se_Mo_Laoch_Paddy_Keenan_2_1920x1080.jpg\" \/>\n\t<meta property=\"og:image:width\" content=\"1920\" \/>\n\t<meta property=\"og:image:height\" content=\"1080\" \/>\n\t<meta property=\"og:image:type\" content=\"image\/jpeg\" \/>\n<meta name=\"twitter:card\" content=\"summary_large_image\" \/>\n<meta name=\"twitter:image\" content=\"https:\/\/tg4-docs.s3.amazonaws.com\/tg4-redesign-2015\/wp-content\/uploads\/2020\/11\/Se_Mo_Laoch_Paddy_Keenan_2_1920x1080.jpg\" \/>\n<meta name=\"twitter:site\" content=\"@TG4TV\" \/>\n<meta name=\"twitter:label1\" content=\"Est. reading time\" \/>\n\t<meta name=\"twitter:data1\" content=\"4 minutes\" \/>\n<script type=\"application\/ld+json\" class=\"yoast-schema-graph\">{\"@context\":\"https:\/\/schema.org\",\"@graph\":[{\"@type\":\"WebPage\",\"@id\":\"https:\/\/dev.tg4.ie\/en\/information\/press\/press-releases\/2020-2\/living-heroes-of-irish-traditional-music-featured-in-se-mo-laoch\/\",\"url\":\"https:\/\/dev.tg4.ie\/en\/information\/press\/press-releases\/2020-2\/living-heroes-of-irish-traditional-music-featured-in-se-mo-laoch\/\",\"name\":\"TG4 | Living heroes of Irish Traditional Music featured in \u2018S\u00e9 mo Laoch | 2020 | Press Releases | Press | Irish Television Channel, S\u00fail Eile\",\"isPartOf\":{\"@id\":\"https:\/\/dev.tg4.ie\/en\/#website\"},\"primaryImageOfPage\":{\"@id\":\"https:\/\/dev.tg4.ie\/en\/information\/press\/press-releases\/2020-2\/living-heroes-of-irish-traditional-music-featured-in-se-mo-laoch\/#primaryimage\"},\"image\":{\"@id\":\"https:\/\/dev.tg4.ie\/en\/information\/press\/press-releases\/2020-2\/living-heroes-of-irish-traditional-music-featured-in-se-mo-laoch\/#primaryimage\"},\"thumbnailUrl\":\"https:\/\/dev.tg4.ie\/wp-content\/uploads\/2020\/11\/Se_Mo_Laoch_Paddy_Keenan_2_1920x1080.jpg\",\"datePublished\":\"2020-11-10T13:10:05+00:00\",\"dateModified\":\"2021-11-04T16:42:10+00:00\",\"description\":\"S\u00e9 mo Laoch returns to TG4 for the 11th series, celebrating the very best in Irish Traditional Music\",\"breadcrumb\":{\"@id\":\"https:\/\/dev.tg4.ie\/en\/information\/press\/press-releases\/2020-2\/living-heroes-of-irish-traditional-music-featured-in-se-mo-laoch\/#breadcrumb\"},\"inLanguage\":\"en-ie\",\"potentialAction\":[{\"@type\":\"ReadAction\",\"target\":[\"https:\/\/dev.tg4.ie\/en\/information\/press\/press-releases\/2020-2\/living-heroes-of-irish-traditional-music-featured-in-se-mo-laoch\/\"]}]},{\"@type\":\"ImageObject\",\"inLanguage\":\"en-ie\",\"@id\":\"https:\/\/dev.tg4.ie\/en\/information\/press\/press-releases\/2020-2\/living-heroes-of-irish-traditional-music-featured-in-se-mo-laoch\/#primaryimage\",\"url\":\"https:\/\/dev.tg4.ie\/wp-content\/uploads\/2020\/11\/Se_Mo_Laoch_Paddy_Keenan_2_1920x1080.jpg\",\"contentUrl\":\"https:\/\/dev.tg4.ie\/wp-content\/uploads\/2020\/11\/Se_Mo_Laoch_Paddy_Keenan_2_1920x1080.jpg\"},{\"@type\":\"BreadcrumbList\",\"@id\":\"https:\/\/dev.tg4.ie\/en\/information\/press\/press-releases\/2020-2\/living-heroes-of-irish-traditional-music-featured-in-se-mo-laoch\/#breadcrumb\",\"itemListElement\":[{\"@type\":\"ListItem\",\"position\":1,\"name\":\"Home\",\"item\":\"https:\/\/dev.tg4.ie\/en\/\"},{\"@type\":\"ListItem\",\"position\":2,\"name\":\"Information\",\"item\":\"https:\/\/dev.tg4.ie\/en\/information\/\"},{\"@type\":\"ListItem\",\"position\":3,\"name\":\"Press\",\"item\":\"https:\/\/dev.tg4.ie\/en\/information\/press\/\"},{\"@type\":\"ListItem\",\"position\":4,\"name\":\"Press Releases\",\"item\":\"https:\/\/dev.tg4.ie\/en\/information\/press\/press-releases\/\"},{\"@type\":\"ListItem\",\"position\":5,\"name\":\"2020\",\"item\":\"https:\/\/dev.tg4.ie\/en\/information\/press\/press-releases\/2020-2\/\"},{\"@type\":\"ListItem\",\"position\":6,\"name\":\"Living heroes of Irish Traditional Music featured in \u2018S\u00e9 mo Laoch\"}]},{\"@type\":\"WebSite\",\"@id\":\"https:\/\/dev.tg4.ie\/en\/#website\",\"url\":\"https:\/\/dev.tg4.ie\/en\/\",\"name\":\"TG4\",\"description\":\"S\u00fail Eile\",\"potentialAction\":[{\"@type\":\"SearchAction\",\"target\":{\"@type\":\"EntryPoint\",\"urlTemplate\":\"https:\/\/dev.tg4.ie\/en\/?s={search_term_string}\"},\"query-input\":\"required name=search_term_string\"}],\"inLanguage\":\"en-ie\"}]}<\/script>\n<!-- \/ Yoast SEO plugin. -->","yoast_head_json":{"title":"TG4 | Living heroes of Irish Traditional Music featured in \u2018S\u00e9 mo Laoch | 2020 | Press Releases | Press | Irish Television Channel, S\u00fail Eile","description":"S\u00e9 mo Laoch returns to TG4 for the 11th series, celebrating the very best in Irish Traditional Music","robots":{"index":"index","follow":"follow","max-snippet":"max-snippet:-1","max-image-preview":"max-image-preview:large","max-video-preview":"max-video-preview:-1"},"og_locale":"en_US","og_type":"article","og_title":"TG4 | Living heroes of Irish Traditional Music featured in \u2018S\u00e9 mo Laoch | 2020 | Press Releases | Press | Irish Television Channel, S\u00fail Eile","og_description":"S\u00e9 mo Laoch returns to TG4 for the 11th series, celebrating the very best in Irish Traditional Music","og_url":"https:\/\/dev.tg4.ie\/en\/information\/press\/press-releases\/2020-2\/living-heroes-of-irish-traditional-music-featured-in-se-mo-laoch\/","og_site_name":"TG4","article_publisher":"https:\/\/www.facebook.com\/TG4TV","article_modified_time":"2021-11-04T16:42:10+00:00","og_image":[{"width":1920,"height":1080,"url":"https:\/\/tg4-docs.s3.amazonaws.com\/tg4-redesign-2015\/wp-content\/uploads\/2020\/11\/Se_Mo_Laoch_Paddy_Keenan_2_1920x1080.jpg","type":"image\/jpeg"}],"twitter_card":"summary_large_image","twitter_image":"https:\/\/tg4-docs.s3.amazonaws.com\/tg4-redesign-2015\/wp-content\/uploads\/2020\/11\/Se_Mo_Laoch_Paddy_Keenan_2_1920x1080.jpg","twitter_site":"@TG4TV","twitter_misc":{"Est. reading time":"4 minutes"},"schema":{"@context":"https:\/\/schema.org","@graph":[{"@type":"WebPage","@id":"https:\/\/dev.tg4.ie\/en\/information\/press\/press-releases\/2020-2\/living-heroes-of-irish-traditional-music-featured-in-se-mo-laoch\/","url":"https:\/\/dev.tg4.ie\/en\/information\/press\/press-releases\/2020-2\/living-heroes-of-irish-traditional-music-featured-in-se-mo-laoch\/","name":"TG4 | Living heroes of Irish Traditional Music featured in \u2018S\u00e9 mo Laoch | 2020 | Press Releases | Press | Irish Television Channel, S\u00fail Eile","isPartOf":{"@id":"https:\/\/dev.tg4.ie\/en\/#website"},"primaryImageOfPage":{"@id":"https:\/\/dev.tg4.ie\/en\/information\/press\/press-releases\/2020-2\/living-heroes-of-irish-traditional-music-featured-in-se-mo-laoch\/#primaryimage"},"image":{"@id":"https:\/\/dev.tg4.ie\/en\/information\/press\/press-releases\/2020-2\/living-heroes-of-irish-traditional-music-featured-in-se-mo-laoch\/#primaryimage"},"thumbnailUrl":"https:\/\/dev.tg4.ie\/wp-content\/uploads\/2020\/11\/Se_Mo_Laoch_Paddy_Keenan_2_1920x1080.jpg","datePublished":"2020-11-10T13:10:05+00:00","dateModified":"2021-11-04T16:42:10+00:00","description":"S\u00e9 mo Laoch returns to TG4 for the 11th series, celebrating the very best in Irish Traditional Music","breadcrumb":{"@id":"https:\/\/dev.tg4.ie\/en\/information\/press\/press-releases\/2020-2\/living-heroes-of-irish-traditional-music-featured-in-se-mo-laoch\/#breadcrumb"},"inLanguage":"en-ie","potentialAction":[{"@type":"ReadAction","target":["https:\/\/dev.tg4.ie\/en\/information\/press\/press-releases\/2020-2\/living-heroes-of-irish-traditional-music-featured-in-se-mo-laoch\/"]}]},{"@type":"ImageObject","inLanguage":"en-ie","@id":"https:\/\/dev.tg4.ie\/en\/information\/press\/press-releases\/2020-2\/living-heroes-of-irish-traditional-music-featured-in-se-mo-laoch\/#primaryimage","url":"https:\/\/dev.tg4.ie\/wp-content\/uploads\/2020\/11\/Se_Mo_Laoch_Paddy_Keenan_2_1920x1080.jpg","contentUrl":"https:\/\/dev.tg4.ie\/wp-content\/uploads\/2020\/11\/Se_Mo_Laoch_Paddy_Keenan_2_1920x1080.jpg"},{"@type":"BreadcrumbList","@id":"https:\/\/dev.tg4.ie\/en\/information\/press\/press-releases\/2020-2\/living-heroes-of-irish-traditional-music-featured-in-se-mo-laoch\/#breadcrumb","itemListElement":[{"@type":"ListItem","position":1,"name":"Home","item":"https:\/\/dev.tg4.ie\/en\/"},{"@type":"ListItem","position":2,"name":"Information","item":"https:\/\/dev.tg4.ie\/en\/information\/"},{"@type":"ListItem","position":3,"name":"Press","item":"https:\/\/dev.tg4.ie\/en\/information\/press\/"},{"@type":"ListItem","position":4,"name":"Press Releases","item":"https:\/\/dev.tg4.ie\/en\/information\/press\/press-releases\/"},{"@type":"ListItem","position":5,"name":"2020","item":"https:\/\/dev.tg4.ie\/en\/information\/press\/press-releases\/2020-2\/"},{"@type":"ListItem","position":6,"name":"Living heroes of Irish Traditional Music featured in \u2018S\u00e9 mo Laoch"}]},{"@type":"WebSite","@id":"https:\/\/dev.tg4.ie\/en\/#website","url":"https:\/\/dev.tg4.ie\/en\/","name":"TG4","description":"S\u00fail Eile","potentialAction":[{"@type":"SearchAction","target":{"@type":"EntryPoint","urlTemplate":"https:\/\/dev.tg4.ie\/en\/?s={search_term_string}"},"query-input":"required name=search_term_string"}],"inLanguage":"en-ie"}]}},"_links":{"self":[{"href":"https:\/\/dev.tg4.ie\/en\/wp-json\/wp\/v2\/pages\/114933"}],"collection":[{"href":"https:\/\/dev.tg4.ie\/en\/wp-json\/wp\/v2\/pages"}],"about":[{"href":"https:\/\/dev.tg4.ie\/en\/wp-json\/wp\/v2\/types\/page"}],"author":[{"embeddable":true,"href":"https:\/\/dev.tg4.ie\/en\/wp-json\/wp\/v2\/users\/876"}],"replies":[{"embeddable":true,"href":"https:\/\/dev.tg4.ie\/en\/wp-json\/wp\/v2\/comments?post=114933"}],"version-history":[{"count":0,"href":"https:\/\/dev.tg4.ie\/en\/wp-json\/wp\/v2\/pages\/114933\/revisions"}],"up":[{"embeddable":true,"href":"https:\/\/dev.tg4.ie\/en\/wp-json\/wp\/v2\/pages\/111527"}],"wp:attachment":[{"href":"https:\/\/dev.tg4.ie\/en\/wp-json\/wp\/v2\/media?parent=114933"}],"curies":[{"name":"wp","href":"https:\/\/api.w.org\/{rel}","templated":true}]}}