{"id":115045,"date":"2020-11-19T13:21:04","date_gmt":"2020-11-19T13:21:04","guid":{"rendered":"https:\/\/dev.tg4.ie\/?page_id=115045"},"modified":"2021-11-04T16:46:45","modified_gmt":"2021-11-04T16:46:45","slug":"rugbai-beo-to-feature-all-female-analysis-and-commentary-team-this-weekend-in-a-first-for-irish-broadcasting","status":"publish","type":"page","link":"https:\/\/dev.tg4.ie\/en\/information\/press\/press-releases\/2020-2\/rugbai-beo-to-feature-all-female-analysis-and-commentary-team-this-weekend-in-a-first-for-irish-broadcasting\/","title":{"rendered":"Rugba\u00ed Beo to feature all-female analysis and commentary team this weekend in a first for Irish Broadcasting"},"content":{"rendered":"<p><a href=\"https:\/\/tg4-docs.s3.amazonaws.com\/tg4-redesign-2015\/wp-content\/uploads\/2020\/11\/Rugbai_Beo_MT_Eimear_1_1920x1080.jpg\"><img loading=\"lazy\" decoding=\"async\" width=\"1920\" height=\"1080\" src=\"https:\/\/tg4-docs.s3.amazonaws.com\/tg4-redesign-2015\/wp-content\/uploads\/2020\/11\/Rugbai_Beo_MT_Eimear_1_1920x1080.jpg\" alt=\"\" class=\"alignnone size-full wp-image-115043\" srcset=\"https:\/\/tg4-docs.s3.amazonaws.com\/tg4-redesign-2015\/wp-content\/uploads\/2020\/11\/Rugbai_Beo_MT_Eimear_1_1920x1080.jpg 1920w, https:\/\/tg4-docs.s3.amazonaws.com\/tg4-redesign-2015\/wp-content\/uploads\/2020\/11\/Rugbai_Beo_MT_Eimear_1_1920x1080-250x141.jpg 250w, https:\/\/tg4-docs.s3.amazonaws.com\/tg4-redesign-2015\/wp-content\/uploads\/2020\/11\/Rugbai_Beo_MT_Eimear_1_1920x1080-700x394.jpg 700w, https:\/\/tg4-docs.s3.amazonaws.com\/tg4-redesign-2015\/wp-content\/uploads\/2020\/11\/Rugbai_Beo_MT_Eimear_1_1920x1080-252x141.jpg 252w, https:\/\/tg4-docs.s3.amazonaws.com\/tg4-redesign-2015\/wp-content\/uploads\/2020\/11\/Rugbai_Beo_MT_Eimear_1_1920x1080-1536x864.jpg 1536w, https:\/\/tg4-docs.s3.amazonaws.com\/tg4-redesign-2015\/wp-content\/uploads\/2020\/11\/Rugbai_Beo_MT_Eimear_1_1920x1080-120x68.jpg 120w\" sizes=\"(max-width: 1920px) 100vw, 1920px\" \/><\/a><br \/>\n&nbsp;<\/p>\n<p>TG4 is pleased to announce that, as part of our ongoing commitment to the 20&#215;20 campaign and increasing female participation in sport, Rugba\u00ed Beo will feature an all-female analysis and commentary team for the upcoming Guinness PRO14 Round 7 clash between Champions Leinster and Cardiff.<br \/>\n&nbsp;<\/p>\n<p>Female analysts have been a key feature of Rugba\u00ed Beo\u2019s revamped coverage over the past two years but this will be the first time in Irish broadcasting that a rugby game will be fully voiced and analysed by Female Talent. Rugba\u00ed Beo presenter M\u00e1ire Treasa N\u00ed Dhubghaill will be joined by former and current Irish International players Derbhile N\u00edc a Bhaird, Eimear Considine and Jenny Murphy for analysis while M\u00e1ire N\u00ed Bhraon\u00e1in will provide commentary.<br \/>\n&nbsp;<\/p>\n<p>Commenting on the development, R\u00f3n\u00e1n \u00d3 Coisdealbha, TG4 head of sport said <em>\u201cWe are delighted to have talent of the calibre of Deirbhile, Eimear and Jenny joining M\u00e1ire Treasa and M\u00e1ire N\u00ed Bhraon\u00e1in to provide their expert analysis in a further development of the Rugba\u00ed Beo brand. TG4 have a deep commitment to female participation in sport and firmly believe in the underlying principle of the 20&#215;20 campaign, that <strong>\u2018if she can\u2019t see it, she can\u2019t be it\u2019<\/strong>. Sunday\u2019s coverage will be a realisation of the pledge we made in March 2019 to develop female commentary talent and another step on the road to addressing the lack of visibility and cultural perceptions of women in sport.\u201d<\/em><br \/>\n&nbsp;<\/p>\n<p>TG4\u2019s flagship rugby brand for close on 20 years, going back to the inception of the Celtic League in 2001, Rugba\u00ed Beo provides free to air coverage to Irish audiences of the cross-hemisphere Guinness PRO14 championship.  With a brand revamp under Spiddal-based Iris Productions in 2018, it has received many plaudits from audiences for its production innovations such as on-pitch interviews with coaches and behind the scenes audio snoops on ref-briefings with players.<br \/>\n&nbsp;<\/p>\n<p>Current champions Leinster sit atop Conference A and will be in confident mood as they welcome Cardiff to Dublin after beating last season&#8217;s semi-finalists Edinburgh 50-10 in Monday night rugby at the RDS. The game kicks off at 17:15 on Sunday with coverage starting on TG4 at 16:55.<br \/>\n&nbsp;<\/p>\n<p>Hailing from Clare but teaching and living in Dublin, <strong>Eimear Considine<\/strong> is currently Co-Captain of Munster and played full back for Ireland in their most recent 6 Nations campaign. This is Eimear\u2019s third season as an analyst on Rugba\u00ed Beo and she also hosts the weekly \u2018House of Rugby\u2019 podcast with Ulster player Ian Madigan.<br \/>\n&nbsp;<\/p>\n<p><strong>Deirbhile Nic a Bh\u00e1ird<\/strong> hails from Cork and lined out on the wing for Munster at 15s before joining the Ireland Women\u2019s Sevens Programme. She made her 7s debut in Dubai in 2017 and 15s debut in the 2019 Six Nations against Scotland at hooker. Outside of rugby, she began her sporting career playing soccer and Gaelic football and has also competed in Jiu-Jitsu and boxing.<br \/>\n&nbsp;<\/p>\n<p><strong>Jenny Murphy<\/strong> is an Old Belvedere, Leinster and Irish rugby player with 31 international caps  including representing Ireland at two Women\u2019s Rugby World Cups. She has won a Grand Slam and two 6 Nations Championships.<br \/>\n&nbsp;<\/p>\n<p><strong>M\u00e1ire N\u00ed Bhraon\u00e1in<\/strong> is a former Milltown and Galway football star with 3 senior Connacht Titles, 1 All-Ireland Minor Title, 1 U-16 All-Ireland Title and 2 All-Ireland Club 7\u2019s Titles to her name. M\u00e1ire is an all-round talent who works as a presenter, commentator, analyst and secondary school teacher and is also an accomplished piano, fiddle and tin-whistle player.<br \/>\n&nbsp;<br \/>\n&nbsp;<\/p>\n","protected":false},"excerpt":{"rendered":"<p>&nbsp; TG4 is pleased to announce that, as part of our ongoing commitment to the 20&#215;20 campaign and increasing female participation in sport, Rugba\u00ed Beo will feature an all-female analysis and commentary team for the upcoming Guinness PRO14 Round 7 clash between Champions Leinster and Cardiff. &nbsp; Female analysts have been a key feature of [&hellip;]<\/p>\n","protected":false},"author":876,"featured_media":0,"parent":111527,"menu_order":52,"comment_status":"closed","ping_status":"closed","template":"page-templates\/template-pr.php","meta":{"_acf_changed":false,"footnotes":""},"acf":[],"yoast_head":"<!-- This site is optimized with the Yoast SEO plugin v22.6 - https:\/\/yoast.com\/wordpress\/plugins\/seo\/ -->\n<title>TG4 | Rugba\u00ed Beo to feature all-female analysis and commentary team this weekend in a first for Irish Broadcasting | 2020 | Press Releases | Press | Irish Television Channel, S\u00fail Eile<\/title>\n<meta name=\"description\" content=\"A first in Irish Broadcasting as TG4&#039;s Rugba\u00ed Beo sees an all-female commentary team\" \/>\n<meta name=\"robots\" content=\"index, follow, max-snippet:-1, max-image-preview:large, max-video-preview:-1\" \/>\n<meta property=\"og:locale\" content=\"en_US\" \/>\n<meta property=\"og:type\" content=\"article\" \/>\n<meta property=\"og:title\" content=\"TG4 | Rugba\u00ed Beo to feature all-female analysis and commentary team this weekend in a first for Irish Broadcasting | 2020 | Press Releases | Press | Irish Television Channel, S\u00fail Eile\" \/>\n<meta property=\"og:description\" content=\"A first in Irish Broadcasting as TG4&#039;s Rugba\u00ed Beo sees an all-female commentary team\" \/>\n<meta property=\"og:url\" content=\"https:\/\/dev.tg4.ie\/en\/information\/press\/press-releases\/2020-2\/rugbai-beo-to-feature-all-female-analysis-and-commentary-team-this-weekend-in-a-first-for-irish-broadcasting\/\" \/>\n<meta property=\"og:site_name\" content=\"TG4\" \/>\n<meta property=\"article:publisher\" content=\"https:\/\/www.facebook.com\/TG4TV\" \/>\n<meta property=\"article:modified_time\" content=\"2021-11-04T16:46:45+00:00\" \/>\n<meta property=\"og:image\" content=\"https:\/\/tg4-docs.s3.amazonaws.com\/tg4-redesign-2015\/wp-content\/uploads\/2020\/11\/Rugbai_Beo_MT_Eimear_1_1920x1080.jpg\" \/>\n\t<meta property=\"og:image:width\" content=\"1920\" \/>\n\t<meta property=\"og:image:height\" content=\"1080\" \/>\n\t<meta property=\"og:image:type\" content=\"image\/jpeg\" \/>\n<meta name=\"twitter:card\" content=\"summary_large_image\" \/>\n<meta name=\"twitter:image\" content=\"https:\/\/tg4-docs.s3.amazonaws.com\/tg4-redesign-2015\/wp-content\/uploads\/2020\/11\/Rugbai_Beo_MT_Eimear_1_1920x1080.jpg\" \/>\n<meta name=\"twitter:site\" content=\"@TG4TV\" \/>\n<meta name=\"twitter:label1\" content=\"Est. reading time\" \/>\n\t<meta name=\"twitter:data1\" content=\"3 minutes\" \/>\n<script type=\"application\/ld+json\" class=\"yoast-schema-graph\">{\"@context\":\"https:\/\/schema.org\",\"@graph\":[{\"@type\":\"WebPage\",\"@id\":\"https:\/\/dev.tg4.ie\/en\/information\/press\/press-releases\/2020-2\/rugbai-beo-to-feature-all-female-analysis-and-commentary-team-this-weekend-in-a-first-for-irish-broadcasting\/\",\"url\":\"https:\/\/dev.tg4.ie\/en\/information\/press\/press-releases\/2020-2\/rugbai-beo-to-feature-all-female-analysis-and-commentary-team-this-weekend-in-a-first-for-irish-broadcasting\/\",\"name\":\"TG4 | Rugba\u00ed Beo to feature all-female analysis and commentary team this weekend in a first for Irish Broadcasting | 2020 | Press Releases | Press | Irish Television Channel, S\u00fail Eile\",\"isPartOf\":{\"@id\":\"https:\/\/dev.tg4.ie\/en\/#website\"},\"primaryImageOfPage\":{\"@id\":\"https:\/\/dev.tg4.ie\/en\/information\/press\/press-releases\/2020-2\/rugbai-beo-to-feature-all-female-analysis-and-commentary-team-this-weekend-in-a-first-for-irish-broadcasting\/#primaryimage\"},\"image\":{\"@id\":\"https:\/\/dev.tg4.ie\/en\/information\/press\/press-releases\/2020-2\/rugbai-beo-to-feature-all-female-analysis-and-commentary-team-this-weekend-in-a-first-for-irish-broadcasting\/#primaryimage\"},\"thumbnailUrl\":\"https:\/\/dev.tg4.ie\/wp-content\/uploads\/2020\/11\/Rugbai_Beo_MT_Eimear_1_1920x1080.jpg\",\"datePublished\":\"2020-11-19T13:21:04+00:00\",\"dateModified\":\"2021-11-04T16:46:45+00:00\",\"description\":\"A first in Irish Broadcasting as TG4's Rugba\u00ed Beo sees an all-female commentary team\",\"breadcrumb\":{\"@id\":\"https:\/\/dev.tg4.ie\/en\/information\/press\/press-releases\/2020-2\/rugbai-beo-to-feature-all-female-analysis-and-commentary-team-this-weekend-in-a-first-for-irish-broadcasting\/#breadcrumb\"},\"inLanguage\":\"en-ie\",\"potentialAction\":[{\"@type\":\"ReadAction\",\"target\":[\"https:\/\/dev.tg4.ie\/en\/information\/press\/press-releases\/2020-2\/rugbai-beo-to-feature-all-female-analysis-and-commentary-team-this-weekend-in-a-first-for-irish-broadcasting\/\"]}]},{\"@type\":\"ImageObject\",\"inLanguage\":\"en-ie\",\"@id\":\"https:\/\/dev.tg4.ie\/en\/information\/press\/press-releases\/2020-2\/rugbai-beo-to-feature-all-female-analysis-and-commentary-team-this-weekend-in-a-first-for-irish-broadcasting\/#primaryimage\",\"url\":\"https:\/\/dev.tg4.ie\/wp-content\/uploads\/2020\/11\/Rugbai_Beo_MT_Eimear_1_1920x1080.jpg\",\"contentUrl\":\"https:\/\/dev.tg4.ie\/wp-content\/uploads\/2020\/11\/Rugbai_Beo_MT_Eimear_1_1920x1080.jpg\"},{\"@type\":\"BreadcrumbList\",\"@id\":\"https:\/\/dev.tg4.ie\/en\/information\/press\/press-releases\/2020-2\/rugbai-beo-to-feature-all-female-analysis-and-commentary-team-this-weekend-in-a-first-for-irish-broadcasting\/#breadcrumb\",\"itemListElement\":[{\"@type\":\"ListItem\",\"position\":1,\"name\":\"Home\",\"item\":\"https:\/\/dev.tg4.ie\/en\/\"},{\"@type\":\"ListItem\",\"position\":2,\"name\":\"Information\",\"item\":\"https:\/\/dev.tg4.ie\/en\/information\/\"},{\"@type\":\"ListItem\",\"position\":3,\"name\":\"Press\",\"item\":\"https:\/\/dev.tg4.ie\/en\/information\/press\/\"},{\"@type\":\"ListItem\",\"position\":4,\"name\":\"Press Releases\",\"item\":\"https:\/\/dev.tg4.ie\/en\/information\/press\/press-releases\/\"},{\"@type\":\"ListItem\",\"position\":5,\"name\":\"2020\",\"item\":\"https:\/\/dev.tg4.ie\/en\/information\/press\/press-releases\/2020-2\/\"},{\"@type\":\"ListItem\",\"position\":6,\"name\":\"Rugba\u00ed Beo to feature all-female analysis and commentary team this weekend in a first for Irish Broadcasting\"}]},{\"@type\":\"WebSite\",\"@id\":\"https:\/\/dev.tg4.ie\/en\/#website\",\"url\":\"https:\/\/dev.tg4.ie\/en\/\",\"name\":\"TG4\",\"description\":\"S\u00fail Eile\",\"potentialAction\":[{\"@type\":\"SearchAction\",\"target\":{\"@type\":\"EntryPoint\",\"urlTemplate\":\"https:\/\/dev.tg4.ie\/en\/?s={search_term_string}\"},\"query-input\":\"required name=search_term_string\"}],\"inLanguage\":\"en-ie\"}]}<\/script>\n<!-- \/ Yoast SEO plugin. -->","yoast_head_json":{"title":"TG4 | Rugba\u00ed Beo to feature all-female analysis and commentary team this weekend in a first for Irish Broadcasting | 2020 | Press Releases | Press | Irish Television Channel, S\u00fail Eile","description":"A first in Irish Broadcasting as TG4's Rugba\u00ed Beo sees an all-female commentary team","robots":{"index":"index","follow":"follow","max-snippet":"max-snippet:-1","max-image-preview":"max-image-preview:large","max-video-preview":"max-video-preview:-1"},"og_locale":"en_US","og_type":"article","og_title":"TG4 | Rugba\u00ed Beo to feature all-female analysis and commentary team this weekend in a first for Irish Broadcasting | 2020 | Press Releases | Press | Irish Television Channel, S\u00fail Eile","og_description":"A first in Irish Broadcasting as TG4's Rugba\u00ed Beo sees an all-female commentary team","og_url":"https:\/\/dev.tg4.ie\/en\/information\/press\/press-releases\/2020-2\/rugbai-beo-to-feature-all-female-analysis-and-commentary-team-this-weekend-in-a-first-for-irish-broadcasting\/","og_site_name":"TG4","article_publisher":"https:\/\/www.facebook.com\/TG4TV","article_modified_time":"2021-11-04T16:46:45+00:00","og_image":[{"width":1920,"height":1080,"url":"https:\/\/tg4-docs.s3.amazonaws.com\/tg4-redesign-2015\/wp-content\/uploads\/2020\/11\/Rugbai_Beo_MT_Eimear_1_1920x1080.jpg","type":"image\/jpeg"}],"twitter_card":"summary_large_image","twitter_image":"https:\/\/tg4-docs.s3.amazonaws.com\/tg4-redesign-2015\/wp-content\/uploads\/2020\/11\/Rugbai_Beo_MT_Eimear_1_1920x1080.jpg","twitter_site":"@TG4TV","twitter_misc":{"Est. reading time":"3 minutes"},"schema":{"@context":"https:\/\/schema.org","@graph":[{"@type":"WebPage","@id":"https:\/\/dev.tg4.ie\/en\/information\/press\/press-releases\/2020-2\/rugbai-beo-to-feature-all-female-analysis-and-commentary-team-this-weekend-in-a-first-for-irish-broadcasting\/","url":"https:\/\/dev.tg4.ie\/en\/information\/press\/press-releases\/2020-2\/rugbai-beo-to-feature-all-female-analysis-and-commentary-team-this-weekend-in-a-first-for-irish-broadcasting\/","name":"TG4 | Rugba\u00ed Beo to feature all-female analysis and commentary team this weekend in a first for Irish Broadcasting | 2020 | Press Releases | Press | Irish Television Channel, S\u00fail Eile","isPartOf":{"@id":"https:\/\/dev.tg4.ie\/en\/#website"},"primaryImageOfPage":{"@id":"https:\/\/dev.tg4.ie\/en\/information\/press\/press-releases\/2020-2\/rugbai-beo-to-feature-all-female-analysis-and-commentary-team-this-weekend-in-a-first-for-irish-broadcasting\/#primaryimage"},"image":{"@id":"https:\/\/dev.tg4.ie\/en\/information\/press\/press-releases\/2020-2\/rugbai-beo-to-feature-all-female-analysis-and-commentary-team-this-weekend-in-a-first-for-irish-broadcasting\/#primaryimage"},"thumbnailUrl":"https:\/\/dev.tg4.ie\/wp-content\/uploads\/2020\/11\/Rugbai_Beo_MT_Eimear_1_1920x1080.jpg","datePublished":"2020-11-19T13:21:04+00:00","dateModified":"2021-11-04T16:46:45+00:00","description":"A first in Irish Broadcasting as TG4's Rugba\u00ed Beo sees an all-female commentary team","breadcrumb":{"@id":"https:\/\/dev.tg4.ie\/en\/information\/press\/press-releases\/2020-2\/rugbai-beo-to-feature-all-female-analysis-and-commentary-team-this-weekend-in-a-first-for-irish-broadcasting\/#breadcrumb"},"inLanguage":"en-ie","potentialAction":[{"@type":"ReadAction","target":["https:\/\/dev.tg4.ie\/en\/information\/press\/press-releases\/2020-2\/rugbai-beo-to-feature-all-female-analysis-and-commentary-team-this-weekend-in-a-first-for-irish-broadcasting\/"]}]},{"@type":"ImageObject","inLanguage":"en-ie","@id":"https:\/\/dev.tg4.ie\/en\/information\/press\/press-releases\/2020-2\/rugbai-beo-to-feature-all-female-analysis-and-commentary-team-this-weekend-in-a-first-for-irish-broadcasting\/#primaryimage","url":"https:\/\/dev.tg4.ie\/wp-content\/uploads\/2020\/11\/Rugbai_Beo_MT_Eimear_1_1920x1080.jpg","contentUrl":"https:\/\/dev.tg4.ie\/wp-content\/uploads\/2020\/11\/Rugbai_Beo_MT_Eimear_1_1920x1080.jpg"},{"@type":"BreadcrumbList","@id":"https:\/\/dev.tg4.ie\/en\/information\/press\/press-releases\/2020-2\/rugbai-beo-to-feature-all-female-analysis-and-commentary-team-this-weekend-in-a-first-for-irish-broadcasting\/#breadcrumb","itemListElement":[{"@type":"ListItem","position":1,"name":"Home","item":"https:\/\/dev.tg4.ie\/en\/"},{"@type":"ListItem","position":2,"name":"Information","item":"https:\/\/dev.tg4.ie\/en\/information\/"},{"@type":"ListItem","position":3,"name":"Press","item":"https:\/\/dev.tg4.ie\/en\/information\/press\/"},{"@type":"ListItem","position":4,"name":"Press Releases","item":"https:\/\/dev.tg4.ie\/en\/information\/press\/press-releases\/"},{"@type":"ListItem","position":5,"name":"2020","item":"https:\/\/dev.tg4.ie\/en\/information\/press\/press-releases\/2020-2\/"},{"@type":"ListItem","position":6,"name":"Rugba\u00ed Beo to feature all-female analysis and commentary team this weekend in a first for Irish Broadcasting"}]},{"@type":"WebSite","@id":"https:\/\/dev.tg4.ie\/en\/#website","url":"https:\/\/dev.tg4.ie\/en\/","name":"TG4","description":"S\u00fail Eile","potentialAction":[{"@type":"SearchAction","target":{"@type":"EntryPoint","urlTemplate":"https:\/\/dev.tg4.ie\/en\/?s={search_term_string}"},"query-input":"required name=search_term_string"}],"inLanguage":"en-ie"}]}},"_links":{"self":[{"href":"https:\/\/dev.tg4.ie\/en\/wp-json\/wp\/v2\/pages\/115045"}],"collection":[{"href":"https:\/\/dev.tg4.ie\/en\/wp-json\/wp\/v2\/pages"}],"about":[{"href":"https:\/\/dev.tg4.ie\/en\/wp-json\/wp\/v2\/types\/page"}],"author":[{"embeddable":true,"href":"https:\/\/dev.tg4.ie\/en\/wp-json\/wp\/v2\/users\/876"}],"replies":[{"embeddable":true,"href":"https:\/\/dev.tg4.ie\/en\/wp-json\/wp\/v2\/comments?post=115045"}],"version-history":[{"count":0,"href":"https:\/\/dev.tg4.ie\/en\/wp-json\/wp\/v2\/pages\/115045\/revisions"}],"up":[{"embeddable":true,"href":"https:\/\/dev.tg4.ie\/en\/wp-json\/wp\/v2\/pages\/111527"}],"wp:attachment":[{"href":"https:\/\/dev.tg4.ie\/en\/wp-json\/wp\/v2\/media?parent=115045"}],"curies":[{"name":"wp","href":"https:\/\/api.w.org\/{rel}","templated":true}]}}