{"id":115111,"date":"2020-11-24T16:12:03","date_gmt":"2020-11-24T16:12:03","guid":{"rendered":"https:\/\/dev.tg4.ie\/?page_id=115111"},"modified":"2021-11-04T16:52:47","modified_gmt":"2021-11-04T16:52:47","slug":"arracht-selected-as-irelands-entry-for-the-oscars-best-international-feature-film-category","status":"publish","type":"page","link":"https:\/\/dev.tg4.ie\/en\/information\/press\/press-releases\/2020-2\/arracht-selected-as-irelands-entry-for-the-oscars-best-international-feature-film-category\/","title":{"rendered":"\u2018Arracht\u2019 selected as Ireland\u2019s entry for the Oscars\u2019 Best International Feature Film category"},"content":{"rendered":"<p><a href=\"https:\/\/tg4-docs.s3.amazonaws.com\/tg4-redesign-2015\/wp-content\/uploads\/2020\/11\/Arracht_Poster_1_1920x1440.jpg\"><img loading=\"lazy\" decoding=\"async\" width=\"1920\" height=\"1440\" src=\"https:\/\/tg4-docs.s3.amazonaws.com\/tg4-redesign-2015\/wp-content\/uploads\/2020\/11\/Arracht_Poster_1_1920x1440.jpg\" alt=\"\" class=\"alignnone size-full wp-image-115100\" srcset=\"https:\/\/tg4-docs.s3.amazonaws.com\/tg4-redesign-2015\/wp-content\/uploads\/2020\/11\/Arracht_Poster_1_1920x1440.jpg 1920w, https:\/\/tg4-docs.s3.amazonaws.com\/tg4-redesign-2015\/wp-content\/uploads\/2020\/11\/Arracht_Poster_1_1920x1440-250x188.jpg 250w, https:\/\/tg4-docs.s3.amazonaws.com\/tg4-redesign-2015\/wp-content\/uploads\/2020\/11\/Arracht_Poster_1_1920x1440-700x525.jpg 700w, https:\/\/tg4-docs.s3.amazonaws.com\/tg4-redesign-2015\/wp-content\/uploads\/2020\/11\/Arracht_Poster_1_1920x1440-188x141.jpg 188w, https:\/\/tg4-docs.s3.amazonaws.com\/tg4-redesign-2015\/wp-content\/uploads\/2020\/11\/Arracht_Poster_1_1920x1440-1536x1152.jpg 1536w, https:\/\/tg4-docs.s3.amazonaws.com\/tg4-redesign-2015\/wp-content\/uploads\/2020\/11\/Arracht_Poster_1_1920x1440-120x90.jpg 120w\" sizes=\"(max-width: 1920px) 100vw, 1920px\" \/><\/a><br \/>\n&nbsp;<\/p>\n<p>TG4 are elated by today\u2019s announcement by IFTA that <em>Arracht<\/em>, an Irish-language feature film from the Cine4 initiative has been selected as Ireland\u2019s entry for the Oscars\u2019 Best International Feature Film category at the upcoming 93<sup>rd<\/sup> annual Academy Awards.<br \/>\n&nbsp;<br \/>\nCine4 is a partnership between TG4, Screen Ireland, and the Broadcasting Authority of Ireland (BAI) to develop original feature films in the Irish language.<br \/>\n&nbsp;<br \/>\n<em>Arracht<\/em> was written and directed by <strong>Tom Sullivan<\/strong> and starring Screen International Star of Tomorrow 2020 <strong>D\u00f3nall \u00d3 H\u00e9ala\u00ed<\/strong> alongside <strong>Dara Devaney<\/strong>, <strong>Michael McElhatton<\/strong>, and newcomer <strong>Saise N\u00ed Ch\u00fainn<\/strong>. <em>Arracht<\/em> was produced by C\u00fa\u00e1n Mac Conghail for Macalla Teoranta with executive producers Brendan McCarthy and John McDonnell of Fantastic Films. <em>Arracht<\/em> premiered to critical acclaim at the prestigious Tallinn Black Nights Festival in 2019.<br \/>\n&nbsp;<br \/>\nSet in Ireland in 1845, Arracht centres on Colm\u00e1n Sharkey, a fisherman, a father, a husband, who takes in a stranger at the behest of a local priest. Patsy, a former soldier arrives just ahead of \u2018the blight,\u2019 a crop disease that caused the Great Plague, killing and displacing millions of Irish people. As the crops rot in the fields, Colm\u00e1n, his brother and Patsy travel to the English Landlord&#8217;s house to request a stay on rent increases that Colm\u00e1n predicts will destroy his community. His request falls on deaf ears and Patsy&#8217;s subsequent actions set Colm\u00e1n on a path that will take him to the edge of survival, and sanity. It is only upon encountering an abandoned young girl that Colm\u00e1n&#8217;s resolve is lifted. Just in time for the darkness of his past to pay another visit.<br \/>\n&nbsp;<\/p>\n<p>Watch trailer here:<\/p>\n<div style=\"position: relative; overflow: auto; width: 100%; padding-bottom: 56.25%;\"><iframe loading=\"lazy\" src=\"https:\/\/www.youtube.com\/embed\/jYmZ8mPrm5A\" width=\"100%\" height=\"100%\" frameborder=\"0\" scrolling=\"no\" allowFullscreen=\"true\" style=\"position: absolute; top: 0px; display: block;\"><\/iframe><\/div>\n<p>&nbsp;<br \/>\n<a href=\"https:\/\/tg4-docs.s3.amazonaws.com\/tg4-redesign-2015\/wp-content\/uploads\/2020\/11\/Arracht_2_1288x541.jpg\"><img loading=\"lazy\" decoding=\"async\" width=\"1288\" height=\"541\" src=\"https:\/\/tg4-docs.s3.amazonaws.com\/tg4-redesign-2015\/wp-content\/uploads\/2020\/11\/Arracht_2_1288x541.jpg\" alt=\"\" class=\"alignnone size-full wp-image-115105\" srcset=\"https:\/\/tg4-docs.s3.amazonaws.com\/tg4-redesign-2015\/wp-content\/uploads\/2020\/11\/Arracht_2_1288x541.jpg 1288w, https:\/\/tg4-docs.s3.amazonaws.com\/tg4-redesign-2015\/wp-content\/uploads\/2020\/11\/Arracht_2_1288x541-250x105.jpg 250w, https:\/\/tg4-docs.s3.amazonaws.com\/tg4-redesign-2015\/wp-content\/uploads\/2020\/11\/Arracht_2_1288x541-700x294.jpg 700w, https:\/\/tg4-docs.s3.amazonaws.com\/tg4-redesign-2015\/wp-content\/uploads\/2020\/11\/Arracht_2_1288x541-252x106.jpg 252w, https:\/\/tg4-docs.s3.amazonaws.com\/tg4-redesign-2015\/wp-content\/uploads\/2020\/11\/Arracht_2_1288x541-120x50.jpg 120w\" sizes=\"(max-width: 1288px) 100vw, 1288px\" \/><\/a><br \/>\n&nbsp;<br \/>\n&nbsp;<br \/>\n<strong>Alan Esslemont, Director General of TG4 welcomed today\u2019s announcement saying<\/strong> <em>\u201cToo often, great creative talent in Irish is invisible in Ireland, solely because they create, act or broadcast in the country\u2019s minority language. Thus when TG4, Screen Ireland and the BAI launched the Cine4 scheme, we said that we chose to go, not to the moon, but to the Oscars. The vision was to seek international validation for cultural and creative works in the Irish language. We want to see Irish language cinema develop, be recognised nationally and grow a global footprint of appreciation. I applaud Macalla and all those involved in \u2018Arracht\u2019 for their talent, drive and belief in this compelling film which has already won major national and international awards and is now recognised and rewarded by the Irish Film and Television Academy.\u201d<\/em><br \/>\n&nbsp;<\/p>\n<p><strong>Tom Sullivan, writer\/director of Arracht said:<\/strong> <em>\u201cI am overjoyed with the news that Arracht has been chosen by the IFTA selection committee to represent Ireland in the Oscar\u2019s Best International Film category. This is recognition of the team&#8217;s work and dedication and to be considered on this level is a huge honour and beyond exciting. It&#8217;s been a funny old year to be in the film business but the support Arracht has received from everyone has really kept us going. Thank you to our funders Screen Ireland, BAI, and TG4 and thank you IFTA for all your support.\u201d<\/em><br \/>\n&nbsp;<\/p>\n<p>Arracht was selected by IFTA\u2019s special Selection Committee, which this year included Director <strong>Lenny Abrahamson<\/strong> <em>(Normal People, Room, Frank)<\/em>, Actor <strong>Ciar\u00e1n Hinds<\/strong>, <em>(Munich, The Woman in Black, Tinker Tailor Soldier Spy)<\/em>, Composer, and the first female conductor at the Oscars, <strong>E\u00edmear Noone<\/strong>, Producer <strong>Macdara Kelleher<\/strong> <em>(Foundation, The Green Knight, Black \u201947)<\/em>, actress <strong>Fionnula Flanagan<\/strong> <em>(The Guard, The Others)<\/em> and <strong>David Flynn<\/strong> (Exec VP of International Strategy at Paramount TV). The Committee was chaired by Academy CEO \u00c1ine Moriarty.<br \/>\n&nbsp;<\/p>\n<p>Arracht won two IFTA Awards at this year\u2019s Awards Ceremony along with 9 other IFTA Nominations. Since its premiere in Tallinn, Arracht has won accolades at other festivals including the Dublin International Film Festival, The Galway Film Fleadh, and the Glasgow Film Festival.<br \/>\n&nbsp;<\/p>\n<p>The Best International Film contenders will next be shortlisted to 10 international finalists which will then be ultimately shortlisted to the final 5 Oscar Nominees in that category in advance of the Oscar ceremony which was originally scheduled for 28th February, but has been shifted out to April 2021, due to the Coronavirus Pandemic.<br \/>\n&nbsp;<\/p>\n<p>The 93<sup>rd<\/sup> Academy Awards ceremony (the Oscars) will take place at the Dolby Theatre in Hollywood, Los Angeles, California on Sunday 25th April 2021 and will honour the best films of 2020.<br \/>\n&nbsp;<br \/>\nBreak Out Pictures will be releasing ARRACHT in cinemas, Spring 2021.<\/p>\n<p>&nbsp;<br \/>\n&nbsp;<\/p>\n","protected":false},"excerpt":{"rendered":"<p>&nbsp; TG4 are elated by today\u2019s announcement by IFTA that Arracht, an Irish-language feature film from the Cine4 initiative has been selected as Ireland\u2019s entry for the Oscars\u2019 Best International Feature Film category at the upcoming 93rd annual Academy Awards. &nbsp; Cine4 is a partnership between TG4, Screen Ireland, and the Broadcasting Authority of Ireland [&hellip;]<\/p>\n","protected":false},"author":876,"featured_media":0,"parent":111527,"menu_order":53,"comment_status":"closed","ping_status":"closed","template":"page-templates\/template-pr.php","meta":{"_acf_changed":false,"footnotes":""},"acf":[],"yoast_head":"<!-- This site is optimized with the Yoast SEO plugin v22.6 - https:\/\/yoast.com\/wordpress\/plugins\/seo\/ -->\n<title>TG4 | \u2018Arracht\u2019 selected as Ireland\u2019s entry for the Oscars\u2019 Best International Feature Film category | 2020 | Press Releases | Press | Irish Television Channel, S\u00fail Eile<\/title>\n<meta name=\"description\" content=\"TG4 are delighted with the announcement that Arracht has been chosen as for the Oscars\u2019 Best International Feature Film\" \/>\n<meta name=\"robots\" content=\"index, follow, max-snippet:-1, max-image-preview:large, max-video-preview:-1\" \/>\n<meta property=\"og:locale\" content=\"en_US\" \/>\n<meta property=\"og:type\" content=\"article\" \/>\n<meta property=\"og:title\" content=\"TG4 | \u2018Arracht\u2019 selected as Ireland\u2019s entry for the Oscars\u2019 Best International Feature Film category | 2020 | Press Releases | Press | Irish Television Channel, S\u00fail Eile\" \/>\n<meta property=\"og:description\" content=\"TG4 are delighted with the announcement that Arracht has been chosen as for the Oscars\u2019 Best International Feature Film\" \/>\n<meta property=\"og:url\" content=\"https:\/\/dev.tg4.ie\/en\/information\/press\/press-releases\/2020-2\/arracht-selected-as-irelands-entry-for-the-oscars-best-international-feature-film-category\/\" \/>\n<meta property=\"og:site_name\" content=\"TG4\" \/>\n<meta property=\"article:publisher\" content=\"https:\/\/www.facebook.com\/TG4TV\" \/>\n<meta property=\"article:modified_time\" content=\"2021-11-04T16:52:47+00:00\" \/>\n<meta property=\"og:image\" content=\"https:\/\/tg4-docs.s3.amazonaws.com\/tg4-redesign-2015\/wp-content\/uploads\/2020\/11\/Arracht_Poster_1_1920x1080.jpg\" \/>\n\t<meta property=\"og:image:width\" content=\"1920\" \/>\n\t<meta property=\"og:image:height\" content=\"1080\" \/>\n\t<meta property=\"og:image:type\" content=\"image\/jpeg\" \/>\n<meta name=\"twitter:card\" content=\"summary_large_image\" \/>\n<meta name=\"twitter:image\" content=\"https:\/\/tg4-docs.s3.amazonaws.com\/tg4-redesign-2015\/wp-content\/uploads\/2020\/11\/Arracht_Poster_1_1920x1080.jpg\" \/>\n<meta name=\"twitter:site\" content=\"@TG4TV\" \/>\n<meta name=\"twitter:label1\" content=\"Est. reading time\" \/>\n\t<meta name=\"twitter:data1\" content=\"4 minutes\" \/>\n<script type=\"application\/ld+json\" class=\"yoast-schema-graph\">{\"@context\":\"https:\/\/schema.org\",\"@graph\":[{\"@type\":\"WebPage\",\"@id\":\"https:\/\/dev.tg4.ie\/en\/information\/press\/press-releases\/2020-2\/arracht-selected-as-irelands-entry-for-the-oscars-best-international-feature-film-category\/\",\"url\":\"https:\/\/dev.tg4.ie\/en\/information\/press\/press-releases\/2020-2\/arracht-selected-as-irelands-entry-for-the-oscars-best-international-feature-film-category\/\",\"name\":\"TG4 | \u2018Arracht\u2019 selected as Ireland\u2019s entry for the Oscars\u2019 Best International Feature Film category | 2020 | Press Releases | Press | Irish Television Channel, S\u00fail Eile\",\"isPartOf\":{\"@id\":\"https:\/\/dev.tg4.ie\/en\/#website\"},\"primaryImageOfPage\":{\"@id\":\"https:\/\/dev.tg4.ie\/en\/information\/press\/press-releases\/2020-2\/arracht-selected-as-irelands-entry-for-the-oscars-best-international-feature-film-category\/#primaryimage\"},\"image\":{\"@id\":\"https:\/\/dev.tg4.ie\/en\/information\/press\/press-releases\/2020-2\/arracht-selected-as-irelands-entry-for-the-oscars-best-international-feature-film-category\/#primaryimage\"},\"thumbnailUrl\":\"https:\/\/dev.tg4.ie\/wp-content\/uploads\/2020\/11\/Arracht_Poster_1_1920x1440.jpg\",\"datePublished\":\"2020-11-24T16:12:03+00:00\",\"dateModified\":\"2021-11-04T16:52:47+00:00\",\"description\":\"TG4 are delighted with the announcement that Arracht has been chosen as for the Oscars\u2019 Best International Feature Film\",\"breadcrumb\":{\"@id\":\"https:\/\/dev.tg4.ie\/en\/information\/press\/press-releases\/2020-2\/arracht-selected-as-irelands-entry-for-the-oscars-best-international-feature-film-category\/#breadcrumb\"},\"inLanguage\":\"en-ie\",\"potentialAction\":[{\"@type\":\"ReadAction\",\"target\":[\"https:\/\/dev.tg4.ie\/en\/information\/press\/press-releases\/2020-2\/arracht-selected-as-irelands-entry-for-the-oscars-best-international-feature-film-category\/\"]}]},{\"@type\":\"ImageObject\",\"inLanguage\":\"en-ie\",\"@id\":\"https:\/\/dev.tg4.ie\/en\/information\/press\/press-releases\/2020-2\/arracht-selected-as-irelands-entry-for-the-oscars-best-international-feature-film-category\/#primaryimage\",\"url\":\"https:\/\/dev.tg4.ie\/wp-content\/uploads\/2020\/11\/Arracht_Poster_1_1920x1440.jpg\",\"contentUrl\":\"https:\/\/dev.tg4.ie\/wp-content\/uploads\/2020\/11\/Arracht_Poster_1_1920x1440.jpg\"},{\"@type\":\"BreadcrumbList\",\"@id\":\"https:\/\/dev.tg4.ie\/en\/information\/press\/press-releases\/2020-2\/arracht-selected-as-irelands-entry-for-the-oscars-best-international-feature-film-category\/#breadcrumb\",\"itemListElement\":[{\"@type\":\"ListItem\",\"position\":1,\"name\":\"Home\",\"item\":\"https:\/\/dev.tg4.ie\/en\/\"},{\"@type\":\"ListItem\",\"position\":2,\"name\":\"Information\",\"item\":\"https:\/\/dev.tg4.ie\/en\/information\/\"},{\"@type\":\"ListItem\",\"position\":3,\"name\":\"Press\",\"item\":\"https:\/\/dev.tg4.ie\/en\/information\/press\/\"},{\"@type\":\"ListItem\",\"position\":4,\"name\":\"Press Releases\",\"item\":\"https:\/\/dev.tg4.ie\/en\/information\/press\/press-releases\/\"},{\"@type\":\"ListItem\",\"position\":5,\"name\":\"2020\",\"item\":\"https:\/\/dev.tg4.ie\/en\/information\/press\/press-releases\/2020-2\/\"},{\"@type\":\"ListItem\",\"position\":6,\"name\":\"\u2018Arracht\u2019 selected as Ireland\u2019s entry for the Oscars\u2019 Best International Feature Film category\"}]},{\"@type\":\"WebSite\",\"@id\":\"https:\/\/dev.tg4.ie\/en\/#website\",\"url\":\"https:\/\/dev.tg4.ie\/en\/\",\"name\":\"TG4\",\"description\":\"S\u00fail Eile\",\"potentialAction\":[{\"@type\":\"SearchAction\",\"target\":{\"@type\":\"EntryPoint\",\"urlTemplate\":\"https:\/\/dev.tg4.ie\/en\/?s={search_term_string}\"},\"query-input\":\"required name=search_term_string\"}],\"inLanguage\":\"en-ie\"}]}<\/script>\n<!-- \/ Yoast SEO plugin. -->","yoast_head_json":{"title":"TG4 | \u2018Arracht\u2019 selected as Ireland\u2019s entry for the Oscars\u2019 Best International Feature Film category | 2020 | Press Releases | Press | Irish Television Channel, S\u00fail Eile","description":"TG4 are delighted with the announcement that Arracht has been chosen as for the Oscars\u2019 Best International Feature Film","robots":{"index":"index","follow":"follow","max-snippet":"max-snippet:-1","max-image-preview":"max-image-preview:large","max-video-preview":"max-video-preview:-1"},"og_locale":"en_US","og_type":"article","og_title":"TG4 | \u2018Arracht\u2019 selected as Ireland\u2019s entry for the Oscars\u2019 Best International Feature Film category | 2020 | Press Releases | Press | Irish Television Channel, S\u00fail Eile","og_description":"TG4 are delighted with the announcement that Arracht has been chosen as for the Oscars\u2019 Best International Feature Film","og_url":"https:\/\/dev.tg4.ie\/en\/information\/press\/press-releases\/2020-2\/arracht-selected-as-irelands-entry-for-the-oscars-best-international-feature-film-category\/","og_site_name":"TG4","article_publisher":"https:\/\/www.facebook.com\/TG4TV","article_modified_time":"2021-11-04T16:52:47+00:00","og_image":[{"width":1920,"height":1080,"url":"https:\/\/tg4-docs.s3.amazonaws.com\/tg4-redesign-2015\/wp-content\/uploads\/2020\/11\/Arracht_Poster_1_1920x1080.jpg","type":"image\/jpeg"}],"twitter_card":"summary_large_image","twitter_image":"https:\/\/tg4-docs.s3.amazonaws.com\/tg4-redesign-2015\/wp-content\/uploads\/2020\/11\/Arracht_Poster_1_1920x1080.jpg","twitter_site":"@TG4TV","twitter_misc":{"Est. reading time":"4 minutes"},"schema":{"@context":"https:\/\/schema.org","@graph":[{"@type":"WebPage","@id":"https:\/\/dev.tg4.ie\/en\/information\/press\/press-releases\/2020-2\/arracht-selected-as-irelands-entry-for-the-oscars-best-international-feature-film-category\/","url":"https:\/\/dev.tg4.ie\/en\/information\/press\/press-releases\/2020-2\/arracht-selected-as-irelands-entry-for-the-oscars-best-international-feature-film-category\/","name":"TG4 | \u2018Arracht\u2019 selected as Ireland\u2019s entry for the Oscars\u2019 Best International Feature Film category | 2020 | Press Releases | Press | Irish Television Channel, S\u00fail Eile","isPartOf":{"@id":"https:\/\/dev.tg4.ie\/en\/#website"},"primaryImageOfPage":{"@id":"https:\/\/dev.tg4.ie\/en\/information\/press\/press-releases\/2020-2\/arracht-selected-as-irelands-entry-for-the-oscars-best-international-feature-film-category\/#primaryimage"},"image":{"@id":"https:\/\/dev.tg4.ie\/en\/information\/press\/press-releases\/2020-2\/arracht-selected-as-irelands-entry-for-the-oscars-best-international-feature-film-category\/#primaryimage"},"thumbnailUrl":"https:\/\/dev.tg4.ie\/wp-content\/uploads\/2020\/11\/Arracht_Poster_1_1920x1440.jpg","datePublished":"2020-11-24T16:12:03+00:00","dateModified":"2021-11-04T16:52:47+00:00","description":"TG4 are delighted with the announcement that Arracht has been chosen as for the Oscars\u2019 Best International Feature Film","breadcrumb":{"@id":"https:\/\/dev.tg4.ie\/en\/information\/press\/press-releases\/2020-2\/arracht-selected-as-irelands-entry-for-the-oscars-best-international-feature-film-category\/#breadcrumb"},"inLanguage":"en-ie","potentialAction":[{"@type":"ReadAction","target":["https:\/\/dev.tg4.ie\/en\/information\/press\/press-releases\/2020-2\/arracht-selected-as-irelands-entry-for-the-oscars-best-international-feature-film-category\/"]}]},{"@type":"ImageObject","inLanguage":"en-ie","@id":"https:\/\/dev.tg4.ie\/en\/information\/press\/press-releases\/2020-2\/arracht-selected-as-irelands-entry-for-the-oscars-best-international-feature-film-category\/#primaryimage","url":"https:\/\/dev.tg4.ie\/wp-content\/uploads\/2020\/11\/Arracht_Poster_1_1920x1440.jpg","contentUrl":"https:\/\/dev.tg4.ie\/wp-content\/uploads\/2020\/11\/Arracht_Poster_1_1920x1440.jpg"},{"@type":"BreadcrumbList","@id":"https:\/\/dev.tg4.ie\/en\/information\/press\/press-releases\/2020-2\/arracht-selected-as-irelands-entry-for-the-oscars-best-international-feature-film-category\/#breadcrumb","itemListElement":[{"@type":"ListItem","position":1,"name":"Home","item":"https:\/\/dev.tg4.ie\/en\/"},{"@type":"ListItem","position":2,"name":"Information","item":"https:\/\/dev.tg4.ie\/en\/information\/"},{"@type":"ListItem","position":3,"name":"Press","item":"https:\/\/dev.tg4.ie\/en\/information\/press\/"},{"@type":"ListItem","position":4,"name":"Press Releases","item":"https:\/\/dev.tg4.ie\/en\/information\/press\/press-releases\/"},{"@type":"ListItem","position":5,"name":"2020","item":"https:\/\/dev.tg4.ie\/en\/information\/press\/press-releases\/2020-2\/"},{"@type":"ListItem","position":6,"name":"\u2018Arracht\u2019 selected as Ireland\u2019s entry for the Oscars\u2019 Best International Feature Film category"}]},{"@type":"WebSite","@id":"https:\/\/dev.tg4.ie\/en\/#website","url":"https:\/\/dev.tg4.ie\/en\/","name":"TG4","description":"S\u00fail Eile","potentialAction":[{"@type":"SearchAction","target":{"@type":"EntryPoint","urlTemplate":"https:\/\/dev.tg4.ie\/en\/?s={search_term_string}"},"query-input":"required name=search_term_string"}],"inLanguage":"en-ie"}]}},"_links":{"self":[{"href":"https:\/\/dev.tg4.ie\/en\/wp-json\/wp\/v2\/pages\/115111"}],"collection":[{"href":"https:\/\/dev.tg4.ie\/en\/wp-json\/wp\/v2\/pages"}],"about":[{"href":"https:\/\/dev.tg4.ie\/en\/wp-json\/wp\/v2\/types\/page"}],"author":[{"embeddable":true,"href":"https:\/\/dev.tg4.ie\/en\/wp-json\/wp\/v2\/users\/876"}],"replies":[{"embeddable":true,"href":"https:\/\/dev.tg4.ie\/en\/wp-json\/wp\/v2\/comments?post=115111"}],"version-history":[{"count":0,"href":"https:\/\/dev.tg4.ie\/en\/wp-json\/wp\/v2\/pages\/115111\/revisions"}],"up":[{"embeddable":true,"href":"https:\/\/dev.tg4.ie\/en\/wp-json\/wp\/v2\/pages\/111527"}],"wp:attachment":[{"href":"https:\/\/dev.tg4.ie\/en\/wp-json\/wp\/v2\/media?parent=115111"}],"curies":[{"name":"wp","href":"https:\/\/api.w.org\/{rel}","templated":true}]}}