{"id":115201,"date":"2020-12-01T12:13:44","date_gmt":"2020-12-01T12:13:44","guid":{"rendered":"https:\/\/dev.tg4.ie\/?page_id=115201"},"modified":"2021-11-04T16:43:03","modified_gmt":"2021-11-04T16:43:03","slug":"tg4s-new-weather-presenters","status":"publish","type":"page","link":"https:\/\/dev.tg4.ie\/en\/information\/press\/press-releases\/2020-2\/tg4s-new-weather-presenters\/","title":{"rendered":"TG4&#8217;s New Weather Presenters"},"content":{"rendered":"<p>Two new presenters have joined TG4\u2019s weather and continuity team creating an even more diverse panel.<\/p>\n<p>They are, Darren \u00d3 Dubhgain from Donegal and Dubliner Donncha \u00d3 Murch\u00fa.<br \/>\n&nbsp;<br \/>\n<a href=\"https:\/\/tg4-docs.s3.amazonaws.com\/tg4-redesign-2015\/wp-content\/uploads\/2020\/12\/Laithreoiri_Nua_Donncha_Darren_1_1920x1080.jpg\"><img loading=\"lazy\" decoding=\"async\" width=\"1920\" height=\"1080\" src=\"https:\/\/tg4-docs.s3.amazonaws.com\/tg4-redesign-2015\/wp-content\/uploads\/2020\/12\/Laithreoiri_Nua_Donncha_Darren_1_1920x1080.jpg\" alt=\"\" class=\"alignnone size-full wp-image-115195\" srcset=\"https:\/\/tg4-docs.s3.amazonaws.com\/tg4-redesign-2015\/wp-content\/uploads\/2020\/12\/Laithreoiri_Nua_Donncha_Darren_1_1920x1080.jpg 1920w, https:\/\/tg4-docs.s3.amazonaws.com\/tg4-redesign-2015\/wp-content\/uploads\/2020\/12\/Laithreoiri_Nua_Donncha_Darren_1_1920x1080-250x141.jpg 250w, https:\/\/tg4-docs.s3.amazonaws.com\/tg4-redesign-2015\/wp-content\/uploads\/2020\/12\/Laithreoiri_Nua_Donncha_Darren_1_1920x1080-700x394.jpg 700w, https:\/\/tg4-docs.s3.amazonaws.com\/tg4-redesign-2015\/wp-content\/uploads\/2020\/12\/Laithreoiri_Nua_Donncha_Darren_1_1920x1080-252x141.jpg 252w, https:\/\/tg4-docs.s3.amazonaws.com\/tg4-redesign-2015\/wp-content\/uploads\/2020\/12\/Laithreoiri_Nua_Donncha_Darren_1_1920x1080-1536x864.jpg 1536w, https:\/\/tg4-docs.s3.amazonaws.com\/tg4-redesign-2015\/wp-content\/uploads\/2020\/12\/Laithreoiri_Nua_Donncha_Darren_1_1920x1080-120x68.jpg 120w\" sizes=\"(max-width: 1920px) 100vw, 1920px\" \/><\/a><br \/>\n<sup>Pic: Donncha &#038; Darren<\/sup><br \/>\n&nbsp;<\/p>\n<p><strong>Darren \u00d3 Dubhg\u00e1in<\/strong> from Gort an Choirce, in the parish of Chloich Cheann Fhaola, in the Donegal Gaeltacht has been working as a Social Media Co-ordinator with the stations children programme C\u00fala4 and he is now moving from working behind the scenes to front of camera. Darren attended Scoil Chnoc Na Naomh national school followed by Pobalscoil Chloich Cheann Fhaola. He studied in National University of Ireland, Galway during which he achieved a BA (Gaeilge and German) and MA (Professional Media Practice). On working with TG4 Darren says, <em>\u201cIt\u2019s unbelievable and I\u2019m really enjoying it! I never thought I\u2019d have the opportunity to work in my native language as a weather presenter on TG4.\u201d<\/em><br \/>\n&nbsp;<br \/>\nMore than anything else, Darren loves spending time with his family on Tory Island. There\u2019s nothing he enjoys more than going to Tory when he has the chance and to enjoy the music, the craic, the company and the beauty of the island.<br \/>\n&nbsp;<br \/>\n<strong>Donncha \u00d3 Murch\u00fa<\/strong> from Kilmacud, in Dublin has joined TG4\u2019s weather team. He attended Col\u00e1iste Eoin before going to UCD to study Irish and history. Irish has very much been at the core of everything he has done since leaving school. He spent a couple of years teaching the language, before heading off to Montana, in the States, to promote Irish language and culture in the University of Montana, in the city of Missoula. When he came home, he took on the role of Social Media Coordinator with Molsc\u00e9al, in TG4.<br \/>\nOn starting his new role in TG4 Donncha says, <em>\u201cI couldn&#8217;t have imagined myself doing this a year ago. It&#8217;s a great job and I&#8217;m very grateful to have been given the opportunity.&#8221;<\/em><br \/>\nDonncha has been involved with sports all his life especially hurling and cycling, and he loves filming and editing videos as often as he can, and Gaelainn Chorca Dhuibhne holds a special place in his heart!<br \/>\n&nbsp;<br \/>\n<strong>Aimsir TG4<\/strong> provides the Irish weather service through Irish. Three linear bulletins are broadcast each day and there are more on the station\u2019s website <a href=\"https:\/\/dev.tg4.ie\/brandai-eile\/an-aimsir\/aimsir\/\" rel=\"noopener noreferrer\" target=\"_blank\"><strong>TG4.ie\/Aimsir<\/strong><\/a> as well as its own social media on Twitter <a href=\"https:\/\/twitter.com\/AimsirTG4\" rel=\"noopener noreferrer\" target=\"_blank\"><strong>@AimsirTG4<\/strong><\/a>. The weather service is provided by New Zealand based Metraweather, using the Weatherscape XT graphics system and supported by their Meteorology team. Every dialect can be heard on Aimsir TG4. The presenters also do the continuity for the station as well as the social media. TG4 presenters are the faces and voices of the station. Previous TG4 Weather Presenters such as D\u00e1ith\u00ed \u00d3 S\u00e9, S\u00edle Seoige, P\u00e1id\u00ed \u00d3 Lion\u00e1ird, Aoife N\u00ed Thuairisg and Ailbhe \u00d3 Monach\u00e1in continue to be familiar faces on our TV screens.<\/p>\n<p>&nbsp;<br \/>\n&nbsp;<\/p>\n<p>Both presenters are available for interview.<br \/>\nImages credit: Se\u00e1n \u00d3 Mainn\u00edn.<\/p>\n<p>&nbsp;<br \/>\n&nbsp;<\/p>\n","protected":false},"excerpt":{"rendered":"<p>Two new presenters have joined TG4\u2019s weather and continuity team creating an even more diverse panel. They are, Darren \u00d3 Dubhgain from Donegal and Dubliner Donncha \u00d3 Murch\u00fa. &nbsp; Pic: Donncha &#038; Darren &nbsp; Darren \u00d3 Dubhg\u00e1in from Gort an Choirce, in the parish of Chloich Cheann Fhaola, in the Donegal Gaeltacht has been working [&hellip;]<\/p>\n","protected":false},"author":876,"featured_media":0,"parent":111527,"menu_order":57,"comment_status":"closed","ping_status":"closed","template":"page-templates\/template-pr.php","meta":{"_acf_changed":false,"footnotes":""},"acf":[],"yoast_head":"<!-- This site is optimized with the Yoast SEO plugin v22.6 - https:\/\/yoast.com\/wordpress\/plugins\/seo\/ -->\n<title>TG4 | TG4\u2019s New Weather Presenters | 2020 | Press Releases | Press | Irish Television Channel, S\u00fail Eile<\/title>\n<meta name=\"description\" content=\"Meet the newest presenters joining the TG4 Weather team\" \/>\n<meta name=\"robots\" content=\"index, follow, max-snippet:-1, max-image-preview:large, max-video-preview:-1\" \/>\n<meta property=\"og:locale\" content=\"en_US\" \/>\n<meta property=\"og:type\" content=\"article\" \/>\n<meta property=\"og:title\" content=\"TG4 | TG4\u2019s New Weather Presenters | 2020 | Press Releases | Press | Irish Television Channel, S\u00fail Eile\" \/>\n<meta property=\"og:description\" content=\"Meet the newest presenters joining the TG4 Weather team\" \/>\n<meta property=\"og:url\" content=\"https:\/\/dev.tg4.ie\/en\/information\/press\/press-releases\/2020-2\/tg4s-new-weather-presenters\/\" \/>\n<meta property=\"og:site_name\" content=\"TG4\" \/>\n<meta property=\"article:publisher\" content=\"https:\/\/www.facebook.com\/TG4TV\" \/>\n<meta property=\"article:modified_time\" content=\"2021-11-04T16:43:03+00:00\" \/>\n<meta property=\"og:image\" content=\"https:\/\/tg4-docs.s3.amazonaws.com\/tg4-redesign-2015\/wp-content\/uploads\/2020\/12\/Laithreoiri_Nua_Donncha_Darren_1_1920x1080.jpg\" \/>\n\t<meta property=\"og:image:width\" content=\"1920\" \/>\n\t<meta property=\"og:image:height\" content=\"1080\" \/>\n\t<meta property=\"og:image:type\" content=\"image\/jpeg\" \/>\n<meta name=\"twitter:card\" content=\"summary_large_image\" \/>\n<meta name=\"twitter:image\" content=\"https:\/\/tg4-docs.s3.amazonaws.com\/tg4-redesign-2015\/wp-content\/uploads\/2020\/12\/Laithreoiri_Nua_Donncha_Darren_1_1920x1080.jpg\" \/>\n<meta name=\"twitter:site\" content=\"@TG4TV\" \/>\n<meta name=\"twitter:label1\" content=\"Est. reading time\" \/>\n\t<meta name=\"twitter:data1\" content=\"3 minutes\" \/>\n<script type=\"application\/ld+json\" class=\"yoast-schema-graph\">{\"@context\":\"https:\/\/schema.org\",\"@graph\":[{\"@type\":\"WebPage\",\"@id\":\"https:\/\/dev.tg4.ie\/en\/information\/press\/press-releases\/2020-2\/tg4s-new-weather-presenters\/\",\"url\":\"https:\/\/dev.tg4.ie\/en\/information\/press\/press-releases\/2020-2\/tg4s-new-weather-presenters\/\",\"name\":\"TG4 | TG4\u2019s New Weather Presenters | 2020 | Press Releases | Press | Irish Television Channel, S\u00fail Eile\",\"isPartOf\":{\"@id\":\"https:\/\/dev.tg4.ie\/en\/#website\"},\"primaryImageOfPage\":{\"@id\":\"https:\/\/dev.tg4.ie\/en\/information\/press\/press-releases\/2020-2\/tg4s-new-weather-presenters\/#primaryimage\"},\"image\":{\"@id\":\"https:\/\/dev.tg4.ie\/en\/information\/press\/press-releases\/2020-2\/tg4s-new-weather-presenters\/#primaryimage\"},\"thumbnailUrl\":\"https:\/\/dev.tg4.ie\/wp-content\/uploads\/2020\/12\/Laithreoiri_Nua_Donncha_Darren_1_1920x1080.jpg\",\"datePublished\":\"2020-12-01T12:13:44+00:00\",\"dateModified\":\"2021-11-04T16:43:03+00:00\",\"description\":\"Meet the newest presenters joining the TG4 Weather team\",\"breadcrumb\":{\"@id\":\"https:\/\/dev.tg4.ie\/en\/information\/press\/press-releases\/2020-2\/tg4s-new-weather-presenters\/#breadcrumb\"},\"inLanguage\":\"en-ie\",\"potentialAction\":[{\"@type\":\"ReadAction\",\"target\":[\"https:\/\/dev.tg4.ie\/en\/information\/press\/press-releases\/2020-2\/tg4s-new-weather-presenters\/\"]}]},{\"@type\":\"ImageObject\",\"inLanguage\":\"en-ie\",\"@id\":\"https:\/\/dev.tg4.ie\/en\/information\/press\/press-releases\/2020-2\/tg4s-new-weather-presenters\/#primaryimage\",\"url\":\"https:\/\/dev.tg4.ie\/wp-content\/uploads\/2020\/12\/Laithreoiri_Nua_Donncha_Darren_1_1920x1080.jpg\",\"contentUrl\":\"https:\/\/dev.tg4.ie\/wp-content\/uploads\/2020\/12\/Laithreoiri_Nua_Donncha_Darren_1_1920x1080.jpg\"},{\"@type\":\"BreadcrumbList\",\"@id\":\"https:\/\/dev.tg4.ie\/en\/information\/press\/press-releases\/2020-2\/tg4s-new-weather-presenters\/#breadcrumb\",\"itemListElement\":[{\"@type\":\"ListItem\",\"position\":1,\"name\":\"Home\",\"item\":\"https:\/\/dev.tg4.ie\/en\/\"},{\"@type\":\"ListItem\",\"position\":2,\"name\":\"Information\",\"item\":\"https:\/\/dev.tg4.ie\/en\/information\/\"},{\"@type\":\"ListItem\",\"position\":3,\"name\":\"Press\",\"item\":\"https:\/\/dev.tg4.ie\/en\/information\/press\/\"},{\"@type\":\"ListItem\",\"position\":4,\"name\":\"Press Releases\",\"item\":\"https:\/\/dev.tg4.ie\/en\/information\/press\/press-releases\/\"},{\"@type\":\"ListItem\",\"position\":5,\"name\":\"2020\",\"item\":\"https:\/\/dev.tg4.ie\/en\/information\/press\/press-releases\/2020-2\/\"},{\"@type\":\"ListItem\",\"position\":6,\"name\":\"TG4&#8217;s New Weather Presenters\"}]},{\"@type\":\"WebSite\",\"@id\":\"https:\/\/dev.tg4.ie\/en\/#website\",\"url\":\"https:\/\/dev.tg4.ie\/en\/\",\"name\":\"TG4\",\"description\":\"S\u00fail Eile\",\"potentialAction\":[{\"@type\":\"SearchAction\",\"target\":{\"@type\":\"EntryPoint\",\"urlTemplate\":\"https:\/\/dev.tg4.ie\/en\/?s={search_term_string}\"},\"query-input\":\"required name=search_term_string\"}],\"inLanguage\":\"en-ie\"}]}<\/script>\n<!-- \/ Yoast SEO plugin. -->","yoast_head_json":{"title":"TG4 | TG4\u2019s New Weather Presenters | 2020 | Press Releases | Press | Irish Television Channel, S\u00fail Eile","description":"Meet the newest presenters joining the TG4 Weather team","robots":{"index":"index","follow":"follow","max-snippet":"max-snippet:-1","max-image-preview":"max-image-preview:large","max-video-preview":"max-video-preview:-1"},"og_locale":"en_US","og_type":"article","og_title":"TG4 | TG4\u2019s New Weather Presenters | 2020 | Press Releases | Press | Irish Television Channel, S\u00fail Eile","og_description":"Meet the newest presenters joining the TG4 Weather team","og_url":"https:\/\/dev.tg4.ie\/en\/information\/press\/press-releases\/2020-2\/tg4s-new-weather-presenters\/","og_site_name":"TG4","article_publisher":"https:\/\/www.facebook.com\/TG4TV","article_modified_time":"2021-11-04T16:43:03+00:00","og_image":[{"width":1920,"height":1080,"url":"https:\/\/tg4-docs.s3.amazonaws.com\/tg4-redesign-2015\/wp-content\/uploads\/2020\/12\/Laithreoiri_Nua_Donncha_Darren_1_1920x1080.jpg","type":"image\/jpeg"}],"twitter_card":"summary_large_image","twitter_image":"https:\/\/tg4-docs.s3.amazonaws.com\/tg4-redesign-2015\/wp-content\/uploads\/2020\/12\/Laithreoiri_Nua_Donncha_Darren_1_1920x1080.jpg","twitter_site":"@TG4TV","twitter_misc":{"Est. reading time":"3 minutes"},"schema":{"@context":"https:\/\/schema.org","@graph":[{"@type":"WebPage","@id":"https:\/\/dev.tg4.ie\/en\/information\/press\/press-releases\/2020-2\/tg4s-new-weather-presenters\/","url":"https:\/\/dev.tg4.ie\/en\/information\/press\/press-releases\/2020-2\/tg4s-new-weather-presenters\/","name":"TG4 | TG4\u2019s New Weather Presenters | 2020 | Press Releases | Press | Irish Television Channel, S\u00fail Eile","isPartOf":{"@id":"https:\/\/dev.tg4.ie\/en\/#website"},"primaryImageOfPage":{"@id":"https:\/\/dev.tg4.ie\/en\/information\/press\/press-releases\/2020-2\/tg4s-new-weather-presenters\/#primaryimage"},"image":{"@id":"https:\/\/dev.tg4.ie\/en\/information\/press\/press-releases\/2020-2\/tg4s-new-weather-presenters\/#primaryimage"},"thumbnailUrl":"https:\/\/dev.tg4.ie\/wp-content\/uploads\/2020\/12\/Laithreoiri_Nua_Donncha_Darren_1_1920x1080.jpg","datePublished":"2020-12-01T12:13:44+00:00","dateModified":"2021-11-04T16:43:03+00:00","description":"Meet the newest presenters joining the TG4 Weather team","breadcrumb":{"@id":"https:\/\/dev.tg4.ie\/en\/information\/press\/press-releases\/2020-2\/tg4s-new-weather-presenters\/#breadcrumb"},"inLanguage":"en-ie","potentialAction":[{"@type":"ReadAction","target":["https:\/\/dev.tg4.ie\/en\/information\/press\/press-releases\/2020-2\/tg4s-new-weather-presenters\/"]}]},{"@type":"ImageObject","inLanguage":"en-ie","@id":"https:\/\/dev.tg4.ie\/en\/information\/press\/press-releases\/2020-2\/tg4s-new-weather-presenters\/#primaryimage","url":"https:\/\/dev.tg4.ie\/wp-content\/uploads\/2020\/12\/Laithreoiri_Nua_Donncha_Darren_1_1920x1080.jpg","contentUrl":"https:\/\/dev.tg4.ie\/wp-content\/uploads\/2020\/12\/Laithreoiri_Nua_Donncha_Darren_1_1920x1080.jpg"},{"@type":"BreadcrumbList","@id":"https:\/\/dev.tg4.ie\/en\/information\/press\/press-releases\/2020-2\/tg4s-new-weather-presenters\/#breadcrumb","itemListElement":[{"@type":"ListItem","position":1,"name":"Home","item":"https:\/\/dev.tg4.ie\/en\/"},{"@type":"ListItem","position":2,"name":"Information","item":"https:\/\/dev.tg4.ie\/en\/information\/"},{"@type":"ListItem","position":3,"name":"Press","item":"https:\/\/dev.tg4.ie\/en\/information\/press\/"},{"@type":"ListItem","position":4,"name":"Press Releases","item":"https:\/\/dev.tg4.ie\/en\/information\/press\/press-releases\/"},{"@type":"ListItem","position":5,"name":"2020","item":"https:\/\/dev.tg4.ie\/en\/information\/press\/press-releases\/2020-2\/"},{"@type":"ListItem","position":6,"name":"TG4&#8217;s New Weather Presenters"}]},{"@type":"WebSite","@id":"https:\/\/dev.tg4.ie\/en\/#website","url":"https:\/\/dev.tg4.ie\/en\/","name":"TG4","description":"S\u00fail Eile","potentialAction":[{"@type":"SearchAction","target":{"@type":"EntryPoint","urlTemplate":"https:\/\/dev.tg4.ie\/en\/?s={search_term_string}"},"query-input":"required name=search_term_string"}],"inLanguage":"en-ie"}]}},"_links":{"self":[{"href":"https:\/\/dev.tg4.ie\/en\/wp-json\/wp\/v2\/pages\/115201"}],"collection":[{"href":"https:\/\/dev.tg4.ie\/en\/wp-json\/wp\/v2\/pages"}],"about":[{"href":"https:\/\/dev.tg4.ie\/en\/wp-json\/wp\/v2\/types\/page"}],"author":[{"embeddable":true,"href":"https:\/\/dev.tg4.ie\/en\/wp-json\/wp\/v2\/users\/876"}],"replies":[{"embeddable":true,"href":"https:\/\/dev.tg4.ie\/en\/wp-json\/wp\/v2\/comments?post=115201"}],"version-history":[{"count":0,"href":"https:\/\/dev.tg4.ie\/en\/wp-json\/wp\/v2\/pages\/115201\/revisions"}],"up":[{"embeddable":true,"href":"https:\/\/dev.tg4.ie\/en\/wp-json\/wp\/v2\/pages\/111527"}],"wp:attachment":[{"href":"https:\/\/dev.tg4.ie\/en\/wp-json\/wp\/v2\/media?parent=115201"}],"curies":[{"name":"wp","href":"https:\/\/api.w.org\/{rel}","templated":true}]}}