{"id":115399,"date":"2020-12-09T17:26:55","date_gmt":"2020-12-09T17:26:55","guid":{"rendered":"https:\/\/dev.tg4.ie\/?page_id=115399"},"modified":"2021-11-04T15:46:32","modified_gmt":"2021-11-04T15:46:32","slug":"new-must-watch-programmes-on-tg4-this-christmas","status":"publish","type":"page","link":"https:\/\/dev.tg4.ie\/en\/information\/press\/press-releases\/2020-2\/new-must-watch-programmes-on-tg4-this-christmas\/","title":{"rendered":"New Must-Watch Programmes on TG4 this Christmas"},"content":{"rendered":"<p><a href=\"https:\/\/tg4-docs.s3.amazonaws.com\/tg4-redesign-2015\/wp-content\/uploads\/2020\/12\/Maureen_O_Hara_2_1920x1080.jpg\"><img loading=\"lazy\" decoding=\"async\" width=\"1920\" height=\"1080\" src=\"https:\/\/tg4-docs.s3.amazonaws.com\/tg4-redesign-2015\/wp-content\/uploads\/2020\/12\/Maureen_O_Hara_2_1920x1080.jpg\" alt=\"\" class=\"alignnone size-full wp-image-115389\" srcset=\"https:\/\/tg4-docs.s3.amazonaws.com\/tg4-redesign-2015\/wp-content\/uploads\/2020\/12\/Maureen_O_Hara_2_1920x1080.jpg 1920w, https:\/\/tg4-docs.s3.amazonaws.com\/tg4-redesign-2015\/wp-content\/uploads\/2020\/12\/Maureen_O_Hara_2_1920x1080-250x141.jpg 250w, https:\/\/tg4-docs.s3.amazonaws.com\/tg4-redesign-2015\/wp-content\/uploads\/2020\/12\/Maureen_O_Hara_2_1920x1080-700x394.jpg 700w, https:\/\/tg4-docs.s3.amazonaws.com\/tg4-redesign-2015\/wp-content\/uploads\/2020\/12\/Maureen_O_Hara_2_1920x1080-252x141.jpg 252w, https:\/\/tg4-docs.s3.amazonaws.com\/tg4-redesign-2015\/wp-content\/uploads\/2020\/12\/Maureen_O_Hara_2_1920x1080-1536x864.jpg 1536w, https:\/\/tg4-docs.s3.amazonaws.com\/tg4-redesign-2015\/wp-content\/uploads\/2020\/12\/Maureen_O_Hara_2_1920x1080-120x68.jpg 120w\" sizes=\"(max-width: 1920px) 100vw, 1920px\" \/><\/a><\/p>\n<p>&nbsp;<\/p>\n<p>A jam-packed schedule on TG4 this Christmas season, includes new documentaries, festive music, sports documentaries, feature-length Irish language films, and family entertainment.<br \/>\n&nbsp;<\/p>\n<h3>New Documentaries:<\/h3>\n<p><strong>Maureen O&#8217;Hara &#8211; Banr\u00edon Hollywood, Christmas Day 9:00pm<\/strong><\/p>\n<div style=\"position: relative; overflow: auto; width: 100%; padding-bottom: 56.25%;\"><iframe loading=\"lazy\" src=\"https:\/\/www.youtube.com\/embed\/rM0DERPjjVY\" width=\"100%\" height=\"100%\" frameborder=\"0\" scrolling=\"no\" allowFullscreen=\"true\" style=\"position: absolute; top: 0px; display: block;\"><\/iframe><\/div>\n<p>Maureen O\u2019Hara was the first Irish leading lady of cinema. She became a Hollywood superstar and a role model for every Irish actress who followed her on to the big screen. 2020 is the 100<sup>th<\/sup> anniversary of her birth and this documentary looks back over the life and career of one of the most extraordinary Irish women of all time.<br \/>\nHer most famous film was THE QUIET MAN, but Maureen O\u2019Hara was anything but quiet. She was a feisty, colourful, energetic, accomplished, talented, no-nonsense woman who mesmerised Hollywood and made her own rules. She enthralled and enchanted every director and leading actor she ever worked with and her list of co-stars includes some of the most famous actors of all time. She made over 65 movies in a career that spanned eight decades and received an honorary Oscar in 2014.<br \/>\n&nbsp;<\/p>\n<p><strong>Moya, 29th December 9:20pm<\/strong><br \/>\nIn this deeply personal documentary, Moya looks back on a fascinating 50 years of song. Featuring exclusive interviews and performances with Moya and her family as well as contributions from the cream of Irish musical talent, including Paul Brady, Imelda May, Damien Dempsey, Liam \u00d3 Maonla\u00ed, Mair\u00e9ad N\u00ed Mhaonaigh and many others, this is a landmark musical documentary.<br \/>\n&nbsp;<\/p>\n<p><strong>Rang 2020, December 29th 7:15pm<\/strong><br \/>\nMany of us still wake in a cold sweat from nightmares about our final state exams. A rite of passage, a shared ordeal, but for the Class of 2020, the confusion and frustration amplified as the Covid-19 pandemic wreaked havoc across the globe. This documentary, featuring a mixture of self-shot &#038; documentary footage, follows the lives, struggles and disruptions endured by 4 students as they prepare for their Leaving Cert &#038; A-level exams and progress to 3rd Level Education. We also witness their personal loss as they and their families grapple with the cruel implications of Covid-19 virus.<br \/>\n&nbsp;<\/p>\n<p><strong>Faoi Sc\u00e1th a Ch\u00e9ile, New Year&#8217;s Eve 7:15pm<\/strong><br \/>\nThe Covid 19 pandemic shook us to our very core but also led to an awakening of our true values. From rural village to bustling city, life as we knew it has changed. Now as we stand on the threshold of a new year, we have the opportunity to begin anew. Will Covid-19 be remembered as the event that brought us all to our senses? In this documentary we take a personal look at how six individuals dealt with the challenges of living through this tumultuous year and are looking forward to the prospect of a more compassionate, genuine and meaningful life in 2021 for themselves and their communities.<br \/>\n&nbsp;<\/p>\n<p><strong>B\u00e1d\u00f3ir\u00ed, Bliain gan Coimhlint, New Year&#8217;s Day 7:15pm<\/strong><br \/>\nIt&#8217;s an odd summer for the Connemara Sailors, the Galway Hookers races have been cancelled, and they&#8217;re kept in their home bays. Even so, new boats are being built, and a new ship arrives from the far east. There&#8217;s a revival of sailors and hookers in Carna, while others are preparing already for next seasons racing. Missing this season are two of the Bailey brothers, Peadar and P\u00e1draig, leaving a hole in the heart of this community.<br \/>\n&nbsp;<\/p>\n<h3>Sports Documentaries:<\/h3>\n<p><strong>Laochra Thar Lear, December 23rd 9:30pm<\/strong><br \/>\n<a href=\"https:\/\/tg4-docs.s3.amazonaws.com\/tg4-redesign-2015\/wp-content\/uploads\/2020\/12\/Laochra_Thar_Lear_1_1920x1080.jpg\"><img loading=\"lazy\" decoding=\"async\" width=\"250\" height=\"141\" src=\"https:\/\/tg4-docs.s3.amazonaws.com\/tg4-redesign-2015\/wp-content\/uploads\/2020\/12\/Laochra_Thar_Lear_1_1920x1080-250x141.jpg\" alt=\"\" class=\"alignnone size-medium wp-image-115393\" srcset=\"https:\/\/tg4-docs.s3.amazonaws.com\/tg4-redesign-2015\/wp-content\/uploads\/2020\/12\/Laochra_Thar_Lear_1_1920x1080-250x141.jpg 250w, https:\/\/tg4-docs.s3.amazonaws.com\/tg4-redesign-2015\/wp-content\/uploads\/2020\/12\/Laochra_Thar_Lear_1_1920x1080-700x394.jpg 700w, https:\/\/tg4-docs.s3.amazonaws.com\/tg4-redesign-2015\/wp-content\/uploads\/2020\/12\/Laochra_Thar_Lear_1_1920x1080-252x141.jpg 252w, https:\/\/tg4-docs.s3.amazonaws.com\/tg4-redesign-2015\/wp-content\/uploads\/2020\/12\/Laochra_Thar_Lear_1_1920x1080-1536x864.jpg 1536w, https:\/\/tg4-docs.s3.amazonaws.com\/tg4-redesign-2015\/wp-content\/uploads\/2020\/12\/Laochra_Thar_Lear_1_1920x1080-120x68.jpg 120w, https:\/\/tg4-docs.s3.amazonaws.com\/tg4-redesign-2015\/wp-content\/uploads\/2020\/12\/Laochra_Thar_Lear_1_1920x1080.jpg 1920w\" sizes=\"(max-width: 250px) 100vw, 250px\" \/><\/a><\/p>\n<p>A celebration of Ireland&#8217;s Olympic Heroes. As we look forward to the next Olympic games which are due to be held a year late in Tokyo in summer 2021, here is a gem of a programme from TG4 that will wet our appetites even more for athletics. Laochra Thar Lear looks back to a time when Irish athletes were to the forefront in many Olympic disciplines. This programme tells the stories of Irish Olympic champions during the first sixty years of the modern games, from John Pious Boland&#8217;s two gold medals in Athens in 1896 to Ronnie Delaney&#8217;s record-breaking win in Melbourne in 1956.<br \/>\n&nbsp;<\/p>\n<p><strong>Laochra na R\u00e1sa\u00edochta, December 27th 9:55pm<\/strong><br \/>\n<a href=\"https:\/\/tg4-docs.s3.amazonaws.com\/tg4-redesign-2015\/wp-content\/uploads\/2020\/12\/Laochra_na_Rasaiochta_2_1920x108.jpg\"><img loading=\"lazy\" decoding=\"async\" width=\"250\" height=\"141\" src=\"https:\/\/tg4-docs.s3.amazonaws.com\/tg4-redesign-2015\/wp-content\/uploads\/2020\/12\/Laochra_na_Rasaiochta_2_1920x108-250x141.jpg\" alt=\"\" class=\"alignnone size-medium wp-image-115391\" srcset=\"https:\/\/tg4-docs.s3.amazonaws.com\/tg4-redesign-2015\/wp-content\/uploads\/2020\/12\/Laochra_na_Rasaiochta_2_1920x108-250x141.jpg 250w, https:\/\/tg4-docs.s3.amazonaws.com\/tg4-redesign-2015\/wp-content\/uploads\/2020\/12\/Laochra_na_Rasaiochta_2_1920x108-700x394.jpg 700w, https:\/\/tg4-docs.s3.amazonaws.com\/tg4-redesign-2015\/wp-content\/uploads\/2020\/12\/Laochra_na_Rasaiochta_2_1920x108-252x141.jpg 252w, https:\/\/tg4-docs.s3.amazonaws.com\/tg4-redesign-2015\/wp-content\/uploads\/2020\/12\/Laochra_na_Rasaiochta_2_1920x108-1536x864.jpg 1536w, https:\/\/tg4-docs.s3.amazonaws.com\/tg4-redesign-2015\/wp-content\/uploads\/2020\/12\/Laochra_na_Rasaiochta_2_1920x108-120x68.jpg 120w, https:\/\/tg4-docs.s3.amazonaws.com\/tg4-redesign-2015\/wp-content\/uploads\/2020\/12\/Laochra_na_Rasaiochta_2_1920x108.jpg 1920w\" sizes=\"(max-width: 250px) 100vw, 250px\" \/><\/a><\/p>\n<p><strong>Dawn Run:<\/strong> &#8216;Laochra na R\u00e1sa\u00edochta&#8217; takes a look at Ireland&#8217;s most famous National Hunt horses from the 1970&#8217;s to the present day, recounting their brilliant feats through archive footage and interviews with the men and women involved in their success. This episode tells the remarkable story of Dawn Run, a mare trained in Co. Kilkenny by Paddy Mullins, who remains the only horse ever to win both the Champion Hurdle and Gold Cup at Cheltenham.<\/p>\n<h3>Music:<\/h3>\n<div style=\"position: relative; overflow: auto; width: 100%; padding-bottom: 56.25%;\"><iframe loading=\"lazy\" src=\"https:\/\/www.youtube.com\/embed\/VI4tYxFhZuA\" width=\"100%\" height=\"100%\" frameborder=\"0\" scrolling=\"no\" allowFullscreen=\"true\" style=\"position: absolute; top: 0px; display: block;\"><\/iframe><\/div>\n<p>&nbsp;<\/p>\n<p><strong>Tunes from the Church, December 20th 9:30pm<\/strong><br \/>\nConcert of traditional music from Saint Nicholas&#8217; Collegiate Church in the heart of Galway City, presented by Cormac Begley. During the 90&#8217;s, the duet Begley and Cooney reached national acclaim and were regarded as one of the foremost performers of Irish music. Cooney pioneered a new approach to traditional accompaniment and formed a perfect marriage with the energetic West-Kerry style of Seamus Begley. Joined by Canon Gary Hastings, Kevin Hough, Saileog N\u00ed Cheannabh\u00e1in and Cl\u00edodhna N\u00ed Bheaglaoich, each bringing their own unique musical talents to this historic and majestic setting.<br \/>\n&nbsp;<\/p>\n<p><strong>An\u00fana: On a Cold Winter&#8217;s Night, Christmas Eve 8:15pm<\/strong><br \/>\nFilmed by candlelight in front of a live audience in St. Bartholomew&#8217;s Church in Dublin on a wild and stormy evening. The songs span a thousand years of music created for the winter season performed by the combined voices of this legendary Irish-based vocal group who brought gravitas and elegance to the original Riverdance. The evening includes classic songs of the season such as Away in the Manger, Jingle Bells &#038; Ding Dong Merrily on High as well as classic favourites D\u00falam\u00e1n, Pie Jesu and Fionnghuala.<br \/>\n&nbsp;<\/p>\n<p><strong>Kilfenora Beo, Christmas Day 8:05pm<\/strong><br \/>\nHighlights from live online concert. With TikTok stars, Michael and Matthew Gardiner, Sin\u00e9ad Neylon and Edel Vaughan. A spectacular one-off show!<br \/>\n&nbsp;<\/p>\n<p><strong>The Dubliners &#8211; The Parting Glass, Christmas Day 9:55pm<\/strong><\/p>\n<div style=\"position: relative; overflow: auto; width: 100%; padding-bottom: 56.25%;\"><iframe loading=\"lazy\" src=\"https:\/\/www.youtube.com\/embed\/Ux9Zt82jQBE\" width=\"100%\" height=\"100%\" frameborder=\"0\" scrolling=\"no\" allowFullscreen=\"true\" style=\"position: absolute; top: 0px; display: block;\"><\/iframe><\/div>\n<p>In this exclusive first airing, The Dubliners take to the stage in the magnificent surroundings of Dublin&#8217;s Christ Church Cathedral to celebrate 50 years of music making. The year is 2012 and the concert marks the start of the Dubliner&#8217;s final ever tour and Barney McKenna&#8217;s last ever performance as he died shortly afterwards. This unique show pays tribute to one of Ireland&#8217;s most iconic bands and you are invited to join in the celebrations. A night of music, stories and craic awaits.<br \/>\n&nbsp;<\/p>\n<p><strong>Cherish the Ladies A Christmas Concert, Christmas Eve 7:15pm<\/strong><br \/>\nDue to Covid-19 and the Ladies inability to tour their annual successful Christmas show in America, Cherish the Ladies find themselves in Ireland for Christmas for the first time and bandleader Joanie Madden assembled the group in beautiful Spanish Point in County Clare along the Atlantic coastline to record a special socially distanced Christmas program featuring a 12-piece ensemble of incredibly talented musicians, singers and dancers.<br \/>\n&nbsp;<\/p>\n<p><strong>Liam O&#8217;Flynn &#8211; P\u00edobaire, St. Stephen&#8217;s Day 7:45pm<\/strong><br \/>\nThis feature documentary tells the story of master piper, Liam O&#8217;Flynn, from his membership with iconic Irish supergroup, Planxty, through to his ground-breaking orchestral work in The Brendan Voyage.<br \/>\n&nbsp;<\/p>\n<p><strong>Christy Moore &#8211; Come All You Dreamers, December 27th 10:55pm<\/strong><br \/>\nRecorded Live at the Barrowland, Glasgow in 2008 Christy Moore, Declan Sinnott and special guests perform all our favourites including After the Deluge, Barrowland, City Of Chicago, Ride On, Missing you, Back Home in Derry and more.<br \/>\n&nbsp;<\/p>\n<p><strong>Gradam Ceoil TG4 2020, New Year&#8217;s Eve 8:15pm<\/strong><br \/>\nGradam Ceoil returns for 2020, bringing together the finest traditional musicians from far and wide for one spectacular celebration. Live from The Waterfront Hall, Belfast, D\u00f3nal \u00d3 Connor and Doireann N\u00ed Ghlac\u00e1in preside over TG4&#8217;s flagship traditional music awards with stand-out performances from greats such as Laoise Kelly, Seamus Connolly, Josephine Marsh, Sharon Howley, Ned Kelly, Lillis \u00d3 Laoire and Beoga.<br \/>\n&nbsp;<\/p>\n<p><strong>F\u00e1ilte 2021, New Year&#8217;s Eve 11:30pm<\/strong><br \/>\nJoin D\u00e1ith\u00ed \u00d3 S\u00e9, Muireann Nic Amhlaoibh &#038; friends as they welcome 2021 with a special musical gathering from Dingle in Co.Kerry. Featuring guests from Donegal, Conamara, Waterford and Meath, our hosts will bring you the best of music, song and dance to say goodbye to 2020 and sing and dance our way into 2021. Join Pauline Scanlon &#038; the Whileaways, Fidil, Cormac Begley, S\u00e9amus Begley &#038; family, Emma N\u00ed Fhioruisce, Megan Nic Ruair\u00ed, Johnny \u00d3g Connolly, M\u00e1\u00edrt\u00edn Tom She\u00e1in\u00edn, S\u00e9amus &#038; Caoimhe U\u00ed Fhlatharta, The Hot Toddies; \u00c9amonn Mac Donnacha &#038; more for a special New Years Eve celebration on TG4.<br \/>\n&nbsp;<\/p>\n<h3>Irish-Language Film<\/h3>\n<p><strong>Cine4: Finky, New Year&#8217;s Day 9:20pm<\/strong><br \/>\n(2019) TV Premier of the first Irish language Cine 4 film. Starring Dara Devaney Ned Dennehy, Diarmuid de Faoite. Directed by Datha\u00ed Keane. Mic\u00ed Finky, a musician and puppeteer looking to escape his past, steals an envelope full of cash and runs off to Scotland with his childhood friend Tom Tom. On their first night in Glasgow, Finky suffers a horrible accident and is left paralysed from the waist down. He hits rock bottom but is given a chance at redemption when recruited by Carnival Chaotica.<\/p>\n<p>&nbsp;<br \/>\n&nbsp;<\/p>\n","protected":false},"excerpt":{"rendered":"<p>&nbsp; A jam-packed schedule on TG4 this Christmas season, includes new documentaries, festive music, sports documentaries, feature-length Irish language films, and family entertainment. &nbsp; New Documentaries: Maureen O&#8217;Hara &#8211; Banr\u00edon Hollywood, Christmas Day 9:00pm Maureen O\u2019Hara was the first Irish leading lady of cinema. She became a Hollywood superstar and a role model for every [&hellip;]<\/p>\n","protected":false},"author":876,"featured_media":0,"parent":111527,"menu_order":59,"comment_status":"closed","ping_status":"closed","template":"page-templates\/template-pr.php","meta":{"_acf_changed":false,"footnotes":""},"acf":[],"yoast_head":"<!-- This site is optimized with the Yoast SEO plugin v22.6 - https:\/\/yoast.com\/wordpress\/plugins\/seo\/ -->\n<title>TG4 | New Must-Watch Programmes on TG4 this Christmas | 2020 | Press Releases | Press | Irish Television Channel, S\u00fail Eile<\/title>\n<meta name=\"description\" content=\"As the 2020 festive period approaches, see the full list of must-see movies and programmes that will be airing on TG4\" \/>\n<meta name=\"robots\" content=\"index, follow, max-snippet:-1, max-image-preview:large, max-video-preview:-1\" \/>\n<meta property=\"og:locale\" content=\"en_US\" \/>\n<meta property=\"og:type\" content=\"article\" \/>\n<meta property=\"og:title\" content=\"TG4 | New Must-Watch Programmes on TG4 this Christmas | 2020 | Press Releases | Press | Irish Television Channel, S\u00fail Eile\" \/>\n<meta property=\"og:description\" content=\"As the 2020 festive period approaches, see the full list of must-see movies and programmes that will be airing on TG4\" \/>\n<meta property=\"og:url\" content=\"https:\/\/dev.tg4.ie\/en\/information\/press\/press-releases\/2020-2\/new-must-watch-programmes-on-tg4-this-christmas\/\" \/>\n<meta property=\"og:site_name\" content=\"TG4\" \/>\n<meta property=\"article:publisher\" content=\"https:\/\/www.facebook.com\/TG4TV\" \/>\n<meta property=\"article:modified_time\" content=\"2021-11-04T15:46:32+00:00\" \/>\n<meta property=\"og:image\" content=\"https:\/\/tg4-docs.s3.amazonaws.com\/tg4-redesign-2015\/wp-content\/uploads\/2020\/12\/Maureen_O_Hara_2_1920x1080.jpg\" \/>\n\t<meta property=\"og:image:width\" content=\"1920\" \/>\n\t<meta property=\"og:image:height\" content=\"1080\" \/>\n\t<meta property=\"og:image:type\" content=\"image\/jpeg\" \/>\n<meta name=\"twitter:card\" content=\"summary_large_image\" \/>\n<meta name=\"twitter:image\" content=\"https:\/\/tg4-docs.s3.amazonaws.com\/tg4-redesign-2015\/wp-content\/uploads\/2020\/12\/Maureen_O_Hara_2_1920x1080.jpg\" \/>\n<meta name=\"twitter:site\" content=\"@TG4TV\" \/>\n<meta name=\"twitter:label1\" content=\"Est. reading time\" \/>\n\t<meta name=\"twitter:data1\" content=\"7 minutes\" \/>\n<script type=\"application\/ld+json\" class=\"yoast-schema-graph\">{\"@context\":\"https:\/\/schema.org\",\"@graph\":[{\"@type\":\"WebPage\",\"@id\":\"https:\/\/dev.tg4.ie\/en\/information\/press\/press-releases\/2020-2\/new-must-watch-programmes-on-tg4-this-christmas\/\",\"url\":\"https:\/\/dev.tg4.ie\/en\/information\/press\/press-releases\/2020-2\/new-must-watch-programmes-on-tg4-this-christmas\/\",\"name\":\"TG4 | New Must-Watch Programmes on TG4 this Christmas | 2020 | Press Releases | Press | Irish Television Channel, S\u00fail Eile\",\"isPartOf\":{\"@id\":\"https:\/\/dev.tg4.ie\/en\/#website\"},\"primaryImageOfPage\":{\"@id\":\"https:\/\/dev.tg4.ie\/en\/information\/press\/press-releases\/2020-2\/new-must-watch-programmes-on-tg4-this-christmas\/#primaryimage\"},\"image\":{\"@id\":\"https:\/\/dev.tg4.ie\/en\/information\/press\/press-releases\/2020-2\/new-must-watch-programmes-on-tg4-this-christmas\/#primaryimage\"},\"thumbnailUrl\":\"https:\/\/dev.tg4.ie\/wp-content\/uploads\/2020\/12\/Maureen_O_Hara_2_1920x1080.jpg\",\"datePublished\":\"2020-12-09T17:26:55+00:00\",\"dateModified\":\"2021-11-04T15:46:32+00:00\",\"description\":\"As the 2020 festive period approaches, see the full list of must-see movies and programmes that will be airing on TG4\",\"breadcrumb\":{\"@id\":\"https:\/\/dev.tg4.ie\/en\/information\/press\/press-releases\/2020-2\/new-must-watch-programmes-on-tg4-this-christmas\/#breadcrumb\"},\"inLanguage\":\"en-ie\",\"potentialAction\":[{\"@type\":\"ReadAction\",\"target\":[\"https:\/\/dev.tg4.ie\/en\/information\/press\/press-releases\/2020-2\/new-must-watch-programmes-on-tg4-this-christmas\/\"]}]},{\"@type\":\"ImageObject\",\"inLanguage\":\"en-ie\",\"@id\":\"https:\/\/dev.tg4.ie\/en\/information\/press\/press-releases\/2020-2\/new-must-watch-programmes-on-tg4-this-christmas\/#primaryimage\",\"url\":\"https:\/\/dev.tg4.ie\/wp-content\/uploads\/2020\/12\/Maureen_O_Hara_2_1920x1080.jpg\",\"contentUrl\":\"https:\/\/dev.tg4.ie\/wp-content\/uploads\/2020\/12\/Maureen_O_Hara_2_1920x1080.jpg\"},{\"@type\":\"BreadcrumbList\",\"@id\":\"https:\/\/dev.tg4.ie\/en\/information\/press\/press-releases\/2020-2\/new-must-watch-programmes-on-tg4-this-christmas\/#breadcrumb\",\"itemListElement\":[{\"@type\":\"ListItem\",\"position\":1,\"name\":\"Home\",\"item\":\"https:\/\/dev.tg4.ie\/en\/\"},{\"@type\":\"ListItem\",\"position\":2,\"name\":\"Information\",\"item\":\"https:\/\/dev.tg4.ie\/en\/information\/\"},{\"@type\":\"ListItem\",\"position\":3,\"name\":\"Press\",\"item\":\"https:\/\/dev.tg4.ie\/en\/information\/press\/\"},{\"@type\":\"ListItem\",\"position\":4,\"name\":\"Press Releases\",\"item\":\"https:\/\/dev.tg4.ie\/en\/information\/press\/press-releases\/\"},{\"@type\":\"ListItem\",\"position\":5,\"name\":\"2020\",\"item\":\"https:\/\/dev.tg4.ie\/en\/information\/press\/press-releases\/2020-2\/\"},{\"@type\":\"ListItem\",\"position\":6,\"name\":\"New Must-Watch Programmes on TG4 this Christmas\"}]},{\"@type\":\"WebSite\",\"@id\":\"https:\/\/dev.tg4.ie\/en\/#website\",\"url\":\"https:\/\/dev.tg4.ie\/en\/\",\"name\":\"TG4\",\"description\":\"S\u00fail Eile\",\"potentialAction\":[{\"@type\":\"SearchAction\",\"target\":{\"@type\":\"EntryPoint\",\"urlTemplate\":\"https:\/\/dev.tg4.ie\/en\/?s={search_term_string}\"},\"query-input\":\"required name=search_term_string\"}],\"inLanguage\":\"en-ie\"}]}<\/script>\n<!-- \/ Yoast SEO plugin. -->","yoast_head_json":{"title":"TG4 | New Must-Watch Programmes on TG4 this Christmas | 2020 | Press Releases | Press | Irish Television Channel, S\u00fail Eile","description":"As the 2020 festive period approaches, see the full list of must-see movies and programmes that will be airing on TG4","robots":{"index":"index","follow":"follow","max-snippet":"max-snippet:-1","max-image-preview":"max-image-preview:large","max-video-preview":"max-video-preview:-1"},"og_locale":"en_US","og_type":"article","og_title":"TG4 | New Must-Watch Programmes on TG4 this Christmas | 2020 | Press Releases | Press | Irish Television Channel, S\u00fail Eile","og_description":"As the 2020 festive period approaches, see the full list of must-see movies and programmes that will be airing on TG4","og_url":"https:\/\/dev.tg4.ie\/en\/information\/press\/press-releases\/2020-2\/new-must-watch-programmes-on-tg4-this-christmas\/","og_site_name":"TG4","article_publisher":"https:\/\/www.facebook.com\/TG4TV","article_modified_time":"2021-11-04T15:46:32+00:00","og_image":[{"width":1920,"height":1080,"url":"https:\/\/tg4-docs.s3.amazonaws.com\/tg4-redesign-2015\/wp-content\/uploads\/2020\/12\/Maureen_O_Hara_2_1920x1080.jpg","type":"image\/jpeg"}],"twitter_card":"summary_large_image","twitter_image":"https:\/\/tg4-docs.s3.amazonaws.com\/tg4-redesign-2015\/wp-content\/uploads\/2020\/12\/Maureen_O_Hara_2_1920x1080.jpg","twitter_site":"@TG4TV","twitter_misc":{"Est. reading time":"7 minutes"},"schema":{"@context":"https:\/\/schema.org","@graph":[{"@type":"WebPage","@id":"https:\/\/dev.tg4.ie\/en\/information\/press\/press-releases\/2020-2\/new-must-watch-programmes-on-tg4-this-christmas\/","url":"https:\/\/dev.tg4.ie\/en\/information\/press\/press-releases\/2020-2\/new-must-watch-programmes-on-tg4-this-christmas\/","name":"TG4 | New Must-Watch Programmes on TG4 this Christmas | 2020 | Press Releases | Press | Irish Television Channel, S\u00fail Eile","isPartOf":{"@id":"https:\/\/dev.tg4.ie\/en\/#website"},"primaryImageOfPage":{"@id":"https:\/\/dev.tg4.ie\/en\/information\/press\/press-releases\/2020-2\/new-must-watch-programmes-on-tg4-this-christmas\/#primaryimage"},"image":{"@id":"https:\/\/dev.tg4.ie\/en\/information\/press\/press-releases\/2020-2\/new-must-watch-programmes-on-tg4-this-christmas\/#primaryimage"},"thumbnailUrl":"https:\/\/dev.tg4.ie\/wp-content\/uploads\/2020\/12\/Maureen_O_Hara_2_1920x1080.jpg","datePublished":"2020-12-09T17:26:55+00:00","dateModified":"2021-11-04T15:46:32+00:00","description":"As the 2020 festive period approaches, see the full list of must-see movies and programmes that will be airing on TG4","breadcrumb":{"@id":"https:\/\/dev.tg4.ie\/en\/information\/press\/press-releases\/2020-2\/new-must-watch-programmes-on-tg4-this-christmas\/#breadcrumb"},"inLanguage":"en-ie","potentialAction":[{"@type":"ReadAction","target":["https:\/\/dev.tg4.ie\/en\/information\/press\/press-releases\/2020-2\/new-must-watch-programmes-on-tg4-this-christmas\/"]}]},{"@type":"ImageObject","inLanguage":"en-ie","@id":"https:\/\/dev.tg4.ie\/en\/information\/press\/press-releases\/2020-2\/new-must-watch-programmes-on-tg4-this-christmas\/#primaryimage","url":"https:\/\/dev.tg4.ie\/wp-content\/uploads\/2020\/12\/Maureen_O_Hara_2_1920x1080.jpg","contentUrl":"https:\/\/dev.tg4.ie\/wp-content\/uploads\/2020\/12\/Maureen_O_Hara_2_1920x1080.jpg"},{"@type":"BreadcrumbList","@id":"https:\/\/dev.tg4.ie\/en\/information\/press\/press-releases\/2020-2\/new-must-watch-programmes-on-tg4-this-christmas\/#breadcrumb","itemListElement":[{"@type":"ListItem","position":1,"name":"Home","item":"https:\/\/dev.tg4.ie\/en\/"},{"@type":"ListItem","position":2,"name":"Information","item":"https:\/\/dev.tg4.ie\/en\/information\/"},{"@type":"ListItem","position":3,"name":"Press","item":"https:\/\/dev.tg4.ie\/en\/information\/press\/"},{"@type":"ListItem","position":4,"name":"Press Releases","item":"https:\/\/dev.tg4.ie\/en\/information\/press\/press-releases\/"},{"@type":"ListItem","position":5,"name":"2020","item":"https:\/\/dev.tg4.ie\/en\/information\/press\/press-releases\/2020-2\/"},{"@type":"ListItem","position":6,"name":"New Must-Watch Programmes on TG4 this Christmas"}]},{"@type":"WebSite","@id":"https:\/\/dev.tg4.ie\/en\/#website","url":"https:\/\/dev.tg4.ie\/en\/","name":"TG4","description":"S\u00fail Eile","potentialAction":[{"@type":"SearchAction","target":{"@type":"EntryPoint","urlTemplate":"https:\/\/dev.tg4.ie\/en\/?s={search_term_string}"},"query-input":"required name=search_term_string"}],"inLanguage":"en-ie"}]}},"_links":{"self":[{"href":"https:\/\/dev.tg4.ie\/en\/wp-json\/wp\/v2\/pages\/115399"}],"collection":[{"href":"https:\/\/dev.tg4.ie\/en\/wp-json\/wp\/v2\/pages"}],"about":[{"href":"https:\/\/dev.tg4.ie\/en\/wp-json\/wp\/v2\/types\/page"}],"author":[{"embeddable":true,"href":"https:\/\/dev.tg4.ie\/en\/wp-json\/wp\/v2\/users\/876"}],"replies":[{"embeddable":true,"href":"https:\/\/dev.tg4.ie\/en\/wp-json\/wp\/v2\/comments?post=115399"}],"version-history":[{"count":0,"href":"https:\/\/dev.tg4.ie\/en\/wp-json\/wp\/v2\/pages\/115399\/revisions"}],"up":[{"embeddable":true,"href":"https:\/\/dev.tg4.ie\/en\/wp-json\/wp\/v2\/pages\/111527"}],"wp:attachment":[{"href":"https:\/\/dev.tg4.ie\/en\/wp-json\/wp\/v2\/media?parent=115399"}],"curies":[{"name":"wp","href":"https:\/\/api.w.org\/{rel}","templated":true}]}}