{"id":115628,"date":"2021-01-07T12:52:12","date_gmt":"2021-01-07T12:52:12","guid":{"rendered":"https:\/\/dev.tg4.ie\/?page_id=115628"},"modified":"2021-11-05T09:32:52","modified_gmt":"2021-11-05T09:32:52","slug":"a-new-series-of-cula4-ar-scoil-to-start-on-tg4-from-january-18th-as-schools-remain-closed","status":"publish","type":"page","link":"https:\/\/dev.tg4.ie\/en\/information\/press\/press-releases\/2021-2\/a-new-series-of-cula4-ar-scoil-to-start-on-tg4-from-january-18th-as-schools-remain-closed\/","title":{"rendered":"A new series of &#8216;C\u00fala4 ar Scoil&#8217; to start on TG4 from January 18th as schools remain closed"},"content":{"rendered":"<p><a href=\"https:\/\/tg4-docs.s3.amazonaws.com\/tg4-redesign-2015\/wp-content\/uploads\/2021\/01\/Orla_Ni_Fhinneadha_C4_ar_Scoil_1_1920x1080.jpg\"><img loading=\"lazy\" decoding=\"async\" width=\"1920\" height=\"1080\" src=\"https:\/\/tg4-docs.s3.amazonaws.com\/tg4-redesign-2015\/wp-content\/uploads\/2021\/01\/Orla_Ni_Fhinneadha_C4_ar_Scoil_1_1920x1080.jpg\" alt=\"Orla N\u00ed Fhinneadha - C\u00fala4 ar Scoil\" class=\"alignnone size-full wp-image-115622\" srcset=\"https:\/\/tg4-docs.s3.amazonaws.com\/tg4-redesign-2015\/wp-content\/uploads\/2021\/01\/Orla_Ni_Fhinneadha_C4_ar_Scoil_1_1920x1080.jpg 1920w, https:\/\/tg4-docs.s3.amazonaws.com\/tg4-redesign-2015\/wp-content\/uploads\/2021\/01\/Orla_Ni_Fhinneadha_C4_ar_Scoil_1_1920x1080-250x141.jpg 250w, https:\/\/tg4-docs.s3.amazonaws.com\/tg4-redesign-2015\/wp-content\/uploads\/2021\/01\/Orla_Ni_Fhinneadha_C4_ar_Scoil_1_1920x1080-700x394.jpg 700w, https:\/\/tg4-docs.s3.amazonaws.com\/tg4-redesign-2015\/wp-content\/uploads\/2021\/01\/Orla_Ni_Fhinneadha_C4_ar_Scoil_1_1920x1080-252x141.jpg 252w, https:\/\/tg4-docs.s3.amazonaws.com\/tg4-redesign-2015\/wp-content\/uploads\/2021\/01\/Orla_Ni_Fhinneadha_C4_ar_Scoil_1_1920x1080-1536x864.jpg 1536w, https:\/\/tg4-docs.s3.amazonaws.com\/tg4-redesign-2015\/wp-content\/uploads\/2021\/01\/Orla_Ni_Fhinneadha_C4_ar_Scoil_1_1920x1080-120x68.jpg 120w\" sizes=\"(max-width: 1920px) 100vw, 1920px\" \/><\/a><br \/>\n&nbsp;<\/p>\n<p>Following the Government&#8217;s announcement yesterday that all primary schools will remain closed until the end of January under Level 5 public health restrictions, TG4 has made the decision to broadcast a new series of <strong>C\u00fala4 ar Scoil<\/strong> which will commence on Monday 18th January 2021.  The series will air from Monday to Thursday at 10am and will be repeated at 4pm each day.<br \/>\n&nbsp;<br \/>\nC\u00fala4 ar Scoil was commissioned by TG4 during the first lockdown period in April to support parents and teachers who are learning from home while schools were closed.  The series caters for primary school children who attend Gaelscoileanna and Gaeltacht schools.<br \/>\n&nbsp;<br \/>\nThe half-hour programmes will be presented by teacher Orla N\u00ed Fhinneadha with help from teachers Miche\u00e1l \u00d3 Dubhghaill, Cian \u00d3 Griallais, Caitr\u00edona Nic an tSaoir and S\u00edle N\u00ed Choncheanainn at different times in the new series. There will also be contributions from teachers and facilitators from other communities and Gaeltacht regions, incorporating a range of dialects. The series will be recorded in Scoil na bhForbacha in the Connemara Gaeltacht.<br \/>\n&nbsp;<br \/>\nC\u00fala4 ar Scoil will have a fortnightly theme and the lesson objectives and learning outcomes will be drawn from the primary school curriculum and will be presented in an engaging and interactive manner. Core curriculum subjects will be included such as Irish, Mathematics, History and Geography, and there will also be an emphasis on creativity, the arts, science, oral traditions, health and wellbeing.<br \/>\n&nbsp;<br \/>\nChildren will be invited to participate at home and will be asked to send in pictures or videos of their work to the programme. The content will also be available online on <a href=\"https:\/\/www.cula4.com\" rel=\"noopener\" target=\"_blank\">Cula4.com<\/a> and on <a href=\"https:\/\/www.youtube.com\/channel\/UCusPSXmu_J8eKbEz0duYVfQ\" rel=\"noopener\" target=\"_blank\">YouTube C\u00fala4<\/a>.<br \/>\n&nbsp;<\/p>\n<p>The series is funded by TG4 and advice on the educational content and curriculum will be provided by the Department of Education, Col\u00e1iste Mhuire gan Sm\u00e1l, An Comhairle um Oideachas Gaeltachta agus Gaelscola\u00edochta (COGG), The Professional Development Service for Teachers (PDST), and Gaeloideachas.  The advice and experience of Tuismitheoir\u00ed na Gaeltachta will also be included in the production.<br \/>\n&nbsp;<\/p>\n<p>Welcoming the announcement, the <strong>Minister of Tourism, Culture, Arts, Gaeltacht, Sport and Media, Catherine Martin TD.<\/strong>, said: <em>\u201cI was delighted to be able to provide supplementary funding of \u20ac1.9 million to TG4 in 2020 towards COVID-19 related costs, particularly the production of C\u00fala4 ar Scoil which provided a valuable service to school going children during the initial phase of the pandemic.  I am pleased that TG4 has decided to put this programming in place again during the current restrictions.  TG4 is once again responding to the challenges posed by COVID-19  &#8211; putting in place programming for their viewers which is of outmost importance, and doing so in a safe environment. I was also pleased that I was able to secure an additional funding of \u20ac3.5 million to TG4 in Budget 2021 which will bring their total allocation to over \u20ac40.7 million to help them in their overall delivery of their strategy.&#8221;<\/em><br \/>\n&nbsp;<\/p>\n<p><strong>Government Chief Whip and Minister of State for the Gaeltacht, Jack Chambers TD<\/strong> said: <em>\u201cI welcome this announcement today from TG4 which will be again of great service in particular to school children in our Gaelscoileanna throughout the country and in our Gaeltacht areas. The service provided by TG4, with assistance from Tuismitheoir\u00ed na Gaeltachta, another organisation receiving core-funding from the Department of Tourism, Culture, Arts, Gaeltacht, Sport and Media, will also facilitate the continued implementation of both the 20-Year Strategy for the Irish Language and the Policy for Gaeltacht Education, as the country proceeds over one of the final hurdles towards the latter stages of the pandemic.\u201d<\/em><br \/>\n&nbsp;<\/p>\n<p><strong>Minister for Education Norma Foley<\/strong> also welcomed the announcement saying: <em>&#8220;I am delighted that TG4 is continuing this excellent series. C\u00fala4 ar Scoil has provided such great entertainment and education through Irish to children all around the country in its series of programmes. There are almost 300 schools in the country operating through the medium of Irish and the new series will be so important for those pupils in particular and for their families. This series will complement the ongoing work of schools and will also be of huge benefit to pupils, who do not attend Irish-speaking schools, and their families particularly during this period of school closure.&#8221;<\/em><br \/>\n&nbsp;<\/p>\n<p><strong>Siobh\u00e1n N\u00ed Bhr\u00e1daigh, Commissioning Editor for Young People in TG4<\/strong> said, <em>&#8220;We in TG4 are delighted to be able to provide educational support to students and their parents again this year while they are learning at home due to school closures. C\u00fala4 ar Scoil is a great help to children attending Gaelscoileanna and Gaeltacht schools. We are grateful for the ongoing guidance from the educational organisations that guide us in producing the series and we are grateful for the contribution of Tuismitheoir\u00ed na Gaeltachta, and to Meangadh F\u00edb\u00edn who produce the series with great enthusiasm.&#8221;<\/em><br \/>\n&nbsp;<\/p>\n<p>C\u00fala4 ar Scoil will be produced by Meangadh F\u00edb\u00edn for TG4. <\/p>\n<p>&nbsp;<br \/>\n&nbsp;<\/p>\n","protected":false},"excerpt":{"rendered":"<p>&nbsp; Following the Government&#8217;s announcement yesterday that all primary schools will remain closed until the end of January under Level 5 public health restrictions, TG4 has made the decision to broadcast a new series of C\u00fala4 ar Scoil which will commence on Monday 18th January 2021. The series will air from Monday to Thursday at [&hellip;]<\/p>\n","protected":false},"author":876,"featured_media":0,"parent":115587,"menu_order":1,"comment_status":"closed","ping_status":"closed","template":"page-templates\/template-pr.php","meta":{"_acf_changed":false,"footnotes":""},"acf":[],"yoast_head":"<!-- This site is optimized with the Yoast SEO plugin v22.6 - https:\/\/yoast.com\/wordpress\/plugins\/seo\/ -->\n<title>TG4 | A new series of \u2018C\u00fala4 ar Scoil\u2019 to start on TG4 from January 18th as schools remain closed | 2021 | Press Releases | Press | Irish Television Channel, S\u00fail Eile<\/title>\n<meta name=\"description\" content=\"As lockdown forces further school closure, TG4&#039;s &#039;C\u00fala4 ar Scoil&#039; is back once again to help parents teach Irish at home\" \/>\n<meta name=\"robots\" content=\"index, follow, max-snippet:-1, max-image-preview:large, max-video-preview:-1\" \/>\n<meta property=\"og:locale\" content=\"en_US\" \/>\n<meta property=\"og:type\" content=\"article\" \/>\n<meta property=\"og:title\" content=\"TG4 | A new series of \u2018C\u00fala4 ar Scoil\u2019 to start on TG4 from January 18th as schools remain closed | 2021 | Press Releases | Press | Irish Television Channel, S\u00fail Eile\" \/>\n<meta property=\"og:description\" content=\"As lockdown forces further school closure, TG4&#039;s &#039;C\u00fala4 ar Scoil&#039; is back once again to help parents teach Irish at home\" \/>\n<meta property=\"og:url\" content=\"https:\/\/dev.tg4.ie\/en\/information\/press\/press-releases\/2021-2\/a-new-series-of-cula4-ar-scoil-to-start-on-tg4-from-january-18th-as-schools-remain-closed\/\" \/>\n<meta property=\"og:site_name\" content=\"TG4\" \/>\n<meta property=\"article:publisher\" content=\"https:\/\/www.facebook.com\/TG4TV\" \/>\n<meta property=\"article:modified_time\" content=\"2021-11-05T09:32:52+00:00\" \/>\n<meta property=\"og:image\" content=\"https:\/\/tg4-docs.s3.amazonaws.com\/tg4-redesign-2015\/wp-content\/uploads\/2021\/01\/Orla_Ni_Fhinneadha_C4_ar_Scoil_1_1920x1080.jpg\" \/>\n\t<meta property=\"og:image:width\" content=\"1920\" \/>\n\t<meta property=\"og:image:height\" content=\"1080\" \/>\n\t<meta property=\"og:image:type\" content=\"image\/jpeg\" \/>\n<meta name=\"twitter:card\" content=\"summary_large_image\" \/>\n<meta name=\"twitter:image\" content=\"https:\/\/tg4-docs.s3.amazonaws.com\/tg4-redesign-2015\/wp-content\/uploads\/2021\/01\/Orla_Ni_Fhinneadha_C4_ar_Scoil_1_1920x1080.jpg\" \/>\n<meta name=\"twitter:site\" content=\"@TG4TV\" \/>\n<meta name=\"twitter:label1\" content=\"Est. reading time\" \/>\n\t<meta name=\"twitter:data1\" content=\"4 minutes\" \/>\n<script type=\"application\/ld+json\" class=\"yoast-schema-graph\">{\"@context\":\"https:\/\/schema.org\",\"@graph\":[{\"@type\":\"WebPage\",\"@id\":\"https:\/\/dev.tg4.ie\/en\/information\/press\/press-releases\/2021-2\/a-new-series-of-cula4-ar-scoil-to-start-on-tg4-from-january-18th-as-schools-remain-closed\/\",\"url\":\"https:\/\/dev.tg4.ie\/en\/information\/press\/press-releases\/2021-2\/a-new-series-of-cula4-ar-scoil-to-start-on-tg4-from-january-18th-as-schools-remain-closed\/\",\"name\":\"TG4 | A new series of \u2018C\u00fala4 ar Scoil\u2019 to start on TG4 from January 18th as schools remain closed | 2021 | Press Releases | Press | Irish Television Channel, S\u00fail Eile\",\"isPartOf\":{\"@id\":\"https:\/\/dev.tg4.ie\/en\/#website\"},\"primaryImageOfPage\":{\"@id\":\"https:\/\/dev.tg4.ie\/en\/information\/press\/press-releases\/2021-2\/a-new-series-of-cula4-ar-scoil-to-start-on-tg4-from-january-18th-as-schools-remain-closed\/#primaryimage\"},\"image\":{\"@id\":\"https:\/\/dev.tg4.ie\/en\/information\/press\/press-releases\/2021-2\/a-new-series-of-cula4-ar-scoil-to-start-on-tg4-from-january-18th-as-schools-remain-closed\/#primaryimage\"},\"thumbnailUrl\":\"https:\/\/dev.tg4.ie\/wp-content\/uploads\/2021\/01\/Orla_Ni_Fhinneadha_C4_ar_Scoil_1_1920x1080.jpg\",\"datePublished\":\"2021-01-07T12:52:12+00:00\",\"dateModified\":\"2021-11-05T09:32:52+00:00\",\"description\":\"As lockdown forces further school closure, TG4's 'C\u00fala4 ar Scoil' is back once again to help parents teach Irish at home\",\"breadcrumb\":{\"@id\":\"https:\/\/dev.tg4.ie\/en\/information\/press\/press-releases\/2021-2\/a-new-series-of-cula4-ar-scoil-to-start-on-tg4-from-january-18th-as-schools-remain-closed\/#breadcrumb\"},\"inLanguage\":\"en-ie\",\"potentialAction\":[{\"@type\":\"ReadAction\",\"target\":[\"https:\/\/dev.tg4.ie\/en\/information\/press\/press-releases\/2021-2\/a-new-series-of-cula4-ar-scoil-to-start-on-tg4-from-january-18th-as-schools-remain-closed\/\"]}]},{\"@type\":\"ImageObject\",\"inLanguage\":\"en-ie\",\"@id\":\"https:\/\/dev.tg4.ie\/en\/information\/press\/press-releases\/2021-2\/a-new-series-of-cula4-ar-scoil-to-start-on-tg4-from-january-18th-as-schools-remain-closed\/#primaryimage\",\"url\":\"https:\/\/dev.tg4.ie\/wp-content\/uploads\/2021\/01\/Orla_Ni_Fhinneadha_C4_ar_Scoil_1_1920x1080.jpg\",\"contentUrl\":\"https:\/\/dev.tg4.ie\/wp-content\/uploads\/2021\/01\/Orla_Ni_Fhinneadha_C4_ar_Scoil_1_1920x1080.jpg\"},{\"@type\":\"BreadcrumbList\",\"@id\":\"https:\/\/dev.tg4.ie\/en\/information\/press\/press-releases\/2021-2\/a-new-series-of-cula4-ar-scoil-to-start-on-tg4-from-january-18th-as-schools-remain-closed\/#breadcrumb\",\"itemListElement\":[{\"@type\":\"ListItem\",\"position\":1,\"name\":\"Home\",\"item\":\"https:\/\/dev.tg4.ie\/en\/\"},{\"@type\":\"ListItem\",\"position\":2,\"name\":\"Information\",\"item\":\"https:\/\/dev.tg4.ie\/en\/information\/\"},{\"@type\":\"ListItem\",\"position\":3,\"name\":\"Press\",\"item\":\"https:\/\/dev.tg4.ie\/en\/information\/press\/\"},{\"@type\":\"ListItem\",\"position\":4,\"name\":\"Press Releases\",\"item\":\"https:\/\/dev.tg4.ie\/en\/information\/press\/press-releases\/\"},{\"@type\":\"ListItem\",\"position\":5,\"name\":\"2021\",\"item\":\"https:\/\/dev.tg4.ie\/en\/information\/press\/press-releases\/2021-2\/\"},{\"@type\":\"ListItem\",\"position\":6,\"name\":\"A new series of &#8216;C\u00fala4 ar Scoil&#8217; to start on TG4 from January 18th as schools remain closed\"}]},{\"@type\":\"WebSite\",\"@id\":\"https:\/\/dev.tg4.ie\/en\/#website\",\"url\":\"https:\/\/dev.tg4.ie\/en\/\",\"name\":\"TG4\",\"description\":\"S\u00fail Eile\",\"potentialAction\":[{\"@type\":\"SearchAction\",\"target\":{\"@type\":\"EntryPoint\",\"urlTemplate\":\"https:\/\/dev.tg4.ie\/en\/?s={search_term_string}\"},\"query-input\":\"required name=search_term_string\"}],\"inLanguage\":\"en-ie\"}]}<\/script>\n<!-- \/ Yoast SEO plugin. -->","yoast_head_json":{"title":"TG4 | A new series of \u2018C\u00fala4 ar Scoil\u2019 to start on TG4 from January 18th as schools remain closed | 2021 | Press Releases | Press | Irish Television Channel, S\u00fail Eile","description":"As lockdown forces further school closure, TG4's 'C\u00fala4 ar Scoil' is back once again to help parents teach Irish at home","robots":{"index":"index","follow":"follow","max-snippet":"max-snippet:-1","max-image-preview":"max-image-preview:large","max-video-preview":"max-video-preview:-1"},"og_locale":"en_US","og_type":"article","og_title":"TG4 | A new series of \u2018C\u00fala4 ar Scoil\u2019 to start on TG4 from January 18th as schools remain closed | 2021 | Press Releases | Press | Irish Television Channel, S\u00fail Eile","og_description":"As lockdown forces further school closure, TG4's 'C\u00fala4 ar Scoil' is back once again to help parents teach Irish at home","og_url":"https:\/\/dev.tg4.ie\/en\/information\/press\/press-releases\/2021-2\/a-new-series-of-cula4-ar-scoil-to-start-on-tg4-from-january-18th-as-schools-remain-closed\/","og_site_name":"TG4","article_publisher":"https:\/\/www.facebook.com\/TG4TV","article_modified_time":"2021-11-05T09:32:52+00:00","og_image":[{"width":1920,"height":1080,"url":"https:\/\/tg4-docs.s3.amazonaws.com\/tg4-redesign-2015\/wp-content\/uploads\/2021\/01\/Orla_Ni_Fhinneadha_C4_ar_Scoil_1_1920x1080.jpg","type":"image\/jpeg"}],"twitter_card":"summary_large_image","twitter_image":"https:\/\/tg4-docs.s3.amazonaws.com\/tg4-redesign-2015\/wp-content\/uploads\/2021\/01\/Orla_Ni_Fhinneadha_C4_ar_Scoil_1_1920x1080.jpg","twitter_site":"@TG4TV","twitter_misc":{"Est. reading time":"4 minutes"},"schema":{"@context":"https:\/\/schema.org","@graph":[{"@type":"WebPage","@id":"https:\/\/dev.tg4.ie\/en\/information\/press\/press-releases\/2021-2\/a-new-series-of-cula4-ar-scoil-to-start-on-tg4-from-january-18th-as-schools-remain-closed\/","url":"https:\/\/dev.tg4.ie\/en\/information\/press\/press-releases\/2021-2\/a-new-series-of-cula4-ar-scoil-to-start-on-tg4-from-january-18th-as-schools-remain-closed\/","name":"TG4 | A new series of \u2018C\u00fala4 ar Scoil\u2019 to start on TG4 from January 18th as schools remain closed | 2021 | Press Releases | Press | Irish Television Channel, S\u00fail Eile","isPartOf":{"@id":"https:\/\/dev.tg4.ie\/en\/#website"},"primaryImageOfPage":{"@id":"https:\/\/dev.tg4.ie\/en\/information\/press\/press-releases\/2021-2\/a-new-series-of-cula4-ar-scoil-to-start-on-tg4-from-january-18th-as-schools-remain-closed\/#primaryimage"},"image":{"@id":"https:\/\/dev.tg4.ie\/en\/information\/press\/press-releases\/2021-2\/a-new-series-of-cula4-ar-scoil-to-start-on-tg4-from-january-18th-as-schools-remain-closed\/#primaryimage"},"thumbnailUrl":"https:\/\/dev.tg4.ie\/wp-content\/uploads\/2021\/01\/Orla_Ni_Fhinneadha_C4_ar_Scoil_1_1920x1080.jpg","datePublished":"2021-01-07T12:52:12+00:00","dateModified":"2021-11-05T09:32:52+00:00","description":"As lockdown forces further school closure, TG4's 'C\u00fala4 ar Scoil' is back once again to help parents teach Irish at home","breadcrumb":{"@id":"https:\/\/dev.tg4.ie\/en\/information\/press\/press-releases\/2021-2\/a-new-series-of-cula4-ar-scoil-to-start-on-tg4-from-january-18th-as-schools-remain-closed\/#breadcrumb"},"inLanguage":"en-ie","potentialAction":[{"@type":"ReadAction","target":["https:\/\/dev.tg4.ie\/en\/information\/press\/press-releases\/2021-2\/a-new-series-of-cula4-ar-scoil-to-start-on-tg4-from-january-18th-as-schools-remain-closed\/"]}]},{"@type":"ImageObject","inLanguage":"en-ie","@id":"https:\/\/dev.tg4.ie\/en\/information\/press\/press-releases\/2021-2\/a-new-series-of-cula4-ar-scoil-to-start-on-tg4-from-january-18th-as-schools-remain-closed\/#primaryimage","url":"https:\/\/dev.tg4.ie\/wp-content\/uploads\/2021\/01\/Orla_Ni_Fhinneadha_C4_ar_Scoil_1_1920x1080.jpg","contentUrl":"https:\/\/dev.tg4.ie\/wp-content\/uploads\/2021\/01\/Orla_Ni_Fhinneadha_C4_ar_Scoil_1_1920x1080.jpg"},{"@type":"BreadcrumbList","@id":"https:\/\/dev.tg4.ie\/en\/information\/press\/press-releases\/2021-2\/a-new-series-of-cula4-ar-scoil-to-start-on-tg4-from-january-18th-as-schools-remain-closed\/#breadcrumb","itemListElement":[{"@type":"ListItem","position":1,"name":"Home","item":"https:\/\/dev.tg4.ie\/en\/"},{"@type":"ListItem","position":2,"name":"Information","item":"https:\/\/dev.tg4.ie\/en\/information\/"},{"@type":"ListItem","position":3,"name":"Press","item":"https:\/\/dev.tg4.ie\/en\/information\/press\/"},{"@type":"ListItem","position":4,"name":"Press Releases","item":"https:\/\/dev.tg4.ie\/en\/information\/press\/press-releases\/"},{"@type":"ListItem","position":5,"name":"2021","item":"https:\/\/dev.tg4.ie\/en\/information\/press\/press-releases\/2021-2\/"},{"@type":"ListItem","position":6,"name":"A new series of &#8216;C\u00fala4 ar Scoil&#8217; to start on TG4 from January 18th as schools remain closed"}]},{"@type":"WebSite","@id":"https:\/\/dev.tg4.ie\/en\/#website","url":"https:\/\/dev.tg4.ie\/en\/","name":"TG4","description":"S\u00fail Eile","potentialAction":[{"@type":"SearchAction","target":{"@type":"EntryPoint","urlTemplate":"https:\/\/dev.tg4.ie\/en\/?s={search_term_string}"},"query-input":"required name=search_term_string"}],"inLanguage":"en-ie"}]}},"_links":{"self":[{"href":"https:\/\/dev.tg4.ie\/en\/wp-json\/wp\/v2\/pages\/115628"}],"collection":[{"href":"https:\/\/dev.tg4.ie\/en\/wp-json\/wp\/v2\/pages"}],"about":[{"href":"https:\/\/dev.tg4.ie\/en\/wp-json\/wp\/v2\/types\/page"}],"author":[{"embeddable":true,"href":"https:\/\/dev.tg4.ie\/en\/wp-json\/wp\/v2\/users\/876"}],"replies":[{"embeddable":true,"href":"https:\/\/dev.tg4.ie\/en\/wp-json\/wp\/v2\/comments?post=115628"}],"version-history":[{"count":0,"href":"https:\/\/dev.tg4.ie\/en\/wp-json\/wp\/v2\/pages\/115628\/revisions"}],"up":[{"embeddable":true,"href":"https:\/\/dev.tg4.ie\/en\/wp-json\/wp\/v2\/pages\/115587"}],"wp:attachment":[{"href":"https:\/\/dev.tg4.ie\/en\/wp-json\/wp\/v2\/media?parent=115628"}],"curies":[{"name":"wp","href":"https:\/\/api.w.org\/{rel}","templated":true}]}}