{"id":115651,"date":"2021-01-08T10:41:38","date_gmt":"2021-01-08T10:41:38","guid":{"rendered":"https:\/\/dev.tg4.ie\/?page_id=115651"},"modified":"2021-11-05T09:39:51","modified_gmt":"2021-11-05T09:39:51","slug":"samhlu-croi-cruthaitheach-a-season-of-12-art-short-films-to-be-released-on-the-tg4-player","status":"publish","type":"page","link":"https:\/\/dev.tg4.ie\/en\/information\/press\/press-releases\/2021-2\/samhlu-croi-cruthaitheach-a-season-of-12-art-short-films-to-be-released-on-the-tg4-player\/","title":{"rendered":"Samhl\u00fa Cro\u00ed Cruthaitheach &#8211; a season of 12 art short-films to be released on the TG4 Player"},"content":{"rendered":"<p><a href=\"https:\/\/tg4-docs.s3.amazonaws.com\/tg4-redesign-2015\/wp-content\/uploads\/2020\/11\/Logo-Samhlu.png\"><img loading=\"lazy\" decoding=\"async\" width=\"1920\" height=\"454\" src=\"https:\/\/tg4-docs.s3.amazonaws.com\/tg4-redesign-2015\/wp-content\/uploads\/2020\/11\/Logo-Samhlu.png\" alt=\"\" class=\"alignnone size-full wp-image-115180\" srcset=\"https:\/\/tg4-docs.s3.amazonaws.com\/tg4-redesign-2015\/wp-content\/uploads\/2020\/11\/Logo-Samhlu.png 1920w, https:\/\/tg4-docs.s3.amazonaws.com\/tg4-redesign-2015\/wp-content\/uploads\/2020\/11\/Logo-Samhlu-250x59.png 250w, https:\/\/tg4-docs.s3.amazonaws.com\/tg4-redesign-2015\/wp-content\/uploads\/2020\/11\/Logo-Samhlu-700x166.png 700w, https:\/\/tg4-docs.s3.amazonaws.com\/tg4-redesign-2015\/wp-content\/uploads\/2020\/11\/Logo-Samhlu-252x60.png 252w, https:\/\/tg4-docs.s3.amazonaws.com\/tg4-redesign-2015\/wp-content\/uploads\/2020\/11\/Logo-Samhlu-1536x363.png 1536w, https:\/\/tg4-docs.s3.amazonaws.com\/tg4-redesign-2015\/wp-content\/uploads\/2020\/11\/Logo-Samhlu-120x28.png 120w\" sizes=\"(max-width: 1920px) 100vw, 1920px\" \/><\/a><br \/>\n&nbsp;<\/p>\n<p><strong>Samhl\u00fa<\/strong> is a new cultural partnership between TG4 and the Department of Tourism, Culture, Arts, Gaeltacht, Sport and Media\u2019s Creative Ireland Programme.  <strong>Samhl\u00fa<\/strong> was launched in December 2020 to celebrate the artistic endeavours and creativity that have endured throughout Ireland despite a very challenging year in 2020.<br \/>\n&nbsp;<\/p>\n<p><strong>Samhl\u00fa 2020<\/strong> a spectacular arts showcase aired in December as a 90-minute journey of music, theatre and dance fronted by Tommy Tiernan.<\/p>\n<p><strong>Samhl\u00fa Cro\u00ed Cruthaitheach<\/strong> a season of twelve commissioned abstract short-films featuring artists and creatives is the second phase of the cultural project and will be released on the TG4 player <a href=\"https:\/\/dev.tg4.ie\/Samhl\u00fa\" rel=\"noopener\" target=\"_blank\">www.tg4.ie\/Samhl\u00fa<\/a> from January 10th.  <\/p>\n<p>&nbsp;<br \/>\n<a href=\"https:\/\/tg4-docs.s3.amazonaws.com\/tg4-redesign-2015\/wp-content\/uploads\/2021\/01\/Samhlu_Croi_Cruthaitheach-Anna_Matykiewicz_Julia_Dunin_Photography-1920x1080-1.jpg\"><img loading=\"lazy\" decoding=\"async\" width=\"700\" height=\"394\" src=\"https:\/\/tg4-docs.s3.amazonaws.com\/tg4-redesign-2015\/wp-content\/uploads\/2021\/01\/Samhlu_Croi_Cruthaitheach-Anna_Matykiewicz_Julia_Dunin_Photography-1920x1080-1-700x394.jpg\" alt=\"\" class=\"alignnone size-large wp-image-115645\" srcset=\"https:\/\/tg4-docs.s3.amazonaws.com\/tg4-redesign-2015\/wp-content\/uploads\/2021\/01\/Samhlu_Croi_Cruthaitheach-Anna_Matykiewicz_Julia_Dunin_Photography-1920x1080-1-700x394.jpg 700w, https:\/\/tg4-docs.s3.amazonaws.com\/tg4-redesign-2015\/wp-content\/uploads\/2021\/01\/Samhlu_Croi_Cruthaitheach-Anna_Matykiewicz_Julia_Dunin_Photography-1920x1080-1-250x141.jpg 250w, https:\/\/tg4-docs.s3.amazonaws.com\/tg4-redesign-2015\/wp-content\/uploads\/2021\/01\/Samhlu_Croi_Cruthaitheach-Anna_Matykiewicz_Julia_Dunin_Photography-1920x1080-1-252x141.jpg 252w, https:\/\/tg4-docs.s3.amazonaws.com\/tg4-redesign-2015\/wp-content\/uploads\/2021\/01\/Samhlu_Croi_Cruthaitheach-Anna_Matykiewicz_Julia_Dunin_Photography-1920x1080-1-1536x864.jpg 1536w, https:\/\/tg4-docs.s3.amazonaws.com\/tg4-redesign-2015\/wp-content\/uploads\/2021\/01\/Samhlu_Croi_Cruthaitheach-Anna_Matykiewicz_Julia_Dunin_Photography-1920x1080-1-120x68.jpg 120w, https:\/\/tg4-docs.s3.amazonaws.com\/tg4-redesign-2015\/wp-content\/uploads\/2021\/01\/Samhlu_Croi_Cruthaitheach-Anna_Matykiewicz_Julia_Dunin_Photography-1920x1080-1.jpg 1920w\" sizes=\"(max-width: 700px) 100vw, 700px\" \/><\/a><\/p>\n<p>&nbsp;<\/p>\n<div style=\"position: relative; overflow: auto; width: 100%; padding-bottom: 56.25%;\"><iframe loading=\"lazy\" src=\"https:\/\/www.youtube.com\/embed\/pZBJPXnwYx4\" width=\"100%\" height=\"100%\" frameborder=\"0\" scrolling=\"no\" allowFullscreen=\"true\" style=\"position: absolute; top: 0px; display: block;\"><\/iframe><\/div>\n<p>&nbsp;<\/p>\n<p>The short films are a visual and audio experience depicting the artistic process of some of Ireland&#8217;s hidden creatives. These are our unique and vibrant artists, makers and doers, based in our towns, our villages throughout Ireland.  Through these films, the viewer will gain a new and detailed perspective on how the artist prepares and develops their work in an intimate stylised form.<br \/>\n&nbsp;<br \/>\nThe Samhl\u00fa Cro\u00ed Cruthaitheach films are produced by Galway based Heavy Man Films. Specialising in bespoke storytelling, the company has grown from strength to strength over the last 10 years, creating unique and exciting content for National TV broadcasters, designing and producing TV adverts, online content, documentary and fictional film.<br \/>\n&nbsp;<\/p>\n<h3>Meet the Artists:<\/h3>\n<p><strong>Ceait\u00ed N\u00ed Bheildi\u00fain<\/strong> is an innovative award-winning Irish language poet. Her works display huge scope, skill and creativity reflect both local and universal themes.  From Dublin originally, Ceait\u00ed now lives on the Dingle Peninsula.<br \/>\n&nbsp;<\/p>\n<p><strong>James Mary and Neill Kelly<\/strong>. From their forge in the shadow of Kilkenny Castle a specialist Goldsmith is at work creating bespoke custom jewellery by cold forged hand fabrication. He also made the All-Ireland hurling trophy.<br \/>\n&nbsp;<\/p>\n<p><strong>Helen Comerford<\/strong> &#8211; For the last 20 years Helen has worked as a painter in encaustics. Based in Kilkenny, her unique approach to her work and its process has resulted in art that has featured in galleries including Imma, Butler Gallery Kilkenny, Hugh Lane Municipal Gallery and Galway municipal collection.<br \/>\n&nbsp;<\/p>\n<p><strong>Ian Joyce<\/strong> lives, thinks and works in an ancient kingdom of dry stone, natural springs and wind tossed farms at the farthest most corner of western europe. His art is about survival and transcending the conditions of representation and official memorialization.<br \/>\n&nbsp;<\/p>\n<p><strong>Anna Mullarkey\u2019s<\/strong> compositions vary from minimalist music to electronia. Her unique and vibrant physical performances are as captivating as her music. Growing up in Galway, Anna draws inspiration from the sea for her compositions.<br \/>\n&nbsp;<\/p>\n<p><strong>Willzee<\/strong> is part of a musical movement that brings his hometown Limerick to the top of the Irish rap scene.<br \/>\n&nbsp;<\/p>\n<p><strong>Tatiana Dobos<\/strong> creates ceramic artworks inspired by human emotions. She seeks to materialize in her works the mechanisms of the inner battles, at the same time exploring the anatomy of the aftermath.<br \/>\n&nbsp;<\/p>\n<p>Visual Artist <strong>Eoin Turner<\/strong> together with his wife, artist <strong>Lorraine Mullins<\/strong>; creates magnificent signature bespoke glass designs &#038; sculptures, which have been celebrated around the world.<br \/>\n&nbsp;<\/p>\n<p><strong>Andrew Duggan<\/strong> is an Irish artist whose video works, installations and projects explore the complex relationships between self and place. The dominant elements in his work of absence, repetition and transference are used to imbue a connection with constructed or imagined spaces and trace histories.<br \/>\n&nbsp;<\/p>\n<p><strong>Anna Matykiewicz<\/strong> a Polish visual artist based in Greystones, specialising in striking emotional portrait paintings of women.<br \/>\n&nbsp;<\/p>\n<p><strong>M\u00e1nus Lunny&#8217;s<\/strong> music is part of the fabric of the Irish music scene. His talented multi-instrumental abilities have been sought out and experienced on the stages, screens and the airwaves of Ireland and abroad for more than 30 years.<br \/>\n&nbsp;<\/p>\n<p><strong>Shane O&#8217;Malley<\/strong> emerged from Ireland&#8217;s vibrant graffiti subculture.  Originally from Navan, Shane now resides in Galway city. He is interested in the themes of identity, mental and emotional health, journey and self-hood. He has developed a unique visual language using bold colour and simple geometric patterns.<\/p>\n<p>&nbsp;<br \/>\n&nbsp;<\/p>\n","protected":false},"excerpt":{"rendered":"<p>&nbsp; Samhl\u00fa is a new cultural partnership between TG4 and the Department of Tourism, Culture, Arts, Gaeltacht, Sport and Media\u2019s Creative Ireland Programme. Samhl\u00fa was launched in December 2020 to celebrate the artistic endeavours and creativity that have endured throughout Ireland despite a very challenging year in 2020. &nbsp; Samhl\u00fa 2020 a spectacular arts showcase [&hellip;]<\/p>\n","protected":false},"author":876,"featured_media":0,"parent":115587,"menu_order":2,"comment_status":"closed","ping_status":"closed","template":"page-templates\/template-pr.php","meta":{"_acf_changed":false,"footnotes":""},"acf":[],"yoast_head":"<!-- This site is optimized with the Yoast SEO plugin v22.6 - https:\/\/yoast.com\/wordpress\/plugins\/seo\/ -->\n<title>TG4 | Samhl\u00fa Cro\u00ed Cruthaitheach \u2013 a season of 12 art short-films to be released on the TG4 Player | 2021 | Press Releases | Press | Irish Television Channel, S\u00fail Eile<\/title>\n<meta name=\"description\" content=\"Samhl\u00fa is the newest arrival to TG4, which celebrates artistic endeavours and creativity that flourished during 2020\" \/>\n<meta name=\"robots\" content=\"index, follow, max-snippet:-1, max-image-preview:large, max-video-preview:-1\" \/>\n<meta property=\"og:locale\" content=\"en_US\" \/>\n<meta property=\"og:type\" content=\"article\" \/>\n<meta property=\"og:title\" content=\"TG4 | Samhl\u00fa Cro\u00ed Cruthaitheach \u2013 a season of 12 art short-films to be released on the TG4 Player | 2021 | Press Releases | Press | Irish Television Channel, S\u00fail Eile\" \/>\n<meta property=\"og:description\" content=\"Samhl\u00fa is the newest arrival to TG4, which celebrates artistic endeavours and creativity that flourished during 2020\" \/>\n<meta property=\"og:url\" content=\"https:\/\/dev.tg4.ie\/en\/information\/press\/press-releases\/2021-2\/samhlu-croi-cruthaitheach-a-season-of-12-art-short-films-to-be-released-on-the-tg4-player\/\" \/>\n<meta property=\"og:site_name\" content=\"TG4\" \/>\n<meta property=\"article:publisher\" content=\"https:\/\/www.facebook.com\/TG4TV\" \/>\n<meta property=\"article:modified_time\" content=\"2021-11-05T09:39:51+00:00\" \/>\n<meta property=\"og:image\" content=\"https:\/\/tg4-docs.s3.amazonaws.com\/tg4-redesign-2015\/wp-content\/uploads\/2021\/01\/Samhlu_Croi_Cruthaitheach-Anna_Matykiewicz_Julia_Dunin_Photography-1920x1080-1.jpg\" \/>\n\t<meta property=\"og:image:width\" content=\"1920\" \/>\n\t<meta property=\"og:image:height\" content=\"1080\" \/>\n\t<meta property=\"og:image:type\" content=\"image\/jpeg\" \/>\n<meta name=\"twitter:card\" content=\"summary_large_image\" \/>\n<meta name=\"twitter:image\" content=\"https:\/\/tg4-docs.s3.amazonaws.com\/tg4-redesign-2015\/wp-content\/uploads\/2021\/01\/Samhlu_Croi_Cruthaitheach-Anna_Matykiewicz_Julia_Dunin_Photography-1920x1080-1.jpg\" \/>\n<meta name=\"twitter:site\" content=\"@TG4TV\" \/>\n<meta name=\"twitter:label1\" content=\"Est. reading time\" \/>\n\t<meta name=\"twitter:data1\" content=\"3 minutes\" \/>\n<script type=\"application\/ld+json\" class=\"yoast-schema-graph\">{\"@context\":\"https:\/\/schema.org\",\"@graph\":[{\"@type\":\"WebPage\",\"@id\":\"https:\/\/dev.tg4.ie\/en\/information\/press\/press-releases\/2021-2\/samhlu-croi-cruthaitheach-a-season-of-12-art-short-films-to-be-released-on-the-tg4-player\/\",\"url\":\"https:\/\/dev.tg4.ie\/en\/information\/press\/press-releases\/2021-2\/samhlu-croi-cruthaitheach-a-season-of-12-art-short-films-to-be-released-on-the-tg4-player\/\",\"name\":\"TG4 | Samhl\u00fa Cro\u00ed Cruthaitheach \u2013 a season of 12 art short-films to be released on the TG4 Player | 2021 | Press Releases | Press | Irish Television Channel, S\u00fail Eile\",\"isPartOf\":{\"@id\":\"https:\/\/dev.tg4.ie\/en\/#website\"},\"primaryImageOfPage\":{\"@id\":\"https:\/\/dev.tg4.ie\/en\/information\/press\/press-releases\/2021-2\/samhlu-croi-cruthaitheach-a-season-of-12-art-short-films-to-be-released-on-the-tg4-player\/#primaryimage\"},\"image\":{\"@id\":\"https:\/\/dev.tg4.ie\/en\/information\/press\/press-releases\/2021-2\/samhlu-croi-cruthaitheach-a-season-of-12-art-short-films-to-be-released-on-the-tg4-player\/#primaryimage\"},\"thumbnailUrl\":\"https:\/\/dev.tg4.ie\/wp-content\/uploads\/2020\/11\/Logo-Samhlu.png\",\"datePublished\":\"2021-01-08T10:41:38+00:00\",\"dateModified\":\"2021-11-05T09:39:51+00:00\",\"description\":\"Samhl\u00fa is the newest arrival to TG4, which celebrates artistic endeavours and creativity that flourished during 2020\",\"breadcrumb\":{\"@id\":\"https:\/\/dev.tg4.ie\/en\/information\/press\/press-releases\/2021-2\/samhlu-croi-cruthaitheach-a-season-of-12-art-short-films-to-be-released-on-the-tg4-player\/#breadcrumb\"},\"inLanguage\":\"en-ie\",\"potentialAction\":[{\"@type\":\"ReadAction\",\"target\":[\"https:\/\/dev.tg4.ie\/en\/information\/press\/press-releases\/2021-2\/samhlu-croi-cruthaitheach-a-season-of-12-art-short-films-to-be-released-on-the-tg4-player\/\"]}]},{\"@type\":\"ImageObject\",\"inLanguage\":\"en-ie\",\"@id\":\"https:\/\/dev.tg4.ie\/en\/information\/press\/press-releases\/2021-2\/samhlu-croi-cruthaitheach-a-season-of-12-art-short-films-to-be-released-on-the-tg4-player\/#primaryimage\",\"url\":\"https:\/\/dev.tg4.ie\/wp-content\/uploads\/2020\/11\/Logo-Samhlu.png\",\"contentUrl\":\"https:\/\/dev.tg4.ie\/wp-content\/uploads\/2020\/11\/Logo-Samhlu.png\"},{\"@type\":\"BreadcrumbList\",\"@id\":\"https:\/\/dev.tg4.ie\/en\/information\/press\/press-releases\/2021-2\/samhlu-croi-cruthaitheach-a-season-of-12-art-short-films-to-be-released-on-the-tg4-player\/#breadcrumb\",\"itemListElement\":[{\"@type\":\"ListItem\",\"position\":1,\"name\":\"Home\",\"item\":\"https:\/\/dev.tg4.ie\/en\/\"},{\"@type\":\"ListItem\",\"position\":2,\"name\":\"Information\",\"item\":\"https:\/\/dev.tg4.ie\/en\/information\/\"},{\"@type\":\"ListItem\",\"position\":3,\"name\":\"Press\",\"item\":\"https:\/\/dev.tg4.ie\/en\/information\/press\/\"},{\"@type\":\"ListItem\",\"position\":4,\"name\":\"Press Releases\",\"item\":\"https:\/\/dev.tg4.ie\/en\/information\/press\/press-releases\/\"},{\"@type\":\"ListItem\",\"position\":5,\"name\":\"2021\",\"item\":\"https:\/\/dev.tg4.ie\/en\/information\/press\/press-releases\/2021-2\/\"},{\"@type\":\"ListItem\",\"position\":6,\"name\":\"Samhl\u00fa Cro\u00ed Cruthaitheach &#8211; a season of 12 art short-films to be released on the TG4 Player\"}]},{\"@type\":\"WebSite\",\"@id\":\"https:\/\/dev.tg4.ie\/en\/#website\",\"url\":\"https:\/\/dev.tg4.ie\/en\/\",\"name\":\"TG4\",\"description\":\"S\u00fail Eile\",\"potentialAction\":[{\"@type\":\"SearchAction\",\"target\":{\"@type\":\"EntryPoint\",\"urlTemplate\":\"https:\/\/dev.tg4.ie\/en\/?s={search_term_string}\"},\"query-input\":\"required name=search_term_string\"}],\"inLanguage\":\"en-ie\"}]}<\/script>\n<!-- \/ Yoast SEO plugin. -->","yoast_head_json":{"title":"TG4 | Samhl\u00fa Cro\u00ed Cruthaitheach \u2013 a season of 12 art short-films to be released on the TG4 Player | 2021 | Press Releases | Press | Irish Television Channel, S\u00fail Eile","description":"Samhl\u00fa is the newest arrival to TG4, which celebrates artistic endeavours and creativity that flourished during 2020","robots":{"index":"index","follow":"follow","max-snippet":"max-snippet:-1","max-image-preview":"max-image-preview:large","max-video-preview":"max-video-preview:-1"},"og_locale":"en_US","og_type":"article","og_title":"TG4 | Samhl\u00fa Cro\u00ed Cruthaitheach \u2013 a season of 12 art short-films to be released on the TG4 Player | 2021 | Press Releases | Press | Irish Television Channel, S\u00fail Eile","og_description":"Samhl\u00fa is the newest arrival to TG4, which celebrates artistic endeavours and creativity that flourished during 2020","og_url":"https:\/\/dev.tg4.ie\/en\/information\/press\/press-releases\/2021-2\/samhlu-croi-cruthaitheach-a-season-of-12-art-short-films-to-be-released-on-the-tg4-player\/","og_site_name":"TG4","article_publisher":"https:\/\/www.facebook.com\/TG4TV","article_modified_time":"2021-11-05T09:39:51+00:00","og_image":[{"width":1920,"height":1080,"url":"https:\/\/tg4-docs.s3.amazonaws.com\/tg4-redesign-2015\/wp-content\/uploads\/2021\/01\/Samhlu_Croi_Cruthaitheach-Anna_Matykiewicz_Julia_Dunin_Photography-1920x1080-1.jpg","type":"image\/jpeg"}],"twitter_card":"summary_large_image","twitter_image":"https:\/\/tg4-docs.s3.amazonaws.com\/tg4-redesign-2015\/wp-content\/uploads\/2021\/01\/Samhlu_Croi_Cruthaitheach-Anna_Matykiewicz_Julia_Dunin_Photography-1920x1080-1.jpg","twitter_site":"@TG4TV","twitter_misc":{"Est. reading time":"3 minutes"},"schema":{"@context":"https:\/\/schema.org","@graph":[{"@type":"WebPage","@id":"https:\/\/dev.tg4.ie\/en\/information\/press\/press-releases\/2021-2\/samhlu-croi-cruthaitheach-a-season-of-12-art-short-films-to-be-released-on-the-tg4-player\/","url":"https:\/\/dev.tg4.ie\/en\/information\/press\/press-releases\/2021-2\/samhlu-croi-cruthaitheach-a-season-of-12-art-short-films-to-be-released-on-the-tg4-player\/","name":"TG4 | Samhl\u00fa Cro\u00ed Cruthaitheach \u2013 a season of 12 art short-films to be released on the TG4 Player | 2021 | Press Releases | Press | Irish Television Channel, S\u00fail Eile","isPartOf":{"@id":"https:\/\/dev.tg4.ie\/en\/#website"},"primaryImageOfPage":{"@id":"https:\/\/dev.tg4.ie\/en\/information\/press\/press-releases\/2021-2\/samhlu-croi-cruthaitheach-a-season-of-12-art-short-films-to-be-released-on-the-tg4-player\/#primaryimage"},"image":{"@id":"https:\/\/dev.tg4.ie\/en\/information\/press\/press-releases\/2021-2\/samhlu-croi-cruthaitheach-a-season-of-12-art-short-films-to-be-released-on-the-tg4-player\/#primaryimage"},"thumbnailUrl":"https:\/\/dev.tg4.ie\/wp-content\/uploads\/2020\/11\/Logo-Samhlu.png","datePublished":"2021-01-08T10:41:38+00:00","dateModified":"2021-11-05T09:39:51+00:00","description":"Samhl\u00fa is the newest arrival to TG4, which celebrates artistic endeavours and creativity that flourished during 2020","breadcrumb":{"@id":"https:\/\/dev.tg4.ie\/en\/information\/press\/press-releases\/2021-2\/samhlu-croi-cruthaitheach-a-season-of-12-art-short-films-to-be-released-on-the-tg4-player\/#breadcrumb"},"inLanguage":"en-ie","potentialAction":[{"@type":"ReadAction","target":["https:\/\/dev.tg4.ie\/en\/information\/press\/press-releases\/2021-2\/samhlu-croi-cruthaitheach-a-season-of-12-art-short-films-to-be-released-on-the-tg4-player\/"]}]},{"@type":"ImageObject","inLanguage":"en-ie","@id":"https:\/\/dev.tg4.ie\/en\/information\/press\/press-releases\/2021-2\/samhlu-croi-cruthaitheach-a-season-of-12-art-short-films-to-be-released-on-the-tg4-player\/#primaryimage","url":"https:\/\/dev.tg4.ie\/wp-content\/uploads\/2020\/11\/Logo-Samhlu.png","contentUrl":"https:\/\/dev.tg4.ie\/wp-content\/uploads\/2020\/11\/Logo-Samhlu.png"},{"@type":"BreadcrumbList","@id":"https:\/\/dev.tg4.ie\/en\/information\/press\/press-releases\/2021-2\/samhlu-croi-cruthaitheach-a-season-of-12-art-short-films-to-be-released-on-the-tg4-player\/#breadcrumb","itemListElement":[{"@type":"ListItem","position":1,"name":"Home","item":"https:\/\/dev.tg4.ie\/en\/"},{"@type":"ListItem","position":2,"name":"Information","item":"https:\/\/dev.tg4.ie\/en\/information\/"},{"@type":"ListItem","position":3,"name":"Press","item":"https:\/\/dev.tg4.ie\/en\/information\/press\/"},{"@type":"ListItem","position":4,"name":"Press Releases","item":"https:\/\/dev.tg4.ie\/en\/information\/press\/press-releases\/"},{"@type":"ListItem","position":5,"name":"2021","item":"https:\/\/dev.tg4.ie\/en\/information\/press\/press-releases\/2021-2\/"},{"@type":"ListItem","position":6,"name":"Samhl\u00fa Cro\u00ed Cruthaitheach &#8211; a season of 12 art short-films to be released on the TG4 Player"}]},{"@type":"WebSite","@id":"https:\/\/dev.tg4.ie\/en\/#website","url":"https:\/\/dev.tg4.ie\/en\/","name":"TG4","description":"S\u00fail Eile","potentialAction":[{"@type":"SearchAction","target":{"@type":"EntryPoint","urlTemplate":"https:\/\/dev.tg4.ie\/en\/?s={search_term_string}"},"query-input":"required name=search_term_string"}],"inLanguage":"en-ie"}]}},"_links":{"self":[{"href":"https:\/\/dev.tg4.ie\/en\/wp-json\/wp\/v2\/pages\/115651"}],"collection":[{"href":"https:\/\/dev.tg4.ie\/en\/wp-json\/wp\/v2\/pages"}],"about":[{"href":"https:\/\/dev.tg4.ie\/en\/wp-json\/wp\/v2\/types\/page"}],"author":[{"embeddable":true,"href":"https:\/\/dev.tg4.ie\/en\/wp-json\/wp\/v2\/users\/876"}],"replies":[{"embeddable":true,"href":"https:\/\/dev.tg4.ie\/en\/wp-json\/wp\/v2\/comments?post=115651"}],"version-history":[{"count":0,"href":"https:\/\/dev.tg4.ie\/en\/wp-json\/wp\/v2\/pages\/115651\/revisions"}],"up":[{"embeddable":true,"href":"https:\/\/dev.tg4.ie\/en\/wp-json\/wp\/v2\/pages\/115587"}],"wp:attachment":[{"href":"https:\/\/dev.tg4.ie\/en\/wp-json\/wp\/v2\/media?parent=115651"}],"curies":[{"name":"wp","href":"https:\/\/api.w.org\/{rel}","templated":true}]}}