{"id":115663,"date":"2021-01-08T15:07:02","date_gmt":"2021-01-08T15:07:02","guid":{"rendered":"https:\/\/dev.tg4.ie\/?page_id=115663"},"modified":"2021-01-26T10:29:03","modified_gmt":"2021-01-26T10:29:03","slug":"award-winning-documentary-series-finne-returns-to-tg4-next-week","status":"publish","type":"page","link":"https:\/\/dev.tg4.ie\/en\/information\/press\/press-releases\/2021-2\/award-winning-documentary-series-finne-returns-to-tg4-next-week\/","title":{"rendered":"Award-winning documentary series &#8216;Finn\u00e9&#8217; returns to TG4 next week"},"content":{"rendered":"<p><a href=\"https:\/\/tg4-docs.s3.amazonaws.com\/tg4-redesign-2015\/wp-content\/uploads\/2021\/01\/Orla_O_Donnell_Finne_1_1920x1080.jpg\"><img loading=\"lazy\" decoding=\"async\" width=\"1920\" height=\"1080\" src=\"https:\/\/tg4-docs.s3.amazonaws.com\/tg4-redesign-2015\/wp-content\/uploads\/2021\/01\/Orla_O_Donnell_Finne_1_1920x1080.jpg\" alt=\"\" class=\"alignnone size-full wp-image-115656\" srcset=\"https:\/\/tg4-docs.s3.amazonaws.com\/tg4-redesign-2015\/wp-content\/uploads\/2021\/01\/Orla_O_Donnell_Finne_1_1920x1080.jpg 1920w, https:\/\/tg4-docs.s3.amazonaws.com\/tg4-redesign-2015\/wp-content\/uploads\/2021\/01\/Orla_O_Donnell_Finne_1_1920x1080-250x141.jpg 250w, https:\/\/tg4-docs.s3.amazonaws.com\/tg4-redesign-2015\/wp-content\/uploads\/2021\/01\/Orla_O_Donnell_Finne_1_1920x1080-700x394.jpg 700w, https:\/\/tg4-docs.s3.amazonaws.com\/tg4-redesign-2015\/wp-content\/uploads\/2021\/01\/Orla_O_Donnell_Finne_1_1920x1080-252x141.jpg 252w, https:\/\/tg4-docs.s3.amazonaws.com\/tg4-redesign-2015\/wp-content\/uploads\/2021\/01\/Orla_O_Donnell_Finne_1_1920x1080-1536x864.jpg 1536w, https:\/\/tg4-docs.s3.amazonaws.com\/tg4-redesign-2015\/wp-content\/uploads\/2021\/01\/Orla_O_Donnell_Finne_1_1920x1080-120x68.jpg 120w\" sizes=\"(max-width: 1920px) 100vw, 1920px\" \/><\/a><br \/>\n&nbsp;<\/p>\n<p>Award-winning documentary series, <strong>Finn\u00e9<\/strong> returns to TG4 screens for a third series exploring the personal testimony of those who have lived through trying times. Here, they tell their stories from the inside out.<br \/>\n &nbsp;<br \/>\nProduced by Aisling Ni Fhlaitheartha for Galway\u2019s Tua Films alongside series producer and originator Paddy Hayes and presented by RTE\u2019s courts correspondent, Orla O\u2019Donnell, Finn\u00e9 is a jaw-dropping, Netflix-inspired documentary series shining a light into the darkest corners of Irish society. Through riveting first person testimony, Finn\u00e9 recounts intimate stories of triumphs and traumas, of Davids and Goliaths, of dogged resilience and human frailties. Season 1 was awarded the Human Rights award at the prestigious Justice Media Awards in 2019.<br \/>\n&nbsp;<br \/>\nThis 6 x 60-minute original production promises a gripping and rare insight into these high-profile stories as told through the eyes of those still bearing the scars and living with the consequences. It reinforces TG4\u2019s reputation for fresh, bold programming featuring extraordinary Irish stories.<\/p>\n<p>TG4 is renowned for its documentaries and Season 3 of Finn\u00e9 will not disappoint. Powerful storytelling forms the backbone of TG4\u2019s varied and compelling documentaries airing Wednesdays at 9.30pm.<br \/>\n&nbsp;<br \/>\n&nbsp;<\/p>\n<p><em>These are the witnesses, and these are their stories:<\/em><br \/>\n&nbsp;<br \/>\n<strong>Programme 1: Dr. Andrew Rynne<\/strong><\/p>\n<div style=\"position: relative; overflow: auto; width: 100%; padding-bottom: 56.25%;\"><iframe loading=\"lazy\" src=\"https:\/\/www.youtube.com\/embed\/cPRYlzpK75k\" width=\"100%\" height=\"100%\" frameborder=\"0\" scrolling=\"no\" allowFullscreen=\"true\" style=\"position: absolute; top: 0px; display: block;\"><\/iframe><\/div>\n<p>&nbsp;<br \/>\nDr. Andrew Rynne was Ireland\u2019s first vasectomy doctor, a pioneering contraceptive rights campaigner during the 1970s and 1980s and founder of Clane General Hospital in Co. Kildare. In 1979, when condoms were permitted to be sold to married couples only, Dr Rynne vowed to expose the absurdity of the law by issuing contraceptive prescriptions to non-married couples. When he himself brought this to the attention of the Garda\u00ed, he was duly fined \u00a3500 in Naas District Court. In this engaging and often hilarious documentary, Rynne recalls his battle against the prevailing hypocrisy of the time and also his bizarre encounter with a disgruntled patient who tried to shoot him in the testicles with a shotgun while he was working in his surgery in 1990.<br \/>\n&nbsp;<br \/>\n&nbsp; <\/p>\n<p><strong>Programme 2: Liam \u00d3 Maolaodha<\/strong><\/p>\n<div style=\"position: relative; overflow: auto; width: 100%; padding-bottom: 56.25%;\"><iframe loading=\"lazy\" src=\"https:\/\/www.youtube.com\/embed\/Fk3WfzuB_ag\" width=\"100%\" height=\"100%\" frameborder=\"0\" scrolling=\"no\" allowFullscreen=\"true\" style=\"position: absolute; top: 0px; display: block;\"><\/iframe><\/div>\n<p>&nbsp;<br \/>\nLiam \u00d3 Maolaodha is the director of the Irish language cultural festival Oireachtas na Gaeilge since 1996. A Clondalkin native, he attended Col\u00e1iste Chr\u00f3n\u00e1in where he was taught by Domhnall \u00d3 Lubhla\u00ed, a hero of Ireland\u2019s Irish language movement and founder of Col\u00e1iste na bhFiann. \u00d3 Lubhla\u00ed would frequently bring the teenage Liam on trips to the Conamara Gaeltacht in Ros Muc, but he had an ulterior motive. Along with many other boys, Liam was groomed and abused by his teacher, and silenced by the shame brought on by the events. It was only with the death of \u00d3 Lubhla\u00ed in 2013 that Liam found the courage to speak publicly about the abuse he suffered at the hands of \u2018Ireland\u2019s Jimmy Saville\u2019.<br \/>\n&nbsp;<br \/>\n&nbsp;<\/p>\n<p><strong>Programme 3: Brian Pennie<\/strong><\/p>\n<div style=\"position: relative; overflow: auto; width: 100%; padding-bottom: 56.25%;\"><iframe loading=\"lazy\" src=\"https:\/\/www.youtube.com\/embed\/392JdwQZoBg\" width=\"100%\" height=\"100%\" frameborder=\"0\" scrolling=\"no\" allowFullscreen=\"true\" style=\"position: absolute; top: 0px; display: block;\"><\/iframe><\/div>\n<p>&nbsp;<br \/>\nBrian Pennie grew up in Ladyswell on Dublin\u2019s north side where he witnessed alcohol and drug abuse as a teen, and after his first experience with heroin he knew he was hooked at the age of 17. In this episode of Finn\u00e9, Brian gives us a searing insight into the thought processes of an addict and offers a stark illustration of the devastation wrought on his family and loved ones. Now a neuroscience lecturer and Ted Talker, Brian walks us through his inspirational journey to recovery telling us that \u2018sobriety is not the opposite of addiction, connection is\u2019.<br \/>\n&nbsp;<br \/>\n&nbsp;<\/p>\n<p><strong>Programme 4: Sin\u00e9ad O&#8217;Leary<\/strong> <\/p>\n<p>On a fateful night in April 2002, Sin\u00e9ad O\u2019Leary (19) had her world turned upside down when she and her friend, Nichola Sweeney (20) were viscously assaulted in an unprovoked attack by Peter Whelan at Nichola\u2019s home in Rochestown, Cork when they were in their late teens. Sadly Nichola lost her life that night and Sin\u00e9ad was left with serious injuries after being stabbed 20 times in this random act of violence. In this episode, Sin\u00e9ad recalls the harrowing events of that night and her efforts to come to terms with her PTSD, efforts not helped by her unending battle to prevent her assailant being released on parole to her native Cork.<br \/>\n&nbsp;<br \/>\n&nbsp;<\/p>\n<p><strong>Programme 5: Kenneth Egan<\/strong><\/p>\n<p>Although many of us are familiar with the story of the Clondalkin-born boxer who took home a silver medal from the Beijing Olympics in 2008, we are less familiar with his subsequent battle with severe alcoholism. In this candid account of his life\u2019s escapades, we gain a striking insight into the highs of sport, but also a searing understanding of the worst degrees of his alcohol abuse that spiralled out of control after his victory.<br \/>\n&nbsp;<br \/>\n&nbsp;<\/p>\n<p><strong>Programme 6: Stevo Timothy<\/strong><\/p>\n<p>Galway comedian Stevo Timothy (aka Farmer Michael) often refers to mental health issues in his stage shows and online sketches, sketches which have now racked millions of views online. His Farmer Michael persona brings laughter to many of his young followers, but this persona masks an underlying anxiety from which Stevo has suffered all his life. In this documentary, Stevo explores his panic attacks, depression and alcohol abuse with candour, and also chronicles his drink driving escapade in 2005 which caused the death of his friend John Laffey, and left him paralysed from the waist down.<br \/>\n&nbsp;<br \/>\n&nbsp;<br \/>\nFinn\u00e9 begins on Wednesday 13th January @ 9.30pm for 6 weeks on TG4.<br \/>\n&nbsp;<br \/>\n&nbsp;<\/p>\n","protected":false},"excerpt":{"rendered":"<p>&nbsp; Award-winning documentary series, Finn\u00e9 returns to TG4 screens for a third series exploring the personal testimony of those who have lived through trying times. Here, they tell their stories from the inside out. &nbsp; Produced by Aisling Ni Fhlaitheartha for Galway\u2019s Tua Films alongside series producer and originator Paddy Hayes and presented by RTE\u2019s [&hellip;]<\/p>\n","protected":false},"author":876,"featured_media":0,"parent":115587,"menu_order":3,"comment_status":"closed","ping_status":"closed","template":"page-templates\/template-pr.php","meta":{"_acf_changed":false,"footnotes":""},"acf":[],"yoast_head":"<!-- This site is optimized with the Yoast SEO plugin v22.6 - https:\/\/yoast.com\/wordpress\/plugins\/seo\/ -->\n<title>Award-winning documentary series &#039;Finn\u00e9&#039; returns to TG4 next week | Press Release | TG4<\/title>\n<meta name=\"robots\" content=\"index, follow, max-snippet:-1, max-image-preview:large, max-video-preview:-1\" \/>\n<meta property=\"og:locale\" content=\"en_US\" \/>\n<meta property=\"og:type\" content=\"article\" \/>\n<meta property=\"og:title\" content=\"Award-winning documentary series &#039;Finn\u00e9&#039; returns to TG4 next week | Press Release | TG4\" \/>\n<meta property=\"og:description\" content=\"&nbsp; Award-winning documentary series, Finn\u00e9 returns to TG4 screens for a third series exploring the personal testimony of those who have lived through trying times. Here, they tell their stories from the inside out. &nbsp; Produced by Aisling Ni Fhlaitheartha for Galway\u2019s Tua Films alongside series producer and originator Paddy Hayes and presented by RTE\u2019s [&hellip;]\" \/>\n<meta property=\"og:url\" content=\"https:\/\/dev.tg4.ie\/en\/information\/press\/press-releases\/2021-2\/award-winning-documentary-series-finne-returns-to-tg4-next-week\/\" \/>\n<meta property=\"og:site_name\" content=\"TG4\" \/>\n<meta property=\"article:publisher\" content=\"https:\/\/www.facebook.com\/TG4TV\" \/>\n<meta property=\"article:modified_time\" content=\"2021-01-26T10:29:03+00:00\" \/>\n<meta property=\"og:image\" content=\"https:\/\/tg4-docs.s3.amazonaws.com\/tg4-redesign-2015\/wp-content\/uploads\/2021\/01\/Orla_O_Donnell_Finne_1_1920x1080.jpg\" \/>\n\t<meta property=\"og:image:width\" content=\"1920\" \/>\n\t<meta property=\"og:image:height\" content=\"1080\" \/>\n\t<meta property=\"og:image:type\" content=\"image\/jpeg\" \/>\n<meta name=\"twitter:card\" content=\"summary_large_image\" \/>\n<meta name=\"twitter:image\" content=\"https:\/\/tg4-docs.s3.amazonaws.com\/tg4-redesign-2015\/wp-content\/uploads\/2021\/01\/Orla_O_Donnell_Finne_1_1920x1080.jpg\" \/>\n<meta name=\"twitter:site\" content=\"@TG4TV\" \/>\n<meta name=\"twitter:label1\" content=\"Est. reading time\" \/>\n\t<meta name=\"twitter:data1\" content=\"4 minutes\" \/>\n<script type=\"application\/ld+json\" class=\"yoast-schema-graph\">{\"@context\":\"https:\/\/schema.org\",\"@graph\":[{\"@type\":\"WebPage\",\"@id\":\"https:\/\/dev.tg4.ie\/en\/information\/press\/press-releases\/2021-2\/award-winning-documentary-series-finne-returns-to-tg4-next-week\/\",\"url\":\"https:\/\/dev.tg4.ie\/en\/information\/press\/press-releases\/2021-2\/award-winning-documentary-series-finne-returns-to-tg4-next-week\/\",\"name\":\"Award-winning documentary series 'Finn\u00e9' returns to TG4 next week | Press Release | TG4\",\"isPartOf\":{\"@id\":\"https:\/\/dev.tg4.ie\/en\/#website\"},\"primaryImageOfPage\":{\"@id\":\"https:\/\/dev.tg4.ie\/en\/information\/press\/press-releases\/2021-2\/award-winning-documentary-series-finne-returns-to-tg4-next-week\/#primaryimage\"},\"image\":{\"@id\":\"https:\/\/dev.tg4.ie\/en\/information\/press\/press-releases\/2021-2\/award-winning-documentary-series-finne-returns-to-tg4-next-week\/#primaryimage\"},\"thumbnailUrl\":\"https:\/\/dev.tg4.ie\/wp-content\/uploads\/2021\/01\/Orla_O_Donnell_Finne_1_1920x1080.jpg\",\"datePublished\":\"2021-01-08T15:07:02+00:00\",\"dateModified\":\"2021-01-26T10:29:03+00:00\",\"breadcrumb\":{\"@id\":\"https:\/\/dev.tg4.ie\/en\/information\/press\/press-releases\/2021-2\/award-winning-documentary-series-finne-returns-to-tg4-next-week\/#breadcrumb\"},\"inLanguage\":\"en-ie\",\"potentialAction\":[{\"@type\":\"ReadAction\",\"target\":[\"https:\/\/dev.tg4.ie\/en\/information\/press\/press-releases\/2021-2\/award-winning-documentary-series-finne-returns-to-tg4-next-week\/\"]}]},{\"@type\":\"ImageObject\",\"inLanguage\":\"en-ie\",\"@id\":\"https:\/\/dev.tg4.ie\/en\/information\/press\/press-releases\/2021-2\/award-winning-documentary-series-finne-returns-to-tg4-next-week\/#primaryimage\",\"url\":\"https:\/\/dev.tg4.ie\/wp-content\/uploads\/2021\/01\/Orla_O_Donnell_Finne_1_1920x1080.jpg\",\"contentUrl\":\"https:\/\/dev.tg4.ie\/wp-content\/uploads\/2021\/01\/Orla_O_Donnell_Finne_1_1920x1080.jpg\"},{\"@type\":\"BreadcrumbList\",\"@id\":\"https:\/\/dev.tg4.ie\/en\/information\/press\/press-releases\/2021-2\/award-winning-documentary-series-finne-returns-to-tg4-next-week\/#breadcrumb\",\"itemListElement\":[{\"@type\":\"ListItem\",\"position\":1,\"name\":\"Home\",\"item\":\"https:\/\/dev.tg4.ie\/en\/\"},{\"@type\":\"ListItem\",\"position\":2,\"name\":\"Information\",\"item\":\"https:\/\/dev.tg4.ie\/en\/information\/\"},{\"@type\":\"ListItem\",\"position\":3,\"name\":\"Press\",\"item\":\"https:\/\/dev.tg4.ie\/en\/information\/press\/\"},{\"@type\":\"ListItem\",\"position\":4,\"name\":\"Press Releases\",\"item\":\"https:\/\/dev.tg4.ie\/en\/information\/press\/press-releases\/\"},{\"@type\":\"ListItem\",\"position\":5,\"name\":\"2021\",\"item\":\"https:\/\/dev.tg4.ie\/en\/information\/press\/press-releases\/2021-2\/\"},{\"@type\":\"ListItem\",\"position\":6,\"name\":\"Award-winning documentary series &#8216;Finn\u00e9&#8217; returns to TG4 next week\"}]},{\"@type\":\"WebSite\",\"@id\":\"https:\/\/dev.tg4.ie\/en\/#website\",\"url\":\"https:\/\/dev.tg4.ie\/en\/\",\"name\":\"TG4\",\"description\":\"S\u00fail Eile\",\"potentialAction\":[{\"@type\":\"SearchAction\",\"target\":{\"@type\":\"EntryPoint\",\"urlTemplate\":\"https:\/\/dev.tg4.ie\/en\/?s={search_term_string}\"},\"query-input\":\"required name=search_term_string\"}],\"inLanguage\":\"en-ie\"}]}<\/script>\n<!-- \/ Yoast SEO plugin. -->","yoast_head_json":{"title":"Award-winning documentary series 'Finn\u00e9' returns to TG4 next week | Press Release | TG4","robots":{"index":"index","follow":"follow","max-snippet":"max-snippet:-1","max-image-preview":"max-image-preview:large","max-video-preview":"max-video-preview:-1"},"og_locale":"en_US","og_type":"article","og_title":"Award-winning documentary series 'Finn\u00e9' returns to TG4 next week | Press Release | TG4","og_description":"&nbsp; Award-winning documentary series, Finn\u00e9 returns to TG4 screens for a third series exploring the personal testimony of those who have lived through trying times. Here, they tell their stories from the inside out. &nbsp; Produced by Aisling Ni Fhlaitheartha for Galway\u2019s Tua Films alongside series producer and originator Paddy Hayes and presented by RTE\u2019s [&hellip;]","og_url":"https:\/\/dev.tg4.ie\/en\/information\/press\/press-releases\/2021-2\/award-winning-documentary-series-finne-returns-to-tg4-next-week\/","og_site_name":"TG4","article_publisher":"https:\/\/www.facebook.com\/TG4TV","article_modified_time":"2021-01-26T10:29:03+00:00","og_image":[{"width":1920,"height":1080,"url":"https:\/\/tg4-docs.s3.amazonaws.com\/tg4-redesign-2015\/wp-content\/uploads\/2021\/01\/Orla_O_Donnell_Finne_1_1920x1080.jpg","type":"image\/jpeg"}],"twitter_card":"summary_large_image","twitter_image":"https:\/\/tg4-docs.s3.amazonaws.com\/tg4-redesign-2015\/wp-content\/uploads\/2021\/01\/Orla_O_Donnell_Finne_1_1920x1080.jpg","twitter_site":"@TG4TV","twitter_misc":{"Est. reading time":"4 minutes"},"schema":{"@context":"https:\/\/schema.org","@graph":[{"@type":"WebPage","@id":"https:\/\/dev.tg4.ie\/en\/information\/press\/press-releases\/2021-2\/award-winning-documentary-series-finne-returns-to-tg4-next-week\/","url":"https:\/\/dev.tg4.ie\/en\/information\/press\/press-releases\/2021-2\/award-winning-documentary-series-finne-returns-to-tg4-next-week\/","name":"Award-winning documentary series 'Finn\u00e9' returns to TG4 next week | Press Release | TG4","isPartOf":{"@id":"https:\/\/dev.tg4.ie\/en\/#website"},"primaryImageOfPage":{"@id":"https:\/\/dev.tg4.ie\/en\/information\/press\/press-releases\/2021-2\/award-winning-documentary-series-finne-returns-to-tg4-next-week\/#primaryimage"},"image":{"@id":"https:\/\/dev.tg4.ie\/en\/information\/press\/press-releases\/2021-2\/award-winning-documentary-series-finne-returns-to-tg4-next-week\/#primaryimage"},"thumbnailUrl":"https:\/\/dev.tg4.ie\/wp-content\/uploads\/2021\/01\/Orla_O_Donnell_Finne_1_1920x1080.jpg","datePublished":"2021-01-08T15:07:02+00:00","dateModified":"2021-01-26T10:29:03+00:00","breadcrumb":{"@id":"https:\/\/dev.tg4.ie\/en\/information\/press\/press-releases\/2021-2\/award-winning-documentary-series-finne-returns-to-tg4-next-week\/#breadcrumb"},"inLanguage":"en-ie","potentialAction":[{"@type":"ReadAction","target":["https:\/\/dev.tg4.ie\/en\/information\/press\/press-releases\/2021-2\/award-winning-documentary-series-finne-returns-to-tg4-next-week\/"]}]},{"@type":"ImageObject","inLanguage":"en-ie","@id":"https:\/\/dev.tg4.ie\/en\/information\/press\/press-releases\/2021-2\/award-winning-documentary-series-finne-returns-to-tg4-next-week\/#primaryimage","url":"https:\/\/dev.tg4.ie\/wp-content\/uploads\/2021\/01\/Orla_O_Donnell_Finne_1_1920x1080.jpg","contentUrl":"https:\/\/dev.tg4.ie\/wp-content\/uploads\/2021\/01\/Orla_O_Donnell_Finne_1_1920x1080.jpg"},{"@type":"BreadcrumbList","@id":"https:\/\/dev.tg4.ie\/en\/information\/press\/press-releases\/2021-2\/award-winning-documentary-series-finne-returns-to-tg4-next-week\/#breadcrumb","itemListElement":[{"@type":"ListItem","position":1,"name":"Home","item":"https:\/\/dev.tg4.ie\/en\/"},{"@type":"ListItem","position":2,"name":"Information","item":"https:\/\/dev.tg4.ie\/en\/information\/"},{"@type":"ListItem","position":3,"name":"Press","item":"https:\/\/dev.tg4.ie\/en\/information\/press\/"},{"@type":"ListItem","position":4,"name":"Press Releases","item":"https:\/\/dev.tg4.ie\/en\/information\/press\/press-releases\/"},{"@type":"ListItem","position":5,"name":"2021","item":"https:\/\/dev.tg4.ie\/en\/information\/press\/press-releases\/2021-2\/"},{"@type":"ListItem","position":6,"name":"Award-winning documentary series &#8216;Finn\u00e9&#8217; returns to TG4 next week"}]},{"@type":"WebSite","@id":"https:\/\/dev.tg4.ie\/en\/#website","url":"https:\/\/dev.tg4.ie\/en\/","name":"TG4","description":"S\u00fail Eile","potentialAction":[{"@type":"SearchAction","target":{"@type":"EntryPoint","urlTemplate":"https:\/\/dev.tg4.ie\/en\/?s={search_term_string}"},"query-input":"required name=search_term_string"}],"inLanguage":"en-ie"}]}},"_links":{"self":[{"href":"https:\/\/dev.tg4.ie\/en\/wp-json\/wp\/v2\/pages\/115663"}],"collection":[{"href":"https:\/\/dev.tg4.ie\/en\/wp-json\/wp\/v2\/pages"}],"about":[{"href":"https:\/\/dev.tg4.ie\/en\/wp-json\/wp\/v2\/types\/page"}],"author":[{"embeddable":true,"href":"https:\/\/dev.tg4.ie\/en\/wp-json\/wp\/v2\/users\/876"}],"replies":[{"embeddable":true,"href":"https:\/\/dev.tg4.ie\/en\/wp-json\/wp\/v2\/comments?post=115663"}],"version-history":[{"count":0,"href":"https:\/\/dev.tg4.ie\/en\/wp-json\/wp\/v2\/pages\/115663\/revisions"}],"up":[{"embeddable":true,"href":"https:\/\/dev.tg4.ie\/en\/wp-json\/wp\/v2\/pages\/115587"}],"wp:attachment":[{"href":"https:\/\/dev.tg4.ie\/en\/wp-json\/wp\/v2\/media?parent=115663"}],"curies":[{"name":"wp","href":"https:\/\/api.w.org\/{rel}","templated":true}]}}